{"id":150822,"date":"2025-03-28T15:19:11","date_gmt":"2025-03-28T14:19:11","guid":{"rendered":"https:\/\/kortleksbolaget.se\/produkt\/bicycle-popeye-the-sailor-man-limited-edition\/"},"modified":"2025-07-16T19:46:02","modified_gmt":"2025-07-16T17:46:02","slug":"bicycle-popeye-the-sailor-man-limited-edition","status":"publish","type":"product","link":"https:\/\/kortleksbolaget.se\/fi\/tuote\/bicycle-popeye-the-sailor-man-limited-edition\/","title":{"rendered":"Bicycle Popeye The Sailor Man Limited Edition"},"content":{"rendered":"","protected":false},"excerpt":{"rendered":"<p class=\"tw-data-text tw-text-large tw-ta\" dir=\"ltr\" data-placeholder=\"\u00d6vers\u00e4ttning\" data-ved=\"2ahUKEwiwyM-LlKGMAxWJHhAIHf2UNPYQ3ewLegQICBAU\" aria-label=\"\u00d6versatt text: En EXKLUSIV kortlek f\u00f6r samlarobjekt! Allas favoritspenatslukande starke man fyller 95 \u00e5r! Fira med cykeln Popeye The Sailor Man Playing Cards. \u00d6ppna en burk spenat, bjud in v\u00e4nner och familj och sl\u00e4pp l\u00f6s kraften i n\u00f6je och nostalgi n\u00e4r du bjuder in Popeye och v\u00e4nner till din n\u00e4sta speltr\u00e4ff. Tryckt av The United States Playing Card Company Officiellt licensierad - begr\u00e4nsad upplaga 100 % anpassad kortlek Luftkudde finish S\u00e4rskild 95 \u00e5r stark d\u00e4ckst\u00e4tning Pr\u00e4glat tuckfodral Popeye tryck inuti tuck fodral Dubbla bakgaffelkort\"><span class=\"Y2IQFc\" lang=\"sv\"><b>A Collectible Playing Card EXCLUSIVE Deck! <\/b><\/p>\n<p>Everyone&#8217;s favorite spinach-guzzling strong man is turning 95! Celebrate with the <b>Bicycle Popeye The Sailor Man Playing Cards. <\/b><\/p>\n<p>Open a can of spinach, invite friends and family, and unleash the power of fun and nostalgia as you invite Popeye and friends to your next game time get-together.<\/span><\/p>\n<ul>\n<li>Printed by The United States Playing Card Company<\/li>\n<li>Officially licensed &#8211; limited edition<\/li>\n<li>100% custom playing cards deck<\/li>\n<li>Air-cushion finish<\/li>\n<li>Special 95 years strong deck seal<\/li>\n<li>Embossed tuck case<\/li>\n<li>Popeye print inside tuck case<\/li>\n<li>Double back gaff card<\/li>\n<\/ul>\n<p id=\"tw-target-text\" class=\"tw-data-text tw-text-large tw-ta\" dir=\"ltr\" data-placeholder=\"\u00d6vers\u00e4ttning\" data-ved=\"2ahUKEwiwyM-LlKGMAxWJHhAIHf2UNPYQ3ewLegQICBAU\" aria-label=\"\u00d6versatt text: En EXKLUSIV kortlek f\u00f6r samlarobjekt! Allas favoritspenatslukande starke man fyller 95 \u00e5r! Fira med cykeln Popeye The Sailor Man Playing Cards. \u00d6ppna en burk spenat, bjud in v\u00e4nner och familj och sl\u00e4pp l\u00f6s kraften i n\u00f6je och nostalgi n\u00e4r du bjuder in Popeye och v\u00e4nner till din n\u00e4sta speltr\u00e4ff. Tryckt av The United States Playing Card Company Officiellt licensierad - begr\u00e4nsad upplaga 100 % anpassad kortlek Luftkudde finish S\u00e4rskild 95 \u00e5r stark d\u00e4ckst\u00e4tning Pr\u00e4glat tuckfodral Popeye tryck inuti tuck fodral Dubbla bakgaffelkort\"><span class=\"Y2IQFc\" lang=\"sv\">\u00a0<\/span><\/p>\n<p> [&#8230;]<\/p>\n<p><a class=\"btn btn-secondary understrap-read-more-link\" href=\"https:\/\/kortleksbolaget.se\/fi\/tuote\/bicycle-popeye-the-sailor-man-limited-edition\/\">Lue lis\u00e4\u00e4&#8230;<span class=\"screen-reader-text\"> from Bicycle Popeye The Sailor Man Limited Edition<\/span><\/a><\/p>\n","protected":false},"featured_media":150813,"template":"","meta":{"_acf_changed":false},"product_brand":[],"product_cat":[130],"product_tag":[],"class_list":{"0":"post-150822","1":"product","2":"type-product","3":"status-publish","4":"has-post-thumbnail","6":"varumarke-bicycle-fi","7":"varumarke-uspcc-fi","8":"product_cat-special-lyx-limited-fi","10":"first","11":"outofstock","12":"taxable","13":"shipping-taxable","14":"purchasable","15":"product-type-simple"},"acf":[],"yoast_head":"<!-- This site is optimized with the Yoast SEO plugin v26.3 - https:\/\/yoast.com\/wordpress\/plugins\/seo\/ -->\n<title>Kortlek Bicycle Popeye The Sailor Man Limited Edition | Kortleksbolaget<\/title>\n<meta name=\"description\" content=\"K\u00f6p Bicycle Popeye The Sailor Man Limited Edition. Snabba leveranser &amp; bra priser. Sveriges st\u00f6rsta sortiment av kortlekar p\u00e5 Kortleksbolaget!\" \/>\n<meta name=\"robots\" content=\"index, follow, max-snippet:-1, max-image-preview:large, max-video-preview:-1\" \/>\n<link rel=\"canonical\" href=\"https:\/\/kortleksbolaget.se\/fi\/tuote\/bicycle-popeye-the-sailor-man-limited-edition\/\" \/>\n<meta property=\"og:locale\" content=\"fi_FI\" \/>\n<meta property=\"og:type\" content=\"article\" \/>\n<meta property=\"og:title\" content=\"Kortlek Bicycle Popeye The Sailor Man Limited Edition | Kortleksbolaget\" \/>\n<meta property=\"og:description\" content=\"K\u00f6p Bicycle Popeye The Sailor Man Limited Edition. Snabba leveranser &amp; bra priser. Sveriges st\u00f6rsta sortiment av kortlekar p\u00e5 Kortleksbolaget!\" \/>\n<meta property=\"og:url\" content=\"https:\/\/kortleksbolaget.se\/fi\/tuote\/bicycle-popeye-the-sailor-man-limited-edition\/\" \/>\n<meta property=\"og:site_name\" content=\"Kortleksbolaget\" \/>\n<meta property=\"article:modified_time\" content=\"2025-07-16T17:46:02+00:00\" \/>\n<meta property=\"og:image\" content=\"https:\/\/kortleksbolaget.se\/wp-content\/uploads\/popeye-kortlek-bicycle.jpg\" \/>\n\t<meta property=\"og:image:width\" content=\"446\" \/>\n\t<meta property=\"og:image:height\" content=\"670\" \/>\n\t<meta property=\"og:image:type\" content=\"image\/jpeg\" \/>\n<meta name=\"twitter:card\" content=\"summary_large_image\" \/>\n<script type=\"application\/ld+json\" class=\"yoast-schema-graph\">{\"@context\":\"https:\/\/schema.org\",\"@graph\":[{\"@type\":\"WebPage\",\"@id\":\"https:\/\/kortleksbolaget.se\/fi\/tuote\/bicycle-popeye-the-sailor-man-limited-edition\/\",\"url\":\"https:\/\/kortleksbolaget.se\/fi\/tuote\/bicycle-popeye-the-sailor-man-limited-edition\/\",\"name\":\"Kortlek Bicycle Popeye The Sailor Man Limited Edition | Kortleksbolaget\",\"isPartOf\":{\"@id\":\"https:\/\/kortleksbolaget.se\/fi\/#website\"},\"primaryImageOfPage\":{\"@id\":\"https:\/\/kortleksbolaget.se\/fi\/tuote\/bicycle-popeye-the-sailor-man-limited-edition\/#primaryimage\"},\"image\":{\"@id\":\"https:\/\/kortleksbolaget.se\/fi\/tuote\/bicycle-popeye-the-sailor-man-limited-edition\/#primaryimage\"},\"thumbnailUrl\":\"https:\/\/kortleksbolaget.se\/wp-content\/uploads\/popeye-kortlek-bicycle.jpg\",\"datePublished\":\"2025-03-28T14:19:11+00:00\",\"dateModified\":\"2025-07-16T17:46:02+00:00\",\"description\":\"K\u00f6p Bicycle Popeye The Sailor Man Limited Edition. Snabba leveranser & bra priser. Sveriges st\u00f6rsta sortiment av kortlekar p\u00e5 Kortleksbolaget!\",\"breadcrumb\":{\"@id\":\"https:\/\/kortleksbolaget.se\/fi\/tuote\/bicycle-popeye-the-sailor-man-limited-edition\/#breadcrumb\"},\"inLanguage\":\"fi\",\"potentialAction\":[{\"@type\":\"ReadAction\",\"target\":[\"https:\/\/kortleksbolaget.se\/fi\/tuote\/bicycle-popeye-the-sailor-man-limited-edition\/\"]}]},{\"@type\":\"ImageObject\",\"inLanguage\":\"fi\",\"@id\":\"https:\/\/kortleksbolaget.se\/fi\/tuote\/bicycle-popeye-the-sailor-man-limited-edition\/#primaryimage\",\"url\":\"https:\/\/kortleksbolaget.se\/wp-content\/uploads\/popeye-kortlek-bicycle.jpg\",\"contentUrl\":\"https:\/\/kortleksbolaget.se\/wp-content\/uploads\/popeye-kortlek-bicycle.jpg\",\"width\":446,\"height\":670},{\"@type\":\"BreadcrumbList\",\"@id\":\"https:\/\/kortleksbolaget.se\/fi\/tuote\/bicycle-popeye-the-sailor-man-limited-edition\/#breadcrumb\",\"itemListElement\":[{\"@type\":\"ListItem\",\"position\":1,\"name\":\"Hem\",\"item\":\"https:\/\/kortleksbolaget.se\/fi\/\"},{\"@type\":\"ListItem\",\"position\":2,\"name\":\"N\u00e4yt\u00e4 kaikki tuotteet\",\"item\":\"https:\/\/kortleksbolaget.se\/fi\/kaupassa\/\"},{\"@type\":\"ListItem\",\"position\":3,\"name\":\"Bicycle Popeye The Sailor Man Limited Edition\"}]},{\"@type\":\"WebSite\",\"@id\":\"https:\/\/kortleksbolaget.se\/fi\/#website\",\"url\":\"https:\/\/kortleksbolaget.se\/fi\/\",\"name\":\"Kortleksbolaget\",\"description\":\"Kortlekar p\u00e5 n\u00e4tet\",\"publisher\":{\"@id\":\"https:\/\/kortleksbolaget.se\/fi\/#organization\"},\"potentialAction\":[{\"@type\":\"SearchAction\",\"target\":{\"@type\":\"EntryPoint\",\"urlTemplate\":\"https:\/\/kortleksbolaget.se\/fi\/?s={search_term_string}\"},\"query-input\":{\"@type\":\"PropertyValueSpecification\",\"valueRequired\":true,\"valueName\":\"search_term_string\"}}],\"inLanguage\":\"fi\"},{\"@type\":\"Organization\",\"@id\":\"https:\/\/kortleksbolaget.se\/fi\/#organization\",\"name\":\"Kortleksbolaget\",\"url\":\"https:\/\/kortleksbolaget.se\/fi\/\",\"logo\":{\"@type\":\"ImageObject\",\"inLanguage\":\"fi\",\"@id\":\"https:\/\/kortleksbolaget.se\/fi\/#\/schema\/logo\/image\/\",\"url\":\"https:\/\/kortleksbolaget.se\/wp-content\/uploads\/kortleksbolaget_logo-svart.png\",\"contentUrl\":\"https:\/\/kortleksbolaget.se\/wp-content\/uploads\/kortleksbolaget_logo-svart.png\",\"width\":1200,\"height\":296,\"caption\":\"Kortleksbolaget\"},\"image\":{\"@id\":\"https:\/\/kortleksbolaget.se\/fi\/#\/schema\/logo\/image\/\"}}]}<\/script>\n<!-- \/ Yoast SEO plugin. -->","yoast_head_json":{"title":"Kortlek Bicycle Popeye The Sailor Man Limited Edition | Kortleksbolaget","description":"K\u00f6p Bicycle Popeye The Sailor Man Limited Edition. Snabba leveranser & bra priser. Sveriges st\u00f6rsta sortiment av kortlekar p\u00e5 Kortleksbolaget!","robots":{"index":"index","follow":"follow","max-snippet":"max-snippet:-1","max-image-preview":"max-image-preview:large","max-video-preview":"max-video-preview:-1"},"canonical":"https:\/\/kortleksbolaget.se\/fi\/tuote\/bicycle-popeye-the-sailor-man-limited-edition\/","og_locale":"fi_FI","og_type":"article","og_title":"Kortlek Bicycle Popeye The Sailor Man Limited Edition | Kortleksbolaget","og_description":"K\u00f6p Bicycle Popeye The Sailor Man Limited Edition. Snabba leveranser & bra priser. Sveriges st\u00f6rsta sortiment av kortlekar p\u00e5 Kortleksbolaget!","og_url":"https:\/\/kortleksbolaget.se\/fi\/tuote\/bicycle-popeye-the-sailor-man-limited-edition\/","og_site_name":"Kortleksbolaget","article_modified_time":"2025-07-16T17:46:02+00:00","og_image":[{"width":446,"height":670,"url":"https:\/\/kortleksbolaget.se\/wp-content\/uploads\/popeye-kortlek-bicycle.jpg","type":"image\/jpeg"}],"twitter_card":"summary_large_image","schema":{"@context":"https:\/\/schema.org","@graph":[{"@type":"WebPage","@id":"https:\/\/kortleksbolaget.se\/fi\/tuote\/bicycle-popeye-the-sailor-man-limited-edition\/","url":"https:\/\/kortleksbolaget.se\/fi\/tuote\/bicycle-popeye-the-sailor-man-limited-edition\/","name":"Kortlek Bicycle Popeye The Sailor Man Limited Edition | Kortleksbolaget","isPartOf":{"@id":"https:\/\/kortleksbolaget.se\/fi\/#website"},"primaryImageOfPage":{"@id":"https:\/\/kortleksbolaget.se\/fi\/tuote\/bicycle-popeye-the-sailor-man-limited-edition\/#primaryimage"},"image":{"@id":"https:\/\/kortleksbolaget.se\/fi\/tuote\/bicycle-popeye-the-sailor-man-limited-edition\/#primaryimage"},"thumbnailUrl":"https:\/\/kortleksbolaget.se\/wp-content\/uploads\/popeye-kortlek-bicycle.jpg","datePublished":"2025-03-28T14:19:11+00:00","dateModified":"2025-07-16T17:46:02+00:00","description":"K\u00f6p Bicycle Popeye The Sailor Man Limited Edition. Snabba leveranser & bra priser. Sveriges st\u00f6rsta sortiment av kortlekar p\u00e5 Kortleksbolaget!","breadcrumb":{"@id":"https:\/\/kortleksbolaget.se\/fi\/tuote\/bicycle-popeye-the-sailor-man-limited-edition\/#breadcrumb"},"inLanguage":"fi","potentialAction":[{"@type":"ReadAction","target":["https:\/\/kortleksbolaget.se\/fi\/tuote\/bicycle-popeye-the-sailor-man-limited-edition\/"]}]},{"@type":"ImageObject","inLanguage":"fi","@id":"https:\/\/kortleksbolaget.se\/fi\/tuote\/bicycle-popeye-the-sailor-man-limited-edition\/#primaryimage","url":"https:\/\/kortleksbolaget.se\/wp-content\/uploads\/popeye-kortlek-bicycle.jpg","contentUrl":"https:\/\/kortleksbolaget.se\/wp-content\/uploads\/popeye-kortlek-bicycle.jpg","width":446,"height":670},{"@type":"BreadcrumbList","@id":"https:\/\/kortleksbolaget.se\/fi\/tuote\/bicycle-popeye-the-sailor-man-limited-edition\/#breadcrumb","itemListElement":[{"@type":"ListItem","position":1,"name":"Hem","item":"https:\/\/kortleksbolaget.se\/fi\/"},{"@type":"ListItem","position":2,"name":"N\u00e4yt\u00e4 kaikki tuotteet","item":"https:\/\/kortleksbolaget.se\/fi\/kaupassa\/"},{"@type":"ListItem","position":3,"name":"Bicycle Popeye The Sailor Man Limited Edition"}]},{"@type":"WebSite","@id":"https:\/\/kortleksbolaget.se\/fi\/#website","url":"https:\/\/kortleksbolaget.se\/fi\/","name":"Kortleksbolaget","description":"Kortlekar p\u00e5 n\u00e4tet","publisher":{"@id":"https:\/\/kortleksbolaget.se\/fi\/#organization"},"potentialAction":[{"@type":"SearchAction","target":{"@type":"EntryPoint","urlTemplate":"https:\/\/kortleksbolaget.se\/fi\/?s={search_term_string}"},"query-input":{"@type":"PropertyValueSpecification","valueRequired":true,"valueName":"search_term_string"}}],"inLanguage":"fi"},{"@type":"Organization","@id":"https:\/\/kortleksbolaget.se\/fi\/#organization","name":"Kortleksbolaget","url":"https:\/\/kortleksbolaget.se\/fi\/","logo":{"@type":"ImageObject","inLanguage":"fi","@id":"https:\/\/kortleksbolaget.se\/fi\/#\/schema\/logo\/image\/","url":"https:\/\/kortleksbolaget.se\/wp-content\/uploads\/kortleksbolaget_logo-svart.png","contentUrl":"https:\/\/kortleksbolaget.se\/wp-content\/uploads\/kortleksbolaget_logo-svart.png","width":1200,"height":296,"caption":"Kortleksbolaget"},"image":{"@id":"https:\/\/kortleksbolaget.se\/fi\/#\/schema\/logo\/image\/"}}]}},"_links":{"self":[{"href":"https:\/\/kortleksbolaget.se\/fi\/wp-json\/wp\/v2\/product\/150822","targetHints":{"allow":["GET"]}}],"collection":[{"href":"https:\/\/kortleksbolaget.se\/fi\/wp-json\/wp\/v2\/product"}],"about":[{"href":"https:\/\/kortleksbolaget.se\/fi\/wp-json\/wp\/v2\/types\/product"}],"wp:featuredmedia":[{"embeddable":true,"href":"https:\/\/kortleksbolaget.se\/fi\/wp-json\/wp\/v2\/media\/150813"}],"wp:attachment":[{"href":"https:\/\/kortleksbolaget.se\/fi\/wp-json\/wp\/v2\/media?parent=150822"}],"wp:term":[{"taxonomy":"product_brand","embeddable":true,"href":"https:\/\/kortleksbolaget.se\/fi\/wp-json\/wp\/v2\/product_brand?post=150822"},{"taxonomy":"product_cat","embeddable":true,"href":"https:\/\/kortleksbolaget.se\/fi\/wp-json\/wp\/v2\/product_cat?post=150822"},{"taxonomy":"product_tag","embeddable":true,"href":"https:\/\/kortleksbolaget.se\/fi\/wp-json\/wp\/v2\/product_tag?post=150822"}],"curies":[{"name":"wp","href":"https:\/\/api.w.org\/{rel}","templated":true}]}}