{"id":153522,"date":"2025-07-30T00:07:22","date_gmt":"2025-07-29T22:07:22","guid":{"rendered":"https:\/\/kortleksbolaget.se\/produkt\/the-lord-of-the-rings-return-of-the-king-gilded\/"},"modified":"2025-07-30T00:07:22","modified_gmt":"2025-07-29T22:07:22","slug":"the-lord-of-the-rings-return-of-the-king-gilded","status":"publish","type":"product","link":"https:\/\/kortleksbolaget.se\/fi\/tuote\/the-lord-of-the-rings-return-of-the-king-gilded\/","title":{"rendered":"The Lord of the Rings &#8211; Return of the King Gilded"},"content":{"rendered":"","protected":false},"excerpt":{"rendered":"<p><span class=\"Y2IQFc\" lang=\"sv\">Officially licensed by Middle-earth Enterprises and produced by Kings Wild Project, this will conclude a trilogy of card decks based on the trilogy of <b>The Lord of the Rings <\/b> books.<\/p>\n<p>Continuing on the foundations set by both The Fellowship of the Ring\u2122 and The Two Towers\u2122 decks, <b>The Return of the King playing cards <\/b> are uniquely illustrated and designed with as much detail as possible to honor and uphold the mastery of Tolkien. We hope that fans worldwide will love seeing the story in a new way. This deck includes beloved characters including Aragorn and Arwen, Sam carrying Frodo, The King of the Dead, Denethor, Sauron, and many more. Each character from <b>The Return of the King <\/b> is lifted directly and faithfully from the text and brought to life in a whole new light.<\/p>\n<p>As in previous projects, there are two versions of the deck, a Foiled and Non- Foiled version, each available in Standard and Gilded editions. The foiled version of the decks features the same artwork as the non-foiled, but it is enhanced with foiling elements on both the backs and faces of each and every card. The Gilded editions of each version feature vibrant gilded edges on the cards.<\/p>\n<p><b>GILDED NON FOIL EDITION <\/b><\/p>\n<p>The <b>Gilded Non-Foiled Edition <\/b> features the same card artwork from the Standard Non-Foiled Edition, but features a Silver Gilding on the Edges of the cards and a black and gold tuck. <\/span> [&#8230;]<\/p>\n<p><a class=\"btn btn-secondary understrap-read-more-link\" href=\"https:\/\/kortleksbolaget.se\/fi\/tuote\/the-lord-of-the-rings-return-of-the-king-gilded\/\">Lue lis\u00e4\u00e4&#8230;<span class=\"screen-reader-text\"> from The Lord of the Rings &#8211; Return of the King Gilded<\/span><\/a><\/p>\n","protected":false},"featured_media":153513,"template":"","meta":{"_acf_changed":false},"product_brand":[],"product_cat":[130],"product_tag":[],"class_list":{"0":"post-153522","1":"product","2":"type-product","3":"status-publish","4":"has-post-thumbnail","6":"varumarke-kings-wild-project-fi","7":"product_cat-special-lyx-limited-fi","9":"first","10":"instock","11":"taxable","12":"shipping-taxable","13":"purchasable","14":"product-type-simple"},"acf":[],"yoast_head":"<!-- This site is optimized with the Yoast SEO plugin v26.3 - https:\/\/yoast.com\/wordpress\/plugins\/seo\/ -->\n<title>Kortlek The Lord of the Rings - Return of the King Gilded | Kortleksbolaget<\/title>\n<meta name=\"description\" content=\"K\u00f6p The Lord of the Rings - Return of the King Gilded. Snabba leveranser &amp; bra priser. Sveriges st\u00f6rsta sortiment av kortlekar p\u00e5 Kortleksbolaget!\" \/>\n<meta name=\"robots\" content=\"index, follow, max-snippet:-1, max-image-preview:large, max-video-preview:-1\" \/>\n<link rel=\"canonical\" href=\"https:\/\/kortleksbolaget.se\/fi\/tuote\/the-lord-of-the-rings-return-of-the-king-gilded\/\" \/>\n<meta property=\"og:locale\" content=\"fi_FI\" \/>\n<meta property=\"og:type\" content=\"article\" \/>\n<meta property=\"og:title\" content=\"Kortlek The Lord of the Rings - Return of the King Gilded | Kortleksbolaget\" \/>\n<meta property=\"og:description\" content=\"K\u00f6p The Lord of the Rings - Return of the King Gilded. Snabba leveranser &amp; bra priser. Sveriges st\u00f6rsta sortiment av kortlekar p\u00e5 Kortleksbolaget!\" \/>\n<meta property=\"og:url\" content=\"https:\/\/kortleksbolaget.se\/fi\/tuote\/the-lord-of-the-rings-return-of-the-king-gilded\/\" \/>\n<meta property=\"og:site_name\" content=\"Kortleksbolaget\" \/>\n<meta property=\"og:image\" content=\"https:\/\/kortleksbolaget.se\/wp-content\/uploads\/lord-of-the-rings-return-king.jpg\" \/>\n\t<meta property=\"og:image:width\" content=\"447\" \/>\n\t<meta property=\"og:image:height\" content=\"671\" \/>\n\t<meta property=\"og:image:type\" content=\"image\/jpeg\" \/>\n<meta name=\"twitter:card\" content=\"summary_large_image\" \/>\n<script type=\"application\/ld+json\" class=\"yoast-schema-graph\">{\"@context\":\"https:\/\/schema.org\",\"@graph\":[{\"@type\":\"WebPage\",\"@id\":\"https:\/\/kortleksbolaget.se\/fi\/tuote\/the-lord-of-the-rings-return-of-the-king-gilded\/\",\"url\":\"https:\/\/kortleksbolaget.se\/fi\/tuote\/the-lord-of-the-rings-return-of-the-king-gilded\/\",\"name\":\"Kortlek The Lord of the Rings - Return of the King Gilded | Kortleksbolaget\",\"isPartOf\":{\"@id\":\"https:\/\/kortleksbolaget.se\/fi\/#website\"},\"primaryImageOfPage\":{\"@id\":\"https:\/\/kortleksbolaget.se\/fi\/tuote\/the-lord-of-the-rings-return-of-the-king-gilded\/#primaryimage\"},\"image\":{\"@id\":\"https:\/\/kortleksbolaget.se\/fi\/tuote\/the-lord-of-the-rings-return-of-the-king-gilded\/#primaryimage\"},\"thumbnailUrl\":\"https:\/\/kortleksbolaget.se\/wp-content\/uploads\/lord-of-the-rings-return-king.jpg\",\"datePublished\":\"2025-07-29T22:07:22+00:00\",\"description\":\"K\u00f6p The Lord of the Rings - Return of the King Gilded. Snabba leveranser & bra priser. Sveriges st\u00f6rsta sortiment av kortlekar p\u00e5 Kortleksbolaget!\",\"breadcrumb\":{\"@id\":\"https:\/\/kortleksbolaget.se\/fi\/tuote\/the-lord-of-the-rings-return-of-the-king-gilded\/#breadcrumb\"},\"inLanguage\":\"fi\",\"potentialAction\":[{\"@type\":\"ReadAction\",\"target\":[\"https:\/\/kortleksbolaget.se\/fi\/tuote\/the-lord-of-the-rings-return-of-the-king-gilded\/\"]}]},{\"@type\":\"ImageObject\",\"inLanguage\":\"fi\",\"@id\":\"https:\/\/kortleksbolaget.se\/fi\/tuote\/the-lord-of-the-rings-return-of-the-king-gilded\/#primaryimage\",\"url\":\"https:\/\/kortleksbolaget.se\/wp-content\/uploads\/lord-of-the-rings-return-king.jpg\",\"contentUrl\":\"https:\/\/kortleksbolaget.se\/wp-content\/uploads\/lord-of-the-rings-return-king.jpg\",\"width\":447,\"height\":671},{\"@type\":\"BreadcrumbList\",\"@id\":\"https:\/\/kortleksbolaget.se\/fi\/tuote\/the-lord-of-the-rings-return-of-the-king-gilded\/#breadcrumb\",\"itemListElement\":[{\"@type\":\"ListItem\",\"position\":1,\"name\":\"Hem\",\"item\":\"https:\/\/kortleksbolaget.se\/fi\/\"},{\"@type\":\"ListItem\",\"position\":2,\"name\":\"N\u00e4yt\u00e4 kaikki tuotteet\",\"item\":\"https:\/\/kortleksbolaget.se\/fi\/kaupassa\/\"},{\"@type\":\"ListItem\",\"position\":3,\"name\":\"The Lord of the Rings &#8211; Return of the King Gilded\"}]},{\"@type\":\"WebSite\",\"@id\":\"https:\/\/kortleksbolaget.se\/fi\/#website\",\"url\":\"https:\/\/kortleksbolaget.se\/fi\/\",\"name\":\"Kortleksbolaget\",\"description\":\"Kortlekar p\u00e5 n\u00e4tet\",\"publisher\":{\"@id\":\"https:\/\/kortleksbolaget.se\/fi\/#organization\"},\"potentialAction\":[{\"@type\":\"SearchAction\",\"target\":{\"@type\":\"EntryPoint\",\"urlTemplate\":\"https:\/\/kortleksbolaget.se\/fi\/?s={search_term_string}\"},\"query-input\":{\"@type\":\"PropertyValueSpecification\",\"valueRequired\":true,\"valueName\":\"search_term_string\"}}],\"inLanguage\":\"fi\"},{\"@type\":\"Organization\",\"@id\":\"https:\/\/kortleksbolaget.se\/fi\/#organization\",\"name\":\"Kortleksbolaget\",\"url\":\"https:\/\/kortleksbolaget.se\/fi\/\",\"logo\":{\"@type\":\"ImageObject\",\"inLanguage\":\"fi\",\"@id\":\"https:\/\/kortleksbolaget.se\/fi\/#\/schema\/logo\/image\/\",\"url\":\"https:\/\/kortleksbolaget.se\/wp-content\/uploads\/kortleksbolaget_logo-svart.png\",\"contentUrl\":\"https:\/\/kortleksbolaget.se\/wp-content\/uploads\/kortleksbolaget_logo-svart.png\",\"width\":1200,\"height\":296,\"caption\":\"Kortleksbolaget\"},\"image\":{\"@id\":\"https:\/\/kortleksbolaget.se\/fi\/#\/schema\/logo\/image\/\"}}]}<\/script>\n<!-- \/ Yoast SEO plugin. -->","yoast_head_json":{"title":"Kortlek The Lord of the Rings - Return of the King Gilded | Kortleksbolaget","description":"K\u00f6p The Lord of the Rings - Return of the King Gilded. Snabba leveranser & bra priser. Sveriges st\u00f6rsta sortiment av kortlekar p\u00e5 Kortleksbolaget!","robots":{"index":"index","follow":"follow","max-snippet":"max-snippet:-1","max-image-preview":"max-image-preview:large","max-video-preview":"max-video-preview:-1"},"canonical":"https:\/\/kortleksbolaget.se\/fi\/tuote\/the-lord-of-the-rings-return-of-the-king-gilded\/","og_locale":"fi_FI","og_type":"article","og_title":"Kortlek The Lord of the Rings - Return of the King Gilded | Kortleksbolaget","og_description":"K\u00f6p The Lord of the Rings - Return of the King Gilded. Snabba leveranser & bra priser. Sveriges st\u00f6rsta sortiment av kortlekar p\u00e5 Kortleksbolaget!","og_url":"https:\/\/kortleksbolaget.se\/fi\/tuote\/the-lord-of-the-rings-return-of-the-king-gilded\/","og_site_name":"Kortleksbolaget","og_image":[{"width":447,"height":671,"url":"https:\/\/kortleksbolaget.se\/wp-content\/uploads\/lord-of-the-rings-return-king.jpg","type":"image\/jpeg"}],"twitter_card":"summary_large_image","schema":{"@context":"https:\/\/schema.org","@graph":[{"@type":"WebPage","@id":"https:\/\/kortleksbolaget.se\/fi\/tuote\/the-lord-of-the-rings-return-of-the-king-gilded\/","url":"https:\/\/kortleksbolaget.se\/fi\/tuote\/the-lord-of-the-rings-return-of-the-king-gilded\/","name":"Kortlek The Lord of the Rings - Return of the King Gilded | Kortleksbolaget","isPartOf":{"@id":"https:\/\/kortleksbolaget.se\/fi\/#website"},"primaryImageOfPage":{"@id":"https:\/\/kortleksbolaget.se\/fi\/tuote\/the-lord-of-the-rings-return-of-the-king-gilded\/#primaryimage"},"image":{"@id":"https:\/\/kortleksbolaget.se\/fi\/tuote\/the-lord-of-the-rings-return-of-the-king-gilded\/#primaryimage"},"thumbnailUrl":"https:\/\/kortleksbolaget.se\/wp-content\/uploads\/lord-of-the-rings-return-king.jpg","datePublished":"2025-07-29T22:07:22+00:00","description":"K\u00f6p The Lord of the Rings - Return of the King Gilded. Snabba leveranser & bra priser. Sveriges st\u00f6rsta sortiment av kortlekar p\u00e5 Kortleksbolaget!","breadcrumb":{"@id":"https:\/\/kortleksbolaget.se\/fi\/tuote\/the-lord-of-the-rings-return-of-the-king-gilded\/#breadcrumb"},"inLanguage":"fi","potentialAction":[{"@type":"ReadAction","target":["https:\/\/kortleksbolaget.se\/fi\/tuote\/the-lord-of-the-rings-return-of-the-king-gilded\/"]}]},{"@type":"ImageObject","inLanguage":"fi","@id":"https:\/\/kortleksbolaget.se\/fi\/tuote\/the-lord-of-the-rings-return-of-the-king-gilded\/#primaryimage","url":"https:\/\/kortleksbolaget.se\/wp-content\/uploads\/lord-of-the-rings-return-king.jpg","contentUrl":"https:\/\/kortleksbolaget.se\/wp-content\/uploads\/lord-of-the-rings-return-king.jpg","width":447,"height":671},{"@type":"BreadcrumbList","@id":"https:\/\/kortleksbolaget.se\/fi\/tuote\/the-lord-of-the-rings-return-of-the-king-gilded\/#breadcrumb","itemListElement":[{"@type":"ListItem","position":1,"name":"Hem","item":"https:\/\/kortleksbolaget.se\/fi\/"},{"@type":"ListItem","position":2,"name":"N\u00e4yt\u00e4 kaikki tuotteet","item":"https:\/\/kortleksbolaget.se\/fi\/kaupassa\/"},{"@type":"ListItem","position":3,"name":"The Lord of the Rings &#8211; Return of the King Gilded"}]},{"@type":"WebSite","@id":"https:\/\/kortleksbolaget.se\/fi\/#website","url":"https:\/\/kortleksbolaget.se\/fi\/","name":"Kortleksbolaget","description":"Kortlekar p\u00e5 n\u00e4tet","publisher":{"@id":"https:\/\/kortleksbolaget.se\/fi\/#organization"},"potentialAction":[{"@type":"SearchAction","target":{"@type":"EntryPoint","urlTemplate":"https:\/\/kortleksbolaget.se\/fi\/?s={search_term_string}"},"query-input":{"@type":"PropertyValueSpecification","valueRequired":true,"valueName":"search_term_string"}}],"inLanguage":"fi"},{"@type":"Organization","@id":"https:\/\/kortleksbolaget.se\/fi\/#organization","name":"Kortleksbolaget","url":"https:\/\/kortleksbolaget.se\/fi\/","logo":{"@type":"ImageObject","inLanguage":"fi","@id":"https:\/\/kortleksbolaget.se\/fi\/#\/schema\/logo\/image\/","url":"https:\/\/kortleksbolaget.se\/wp-content\/uploads\/kortleksbolaget_logo-svart.png","contentUrl":"https:\/\/kortleksbolaget.se\/wp-content\/uploads\/kortleksbolaget_logo-svart.png","width":1200,"height":296,"caption":"Kortleksbolaget"},"image":{"@id":"https:\/\/kortleksbolaget.se\/fi\/#\/schema\/logo\/image\/"}}]}},"_links":{"self":[{"href":"https:\/\/kortleksbolaget.se\/fi\/wp-json\/wp\/v2\/product\/153522","targetHints":{"allow":["GET"]}}],"collection":[{"href":"https:\/\/kortleksbolaget.se\/fi\/wp-json\/wp\/v2\/product"}],"about":[{"href":"https:\/\/kortleksbolaget.se\/fi\/wp-json\/wp\/v2\/types\/product"}],"wp:featuredmedia":[{"embeddable":true,"href":"https:\/\/kortleksbolaget.se\/fi\/wp-json\/wp\/v2\/media\/153513"}],"wp:attachment":[{"href":"https:\/\/kortleksbolaget.se\/fi\/wp-json\/wp\/v2\/media?parent=153522"}],"wp:term":[{"taxonomy":"product_brand","embeddable":true,"href":"https:\/\/kortleksbolaget.se\/fi\/wp-json\/wp\/v2\/product_brand?post=153522"},{"taxonomy":"product_cat","embeddable":true,"href":"https:\/\/kortleksbolaget.se\/fi\/wp-json\/wp\/v2\/product_cat?post=153522"},{"taxonomy":"product_tag","embeddable":true,"href":"https:\/\/kortleksbolaget.se\/fi\/wp-json\/wp\/v2\/product_tag?post=153522"}],"curies":[{"name":"wp","href":"https:\/\/api.w.org\/{rel}","templated":true}]}}