{"id":153538,"date":"2025-07-30T00:09:19","date_gmt":"2025-07-29T22:09:19","guid":{"rendered":"https:\/\/kortleksbolaget.se\/produkt\/the-lord-of-the-rings-return-of-the-king\/"},"modified":"2025-07-30T00:09:19","modified_gmt":"2025-07-29T22:09:19","slug":"the-lord-of-the-rings-return-of-the-king","status":"publish","type":"product","link":"https:\/\/kortleksbolaget.se\/fi\/tuote\/the-lord-of-the-rings-return-of-the-king\/","title":{"rendered":"The Lord of the Rings &#8211; Return of the King"},"content":{"rendered":"","protected":false},"excerpt":{"rendered":"<p id=\"tw-target-text\" class=\"tw-data-text tw-text-large tw-ta\" dir=\"ltr\" data-placeholder=\"\u00d6vers\u00e4ttning\" data-ved=\"2ahUKEwiVxfO-pOKOAxWjERAIHfENBDcQ3ewLegQIAhAU\" aria-label=\"\u00d6versatt text: Officiellt licensierad av Middle-earth Enterprises och producerad av Kings Wild Project, avslutar detta en trilogi av kortlekar baserade p\u00e5 trilogin om Sagan om ringen-b\u00f6ckerna. I forts\u00e4ttning p\u00e5 grunderna som lagts av b\u00e5de Sagan om ringen\u2122 och De tv\u00e5 tornen\u2122-kortlekar, \u00e4r spelkorten Konungens \u00e5terkomst unikt illustrerade och designade med s\u00e5 mycket detaljer som m\u00f6jligt f\u00f6r att hedra och uppr\u00e4tth\u00e5lla Tolkiens m\u00e4sterskap. Vi hoppas att fans v\u00e4rlden \u00f6ver kommer att \u00e4lska att se ber\u00e4ttelsen p\u00e5 ett nytt s\u00e4tt. Denna kortlek inneh\u00e5ller \u00e4lskade karakt\u00e4rer inklusive Aragorn och Arwen, Sam som b\u00e4r Frodo, De d\u00f6das kung, Denethor, Sauron och m\u00e5nga fler. Varje karakt\u00e4r fr\u00e5n Konungens \u00e5terkomst \u00e4r h\u00e4mtad direkt och troget fr\u00e5n texten och v\u00e4cks till liv i ett helt nytt ljus. Liksom i tidigare projekt finns det tv\u00e5 versioner av kortleken, en folierad och en icke-folierad version, b\u00e5da tillg\u00e4ngliga i standard- och f\u00f6rgylld utg\u00e5va. Den folierade versionen av kortleken har samma m\u00f6nster som den icke-folierade, men den \u00e4r f\u00f6rst\u00e4rkt med folierade element p\u00e5 b\u00e5de baksidan och framsidan av varje kort. De f\u00f6rgyllda utg\u00e5vorna av varje version har livfulla f\u00f6rgyllda kanter p\u00e5 korten. F\u00d6RGYLDAD ICKE-FOIL UTG\u00c5VA\"><span class=\"Y2IQFc\" lang=\"sv\">Officially licensed by Middle-earth Enterprises and produced by Kings Wild Project, this will conclude a trilogy of card decks based on the trilogy of <b>The Lord of the Rings <\/b> books.<\/p>\n<p>Continuing on the foundations set by both The Fellowship of the Ring\u2122 and The Two Towers\u2122 decks, <b>The Return of the King playing cards <\/b> are uniquely illustrated and designed with as much detail as possible to honor and uphold the mastery of Tolkien. We hope that fans worldwide will love seeing the story in a new way. This deck includes beloved characters including Aragorn and Arwen, Sam carrying Frodo, The King of the Dead, Denethor, Sauron, and many more. Each character from <b>The Return of the King <\/b> is lifted directly and faithfully from the text and brought to life in a whole new light.<\/p>\n<p>As in previous projects, there are two versions of the deck, a Foiled and Non- Foiled version, each available in Standard and Gilded editions. The foiled version of the decks features the same artwork as the non-foiled, but it is enhanced with foiling elements on both the backs and faces of each and every card. The Gilded editions of each version feature vibrant gilded edges on the cards.<\/p>\n<p><b>STANDARD NON FOIL EDITION <\/b><\/p>\n<p>The <b>Standard Non-Foiled Edition <\/b> features the non-foiled court cards. <\/span><\/p>\n<p> [&#8230;]<\/p>\n<p><a class=\"btn btn-secondary understrap-read-more-link\" href=\"https:\/\/kortleksbolaget.se\/fi\/tuote\/the-lord-of-the-rings-return-of-the-king\/\">Lue lis\u00e4\u00e4&#8230;<span class=\"screen-reader-text\"> from The Lord of the Rings &#8211; Return of the King<\/span><\/a><\/p>\n","protected":false},"featured_media":153528,"template":"","meta":{"_acf_changed":false},"product_brand":[],"product_cat":[130],"product_tag":[],"class_list":{"0":"post-153538","1":"product","2":"type-product","3":"status-publish","4":"has-post-thumbnail","6":"varumarke-kings-wild-project-fi","7":"product_cat-special-lyx-limited-fi","9":"first","10":"instock","11":"taxable","12":"shipping-taxable","13":"purchasable","14":"product-type-simple"},"acf":[],"yoast_head":"<!-- This site is optimized with the Yoast SEO plugin v26.3 - https:\/\/yoast.com\/wordpress\/plugins\/seo\/ -->\n<title>Kortlek The Lord of the Rings - Return of the King | Kortleksbolaget<\/title>\n<meta name=\"description\" content=\"K\u00f6p The Lord of the Rings - Return of the King. Snabba leveranser &amp; bra priser. Sveriges st\u00f6rsta sortiment av kortlekar p\u00e5 Kortleksbolaget!\" \/>\n<meta name=\"robots\" content=\"index, follow, max-snippet:-1, max-image-preview:large, max-video-preview:-1\" \/>\n<link rel=\"canonical\" href=\"https:\/\/kortleksbolaget.se\/fi\/tuote\/the-lord-of-the-rings-return-of-the-king\/\" \/>\n<meta property=\"og:locale\" content=\"fi_FI\" \/>\n<meta property=\"og:type\" content=\"article\" \/>\n<meta property=\"og:title\" content=\"Kortlek The Lord of the Rings - Return of the King | Kortleksbolaget\" \/>\n<meta property=\"og:description\" content=\"K\u00f6p The Lord of the Rings - Return of the King. Snabba leveranser &amp; bra priser. Sveriges st\u00f6rsta sortiment av kortlekar p\u00e5 Kortleksbolaget!\" \/>\n<meta property=\"og:url\" content=\"https:\/\/kortleksbolaget.se\/fi\/tuote\/the-lord-of-the-rings-return-of-the-king\/\" \/>\n<meta property=\"og:site_name\" content=\"Kortleksbolaget\" \/>\n<meta property=\"og:image\" content=\"https:\/\/kortleksbolaget.se\/wp-content\/uploads\/lord-rings-return-king-kortlek.jpg\" \/>\n\t<meta property=\"og:image:width\" content=\"447\" \/>\n\t<meta property=\"og:image:height\" content=\"670\" \/>\n\t<meta property=\"og:image:type\" content=\"image\/jpeg\" \/>\n<meta name=\"twitter:card\" content=\"summary_large_image\" \/>\n<script type=\"application\/ld+json\" class=\"yoast-schema-graph\">{\"@context\":\"https:\/\/schema.org\",\"@graph\":[{\"@type\":\"WebPage\",\"@id\":\"https:\/\/kortleksbolaget.se\/fi\/tuote\/the-lord-of-the-rings-return-of-the-king\/\",\"url\":\"https:\/\/kortleksbolaget.se\/fi\/tuote\/the-lord-of-the-rings-return-of-the-king\/\",\"name\":\"Kortlek The Lord of the Rings - Return of the King | Kortleksbolaget\",\"isPartOf\":{\"@id\":\"https:\/\/kortleksbolaget.se\/fi\/#website\"},\"primaryImageOfPage\":{\"@id\":\"https:\/\/kortleksbolaget.se\/fi\/tuote\/the-lord-of-the-rings-return-of-the-king\/#primaryimage\"},\"image\":{\"@id\":\"https:\/\/kortleksbolaget.se\/fi\/tuote\/the-lord-of-the-rings-return-of-the-king\/#primaryimage\"},\"thumbnailUrl\":\"https:\/\/kortleksbolaget.se\/wp-content\/uploads\/lord-rings-return-king-kortlek.jpg\",\"datePublished\":\"2025-07-29T22:09:19+00:00\",\"description\":\"K\u00f6p The Lord of the Rings - Return of the King. Snabba leveranser & bra priser. Sveriges st\u00f6rsta sortiment av kortlekar p\u00e5 Kortleksbolaget!\",\"breadcrumb\":{\"@id\":\"https:\/\/kortleksbolaget.se\/fi\/tuote\/the-lord-of-the-rings-return-of-the-king\/#breadcrumb\"},\"inLanguage\":\"fi\",\"potentialAction\":[{\"@type\":\"ReadAction\",\"target\":[\"https:\/\/kortleksbolaget.se\/fi\/tuote\/the-lord-of-the-rings-return-of-the-king\/\"]}]},{\"@type\":\"ImageObject\",\"inLanguage\":\"fi\",\"@id\":\"https:\/\/kortleksbolaget.se\/fi\/tuote\/the-lord-of-the-rings-return-of-the-king\/#primaryimage\",\"url\":\"https:\/\/kortleksbolaget.se\/wp-content\/uploads\/lord-rings-return-king-kortlek.jpg\",\"contentUrl\":\"https:\/\/kortleksbolaget.se\/wp-content\/uploads\/lord-rings-return-king-kortlek.jpg\",\"width\":447,\"height\":670},{\"@type\":\"BreadcrumbList\",\"@id\":\"https:\/\/kortleksbolaget.se\/fi\/tuote\/the-lord-of-the-rings-return-of-the-king\/#breadcrumb\",\"itemListElement\":[{\"@type\":\"ListItem\",\"position\":1,\"name\":\"Hem\",\"item\":\"https:\/\/kortleksbolaget.se\/fi\/\"},{\"@type\":\"ListItem\",\"position\":2,\"name\":\"N\u00e4yt\u00e4 kaikki tuotteet\",\"item\":\"https:\/\/kortleksbolaget.se\/fi\/kaupassa\/\"},{\"@type\":\"ListItem\",\"position\":3,\"name\":\"The Lord of the Rings &#8211; Return of the King\"}]},{\"@type\":\"WebSite\",\"@id\":\"https:\/\/kortleksbolaget.se\/fi\/#website\",\"url\":\"https:\/\/kortleksbolaget.se\/fi\/\",\"name\":\"Kortleksbolaget\",\"description\":\"Kortlekar p\u00e5 n\u00e4tet\",\"publisher\":{\"@id\":\"https:\/\/kortleksbolaget.se\/fi\/#organization\"},\"potentialAction\":[{\"@type\":\"SearchAction\",\"target\":{\"@type\":\"EntryPoint\",\"urlTemplate\":\"https:\/\/kortleksbolaget.se\/fi\/?s={search_term_string}\"},\"query-input\":{\"@type\":\"PropertyValueSpecification\",\"valueRequired\":true,\"valueName\":\"search_term_string\"}}],\"inLanguage\":\"fi\"},{\"@type\":\"Organization\",\"@id\":\"https:\/\/kortleksbolaget.se\/fi\/#organization\",\"name\":\"Kortleksbolaget\",\"url\":\"https:\/\/kortleksbolaget.se\/fi\/\",\"logo\":{\"@type\":\"ImageObject\",\"inLanguage\":\"fi\",\"@id\":\"https:\/\/kortleksbolaget.se\/fi\/#\/schema\/logo\/image\/\",\"url\":\"https:\/\/kortleksbolaget.se\/wp-content\/uploads\/kortleksbolaget_logo-svart.png\",\"contentUrl\":\"https:\/\/kortleksbolaget.se\/wp-content\/uploads\/kortleksbolaget_logo-svart.png\",\"width\":1200,\"height\":296,\"caption\":\"Kortleksbolaget\"},\"image\":{\"@id\":\"https:\/\/kortleksbolaget.se\/fi\/#\/schema\/logo\/image\/\"}}]}<\/script>\n<!-- \/ Yoast SEO plugin. -->","yoast_head_json":{"title":"Kortlek The Lord of the Rings - Return of the King | Kortleksbolaget","description":"K\u00f6p The Lord of the Rings - Return of the King. Snabba leveranser & bra priser. Sveriges st\u00f6rsta sortiment av kortlekar p\u00e5 Kortleksbolaget!","robots":{"index":"index","follow":"follow","max-snippet":"max-snippet:-1","max-image-preview":"max-image-preview:large","max-video-preview":"max-video-preview:-1"},"canonical":"https:\/\/kortleksbolaget.se\/fi\/tuote\/the-lord-of-the-rings-return-of-the-king\/","og_locale":"fi_FI","og_type":"article","og_title":"Kortlek The Lord of the Rings - Return of the King | Kortleksbolaget","og_description":"K\u00f6p The Lord of the Rings - Return of the King. Snabba leveranser & bra priser. Sveriges st\u00f6rsta sortiment av kortlekar p\u00e5 Kortleksbolaget!","og_url":"https:\/\/kortleksbolaget.se\/fi\/tuote\/the-lord-of-the-rings-return-of-the-king\/","og_site_name":"Kortleksbolaget","og_image":[{"width":447,"height":670,"url":"https:\/\/kortleksbolaget.se\/wp-content\/uploads\/lord-rings-return-king-kortlek.jpg","type":"image\/jpeg"}],"twitter_card":"summary_large_image","schema":{"@context":"https:\/\/schema.org","@graph":[{"@type":"WebPage","@id":"https:\/\/kortleksbolaget.se\/fi\/tuote\/the-lord-of-the-rings-return-of-the-king\/","url":"https:\/\/kortleksbolaget.se\/fi\/tuote\/the-lord-of-the-rings-return-of-the-king\/","name":"Kortlek The Lord of the Rings - Return of the King | Kortleksbolaget","isPartOf":{"@id":"https:\/\/kortleksbolaget.se\/fi\/#website"},"primaryImageOfPage":{"@id":"https:\/\/kortleksbolaget.se\/fi\/tuote\/the-lord-of-the-rings-return-of-the-king\/#primaryimage"},"image":{"@id":"https:\/\/kortleksbolaget.se\/fi\/tuote\/the-lord-of-the-rings-return-of-the-king\/#primaryimage"},"thumbnailUrl":"https:\/\/kortleksbolaget.se\/wp-content\/uploads\/lord-rings-return-king-kortlek.jpg","datePublished":"2025-07-29T22:09:19+00:00","description":"K\u00f6p The Lord of the Rings - Return of the King. Snabba leveranser & bra priser. Sveriges st\u00f6rsta sortiment av kortlekar p\u00e5 Kortleksbolaget!","breadcrumb":{"@id":"https:\/\/kortleksbolaget.se\/fi\/tuote\/the-lord-of-the-rings-return-of-the-king\/#breadcrumb"},"inLanguage":"fi","potentialAction":[{"@type":"ReadAction","target":["https:\/\/kortleksbolaget.se\/fi\/tuote\/the-lord-of-the-rings-return-of-the-king\/"]}]},{"@type":"ImageObject","inLanguage":"fi","@id":"https:\/\/kortleksbolaget.se\/fi\/tuote\/the-lord-of-the-rings-return-of-the-king\/#primaryimage","url":"https:\/\/kortleksbolaget.se\/wp-content\/uploads\/lord-rings-return-king-kortlek.jpg","contentUrl":"https:\/\/kortleksbolaget.se\/wp-content\/uploads\/lord-rings-return-king-kortlek.jpg","width":447,"height":670},{"@type":"BreadcrumbList","@id":"https:\/\/kortleksbolaget.se\/fi\/tuote\/the-lord-of-the-rings-return-of-the-king\/#breadcrumb","itemListElement":[{"@type":"ListItem","position":1,"name":"Hem","item":"https:\/\/kortleksbolaget.se\/fi\/"},{"@type":"ListItem","position":2,"name":"N\u00e4yt\u00e4 kaikki tuotteet","item":"https:\/\/kortleksbolaget.se\/fi\/kaupassa\/"},{"@type":"ListItem","position":3,"name":"The Lord of the Rings &#8211; Return of the King"}]},{"@type":"WebSite","@id":"https:\/\/kortleksbolaget.se\/fi\/#website","url":"https:\/\/kortleksbolaget.se\/fi\/","name":"Kortleksbolaget","description":"Kortlekar p\u00e5 n\u00e4tet","publisher":{"@id":"https:\/\/kortleksbolaget.se\/fi\/#organization"},"potentialAction":[{"@type":"SearchAction","target":{"@type":"EntryPoint","urlTemplate":"https:\/\/kortleksbolaget.se\/fi\/?s={search_term_string}"},"query-input":{"@type":"PropertyValueSpecification","valueRequired":true,"valueName":"search_term_string"}}],"inLanguage":"fi"},{"@type":"Organization","@id":"https:\/\/kortleksbolaget.se\/fi\/#organization","name":"Kortleksbolaget","url":"https:\/\/kortleksbolaget.se\/fi\/","logo":{"@type":"ImageObject","inLanguage":"fi","@id":"https:\/\/kortleksbolaget.se\/fi\/#\/schema\/logo\/image\/","url":"https:\/\/kortleksbolaget.se\/wp-content\/uploads\/kortleksbolaget_logo-svart.png","contentUrl":"https:\/\/kortleksbolaget.se\/wp-content\/uploads\/kortleksbolaget_logo-svart.png","width":1200,"height":296,"caption":"Kortleksbolaget"},"image":{"@id":"https:\/\/kortleksbolaget.se\/fi\/#\/schema\/logo\/image\/"}}]}},"_links":{"self":[{"href":"https:\/\/kortleksbolaget.se\/fi\/wp-json\/wp\/v2\/product\/153538","targetHints":{"allow":["GET"]}}],"collection":[{"href":"https:\/\/kortleksbolaget.se\/fi\/wp-json\/wp\/v2\/product"}],"about":[{"href":"https:\/\/kortleksbolaget.se\/fi\/wp-json\/wp\/v2\/types\/product"}],"wp:featuredmedia":[{"embeddable":true,"href":"https:\/\/kortleksbolaget.se\/fi\/wp-json\/wp\/v2\/media\/153528"}],"wp:attachment":[{"href":"https:\/\/kortleksbolaget.se\/fi\/wp-json\/wp\/v2\/media?parent=153538"}],"wp:term":[{"taxonomy":"product_brand","embeddable":true,"href":"https:\/\/kortleksbolaget.se\/fi\/wp-json\/wp\/v2\/product_brand?post=153538"},{"taxonomy":"product_cat","embeddable":true,"href":"https:\/\/kortleksbolaget.se\/fi\/wp-json\/wp\/v2\/product_cat?post=153538"},{"taxonomy":"product_tag","embeddable":true,"href":"https:\/\/kortleksbolaget.se\/fi\/wp-json\/wp\/v2\/product_tag?post=153538"}],"curies":[{"name":"wp","href":"https:\/\/api.w.org\/{rel}","templated":true}]}}