{"id":154278,"date":"2025-08-29T17:58:11","date_gmt":"2025-08-29T15:58:11","guid":{"rendered":"https:\/\/kortleksbolaget.se\/produkt\/james-bond-007-special-edition-box\/"},"modified":"2025-08-29T17:58:11","modified_gmt":"2025-08-29T15:58:11","slug":"james-bond-007-special-edition-box","status":"publish","type":"product","link":"https:\/\/kortleksbolaget.se\/fi\/tuote\/james-bond-007-special-edition-box\/","title":{"rendered":"James Bond 007 Special Edition Box"},"content":{"rendered":"","protected":false},"excerpt":{"rendered":"<div id=\"tw-target-text-container\" class=\"tw-ta-container tw-nfl\" tabindex=\"0\" role=\"text\">\n<p id=\"tw-target-text\" class=\"tw-data-text tw-text-large tw-ta\" dir=\"ltr\" data-placeholder=\"\u00d6vers\u00e4ttning\" data-ved=\"2ahUKEwjR-8SAk56PAxWPFhAIHX7nEaYQ3ewLegQICRAV\" aria-label=\"\u00d6versatt text: En specialutg\u00e5va av en box med ett hemligt fack, uppl\u00e5st med en handgjord 007-penna i massiv m\u00e4ssing. Inuti finns tre kortlekar med James Bond GOLD Edition-spelkort. Boxen inneh\u00e5ller: Tre kortlekar med GOLD Edition, en 007-m\u00e4ssingpenna och en specialkonstruerad box med ett hemligt fack v\u00e4rdig en design av Q. Samlarutg\u00e5va med svart och guldfolie Specialutg\u00e5van av boxen fungerar som en hemlig pryl konstruerad av Q f\u00f6r James Bond. N\u00e4r du \u00f6ppnar locket avsl\u00f6jas en kulspetspenna - tillverkad av ett massivt m\u00e4ssingsstycke, med en bultkolv. Inuti har pennan en tysk kulspetspenna f\u00f6r enkel skrivning. Men det \u00e4r inte allt. Efter att ha uppt\u00e4ckt den hemliga mekanismen \u00f6ppnas din box och avsl\u00f6jar tre fantastiska specialutg\u00e5va av kortlekar med 007-spelkort - l\u00e5dan, baksidan och framsidan av varje kortlek \u00e4r alla h\u00f6ljda i guldfolie. James Bonds v\u00e4rld Elegans, klass och sofistikering Den finaste skimrande guldfolien med taktil pr\u00e4gling p\u00e5 varje l\u00e5da. \u00d6verd\u00e5dig guldfolie p\u00e5 varje kort inuti. En massiv m\u00e4ssingspenna som \u00e4r ett sj\u00e4lvklart samlarobjekt f\u00f6r alla 007-fans.\"><span class=\"Y2IQFc\" lang=\"sv\"><b>007 Special Edition Box Set <\/b><\/p>\n<p>A special edition box set with a secret compartment, unlocked using a solid brass, handcrafted 007 pen. Inside are three decks of James Bond GOLD Edition Playing Cards.<\/p>\n<p><b>The Box Set Contains: <\/b> Three GOLD Edition Decks, 007 Brass Pen, and a custom-engineered box with a secret compartment worthy of a design by Q.<\/p>\n<p><b>Collector&#8217;s Edition with black and gold foil <\/b><\/p>\n<p>The special edition box set <b>operates like a secret gadget <\/b> engineered by Q for James Bond. Opening the lid will reveal a ballpoint pen &#8211; machined from a solid piece of brass, with a bolt-action piston. Inside, the pen features a German ballpoint cartridge for effortless writing. But that&#8217;s not all.<\/p>\n<p>After discovering the secret mechanism, your box set will then open to reveal three stunning, special edition decks of <b>007 Playing Cards <\/b>&#8211; the box, back design, and faces of each deck are all shrouded in gold foil.<\/p>\n<p><b> The World of James BondElegance, Class, and Sophistication<\/b><\/p>\n<p>The finest iridescent gold foil with tactile embossing on each box. Opulent gold foil on every card within. A solid brass pen that is a quintessential collector&#8217;s piece for any fan of 007. <\/span><\/p>\n<\/div>\n<div id=\"tw-target-rmn-container\" class=\"tw-target-rmn tw-ta-container tw-nfl\" tabindex=\"0\" role=\"text\">\n<pre id=\"tw-target-rmn\" class=\"tw-data-placeholder tw-text-small tw-ta\" dir=\"ltr\" data-placeholder=\"\"><\/pre>\n<\/div>\n<p> [&#8230;]<\/p>\n<p><a class=\"btn btn-secondary understrap-read-more-link\" href=\"https:\/\/kortleksbolaget.se\/fi\/tuote\/james-bond-007-special-edition-box\/\">Lue lis\u00e4\u00e4&#8230;<span class=\"screen-reader-text\"> from James Bond 007 Special Edition Box<\/span><\/a><\/p>\n","protected":false},"featured_media":154273,"template":"","meta":{"_acf_changed":false},"product_brand":[],"product_cat":[130],"product_tag":[],"class_list":{"0":"post-154278","1":"product","2":"type-product","3":"status-publish","4":"has-post-thumbnail","6":"varumarke-theory11-fi","7":"product_cat-special-lyx-limited-fi","9":"first","10":"instock","11":"taxable","12":"shipping-taxable","13":"purchasable","14":"product-type-simple"},"acf":[],"yoast_head":"<!-- This site is optimized with the Yoast SEO plugin v26.3 - https:\/\/yoast.com\/wordpress\/plugins\/seo\/ -->\n<title>Kortlek James Bond 007 Special Edition Box | Kortleksbolaget<\/title>\n<meta name=\"description\" content=\"K\u00f6p James Bond 007 Special Edition Box. Snabba leveranser &amp; bra priser. Sveriges st\u00f6rsta sortiment av kortlekar p\u00e5 Kortleksbolaget!\" \/>\n<meta name=\"robots\" content=\"index, follow, max-snippet:-1, max-image-preview:large, max-video-preview:-1\" \/>\n<link rel=\"canonical\" href=\"https:\/\/kortleksbolaget.se\/fi\/tuote\/james-bond-007-special-edition-box\/\" \/>\n<meta property=\"og:locale\" content=\"fi_FI\" \/>\n<meta property=\"og:type\" content=\"article\" \/>\n<meta property=\"og:title\" content=\"Kortlek James Bond 007 Special Edition Box | Kortleksbolaget\" \/>\n<meta property=\"og:description\" content=\"K\u00f6p James Bond 007 Special Edition Box. Snabba leveranser &amp; bra priser. Sveriges st\u00f6rsta sortiment av kortlekar p\u00e5 Kortleksbolaget!\" \/>\n<meta property=\"og:url\" content=\"https:\/\/kortleksbolaget.se\/fi\/tuote\/james-bond-007-special-edition-box\/\" \/>\n<meta property=\"og:site_name\" content=\"Kortleksbolaget\" \/>\n<meta property=\"og:image\" content=\"https:\/\/kortleksbolaget.se\/wp-content\/uploads\/james-bond-box-set-playing-cards.jpg\" \/>\n\t<meta property=\"og:image:width\" content=\"834\" \/>\n\t<meta property=\"og:image:height\" content=\"1252\" \/>\n\t<meta property=\"og:image:type\" content=\"image\/jpeg\" \/>\n<meta name=\"twitter:card\" content=\"summary_large_image\" \/>\n<script type=\"application\/ld+json\" class=\"yoast-schema-graph\">{\"@context\":\"https:\/\/schema.org\",\"@graph\":[{\"@type\":\"WebPage\",\"@id\":\"https:\/\/kortleksbolaget.se\/fi\/tuote\/james-bond-007-special-edition-box\/\",\"url\":\"https:\/\/kortleksbolaget.se\/fi\/tuote\/james-bond-007-special-edition-box\/\",\"name\":\"Kortlek James Bond 007 Special Edition Box | Kortleksbolaget\",\"isPartOf\":{\"@id\":\"https:\/\/kortleksbolaget.se\/fi\/#website\"},\"primaryImageOfPage\":{\"@id\":\"https:\/\/kortleksbolaget.se\/fi\/tuote\/james-bond-007-special-edition-box\/#primaryimage\"},\"image\":{\"@id\":\"https:\/\/kortleksbolaget.se\/fi\/tuote\/james-bond-007-special-edition-box\/#primaryimage\"},\"thumbnailUrl\":\"https:\/\/kortleksbolaget.se\/wp-content\/uploads\/james-bond-box-set-playing-cards.jpg\",\"datePublished\":\"2025-08-29T15:58:11+00:00\",\"description\":\"K\u00f6p James Bond 007 Special Edition Box. Snabba leveranser & bra priser. Sveriges st\u00f6rsta sortiment av kortlekar p\u00e5 Kortleksbolaget!\",\"breadcrumb\":{\"@id\":\"https:\/\/kortleksbolaget.se\/fi\/tuote\/james-bond-007-special-edition-box\/#breadcrumb\"},\"inLanguage\":\"fi\",\"potentialAction\":[{\"@type\":\"ReadAction\",\"target\":[\"https:\/\/kortleksbolaget.se\/fi\/tuote\/james-bond-007-special-edition-box\/\"]}]},{\"@type\":\"ImageObject\",\"inLanguage\":\"fi\",\"@id\":\"https:\/\/kortleksbolaget.se\/fi\/tuote\/james-bond-007-special-edition-box\/#primaryimage\",\"url\":\"https:\/\/kortleksbolaget.se\/wp-content\/uploads\/james-bond-box-set-playing-cards.jpg\",\"contentUrl\":\"https:\/\/kortleksbolaget.se\/wp-content\/uploads\/james-bond-box-set-playing-cards.jpg\",\"width\":834,\"height\":1252},{\"@type\":\"BreadcrumbList\",\"@id\":\"https:\/\/kortleksbolaget.se\/fi\/tuote\/james-bond-007-special-edition-box\/#breadcrumb\",\"itemListElement\":[{\"@type\":\"ListItem\",\"position\":1,\"name\":\"Hem\",\"item\":\"https:\/\/kortleksbolaget.se\/fi\/\"},{\"@type\":\"ListItem\",\"position\":2,\"name\":\"N\u00e4yt\u00e4 kaikki tuotteet\",\"item\":\"https:\/\/kortleksbolaget.se\/fi\/kaupassa\/\"},{\"@type\":\"ListItem\",\"position\":3,\"name\":\"James Bond 007 Special Edition Box\"}]},{\"@type\":\"WebSite\",\"@id\":\"https:\/\/kortleksbolaget.se\/fi\/#website\",\"url\":\"https:\/\/kortleksbolaget.se\/fi\/\",\"name\":\"Kortleksbolaget\",\"description\":\"Kortlekar p\u00e5 n\u00e4tet\",\"publisher\":{\"@id\":\"https:\/\/kortleksbolaget.se\/fi\/#organization\"},\"potentialAction\":[{\"@type\":\"SearchAction\",\"target\":{\"@type\":\"EntryPoint\",\"urlTemplate\":\"https:\/\/kortleksbolaget.se\/fi\/?s={search_term_string}\"},\"query-input\":{\"@type\":\"PropertyValueSpecification\",\"valueRequired\":true,\"valueName\":\"search_term_string\"}}],\"inLanguage\":\"fi\"},{\"@type\":\"Organization\",\"@id\":\"https:\/\/kortleksbolaget.se\/fi\/#organization\",\"name\":\"Kortleksbolaget\",\"url\":\"https:\/\/kortleksbolaget.se\/fi\/\",\"logo\":{\"@type\":\"ImageObject\",\"inLanguage\":\"fi\",\"@id\":\"https:\/\/kortleksbolaget.se\/fi\/#\/schema\/logo\/image\/\",\"url\":\"https:\/\/kortleksbolaget.se\/wp-content\/uploads\/kortleksbolaget_logo-svart.png\",\"contentUrl\":\"https:\/\/kortleksbolaget.se\/wp-content\/uploads\/kortleksbolaget_logo-svart.png\",\"width\":1200,\"height\":296,\"caption\":\"Kortleksbolaget\"},\"image\":{\"@id\":\"https:\/\/kortleksbolaget.se\/fi\/#\/schema\/logo\/image\/\"}}]}<\/script>\n<!-- \/ Yoast SEO plugin. -->","yoast_head_json":{"title":"Kortlek James Bond 007 Special Edition Box | Kortleksbolaget","description":"K\u00f6p James Bond 007 Special Edition Box. Snabba leveranser & bra priser. Sveriges st\u00f6rsta sortiment av kortlekar p\u00e5 Kortleksbolaget!","robots":{"index":"index","follow":"follow","max-snippet":"max-snippet:-1","max-image-preview":"max-image-preview:large","max-video-preview":"max-video-preview:-1"},"canonical":"https:\/\/kortleksbolaget.se\/fi\/tuote\/james-bond-007-special-edition-box\/","og_locale":"fi_FI","og_type":"article","og_title":"Kortlek James Bond 007 Special Edition Box | Kortleksbolaget","og_description":"K\u00f6p James Bond 007 Special Edition Box. Snabba leveranser & bra priser. Sveriges st\u00f6rsta sortiment av kortlekar p\u00e5 Kortleksbolaget!","og_url":"https:\/\/kortleksbolaget.se\/fi\/tuote\/james-bond-007-special-edition-box\/","og_site_name":"Kortleksbolaget","og_image":[{"width":834,"height":1252,"url":"https:\/\/kortleksbolaget.se\/wp-content\/uploads\/james-bond-box-set-playing-cards.jpg","type":"image\/jpeg"}],"twitter_card":"summary_large_image","schema":{"@context":"https:\/\/schema.org","@graph":[{"@type":"WebPage","@id":"https:\/\/kortleksbolaget.se\/fi\/tuote\/james-bond-007-special-edition-box\/","url":"https:\/\/kortleksbolaget.se\/fi\/tuote\/james-bond-007-special-edition-box\/","name":"Kortlek James Bond 007 Special Edition Box | Kortleksbolaget","isPartOf":{"@id":"https:\/\/kortleksbolaget.se\/fi\/#website"},"primaryImageOfPage":{"@id":"https:\/\/kortleksbolaget.se\/fi\/tuote\/james-bond-007-special-edition-box\/#primaryimage"},"image":{"@id":"https:\/\/kortleksbolaget.se\/fi\/tuote\/james-bond-007-special-edition-box\/#primaryimage"},"thumbnailUrl":"https:\/\/kortleksbolaget.se\/wp-content\/uploads\/james-bond-box-set-playing-cards.jpg","datePublished":"2025-08-29T15:58:11+00:00","description":"K\u00f6p James Bond 007 Special Edition Box. Snabba leveranser & bra priser. Sveriges st\u00f6rsta sortiment av kortlekar p\u00e5 Kortleksbolaget!","breadcrumb":{"@id":"https:\/\/kortleksbolaget.se\/fi\/tuote\/james-bond-007-special-edition-box\/#breadcrumb"},"inLanguage":"fi","potentialAction":[{"@type":"ReadAction","target":["https:\/\/kortleksbolaget.se\/fi\/tuote\/james-bond-007-special-edition-box\/"]}]},{"@type":"ImageObject","inLanguage":"fi","@id":"https:\/\/kortleksbolaget.se\/fi\/tuote\/james-bond-007-special-edition-box\/#primaryimage","url":"https:\/\/kortleksbolaget.se\/wp-content\/uploads\/james-bond-box-set-playing-cards.jpg","contentUrl":"https:\/\/kortleksbolaget.se\/wp-content\/uploads\/james-bond-box-set-playing-cards.jpg","width":834,"height":1252},{"@type":"BreadcrumbList","@id":"https:\/\/kortleksbolaget.se\/fi\/tuote\/james-bond-007-special-edition-box\/#breadcrumb","itemListElement":[{"@type":"ListItem","position":1,"name":"Hem","item":"https:\/\/kortleksbolaget.se\/fi\/"},{"@type":"ListItem","position":2,"name":"N\u00e4yt\u00e4 kaikki tuotteet","item":"https:\/\/kortleksbolaget.se\/fi\/kaupassa\/"},{"@type":"ListItem","position":3,"name":"James Bond 007 Special Edition Box"}]},{"@type":"WebSite","@id":"https:\/\/kortleksbolaget.se\/fi\/#website","url":"https:\/\/kortleksbolaget.se\/fi\/","name":"Kortleksbolaget","description":"Kortlekar p\u00e5 n\u00e4tet","publisher":{"@id":"https:\/\/kortleksbolaget.se\/fi\/#organization"},"potentialAction":[{"@type":"SearchAction","target":{"@type":"EntryPoint","urlTemplate":"https:\/\/kortleksbolaget.se\/fi\/?s={search_term_string}"},"query-input":{"@type":"PropertyValueSpecification","valueRequired":true,"valueName":"search_term_string"}}],"inLanguage":"fi"},{"@type":"Organization","@id":"https:\/\/kortleksbolaget.se\/fi\/#organization","name":"Kortleksbolaget","url":"https:\/\/kortleksbolaget.se\/fi\/","logo":{"@type":"ImageObject","inLanguage":"fi","@id":"https:\/\/kortleksbolaget.se\/fi\/#\/schema\/logo\/image\/","url":"https:\/\/kortleksbolaget.se\/wp-content\/uploads\/kortleksbolaget_logo-svart.png","contentUrl":"https:\/\/kortleksbolaget.se\/wp-content\/uploads\/kortleksbolaget_logo-svart.png","width":1200,"height":296,"caption":"Kortleksbolaget"},"image":{"@id":"https:\/\/kortleksbolaget.se\/fi\/#\/schema\/logo\/image\/"}}]}},"_links":{"self":[{"href":"https:\/\/kortleksbolaget.se\/fi\/wp-json\/wp\/v2\/product\/154278","targetHints":{"allow":["GET"]}}],"collection":[{"href":"https:\/\/kortleksbolaget.se\/fi\/wp-json\/wp\/v2\/product"}],"about":[{"href":"https:\/\/kortleksbolaget.se\/fi\/wp-json\/wp\/v2\/types\/product"}],"wp:featuredmedia":[{"embeddable":true,"href":"https:\/\/kortleksbolaget.se\/fi\/wp-json\/wp\/v2\/media\/154273"}],"wp:attachment":[{"href":"https:\/\/kortleksbolaget.se\/fi\/wp-json\/wp\/v2\/media?parent=154278"}],"wp:term":[{"taxonomy":"product_brand","embeddable":true,"href":"https:\/\/kortleksbolaget.se\/fi\/wp-json\/wp\/v2\/product_brand?post=154278"},{"taxonomy":"product_cat","embeddable":true,"href":"https:\/\/kortleksbolaget.se\/fi\/wp-json\/wp\/v2\/product_cat?post=154278"},{"taxonomy":"product_tag","embeddable":true,"href":"https:\/\/kortleksbolaget.se\/fi\/wp-json\/wp\/v2\/product_tag?post=154278"}],"curies":[{"name":"wp","href":"https:\/\/api.w.org\/{rel}","templated":true}]}}