{"id":156248,"date":"2025-12-03T20:25:55","date_gmt":"2025-12-03T19:25:55","guid":{"rendered":"https:\/\/kortleksbolaget.se\/produkt\/bicycle-dinosaurs\/"},"modified":"2025-12-03T20:25:55","modified_gmt":"2025-12-03T19:25:55","slug":"bicycle-dinosaurs","status":"publish","type":"product","link":"https:\/\/kortleksbolaget.se\/fi\/tuote\/bicycle-dinosaurs\/","title":{"rendered":"Bicycle Dinosaurs"},"content":{"rendered":"","protected":false},"excerpt":{"rendered":"<div id=\"tw-target-text-container\" class=\"tw-ta-container tw-nfl\" tabindex=\"0\" role=\"text\">\n<p class=\"tw-data-text tw-text-large tw-ta\" dir=\"ltr\" tabindex=\"-1\" role=\"text\" data-placeholder=\"\u00d6vers\u00e4ttning\" data-ved=\"2ahUKEwjxjsimifyQAxUE2SoKHdBVJpcQ3ewLegQIDBAU\" aria-label=\"\u00d6versatt text: Kortleken Bicycle Dinosaurs \u00e4r helt anpassad och designad f\u00f6r b\u00e5de samlare och magiker. Varje kort har blivit helt omgjord med ett f\u00e4rgstarkt och lekfullt f\u00f6rhistoriskt universum som kommer att f\u00e5 b\u00e5de barn och vuxna att le. Hovkorten har f\u00f6rvandlats till charmiga dinosauriefigurer, i en stil som omedelbart f\u00e5ngar \u00f6gat. Men bakom dess roliga, barnsliga utseende finns ett sant verktyg f\u00f6r magiker: baksidan har en subtil asymmetri, vilket m\u00f6jligg\u00f6r dolda magiska m\u00f6jligheter samtidigt som den f\u00f6rblir helt osynlig f\u00f6r publiken. Oavsett om du \u00e4r en magiker, en samlare eller helt enkelt ett fan av vackra spelkort, kommer Bicycle Dinosaurs snabbt att hitta sin plats i din samling! Funktioner: Tryckt av United States Playing Card Company (USPCC) Luftkuddefinish Traditionell sk\u00e4rning 56 helt anpassade kort Inneh\u00e5ller 2 jokrar, 1 tomt kl\u00e4tt kort och 1 dubbelt bakkort\"><span class=\"Y2IQFc\" lang=\"sv\">The <b>Bicycle Dinosaurs<\/b> deck is fully customized and designed for both collectors and magicians alike.<\/p>\n<p>Each card has been completely reimagined with a <b>colorful and playful<\/b> prehistoric universe that will bring a smile to kids and adults alike. The court cards have turned into <b>charming dinosaur characters<\/b>, in a style that instantly catches the eye.<\/p>\n<p>But behind its fun, childlike appearance lies a true <b>tool for magicians<\/b>: the back design features a subtle <b>asymmetry<\/b>, allowing for <b>hidden magical possibilities<\/b> while remaining perfectly invisible to the audience.<\/p>\n<p>Whether you&#8217;re a magician, a collector, or simply a fan of beautiful playing cards, the <b>Bicycle Dinosaurs<\/b> will quickly find its place in your collection!<\/p>\n<p><b>Features:<\/b><\/span><\/p>\n<ul>\n<li>Printed by <b>the United States Playing Card Company (USPCC)<\/b><\/li>\n<li><b>Air-Cushion Finish<\/b><\/li>\n<li><b>Traditional cut<\/b><\/li>\n<li><b>56 fully customized cards<\/b><\/li>\n<li>Includes <b>2 Jokers<\/b>, <b>1 blank face card<\/b>, and <b>1 double back card<\/b><\/li>\n<\/ul>\n<p id=\"tw-target-text\" class=\"tw-data-text tw-text-large tw-ta\" dir=\"ltr\" tabindex=\"-1\" role=\"text\" data-placeholder=\"\u00d6vers\u00e4ttning\" data-ved=\"2ahUKEwjxjsimifyQAxUE2SoKHdBVJpcQ3ewLegQIDBAU\" aria-label=\"\u00d6versatt text: Kortleken Bicycle Dinosaurs \u00e4r helt anpassad och designad f\u00f6r b\u00e5de samlare och magiker. Varje kort har blivit helt omgjord med ett f\u00e4rgstarkt och lekfullt f\u00f6rhistoriskt universum som kommer att f\u00e5 b\u00e5de barn och vuxna att le. Hovkorten har f\u00f6rvandlats till charmiga dinosauriefigurer, i en stil som omedelbart f\u00e5ngar \u00f6gat. Men bakom dess roliga, barnsliga utseende finns ett sant verktyg f\u00f6r magiker: baksidan har en subtil asymmetri, vilket m\u00f6jligg\u00f6r dolda magiska m\u00f6jligheter samtidigt som den f\u00f6rblir helt osynlig f\u00f6r publiken. Oavsett om du \u00e4r en magiker, en samlare eller helt enkelt ett fan av vackra spelkort, kommer Bicycle Dinosaurs snabbt att hitta sin plats i din samling! Funktioner: Tryckt av United States Playing Card Company (USPCC) Luftkuddefinish Traditionell sk\u00e4rning 56 helt anpassade kort Inneh\u00e5ller 2 jokrar, 1 tomt kl\u00e4tt kort och 1 dubbelt bakkort\"><span class=\"Y2IQFc\" lang=\"sv\">\u00a0<\/span><\/p>\n<\/div>\n<div id=\"tw-target-rmn-container\" class=\"tw-target-rmn tw-ta-container tw-nfl\" tabindex=\"-1\" role=\"text\">\n<pre id=\"tw-target-rmn\" class=\"tw-data-placeholder tw-text-small tw-ta\" dir=\"ltr\" tabindex=\"-1\" role=\"text\" data-placeholder=\"\"><\/pre>\n<\/div>\n<p> [&#8230;]<\/p>\n<p><a class=\"btn btn-secondary understrap-read-more-link\" href=\"https:\/\/kortleksbolaget.se\/fi\/tuote\/bicycle-dinosaurs\/\">Lue lis\u00e4\u00e4&#8230;<span class=\"screen-reader-text\"> from Bicycle Dinosaurs<\/span><\/a><\/p>\n","protected":false},"featured_media":156238,"template":"","meta":{"_acf_changed":false},"product_brand":[],"product_cat":[130],"product_tag":[],"class_list":{"0":"post-156248","1":"product","2":"type-product","3":"status-publish","4":"has-post-thumbnail","6":"varumarke-bicycle-fi","7":"varumarke-uspcc-fi","8":"product_cat-special-lyx-limited-fi","10":"first","11":"instock","12":"taxable","13":"shipping-taxable","14":"purchasable","15":"product-type-simple"},"acf":[],"yoast_head":"<!-- This site is optimized with the Yoast SEO plugin v26.3 - https:\/\/yoast.com\/wordpress\/plugins\/seo\/ -->\n<title>Kortlek Bicycle Dinosaurs | Kortleksbolaget<\/title>\n<meta name=\"description\" content=\"K\u00f6p Bicycle Dinosaurs. Snabba leveranser &amp; bra priser. Sveriges st\u00f6rsta sortiment av kortlekar p\u00e5 Kortleksbolaget!\" \/>\n<meta name=\"robots\" content=\"index, follow, max-snippet:-1, max-image-preview:large, max-video-preview:-1\" \/>\n<link rel=\"canonical\" href=\"https:\/\/kortleksbolaget.se\/fi\/tuote\/bicycle-dinosaurs\/\" \/>\n<meta property=\"og:locale\" content=\"fi_FI\" \/>\n<meta property=\"og:type\" content=\"article\" \/>\n<meta property=\"og:title\" content=\"Kortlek Bicycle Dinosaurs | Kortleksbolaget\" \/>\n<meta property=\"og:description\" content=\"K\u00f6p Bicycle Dinosaurs. Snabba leveranser &amp; bra priser. Sveriges st\u00f6rsta sortiment av kortlekar p\u00e5 Kortleksbolaget!\" \/>\n<meta property=\"og:url\" content=\"https:\/\/kortleksbolaget.se\/fi\/tuote\/bicycle-dinosaurs\/\" \/>\n<meta property=\"og:site_name\" content=\"Kortleksbolaget\" \/>\n<meta property=\"og:image\" content=\"https:\/\/kortleksbolaget.se\/wp-content\/uploads\/bicycle-dinosaurs-kortlek.jpg\" \/>\n\t<meta property=\"og:image:width\" content=\"443\" \/>\n\t<meta property=\"og:image:height\" content=\"665\" \/>\n\t<meta property=\"og:image:type\" content=\"image\/jpeg\" \/>\n<meta name=\"twitter:card\" content=\"summary_large_image\" \/>\n<script type=\"application\/ld+json\" class=\"yoast-schema-graph\">{\"@context\":\"https:\/\/schema.org\",\"@graph\":[{\"@type\":\"WebPage\",\"@id\":\"https:\/\/kortleksbolaget.se\/fi\/tuote\/bicycle-dinosaurs\/\",\"url\":\"https:\/\/kortleksbolaget.se\/fi\/tuote\/bicycle-dinosaurs\/\",\"name\":\"Kortlek Bicycle Dinosaurs | Kortleksbolaget\",\"isPartOf\":{\"@id\":\"https:\/\/kortleksbolaget.se\/fi\/#website\"},\"primaryImageOfPage\":{\"@id\":\"https:\/\/kortleksbolaget.se\/fi\/tuote\/bicycle-dinosaurs\/#primaryimage\"},\"image\":{\"@id\":\"https:\/\/kortleksbolaget.se\/fi\/tuote\/bicycle-dinosaurs\/#primaryimage\"},\"thumbnailUrl\":\"https:\/\/kortleksbolaget.se\/wp-content\/uploads\/bicycle-dinosaurs-kortlek.jpg\",\"datePublished\":\"2025-12-03T19:25:55+00:00\",\"description\":\"K\u00f6p Bicycle Dinosaurs. Snabba leveranser & bra priser. Sveriges st\u00f6rsta sortiment av kortlekar p\u00e5 Kortleksbolaget!\",\"breadcrumb\":{\"@id\":\"https:\/\/kortleksbolaget.se\/fi\/tuote\/bicycle-dinosaurs\/#breadcrumb\"},\"inLanguage\":\"fi\",\"potentialAction\":[{\"@type\":\"ReadAction\",\"target\":[\"https:\/\/kortleksbolaget.se\/fi\/tuote\/bicycle-dinosaurs\/\"]}]},{\"@type\":\"ImageObject\",\"inLanguage\":\"fi\",\"@id\":\"https:\/\/kortleksbolaget.se\/fi\/tuote\/bicycle-dinosaurs\/#primaryimage\",\"url\":\"https:\/\/kortleksbolaget.se\/wp-content\/uploads\/bicycle-dinosaurs-kortlek.jpg\",\"contentUrl\":\"https:\/\/kortleksbolaget.se\/wp-content\/uploads\/bicycle-dinosaurs-kortlek.jpg\",\"width\":443,\"height\":665},{\"@type\":\"BreadcrumbList\",\"@id\":\"https:\/\/kortleksbolaget.se\/fi\/tuote\/bicycle-dinosaurs\/#breadcrumb\",\"itemListElement\":[{\"@type\":\"ListItem\",\"position\":1,\"name\":\"Hem\",\"item\":\"https:\/\/kortleksbolaget.se\/fi\/\"},{\"@type\":\"ListItem\",\"position\":2,\"name\":\"N\u00e4yt\u00e4 kaikki tuotteet\",\"item\":\"https:\/\/kortleksbolaget.se\/fi\/kaupassa\/\"},{\"@type\":\"ListItem\",\"position\":3,\"name\":\"Bicycle Dinosaurs\"}]},{\"@type\":\"WebSite\",\"@id\":\"https:\/\/kortleksbolaget.se\/fi\/#website\",\"url\":\"https:\/\/kortleksbolaget.se\/fi\/\",\"name\":\"Kortleksbolaget\",\"description\":\"Kortlekar p\u00e5 n\u00e4tet\",\"publisher\":{\"@id\":\"https:\/\/kortleksbolaget.se\/fi\/#organization\"},\"potentialAction\":[{\"@type\":\"SearchAction\",\"target\":{\"@type\":\"EntryPoint\",\"urlTemplate\":\"https:\/\/kortleksbolaget.se\/fi\/?s={search_term_string}\"},\"query-input\":{\"@type\":\"PropertyValueSpecification\",\"valueRequired\":true,\"valueName\":\"search_term_string\"}}],\"inLanguage\":\"fi\"},{\"@type\":\"Organization\",\"@id\":\"https:\/\/kortleksbolaget.se\/fi\/#organization\",\"name\":\"Kortleksbolaget\",\"url\":\"https:\/\/kortleksbolaget.se\/fi\/\",\"logo\":{\"@type\":\"ImageObject\",\"inLanguage\":\"fi\",\"@id\":\"https:\/\/kortleksbolaget.se\/fi\/#\/schema\/logo\/image\/\",\"url\":\"https:\/\/kortleksbolaget.se\/wp-content\/uploads\/kortleksbolaget_logo-svart.png\",\"contentUrl\":\"https:\/\/kortleksbolaget.se\/wp-content\/uploads\/kortleksbolaget_logo-svart.png\",\"width\":1200,\"height\":296,\"caption\":\"Kortleksbolaget\"},\"image\":{\"@id\":\"https:\/\/kortleksbolaget.se\/fi\/#\/schema\/logo\/image\/\"}}]}<\/script>\n<!-- \/ Yoast SEO plugin. -->","yoast_head_json":{"title":"Kortlek Bicycle Dinosaurs | Kortleksbolaget","description":"K\u00f6p Bicycle Dinosaurs. Snabba leveranser & bra priser. Sveriges st\u00f6rsta sortiment av kortlekar p\u00e5 Kortleksbolaget!","robots":{"index":"index","follow":"follow","max-snippet":"max-snippet:-1","max-image-preview":"max-image-preview:large","max-video-preview":"max-video-preview:-1"},"canonical":"https:\/\/kortleksbolaget.se\/fi\/tuote\/bicycle-dinosaurs\/","og_locale":"fi_FI","og_type":"article","og_title":"Kortlek Bicycle Dinosaurs | Kortleksbolaget","og_description":"K\u00f6p Bicycle Dinosaurs. Snabba leveranser & bra priser. Sveriges st\u00f6rsta sortiment av kortlekar p\u00e5 Kortleksbolaget!","og_url":"https:\/\/kortleksbolaget.se\/fi\/tuote\/bicycle-dinosaurs\/","og_site_name":"Kortleksbolaget","og_image":[{"width":443,"height":665,"url":"https:\/\/kortleksbolaget.se\/wp-content\/uploads\/bicycle-dinosaurs-kortlek.jpg","type":"image\/jpeg"}],"twitter_card":"summary_large_image","schema":{"@context":"https:\/\/schema.org","@graph":[{"@type":"WebPage","@id":"https:\/\/kortleksbolaget.se\/fi\/tuote\/bicycle-dinosaurs\/","url":"https:\/\/kortleksbolaget.se\/fi\/tuote\/bicycle-dinosaurs\/","name":"Kortlek Bicycle Dinosaurs | Kortleksbolaget","isPartOf":{"@id":"https:\/\/kortleksbolaget.se\/fi\/#website"},"primaryImageOfPage":{"@id":"https:\/\/kortleksbolaget.se\/fi\/tuote\/bicycle-dinosaurs\/#primaryimage"},"image":{"@id":"https:\/\/kortleksbolaget.se\/fi\/tuote\/bicycle-dinosaurs\/#primaryimage"},"thumbnailUrl":"https:\/\/kortleksbolaget.se\/wp-content\/uploads\/bicycle-dinosaurs-kortlek.jpg","datePublished":"2025-12-03T19:25:55+00:00","description":"K\u00f6p Bicycle Dinosaurs. Snabba leveranser & bra priser. Sveriges st\u00f6rsta sortiment av kortlekar p\u00e5 Kortleksbolaget!","breadcrumb":{"@id":"https:\/\/kortleksbolaget.se\/fi\/tuote\/bicycle-dinosaurs\/#breadcrumb"},"inLanguage":"fi","potentialAction":[{"@type":"ReadAction","target":["https:\/\/kortleksbolaget.se\/fi\/tuote\/bicycle-dinosaurs\/"]}]},{"@type":"ImageObject","inLanguage":"fi","@id":"https:\/\/kortleksbolaget.se\/fi\/tuote\/bicycle-dinosaurs\/#primaryimage","url":"https:\/\/kortleksbolaget.se\/wp-content\/uploads\/bicycle-dinosaurs-kortlek.jpg","contentUrl":"https:\/\/kortleksbolaget.se\/wp-content\/uploads\/bicycle-dinosaurs-kortlek.jpg","width":443,"height":665},{"@type":"BreadcrumbList","@id":"https:\/\/kortleksbolaget.se\/fi\/tuote\/bicycle-dinosaurs\/#breadcrumb","itemListElement":[{"@type":"ListItem","position":1,"name":"Hem","item":"https:\/\/kortleksbolaget.se\/fi\/"},{"@type":"ListItem","position":2,"name":"N\u00e4yt\u00e4 kaikki tuotteet","item":"https:\/\/kortleksbolaget.se\/fi\/kaupassa\/"},{"@type":"ListItem","position":3,"name":"Bicycle Dinosaurs"}]},{"@type":"WebSite","@id":"https:\/\/kortleksbolaget.se\/fi\/#website","url":"https:\/\/kortleksbolaget.se\/fi\/","name":"Kortleksbolaget","description":"Kortlekar p\u00e5 n\u00e4tet","publisher":{"@id":"https:\/\/kortleksbolaget.se\/fi\/#organization"},"potentialAction":[{"@type":"SearchAction","target":{"@type":"EntryPoint","urlTemplate":"https:\/\/kortleksbolaget.se\/fi\/?s={search_term_string}"},"query-input":{"@type":"PropertyValueSpecification","valueRequired":true,"valueName":"search_term_string"}}],"inLanguage":"fi"},{"@type":"Organization","@id":"https:\/\/kortleksbolaget.se\/fi\/#organization","name":"Kortleksbolaget","url":"https:\/\/kortleksbolaget.se\/fi\/","logo":{"@type":"ImageObject","inLanguage":"fi","@id":"https:\/\/kortleksbolaget.se\/fi\/#\/schema\/logo\/image\/","url":"https:\/\/kortleksbolaget.se\/wp-content\/uploads\/kortleksbolaget_logo-svart.png","contentUrl":"https:\/\/kortleksbolaget.se\/wp-content\/uploads\/kortleksbolaget_logo-svart.png","width":1200,"height":296,"caption":"Kortleksbolaget"},"image":{"@id":"https:\/\/kortleksbolaget.se\/fi\/#\/schema\/logo\/image\/"}}]}},"_links":{"self":[{"href":"https:\/\/kortleksbolaget.se\/fi\/wp-json\/wp\/v2\/product\/156248","targetHints":{"allow":["GET"]}}],"collection":[{"href":"https:\/\/kortleksbolaget.se\/fi\/wp-json\/wp\/v2\/product"}],"about":[{"href":"https:\/\/kortleksbolaget.se\/fi\/wp-json\/wp\/v2\/types\/product"}],"wp:featuredmedia":[{"embeddable":true,"href":"https:\/\/kortleksbolaget.se\/fi\/wp-json\/wp\/v2\/media\/156238"}],"wp:attachment":[{"href":"https:\/\/kortleksbolaget.se\/fi\/wp-json\/wp\/v2\/media?parent=156248"}],"wp:term":[{"taxonomy":"product_brand","embeddable":true,"href":"https:\/\/kortleksbolaget.se\/fi\/wp-json\/wp\/v2\/product_brand?post=156248"},{"taxonomy":"product_cat","embeddable":true,"href":"https:\/\/kortleksbolaget.se\/fi\/wp-json\/wp\/v2\/product_cat?post=156248"},{"taxonomy":"product_tag","embeddable":true,"href":"https:\/\/kortleksbolaget.se\/fi\/wp-json\/wp\/v2\/product_tag?post=156248"}],"curies":[{"name":"wp","href":"https:\/\/api.w.org\/{rel}","templated":true}]}}