{"id":15632,"date":"2020-03-28T22:24:59","date_gmt":"2020-03-28T21:24:59","guid":{"rendered":"https:\/\/kortleksbolaget.se\/nyasidan2021\/produkt\/outlaw-hell-riders\/"},"modified":"2020-11-22T15:48:38","modified_gmt":"2020-11-22T14:48:38","slug":"outlaw-hell-riders","status":"publish","type":"product","link":"https:\/\/kortleksbolaget.se\/fi\/tuote\/outlaw-hell-riders\/","title":{"rendered":"Outlaw Hell Riders"},"content":{"rendered":"","protected":false},"excerpt":{"rendered":"<div>\n<p>LIMITED EDITION: Only 1000 printed! Will NOT be reprinted.<\/p>\n<p>RAISE A LITTLE HELL.<\/p>\n<p>The Outlaw Hell Riders is a force to be reckoned with.The Limited Edition of our original Outlaw playing cards is a low down and dirty deck that&#8217;s been through hell and back. Only 1000 made, each card has a burned-out, vintage, cracked red back design and custom-treated, individually distressed faces. No two are the same.<\/p>\n<p>FULLY CUSTOM.<\/p>\n<p>Like any motorcycle club worth their weight, they only ride custom machines and the Outlaw Hell Riders are no different. From the vicious, wild ride of a back design to the Ace of Spades club patch and road warrior skeleton Jokers, Outlaw is a custom built beast from the ground up. Featuring a fully armed, rebel motorcycle crew of Court cards, they&#8217;re some of the most hardcore Jacks, beautiful Queens and deadly Kings you&#8217;ll ever deal with.<\/p>\n<p>MARKED.<\/p>\n<p>Weapons of mass deception, the Outlaw Hell Riders carry a dirty little secret hidden amongst the dirt and grime of each back design. Easy to read and almost impossible to detect, we&#8217;ve designed a marking system that can be read at a glance to reveal the identity of every card in the deck. Perfect for magicians and deceivers everywhere.<\/p>\n<p>DANGEROUSLY LIMITED.<\/p>\n<p>Only 1000 made, one print run of the Hell Riders is all there will be. Made in the USA on Premium, casino-grade, crushed card stock with an air-cushion finish, they&#8217;re a high-quality beast of a deck. Caged in a cracked and creased-looking distressed tuck case with embossing, the Hell Riders come complete with our Outlaw manifesto print hidden inside and finished with custom designed vintage seal for protection.<\/p>\n<p>Crafted by Kings &amp; Crooks designer Lee McKenzie and inspired by the &#8217;live free and ride hard&#8217; spirit of rebel motorcycle clubs, the Outlaw Hell Riders is a limited edition, marked, custom-designed deck with a bad attitude and big cojones.<\/p>\n<p>It&#8217;s time to raise some hell. Get &#8217;em while they&#8217;re hot. See pictures below.<\/p>\n<\/div>\n<p id=\"tw-target-text\" class=\"tw-data-text tw-text-large tw-ta\" dir=\"ltr\" data-placeholder=\"\u00d6vers\u00e4ttning\"><span lang=\"sv\">\u00a0<\/span><\/p>\n<p> [&#8230;]<\/p>\n<p><a class=\"btn btn-secondary understrap-read-more-link\" href=\"https:\/\/kortleksbolaget.se\/fi\/tuote\/outlaw-hell-riders\/\">Lue lis\u00e4\u00e4&#8230;<span class=\"screen-reader-text\"> from Outlaw Hell Riders<\/span><\/a><\/p>\n","protected":false},"featured_media":15639,"template":"","meta":{"_acf_changed":false},"product_brand":[],"product_cat":[130],"product_tag":[],"class_list":{"0":"post-15632","1":"product","2":"type-product","3":"status-publish","4":"has-post-thumbnail","6":"varumarke-uspcc-fi","7":"product_cat-special-lyx-limited-fi","9":"first","10":"outofstock","11":"taxable","12":"shipping-taxable","13":"purchasable","14":"product-type-simple"},"acf":[],"yoast_head":"<!-- This site is optimized with the Yoast SEO plugin v27.5 - https:\/\/yoast.com\/product\/yoast-seo-wordpress\/ -->\n<title>Kortlek Outlaw Hell Riders | Kortleksbolaget<\/title>\n<meta name=\"description\" content=\"K\u00f6p Outlaw Hell Riders. Snabba leveranser &amp; bra priser. Sveriges st\u00f6rsta sortiment av kortlekar p\u00e5 Kortleksbolaget!\" \/>\n<meta name=\"robots\" content=\"index, follow, max-snippet:-1, max-image-preview:large, max-video-preview:-1\" \/>\n<link rel=\"canonical\" href=\"https:\/\/kortleksbolaget.se\/fi\/tuote\/outlaw-hell-riders\/\" \/>\n<meta property=\"og:locale\" content=\"fi_FI\" \/>\n<meta property=\"og:type\" content=\"article\" \/>\n<meta property=\"og:title\" content=\"Kortlek Outlaw Hell Riders | Kortleksbolaget\" \/>\n<meta property=\"og:description\" content=\"K\u00f6p Outlaw Hell Riders. Snabba leveranser &amp; bra priser. Sveriges st\u00f6rsta sortiment av kortlekar p\u00e5 Kortleksbolaget!\" \/>\n<meta property=\"og:url\" content=\"https:\/\/kortleksbolaget.se\/fi\/tuote\/outlaw-hell-riders\/\" \/>\n<meta property=\"og:site_name\" content=\"Kortleksbolaget\" \/>\n<meta property=\"article:modified_time\" content=\"2020-11-22T14:48:38+00:00\" \/>\n<meta property=\"og:image\" content=\"https:\/\/kortleksbolaget.se\/wp-content\/uploads\/outlaw-hellriders-playingcards-1.jpg\" \/>\n\t<meta property=\"og:image:width\" content=\"602\" \/>\n\t<meta property=\"og:image:height\" content=\"903\" \/>\n\t<meta property=\"og:image:type\" content=\"image\/jpeg\" \/>\n<meta name=\"twitter:card\" content=\"summary_large_image\" \/>\n<script type=\"application\/ld+json\" class=\"yoast-schema-graph\">{\"@context\":\"https:\\\/\\\/schema.org\",\"@graph\":[{\"@type\":\"WebPage\",\"@id\":\"https:\\\/\\\/kortleksbolaget.se\\\/fi\\\/tuote\\\/outlaw-hell-riders\\\/\",\"url\":\"https:\\\/\\\/kortleksbolaget.se\\\/fi\\\/tuote\\\/outlaw-hell-riders\\\/\",\"name\":\"Kortlek Outlaw Hell Riders | Kortleksbolaget\",\"isPartOf\":{\"@id\":\"https:\\\/\\\/kortleksbolaget.se\\\/fi\\\/#website\"},\"primaryImageOfPage\":{\"@id\":\"https:\\\/\\\/kortleksbolaget.se\\\/fi\\\/tuote\\\/outlaw-hell-riders\\\/#primaryimage\"},\"image\":{\"@id\":\"https:\\\/\\\/kortleksbolaget.se\\\/fi\\\/tuote\\\/outlaw-hell-riders\\\/#primaryimage\"},\"thumbnailUrl\":\"https:\\\/\\\/kortleksbolaget.se\\\/wp-content\\\/uploads\\\/outlaw-hellriders-playingcards-1.jpg\",\"datePublished\":\"2020-03-28T21:24:59+00:00\",\"dateModified\":\"2020-11-22T14:48:38+00:00\",\"description\":\"K\u00f6p Outlaw Hell Riders. Snabba leveranser & bra priser. Sveriges st\u00f6rsta sortiment av kortlekar p\u00e5 Kortleksbolaget!\",\"breadcrumb\":{\"@id\":\"https:\\\/\\\/kortleksbolaget.se\\\/fi\\\/tuote\\\/outlaw-hell-riders\\\/#breadcrumb\"},\"inLanguage\":\"fi\",\"potentialAction\":[{\"@type\":\"ReadAction\",\"target\":[\"https:\\\/\\\/kortleksbolaget.se\\\/fi\\\/tuote\\\/outlaw-hell-riders\\\/\"]}]},{\"@type\":\"ImageObject\",\"inLanguage\":\"fi\",\"@id\":\"https:\\\/\\\/kortleksbolaget.se\\\/fi\\\/tuote\\\/outlaw-hell-riders\\\/#primaryimage\",\"url\":\"https:\\\/\\\/kortleksbolaget.se\\\/wp-content\\\/uploads\\\/outlaw-hellriders-playingcards-1.jpg\",\"contentUrl\":\"https:\\\/\\\/kortleksbolaget.se\\\/wp-content\\\/uploads\\\/outlaw-hellriders-playingcards-1.jpg\",\"width\":602,\"height\":903},{\"@type\":\"BreadcrumbList\",\"@id\":\"https:\\\/\\\/kortleksbolaget.se\\\/fi\\\/tuote\\\/outlaw-hell-riders\\\/#breadcrumb\",\"itemListElement\":[{\"@type\":\"ListItem\",\"position\":1,\"name\":\"Hem\",\"item\":\"https:\\\/\\\/kortleksbolaget.se\\\/fi\\\/\"},{\"@type\":\"ListItem\",\"position\":2,\"name\":\"N\u00e4yt\u00e4 kaikki tuotteet\",\"item\":\"https:\\\/\\\/kortleksbolaget.se\\\/fi\\\/kaupassa\\\/\"},{\"@type\":\"ListItem\",\"position\":3,\"name\":\"Outlaw Hell Riders\"}]},{\"@type\":\"WebSite\",\"@id\":\"https:\\\/\\\/kortleksbolaget.se\\\/fi\\\/#website\",\"url\":\"https:\\\/\\\/kortleksbolaget.se\\\/fi\\\/\",\"name\":\"Kortleksbolaget\",\"description\":\"Kortlekar p\u00e5 n\u00e4tet\",\"publisher\":{\"@id\":\"https:\\\/\\\/kortleksbolaget.se\\\/fi\\\/#organization\"},\"potentialAction\":[{\"@type\":\"SearchAction\",\"target\":{\"@type\":\"EntryPoint\",\"urlTemplate\":\"https:\\\/\\\/kortleksbolaget.se\\\/fi\\\/?s={search_term_string}\"},\"query-input\":{\"@type\":\"PropertyValueSpecification\",\"valueRequired\":true,\"valueName\":\"search_term_string\"}}],\"inLanguage\":\"fi\"},{\"@type\":\"Organization\",\"@id\":\"https:\\\/\\\/kortleksbolaget.se\\\/fi\\\/#organization\",\"name\":\"Kortleksbolaget\",\"url\":\"https:\\\/\\\/kortleksbolaget.se\\\/fi\\\/\",\"logo\":{\"@type\":\"ImageObject\",\"inLanguage\":\"fi\",\"@id\":\"https:\\\/\\\/kortleksbolaget.se\\\/fi\\\/#\\\/schema\\\/logo\\\/image\\\/\",\"url\":\"https:\\\/\\\/kortleksbolaget.se\\\/wp-content\\\/uploads\\\/kortleksbolaget_logo-svart.png\",\"contentUrl\":\"https:\\\/\\\/kortleksbolaget.se\\\/wp-content\\\/uploads\\\/kortleksbolaget_logo-svart.png\",\"width\":1200,\"height\":296,\"caption\":\"Kortleksbolaget\"},\"image\":{\"@id\":\"https:\\\/\\\/kortleksbolaget.se\\\/fi\\\/#\\\/schema\\\/logo\\\/image\\\/\"}}]}<\/script>\n<!-- \/ Yoast SEO plugin. -->","yoast_head_json":{"title":"Kortlek Outlaw Hell Riders | Kortleksbolaget","description":"K\u00f6p Outlaw Hell Riders. Snabba leveranser & bra priser. Sveriges st\u00f6rsta sortiment av kortlekar p\u00e5 Kortleksbolaget!","robots":{"index":"index","follow":"follow","max-snippet":"max-snippet:-1","max-image-preview":"max-image-preview:large","max-video-preview":"max-video-preview:-1"},"canonical":"https:\/\/kortleksbolaget.se\/fi\/tuote\/outlaw-hell-riders\/","og_locale":"fi_FI","og_type":"article","og_title":"Kortlek Outlaw Hell Riders | Kortleksbolaget","og_description":"K\u00f6p Outlaw Hell Riders. Snabba leveranser & bra priser. Sveriges st\u00f6rsta sortiment av kortlekar p\u00e5 Kortleksbolaget!","og_url":"https:\/\/kortleksbolaget.se\/fi\/tuote\/outlaw-hell-riders\/","og_site_name":"Kortleksbolaget","article_modified_time":"2020-11-22T14:48:38+00:00","og_image":[{"width":602,"height":903,"url":"https:\/\/kortleksbolaget.se\/wp-content\/uploads\/outlaw-hellriders-playingcards-1.jpg","type":"image\/jpeg"}],"twitter_card":"summary_large_image","schema":{"@context":"https:\/\/schema.org","@graph":[{"@type":"WebPage","@id":"https:\/\/kortleksbolaget.se\/fi\/tuote\/outlaw-hell-riders\/","url":"https:\/\/kortleksbolaget.se\/fi\/tuote\/outlaw-hell-riders\/","name":"Kortlek Outlaw Hell Riders | Kortleksbolaget","isPartOf":{"@id":"https:\/\/kortleksbolaget.se\/fi\/#website"},"primaryImageOfPage":{"@id":"https:\/\/kortleksbolaget.se\/fi\/tuote\/outlaw-hell-riders\/#primaryimage"},"image":{"@id":"https:\/\/kortleksbolaget.se\/fi\/tuote\/outlaw-hell-riders\/#primaryimage"},"thumbnailUrl":"https:\/\/kortleksbolaget.se\/wp-content\/uploads\/outlaw-hellriders-playingcards-1.jpg","datePublished":"2020-03-28T21:24:59+00:00","dateModified":"2020-11-22T14:48:38+00:00","description":"K\u00f6p Outlaw Hell Riders. Snabba leveranser & bra priser. Sveriges st\u00f6rsta sortiment av kortlekar p\u00e5 Kortleksbolaget!","breadcrumb":{"@id":"https:\/\/kortleksbolaget.se\/fi\/tuote\/outlaw-hell-riders\/#breadcrumb"},"inLanguage":"fi","potentialAction":[{"@type":"ReadAction","target":["https:\/\/kortleksbolaget.se\/fi\/tuote\/outlaw-hell-riders\/"]}]},{"@type":"ImageObject","inLanguage":"fi","@id":"https:\/\/kortleksbolaget.se\/fi\/tuote\/outlaw-hell-riders\/#primaryimage","url":"https:\/\/kortleksbolaget.se\/wp-content\/uploads\/outlaw-hellriders-playingcards-1.jpg","contentUrl":"https:\/\/kortleksbolaget.se\/wp-content\/uploads\/outlaw-hellriders-playingcards-1.jpg","width":602,"height":903},{"@type":"BreadcrumbList","@id":"https:\/\/kortleksbolaget.se\/fi\/tuote\/outlaw-hell-riders\/#breadcrumb","itemListElement":[{"@type":"ListItem","position":1,"name":"Hem","item":"https:\/\/kortleksbolaget.se\/fi\/"},{"@type":"ListItem","position":2,"name":"N\u00e4yt\u00e4 kaikki tuotteet","item":"https:\/\/kortleksbolaget.se\/fi\/kaupassa\/"},{"@type":"ListItem","position":3,"name":"Outlaw Hell Riders"}]},{"@type":"WebSite","@id":"https:\/\/kortleksbolaget.se\/fi\/#website","url":"https:\/\/kortleksbolaget.se\/fi\/","name":"Kortleksbolaget","description":"Kortlekar p\u00e5 n\u00e4tet","publisher":{"@id":"https:\/\/kortleksbolaget.se\/fi\/#organization"},"potentialAction":[{"@type":"SearchAction","target":{"@type":"EntryPoint","urlTemplate":"https:\/\/kortleksbolaget.se\/fi\/?s={search_term_string}"},"query-input":{"@type":"PropertyValueSpecification","valueRequired":true,"valueName":"search_term_string"}}],"inLanguage":"fi"},{"@type":"Organization","@id":"https:\/\/kortleksbolaget.se\/fi\/#organization","name":"Kortleksbolaget","url":"https:\/\/kortleksbolaget.se\/fi\/","logo":{"@type":"ImageObject","inLanguage":"fi","@id":"https:\/\/kortleksbolaget.se\/fi\/#\/schema\/logo\/image\/","url":"https:\/\/kortleksbolaget.se\/wp-content\/uploads\/kortleksbolaget_logo-svart.png","contentUrl":"https:\/\/kortleksbolaget.se\/wp-content\/uploads\/kortleksbolaget_logo-svart.png","width":1200,"height":296,"caption":"Kortleksbolaget"},"image":{"@id":"https:\/\/kortleksbolaget.se\/fi\/#\/schema\/logo\/image\/"}}]}},"_links":{"self":[{"href":"https:\/\/kortleksbolaget.se\/fi\/wp-json\/wp\/v2\/product\/15632","targetHints":{"allow":["GET"]}}],"collection":[{"href":"https:\/\/kortleksbolaget.se\/fi\/wp-json\/wp\/v2\/product"}],"about":[{"href":"https:\/\/kortleksbolaget.se\/fi\/wp-json\/wp\/v2\/types\/product"}],"wp:featuredmedia":[{"embeddable":true,"href":"https:\/\/kortleksbolaget.se\/fi\/wp-json\/wp\/v2\/media\/15639"}],"wp:attachment":[{"href":"https:\/\/kortleksbolaget.se\/fi\/wp-json\/wp\/v2\/media?parent=15632"}],"wp:term":[{"taxonomy":"product_brand","embeddable":true,"href":"https:\/\/kortleksbolaget.se\/fi\/wp-json\/wp\/v2\/product_brand?post=15632"},{"taxonomy":"product_cat","embeddable":true,"href":"https:\/\/kortleksbolaget.se\/fi\/wp-json\/wp\/v2\/product_cat?post=15632"},{"taxonomy":"product_tag","embeddable":true,"href":"https:\/\/kortleksbolaget.se\/fi\/wp-json\/wp\/v2\/product_tag?post=15632"}],"curies":[{"name":"wp","href":"https:\/\/api.w.org\/{rel}","templated":true}]}}