{"id":156406,"date":"2025-12-07T11:06:15","date_gmt":"2025-12-07T10:06:15","guid":{"rendered":"https:\/\/kortleksbolaget.se\/produkt\/the-goldsmith-2-deck-set-limited-edition\/"},"modified":"2025-12-07T11:06:15","modified_gmt":"2025-12-07T10:06:15","slug":"the-goldsmith-2-deck-set-limited-edition","status":"publish","type":"product","link":"https:\/\/kortleksbolaget.se\/fi\/tuote\/the-goldsmith-2-deck-set-limited-edition\/","title":{"rendered":"The Goldsmith 2-Deck Set Limited Edition"},"content":{"rendered":"","protected":false},"excerpt":{"rendered":"<p id=\"tw-target-text\" class=\"tw-data-text tw-text-large tw-ta\" dir=\"ltr\" tabindex=\"-1\" role=\"text\" data-placeholder=\"\u00d6vers\u00e4ttning\" data-ved=\"2ahUKEwjAo7TQn_-QAxVrGhAIHY3KHtIQ3ewLegQIDBAU\" aria-label=\"\u00d6versatt text: The Gentleman Wake presenterar det f\u00f6rsta erbjudandet av ett nytt Cantrell A Priori-m\u00e4rke (CAP) fr\u00e5n Kevin Cantrell Studios; The Goldsmith Playing Cards. Elegant och utsmyckat. Vackra och lyxiga. Goldsmith-spelkorten hyllar tryckpressens fader, guldsmedernas son, Johannes Gutenberg. Varje set levereras med en (1) Goldsmith svart utg\u00e5va, en (1) Goldsmith vit utg\u00e5va, ett (1) Goldsmith lyxigt 24k guldpl\u00e4terat minnesmynt och ett (1) fodral i \u00e4kta valn\u00f6tskarat med magnetiserat h\u00f6gkvalitativt akryl\u00f6verdrag och mynth\u00e5llare. Endast 750 set kommer n\u00e5gonsin att produceras. Korten trycks av WJPC p\u00e5 deras premiumpapper med linnefinish och har briljant kallfolie p\u00e5 baksidan och framsidan samt vackra guldf\u00f6rgyllda kanter som \u00e4r perfekta f\u00f6r att f\u00f6rl\u00e4nga kortens livsl\u00e4ngd. Kortaskarna trycks av Studio Pression i Frankrike och har premiumfoliepr\u00e4gling p\u00e5 kartong av h\u00f6gsta kvalitet. Fodralen i valn\u00f6tskarat \u00e4r br\u00e4nnm\u00e4rkta p\u00e5 baksidan och tillverkas och tillhandah\u00e5lls av Carat Case Creations.\"><span class=\"Y2IQFc\" lang=\"sv\">The Gentleman Wake presents the first offering of a new Cantrell A Priori brand (CAP) by Kevin Cantrell Studios; <b>The Goldsmith Playing Cards<\/b>.<\/p>\n<p>Elegant and ornate. Beautiful and luxurious. The Goldsmith playing cards pay homage to the father of the printing press, son of goldsmiths, Johannes Gutenberg.<\/p>\n<p>Every set comes with one (1) Goldsmith black edition, one (1) Goldsmith white edition, one (1) Goldsmith luxury 24k gold plated commemorative coin, and one (1) real walnut carat case with magnetized high grade acrylic cover and coin holder. Only 750 Sets will ever be produced.<\/p>\n<p>The cards are printed by WJPC, on their premium stock with linen finish and feature brilliant cold foil on the backs and faces and beautiful gold gilded edges ideal for extending the lifespan of the cards. The tuck boxes are printed by Studio Pression in France and feature premium foil embossing on the highest quality card stock. The walnut carat cases are branded on the back and are manufactured and provided by Carat Case Creations. <\/span><\/p>\n<p> [&#8230;]<\/p>\n<p><a class=\"btn btn-secondary understrap-read-more-link\" href=\"https:\/\/kortleksbolaget.se\/fi\/tuote\/the-goldsmith-2-deck-set-limited-edition\/\">Lue lis\u00e4\u00e4&#8230;<span class=\"screen-reader-text\"> from The Goldsmith 2-Deck Set Limited Edition<\/span><\/a><\/p>\n","protected":false},"featured_media":156397,"template":"","meta":{"_acf_changed":false},"product_brand":[],"product_cat":[130],"product_tag":[],"class_list":{"0":"post-156406","1":"product","2":"type-product","3":"status-publish","4":"has-post-thumbnail","6":"product_cat-special-lyx-limited-fi","8":"first","9":"outofstock","10":"taxable","11":"shipping-taxable","12":"purchasable","13":"product-type-simple"},"acf":[],"yoast_head":"<!-- This site is optimized with the Yoast SEO plugin v26.3 - https:\/\/yoast.com\/wordpress\/plugins\/seo\/ -->\n<title>Kortlek The Goldsmith 2-Deck Set Limited Edition | Kortleksbolaget<\/title>\n<meta name=\"description\" content=\"K\u00f6p The Goldsmith 2-Deck Set Limited Edition. Snabba leveranser &amp; bra priser. Sveriges st\u00f6rsta sortiment av kortlekar p\u00e5 Kortleksbolaget!\" \/>\n<meta name=\"robots\" content=\"index, follow, max-snippet:-1, max-image-preview:large, max-video-preview:-1\" \/>\n<link rel=\"canonical\" href=\"https:\/\/kortleksbolaget.se\/fi\/tuote\/the-goldsmith-2-deck-set-limited-edition\/\" \/>\n<meta property=\"og:locale\" content=\"fi_FI\" \/>\n<meta property=\"og:type\" content=\"article\" \/>\n<meta property=\"og:title\" content=\"Kortlek The Goldsmith 2-Deck Set Limited Edition | Kortleksbolaget\" \/>\n<meta property=\"og:description\" content=\"K\u00f6p The Goldsmith 2-Deck Set Limited Edition. Snabba leveranser &amp; bra priser. Sveriges st\u00f6rsta sortiment av kortlekar p\u00e5 Kortleksbolaget!\" \/>\n<meta property=\"og:url\" content=\"https:\/\/kortleksbolaget.se\/fi\/tuote\/the-goldsmith-2-deck-set-limited-edition\/\" \/>\n<meta property=\"og:site_name\" content=\"Kortleksbolaget\" \/>\n<meta property=\"og:image\" content=\"https:\/\/kortleksbolaget.se\/wp-content\/uploads\/gutenberg-the-goldsmith-playing-cards.jpg\" \/>\n\t<meta property=\"og:image:width\" content=\"964\" \/>\n\t<meta property=\"og:image:height\" content=\"1447\" \/>\n\t<meta property=\"og:image:type\" content=\"image\/jpeg\" \/>\n<meta name=\"twitter:card\" content=\"summary_large_image\" \/>\n<script type=\"application\/ld+json\" class=\"yoast-schema-graph\">{\"@context\":\"https:\/\/schema.org\",\"@graph\":[{\"@type\":\"WebPage\",\"@id\":\"https:\/\/kortleksbolaget.se\/fi\/tuote\/the-goldsmith-2-deck-set-limited-edition\/\",\"url\":\"https:\/\/kortleksbolaget.se\/fi\/tuote\/the-goldsmith-2-deck-set-limited-edition\/\",\"name\":\"Kortlek The Goldsmith 2-Deck Set Limited Edition | Kortleksbolaget\",\"isPartOf\":{\"@id\":\"https:\/\/kortleksbolaget.se\/fi\/#website\"},\"primaryImageOfPage\":{\"@id\":\"https:\/\/kortleksbolaget.se\/fi\/tuote\/the-goldsmith-2-deck-set-limited-edition\/#primaryimage\"},\"image\":{\"@id\":\"https:\/\/kortleksbolaget.se\/fi\/tuote\/the-goldsmith-2-deck-set-limited-edition\/#primaryimage\"},\"thumbnailUrl\":\"https:\/\/kortleksbolaget.se\/wp-content\/uploads\/gutenberg-the-goldsmith-playing-cards.jpg\",\"datePublished\":\"2025-12-07T10:06:15+00:00\",\"description\":\"K\u00f6p The Goldsmith 2-Deck Set Limited Edition. Snabba leveranser & bra priser. Sveriges st\u00f6rsta sortiment av kortlekar p\u00e5 Kortleksbolaget!\",\"breadcrumb\":{\"@id\":\"https:\/\/kortleksbolaget.se\/fi\/tuote\/the-goldsmith-2-deck-set-limited-edition\/#breadcrumb\"},\"inLanguage\":\"fi\",\"potentialAction\":[{\"@type\":\"ReadAction\",\"target\":[\"https:\/\/kortleksbolaget.se\/fi\/tuote\/the-goldsmith-2-deck-set-limited-edition\/\"]}]},{\"@type\":\"ImageObject\",\"inLanguage\":\"fi\",\"@id\":\"https:\/\/kortleksbolaget.se\/fi\/tuote\/the-goldsmith-2-deck-set-limited-edition\/#primaryimage\",\"url\":\"https:\/\/kortleksbolaget.se\/wp-content\/uploads\/gutenberg-the-goldsmith-playing-cards.jpg\",\"contentUrl\":\"https:\/\/kortleksbolaget.se\/wp-content\/uploads\/gutenberg-the-goldsmith-playing-cards.jpg\",\"width\":964,\"height\":1447},{\"@type\":\"BreadcrumbList\",\"@id\":\"https:\/\/kortleksbolaget.se\/fi\/tuote\/the-goldsmith-2-deck-set-limited-edition\/#breadcrumb\",\"itemListElement\":[{\"@type\":\"ListItem\",\"position\":1,\"name\":\"Hem\",\"item\":\"https:\/\/kortleksbolaget.se\/fi\/\"},{\"@type\":\"ListItem\",\"position\":2,\"name\":\"N\u00e4yt\u00e4 kaikki tuotteet\",\"item\":\"https:\/\/kortleksbolaget.se\/fi\/kaupassa\/\"},{\"@type\":\"ListItem\",\"position\":3,\"name\":\"The Goldsmith 2-Deck Set Limited Edition\"}]},{\"@type\":\"WebSite\",\"@id\":\"https:\/\/kortleksbolaget.se\/fi\/#website\",\"url\":\"https:\/\/kortleksbolaget.se\/fi\/\",\"name\":\"Kortleksbolaget\",\"description\":\"Kortlekar p\u00e5 n\u00e4tet\",\"publisher\":{\"@id\":\"https:\/\/kortleksbolaget.se\/fi\/#organization\"},\"potentialAction\":[{\"@type\":\"SearchAction\",\"target\":{\"@type\":\"EntryPoint\",\"urlTemplate\":\"https:\/\/kortleksbolaget.se\/fi\/?s={search_term_string}\"},\"query-input\":{\"@type\":\"PropertyValueSpecification\",\"valueRequired\":true,\"valueName\":\"search_term_string\"}}],\"inLanguage\":\"fi\"},{\"@type\":\"Organization\",\"@id\":\"https:\/\/kortleksbolaget.se\/fi\/#organization\",\"name\":\"Kortleksbolaget\",\"url\":\"https:\/\/kortleksbolaget.se\/fi\/\",\"logo\":{\"@type\":\"ImageObject\",\"inLanguage\":\"fi\",\"@id\":\"https:\/\/kortleksbolaget.se\/fi\/#\/schema\/logo\/image\/\",\"url\":\"https:\/\/kortleksbolaget.se\/wp-content\/uploads\/kortleksbolaget_logo-svart.png\",\"contentUrl\":\"https:\/\/kortleksbolaget.se\/wp-content\/uploads\/kortleksbolaget_logo-svart.png\",\"width\":1200,\"height\":296,\"caption\":\"Kortleksbolaget\"},\"image\":{\"@id\":\"https:\/\/kortleksbolaget.se\/fi\/#\/schema\/logo\/image\/\"}}]}<\/script>\n<!-- \/ Yoast SEO plugin. -->","yoast_head_json":{"title":"Kortlek The Goldsmith 2-Deck Set Limited Edition | Kortleksbolaget","description":"K\u00f6p The Goldsmith 2-Deck Set Limited Edition. Snabba leveranser & bra priser. Sveriges st\u00f6rsta sortiment av kortlekar p\u00e5 Kortleksbolaget!","robots":{"index":"index","follow":"follow","max-snippet":"max-snippet:-1","max-image-preview":"max-image-preview:large","max-video-preview":"max-video-preview:-1"},"canonical":"https:\/\/kortleksbolaget.se\/fi\/tuote\/the-goldsmith-2-deck-set-limited-edition\/","og_locale":"fi_FI","og_type":"article","og_title":"Kortlek The Goldsmith 2-Deck Set Limited Edition | Kortleksbolaget","og_description":"K\u00f6p The Goldsmith 2-Deck Set Limited Edition. Snabba leveranser & bra priser. Sveriges st\u00f6rsta sortiment av kortlekar p\u00e5 Kortleksbolaget!","og_url":"https:\/\/kortleksbolaget.se\/fi\/tuote\/the-goldsmith-2-deck-set-limited-edition\/","og_site_name":"Kortleksbolaget","og_image":[{"width":964,"height":1447,"url":"https:\/\/kortleksbolaget.se\/wp-content\/uploads\/gutenberg-the-goldsmith-playing-cards.jpg","type":"image\/jpeg"}],"twitter_card":"summary_large_image","schema":{"@context":"https:\/\/schema.org","@graph":[{"@type":"WebPage","@id":"https:\/\/kortleksbolaget.se\/fi\/tuote\/the-goldsmith-2-deck-set-limited-edition\/","url":"https:\/\/kortleksbolaget.se\/fi\/tuote\/the-goldsmith-2-deck-set-limited-edition\/","name":"Kortlek The Goldsmith 2-Deck Set Limited Edition | Kortleksbolaget","isPartOf":{"@id":"https:\/\/kortleksbolaget.se\/fi\/#website"},"primaryImageOfPage":{"@id":"https:\/\/kortleksbolaget.se\/fi\/tuote\/the-goldsmith-2-deck-set-limited-edition\/#primaryimage"},"image":{"@id":"https:\/\/kortleksbolaget.se\/fi\/tuote\/the-goldsmith-2-deck-set-limited-edition\/#primaryimage"},"thumbnailUrl":"https:\/\/kortleksbolaget.se\/wp-content\/uploads\/gutenberg-the-goldsmith-playing-cards.jpg","datePublished":"2025-12-07T10:06:15+00:00","description":"K\u00f6p The Goldsmith 2-Deck Set Limited Edition. Snabba leveranser & bra priser. Sveriges st\u00f6rsta sortiment av kortlekar p\u00e5 Kortleksbolaget!","breadcrumb":{"@id":"https:\/\/kortleksbolaget.se\/fi\/tuote\/the-goldsmith-2-deck-set-limited-edition\/#breadcrumb"},"inLanguage":"fi","potentialAction":[{"@type":"ReadAction","target":["https:\/\/kortleksbolaget.se\/fi\/tuote\/the-goldsmith-2-deck-set-limited-edition\/"]}]},{"@type":"ImageObject","inLanguage":"fi","@id":"https:\/\/kortleksbolaget.se\/fi\/tuote\/the-goldsmith-2-deck-set-limited-edition\/#primaryimage","url":"https:\/\/kortleksbolaget.se\/wp-content\/uploads\/gutenberg-the-goldsmith-playing-cards.jpg","contentUrl":"https:\/\/kortleksbolaget.se\/wp-content\/uploads\/gutenberg-the-goldsmith-playing-cards.jpg","width":964,"height":1447},{"@type":"BreadcrumbList","@id":"https:\/\/kortleksbolaget.se\/fi\/tuote\/the-goldsmith-2-deck-set-limited-edition\/#breadcrumb","itemListElement":[{"@type":"ListItem","position":1,"name":"Hem","item":"https:\/\/kortleksbolaget.se\/fi\/"},{"@type":"ListItem","position":2,"name":"N\u00e4yt\u00e4 kaikki tuotteet","item":"https:\/\/kortleksbolaget.se\/fi\/kaupassa\/"},{"@type":"ListItem","position":3,"name":"The Goldsmith 2-Deck Set Limited Edition"}]},{"@type":"WebSite","@id":"https:\/\/kortleksbolaget.se\/fi\/#website","url":"https:\/\/kortleksbolaget.se\/fi\/","name":"Kortleksbolaget","description":"Kortlekar p\u00e5 n\u00e4tet","publisher":{"@id":"https:\/\/kortleksbolaget.se\/fi\/#organization"},"potentialAction":[{"@type":"SearchAction","target":{"@type":"EntryPoint","urlTemplate":"https:\/\/kortleksbolaget.se\/fi\/?s={search_term_string}"},"query-input":{"@type":"PropertyValueSpecification","valueRequired":true,"valueName":"search_term_string"}}],"inLanguage":"fi"},{"@type":"Organization","@id":"https:\/\/kortleksbolaget.se\/fi\/#organization","name":"Kortleksbolaget","url":"https:\/\/kortleksbolaget.se\/fi\/","logo":{"@type":"ImageObject","inLanguage":"fi","@id":"https:\/\/kortleksbolaget.se\/fi\/#\/schema\/logo\/image\/","url":"https:\/\/kortleksbolaget.se\/wp-content\/uploads\/kortleksbolaget_logo-svart.png","contentUrl":"https:\/\/kortleksbolaget.se\/wp-content\/uploads\/kortleksbolaget_logo-svart.png","width":1200,"height":296,"caption":"Kortleksbolaget"},"image":{"@id":"https:\/\/kortleksbolaget.se\/fi\/#\/schema\/logo\/image\/"}}]}},"_links":{"self":[{"href":"https:\/\/kortleksbolaget.se\/fi\/wp-json\/wp\/v2\/product\/156406","targetHints":{"allow":["GET"]}}],"collection":[{"href":"https:\/\/kortleksbolaget.se\/fi\/wp-json\/wp\/v2\/product"}],"about":[{"href":"https:\/\/kortleksbolaget.se\/fi\/wp-json\/wp\/v2\/types\/product"}],"wp:featuredmedia":[{"embeddable":true,"href":"https:\/\/kortleksbolaget.se\/fi\/wp-json\/wp\/v2\/media\/156397"}],"wp:attachment":[{"href":"https:\/\/kortleksbolaget.se\/fi\/wp-json\/wp\/v2\/media?parent=156406"}],"wp:term":[{"taxonomy":"product_brand","embeddable":true,"href":"https:\/\/kortleksbolaget.se\/fi\/wp-json\/wp\/v2\/product_brand?post=156406"},{"taxonomy":"product_cat","embeddable":true,"href":"https:\/\/kortleksbolaget.se\/fi\/wp-json\/wp\/v2\/product_cat?post=156406"},{"taxonomy":"product_tag","embeddable":true,"href":"https:\/\/kortleksbolaget.se\/fi\/wp-json\/wp\/v2\/product_tag?post=156406"}],"curies":[{"name":"wp","href":"https:\/\/api.w.org\/{rel}","templated":true}]}}