{"id":156464,"date":"2025-12-09T18:59:57","date_gmt":"2025-12-09T17:59:57","guid":{"rendered":"https:\/\/kortleksbolaget.se\/produkt\/the-parlour-royale-ivory-edition-red-edge-printing\/"},"modified":"2026-02-22T22:35:14","modified_gmt":"2026-02-22T21:35:14","slug":"the-parlour-royale-ivory-edition-red-edge-printing","status":"publish","type":"product","link":"https:\/\/kortleksbolaget.se\/fi\/tuote\/the-parlour-royale-ivory-edition-red-edge-printing\/","title":{"rendered":"The Parlour Royale Ivory Edition Red Edge Printing"},"content":{"rendered":"","protected":false},"excerpt":{"rendered":"<div id=\"tw-target-text-container\" class=\"tw-ta-container tw-nfl\" tabindex=\"0\" role=\"text\">\n<p id=\"tw-target-text\" class=\"tw-data-text tw-text-large tw-ta\" dir=\"ltr\" tabindex=\"-1\" role=\"text\" data-placeholder=\"\u00d6vers\u00e4ttning\" data-ved=\"2ahUKEwjAo7TQn_-QAxVrGhAIHY3KHtIQ3ewLegQIDBAU\" aria-label=\"\u00d6versatt text: Parlour Royale Ivory Edition, presenterad av Gentleman Wake och designad av Stockholm17, har ett vackert pr\u00e4glat kortfodral i fyra f\u00e4rger med en sl\u00e5ende uggla och skalbagge som spader ess. Omgivet av detaljerad och utsmyckad typografi och med starka anspelningar p\u00e5 den viktorianska stilen som inspirerade kortleken. Perfekt f\u00f6r samlare, spelare och magientusiaster \u00f6verallt. Klassisk och vacker, med stil och elegans fr\u00e5n sekelskiftet och de finaste moderna teknikerna f\u00f6r hantering och tryck av spelkort. Med fantastiska tryckta kort med vermilionkant som sm\u00e4lter perfekt in i kortfodralets r\u00f6da insida. Korten \u00e4r tryckta p\u00e5 310 g\/m\u00b2 sl\u00e4tt papper med linnefinish och gl\u00e4nser lysande med guldf\u00e4rgad kallfolie.\"><span class=\"Y2IQFc\" lang=\"sv\"><b>The Parlour Royale Ivory Edition<\/b>, presented by the Gentleman Wake and designed by Stockholm17, features a gorgeous 4-color printed embossed tuck case featuring a striking owl and beetle ace of spade design. Surrounded by detailed and ornate typography and featuring strong nods to the Victorian stylings that served as inspiration for the design of the deck.<\/p>\n<p>Perfect for collectors, players and magic enthusiasts everywhere. Classic and beautiful, evoking turn-of-the-20th-century style and elegance and the finest modern handling and playing card printing techniques.<\/p>\n<p>Featuring stunning vermillion edge printed cards blending in perfectly with the red interior of the tuck case. The cards are printed on 310gsm smooth handling paper stock with linen finish and shine illustriously with gold cold foil application. <\/span><\/p>\n<\/div>\n<div id=\"tw-target-rmn-container\" class=\"tw-target-rmn tw-ta-container tw-nfl\" tabindex=\"-1\" role=\"text\">\n<pre id=\"tw-target-rmn\" class=\"tw-data-placeholder tw-text-small tw-ta\" dir=\"ltr\" tabindex=\"-1\" role=\"text\" data-placeholder=\"\"><\/pre>\n<\/div>\n<p> [&#8230;]<\/p>\n<p><a class=\"btn btn-secondary understrap-read-more-link\" href=\"https:\/\/kortleksbolaget.se\/fi\/tuote\/the-parlour-royale-ivory-edition-red-edge-printing\/\">Lue lis\u00e4\u00e4&#8230;<span class=\"screen-reader-text\"> from The Parlour Royale Ivory Edition Red Edge Printing<\/span><\/a><\/p>\n","protected":false},"featured_media":156455,"template":"","meta":{"_acf_changed":false},"product_brand":[],"product_cat":[130],"product_tag":[],"class_list":{"0":"post-156464","1":"product","2":"type-product","3":"status-publish","4":"has-post-thumbnail","6":"varumarke-stockholm17-fi","7":"product_cat-special-lyx-limited-fi","9":"first","10":"instock","11":"taxable","12":"shipping-taxable","13":"purchasable","14":"product-type-simple"},"acf":[],"yoast_head":"<!-- This site is optimized with the Yoast SEO plugin v26.3 - https:\/\/yoast.com\/wordpress\/plugins\/seo\/ -->\n<title>Kortlek The Parlour Royale Ivory Edition Red Edge Printing | Kortleksbolaget<\/title>\n<meta name=\"description\" content=\"K\u00f6p The Parlour Royale Ivory Edition Red Edge Printing. Snabba leveranser &amp; bra priser. Sveriges st\u00f6rsta sortiment av kortlekar p\u00e5 Kortleksbolaget!\" \/>\n<meta name=\"robots\" content=\"index, follow, max-snippet:-1, max-image-preview:large, max-video-preview:-1\" \/>\n<link rel=\"canonical\" href=\"https:\/\/kortleksbolaget.se\/fi\/tuote\/the-parlour-royale-ivory-edition-red-edge-printing\/\" \/>\n<meta property=\"og:locale\" content=\"fi_FI\" \/>\n<meta property=\"og:type\" content=\"article\" \/>\n<meta property=\"og:title\" content=\"Kortlek The Parlour Royale Ivory Edition Red Edge Printing | Kortleksbolaget\" \/>\n<meta property=\"og:description\" content=\"K\u00f6p The Parlour Royale Ivory Edition Red Edge Printing. Snabba leveranser &amp; bra priser. Sveriges st\u00f6rsta sortiment av kortlekar p\u00e5 Kortleksbolaget!\" \/>\n<meta property=\"og:url\" content=\"https:\/\/kortleksbolaget.se\/fi\/tuote\/the-parlour-royale-ivory-edition-red-edge-printing\/\" \/>\n<meta property=\"og:site_name\" content=\"Kortleksbolaget\" \/>\n<meta property=\"article:modified_time\" content=\"2026-02-22T21:35:14+00:00\" \/>\n<meta property=\"og:image\" content=\"https:\/\/kortleksbolaget.se\/wp-content\/uploads\/the-parlour-royale-ivory.jpg\" \/>\n\t<meta property=\"og:image:width\" content=\"442\" \/>\n\t<meta property=\"og:image:height\" content=\"664\" \/>\n\t<meta property=\"og:image:type\" content=\"image\/jpeg\" \/>\n<meta name=\"twitter:card\" content=\"summary_large_image\" \/>\n<script type=\"application\/ld+json\" class=\"yoast-schema-graph\">{\"@context\":\"https:\/\/schema.org\",\"@graph\":[{\"@type\":\"WebPage\",\"@id\":\"https:\/\/kortleksbolaget.se\/fi\/tuote\/the-parlour-royale-ivory-edition-red-edge-printing\/\",\"url\":\"https:\/\/kortleksbolaget.se\/fi\/tuote\/the-parlour-royale-ivory-edition-red-edge-printing\/\",\"name\":\"Kortlek The Parlour Royale Ivory Edition Red Edge Printing | Kortleksbolaget\",\"isPartOf\":{\"@id\":\"https:\/\/kortleksbolaget.se\/fi\/#website\"},\"primaryImageOfPage\":{\"@id\":\"https:\/\/kortleksbolaget.se\/fi\/tuote\/the-parlour-royale-ivory-edition-red-edge-printing\/#primaryimage\"},\"image\":{\"@id\":\"https:\/\/kortleksbolaget.se\/fi\/tuote\/the-parlour-royale-ivory-edition-red-edge-printing\/#primaryimage\"},\"thumbnailUrl\":\"https:\/\/kortleksbolaget.se\/wp-content\/uploads\/the-parlour-royale-ivory.jpg\",\"datePublished\":\"2025-12-09T17:59:57+00:00\",\"dateModified\":\"2026-02-22T21:35:14+00:00\",\"description\":\"K\u00f6p The Parlour Royale Ivory Edition Red Edge Printing. Snabba leveranser & bra priser. Sveriges st\u00f6rsta sortiment av kortlekar p\u00e5 Kortleksbolaget!\",\"breadcrumb\":{\"@id\":\"https:\/\/kortleksbolaget.se\/fi\/tuote\/the-parlour-royale-ivory-edition-red-edge-printing\/#breadcrumb\"},\"inLanguage\":\"fi\",\"potentialAction\":[{\"@type\":\"ReadAction\",\"target\":[\"https:\/\/kortleksbolaget.se\/fi\/tuote\/the-parlour-royale-ivory-edition-red-edge-printing\/\"]}]},{\"@type\":\"ImageObject\",\"inLanguage\":\"fi\",\"@id\":\"https:\/\/kortleksbolaget.se\/fi\/tuote\/the-parlour-royale-ivory-edition-red-edge-printing\/#primaryimage\",\"url\":\"https:\/\/kortleksbolaget.se\/wp-content\/uploads\/the-parlour-royale-ivory.jpg\",\"contentUrl\":\"https:\/\/kortleksbolaget.se\/wp-content\/uploads\/the-parlour-royale-ivory.jpg\",\"width\":442,\"height\":664},{\"@type\":\"BreadcrumbList\",\"@id\":\"https:\/\/kortleksbolaget.se\/fi\/tuote\/the-parlour-royale-ivory-edition-red-edge-printing\/#breadcrumb\",\"itemListElement\":[{\"@type\":\"ListItem\",\"position\":1,\"name\":\"Hem\",\"item\":\"https:\/\/kortleksbolaget.se\/fi\/\"},{\"@type\":\"ListItem\",\"position\":2,\"name\":\"N\u00e4yt\u00e4 kaikki tuotteet\",\"item\":\"https:\/\/kortleksbolaget.se\/fi\/kaupassa\/\"},{\"@type\":\"ListItem\",\"position\":3,\"name\":\"The Parlour Royale Ivory Edition Red Edge Printing\"}]},{\"@type\":\"WebSite\",\"@id\":\"https:\/\/kortleksbolaget.se\/fi\/#website\",\"url\":\"https:\/\/kortleksbolaget.se\/fi\/\",\"name\":\"Kortleksbolaget\",\"description\":\"Kortlekar p\u00e5 n\u00e4tet\",\"publisher\":{\"@id\":\"https:\/\/kortleksbolaget.se\/fi\/#organization\"},\"potentialAction\":[{\"@type\":\"SearchAction\",\"target\":{\"@type\":\"EntryPoint\",\"urlTemplate\":\"https:\/\/kortleksbolaget.se\/fi\/?s={search_term_string}\"},\"query-input\":{\"@type\":\"PropertyValueSpecification\",\"valueRequired\":true,\"valueName\":\"search_term_string\"}}],\"inLanguage\":\"fi\"},{\"@type\":\"Organization\",\"@id\":\"https:\/\/kortleksbolaget.se\/fi\/#organization\",\"name\":\"Kortleksbolaget\",\"url\":\"https:\/\/kortleksbolaget.se\/fi\/\",\"logo\":{\"@type\":\"ImageObject\",\"inLanguage\":\"fi\",\"@id\":\"https:\/\/kortleksbolaget.se\/fi\/#\/schema\/logo\/image\/\",\"url\":\"https:\/\/kortleksbolaget.se\/wp-content\/uploads\/kortleksbolaget_logo-svart.png\",\"contentUrl\":\"https:\/\/kortleksbolaget.se\/wp-content\/uploads\/kortleksbolaget_logo-svart.png\",\"width\":1200,\"height\":296,\"caption\":\"Kortleksbolaget\"},\"image\":{\"@id\":\"https:\/\/kortleksbolaget.se\/fi\/#\/schema\/logo\/image\/\"}}]}<\/script>\n<!-- \/ Yoast SEO plugin. -->","yoast_head_json":{"title":"Kortlek The Parlour Royale Ivory Edition Red Edge Printing | Kortleksbolaget","description":"K\u00f6p The Parlour Royale Ivory Edition Red Edge Printing. Snabba leveranser & bra priser. Sveriges st\u00f6rsta sortiment av kortlekar p\u00e5 Kortleksbolaget!","robots":{"index":"index","follow":"follow","max-snippet":"max-snippet:-1","max-image-preview":"max-image-preview:large","max-video-preview":"max-video-preview:-1"},"canonical":"https:\/\/kortleksbolaget.se\/fi\/tuote\/the-parlour-royale-ivory-edition-red-edge-printing\/","og_locale":"fi_FI","og_type":"article","og_title":"Kortlek The Parlour Royale Ivory Edition Red Edge Printing | Kortleksbolaget","og_description":"K\u00f6p The Parlour Royale Ivory Edition Red Edge Printing. Snabba leveranser & bra priser. Sveriges st\u00f6rsta sortiment av kortlekar p\u00e5 Kortleksbolaget!","og_url":"https:\/\/kortleksbolaget.se\/fi\/tuote\/the-parlour-royale-ivory-edition-red-edge-printing\/","og_site_name":"Kortleksbolaget","article_modified_time":"2026-02-22T21:35:14+00:00","og_image":[{"width":442,"height":664,"url":"https:\/\/kortleksbolaget.se\/wp-content\/uploads\/the-parlour-royale-ivory.jpg","type":"image\/jpeg"}],"twitter_card":"summary_large_image","schema":{"@context":"https:\/\/schema.org","@graph":[{"@type":"WebPage","@id":"https:\/\/kortleksbolaget.se\/fi\/tuote\/the-parlour-royale-ivory-edition-red-edge-printing\/","url":"https:\/\/kortleksbolaget.se\/fi\/tuote\/the-parlour-royale-ivory-edition-red-edge-printing\/","name":"Kortlek The Parlour Royale Ivory Edition Red Edge Printing | Kortleksbolaget","isPartOf":{"@id":"https:\/\/kortleksbolaget.se\/fi\/#website"},"primaryImageOfPage":{"@id":"https:\/\/kortleksbolaget.se\/fi\/tuote\/the-parlour-royale-ivory-edition-red-edge-printing\/#primaryimage"},"image":{"@id":"https:\/\/kortleksbolaget.se\/fi\/tuote\/the-parlour-royale-ivory-edition-red-edge-printing\/#primaryimage"},"thumbnailUrl":"https:\/\/kortleksbolaget.se\/wp-content\/uploads\/the-parlour-royale-ivory.jpg","datePublished":"2025-12-09T17:59:57+00:00","dateModified":"2026-02-22T21:35:14+00:00","description":"K\u00f6p The Parlour Royale Ivory Edition Red Edge Printing. Snabba leveranser & bra priser. Sveriges st\u00f6rsta sortiment av kortlekar p\u00e5 Kortleksbolaget!","breadcrumb":{"@id":"https:\/\/kortleksbolaget.se\/fi\/tuote\/the-parlour-royale-ivory-edition-red-edge-printing\/#breadcrumb"},"inLanguage":"fi","potentialAction":[{"@type":"ReadAction","target":["https:\/\/kortleksbolaget.se\/fi\/tuote\/the-parlour-royale-ivory-edition-red-edge-printing\/"]}]},{"@type":"ImageObject","inLanguage":"fi","@id":"https:\/\/kortleksbolaget.se\/fi\/tuote\/the-parlour-royale-ivory-edition-red-edge-printing\/#primaryimage","url":"https:\/\/kortleksbolaget.se\/wp-content\/uploads\/the-parlour-royale-ivory.jpg","contentUrl":"https:\/\/kortleksbolaget.se\/wp-content\/uploads\/the-parlour-royale-ivory.jpg","width":442,"height":664},{"@type":"BreadcrumbList","@id":"https:\/\/kortleksbolaget.se\/fi\/tuote\/the-parlour-royale-ivory-edition-red-edge-printing\/#breadcrumb","itemListElement":[{"@type":"ListItem","position":1,"name":"Hem","item":"https:\/\/kortleksbolaget.se\/fi\/"},{"@type":"ListItem","position":2,"name":"N\u00e4yt\u00e4 kaikki tuotteet","item":"https:\/\/kortleksbolaget.se\/fi\/kaupassa\/"},{"@type":"ListItem","position":3,"name":"The Parlour Royale Ivory Edition Red Edge Printing"}]},{"@type":"WebSite","@id":"https:\/\/kortleksbolaget.se\/fi\/#website","url":"https:\/\/kortleksbolaget.se\/fi\/","name":"Kortleksbolaget","description":"Kortlekar p\u00e5 n\u00e4tet","publisher":{"@id":"https:\/\/kortleksbolaget.se\/fi\/#organization"},"potentialAction":[{"@type":"SearchAction","target":{"@type":"EntryPoint","urlTemplate":"https:\/\/kortleksbolaget.se\/fi\/?s={search_term_string}"},"query-input":{"@type":"PropertyValueSpecification","valueRequired":true,"valueName":"search_term_string"}}],"inLanguage":"fi"},{"@type":"Organization","@id":"https:\/\/kortleksbolaget.se\/fi\/#organization","name":"Kortleksbolaget","url":"https:\/\/kortleksbolaget.se\/fi\/","logo":{"@type":"ImageObject","inLanguage":"fi","@id":"https:\/\/kortleksbolaget.se\/fi\/#\/schema\/logo\/image\/","url":"https:\/\/kortleksbolaget.se\/wp-content\/uploads\/kortleksbolaget_logo-svart.png","contentUrl":"https:\/\/kortleksbolaget.se\/wp-content\/uploads\/kortleksbolaget_logo-svart.png","width":1200,"height":296,"caption":"Kortleksbolaget"},"image":{"@id":"https:\/\/kortleksbolaget.se\/fi\/#\/schema\/logo\/image\/"}}]}},"_links":{"self":[{"href":"https:\/\/kortleksbolaget.se\/fi\/wp-json\/wp\/v2\/product\/156464","targetHints":{"allow":["GET"]}}],"collection":[{"href":"https:\/\/kortleksbolaget.se\/fi\/wp-json\/wp\/v2\/product"}],"about":[{"href":"https:\/\/kortleksbolaget.se\/fi\/wp-json\/wp\/v2\/types\/product"}],"wp:featuredmedia":[{"embeddable":true,"href":"https:\/\/kortleksbolaget.se\/fi\/wp-json\/wp\/v2\/media\/156455"}],"wp:attachment":[{"href":"https:\/\/kortleksbolaget.se\/fi\/wp-json\/wp\/v2\/media?parent=156464"}],"wp:term":[{"taxonomy":"product_brand","embeddable":true,"href":"https:\/\/kortleksbolaget.se\/fi\/wp-json\/wp\/v2\/product_brand?post=156464"},{"taxonomy":"product_cat","embeddable":true,"href":"https:\/\/kortleksbolaget.se\/fi\/wp-json\/wp\/v2\/product_cat?post=156464"},{"taxonomy":"product_tag","embeddable":true,"href":"https:\/\/kortleksbolaget.se\/fi\/wp-json\/wp\/v2\/product_tag?post=156464"}],"curies":[{"name":"wp","href":"https:\/\/api.w.org\/{rel}","templated":true}]}}