{"id":157624,"date":"2026-02-10T18:07:24","date_gmt":"2026-02-10T17:07:24","guid":{"rendered":"https:\/\/kortleksbolaget.se\/produkt\/skeleton-pirates\/"},"modified":"2026-02-10T18:07:24","modified_gmt":"2026-02-10T17:07:24","slug":"skeleton-pirates","status":"publish","type":"product","link":"https:\/\/kortleksbolaget.se\/fi\/tuote\/skeleton-pirates\/","title":{"rendered":"Skeleton Pirates"},"content":{"rendered":"","protected":false},"excerpt":{"rendered":"<p class=\"tw-data-text tw-text-large tw-ta\" dir=\"ltr\" tabindex=\"-1\" role=\"text\" data-placeholder=\"\u00d6vers\u00e4ttning\" data-ved=\"2ahUKEwiS_4mFh7aSAxXoUVUIHf0rIy4Q3ewLegQIDBAV\" aria-label=\"\u00d6versatt text: Designad och producerad av WQROYAL Tryckt p\u00e5 310 g\/m\u00b2 kvalitetskartong med svart k\u00e4rna (linnefinish) Korten \u00e4r alla skapade med en originell design Tryckt i Kina 100 % specialdesignad kortlek Antal kort i kortleken: 52 plus 2 jokrar\"><span class=\"Y2IQFc\" lang=\"sv\"><b>Skeleton Pirates Playing Cards <\/b><\/span><\/p>\n<ul>\n<li>Designed and Produced by WQROYAL<\/li>\n<li>The cards are all created with an original design<\/li>\n<li>Printed in China<\/li>\n<li>100 % custom deck<\/li>\n<li>Number of Cards in deck: 52 plus 2 Jokers<\/li>\n<li>Plastic cards and Bridge Size<\/li>\n<\/ul>\n<p id=\"tw-target-text\" class=\"tw-data-text tw-text-large tw-ta\" dir=\"ltr\" tabindex=\"-1\" role=\"text\" data-placeholder=\"\u00d6vers\u00e4ttning\" data-ved=\"2ahUKEwiS_4mFh7aSAxXoUVUIHf0rIy4Q3ewLegQIDBAV\" aria-label=\"\u00d6versatt text: Designad och producerad av WQROYAL Tryckt p\u00e5 310 g\/m\u00b2 kvalitetskartong med svart k\u00e4rna (linnefinish) Korten \u00e4r alla skapade med en originell design Tryckt i Kina 100 % specialdesignad kortlek Antal kort i kortleken: 52 plus 2 jokrar\"><span class=\"Y2IQFc\" lang=\"sv\">\u00a0<\/span><\/p>\n<p> [&#8230;]<\/p>\n<p><a class=\"btn btn-secondary understrap-read-more-link\" href=\"https:\/\/kortleksbolaget.se\/fi\/tuote\/skeleton-pirates\/\">Lue lis\u00e4\u00e4&#8230;<span class=\"screen-reader-text\"> from Skeleton Pirates<\/span><\/a><\/p>\n","protected":false},"featured_media":157615,"template":"","meta":{"_acf_changed":false},"product_brand":[],"product_cat":[130],"product_tag":[],"class_list":{"0":"post-157624","1":"product","2":"type-product","3":"status-publish","4":"has-post-thumbnail","6":"product_cat-special-lyx-limited-fi","8":"first","9":"instock","10":"featured","11":"taxable","12":"shipping-taxable","13":"purchasable","14":"product-type-simple"},"acf":[],"yoast_head":"<!-- This site is optimized with the Yoast SEO plugin v26.3 - https:\/\/yoast.com\/wordpress\/plugins\/seo\/ -->\n<title>Kortlek Skeleton Pirates | Kortleksbolaget<\/title>\n<meta name=\"description\" content=\"K\u00f6p Skeleton Pirates. Snabba leveranser &amp; bra priser. Sveriges st\u00f6rsta sortiment av kortlekar p\u00e5 Kortleksbolaget!\" \/>\n<meta name=\"robots\" content=\"index, follow, max-snippet:-1, max-image-preview:large, max-video-preview:-1\" \/>\n<link rel=\"canonical\" href=\"https:\/\/kortleksbolaget.se\/fi\/tuote\/skeleton-pirates\/\" \/>\n<meta property=\"og:locale\" content=\"fi_FI\" \/>\n<meta property=\"og:type\" content=\"article\" \/>\n<meta property=\"og:title\" content=\"Kortlek Skeleton Pirates | Kortleksbolaget\" \/>\n<meta property=\"og:description\" content=\"K\u00f6p Skeleton Pirates. Snabba leveranser &amp; bra priser. Sveriges st\u00f6rsta sortiment av kortlekar p\u00e5 Kortleksbolaget!\" \/>\n<meta property=\"og:url\" content=\"https:\/\/kortleksbolaget.se\/fi\/tuote\/skeleton-pirates\/\" \/>\n<meta property=\"og:site_name\" content=\"Kortleksbolaget\" \/>\n<meta property=\"og:image\" content=\"https:\/\/kortleksbolaget.se\/wp-content\/uploads\/skeleton-pirates-kortlek.jpg\" \/>\n\t<meta property=\"og:image:width\" content=\"436\" \/>\n\t<meta property=\"og:image:height\" content=\"654\" \/>\n\t<meta property=\"og:image:type\" content=\"image\/jpeg\" \/>\n<meta name=\"twitter:card\" content=\"summary_large_image\" \/>\n<script type=\"application\/ld+json\" class=\"yoast-schema-graph\">{\"@context\":\"https:\/\/schema.org\",\"@graph\":[{\"@type\":\"WebPage\",\"@id\":\"https:\/\/kortleksbolaget.se\/fi\/tuote\/skeleton-pirates\/\",\"url\":\"https:\/\/kortleksbolaget.se\/fi\/tuote\/skeleton-pirates\/\",\"name\":\"Kortlek Skeleton Pirates | Kortleksbolaget\",\"isPartOf\":{\"@id\":\"https:\/\/kortleksbolaget.se\/fi\/#website\"},\"primaryImageOfPage\":{\"@id\":\"https:\/\/kortleksbolaget.se\/fi\/tuote\/skeleton-pirates\/#primaryimage\"},\"image\":{\"@id\":\"https:\/\/kortleksbolaget.se\/fi\/tuote\/skeleton-pirates\/#primaryimage\"},\"thumbnailUrl\":\"https:\/\/kortleksbolaget.se\/wp-content\/uploads\/skeleton-pirates-kortlek.jpg\",\"datePublished\":\"2026-02-10T17:07:24+00:00\",\"description\":\"K\u00f6p Skeleton Pirates. Snabba leveranser & bra priser. Sveriges st\u00f6rsta sortiment av kortlekar p\u00e5 Kortleksbolaget!\",\"breadcrumb\":{\"@id\":\"https:\/\/kortleksbolaget.se\/fi\/tuote\/skeleton-pirates\/#breadcrumb\"},\"inLanguage\":\"fi\",\"potentialAction\":[{\"@type\":\"ReadAction\",\"target\":[\"https:\/\/kortleksbolaget.se\/fi\/tuote\/skeleton-pirates\/\"]}]},{\"@type\":\"ImageObject\",\"inLanguage\":\"fi\",\"@id\":\"https:\/\/kortleksbolaget.se\/fi\/tuote\/skeleton-pirates\/#primaryimage\",\"url\":\"https:\/\/kortleksbolaget.se\/wp-content\/uploads\/skeleton-pirates-kortlek.jpg\",\"contentUrl\":\"https:\/\/kortleksbolaget.se\/wp-content\/uploads\/skeleton-pirates-kortlek.jpg\",\"width\":436,\"height\":654},{\"@type\":\"BreadcrumbList\",\"@id\":\"https:\/\/kortleksbolaget.se\/fi\/tuote\/skeleton-pirates\/#breadcrumb\",\"itemListElement\":[{\"@type\":\"ListItem\",\"position\":1,\"name\":\"Hem\",\"item\":\"https:\/\/kortleksbolaget.se\/fi\/\"},{\"@type\":\"ListItem\",\"position\":2,\"name\":\"N\u00e4yt\u00e4 kaikki tuotteet\",\"item\":\"https:\/\/kortleksbolaget.se\/fi\/kaupassa\/\"},{\"@type\":\"ListItem\",\"position\":3,\"name\":\"Skeleton Pirates\"}]},{\"@type\":\"WebSite\",\"@id\":\"https:\/\/kortleksbolaget.se\/fi\/#website\",\"url\":\"https:\/\/kortleksbolaget.se\/fi\/\",\"name\":\"Kortleksbolaget\",\"description\":\"Kortlekar p\u00e5 n\u00e4tet\",\"publisher\":{\"@id\":\"https:\/\/kortleksbolaget.se\/fi\/#organization\"},\"potentialAction\":[{\"@type\":\"SearchAction\",\"target\":{\"@type\":\"EntryPoint\",\"urlTemplate\":\"https:\/\/kortleksbolaget.se\/fi\/?s={search_term_string}\"},\"query-input\":{\"@type\":\"PropertyValueSpecification\",\"valueRequired\":true,\"valueName\":\"search_term_string\"}}],\"inLanguage\":\"fi\"},{\"@type\":\"Organization\",\"@id\":\"https:\/\/kortleksbolaget.se\/fi\/#organization\",\"name\":\"Kortleksbolaget\",\"url\":\"https:\/\/kortleksbolaget.se\/fi\/\",\"logo\":{\"@type\":\"ImageObject\",\"inLanguage\":\"fi\",\"@id\":\"https:\/\/kortleksbolaget.se\/fi\/#\/schema\/logo\/image\/\",\"url\":\"https:\/\/kortleksbolaget.se\/wp-content\/uploads\/kortleksbolaget_logo-svart.png\",\"contentUrl\":\"https:\/\/kortleksbolaget.se\/wp-content\/uploads\/kortleksbolaget_logo-svart.png\",\"width\":1200,\"height\":296,\"caption\":\"Kortleksbolaget\"},\"image\":{\"@id\":\"https:\/\/kortleksbolaget.se\/fi\/#\/schema\/logo\/image\/\"}}]}<\/script>\n<!-- \/ Yoast SEO plugin. -->","yoast_head_json":{"title":"Kortlek Skeleton Pirates | Kortleksbolaget","description":"K\u00f6p Skeleton Pirates. Snabba leveranser & bra priser. Sveriges st\u00f6rsta sortiment av kortlekar p\u00e5 Kortleksbolaget!","robots":{"index":"index","follow":"follow","max-snippet":"max-snippet:-1","max-image-preview":"max-image-preview:large","max-video-preview":"max-video-preview:-1"},"canonical":"https:\/\/kortleksbolaget.se\/fi\/tuote\/skeleton-pirates\/","og_locale":"fi_FI","og_type":"article","og_title":"Kortlek Skeleton Pirates | Kortleksbolaget","og_description":"K\u00f6p Skeleton Pirates. Snabba leveranser & bra priser. Sveriges st\u00f6rsta sortiment av kortlekar p\u00e5 Kortleksbolaget!","og_url":"https:\/\/kortleksbolaget.se\/fi\/tuote\/skeleton-pirates\/","og_site_name":"Kortleksbolaget","og_image":[{"width":436,"height":654,"url":"https:\/\/kortleksbolaget.se\/wp-content\/uploads\/skeleton-pirates-kortlek.jpg","type":"image\/jpeg"}],"twitter_card":"summary_large_image","schema":{"@context":"https:\/\/schema.org","@graph":[{"@type":"WebPage","@id":"https:\/\/kortleksbolaget.se\/fi\/tuote\/skeleton-pirates\/","url":"https:\/\/kortleksbolaget.se\/fi\/tuote\/skeleton-pirates\/","name":"Kortlek Skeleton Pirates | Kortleksbolaget","isPartOf":{"@id":"https:\/\/kortleksbolaget.se\/fi\/#website"},"primaryImageOfPage":{"@id":"https:\/\/kortleksbolaget.se\/fi\/tuote\/skeleton-pirates\/#primaryimage"},"image":{"@id":"https:\/\/kortleksbolaget.se\/fi\/tuote\/skeleton-pirates\/#primaryimage"},"thumbnailUrl":"https:\/\/kortleksbolaget.se\/wp-content\/uploads\/skeleton-pirates-kortlek.jpg","datePublished":"2026-02-10T17:07:24+00:00","description":"K\u00f6p Skeleton Pirates. Snabba leveranser & bra priser. Sveriges st\u00f6rsta sortiment av kortlekar p\u00e5 Kortleksbolaget!","breadcrumb":{"@id":"https:\/\/kortleksbolaget.se\/fi\/tuote\/skeleton-pirates\/#breadcrumb"},"inLanguage":"fi","potentialAction":[{"@type":"ReadAction","target":["https:\/\/kortleksbolaget.se\/fi\/tuote\/skeleton-pirates\/"]}]},{"@type":"ImageObject","inLanguage":"fi","@id":"https:\/\/kortleksbolaget.se\/fi\/tuote\/skeleton-pirates\/#primaryimage","url":"https:\/\/kortleksbolaget.se\/wp-content\/uploads\/skeleton-pirates-kortlek.jpg","contentUrl":"https:\/\/kortleksbolaget.se\/wp-content\/uploads\/skeleton-pirates-kortlek.jpg","width":436,"height":654},{"@type":"BreadcrumbList","@id":"https:\/\/kortleksbolaget.se\/fi\/tuote\/skeleton-pirates\/#breadcrumb","itemListElement":[{"@type":"ListItem","position":1,"name":"Hem","item":"https:\/\/kortleksbolaget.se\/fi\/"},{"@type":"ListItem","position":2,"name":"N\u00e4yt\u00e4 kaikki tuotteet","item":"https:\/\/kortleksbolaget.se\/fi\/kaupassa\/"},{"@type":"ListItem","position":3,"name":"Skeleton Pirates"}]},{"@type":"WebSite","@id":"https:\/\/kortleksbolaget.se\/fi\/#website","url":"https:\/\/kortleksbolaget.se\/fi\/","name":"Kortleksbolaget","description":"Kortlekar p\u00e5 n\u00e4tet","publisher":{"@id":"https:\/\/kortleksbolaget.se\/fi\/#organization"},"potentialAction":[{"@type":"SearchAction","target":{"@type":"EntryPoint","urlTemplate":"https:\/\/kortleksbolaget.se\/fi\/?s={search_term_string}"},"query-input":{"@type":"PropertyValueSpecification","valueRequired":true,"valueName":"search_term_string"}}],"inLanguage":"fi"},{"@type":"Organization","@id":"https:\/\/kortleksbolaget.se\/fi\/#organization","name":"Kortleksbolaget","url":"https:\/\/kortleksbolaget.se\/fi\/","logo":{"@type":"ImageObject","inLanguage":"fi","@id":"https:\/\/kortleksbolaget.se\/fi\/#\/schema\/logo\/image\/","url":"https:\/\/kortleksbolaget.se\/wp-content\/uploads\/kortleksbolaget_logo-svart.png","contentUrl":"https:\/\/kortleksbolaget.se\/wp-content\/uploads\/kortleksbolaget_logo-svart.png","width":1200,"height":296,"caption":"Kortleksbolaget"},"image":{"@id":"https:\/\/kortleksbolaget.se\/fi\/#\/schema\/logo\/image\/"}}]}},"_links":{"self":[{"href":"https:\/\/kortleksbolaget.se\/fi\/wp-json\/wp\/v2\/product\/157624","targetHints":{"allow":["GET"]}}],"collection":[{"href":"https:\/\/kortleksbolaget.se\/fi\/wp-json\/wp\/v2\/product"}],"about":[{"href":"https:\/\/kortleksbolaget.se\/fi\/wp-json\/wp\/v2\/types\/product"}],"wp:featuredmedia":[{"embeddable":true,"href":"https:\/\/kortleksbolaget.se\/fi\/wp-json\/wp\/v2\/media\/157615"}],"wp:attachment":[{"href":"https:\/\/kortleksbolaget.se\/fi\/wp-json\/wp\/v2\/media?parent=157624"}],"wp:term":[{"taxonomy":"product_brand","embeddable":true,"href":"https:\/\/kortleksbolaget.se\/fi\/wp-json\/wp\/v2\/product_brand?post=157624"},{"taxonomy":"product_cat","embeddable":true,"href":"https:\/\/kortleksbolaget.se\/fi\/wp-json\/wp\/v2\/product_cat?post=157624"},{"taxonomy":"product_tag","embeddable":true,"href":"https:\/\/kortleksbolaget.se\/fi\/wp-json\/wp\/v2\/product_tag?post=157624"}],"curies":[{"name":"wp","href":"https:\/\/api.w.org\/{rel}","templated":true}]}}