{"id":157941,"date":"2026-03-03T20:04:18","date_gmt":"2026-03-03T19:04:18","guid":{"rendered":"https:\/\/kortleksbolaget.se\/produkt\/my-power-deck-blue\/"},"modified":"2026-03-03T20:04:18","modified_gmt":"2026-03-03T19:04:18","slug":"my-power-deck-blue","status":"publish","type":"product","link":"https:\/\/kortleksbolaget.se\/fi\/tuote\/my-power-deck-blue\/","title":{"rendered":"My Power Deck Blue"},"content":{"rendered":"","protected":false},"excerpt":{"rendered":"<div id=\"tw-target-text-container\" class=\"tw-ta-container tw-nfl\" tabindex=\"0\" role=\"text\">\n<p class=\"tw-data-text tw-text-large tw-ta\" dir=\"ltr\" tabindex=\"-1\" role=\"text\" data-placeholder=\"\u00d6vers\u00e4ttning\" data-ved=\"2ahUKEwj3rO_fzfSSAxXIJxAIHcgcL38Q3ewLegQIDBAV\" aria-label=\"\u00d6versatt text: I \u00e5ratal har magiker \u00f6ver hela v\u00e4rlden sl\u00e4ppt sina egna markerade kortlekar. Men den h\u00e4r har f\u00f6rdelar som andra inte har. Jordan Victorias My Power Deck kommer att bli din nya vardagliga kortlek och vi ber\u00e4ttar varf\u00f6r: 1. Priset De flesta markerade kortlekar \u00e4r v\u00e4ldigt dyra. Det \u00e4r d\u00e4rf\u00f6r magiker bara anv\u00e4nder dem f\u00f6r speciella tillf\u00e4llen och inte anv\u00e4nder sina markerade kortlekar f\u00f6r klassiska effekter som den ambiti\u00f6sa kortrutinen, sandwicheffekter, etc... Inget mer byte f\u00f6r att byta din markerade kortlek mot din vanliga kortlek. Din markerade kortlek kan nu anv\u00e4ndas f\u00f6r signerade kort, vikta kort, rivna kort. Den h\u00e4r kortleken \u00e4r mycket prisv\u00e4rd. 2. Direkt avl\u00e4sning. Du beh\u00f6ver inte dechiffrera en kod eller ber\u00e4kna n\u00e5gonting. Avl\u00e4sningen \u00e4r lika enkel som &quot;Jag tittar, jag vet.&quot; Storleken p\u00e5 m\u00e4rket har ocks\u00e5 utformats f\u00f6r att vara tillr\u00e4ckligt stor f\u00f6r att l\u00e4tt kunna l\u00e4sas men tillr\u00e4ckligt liten f\u00f6r att sm\u00e4lta in i kortlekens design. Markeringen kan l\u00e4tt ses p\u00e5 1,5 meters avst\u00e5nd. 3. Platsens markering Numera blir folk medvetna om att det finns markerade kortlekar... Det \u00e4r d\u00e4rf\u00f6r denna kortlek \u00e4r markerad p\u00e5 en plats som folk inte kan se om de bl\u00e4ddrar igenom kortleken. Och avl\u00e4sningen blir \u00e4nnu enklare! 4. Asymmetrin. F\u00f6rmodligen den viktigaste punkten med denna kortlek. Denna asymmetrin m\u00f6jligg\u00f6r effekter som tidigare var f\u00f6r komplicerade att uppn\u00e5. Vissa kortlekar \u00e4r markerade och har en asymmetri. Men denna \u00e4r annorlunda. Sj\u00e4lva m\u00e4rket skapar asymmetrin. S\u00e5 du beh\u00f6ver bara fokusera p\u00e5 m\u00e4rket och inte titta p\u00e5 tv\u00e5 st\u00e4llen f\u00f6r att veta vilket kort som har roterats och kortets v\u00e4rde. Tryckt av USPCC Baksida design Handledning p\u00e5 engelska (1 timme och 45 minuter l\u00e5ng). +35 rutiner \/ tekniker \/ tips \/ id\u00e9er \/ variationer (inklusive 16 rutiner). Standardsnitt Finns i r\u00f6tt eller bl\u00e5tt\"><span class=\"Y2IQFc\" lang=\"sv\">For years, magicians all around the world has released their own marked deck. But this one has advantages other don&#8217;t. Jordan Victoria&#8217;s <b> My Power Deck <\/b> will be your new everyday carry deck and we tell you why:<\/p>\n<p><b>1. The price <\/b><\/p>\n<p>Most of the marked decks are very expensive. That&#8217;s why magicians only use them for special occasion and do not use their marked decks for classic effects such as the ambitious card routine, sandwich effects, etc&#8230;<\/p>\n<p>No more switch to change your marked deck for your regular deck. Your marked deck can now be used for signed cards, folded cards, torned cards. This deck is very affordable.<\/p>\n<p><b>2. The direct reading. <\/b><\/p>\n<p>You will not have to decipher a code or calculate anything. The reading is as simple as &#8221;I look, I know.&#8221;<\/p>\n<p>The size of the mark has also been designed to be large enough to be easily read but small enough to blend into the deck&#8217;s design. The marking can easily be seen at 1.5 meters.<\/p>\n<p><b>3. The location&#8217;s marking <\/b><\/p>\n<p>Nowadays, people are becoming aware that marked decks exist&#8230; That&#8217;s why this deck is marked in a place that people can&#8217;t see if they riffle through the deck. And its reading will be even simpler!<\/p>\n<p><b>4. The asymmetry. <\/b><\/p>\n<p>Probably the most important point of this deck. This asymmetry will allow effects that were previously too complicated to achieve.<\/p>\n<p>Some decks are marked and have an asymmetry. But this one if different. The mark itself creates the asymmetry. So you only have to focus on the mark and don&#8217;t look at two places to know which card has been rotated and the value of the card.<\/span><\/p>\n<ul>\n<li>Printed by the USPCC<\/li>\n<li>Maiden back design<\/li>\n<li>Tutorial in English (1h 45m long).<\/li>\n<li>+35 routines \/ technics \/ tips \/ ideas \/ variations (including 16 routines).<\/li>\n<li>Standard Cut<\/li>\n<\/ul>\n<p id=\"tw-target-text\" class=\"tw-data-text tw-text-large tw-ta\" dir=\"ltr\" tabindex=\"-1\" role=\"text\" data-placeholder=\"\u00d6vers\u00e4ttning\" data-ved=\"2ahUKEwj3rO_fzfSSAxXIJxAIHcgcL38Q3ewLegQIDBAV\" aria-label=\"\u00d6versatt text: I \u00e5ratal har magiker \u00f6ver hela v\u00e4rlden sl\u00e4ppt sina egna markerade kortlekar. Men den h\u00e4r har f\u00f6rdelar som andra inte har. Jordan Victorias My Power Deck kommer att bli din nya vardagliga kortlek och vi ber\u00e4ttar varf\u00f6r: 1. Priset De flesta markerade kortlekar \u00e4r v\u00e4ldigt dyra. Det \u00e4r d\u00e4rf\u00f6r magiker bara anv\u00e4nder dem f\u00f6r speciella tillf\u00e4llen och inte anv\u00e4nder sina markerade kortlekar f\u00f6r klassiska effekter som den ambiti\u00f6sa kortrutinen, sandwicheffekter, etc... Inget mer byte f\u00f6r att byta din markerade kortlek mot din vanliga kortlek. Din markerade kortlek kan nu anv\u00e4ndas f\u00f6r signerade kort, vikta kort, rivna kort. Den h\u00e4r kortleken \u00e4r mycket prisv\u00e4rd. 2. Direkt avl\u00e4sning. Du beh\u00f6ver inte dechiffrera en kod eller ber\u00e4kna n\u00e5gonting. Avl\u00e4sningen \u00e4r lika enkel som &quot;Jag tittar, jag vet.&quot; Storleken p\u00e5 m\u00e4rket har ocks\u00e5 utformats f\u00f6r att vara tillr\u00e4ckligt stor f\u00f6r att l\u00e4tt kunna l\u00e4sas men tillr\u00e4ckligt liten f\u00f6r att sm\u00e4lta in i kortlekens design. Markeringen kan l\u00e4tt ses p\u00e5 1,5 meters avst\u00e5nd. 3. Platsens markering Numera blir folk medvetna om att det finns markerade kortlekar... Det \u00e4r d\u00e4rf\u00f6r denna kortlek \u00e4r markerad p\u00e5 en plats som folk inte kan se om de bl\u00e4ddrar igenom kortleken. Och avl\u00e4sningen blir \u00e4nnu enklare! 4. Asymmetrin. F\u00f6rmodligen den viktigaste punkten med denna kortlek. Denna asymmetrin m\u00f6jligg\u00f6r effekter som tidigare var f\u00f6r komplicerade att uppn\u00e5. Vissa kortlekar \u00e4r markerade och har en asymmetri. Men denna \u00e4r annorlunda. Sj\u00e4lva m\u00e4rket skapar asymmetrin. S\u00e5 du beh\u00f6ver bara fokusera p\u00e5 m\u00e4rket och inte titta p\u00e5 tv\u00e5 st\u00e4llen f\u00f6r att veta vilket kort som har roterats och kortets v\u00e4rde. Tryckt av USPCC Baksida design Handledning p\u00e5 engelska (1 timme och 45 minuter l\u00e5ng). +35 rutiner \/ tekniker \/ tips \/ id\u00e9er \/ variationer (inklusive 16 rutiner). Standardsnitt Finns i r\u00f6tt eller bl\u00e5tt\"><span class=\"Y2IQFc\" lang=\"sv\">\u00a0<\/span><\/p>\n<\/div>\n<div id=\"tw-target-rmn-container\" class=\"tw-target-rmn tw-ta-container tw-nfl\" tabindex=\"-1\" role=\"text\">\n<pre id=\"tw-target-rmn\" class=\"tw-data-placeholder tw-text-small tw-ta\" dir=\"ltr\" tabindex=\"-1\" role=\"text\" data-placeholder=\"\"><\/pre>\n<\/div>\n<p> [&#8230;]<\/p>\n<p><a class=\"btn btn-secondary understrap-read-more-link\" href=\"https:\/\/kortleksbolaget.se\/fi\/tuote\/my-power-deck-blue\/\">Lue lis\u00e4\u00e4&#8230;<span class=\"screen-reader-text\"> from My Power Deck Blue<\/span><\/a><\/p>\n","protected":false},"featured_media":157976,"template":"","meta":{"_acf_changed":false},"product_brand":[],"product_cat":[129],"product_tag":[],"class_list":{"0":"post-157941","1":"product","2":"type-product","3":"status-publish","4":"has-post-thumbnail","6":"varumarke-bicycle-fi","7":"varumarke-uspcc-fi","8":"product_cat-taikuus-fi","10":"first","11":"outofstock","12":"taxable","13":"shipping-taxable","14":"purchasable","15":"product-type-simple"},"acf":[],"yoast_head":"<!-- This site is optimized with the Yoast SEO plugin v26.3 - https:\/\/yoast.com\/wordpress\/plugins\/seo\/ -->\n<title>Kortlek My Power Deck Blue | Kortleksbolaget<\/title>\n<meta name=\"description\" content=\"K\u00f6p My Power Deck Blue. Snabba leveranser &amp; bra priser. Sveriges st\u00f6rsta sortiment av kortlekar p\u00e5 Kortleksbolaget!\" \/>\n<meta name=\"robots\" content=\"index, follow, max-snippet:-1, max-image-preview:large, max-video-preview:-1\" \/>\n<link rel=\"canonical\" href=\"https:\/\/kortleksbolaget.se\/fi\/tuote\/my-power-deck-blue\/\" \/>\n<meta property=\"og:locale\" content=\"fi_FI\" \/>\n<meta property=\"og:type\" content=\"article\" \/>\n<meta property=\"og:title\" content=\"Kortlek My Power Deck Blue | Kortleksbolaget\" \/>\n<meta property=\"og:description\" content=\"K\u00f6p My Power Deck Blue. Snabba leveranser &amp; bra priser. Sveriges st\u00f6rsta sortiment av kortlekar p\u00e5 Kortleksbolaget!\" \/>\n<meta property=\"og:url\" content=\"https:\/\/kortleksbolaget.se\/fi\/tuote\/my-power-deck-blue\/\" \/>\n<meta property=\"og:site_name\" content=\"Kortleksbolaget\" \/>\n<meta property=\"og:image\" content=\"https:\/\/kortleksbolaget.se\/wp-content\/uploads\/my_power-deck-1.jpg\" \/>\n\t<meta property=\"og:image:width\" content=\"431\" \/>\n\t<meta property=\"og:image:height\" content=\"646\" \/>\n\t<meta property=\"og:image:type\" content=\"image\/jpeg\" \/>\n<meta name=\"twitter:card\" content=\"summary_large_image\" \/>\n<script type=\"application\/ld+json\" class=\"yoast-schema-graph\">{\"@context\":\"https:\/\/schema.org\",\"@graph\":[{\"@type\":\"WebPage\",\"@id\":\"https:\/\/kortleksbolaget.se\/fi\/tuote\/my-power-deck-blue\/\",\"url\":\"https:\/\/kortleksbolaget.se\/fi\/tuote\/my-power-deck-blue\/\",\"name\":\"Kortlek My Power Deck Blue | Kortleksbolaget\",\"isPartOf\":{\"@id\":\"https:\/\/kortleksbolaget.se\/fi\/#website\"},\"primaryImageOfPage\":{\"@id\":\"https:\/\/kortleksbolaget.se\/fi\/tuote\/my-power-deck-blue\/#primaryimage\"},\"image\":{\"@id\":\"https:\/\/kortleksbolaget.se\/fi\/tuote\/my-power-deck-blue\/#primaryimage\"},\"thumbnailUrl\":\"https:\/\/kortleksbolaget.se\/wp-content\/uploads\/my_power-deck-1.jpg\",\"datePublished\":\"2026-03-03T19:04:18+00:00\",\"description\":\"K\u00f6p My Power Deck Blue. Snabba leveranser & bra priser. Sveriges st\u00f6rsta sortiment av kortlekar p\u00e5 Kortleksbolaget!\",\"breadcrumb\":{\"@id\":\"https:\/\/kortleksbolaget.se\/fi\/tuote\/my-power-deck-blue\/#breadcrumb\"},\"inLanguage\":\"fi\",\"potentialAction\":[{\"@type\":\"ReadAction\",\"target\":[\"https:\/\/kortleksbolaget.se\/fi\/tuote\/my-power-deck-blue\/\"]}]},{\"@type\":\"ImageObject\",\"inLanguage\":\"fi\",\"@id\":\"https:\/\/kortleksbolaget.se\/fi\/tuote\/my-power-deck-blue\/#primaryimage\",\"url\":\"https:\/\/kortleksbolaget.se\/wp-content\/uploads\/my_power-deck-1.jpg\",\"contentUrl\":\"https:\/\/kortleksbolaget.se\/wp-content\/uploads\/my_power-deck-1.jpg\",\"width\":431,\"height\":646},{\"@type\":\"BreadcrumbList\",\"@id\":\"https:\/\/kortleksbolaget.se\/fi\/tuote\/my-power-deck-blue\/#breadcrumb\",\"itemListElement\":[{\"@type\":\"ListItem\",\"position\":1,\"name\":\"Hem\",\"item\":\"https:\/\/kortleksbolaget.se\/fi\/\"},{\"@type\":\"ListItem\",\"position\":2,\"name\":\"N\u00e4yt\u00e4 kaikki tuotteet\",\"item\":\"https:\/\/kortleksbolaget.se\/fi\/kaupassa\/\"},{\"@type\":\"ListItem\",\"position\":3,\"name\":\"My Power Deck Blue\"}]},{\"@type\":\"WebSite\",\"@id\":\"https:\/\/kortleksbolaget.se\/fi\/#website\",\"url\":\"https:\/\/kortleksbolaget.se\/fi\/\",\"name\":\"Kortleksbolaget\",\"description\":\"Kortlekar p\u00e5 n\u00e4tet\",\"publisher\":{\"@id\":\"https:\/\/kortleksbolaget.se\/fi\/#organization\"},\"potentialAction\":[{\"@type\":\"SearchAction\",\"target\":{\"@type\":\"EntryPoint\",\"urlTemplate\":\"https:\/\/kortleksbolaget.se\/fi\/?s={search_term_string}\"},\"query-input\":{\"@type\":\"PropertyValueSpecification\",\"valueRequired\":true,\"valueName\":\"search_term_string\"}}],\"inLanguage\":\"fi\"},{\"@type\":\"Organization\",\"@id\":\"https:\/\/kortleksbolaget.se\/fi\/#organization\",\"name\":\"Kortleksbolaget\",\"url\":\"https:\/\/kortleksbolaget.se\/fi\/\",\"logo\":{\"@type\":\"ImageObject\",\"inLanguage\":\"fi\",\"@id\":\"https:\/\/kortleksbolaget.se\/fi\/#\/schema\/logo\/image\/\",\"url\":\"https:\/\/kortleksbolaget.se\/wp-content\/uploads\/kortleksbolaget_logo-svart.png\",\"contentUrl\":\"https:\/\/kortleksbolaget.se\/wp-content\/uploads\/kortleksbolaget_logo-svart.png\",\"width\":1200,\"height\":296,\"caption\":\"Kortleksbolaget\"},\"image\":{\"@id\":\"https:\/\/kortleksbolaget.se\/fi\/#\/schema\/logo\/image\/\"}}]}<\/script>\n<!-- \/ Yoast SEO plugin. -->","yoast_head_json":{"title":"Kortlek My Power Deck Blue | Kortleksbolaget","description":"K\u00f6p My Power Deck Blue. Snabba leveranser & bra priser. Sveriges st\u00f6rsta sortiment av kortlekar p\u00e5 Kortleksbolaget!","robots":{"index":"index","follow":"follow","max-snippet":"max-snippet:-1","max-image-preview":"max-image-preview:large","max-video-preview":"max-video-preview:-1"},"canonical":"https:\/\/kortleksbolaget.se\/fi\/tuote\/my-power-deck-blue\/","og_locale":"fi_FI","og_type":"article","og_title":"Kortlek My Power Deck Blue | Kortleksbolaget","og_description":"K\u00f6p My Power Deck Blue. Snabba leveranser & bra priser. Sveriges st\u00f6rsta sortiment av kortlekar p\u00e5 Kortleksbolaget!","og_url":"https:\/\/kortleksbolaget.se\/fi\/tuote\/my-power-deck-blue\/","og_site_name":"Kortleksbolaget","og_image":[{"width":431,"height":646,"url":"https:\/\/kortleksbolaget.se\/wp-content\/uploads\/my_power-deck-1.jpg","type":"image\/jpeg"}],"twitter_card":"summary_large_image","schema":{"@context":"https:\/\/schema.org","@graph":[{"@type":"WebPage","@id":"https:\/\/kortleksbolaget.se\/fi\/tuote\/my-power-deck-blue\/","url":"https:\/\/kortleksbolaget.se\/fi\/tuote\/my-power-deck-blue\/","name":"Kortlek My Power Deck Blue | Kortleksbolaget","isPartOf":{"@id":"https:\/\/kortleksbolaget.se\/fi\/#website"},"primaryImageOfPage":{"@id":"https:\/\/kortleksbolaget.se\/fi\/tuote\/my-power-deck-blue\/#primaryimage"},"image":{"@id":"https:\/\/kortleksbolaget.se\/fi\/tuote\/my-power-deck-blue\/#primaryimage"},"thumbnailUrl":"https:\/\/kortleksbolaget.se\/wp-content\/uploads\/my_power-deck-1.jpg","datePublished":"2026-03-03T19:04:18+00:00","description":"K\u00f6p My Power Deck Blue. Snabba leveranser & bra priser. Sveriges st\u00f6rsta sortiment av kortlekar p\u00e5 Kortleksbolaget!","breadcrumb":{"@id":"https:\/\/kortleksbolaget.se\/fi\/tuote\/my-power-deck-blue\/#breadcrumb"},"inLanguage":"fi","potentialAction":[{"@type":"ReadAction","target":["https:\/\/kortleksbolaget.se\/fi\/tuote\/my-power-deck-blue\/"]}]},{"@type":"ImageObject","inLanguage":"fi","@id":"https:\/\/kortleksbolaget.se\/fi\/tuote\/my-power-deck-blue\/#primaryimage","url":"https:\/\/kortleksbolaget.se\/wp-content\/uploads\/my_power-deck-1.jpg","contentUrl":"https:\/\/kortleksbolaget.se\/wp-content\/uploads\/my_power-deck-1.jpg","width":431,"height":646},{"@type":"BreadcrumbList","@id":"https:\/\/kortleksbolaget.se\/fi\/tuote\/my-power-deck-blue\/#breadcrumb","itemListElement":[{"@type":"ListItem","position":1,"name":"Hem","item":"https:\/\/kortleksbolaget.se\/fi\/"},{"@type":"ListItem","position":2,"name":"N\u00e4yt\u00e4 kaikki tuotteet","item":"https:\/\/kortleksbolaget.se\/fi\/kaupassa\/"},{"@type":"ListItem","position":3,"name":"My Power Deck Blue"}]},{"@type":"WebSite","@id":"https:\/\/kortleksbolaget.se\/fi\/#website","url":"https:\/\/kortleksbolaget.se\/fi\/","name":"Kortleksbolaget","description":"Kortlekar p\u00e5 n\u00e4tet","publisher":{"@id":"https:\/\/kortleksbolaget.se\/fi\/#organization"},"potentialAction":[{"@type":"SearchAction","target":{"@type":"EntryPoint","urlTemplate":"https:\/\/kortleksbolaget.se\/fi\/?s={search_term_string}"},"query-input":{"@type":"PropertyValueSpecification","valueRequired":true,"valueName":"search_term_string"}}],"inLanguage":"fi"},{"@type":"Organization","@id":"https:\/\/kortleksbolaget.se\/fi\/#organization","name":"Kortleksbolaget","url":"https:\/\/kortleksbolaget.se\/fi\/","logo":{"@type":"ImageObject","inLanguage":"fi","@id":"https:\/\/kortleksbolaget.se\/fi\/#\/schema\/logo\/image\/","url":"https:\/\/kortleksbolaget.se\/wp-content\/uploads\/kortleksbolaget_logo-svart.png","contentUrl":"https:\/\/kortleksbolaget.se\/wp-content\/uploads\/kortleksbolaget_logo-svart.png","width":1200,"height":296,"caption":"Kortleksbolaget"},"image":{"@id":"https:\/\/kortleksbolaget.se\/fi\/#\/schema\/logo\/image\/"}}]}},"_links":{"self":[{"href":"https:\/\/kortleksbolaget.se\/fi\/wp-json\/wp\/v2\/product\/157941","targetHints":{"allow":["GET"]}}],"collection":[{"href":"https:\/\/kortleksbolaget.se\/fi\/wp-json\/wp\/v2\/product"}],"about":[{"href":"https:\/\/kortleksbolaget.se\/fi\/wp-json\/wp\/v2\/types\/product"}],"wp:featuredmedia":[{"embeddable":true,"href":"https:\/\/kortleksbolaget.se\/fi\/wp-json\/wp\/v2\/media\/157976"}],"wp:attachment":[{"href":"https:\/\/kortleksbolaget.se\/fi\/wp-json\/wp\/v2\/media?parent=157941"}],"wp:term":[{"taxonomy":"product_brand","embeddable":true,"href":"https:\/\/kortleksbolaget.se\/fi\/wp-json\/wp\/v2\/product_brand?post=157941"},{"taxonomy":"product_cat","embeddable":true,"href":"https:\/\/kortleksbolaget.se\/fi\/wp-json\/wp\/v2\/product_cat?post=157941"},{"taxonomy":"product_tag","embeddable":true,"href":"https:\/\/kortleksbolaget.se\/fi\/wp-json\/wp\/v2\/product_tag?post=157941"}],"curies":[{"name":"wp","href":"https:\/\/api.w.org\/{rel}","templated":true}]}}