{"id":158491,"date":"2026-03-27T12:29:11","date_gmt":"2026-03-27T11:29:11","guid":{"rendered":"https:\/\/kortleksbolaget.se\/produkt\/game-of-thrones-puzzle-by-theory11\/"},"modified":"2026-03-27T12:29:11","modified_gmt":"2026-03-27T11:29:11","slug":"game-of-thrones-puzzle-by-theory11","status":"publish","type":"product","link":"https:\/\/kortleksbolaget.se\/fi\/tuote\/game-of-thrones-puzzle-by-theory11\/","title":{"rendered":"Game of Thrones Puzzle by Theory11"},"content":{"rendered":"","protected":false},"excerpt":{"rendered":"<p id=\"tw-target-text\" class=\"tw-data-text tw-text-large tw-ta\" dir=\"ltr\" tabindex=\"-1\" role=\"text\" data-placeholder=\"\u00d6vers\u00e4ttning\" data-ved=\"2ahUKEwj3rO_fzfSSAxXIJxAIHcgcL38Q3ewLegQIDBAV\" aria-label=\"\u00d6versatt text: Er\u00f6vra de sju kungad\u00f6mena med detta premiumpussel med en flerdimensionell twist! De sju kungad\u00f6mena Bit f\u00f6r bit Du vinner eller d\u00f6r n\u00e4r du spelar Game of Thrones. Sjung en s\u00e5ng om is och eld med detta 1 000-bitars pussel som v\u00e4cker Westeros till liv. Sj\u00e4lva pusselbitarna har eleganta guldfoliedetaljer och levereras inb\u00e4ddade i en premiumb\u00e4rv\u00e4ska. Vintern kommer Resan slutar inte n\u00e4r den sista biten v\u00e4l faller p\u00e5 plats. Att slutf\u00f6ra pusslet l\u00e5ser upp och avsl\u00f6jar en flerdimensionell upplevelse som transporterar fans till Westeros som aldrig f\u00f6rr - ett innovativt, uppslukande dyk ner i kampen om J\u00e4rntronen och bortom! Hisnande kvalitet Kriget \u00e4r inte \u00f6ver Game of Thrones-pusslet \u00e4r inte bara utformat f\u00f6r att vara ett konstverk v\u00e4rt att visas upp efter att det \u00e4r slutf\u00f6rt, utan ocks\u00e5 en port till \u00e4ventyr, utformat med exceptionell kvalitet f\u00f6r fans som vill ta de sju kungad\u00f6mena in i sina hem. Varje detalj har noggrant utformats f\u00f6r att f\u00f6rdjupa dig i Westeros och ta tronen.\"><span class=\"Y2IQFc\" lang=\"sv\">Conquer the Seven Kingdoms with this premium jigsaw puzzle, featuring a multi-dimensional twist!<\/p>\n<p><b>The Seven Kingdoms<\/b><br \/>\nPiece by piece<\/p>\n<p>You win or you die when you play the Game of Thrones. Sing a song of ice and fire with this 1,000 piece jigsaw puzzle that brings Westeros to life. The puzzle pieces themselves feature elegant gold foil accents, and arrive nestled inside a premium carrying pouch.<\/p>\n<p><b>Winter Is Coming<\/b><\/p>\n<p>The journey doesn&#8217;t end once the last piece pops into place. Completing the puzzle unlocks and reveals a multi-dimensional experience, transporting fans into Westeros like never before &#8211; an innovative, immersive dive into the battle for the Iron Throne and beyond!<\/p>\n<p><b>Breathtaking Quality<\/b><br \/>\nThe war is not over<\/p>\n<p>The Game of Thrones puzzle is not only designed to be a work of art worthy of display after completion, but also a gateway to adventure, crafted with exceptional quality for fans who wish to bring the Seven Kingdoms into their homes. Every detail has been meticulously crafted to immerse you in Westeros and take the throne. <\/span><\/p>\n<p> [&#8230;]<\/p>\n<p><a class=\"btn btn-secondary understrap-read-more-link\" href=\"https:\/\/kortleksbolaget.se\/fi\/tuote\/game-of-thrones-puzzle-by-theory11\/\">Lue lis\u00e4\u00e4&#8230;<span class=\"screen-reader-text\"> from Game of Thrones Puzzle by Theory11<\/span><\/a><\/p>\n","protected":false},"featured_media":158482,"template":"","meta":{"_acf_changed":false},"product_brand":[],"product_cat":[300],"product_tag":[],"class_list":{"0":"post-158491","1":"product","2":"type-product","3":"status-publish","4":"has-post-thumbnail","6":"varumarke-theory11-fi","7":"product_cat-pussel-knep-knap-fi","9":"first","10":"instock","11":"featured","12":"taxable","13":"shipping-taxable","14":"purchasable","15":"product-type-simple"},"acf":[],"yoast_head":"<!-- This site is optimized with the Yoast SEO plugin v26.3 - https:\/\/yoast.com\/wordpress\/plugins\/seo\/ -->\n<title>Kortlek Game of Thrones Puzzle by Theory11 | Kortleksbolaget<\/title>\n<meta name=\"description\" content=\"K\u00f6p Game of Thrones Puzzle by Theory11. Snabba leveranser &amp; bra priser. Sveriges st\u00f6rsta sortiment av kortlekar p\u00e5 Kortleksbolaget!\" \/>\n<meta name=\"robots\" content=\"index, follow, max-snippet:-1, max-image-preview:large, max-video-preview:-1\" \/>\n<link rel=\"canonical\" href=\"https:\/\/kortleksbolaget.se\/fi\/tuote\/game-of-thrones-puzzle-by-theory11\/\" \/>\n<meta property=\"og:locale\" content=\"fi_FI\" \/>\n<meta property=\"og:type\" content=\"article\" \/>\n<meta property=\"og:title\" content=\"Kortlek Game of Thrones Puzzle by Theory11 | Kortleksbolaget\" \/>\n<meta property=\"og:description\" content=\"K\u00f6p Game of Thrones Puzzle by Theory11. Snabba leveranser &amp; bra priser. Sveriges st\u00f6rsta sortiment av kortlekar p\u00e5 Kortleksbolaget!\" \/>\n<meta property=\"og:url\" content=\"https:\/\/kortleksbolaget.se\/fi\/tuote\/game-of-thrones-puzzle-by-theory11\/\" \/>\n<meta property=\"og:site_name\" content=\"Kortleksbolaget\" \/>\n<meta property=\"og:image\" content=\"https:\/\/kortleksbolaget.se\/wp-content\/uploads\/58253-alt2.png\" \/>\n\t<meta property=\"og:image:width\" content=\"740\" \/>\n\t<meta property=\"og:image:height\" content=\"416\" \/>\n\t<meta property=\"og:image:type\" content=\"image\/png\" \/>\n<meta name=\"twitter:card\" content=\"summary_large_image\" \/>\n<script type=\"application\/ld+json\" class=\"yoast-schema-graph\">{\"@context\":\"https:\/\/schema.org\",\"@graph\":[{\"@type\":\"WebPage\",\"@id\":\"https:\/\/kortleksbolaget.se\/fi\/tuote\/game-of-thrones-puzzle-by-theory11\/\",\"url\":\"https:\/\/kortleksbolaget.se\/fi\/tuote\/game-of-thrones-puzzle-by-theory11\/\",\"name\":\"Kortlek Game of Thrones Puzzle by Theory11 | Kortleksbolaget\",\"isPartOf\":{\"@id\":\"https:\/\/kortleksbolaget.se\/fi\/#website\"},\"primaryImageOfPage\":{\"@id\":\"https:\/\/kortleksbolaget.se\/fi\/tuote\/game-of-thrones-puzzle-by-theory11\/#primaryimage\"},\"image\":{\"@id\":\"https:\/\/kortleksbolaget.se\/fi\/tuote\/game-of-thrones-puzzle-by-theory11\/#primaryimage\"},\"thumbnailUrl\":\"https:\/\/kortleksbolaget.se\/wp-content\/uploads\/game-thrones-of-pussel.jpg\",\"datePublished\":\"2026-03-27T11:29:11+00:00\",\"description\":\"K\u00f6p Game of Thrones Puzzle by Theory11. Snabba leveranser & bra priser. Sveriges st\u00f6rsta sortiment av kortlekar p\u00e5 Kortleksbolaget!\",\"breadcrumb\":{\"@id\":\"https:\/\/kortleksbolaget.se\/fi\/tuote\/game-of-thrones-puzzle-by-theory11\/#breadcrumb\"},\"inLanguage\":\"fi\",\"potentialAction\":[{\"@type\":\"ReadAction\",\"target\":[\"https:\/\/kortleksbolaget.se\/fi\/tuote\/game-of-thrones-puzzle-by-theory11\/\"]}]},{\"@type\":\"ImageObject\",\"inLanguage\":\"fi\",\"@id\":\"https:\/\/kortleksbolaget.se\/fi\/tuote\/game-of-thrones-puzzle-by-theory11\/#primaryimage\",\"url\":\"https:\/\/kortleksbolaget.se\/wp-content\/uploads\/game-thrones-of-pussel.jpg\",\"contentUrl\":\"https:\/\/kortleksbolaget.se\/wp-content\/uploads\/game-thrones-of-pussel.jpg\",\"width\":816,\"height\":1223},{\"@type\":\"BreadcrumbList\",\"@id\":\"https:\/\/kortleksbolaget.se\/fi\/tuote\/game-of-thrones-puzzle-by-theory11\/#breadcrumb\",\"itemListElement\":[{\"@type\":\"ListItem\",\"position\":1,\"name\":\"Hem\",\"item\":\"https:\/\/kortleksbolaget.se\/fi\/\"},{\"@type\":\"ListItem\",\"position\":2,\"name\":\"N\u00e4yt\u00e4 kaikki tuotteet\",\"item\":\"https:\/\/kortleksbolaget.se\/fi\/kaupassa\/\"},{\"@type\":\"ListItem\",\"position\":3,\"name\":\"Game of Thrones Puzzle by Theory11\"}]},{\"@type\":\"WebSite\",\"@id\":\"https:\/\/kortleksbolaget.se\/fi\/#website\",\"url\":\"https:\/\/kortleksbolaget.se\/fi\/\",\"name\":\"Kortleksbolaget\",\"description\":\"Kortlekar p\u00e5 n\u00e4tet\",\"publisher\":{\"@id\":\"https:\/\/kortleksbolaget.se\/fi\/#organization\"},\"potentialAction\":[{\"@type\":\"SearchAction\",\"target\":{\"@type\":\"EntryPoint\",\"urlTemplate\":\"https:\/\/kortleksbolaget.se\/fi\/?s={search_term_string}\"},\"query-input\":{\"@type\":\"PropertyValueSpecification\",\"valueRequired\":true,\"valueName\":\"search_term_string\"}}],\"inLanguage\":\"fi\"},{\"@type\":\"Organization\",\"@id\":\"https:\/\/kortleksbolaget.se\/fi\/#organization\",\"name\":\"Kortleksbolaget\",\"url\":\"https:\/\/kortleksbolaget.se\/fi\/\",\"logo\":{\"@type\":\"ImageObject\",\"inLanguage\":\"fi\",\"@id\":\"https:\/\/kortleksbolaget.se\/fi\/#\/schema\/logo\/image\/\",\"url\":\"https:\/\/kortleksbolaget.se\/wp-content\/uploads\/kortleksbolaget_logo-svart.png\",\"contentUrl\":\"https:\/\/kortleksbolaget.se\/wp-content\/uploads\/kortleksbolaget_logo-svart.png\",\"width\":1200,\"height\":296,\"caption\":\"Kortleksbolaget\"},\"image\":{\"@id\":\"https:\/\/kortleksbolaget.se\/fi\/#\/schema\/logo\/image\/\"}}]}<\/script>\n<!-- \/ Yoast SEO plugin. -->","yoast_head_json":{"title":"Kortlek Game of Thrones Puzzle by Theory11 | Kortleksbolaget","description":"K\u00f6p Game of Thrones Puzzle by Theory11. Snabba leveranser & bra priser. Sveriges st\u00f6rsta sortiment av kortlekar p\u00e5 Kortleksbolaget!","robots":{"index":"index","follow":"follow","max-snippet":"max-snippet:-1","max-image-preview":"max-image-preview:large","max-video-preview":"max-video-preview:-1"},"canonical":"https:\/\/kortleksbolaget.se\/fi\/tuote\/game-of-thrones-puzzle-by-theory11\/","og_locale":"fi_FI","og_type":"article","og_title":"Kortlek Game of Thrones Puzzle by Theory11 | Kortleksbolaget","og_description":"K\u00f6p Game of Thrones Puzzle by Theory11. Snabba leveranser & bra priser. Sveriges st\u00f6rsta sortiment av kortlekar p\u00e5 Kortleksbolaget!","og_url":"https:\/\/kortleksbolaget.se\/fi\/tuote\/game-of-thrones-puzzle-by-theory11\/","og_site_name":"Kortleksbolaget","og_image":[{"width":740,"height":416,"url":"https:\/\/kortleksbolaget.se\/wp-content\/uploads\/58253-alt2.png","type":"image\/png"}],"twitter_card":"summary_large_image","schema":{"@context":"https:\/\/schema.org","@graph":[{"@type":"WebPage","@id":"https:\/\/kortleksbolaget.se\/fi\/tuote\/game-of-thrones-puzzle-by-theory11\/","url":"https:\/\/kortleksbolaget.se\/fi\/tuote\/game-of-thrones-puzzle-by-theory11\/","name":"Kortlek Game of Thrones Puzzle by Theory11 | Kortleksbolaget","isPartOf":{"@id":"https:\/\/kortleksbolaget.se\/fi\/#website"},"primaryImageOfPage":{"@id":"https:\/\/kortleksbolaget.se\/fi\/tuote\/game-of-thrones-puzzle-by-theory11\/#primaryimage"},"image":{"@id":"https:\/\/kortleksbolaget.se\/fi\/tuote\/game-of-thrones-puzzle-by-theory11\/#primaryimage"},"thumbnailUrl":"https:\/\/kortleksbolaget.se\/wp-content\/uploads\/game-thrones-of-pussel.jpg","datePublished":"2026-03-27T11:29:11+00:00","description":"K\u00f6p Game of Thrones Puzzle by Theory11. Snabba leveranser & bra priser. Sveriges st\u00f6rsta sortiment av kortlekar p\u00e5 Kortleksbolaget!","breadcrumb":{"@id":"https:\/\/kortleksbolaget.se\/fi\/tuote\/game-of-thrones-puzzle-by-theory11\/#breadcrumb"},"inLanguage":"fi","potentialAction":[{"@type":"ReadAction","target":["https:\/\/kortleksbolaget.se\/fi\/tuote\/game-of-thrones-puzzle-by-theory11\/"]}]},{"@type":"ImageObject","inLanguage":"fi","@id":"https:\/\/kortleksbolaget.se\/fi\/tuote\/game-of-thrones-puzzle-by-theory11\/#primaryimage","url":"https:\/\/kortleksbolaget.se\/wp-content\/uploads\/game-thrones-of-pussel.jpg","contentUrl":"https:\/\/kortleksbolaget.se\/wp-content\/uploads\/game-thrones-of-pussel.jpg","width":816,"height":1223},{"@type":"BreadcrumbList","@id":"https:\/\/kortleksbolaget.se\/fi\/tuote\/game-of-thrones-puzzle-by-theory11\/#breadcrumb","itemListElement":[{"@type":"ListItem","position":1,"name":"Hem","item":"https:\/\/kortleksbolaget.se\/fi\/"},{"@type":"ListItem","position":2,"name":"N\u00e4yt\u00e4 kaikki tuotteet","item":"https:\/\/kortleksbolaget.se\/fi\/kaupassa\/"},{"@type":"ListItem","position":3,"name":"Game of Thrones Puzzle by Theory11"}]},{"@type":"WebSite","@id":"https:\/\/kortleksbolaget.se\/fi\/#website","url":"https:\/\/kortleksbolaget.se\/fi\/","name":"Kortleksbolaget","description":"Kortlekar p\u00e5 n\u00e4tet","publisher":{"@id":"https:\/\/kortleksbolaget.se\/fi\/#organization"},"potentialAction":[{"@type":"SearchAction","target":{"@type":"EntryPoint","urlTemplate":"https:\/\/kortleksbolaget.se\/fi\/?s={search_term_string}"},"query-input":{"@type":"PropertyValueSpecification","valueRequired":true,"valueName":"search_term_string"}}],"inLanguage":"fi"},{"@type":"Organization","@id":"https:\/\/kortleksbolaget.se\/fi\/#organization","name":"Kortleksbolaget","url":"https:\/\/kortleksbolaget.se\/fi\/","logo":{"@type":"ImageObject","inLanguage":"fi","@id":"https:\/\/kortleksbolaget.se\/fi\/#\/schema\/logo\/image\/","url":"https:\/\/kortleksbolaget.se\/wp-content\/uploads\/kortleksbolaget_logo-svart.png","contentUrl":"https:\/\/kortleksbolaget.se\/wp-content\/uploads\/kortleksbolaget_logo-svart.png","width":1200,"height":296,"caption":"Kortleksbolaget"},"image":{"@id":"https:\/\/kortleksbolaget.se\/fi\/#\/schema\/logo\/image\/"}}]}},"_links":{"self":[{"href":"https:\/\/kortleksbolaget.se\/fi\/wp-json\/wp\/v2\/product\/158491","targetHints":{"allow":["GET"]}}],"collection":[{"href":"https:\/\/kortleksbolaget.se\/fi\/wp-json\/wp\/v2\/product"}],"about":[{"href":"https:\/\/kortleksbolaget.se\/fi\/wp-json\/wp\/v2\/types\/product"}],"wp:featuredmedia":[{"embeddable":true,"href":"https:\/\/kortleksbolaget.se\/fi\/wp-json\/wp\/v2\/media\/158482"}],"wp:attachment":[{"href":"https:\/\/kortleksbolaget.se\/fi\/wp-json\/wp\/v2\/media?parent=158491"}],"wp:term":[{"taxonomy":"product_brand","embeddable":true,"href":"https:\/\/kortleksbolaget.se\/fi\/wp-json\/wp\/v2\/product_brand?post=158491"},{"taxonomy":"product_cat","embeddable":true,"href":"https:\/\/kortleksbolaget.se\/fi\/wp-json\/wp\/v2\/product_cat?post=158491"},{"taxonomy":"product_tag","embeddable":true,"href":"https:\/\/kortleksbolaget.se\/fi\/wp-json\/wp\/v2\/product_tag?post=158491"}],"curies":[{"name":"wp","href":"https:\/\/api.w.org\/{rel}","templated":true}]}}