{"id":158734,"date":"2026-03-30T21:39:59","date_gmt":"2026-03-30T19:39:59","guid":{"rendered":"https:\/\/kortleksbolaget.se\/produkt\/bicycle-disney-beauty-and-the-beast\/"},"modified":"2026-03-30T21:39:59","modified_gmt":"2026-03-30T19:39:59","slug":"bicycle-disney-beauty-and-the-beast","status":"publish","type":"product","link":"https:\/\/kortleksbolaget.se\/fi\/tuote\/bicycle-disney-beauty-and-the-beast\/","title":{"rendered":"Bicycle Disney Beauty and the Beast"},"content":{"rendered":"","protected":false},"excerpt":{"rendered":"<div id=\"tw-target-text-container\" class=\"tw-ta-container tw-nfl\" tabindex=\"0\" role=\"text\">\n<p class=\"tw-data-text tw-text-large tw-ta\" dir=\"ltr\" tabindex=\"-1\" role=\"text\" data-placeholder=\"\u00d6vers\u00e4ttning\" data-ved=\"2ahUKEwisqpnuhcCTAxVQUlUIHU9mMwQQ3ewLegQIDBAV\" aria-label=\"\u00d6versatt text: Kliv in i en tidl\u00f6s klassiker med Disneys Sk\u00f6nheten och Odjuret-inspirerade spelkort fr\u00e5n Bicycle. Inslagna i en elegant guldfolierad ask f\u00e5ngar denna f\u00f6rtrollande kortlek sk\u00f6nheten i Disneys \u00e4lskade ber\u00e4ttelse. Varje specialdesignat kort v\u00e4cker ikoniska karakt\u00e4rer som Belle, Odjuret och Mrs. Potts till liv i fantastisk detalj. Den uts\u00f6kta kortbaksidan visar upp den f\u00f6rtrollade rosen och f\u00f6rvandlar varje spel till ett sp\u00e4nnande \u00f6gonblick. Funktioner: Lyxigt guldfolierat ask f\u00f6r en premium samlarpresentation. Vackert specialdesignade kortkort med karakt\u00e4rskonst av Disney Belle, Odjuret, Mrs. Potts med flera. Bicycle Air-Cushion-finish f\u00f6r smidig hantering, enkel blandning och varaktig h\u00e5llbarhet. Tillverkad med stolthet i USA med Bicycles p\u00e5litliga kvalitet.\"><span class=\"Y2IQFc\" lang=\"sv\">Step into a timeless classic with the <b>Disney Beauty and the Beast Inspired Playing Cards by Bicycle<\/b>.<\/p>\n<p>Wrapped in an elegant gold-foiled tuck box, this enchanting deck captures the beauty of Disney&#8217;s beloved story.<\/p>\n<p>Each custom-designed court card brings iconic characters like Belle, the Beast, and Mrs. Potts to life in stunning detail. The exquisite card back showcases the enchanted rose, turning every game into an exciting moment.<\/p>\n<p><b>Features:<\/b><\/span><\/p>\n<ul>\n<li>Luxurious gold-foiled tuck case for a premium, collectible presentation.<\/li>\n<li>Beautifully Custom Court cards featuring character art of Disney Belle, Beast, Mrs. Potts, and more.<\/li>\n<li>Bicycle Air-Cushion finish for smooth handling, effortless shuffling, and lasting durability.<\/li>\n<li>Made Proudly in the USA with Bicycle&#8217;s trusted quality.<\/li>\n<\/ul>\n<p id=\"tw-target-text\" class=\"tw-data-text tw-text-large tw-ta\" dir=\"ltr\" tabindex=\"-1\" role=\"text\" data-placeholder=\"\u00d6vers\u00e4ttning\" data-ved=\"2ahUKEwisqpnuhcCTAxVQUlUIHU9mMwQQ3ewLegQIDBAV\" aria-label=\"\u00d6versatt text: Kliv in i en tidl\u00f6s klassiker med Disneys Sk\u00f6nheten och Odjuret-inspirerade spelkort fr\u00e5n Bicycle. Inslagna i en elegant guldfolierad ask f\u00e5ngar denna f\u00f6rtrollande kortlek sk\u00f6nheten i Disneys \u00e4lskade ber\u00e4ttelse. Varje specialdesignat kort v\u00e4cker ikoniska karakt\u00e4rer som Belle, Odjuret och Mrs. Potts till liv i fantastisk detalj. Den uts\u00f6kta kortbaksidan visar upp den f\u00f6rtrollade rosen och f\u00f6rvandlar varje spel till ett sp\u00e4nnande \u00f6gonblick. Funktioner: Lyxigt guldfolierat ask f\u00f6r en premium samlarpresentation. Vackert specialdesignade kortkort med karakt\u00e4rskonst av Disney Belle, Odjuret, Mrs. Potts med flera. Bicycle Air-Cushion-finish f\u00f6r smidig hantering, enkel blandning och varaktig h\u00e5llbarhet. Tillverkad med stolthet i USA med Bicycles p\u00e5litliga kvalitet.\"><span class=\"Y2IQFc\" lang=\"sv\">\u00a0<\/span><\/p>\n<\/div>\n<div id=\"tw-target-rmn-container\" class=\"tw-target-rmn tw-ta-container tw-nfl\" tabindex=\"-1\" role=\"text\">\n<pre id=\"tw-target-rmn\" class=\"tw-data-placeholder tw-text-small tw-ta\" dir=\"ltr\" tabindex=\"-1\" role=\"text\" data-placeholder=\"\"><\/pre>\n<\/div>\n<p> [&#8230;]<\/p>\n<p><a class=\"btn btn-secondary understrap-read-more-link\" href=\"https:\/\/kortleksbolaget.se\/fi\/tuote\/bicycle-disney-beauty-and-the-beast\/\">Lue lis\u00e4\u00e4&#8230;<span class=\"screen-reader-text\"> from Bicycle Disney Beauty and the Beast<\/span><\/a><\/p>\n","protected":false},"featured_media":158725,"template":"","meta":{"_acf_changed":false},"product_brand":[],"product_cat":[130],"product_tag":[],"class_list":{"0":"post-158734","1":"product","2":"type-product","3":"status-publish","4":"has-post-thumbnail","6":"varumarke-bicycle-fi","7":"varumarke-uspcc-fi","8":"product_cat-special-lyx-limited-fi","10":"first","11":"instock","12":"featured","13":"taxable","14":"shipping-taxable","15":"purchasable","16":"product-type-simple"},"acf":[],"yoast_head":"<!-- This site is optimized with the Yoast SEO plugin v26.3 - https:\/\/yoast.com\/wordpress\/plugins\/seo\/ -->\n<title>Kortlek Bicycle Disney Beauty and the Beast | Kortleksbolaget<\/title>\n<meta name=\"description\" content=\"K\u00f6p Bicycle Disney Beauty and the Beast. Snabba leveranser &amp; bra priser. Sveriges st\u00f6rsta sortiment av kortlekar p\u00e5 Kortleksbolaget!\" \/>\n<meta name=\"robots\" content=\"index, follow, max-snippet:-1, max-image-preview:large, max-video-preview:-1\" \/>\n<link rel=\"canonical\" href=\"https:\/\/kortleksbolaget.se\/fi\/tuote\/bicycle-disney-beauty-and-the-beast\/\" \/>\n<meta property=\"og:locale\" content=\"fi_FI\" \/>\n<meta property=\"og:type\" content=\"article\" \/>\n<meta property=\"og:title\" content=\"Kortlek Bicycle Disney Beauty and the Beast | Kortleksbolaget\" \/>\n<meta property=\"og:description\" content=\"K\u00f6p Bicycle Disney Beauty and the Beast. Snabba leveranser &amp; bra priser. Sveriges st\u00f6rsta sortiment av kortlekar p\u00e5 Kortleksbolaget!\" \/>\n<meta property=\"og:url\" content=\"https:\/\/kortleksbolaget.se\/fi\/tuote\/bicycle-disney-beauty-and-the-beast\/\" \/>\n<meta property=\"og:site_name\" content=\"Kortleksbolaget\" \/>\n<meta property=\"og:image\" content=\"https:\/\/kortleksbolaget.se\/wp-content\/uploads\/58253-alt2.png\" \/>\n\t<meta property=\"og:image:width\" content=\"740\" \/>\n\t<meta property=\"og:image:height\" content=\"416\" \/>\n\t<meta property=\"og:image:type\" content=\"image\/png\" \/>\n<meta name=\"twitter:card\" content=\"summary_large_image\" \/>\n<script type=\"application\/ld+json\" class=\"yoast-schema-graph\">{\"@context\":\"https:\/\/schema.org\",\"@graph\":[{\"@type\":\"WebPage\",\"@id\":\"https:\/\/kortleksbolaget.se\/fi\/tuote\/bicycle-disney-beauty-and-the-beast\/\",\"url\":\"https:\/\/kortleksbolaget.se\/fi\/tuote\/bicycle-disney-beauty-and-the-beast\/\",\"name\":\"Kortlek Bicycle Disney Beauty and the Beast | Kortleksbolaget\",\"isPartOf\":{\"@id\":\"https:\/\/kortleksbolaget.se\/fi\/#website\"},\"primaryImageOfPage\":{\"@id\":\"https:\/\/kortleksbolaget.se\/fi\/tuote\/bicycle-disney-beauty-and-the-beast\/#primaryimage\"},\"image\":{\"@id\":\"https:\/\/kortleksbolaget.se\/fi\/tuote\/bicycle-disney-beauty-and-the-beast\/#primaryimage\"},\"thumbnailUrl\":\"https:\/\/kortleksbolaget.se\/wp-content\/uploads\/disney-skonheten-odjuret-kortlek.jpg\",\"datePublished\":\"2026-03-30T19:39:59+00:00\",\"description\":\"K\u00f6p Bicycle Disney Beauty and the Beast. Snabba leveranser & bra priser. Sveriges st\u00f6rsta sortiment av kortlekar p\u00e5 Kortleksbolaget!\",\"breadcrumb\":{\"@id\":\"https:\/\/kortleksbolaget.se\/fi\/tuote\/bicycle-disney-beauty-and-the-beast\/#breadcrumb\"},\"inLanguage\":\"fi\",\"potentialAction\":[{\"@type\":\"ReadAction\",\"target\":[\"https:\/\/kortleksbolaget.se\/fi\/tuote\/bicycle-disney-beauty-and-the-beast\/\"]}]},{\"@type\":\"ImageObject\",\"inLanguage\":\"fi\",\"@id\":\"https:\/\/kortleksbolaget.se\/fi\/tuote\/bicycle-disney-beauty-and-the-beast\/#primaryimage\",\"url\":\"https:\/\/kortleksbolaget.se\/wp-content\/uploads\/disney-skonheten-odjuret-kortlek.jpg\",\"contentUrl\":\"https:\/\/kortleksbolaget.se\/wp-content\/uploads\/disney-skonheten-odjuret-kortlek.jpg\",\"width\":466,\"height\":699},{\"@type\":\"BreadcrumbList\",\"@id\":\"https:\/\/kortleksbolaget.se\/fi\/tuote\/bicycle-disney-beauty-and-the-beast\/#breadcrumb\",\"itemListElement\":[{\"@type\":\"ListItem\",\"position\":1,\"name\":\"Hem\",\"item\":\"https:\/\/kortleksbolaget.se\/fi\/\"},{\"@type\":\"ListItem\",\"position\":2,\"name\":\"N\u00e4yt\u00e4 kaikki tuotteet\",\"item\":\"https:\/\/kortleksbolaget.se\/fi\/kaupassa\/\"},{\"@type\":\"ListItem\",\"position\":3,\"name\":\"Bicycle Disney Beauty and the Beast\"}]},{\"@type\":\"WebSite\",\"@id\":\"https:\/\/kortleksbolaget.se\/fi\/#website\",\"url\":\"https:\/\/kortleksbolaget.se\/fi\/\",\"name\":\"Kortleksbolaget\",\"description\":\"Kortlekar p\u00e5 n\u00e4tet\",\"publisher\":{\"@id\":\"https:\/\/kortleksbolaget.se\/fi\/#organization\"},\"potentialAction\":[{\"@type\":\"SearchAction\",\"target\":{\"@type\":\"EntryPoint\",\"urlTemplate\":\"https:\/\/kortleksbolaget.se\/fi\/?s={search_term_string}\"},\"query-input\":{\"@type\":\"PropertyValueSpecification\",\"valueRequired\":true,\"valueName\":\"search_term_string\"}}],\"inLanguage\":\"fi\"},{\"@type\":\"Organization\",\"@id\":\"https:\/\/kortleksbolaget.se\/fi\/#organization\",\"name\":\"Kortleksbolaget\",\"url\":\"https:\/\/kortleksbolaget.se\/fi\/\",\"logo\":{\"@type\":\"ImageObject\",\"inLanguage\":\"fi\",\"@id\":\"https:\/\/kortleksbolaget.se\/fi\/#\/schema\/logo\/image\/\",\"url\":\"https:\/\/kortleksbolaget.se\/wp-content\/uploads\/kortleksbolaget_logo-svart.png\",\"contentUrl\":\"https:\/\/kortleksbolaget.se\/wp-content\/uploads\/kortleksbolaget_logo-svart.png\",\"width\":1200,\"height\":296,\"caption\":\"Kortleksbolaget\"},\"image\":{\"@id\":\"https:\/\/kortleksbolaget.se\/fi\/#\/schema\/logo\/image\/\"}}]}<\/script>\n<!-- \/ Yoast SEO plugin. -->","yoast_head_json":{"title":"Kortlek Bicycle Disney Beauty and the Beast | Kortleksbolaget","description":"K\u00f6p Bicycle Disney Beauty and the Beast. Snabba leveranser & bra priser. Sveriges st\u00f6rsta sortiment av kortlekar p\u00e5 Kortleksbolaget!","robots":{"index":"index","follow":"follow","max-snippet":"max-snippet:-1","max-image-preview":"max-image-preview:large","max-video-preview":"max-video-preview:-1"},"canonical":"https:\/\/kortleksbolaget.se\/fi\/tuote\/bicycle-disney-beauty-and-the-beast\/","og_locale":"fi_FI","og_type":"article","og_title":"Kortlek Bicycle Disney Beauty and the Beast | Kortleksbolaget","og_description":"K\u00f6p Bicycle Disney Beauty and the Beast. Snabba leveranser & bra priser. Sveriges st\u00f6rsta sortiment av kortlekar p\u00e5 Kortleksbolaget!","og_url":"https:\/\/kortleksbolaget.se\/fi\/tuote\/bicycle-disney-beauty-and-the-beast\/","og_site_name":"Kortleksbolaget","og_image":[{"width":740,"height":416,"url":"https:\/\/kortleksbolaget.se\/wp-content\/uploads\/58253-alt2.png","type":"image\/png"}],"twitter_card":"summary_large_image","schema":{"@context":"https:\/\/schema.org","@graph":[{"@type":"WebPage","@id":"https:\/\/kortleksbolaget.se\/fi\/tuote\/bicycle-disney-beauty-and-the-beast\/","url":"https:\/\/kortleksbolaget.se\/fi\/tuote\/bicycle-disney-beauty-and-the-beast\/","name":"Kortlek Bicycle Disney Beauty and the Beast | Kortleksbolaget","isPartOf":{"@id":"https:\/\/kortleksbolaget.se\/fi\/#website"},"primaryImageOfPage":{"@id":"https:\/\/kortleksbolaget.se\/fi\/tuote\/bicycle-disney-beauty-and-the-beast\/#primaryimage"},"image":{"@id":"https:\/\/kortleksbolaget.se\/fi\/tuote\/bicycle-disney-beauty-and-the-beast\/#primaryimage"},"thumbnailUrl":"https:\/\/kortleksbolaget.se\/wp-content\/uploads\/disney-skonheten-odjuret-kortlek.jpg","datePublished":"2026-03-30T19:39:59+00:00","description":"K\u00f6p Bicycle Disney Beauty and the Beast. Snabba leveranser & bra priser. Sveriges st\u00f6rsta sortiment av kortlekar p\u00e5 Kortleksbolaget!","breadcrumb":{"@id":"https:\/\/kortleksbolaget.se\/fi\/tuote\/bicycle-disney-beauty-and-the-beast\/#breadcrumb"},"inLanguage":"fi","potentialAction":[{"@type":"ReadAction","target":["https:\/\/kortleksbolaget.se\/fi\/tuote\/bicycle-disney-beauty-and-the-beast\/"]}]},{"@type":"ImageObject","inLanguage":"fi","@id":"https:\/\/kortleksbolaget.se\/fi\/tuote\/bicycle-disney-beauty-and-the-beast\/#primaryimage","url":"https:\/\/kortleksbolaget.se\/wp-content\/uploads\/disney-skonheten-odjuret-kortlek.jpg","contentUrl":"https:\/\/kortleksbolaget.se\/wp-content\/uploads\/disney-skonheten-odjuret-kortlek.jpg","width":466,"height":699},{"@type":"BreadcrumbList","@id":"https:\/\/kortleksbolaget.se\/fi\/tuote\/bicycle-disney-beauty-and-the-beast\/#breadcrumb","itemListElement":[{"@type":"ListItem","position":1,"name":"Hem","item":"https:\/\/kortleksbolaget.se\/fi\/"},{"@type":"ListItem","position":2,"name":"N\u00e4yt\u00e4 kaikki tuotteet","item":"https:\/\/kortleksbolaget.se\/fi\/kaupassa\/"},{"@type":"ListItem","position":3,"name":"Bicycle Disney Beauty and the Beast"}]},{"@type":"WebSite","@id":"https:\/\/kortleksbolaget.se\/fi\/#website","url":"https:\/\/kortleksbolaget.se\/fi\/","name":"Kortleksbolaget","description":"Kortlekar p\u00e5 n\u00e4tet","publisher":{"@id":"https:\/\/kortleksbolaget.se\/fi\/#organization"},"potentialAction":[{"@type":"SearchAction","target":{"@type":"EntryPoint","urlTemplate":"https:\/\/kortleksbolaget.se\/fi\/?s={search_term_string}"},"query-input":{"@type":"PropertyValueSpecification","valueRequired":true,"valueName":"search_term_string"}}],"inLanguage":"fi"},{"@type":"Organization","@id":"https:\/\/kortleksbolaget.se\/fi\/#organization","name":"Kortleksbolaget","url":"https:\/\/kortleksbolaget.se\/fi\/","logo":{"@type":"ImageObject","inLanguage":"fi","@id":"https:\/\/kortleksbolaget.se\/fi\/#\/schema\/logo\/image\/","url":"https:\/\/kortleksbolaget.se\/wp-content\/uploads\/kortleksbolaget_logo-svart.png","contentUrl":"https:\/\/kortleksbolaget.se\/wp-content\/uploads\/kortleksbolaget_logo-svart.png","width":1200,"height":296,"caption":"Kortleksbolaget"},"image":{"@id":"https:\/\/kortleksbolaget.se\/fi\/#\/schema\/logo\/image\/"}}]}},"_links":{"self":[{"href":"https:\/\/kortleksbolaget.se\/fi\/wp-json\/wp\/v2\/product\/158734","targetHints":{"allow":["GET"]}}],"collection":[{"href":"https:\/\/kortleksbolaget.se\/fi\/wp-json\/wp\/v2\/product"}],"about":[{"href":"https:\/\/kortleksbolaget.se\/fi\/wp-json\/wp\/v2\/types\/product"}],"wp:featuredmedia":[{"embeddable":true,"href":"https:\/\/kortleksbolaget.se\/fi\/wp-json\/wp\/v2\/media\/158725"}],"wp:attachment":[{"href":"https:\/\/kortleksbolaget.se\/fi\/wp-json\/wp\/v2\/media?parent=158734"}],"wp:term":[{"taxonomy":"product_brand","embeddable":true,"href":"https:\/\/kortleksbolaget.se\/fi\/wp-json\/wp\/v2\/product_brand?post=158734"},{"taxonomy":"product_cat","embeddable":true,"href":"https:\/\/kortleksbolaget.se\/fi\/wp-json\/wp\/v2\/product_cat?post=158734"},{"taxonomy":"product_tag","embeddable":true,"href":"https:\/\/kortleksbolaget.se\/fi\/wp-json\/wp\/v2\/product_tag?post=158734"}],"curies":[{"name":"wp","href":"https:\/\/api.w.org\/{rel}","templated":true}]}}