{"id":16179,"date":"2019-10-30T21:16:04","date_gmt":"2019-10-30T20:16:04","guid":{"rendered":"https:\/\/kortleksbolaget.se\/nyasidan2021\/produkt\/bicycle-gold-seal-blue\/"},"modified":"2024-09-14T00:23:15","modified_gmt":"2024-09-13T22:23:15","slug":"bicycle-gold-seal-blue","status":"publish","type":"product","link":"https:\/\/kortleksbolaget.se\/fi\/tuote\/bicycle-gold-seal-blue\/","title":{"rendered":"Bicycle Gold Seal &#8211; Blue"},"content":{"rendered":"","protected":false},"excerpt":{"rendered":"<div id=\"tw-target-text-container\" class=\"tw-ta-container tw-nfl\">\n<div class=\"short-description\">\n<p>Jokainen Gold Seal -py\u00f6r\u00e4korttipakka on valmistettu Bee-materiaalista, joka on maailmanlaajuisesti tunnettu joustavuudestaan \u200b\u200bja pitk\u00e4kestoisuudestaan. Ne on leimattu paksuus\/paksuus, joka helpottaa klassisia liikkeit\u00e4, kuten pohja- ja keskijako, ja ne on kohokuvioitu syvyyteen, joka ei vahingoita kortin rakenteellista eheytt\u00e4, mutta silti antaa jokaisen kortin hengitt\u00e4\u00e4 kunnolla, mik\u00e4 v\u00e4hent\u00e4\u00e4 ikenet yl\u00f6s. ja ripustimet johtuvat usein sormen kosteudesta. Mutta mik\u00e4 t\u00e4rkeint\u00e4, koska n\u00e4m\u00e4 kortit on valmistettu Richard Turnersille ja vaativat henkil\u00f6kohtaisia \u200b\u200bm\u00e4\u00e4rityksi\u00e4, ne ovat perinteisesti leikattuja!<\/p>\n<p>Taikurit ja korttimiehet ymp\u00e4ri maailmaa ovat pyyt\u00e4neet Richardia useaan otteeseen k\u00e4ytt\u00e4m\u00e4\u00e4n samoja korttien valmistusstandardeja, jotka h\u00e4n kehitti Gamblers and Bee Cards -korteilleen luodakseen huippuluokan kaikkien aikojen suosituimmista pelikorteista, tavaramerkill\u00e4 varustetun 808 Rider Backin. Polkupy\u00f6r\u00e4t. Taikayhteis\u00f6 pyysi my\u00f6s, ett\u00e4 Richard sis\u00e4llytt\u00e4isi pakkaukseensa kaksi perinteist\u00e4 vastaavaa Jokeria sek\u00e4 tyhj\u00e4n kortin, jossa oli Rider Bike takaisin k\u00e4ytett\u00e4v\u00e4ksi k\u00e4\u00e4nteistuulettimissa. Uhkapeleihin liittyvien toimien suorittajat pit\u00e4v\u00e4t tyhj\u00e4\u00e4 korttia hy\u00f6dyllisen\u00e4 my\u00f6s leikkauskorttina, kun he tekev\u00e4t kreikkalaisia \u200b\u200btarjouksia ja muita liikkeit\u00e4, jotka edellytt\u00e4v\u00e4t ep\u00e4selv\u00e4\u00e4 pohjakorttia.<\/p>\n<\/div>\n<\/div>\n<p> [&#8230;]<\/p>\n<p><a class=\"btn btn-secondary understrap-read-more-link\" href=\"https:\/\/kortleksbolaget.se\/fi\/tuote\/bicycle-gold-seal-blue\/\">Lue lis\u00e4\u00e4&#8230;<span class=\"screen-reader-text\"> from Bicycle Gold Seal &#8211; Blue<\/span><\/a><\/p>\n","protected":false},"featured_media":75625,"template":"","meta":{"_acf_changed":false},"product_brand":[],"product_cat":[129,146],"product_tag":[],"class_list":{"0":"post-16179","1":"product","2":"type-product","3":"status-publish","4":"has-post-thumbnail","6":"varumarke-bicycle-fi","7":"varumarke-uspcc-fi","8":"product_cat-taikuus-fi","9":"product_cat-tavalliset-pelikortit","11":"first","12":"outofstock","13":"taxable","14":"shipping-taxable","15":"purchasable","16":"product-type-simple"},"acf":[],"yoast_head":"<!-- This site is optimized with the Yoast SEO plugin v26.3 - https:\/\/yoast.com\/wordpress\/plugins\/seo\/ -->\n<title>Pelikortit Bicycle Gold Seal - Blue - Kortleksbolaget<\/title>\n<meta name=\"description\" content=\"K\u00f6p Bicycle Gold Seal - Blue. Snabba leveranser &amp; bra priser. Sveriges st\u00f6rsta sortiment av kortlekar p\u00e5 Kortleksbolaget!\" \/>\n<meta name=\"robots\" content=\"index, follow, max-snippet:-1, max-image-preview:large, max-video-preview:-1\" \/>\n<link rel=\"canonical\" href=\"https:\/\/kortleksbolaget.se\/fi\/tuote\/bicycle-gold-seal-blue\/\" \/>\n<meta property=\"og:locale\" content=\"fi_FI\" \/>\n<meta property=\"og:type\" content=\"article\" \/>\n<meta property=\"og:title\" content=\"Pelikortit Bicycle Gold Seal - Blue - Kortleksbolaget\" \/>\n<meta property=\"og:description\" content=\"K\u00f6p Bicycle Gold Seal - Blue. Snabba leveranser &amp; bra priser. Sveriges st\u00f6rsta sortiment av kortlekar p\u00e5 Kortleksbolaget!\" \/>\n<meta property=\"og:url\" content=\"https:\/\/kortleksbolaget.se\/fi\/tuote\/bicycle-gold-seal-blue\/\" \/>\n<meta property=\"og:site_name\" content=\"Kortleksbolaget\" \/>\n<meta property=\"article:modified_time\" content=\"2024-09-13T22:23:15+00:00\" \/>\n<meta property=\"og:image\" content=\"https:\/\/kortleksbolaget.se\/wp-content\/uploads\/gold-seal-bicycle.jpg\" \/>\n\t<meta property=\"og:image:width\" content=\"597\" \/>\n\t<meta property=\"og:image:height\" content=\"895\" \/>\n\t<meta property=\"og:image:type\" content=\"image\/jpeg\" \/>\n<meta name=\"twitter:card\" content=\"summary_large_image\" \/>\n<script type=\"application\/ld+json\" class=\"yoast-schema-graph\">{\"@context\":\"https:\/\/schema.org\",\"@graph\":[{\"@type\":\"WebPage\",\"@id\":\"https:\/\/kortleksbolaget.se\/fi\/tuote\/bicycle-gold-seal-blue\/\",\"url\":\"https:\/\/kortleksbolaget.se\/fi\/tuote\/bicycle-gold-seal-blue\/\",\"name\":\"Pelikortit Bicycle Gold Seal - Blue - Kortleksbolaget\",\"isPartOf\":{\"@id\":\"https:\/\/kortleksbolaget.se\/fi\/#website\"},\"primaryImageOfPage\":{\"@id\":\"https:\/\/kortleksbolaget.se\/fi\/tuote\/bicycle-gold-seal-blue\/#primaryimage\"},\"image\":{\"@id\":\"https:\/\/kortleksbolaget.se\/fi\/tuote\/bicycle-gold-seal-blue\/#primaryimage\"},\"thumbnailUrl\":\"https:\/\/kortleksbolaget.se\/wp-content\/uploads\/gold-seal-bicycle.jpg\",\"datePublished\":\"2019-10-30T20:16:04+00:00\",\"dateModified\":\"2024-09-13T22:23:15+00:00\",\"description\":\"K\u00f6p Bicycle Gold Seal - Blue. Snabba leveranser & bra priser. Sveriges st\u00f6rsta sortiment av kortlekar p\u00e5 Kortleksbolaget!\",\"breadcrumb\":{\"@id\":\"https:\/\/kortleksbolaget.se\/fi\/tuote\/bicycle-gold-seal-blue\/#breadcrumb\"},\"inLanguage\":\"fi\",\"potentialAction\":[{\"@type\":\"ReadAction\",\"target\":[\"https:\/\/kortleksbolaget.se\/fi\/tuote\/bicycle-gold-seal-blue\/\"]}]},{\"@type\":\"ImageObject\",\"inLanguage\":\"fi\",\"@id\":\"https:\/\/kortleksbolaget.se\/fi\/tuote\/bicycle-gold-seal-blue\/#primaryimage\",\"url\":\"https:\/\/kortleksbolaget.se\/wp-content\/uploads\/gold-seal-bicycle.jpg\",\"contentUrl\":\"https:\/\/kortleksbolaget.se\/wp-content\/uploads\/gold-seal-bicycle.jpg\",\"width\":597,\"height\":895},{\"@type\":\"BreadcrumbList\",\"@id\":\"https:\/\/kortleksbolaget.se\/fi\/tuote\/bicycle-gold-seal-blue\/#breadcrumb\",\"itemListElement\":[{\"@type\":\"ListItem\",\"position\":1,\"name\":\"Hem\",\"item\":\"https:\/\/kortleksbolaget.se\/fi\/\"},{\"@type\":\"ListItem\",\"position\":2,\"name\":\"N\u00e4yt\u00e4 kaikki tuotteet\",\"item\":\"https:\/\/kortleksbolaget.se\/fi\/kaupassa\/\"},{\"@type\":\"ListItem\",\"position\":3,\"name\":\"Bicycle Gold Seal &#8211; Blue\"}]},{\"@type\":\"WebSite\",\"@id\":\"https:\/\/kortleksbolaget.se\/fi\/#website\",\"url\":\"https:\/\/kortleksbolaget.se\/fi\/\",\"name\":\"Kortleksbolaget\",\"description\":\"Kortlekar p\u00e5 n\u00e4tet\",\"publisher\":{\"@id\":\"https:\/\/kortleksbolaget.se\/fi\/#organization\"},\"potentialAction\":[{\"@type\":\"SearchAction\",\"target\":{\"@type\":\"EntryPoint\",\"urlTemplate\":\"https:\/\/kortleksbolaget.se\/fi\/?s={search_term_string}\"},\"query-input\":{\"@type\":\"PropertyValueSpecification\",\"valueRequired\":true,\"valueName\":\"search_term_string\"}}],\"inLanguage\":\"fi\"},{\"@type\":\"Organization\",\"@id\":\"https:\/\/kortleksbolaget.se\/fi\/#organization\",\"name\":\"Kortleksbolaget\",\"url\":\"https:\/\/kortleksbolaget.se\/fi\/\",\"logo\":{\"@type\":\"ImageObject\",\"inLanguage\":\"fi\",\"@id\":\"https:\/\/kortleksbolaget.se\/fi\/#\/schema\/logo\/image\/\",\"url\":\"https:\/\/kortleksbolaget.se\/wp-content\/uploads\/kortleksbolaget_logo-svart.png\",\"contentUrl\":\"https:\/\/kortleksbolaget.se\/wp-content\/uploads\/kortleksbolaget_logo-svart.png\",\"width\":1200,\"height\":296,\"caption\":\"Kortleksbolaget\"},\"image\":{\"@id\":\"https:\/\/kortleksbolaget.se\/fi\/#\/schema\/logo\/image\/\"}}]}<\/script>\n<!-- \/ Yoast SEO plugin. -->","yoast_head_json":{"title":"Pelikortit Bicycle Gold Seal - Blue - Kortleksbolaget","description":"K\u00f6p Bicycle Gold Seal - Blue. Snabba leveranser & bra priser. Sveriges st\u00f6rsta sortiment av kortlekar p\u00e5 Kortleksbolaget!","robots":{"index":"index","follow":"follow","max-snippet":"max-snippet:-1","max-image-preview":"max-image-preview:large","max-video-preview":"max-video-preview:-1"},"canonical":"https:\/\/kortleksbolaget.se\/fi\/tuote\/bicycle-gold-seal-blue\/","og_locale":"fi_FI","og_type":"article","og_title":"Pelikortit Bicycle Gold Seal - Blue - Kortleksbolaget","og_description":"K\u00f6p Bicycle Gold Seal - Blue. Snabba leveranser & bra priser. Sveriges st\u00f6rsta sortiment av kortlekar p\u00e5 Kortleksbolaget!","og_url":"https:\/\/kortleksbolaget.se\/fi\/tuote\/bicycle-gold-seal-blue\/","og_site_name":"Kortleksbolaget","article_modified_time":"2024-09-13T22:23:15+00:00","og_image":[{"width":597,"height":895,"url":"https:\/\/kortleksbolaget.se\/wp-content\/uploads\/gold-seal-bicycle.jpg","type":"image\/jpeg"}],"twitter_card":"summary_large_image","schema":{"@context":"https:\/\/schema.org","@graph":[{"@type":"WebPage","@id":"https:\/\/kortleksbolaget.se\/fi\/tuote\/bicycle-gold-seal-blue\/","url":"https:\/\/kortleksbolaget.se\/fi\/tuote\/bicycle-gold-seal-blue\/","name":"Pelikortit Bicycle Gold Seal - Blue - Kortleksbolaget","isPartOf":{"@id":"https:\/\/kortleksbolaget.se\/fi\/#website"},"primaryImageOfPage":{"@id":"https:\/\/kortleksbolaget.se\/fi\/tuote\/bicycle-gold-seal-blue\/#primaryimage"},"image":{"@id":"https:\/\/kortleksbolaget.se\/fi\/tuote\/bicycle-gold-seal-blue\/#primaryimage"},"thumbnailUrl":"https:\/\/kortleksbolaget.se\/wp-content\/uploads\/gold-seal-bicycle.jpg","datePublished":"2019-10-30T20:16:04+00:00","dateModified":"2024-09-13T22:23:15+00:00","description":"K\u00f6p Bicycle Gold Seal - Blue. Snabba leveranser & bra priser. Sveriges st\u00f6rsta sortiment av kortlekar p\u00e5 Kortleksbolaget!","breadcrumb":{"@id":"https:\/\/kortleksbolaget.se\/fi\/tuote\/bicycle-gold-seal-blue\/#breadcrumb"},"inLanguage":"fi","potentialAction":[{"@type":"ReadAction","target":["https:\/\/kortleksbolaget.se\/fi\/tuote\/bicycle-gold-seal-blue\/"]}]},{"@type":"ImageObject","inLanguage":"fi","@id":"https:\/\/kortleksbolaget.se\/fi\/tuote\/bicycle-gold-seal-blue\/#primaryimage","url":"https:\/\/kortleksbolaget.se\/wp-content\/uploads\/gold-seal-bicycle.jpg","contentUrl":"https:\/\/kortleksbolaget.se\/wp-content\/uploads\/gold-seal-bicycle.jpg","width":597,"height":895},{"@type":"BreadcrumbList","@id":"https:\/\/kortleksbolaget.se\/fi\/tuote\/bicycle-gold-seal-blue\/#breadcrumb","itemListElement":[{"@type":"ListItem","position":1,"name":"Hem","item":"https:\/\/kortleksbolaget.se\/fi\/"},{"@type":"ListItem","position":2,"name":"N\u00e4yt\u00e4 kaikki tuotteet","item":"https:\/\/kortleksbolaget.se\/fi\/kaupassa\/"},{"@type":"ListItem","position":3,"name":"Bicycle Gold Seal &#8211; Blue"}]},{"@type":"WebSite","@id":"https:\/\/kortleksbolaget.se\/fi\/#website","url":"https:\/\/kortleksbolaget.se\/fi\/","name":"Kortleksbolaget","description":"Kortlekar p\u00e5 n\u00e4tet","publisher":{"@id":"https:\/\/kortleksbolaget.se\/fi\/#organization"},"potentialAction":[{"@type":"SearchAction","target":{"@type":"EntryPoint","urlTemplate":"https:\/\/kortleksbolaget.se\/fi\/?s={search_term_string}"},"query-input":{"@type":"PropertyValueSpecification","valueRequired":true,"valueName":"search_term_string"}}],"inLanguage":"fi"},{"@type":"Organization","@id":"https:\/\/kortleksbolaget.se\/fi\/#organization","name":"Kortleksbolaget","url":"https:\/\/kortleksbolaget.se\/fi\/","logo":{"@type":"ImageObject","inLanguage":"fi","@id":"https:\/\/kortleksbolaget.se\/fi\/#\/schema\/logo\/image\/","url":"https:\/\/kortleksbolaget.se\/wp-content\/uploads\/kortleksbolaget_logo-svart.png","contentUrl":"https:\/\/kortleksbolaget.se\/wp-content\/uploads\/kortleksbolaget_logo-svart.png","width":1200,"height":296,"caption":"Kortleksbolaget"},"image":{"@id":"https:\/\/kortleksbolaget.se\/fi\/#\/schema\/logo\/image\/"}}]}},"_links":{"self":[{"href":"https:\/\/kortleksbolaget.se\/fi\/wp-json\/wp\/v2\/product\/16179","targetHints":{"allow":["GET"]}}],"collection":[{"href":"https:\/\/kortleksbolaget.se\/fi\/wp-json\/wp\/v2\/product"}],"about":[{"href":"https:\/\/kortleksbolaget.se\/fi\/wp-json\/wp\/v2\/types\/product"}],"wp:featuredmedia":[{"embeddable":true,"href":"https:\/\/kortleksbolaget.se\/fi\/wp-json\/wp\/v2\/media\/75625"}],"wp:attachment":[{"href":"https:\/\/kortleksbolaget.se\/fi\/wp-json\/wp\/v2\/media?parent=16179"}],"wp:term":[{"taxonomy":"product_brand","embeddable":true,"href":"https:\/\/kortleksbolaget.se\/fi\/wp-json\/wp\/v2\/product_brand?post=16179"},{"taxonomy":"product_cat","embeddable":true,"href":"https:\/\/kortleksbolaget.se\/fi\/wp-json\/wp\/v2\/product_cat?post=16179"},{"taxonomy":"product_tag","embeddable":true,"href":"https:\/\/kortleksbolaget.se\/fi\/wp-json\/wp\/v2\/product_tag?post=16179"}],"curies":[{"name":"wp","href":"https:\/\/api.w.org\/{rel}","templated":true}]}}