{"id":16206,"date":"2019-10-28T22:49:43","date_gmt":"2019-10-28T21:49:43","guid":{"rendered":"https:\/\/kortleksbolaget.se\/nyasidan2021\/produkt\/vintage-label-gold-gilded-edition\/"},"modified":"2020-11-23T11:31:55","modified_gmt":"2020-11-23T10:31:55","slug":"vintage-label-gold-gilded-edition","status":"publish","type":"product","link":"https:\/\/kortleksbolaget.se\/fi\/tuote\/vintage-label-gold-gilded-edition\/","title":{"rendered":"Vintage Label Gold Gilded Edition"},"content":{"rendered":"<p>Vintage Label Playing Cards<\/p>\n","protected":false},"excerpt":{"rendered":"<p><span lang=\"sv\" tabindex=\"0\"><b>LIMITED EDITION: Only 1900 printed! Will NOT be reprinted.<\/b><\/p>\n<p>This <b>GOLD GILDED Black Edition Vintage Label Playing Cards<\/b> is the first in a collection of luxurious premium quality playing cards developed by CLCPC Studio 52 in association with the Royal Crown Playing Card Company. These decks are inspired by vintage wine bottle labeling from the 1900s to bring card enthusiasts a unique collection of wine-themed decks in a range of wine colors that have a classical look and feel.<\/p>\n<p>These cards project a sense of fine quality, class and sophistication, perfect for your next high stakes poker night, and can also be used for cardistry or magic performances.<\/p>\n<p>Decks include 52 playing cards, 2 Jokers plus 1 double backer plus 1 gaff card.<\/p>\n<p>Decks are stacked decks that include a built-in magic trick.<\/p>\n<p>This <b>GOLD GILDED Black Edition Vintage Label Playing Cards<\/b> was from a limited print run of just 1900 decks and premiered on Kickstarter on May 7th, 2019.<\/p>\n<p>Much like wine, a deck of playing cards increases in value over time&#8230; the earlier the vintage, the more valuable both wine and playing cards become. Here is your chance to invest in the first editions of <b>Vintage Label Playing Cards<\/b> to start your Vintage Label Wine\/Deck Collection! See pictures below.<br \/>\n<\/span> [&#8230;]<\/p>\n<p><a class=\"btn btn-secondary understrap-read-more-link\" href=\"https:\/\/kortleksbolaget.se\/fi\/tuote\/vintage-label-gold-gilded-edition\/\">Lue lis\u00e4\u00e4&#8230;<span class=\"screen-reader-text\"> from Vintage Label Gold Gilded Edition<\/span><\/a><\/p>\n","protected":false},"featured_media":16211,"template":"","meta":{"_acf_changed":false},"product_brand":[],"product_cat":[130],"product_tag":[],"class_list":{"0":"post-16206","1":"product","2":"type-product","3":"status-publish","4":"has-post-thumbnail","6":"product_cat-special-lyx-limited-fi","8":"first","9":"instock","10":"taxable","11":"shipping-taxable","12":"purchasable","13":"product-type-simple"},"acf":[],"yoast_head":"<!-- This site is optimized with the Yoast SEO plugin v26.3 - https:\/\/yoast.com\/wordpress\/plugins\/seo\/ -->\n<title>Kortlek Vintage Label Gold Gilded Edition | Kortleksbolaget<\/title>\n<meta name=\"description\" content=\"K\u00f6p Vintage Label Gold Gilded Edition. Snabba leveranser &amp; bra priser. Sveriges st\u00f6rsta sortiment av kortlekar p\u00e5 Kortleksbolaget!\" \/>\n<meta name=\"robots\" content=\"index, follow, max-snippet:-1, max-image-preview:large, max-video-preview:-1\" \/>\n<link rel=\"canonical\" href=\"https:\/\/kortleksbolaget.se\/fi\/tuote\/vintage-label-gold-gilded-edition\/\" \/>\n<meta property=\"og:locale\" content=\"fi_FI\" \/>\n<meta property=\"og:type\" content=\"article\" \/>\n<meta property=\"og:title\" content=\"Kortlek Vintage Label Gold Gilded Edition | Kortleksbolaget\" \/>\n<meta property=\"og:description\" content=\"K\u00f6p Vintage Label Gold Gilded Edition. Snabba leveranser &amp; bra priser. Sveriges st\u00f6rsta sortiment av kortlekar p\u00e5 Kortleksbolaget!\" \/>\n<meta property=\"og:url\" content=\"https:\/\/kortleksbolaget.se\/fi\/tuote\/vintage-label-gold-gilded-edition\/\" \/>\n<meta property=\"og:site_name\" content=\"Kortleksbolaget\" \/>\n<meta property=\"article:modified_time\" content=\"2020-11-23T10:31:55+00:00\" \/>\n<meta property=\"og:image\" content=\"https:\/\/kortleksbolaget.se\/wp-content\/uploads\/GOLD1-1.jpg\" \/>\n\t<meta property=\"og:image:width\" content=\"613\" \/>\n\t<meta property=\"og:image:height\" content=\"920\" \/>\n\t<meta property=\"og:image:type\" content=\"image\/jpeg\" \/>\n<meta name=\"twitter:card\" content=\"summary_large_image\" \/>\n<script type=\"application\/ld+json\" class=\"yoast-schema-graph\">{\"@context\":\"https:\/\/schema.org\",\"@graph\":[{\"@type\":\"WebPage\",\"@id\":\"https:\/\/kortleksbolaget.se\/fi\/tuote\/vintage-label-gold-gilded-edition\/\",\"url\":\"https:\/\/kortleksbolaget.se\/fi\/tuote\/vintage-label-gold-gilded-edition\/\",\"name\":\"Kortlek Vintage Label Gold Gilded Edition | Kortleksbolaget\",\"isPartOf\":{\"@id\":\"https:\/\/kortleksbolaget.se\/fi\/#website\"},\"primaryImageOfPage\":{\"@id\":\"https:\/\/kortleksbolaget.se\/fi\/tuote\/vintage-label-gold-gilded-edition\/#primaryimage\"},\"image\":{\"@id\":\"https:\/\/kortleksbolaget.se\/fi\/tuote\/vintage-label-gold-gilded-edition\/#primaryimage\"},\"thumbnailUrl\":\"https:\/\/kortleksbolaget.se\/wp-content\/uploads\/GOLD1-1.jpg\",\"datePublished\":\"2019-10-28T21:49:43+00:00\",\"dateModified\":\"2020-11-23T10:31:55+00:00\",\"description\":\"K\u00f6p Vintage Label Gold Gilded Edition. Snabba leveranser & bra priser. Sveriges st\u00f6rsta sortiment av kortlekar p\u00e5 Kortleksbolaget!\",\"breadcrumb\":{\"@id\":\"https:\/\/kortleksbolaget.se\/fi\/tuote\/vintage-label-gold-gilded-edition\/#breadcrumb\"},\"inLanguage\":\"fi\",\"potentialAction\":[{\"@type\":\"ReadAction\",\"target\":[\"https:\/\/kortleksbolaget.se\/fi\/tuote\/vintage-label-gold-gilded-edition\/\"]}]},{\"@type\":\"ImageObject\",\"inLanguage\":\"fi\",\"@id\":\"https:\/\/kortleksbolaget.se\/fi\/tuote\/vintage-label-gold-gilded-edition\/#primaryimage\",\"url\":\"https:\/\/kortleksbolaget.se\/wp-content\/uploads\/GOLD1-1.jpg\",\"contentUrl\":\"https:\/\/kortleksbolaget.se\/wp-content\/uploads\/GOLD1-1.jpg\",\"width\":613,\"height\":920},{\"@type\":\"BreadcrumbList\",\"@id\":\"https:\/\/kortleksbolaget.se\/fi\/tuote\/vintage-label-gold-gilded-edition\/#breadcrumb\",\"itemListElement\":[{\"@type\":\"ListItem\",\"position\":1,\"name\":\"Hem\",\"item\":\"https:\/\/kortleksbolaget.se\/fi\/\"},{\"@type\":\"ListItem\",\"position\":2,\"name\":\"N\u00e4yt\u00e4 kaikki tuotteet\",\"item\":\"https:\/\/kortleksbolaget.se\/fi\/kaupassa\/\"},{\"@type\":\"ListItem\",\"position\":3,\"name\":\"Vintage Label Gold Gilded Edition\"}]},{\"@type\":\"WebSite\",\"@id\":\"https:\/\/kortleksbolaget.se\/fi\/#website\",\"url\":\"https:\/\/kortleksbolaget.se\/fi\/\",\"name\":\"Kortleksbolaget\",\"description\":\"Kortlekar p\u00e5 n\u00e4tet\",\"publisher\":{\"@id\":\"https:\/\/kortleksbolaget.se\/fi\/#organization\"},\"potentialAction\":[{\"@type\":\"SearchAction\",\"target\":{\"@type\":\"EntryPoint\",\"urlTemplate\":\"https:\/\/kortleksbolaget.se\/fi\/?s={search_term_string}\"},\"query-input\":{\"@type\":\"PropertyValueSpecification\",\"valueRequired\":true,\"valueName\":\"search_term_string\"}}],\"inLanguage\":\"fi\"},{\"@type\":\"Organization\",\"@id\":\"https:\/\/kortleksbolaget.se\/fi\/#organization\",\"name\":\"Kortleksbolaget\",\"url\":\"https:\/\/kortleksbolaget.se\/fi\/\",\"logo\":{\"@type\":\"ImageObject\",\"inLanguage\":\"fi\",\"@id\":\"https:\/\/kortleksbolaget.se\/fi\/#\/schema\/logo\/image\/\",\"url\":\"https:\/\/kortleksbolaget.se\/wp-content\/uploads\/kortleksbolaget_logo-svart.png\",\"contentUrl\":\"https:\/\/kortleksbolaget.se\/wp-content\/uploads\/kortleksbolaget_logo-svart.png\",\"width\":1200,\"height\":296,\"caption\":\"Kortleksbolaget\"},\"image\":{\"@id\":\"https:\/\/kortleksbolaget.se\/fi\/#\/schema\/logo\/image\/\"}}]}<\/script>\n<!-- \/ Yoast SEO plugin. -->","yoast_head_json":{"title":"Kortlek Vintage Label Gold Gilded Edition | Kortleksbolaget","description":"K\u00f6p Vintage Label Gold Gilded Edition. Snabba leveranser & bra priser. Sveriges st\u00f6rsta sortiment av kortlekar p\u00e5 Kortleksbolaget!","robots":{"index":"index","follow":"follow","max-snippet":"max-snippet:-1","max-image-preview":"max-image-preview:large","max-video-preview":"max-video-preview:-1"},"canonical":"https:\/\/kortleksbolaget.se\/fi\/tuote\/vintage-label-gold-gilded-edition\/","og_locale":"fi_FI","og_type":"article","og_title":"Kortlek Vintage Label Gold Gilded Edition | Kortleksbolaget","og_description":"K\u00f6p Vintage Label Gold Gilded Edition. Snabba leveranser & bra priser. Sveriges st\u00f6rsta sortiment av kortlekar p\u00e5 Kortleksbolaget!","og_url":"https:\/\/kortleksbolaget.se\/fi\/tuote\/vintage-label-gold-gilded-edition\/","og_site_name":"Kortleksbolaget","article_modified_time":"2020-11-23T10:31:55+00:00","og_image":[{"width":613,"height":920,"url":"https:\/\/kortleksbolaget.se\/wp-content\/uploads\/GOLD1-1.jpg","type":"image\/jpeg"}],"twitter_card":"summary_large_image","schema":{"@context":"https:\/\/schema.org","@graph":[{"@type":"WebPage","@id":"https:\/\/kortleksbolaget.se\/fi\/tuote\/vintage-label-gold-gilded-edition\/","url":"https:\/\/kortleksbolaget.se\/fi\/tuote\/vintage-label-gold-gilded-edition\/","name":"Kortlek Vintage Label Gold Gilded Edition | Kortleksbolaget","isPartOf":{"@id":"https:\/\/kortleksbolaget.se\/fi\/#website"},"primaryImageOfPage":{"@id":"https:\/\/kortleksbolaget.se\/fi\/tuote\/vintage-label-gold-gilded-edition\/#primaryimage"},"image":{"@id":"https:\/\/kortleksbolaget.se\/fi\/tuote\/vintage-label-gold-gilded-edition\/#primaryimage"},"thumbnailUrl":"https:\/\/kortleksbolaget.se\/wp-content\/uploads\/GOLD1-1.jpg","datePublished":"2019-10-28T21:49:43+00:00","dateModified":"2020-11-23T10:31:55+00:00","description":"K\u00f6p Vintage Label Gold Gilded Edition. Snabba leveranser & bra priser. Sveriges st\u00f6rsta sortiment av kortlekar p\u00e5 Kortleksbolaget!","breadcrumb":{"@id":"https:\/\/kortleksbolaget.se\/fi\/tuote\/vintage-label-gold-gilded-edition\/#breadcrumb"},"inLanguage":"fi","potentialAction":[{"@type":"ReadAction","target":["https:\/\/kortleksbolaget.se\/fi\/tuote\/vintage-label-gold-gilded-edition\/"]}]},{"@type":"ImageObject","inLanguage":"fi","@id":"https:\/\/kortleksbolaget.se\/fi\/tuote\/vintage-label-gold-gilded-edition\/#primaryimage","url":"https:\/\/kortleksbolaget.se\/wp-content\/uploads\/GOLD1-1.jpg","contentUrl":"https:\/\/kortleksbolaget.se\/wp-content\/uploads\/GOLD1-1.jpg","width":613,"height":920},{"@type":"BreadcrumbList","@id":"https:\/\/kortleksbolaget.se\/fi\/tuote\/vintage-label-gold-gilded-edition\/#breadcrumb","itemListElement":[{"@type":"ListItem","position":1,"name":"Hem","item":"https:\/\/kortleksbolaget.se\/fi\/"},{"@type":"ListItem","position":2,"name":"N\u00e4yt\u00e4 kaikki tuotteet","item":"https:\/\/kortleksbolaget.se\/fi\/kaupassa\/"},{"@type":"ListItem","position":3,"name":"Vintage Label Gold Gilded Edition"}]},{"@type":"WebSite","@id":"https:\/\/kortleksbolaget.se\/fi\/#website","url":"https:\/\/kortleksbolaget.se\/fi\/","name":"Kortleksbolaget","description":"Kortlekar p\u00e5 n\u00e4tet","publisher":{"@id":"https:\/\/kortleksbolaget.se\/fi\/#organization"},"potentialAction":[{"@type":"SearchAction","target":{"@type":"EntryPoint","urlTemplate":"https:\/\/kortleksbolaget.se\/fi\/?s={search_term_string}"},"query-input":{"@type":"PropertyValueSpecification","valueRequired":true,"valueName":"search_term_string"}}],"inLanguage":"fi"},{"@type":"Organization","@id":"https:\/\/kortleksbolaget.se\/fi\/#organization","name":"Kortleksbolaget","url":"https:\/\/kortleksbolaget.se\/fi\/","logo":{"@type":"ImageObject","inLanguage":"fi","@id":"https:\/\/kortleksbolaget.se\/fi\/#\/schema\/logo\/image\/","url":"https:\/\/kortleksbolaget.se\/wp-content\/uploads\/kortleksbolaget_logo-svart.png","contentUrl":"https:\/\/kortleksbolaget.se\/wp-content\/uploads\/kortleksbolaget_logo-svart.png","width":1200,"height":296,"caption":"Kortleksbolaget"},"image":{"@id":"https:\/\/kortleksbolaget.se\/fi\/#\/schema\/logo\/image\/"}}]}},"_links":{"self":[{"href":"https:\/\/kortleksbolaget.se\/fi\/wp-json\/wp\/v2\/product\/16206","targetHints":{"allow":["GET"]}}],"collection":[{"href":"https:\/\/kortleksbolaget.se\/fi\/wp-json\/wp\/v2\/product"}],"about":[{"href":"https:\/\/kortleksbolaget.se\/fi\/wp-json\/wp\/v2\/types\/product"}],"wp:featuredmedia":[{"embeddable":true,"href":"https:\/\/kortleksbolaget.se\/fi\/wp-json\/wp\/v2\/media\/16211"}],"wp:attachment":[{"href":"https:\/\/kortleksbolaget.se\/fi\/wp-json\/wp\/v2\/media?parent=16206"}],"wp:term":[{"taxonomy":"product_brand","embeddable":true,"href":"https:\/\/kortleksbolaget.se\/fi\/wp-json\/wp\/v2\/product_brand?post=16206"},{"taxonomy":"product_cat","embeddable":true,"href":"https:\/\/kortleksbolaget.se\/fi\/wp-json\/wp\/v2\/product_cat?post=16206"},{"taxonomy":"product_tag","embeddable":true,"href":"https:\/\/kortleksbolaget.se\/fi\/wp-json\/wp\/v2\/product_tag?post=16206"}],"curies":[{"name":"wp","href":"https:\/\/api.w.org\/{rel}","templated":true}]}}