{"id":16222,"date":"2019-10-26T08:44:30","date_gmt":"2019-10-26T06:44:30","guid":{"rendered":"https:\/\/kortleksbolaget.se\/nyasidan2021\/produkt\/copag-310-slimline-red\/"},"modified":"2024-08-14T21:49:25","modified_gmt":"2024-08-14T19:49:25","slug":"copag-310-slimline-red","status":"publish","type":"product","link":"https:\/\/kortleksbolaget.se\/fi\/tuote\/copag-310-slimline-red\/","title":{"rendered":"Copag 310 Slimline Red"},"content":{"rendered":"<p>Copag 310 Slimline<\/p>\n","protected":false},"excerpt":{"rendered":"<div id=\"tw-target-text-container\" class=\"tw-ta-container tw-nfl\">\n<p>COPAG 310\u00ae on kehitetty tiiviiss\u00e4 yhteisty\u00f6ss\u00e4 asiantuntevien pelaajien, korttipelaajien ja taikurien kanssa yli kahden vuoden ajan. COPAG 310\u00ae -kannen eksklusiivinen TRUE LINEN B9 FINISH varmistaa erinomaisen k\u00e4sittelyn ja pitk\u00e4ik\u00e4isyyden, ja se on kehitetty erityisesti t\u00e4ydellisen tyylikkyyden ja \u00e4\u00e4rimm\u00e4isen kukoistuksen tavoittelua varten. T\u00e4m\u00e4 viimeistely on intensiivisen tutkimus- ja kehitysty\u00f6n sek\u00e4 yli 300 kokeilun ja testatun prototyypin tulos. T\u00e4ll\u00e4 luodaan k\u00e4ytt\u00f6valmis kansi suoraan laatikosta. Korttien pehme\u00e4 mutta joustava luonne ja k\u00e4sittelyn sujuvuus ovat huolella rakennetussa tasapainossa materiaalin, pinnoitteen, pellavaviimeistelyn ja leikkauksen v\u00e4lill\u00e4. R\u00e4\u00e4t\u00e4l\u00f6ity tarpeidesi mukaan.<\/p>\n<p>Siit\u00e4 l\u00e4htien, kun ensimm\u00e4iset TRUE LINEN B9 FINISHilla painetut pakat valuivat pois tuotantolinjaltamme, korttimiehet, taikurit ja ker\u00e4ilij\u00e4t ovat kertoneet meille, ett\u00e4 korttimme ovat vain hieman liian paksuja. Cartamundissa laatu on ydinarvo, ja uskomme, ett\u00e4 yhteis\u00f6n palautteen perusteella toimiminen on avainasemassa tuotteemme viemisess\u00e4 seuraavalle tasolle. T\u00e4st\u00e4 syyst\u00e4 olemme lis\u00e4nneet tutkimusta ja kehityst\u00e4 kuluneen vuoden aikana luodaksemme parannetun paperivaraston, joka t\u00e4ytt\u00e4\u00e4 yhteis\u00f6n odotukset. Tuloksena on meid\u00e4n oma SlimLine-osake. Vaikka t\u00e4m\u00e4 uusi tukki on huomattavasti ohuempi (tarkemmin sanottuna 5-6 korttia), olemme varmistaneet, ettemme tee kompromisseja n\u00e4pp\u00e4r\u00e4st\u00e4 tuntumasta ja pehme\u00e4st\u00e4 kosketuksesta, jotka erottivat aiemmin k\u00e4ytetyst\u00e4 Superlux-tuesta. T\u00e4m\u00e4n uuden varaston julkaisemisen my\u00f6t\u00e4 vakio- ja mukautetuille pakkauksille uskomme, ett\u00e4 olemme tulleet askeleen l\u00e4hemm\u00e4ksi loputonta mestaruuden tavoitteluamme.<\/p>\n<\/div>\n<p> [&#8230;]<\/p>\n<p><a class=\"btn btn-secondary understrap-read-more-link\" href=\"https:\/\/kortleksbolaget.se\/fi\/tuote\/copag-310-slimline-red\/\">Lue lis\u00e4\u00e4&#8230;<span class=\"screen-reader-text\"> from Copag 310 Slimline Red<\/span><\/a><\/p>\n","protected":false},"featured_media":16223,"template":"","meta":{"_acf_changed":false},"product_brand":[],"product_cat":[146],"product_tag":[],"class_list":{"0":"post-16222","1":"product","2":"type-product","3":"status-publish","4":"has-post-thumbnail","6":"varumarke-copag-fi","7":"product_cat-tavalliset-pelikortit","9":"first","10":"outofstock","11":"taxable","12":"shipping-taxable","13":"purchasable","14":"product-type-simple"},"acf":[],"yoast_head":"<!-- This site is optimized with the Yoast SEO plugin v26.3 - https:\/\/yoast.com\/wordpress\/plugins\/seo\/ -->\n<title>Kortlek Copag 310 Slimline Red | Kortleksbolaget<\/title>\n<meta name=\"description\" content=\"K\u00f6p Copag 310 Slimline Red. Snabba leveranser &amp; bra priser. Sveriges st\u00f6rsta sortiment av kortlekar p\u00e5 Kortleksbolaget!\" \/>\n<meta name=\"robots\" content=\"index, follow, max-snippet:-1, max-image-preview:large, max-video-preview:-1\" \/>\n<link rel=\"canonical\" href=\"https:\/\/kortleksbolaget.se\/fi\/tuote\/copag-310-slimline-red\/\" \/>\n<meta property=\"og:locale\" content=\"fi_FI\" \/>\n<meta property=\"og:type\" content=\"article\" \/>\n<meta property=\"og:title\" content=\"Kortlek Copag 310 Slimline Red | Kortleksbolaget\" \/>\n<meta property=\"og:description\" content=\"K\u00f6p Copag 310 Slimline Red. Snabba leveranser &amp; bra priser. Sveriges st\u00f6rsta sortiment av kortlekar p\u00e5 Kortleksbolaget!\" \/>\n<meta property=\"og:url\" content=\"https:\/\/kortleksbolaget.se\/fi\/tuote\/copag-310-slimline-red\/\" \/>\n<meta property=\"og:site_name\" content=\"Kortleksbolaget\" \/>\n<meta property=\"article:modified_time\" content=\"2024-08-14T19:49:25+00:00\" \/>\n<meta property=\"og:image\" content=\"https:\/\/kortleksbolaget.se\/wp-content\/uploads\/kortlekar-5205-1.jpg\" \/>\n\t<meta property=\"og:image:width\" content=\"800\" \/>\n\t<meta property=\"og:image:height\" content=\"1200\" \/>\n\t<meta property=\"og:image:type\" content=\"image\/jpeg\" \/>\n<meta name=\"twitter:card\" content=\"summary_large_image\" \/>\n<script type=\"application\/ld+json\" class=\"yoast-schema-graph\">{\"@context\":\"https:\/\/schema.org\",\"@graph\":[{\"@type\":\"WebPage\",\"@id\":\"https:\/\/kortleksbolaget.se\/fi\/tuote\/copag-310-slimline-red\/\",\"url\":\"https:\/\/kortleksbolaget.se\/fi\/tuote\/copag-310-slimline-red\/\",\"name\":\"Kortlek Copag 310 Slimline Red | Kortleksbolaget\",\"isPartOf\":{\"@id\":\"https:\/\/kortleksbolaget.se\/fi\/#website\"},\"primaryImageOfPage\":{\"@id\":\"https:\/\/kortleksbolaget.se\/fi\/tuote\/copag-310-slimline-red\/#primaryimage\"},\"image\":{\"@id\":\"https:\/\/kortleksbolaget.se\/fi\/tuote\/copag-310-slimline-red\/#primaryimage\"},\"thumbnailUrl\":\"https:\/\/kortleksbolaget.se\/wp-content\/uploads\/kortlekar-5205-1.jpg\",\"datePublished\":\"2019-10-26T06:44:30+00:00\",\"dateModified\":\"2024-08-14T19:49:25+00:00\",\"description\":\"K\u00f6p Copag 310 Slimline Red. Snabba leveranser & bra priser. Sveriges st\u00f6rsta sortiment av kortlekar p\u00e5 Kortleksbolaget!\",\"breadcrumb\":{\"@id\":\"https:\/\/kortleksbolaget.se\/fi\/tuote\/copag-310-slimline-red\/#breadcrumb\"},\"inLanguage\":\"fi\",\"potentialAction\":[{\"@type\":\"ReadAction\",\"target\":[\"https:\/\/kortleksbolaget.se\/fi\/tuote\/copag-310-slimline-red\/\"]}]},{\"@type\":\"ImageObject\",\"inLanguage\":\"fi\",\"@id\":\"https:\/\/kortleksbolaget.se\/fi\/tuote\/copag-310-slimline-red\/#primaryimage\",\"url\":\"https:\/\/kortleksbolaget.se\/wp-content\/uploads\/kortlekar-5205-1.jpg\",\"contentUrl\":\"https:\/\/kortleksbolaget.se\/wp-content\/uploads\/kortlekar-5205-1.jpg\",\"width\":800,\"height\":1200},{\"@type\":\"BreadcrumbList\",\"@id\":\"https:\/\/kortleksbolaget.se\/fi\/tuote\/copag-310-slimline-red\/#breadcrumb\",\"itemListElement\":[{\"@type\":\"ListItem\",\"position\":1,\"name\":\"Hem\",\"item\":\"https:\/\/kortleksbolaget.se\/fi\/\"},{\"@type\":\"ListItem\",\"position\":2,\"name\":\"N\u00e4yt\u00e4 kaikki tuotteet\",\"item\":\"https:\/\/kortleksbolaget.se\/fi\/kaupassa\/\"},{\"@type\":\"ListItem\",\"position\":3,\"name\":\"Copag 310 Slimline Red\"}]},{\"@type\":\"WebSite\",\"@id\":\"https:\/\/kortleksbolaget.se\/fi\/#website\",\"url\":\"https:\/\/kortleksbolaget.se\/fi\/\",\"name\":\"Kortleksbolaget\",\"description\":\"Kortlekar p\u00e5 n\u00e4tet\",\"publisher\":{\"@id\":\"https:\/\/kortleksbolaget.se\/fi\/#organization\"},\"potentialAction\":[{\"@type\":\"SearchAction\",\"target\":{\"@type\":\"EntryPoint\",\"urlTemplate\":\"https:\/\/kortleksbolaget.se\/fi\/?s={search_term_string}\"},\"query-input\":{\"@type\":\"PropertyValueSpecification\",\"valueRequired\":true,\"valueName\":\"search_term_string\"}}],\"inLanguage\":\"fi\"},{\"@type\":\"Organization\",\"@id\":\"https:\/\/kortleksbolaget.se\/fi\/#organization\",\"name\":\"Kortleksbolaget\",\"url\":\"https:\/\/kortleksbolaget.se\/fi\/\",\"logo\":{\"@type\":\"ImageObject\",\"inLanguage\":\"fi\",\"@id\":\"https:\/\/kortleksbolaget.se\/fi\/#\/schema\/logo\/image\/\",\"url\":\"https:\/\/kortleksbolaget.se\/wp-content\/uploads\/kortleksbolaget_logo-svart.png\",\"contentUrl\":\"https:\/\/kortleksbolaget.se\/wp-content\/uploads\/kortleksbolaget_logo-svart.png\",\"width\":1200,\"height\":296,\"caption\":\"Kortleksbolaget\"},\"image\":{\"@id\":\"https:\/\/kortleksbolaget.se\/fi\/#\/schema\/logo\/image\/\"}}]}<\/script>\n<!-- \/ Yoast SEO plugin. -->","yoast_head_json":{"title":"Kortlek Copag 310 Slimline Red | Kortleksbolaget","description":"K\u00f6p Copag 310 Slimline Red. Snabba leveranser & bra priser. Sveriges st\u00f6rsta sortiment av kortlekar p\u00e5 Kortleksbolaget!","robots":{"index":"index","follow":"follow","max-snippet":"max-snippet:-1","max-image-preview":"max-image-preview:large","max-video-preview":"max-video-preview:-1"},"canonical":"https:\/\/kortleksbolaget.se\/fi\/tuote\/copag-310-slimline-red\/","og_locale":"fi_FI","og_type":"article","og_title":"Kortlek Copag 310 Slimline Red | Kortleksbolaget","og_description":"K\u00f6p Copag 310 Slimline Red. Snabba leveranser & bra priser. Sveriges st\u00f6rsta sortiment av kortlekar p\u00e5 Kortleksbolaget!","og_url":"https:\/\/kortleksbolaget.se\/fi\/tuote\/copag-310-slimline-red\/","og_site_name":"Kortleksbolaget","article_modified_time":"2024-08-14T19:49:25+00:00","og_image":[{"width":800,"height":1200,"url":"https:\/\/kortleksbolaget.se\/wp-content\/uploads\/kortlekar-5205-1.jpg","type":"image\/jpeg"}],"twitter_card":"summary_large_image","schema":{"@context":"https:\/\/schema.org","@graph":[{"@type":"WebPage","@id":"https:\/\/kortleksbolaget.se\/fi\/tuote\/copag-310-slimline-red\/","url":"https:\/\/kortleksbolaget.se\/fi\/tuote\/copag-310-slimline-red\/","name":"Kortlek Copag 310 Slimline Red | Kortleksbolaget","isPartOf":{"@id":"https:\/\/kortleksbolaget.se\/fi\/#website"},"primaryImageOfPage":{"@id":"https:\/\/kortleksbolaget.se\/fi\/tuote\/copag-310-slimline-red\/#primaryimage"},"image":{"@id":"https:\/\/kortleksbolaget.se\/fi\/tuote\/copag-310-slimline-red\/#primaryimage"},"thumbnailUrl":"https:\/\/kortleksbolaget.se\/wp-content\/uploads\/kortlekar-5205-1.jpg","datePublished":"2019-10-26T06:44:30+00:00","dateModified":"2024-08-14T19:49:25+00:00","description":"K\u00f6p Copag 310 Slimline Red. Snabba leveranser & bra priser. Sveriges st\u00f6rsta sortiment av kortlekar p\u00e5 Kortleksbolaget!","breadcrumb":{"@id":"https:\/\/kortleksbolaget.se\/fi\/tuote\/copag-310-slimline-red\/#breadcrumb"},"inLanguage":"fi","potentialAction":[{"@type":"ReadAction","target":["https:\/\/kortleksbolaget.se\/fi\/tuote\/copag-310-slimline-red\/"]}]},{"@type":"ImageObject","inLanguage":"fi","@id":"https:\/\/kortleksbolaget.se\/fi\/tuote\/copag-310-slimline-red\/#primaryimage","url":"https:\/\/kortleksbolaget.se\/wp-content\/uploads\/kortlekar-5205-1.jpg","contentUrl":"https:\/\/kortleksbolaget.se\/wp-content\/uploads\/kortlekar-5205-1.jpg","width":800,"height":1200},{"@type":"BreadcrumbList","@id":"https:\/\/kortleksbolaget.se\/fi\/tuote\/copag-310-slimline-red\/#breadcrumb","itemListElement":[{"@type":"ListItem","position":1,"name":"Hem","item":"https:\/\/kortleksbolaget.se\/fi\/"},{"@type":"ListItem","position":2,"name":"N\u00e4yt\u00e4 kaikki tuotteet","item":"https:\/\/kortleksbolaget.se\/fi\/kaupassa\/"},{"@type":"ListItem","position":3,"name":"Copag 310 Slimline Red"}]},{"@type":"WebSite","@id":"https:\/\/kortleksbolaget.se\/fi\/#website","url":"https:\/\/kortleksbolaget.se\/fi\/","name":"Kortleksbolaget","description":"Kortlekar p\u00e5 n\u00e4tet","publisher":{"@id":"https:\/\/kortleksbolaget.se\/fi\/#organization"},"potentialAction":[{"@type":"SearchAction","target":{"@type":"EntryPoint","urlTemplate":"https:\/\/kortleksbolaget.se\/fi\/?s={search_term_string}"},"query-input":{"@type":"PropertyValueSpecification","valueRequired":true,"valueName":"search_term_string"}}],"inLanguage":"fi"},{"@type":"Organization","@id":"https:\/\/kortleksbolaget.se\/fi\/#organization","name":"Kortleksbolaget","url":"https:\/\/kortleksbolaget.se\/fi\/","logo":{"@type":"ImageObject","inLanguage":"fi","@id":"https:\/\/kortleksbolaget.se\/fi\/#\/schema\/logo\/image\/","url":"https:\/\/kortleksbolaget.se\/wp-content\/uploads\/kortleksbolaget_logo-svart.png","contentUrl":"https:\/\/kortleksbolaget.se\/wp-content\/uploads\/kortleksbolaget_logo-svart.png","width":1200,"height":296,"caption":"Kortleksbolaget"},"image":{"@id":"https:\/\/kortleksbolaget.se\/fi\/#\/schema\/logo\/image\/"}}]}},"_links":{"self":[{"href":"https:\/\/kortleksbolaget.se\/fi\/wp-json\/wp\/v2\/product\/16222","targetHints":{"allow":["GET"]}}],"collection":[{"href":"https:\/\/kortleksbolaget.se\/fi\/wp-json\/wp\/v2\/product"}],"about":[{"href":"https:\/\/kortleksbolaget.se\/fi\/wp-json\/wp\/v2\/types\/product"}],"wp:featuredmedia":[{"embeddable":true,"href":"https:\/\/kortleksbolaget.se\/fi\/wp-json\/wp\/v2\/media\/16223"}],"wp:attachment":[{"href":"https:\/\/kortleksbolaget.se\/fi\/wp-json\/wp\/v2\/media?parent=16222"}],"wp:term":[{"taxonomy":"product_brand","embeddable":true,"href":"https:\/\/kortleksbolaget.se\/fi\/wp-json\/wp\/v2\/product_brand?post=16222"},{"taxonomy":"product_cat","embeddable":true,"href":"https:\/\/kortleksbolaget.se\/fi\/wp-json\/wp\/v2\/product_cat?post=16222"},{"taxonomy":"product_tag","embeddable":true,"href":"https:\/\/kortleksbolaget.se\/fi\/wp-json\/wp\/v2\/product_tag?post=16222"}],"curies":[{"name":"wp","href":"https:\/\/api.w.org\/{rel}","templated":true}]}}