{"id":17101,"date":"2019-06-03T12:37:32","date_gmt":"2019-06-03T10:37:32","guid":{"rendered":"https:\/\/kortleksbolaget.se\/nyasidan2021\/produkt\/bicycle-aristocrat-727-bank-note-blue\/"},"modified":"2020-11-24T20:46:38","modified_gmt":"2020-11-24T19:46:38","slug":"bicycle-aristocrat-727-bank-note-blue","status":"publish","type":"product","link":"https:\/\/kortleksbolaget.se\/fi\/tuote\/bicycle-aristocrat-727-bank-note-blue\/","title":{"rendered":"Aristocrat 727 Bank Note &#8211; Blue"},"content":{"rendered":"<p>Aristocrat 727 Bank Note Blue Playing Crads<\/p>\n","protected":false},"excerpt":{"rendered":"<p><span lang=\"sv\" tabindex=\"0\">These limited edition series Bicycle playing cards features specialty designs of the Aristocrat &#8211; Linen Finish. Available for a limited time. Every deck provides you with the same exceptional quality you&#8217;ve come too expect from Bicycle. Now with a fun new look. <\/span> [&#8230;]<\/p>\n<p><a class=\"btn btn-secondary understrap-read-more-link\" href=\"https:\/\/kortleksbolaget.se\/fi\/tuote\/bicycle-aristocrat-727-bank-note-blue\/\">Lue lis\u00e4\u00e4&#8230;<span class=\"screen-reader-text\"> from Aristocrat 727 Bank Note &#8211; Blue<\/span><\/a><\/p>\n","protected":false},"featured_media":17102,"template":"","meta":{"_acf_changed":false},"product_brand":[],"product_cat":[130,146],"product_tag":[],"class_list":{"0":"post-17101","1":"product","2":"type-product","3":"status-publish","4":"has-post-thumbnail","6":"varumarke-uspcc-fi","7":"product_cat-special-lyx-limited-fi","8":"product_cat-tavalliset-pelikortit","10":"first","11":"instock","12":"taxable","13":"shipping-taxable","14":"purchasable","15":"product-type-simple"},"acf":[],"yoast_head":"<!-- This site is optimized with the Yoast SEO plugin v26.3 - https:\/\/yoast.com\/wordpress\/plugins\/seo\/ -->\n<title>Kortlek Aristocrat 727 Bank Note - Blue | Kortleksbolaget<\/title>\n<meta name=\"description\" content=\"K\u00f6p Aristocrat 727 Bank Note - Blue. Snabba leveranser &amp; bra priser. Sveriges st\u00f6rsta sortiment av kortlekar p\u00e5 Kortleksbolaget!\" \/>\n<meta name=\"robots\" content=\"index, follow, max-snippet:-1, max-image-preview:large, max-video-preview:-1\" \/>\n<link rel=\"canonical\" href=\"https:\/\/kortleksbolaget.se\/fi\/tuote\/bicycle-aristocrat-727-bank-note-blue\/\" \/>\n<meta property=\"og:locale\" content=\"fi_FI\" \/>\n<meta property=\"og:type\" content=\"article\" \/>\n<meta property=\"og:title\" content=\"Kortlek Aristocrat 727 Bank Note - Blue | Kortleksbolaget\" \/>\n<meta property=\"og:description\" content=\"K\u00f6p Aristocrat 727 Bank Note - Blue. Snabba leveranser &amp; bra priser. Sveriges st\u00f6rsta sortiment av kortlekar p\u00e5 Kortleksbolaget!\" \/>\n<meta property=\"og:url\" content=\"https:\/\/kortleksbolaget.se\/fi\/tuote\/bicycle-aristocrat-727-bank-note-blue\/\" \/>\n<meta property=\"og:site_name\" content=\"Kortleksbolaget\" \/>\n<meta property=\"article:modified_time\" content=\"2020-11-24T19:46:38+00:00\" \/>\n<meta property=\"og:image\" content=\"https:\/\/kortleksbolaget.se\/wp-content\/uploads\/kortlekar-5576-1.jpg\" \/>\n\t<meta property=\"og:image:width\" content=\"800\" \/>\n\t<meta property=\"og:image:height\" content=\"1200\" \/>\n\t<meta property=\"og:image:type\" content=\"image\/jpeg\" \/>\n<meta name=\"twitter:card\" content=\"summary_large_image\" \/>\n<script type=\"application\/ld+json\" class=\"yoast-schema-graph\">{\"@context\":\"https:\/\/schema.org\",\"@graph\":[{\"@type\":\"WebPage\",\"@id\":\"https:\/\/kortleksbolaget.se\/fi\/tuote\/bicycle-aristocrat-727-bank-note-blue\/\",\"url\":\"https:\/\/kortleksbolaget.se\/fi\/tuote\/bicycle-aristocrat-727-bank-note-blue\/\",\"name\":\"Kortlek Aristocrat 727 Bank Note - Blue | Kortleksbolaget\",\"isPartOf\":{\"@id\":\"https:\/\/kortleksbolaget.se\/fi\/#website\"},\"primaryImageOfPage\":{\"@id\":\"https:\/\/kortleksbolaget.se\/fi\/tuote\/bicycle-aristocrat-727-bank-note-blue\/#primaryimage\"},\"image\":{\"@id\":\"https:\/\/kortleksbolaget.se\/fi\/tuote\/bicycle-aristocrat-727-bank-note-blue\/#primaryimage\"},\"thumbnailUrl\":\"https:\/\/kortleksbolaget.se\/wp-content\/uploads\/kortlekar-5576-1.jpg\",\"datePublished\":\"2019-06-03T10:37:32+00:00\",\"dateModified\":\"2020-11-24T19:46:38+00:00\",\"description\":\"K\u00f6p Aristocrat 727 Bank Note - Blue. Snabba leveranser & bra priser. Sveriges st\u00f6rsta sortiment av kortlekar p\u00e5 Kortleksbolaget!\",\"breadcrumb\":{\"@id\":\"https:\/\/kortleksbolaget.se\/fi\/tuote\/bicycle-aristocrat-727-bank-note-blue\/#breadcrumb\"},\"inLanguage\":\"fi\",\"potentialAction\":[{\"@type\":\"ReadAction\",\"target\":[\"https:\/\/kortleksbolaget.se\/fi\/tuote\/bicycle-aristocrat-727-bank-note-blue\/\"]}]},{\"@type\":\"ImageObject\",\"inLanguage\":\"fi\",\"@id\":\"https:\/\/kortleksbolaget.se\/fi\/tuote\/bicycle-aristocrat-727-bank-note-blue\/#primaryimage\",\"url\":\"https:\/\/kortleksbolaget.se\/wp-content\/uploads\/kortlekar-5576-1.jpg\",\"contentUrl\":\"https:\/\/kortleksbolaget.se\/wp-content\/uploads\/kortlekar-5576-1.jpg\",\"width\":800,\"height\":1200},{\"@type\":\"BreadcrumbList\",\"@id\":\"https:\/\/kortleksbolaget.se\/fi\/tuote\/bicycle-aristocrat-727-bank-note-blue\/#breadcrumb\",\"itemListElement\":[{\"@type\":\"ListItem\",\"position\":1,\"name\":\"Hem\",\"item\":\"https:\/\/kortleksbolaget.se\/fi\/\"},{\"@type\":\"ListItem\",\"position\":2,\"name\":\"N\u00e4yt\u00e4 kaikki tuotteet\",\"item\":\"https:\/\/kortleksbolaget.se\/fi\/kaupassa\/\"},{\"@type\":\"ListItem\",\"position\":3,\"name\":\"Aristocrat 727 Bank Note &#8211; Blue\"}]},{\"@type\":\"WebSite\",\"@id\":\"https:\/\/kortleksbolaget.se\/fi\/#website\",\"url\":\"https:\/\/kortleksbolaget.se\/fi\/\",\"name\":\"Kortleksbolaget\",\"description\":\"Kortlekar p\u00e5 n\u00e4tet\",\"publisher\":{\"@id\":\"https:\/\/kortleksbolaget.se\/fi\/#organization\"},\"potentialAction\":[{\"@type\":\"SearchAction\",\"target\":{\"@type\":\"EntryPoint\",\"urlTemplate\":\"https:\/\/kortleksbolaget.se\/fi\/?s={search_term_string}\"},\"query-input\":{\"@type\":\"PropertyValueSpecification\",\"valueRequired\":true,\"valueName\":\"search_term_string\"}}],\"inLanguage\":\"fi\"},{\"@type\":\"Organization\",\"@id\":\"https:\/\/kortleksbolaget.se\/fi\/#organization\",\"name\":\"Kortleksbolaget\",\"url\":\"https:\/\/kortleksbolaget.se\/fi\/\",\"logo\":{\"@type\":\"ImageObject\",\"inLanguage\":\"fi\",\"@id\":\"https:\/\/kortleksbolaget.se\/fi\/#\/schema\/logo\/image\/\",\"url\":\"https:\/\/kortleksbolaget.se\/wp-content\/uploads\/kortleksbolaget_logo-svart.png\",\"contentUrl\":\"https:\/\/kortleksbolaget.se\/wp-content\/uploads\/kortleksbolaget_logo-svart.png\",\"width\":1200,\"height\":296,\"caption\":\"Kortleksbolaget\"},\"image\":{\"@id\":\"https:\/\/kortleksbolaget.se\/fi\/#\/schema\/logo\/image\/\"}}]}<\/script>\n<!-- \/ Yoast SEO plugin. -->","yoast_head_json":{"title":"Kortlek Aristocrat 727 Bank Note - Blue | Kortleksbolaget","description":"K\u00f6p Aristocrat 727 Bank Note - Blue. Snabba leveranser & bra priser. Sveriges st\u00f6rsta sortiment av kortlekar p\u00e5 Kortleksbolaget!","robots":{"index":"index","follow":"follow","max-snippet":"max-snippet:-1","max-image-preview":"max-image-preview:large","max-video-preview":"max-video-preview:-1"},"canonical":"https:\/\/kortleksbolaget.se\/fi\/tuote\/bicycle-aristocrat-727-bank-note-blue\/","og_locale":"fi_FI","og_type":"article","og_title":"Kortlek Aristocrat 727 Bank Note - Blue | Kortleksbolaget","og_description":"K\u00f6p Aristocrat 727 Bank Note - Blue. Snabba leveranser & bra priser. Sveriges st\u00f6rsta sortiment av kortlekar p\u00e5 Kortleksbolaget!","og_url":"https:\/\/kortleksbolaget.se\/fi\/tuote\/bicycle-aristocrat-727-bank-note-blue\/","og_site_name":"Kortleksbolaget","article_modified_time":"2020-11-24T19:46:38+00:00","og_image":[{"width":800,"height":1200,"url":"https:\/\/kortleksbolaget.se\/wp-content\/uploads\/kortlekar-5576-1.jpg","type":"image\/jpeg"}],"twitter_card":"summary_large_image","schema":{"@context":"https:\/\/schema.org","@graph":[{"@type":"WebPage","@id":"https:\/\/kortleksbolaget.se\/fi\/tuote\/bicycle-aristocrat-727-bank-note-blue\/","url":"https:\/\/kortleksbolaget.se\/fi\/tuote\/bicycle-aristocrat-727-bank-note-blue\/","name":"Kortlek Aristocrat 727 Bank Note - Blue | Kortleksbolaget","isPartOf":{"@id":"https:\/\/kortleksbolaget.se\/fi\/#website"},"primaryImageOfPage":{"@id":"https:\/\/kortleksbolaget.se\/fi\/tuote\/bicycle-aristocrat-727-bank-note-blue\/#primaryimage"},"image":{"@id":"https:\/\/kortleksbolaget.se\/fi\/tuote\/bicycle-aristocrat-727-bank-note-blue\/#primaryimage"},"thumbnailUrl":"https:\/\/kortleksbolaget.se\/wp-content\/uploads\/kortlekar-5576-1.jpg","datePublished":"2019-06-03T10:37:32+00:00","dateModified":"2020-11-24T19:46:38+00:00","description":"K\u00f6p Aristocrat 727 Bank Note - Blue. Snabba leveranser & bra priser. Sveriges st\u00f6rsta sortiment av kortlekar p\u00e5 Kortleksbolaget!","breadcrumb":{"@id":"https:\/\/kortleksbolaget.se\/fi\/tuote\/bicycle-aristocrat-727-bank-note-blue\/#breadcrumb"},"inLanguage":"fi","potentialAction":[{"@type":"ReadAction","target":["https:\/\/kortleksbolaget.se\/fi\/tuote\/bicycle-aristocrat-727-bank-note-blue\/"]}]},{"@type":"ImageObject","inLanguage":"fi","@id":"https:\/\/kortleksbolaget.se\/fi\/tuote\/bicycle-aristocrat-727-bank-note-blue\/#primaryimage","url":"https:\/\/kortleksbolaget.se\/wp-content\/uploads\/kortlekar-5576-1.jpg","contentUrl":"https:\/\/kortleksbolaget.se\/wp-content\/uploads\/kortlekar-5576-1.jpg","width":800,"height":1200},{"@type":"BreadcrumbList","@id":"https:\/\/kortleksbolaget.se\/fi\/tuote\/bicycle-aristocrat-727-bank-note-blue\/#breadcrumb","itemListElement":[{"@type":"ListItem","position":1,"name":"Hem","item":"https:\/\/kortleksbolaget.se\/fi\/"},{"@type":"ListItem","position":2,"name":"N\u00e4yt\u00e4 kaikki tuotteet","item":"https:\/\/kortleksbolaget.se\/fi\/kaupassa\/"},{"@type":"ListItem","position":3,"name":"Aristocrat 727 Bank Note &#8211; Blue"}]},{"@type":"WebSite","@id":"https:\/\/kortleksbolaget.se\/fi\/#website","url":"https:\/\/kortleksbolaget.se\/fi\/","name":"Kortleksbolaget","description":"Kortlekar p\u00e5 n\u00e4tet","publisher":{"@id":"https:\/\/kortleksbolaget.se\/fi\/#organization"},"potentialAction":[{"@type":"SearchAction","target":{"@type":"EntryPoint","urlTemplate":"https:\/\/kortleksbolaget.se\/fi\/?s={search_term_string}"},"query-input":{"@type":"PropertyValueSpecification","valueRequired":true,"valueName":"search_term_string"}}],"inLanguage":"fi"},{"@type":"Organization","@id":"https:\/\/kortleksbolaget.se\/fi\/#organization","name":"Kortleksbolaget","url":"https:\/\/kortleksbolaget.se\/fi\/","logo":{"@type":"ImageObject","inLanguage":"fi","@id":"https:\/\/kortleksbolaget.se\/fi\/#\/schema\/logo\/image\/","url":"https:\/\/kortleksbolaget.se\/wp-content\/uploads\/kortleksbolaget_logo-svart.png","contentUrl":"https:\/\/kortleksbolaget.se\/wp-content\/uploads\/kortleksbolaget_logo-svart.png","width":1200,"height":296,"caption":"Kortleksbolaget"},"image":{"@id":"https:\/\/kortleksbolaget.se\/fi\/#\/schema\/logo\/image\/"}}]}},"_links":{"self":[{"href":"https:\/\/kortleksbolaget.se\/fi\/wp-json\/wp\/v2\/product\/17101","targetHints":{"allow":["GET"]}}],"collection":[{"href":"https:\/\/kortleksbolaget.se\/fi\/wp-json\/wp\/v2\/product"}],"about":[{"href":"https:\/\/kortleksbolaget.se\/fi\/wp-json\/wp\/v2\/types\/product"}],"wp:featuredmedia":[{"embeddable":true,"href":"https:\/\/kortleksbolaget.se\/fi\/wp-json\/wp\/v2\/media\/17102"}],"wp:attachment":[{"href":"https:\/\/kortleksbolaget.se\/fi\/wp-json\/wp\/v2\/media?parent=17101"}],"wp:term":[{"taxonomy":"product_brand","embeddable":true,"href":"https:\/\/kortleksbolaget.se\/fi\/wp-json\/wp\/v2\/product_brand?post=17101"},{"taxonomy":"product_cat","embeddable":true,"href":"https:\/\/kortleksbolaget.se\/fi\/wp-json\/wp\/v2\/product_cat?post=17101"},{"taxonomy":"product_tag","embeddable":true,"href":"https:\/\/kortleksbolaget.se\/fi\/wp-json\/wp\/v2\/product_tag?post=17101"}],"curies":[{"name":"wp","href":"https:\/\/api.w.org\/{rel}","templated":true}]}}