{"id":17121,"date":"2019-06-03T12:37:32","date_gmt":"2019-06-03T10:37:32","guid":{"rendered":"https:\/\/kortleksbolaget.se\/nyasidan2021\/produkt\/arcanum-white\/"},"modified":"2020-11-24T20:56:06","modified_gmt":"2020-11-24T19:56:06","slug":"arcanum-white","status":"publish","type":"product","link":"https:\/\/kortleksbolaget.se\/fi\/tuote\/arcanum-white\/","title":{"rendered":"Arcanum White"},"content":{"rendered":"","protected":false},"excerpt":{"rendered":"<div id=\"tw-target-text-container\" class=\"tw-ta-container tw-nfl\">\n<div id=\"article-tabs\" class=\"tab-content\">\n<div id=\"tab-description\" class=\"tab-pane fade  in active\" role=\"tabpanel\">\n<div class=\"tab-content-wrapper\">\n<div class=\"desc\">ARCANUM closely associated with the celebration which takes place on October 31, November 1 and November 2 in connection with the triduum of Hallowtide: All Hallows&#8217; Eve, Hallowmas and All Souls&#8217; Day. The holiday focuses on gatherings of family and friends to pray for and remember friends and family members who have died. ARCANUM connects living people, with the souls of dead. Each time we hold a deck of ARCANUM, we remember and pay tribute to the All Saints and souls of our native people.<\/div>\n<\/div>\n<\/div>\n<\/div>\n<\/div>\n<div id=\"z6maec\" class=\"tw-ta-container tw-nfl\">\n<pre id=\"tw-target-rmn\" class=\"tw-data-placeholder tw-text-small tw-ta\" dir=\"ltr\" data-placeholder=\"\"><\/pre>\n<\/div>\n<p> [&#8230;]<\/p>\n<p><a class=\"btn btn-secondary understrap-read-more-link\" href=\"https:\/\/kortleksbolaget.se\/fi\/tuote\/arcanum-white\/\">Lue lis\u00e4\u00e4&#8230;<span class=\"screen-reader-text\"> from Arcanum White<\/span><\/a><\/p>\n","protected":false},"featured_media":17122,"template":"","meta":{"_acf_changed":false},"product_brand":[],"product_cat":[130],"product_tag":[],"class_list":{"0":"post-17121","1":"product","2":"type-product","3":"status-publish","4":"has-post-thumbnail","6":"product_cat-special-lyx-limited-fi","8":"first","9":"outofstock","10":"taxable","11":"shipping-taxable","12":"purchasable","13":"product-type-simple"},"acf":[],"yoast_head":"<!-- This site is optimized with the Yoast SEO plugin v26.3 - https:\/\/yoast.com\/wordpress\/plugins\/seo\/ -->\n<title>Kortlek Arcanum White | Kortleksbolaget<\/title>\n<meta name=\"description\" content=\"K\u00f6p Arcanum White. Snabba leveranser &amp; bra priser. Sveriges st\u00f6rsta sortiment av kortlekar p\u00e5 Kortleksbolaget!\" \/>\n<meta name=\"robots\" content=\"index, follow, max-snippet:-1, max-image-preview:large, max-video-preview:-1\" \/>\n<link rel=\"canonical\" href=\"https:\/\/kortleksbolaget.se\/fi\/tuote\/arcanum-white\/\" \/>\n<meta property=\"og:locale\" content=\"fi_FI\" \/>\n<meta property=\"og:type\" content=\"article\" \/>\n<meta property=\"og:title\" content=\"Kortlek Arcanum White | Kortleksbolaget\" \/>\n<meta property=\"og:description\" content=\"K\u00f6p Arcanum White. Snabba leveranser &amp; bra priser. Sveriges st\u00f6rsta sortiment av kortlekar p\u00e5 Kortleksbolaget!\" \/>\n<meta property=\"og:url\" content=\"https:\/\/kortleksbolaget.se\/fi\/tuote\/arcanum-white\/\" \/>\n<meta property=\"og:site_name\" content=\"Kortleksbolaget\" \/>\n<meta property=\"article:modified_time\" content=\"2020-11-24T19:56:06+00:00\" \/>\n<meta property=\"og:image\" content=\"https:\/\/kortleksbolaget.se\/wp-content\/uploads\/kortlekar-5570-1.jpg\" \/>\n\t<meta property=\"og:image:width\" content=\"800\" \/>\n\t<meta property=\"og:image:height\" content=\"1200\" \/>\n\t<meta property=\"og:image:type\" content=\"image\/jpeg\" \/>\n<meta name=\"twitter:card\" content=\"summary_large_image\" \/>\n<script type=\"application\/ld+json\" class=\"yoast-schema-graph\">{\"@context\":\"https:\/\/schema.org\",\"@graph\":[{\"@type\":\"WebPage\",\"@id\":\"https:\/\/kortleksbolaget.se\/fi\/tuote\/arcanum-white\/\",\"url\":\"https:\/\/kortleksbolaget.se\/fi\/tuote\/arcanum-white\/\",\"name\":\"Kortlek Arcanum White | Kortleksbolaget\",\"isPartOf\":{\"@id\":\"https:\/\/kortleksbolaget.se\/fi\/#website\"},\"primaryImageOfPage\":{\"@id\":\"https:\/\/kortleksbolaget.se\/fi\/tuote\/arcanum-white\/#primaryimage\"},\"image\":{\"@id\":\"https:\/\/kortleksbolaget.se\/fi\/tuote\/arcanum-white\/#primaryimage\"},\"thumbnailUrl\":\"https:\/\/kortleksbolaget.se\/wp-content\/uploads\/kortlekar-5570-1.jpg\",\"datePublished\":\"2019-06-03T10:37:32+00:00\",\"dateModified\":\"2020-11-24T19:56:06+00:00\",\"description\":\"K\u00f6p Arcanum White. Snabba leveranser & bra priser. Sveriges st\u00f6rsta sortiment av kortlekar p\u00e5 Kortleksbolaget!\",\"breadcrumb\":{\"@id\":\"https:\/\/kortleksbolaget.se\/fi\/tuote\/arcanum-white\/#breadcrumb\"},\"inLanguage\":\"fi\",\"potentialAction\":[{\"@type\":\"ReadAction\",\"target\":[\"https:\/\/kortleksbolaget.se\/fi\/tuote\/arcanum-white\/\"]}]},{\"@type\":\"ImageObject\",\"inLanguage\":\"fi\",\"@id\":\"https:\/\/kortleksbolaget.se\/fi\/tuote\/arcanum-white\/#primaryimage\",\"url\":\"https:\/\/kortleksbolaget.se\/wp-content\/uploads\/kortlekar-5570-1.jpg\",\"contentUrl\":\"https:\/\/kortleksbolaget.se\/wp-content\/uploads\/kortlekar-5570-1.jpg\",\"width\":800,\"height\":1200},{\"@type\":\"BreadcrumbList\",\"@id\":\"https:\/\/kortleksbolaget.se\/fi\/tuote\/arcanum-white\/#breadcrumb\",\"itemListElement\":[{\"@type\":\"ListItem\",\"position\":1,\"name\":\"Hem\",\"item\":\"https:\/\/kortleksbolaget.se\/fi\/\"},{\"@type\":\"ListItem\",\"position\":2,\"name\":\"N\u00e4yt\u00e4 kaikki tuotteet\",\"item\":\"https:\/\/kortleksbolaget.se\/fi\/kaupassa\/\"},{\"@type\":\"ListItem\",\"position\":3,\"name\":\"Arcanum White\"}]},{\"@type\":\"WebSite\",\"@id\":\"https:\/\/kortleksbolaget.se\/fi\/#website\",\"url\":\"https:\/\/kortleksbolaget.se\/fi\/\",\"name\":\"Kortleksbolaget\",\"description\":\"Kortlekar p\u00e5 n\u00e4tet\",\"publisher\":{\"@id\":\"https:\/\/kortleksbolaget.se\/fi\/#organization\"},\"potentialAction\":[{\"@type\":\"SearchAction\",\"target\":{\"@type\":\"EntryPoint\",\"urlTemplate\":\"https:\/\/kortleksbolaget.se\/fi\/?s={search_term_string}\"},\"query-input\":{\"@type\":\"PropertyValueSpecification\",\"valueRequired\":true,\"valueName\":\"search_term_string\"}}],\"inLanguage\":\"fi\"},{\"@type\":\"Organization\",\"@id\":\"https:\/\/kortleksbolaget.se\/fi\/#organization\",\"name\":\"Kortleksbolaget\",\"url\":\"https:\/\/kortleksbolaget.se\/fi\/\",\"logo\":{\"@type\":\"ImageObject\",\"inLanguage\":\"fi\",\"@id\":\"https:\/\/kortleksbolaget.se\/fi\/#\/schema\/logo\/image\/\",\"url\":\"https:\/\/kortleksbolaget.se\/wp-content\/uploads\/kortleksbolaget_logo-svart.png\",\"contentUrl\":\"https:\/\/kortleksbolaget.se\/wp-content\/uploads\/kortleksbolaget_logo-svart.png\",\"width\":1200,\"height\":296,\"caption\":\"Kortleksbolaget\"},\"image\":{\"@id\":\"https:\/\/kortleksbolaget.se\/fi\/#\/schema\/logo\/image\/\"}}]}<\/script>\n<!-- \/ Yoast SEO plugin. -->","yoast_head_json":{"title":"Kortlek Arcanum White | Kortleksbolaget","description":"K\u00f6p Arcanum White. Snabba leveranser & bra priser. Sveriges st\u00f6rsta sortiment av kortlekar p\u00e5 Kortleksbolaget!","robots":{"index":"index","follow":"follow","max-snippet":"max-snippet:-1","max-image-preview":"max-image-preview:large","max-video-preview":"max-video-preview:-1"},"canonical":"https:\/\/kortleksbolaget.se\/fi\/tuote\/arcanum-white\/","og_locale":"fi_FI","og_type":"article","og_title":"Kortlek Arcanum White | Kortleksbolaget","og_description":"K\u00f6p Arcanum White. Snabba leveranser & bra priser. Sveriges st\u00f6rsta sortiment av kortlekar p\u00e5 Kortleksbolaget!","og_url":"https:\/\/kortleksbolaget.se\/fi\/tuote\/arcanum-white\/","og_site_name":"Kortleksbolaget","article_modified_time":"2020-11-24T19:56:06+00:00","og_image":[{"width":800,"height":1200,"url":"https:\/\/kortleksbolaget.se\/wp-content\/uploads\/kortlekar-5570-1.jpg","type":"image\/jpeg"}],"twitter_card":"summary_large_image","schema":{"@context":"https:\/\/schema.org","@graph":[{"@type":"WebPage","@id":"https:\/\/kortleksbolaget.se\/fi\/tuote\/arcanum-white\/","url":"https:\/\/kortleksbolaget.se\/fi\/tuote\/arcanum-white\/","name":"Kortlek Arcanum White | Kortleksbolaget","isPartOf":{"@id":"https:\/\/kortleksbolaget.se\/fi\/#website"},"primaryImageOfPage":{"@id":"https:\/\/kortleksbolaget.se\/fi\/tuote\/arcanum-white\/#primaryimage"},"image":{"@id":"https:\/\/kortleksbolaget.se\/fi\/tuote\/arcanum-white\/#primaryimage"},"thumbnailUrl":"https:\/\/kortleksbolaget.se\/wp-content\/uploads\/kortlekar-5570-1.jpg","datePublished":"2019-06-03T10:37:32+00:00","dateModified":"2020-11-24T19:56:06+00:00","description":"K\u00f6p Arcanum White. Snabba leveranser & bra priser. Sveriges st\u00f6rsta sortiment av kortlekar p\u00e5 Kortleksbolaget!","breadcrumb":{"@id":"https:\/\/kortleksbolaget.se\/fi\/tuote\/arcanum-white\/#breadcrumb"},"inLanguage":"fi","potentialAction":[{"@type":"ReadAction","target":["https:\/\/kortleksbolaget.se\/fi\/tuote\/arcanum-white\/"]}]},{"@type":"ImageObject","inLanguage":"fi","@id":"https:\/\/kortleksbolaget.se\/fi\/tuote\/arcanum-white\/#primaryimage","url":"https:\/\/kortleksbolaget.se\/wp-content\/uploads\/kortlekar-5570-1.jpg","contentUrl":"https:\/\/kortleksbolaget.se\/wp-content\/uploads\/kortlekar-5570-1.jpg","width":800,"height":1200},{"@type":"BreadcrumbList","@id":"https:\/\/kortleksbolaget.se\/fi\/tuote\/arcanum-white\/#breadcrumb","itemListElement":[{"@type":"ListItem","position":1,"name":"Hem","item":"https:\/\/kortleksbolaget.se\/fi\/"},{"@type":"ListItem","position":2,"name":"N\u00e4yt\u00e4 kaikki tuotteet","item":"https:\/\/kortleksbolaget.se\/fi\/kaupassa\/"},{"@type":"ListItem","position":3,"name":"Arcanum White"}]},{"@type":"WebSite","@id":"https:\/\/kortleksbolaget.se\/fi\/#website","url":"https:\/\/kortleksbolaget.se\/fi\/","name":"Kortleksbolaget","description":"Kortlekar p\u00e5 n\u00e4tet","publisher":{"@id":"https:\/\/kortleksbolaget.se\/fi\/#organization"},"potentialAction":[{"@type":"SearchAction","target":{"@type":"EntryPoint","urlTemplate":"https:\/\/kortleksbolaget.se\/fi\/?s={search_term_string}"},"query-input":{"@type":"PropertyValueSpecification","valueRequired":true,"valueName":"search_term_string"}}],"inLanguage":"fi"},{"@type":"Organization","@id":"https:\/\/kortleksbolaget.se\/fi\/#organization","name":"Kortleksbolaget","url":"https:\/\/kortleksbolaget.se\/fi\/","logo":{"@type":"ImageObject","inLanguage":"fi","@id":"https:\/\/kortleksbolaget.se\/fi\/#\/schema\/logo\/image\/","url":"https:\/\/kortleksbolaget.se\/wp-content\/uploads\/kortleksbolaget_logo-svart.png","contentUrl":"https:\/\/kortleksbolaget.se\/wp-content\/uploads\/kortleksbolaget_logo-svart.png","width":1200,"height":296,"caption":"Kortleksbolaget"},"image":{"@id":"https:\/\/kortleksbolaget.se\/fi\/#\/schema\/logo\/image\/"}}]}},"_links":{"self":[{"href":"https:\/\/kortleksbolaget.se\/fi\/wp-json\/wp\/v2\/product\/17121","targetHints":{"allow":["GET"]}}],"collection":[{"href":"https:\/\/kortleksbolaget.se\/fi\/wp-json\/wp\/v2\/product"}],"about":[{"href":"https:\/\/kortleksbolaget.se\/fi\/wp-json\/wp\/v2\/types\/product"}],"wp:featuredmedia":[{"embeddable":true,"href":"https:\/\/kortleksbolaget.se\/fi\/wp-json\/wp\/v2\/media\/17122"}],"wp:attachment":[{"href":"https:\/\/kortleksbolaget.se\/fi\/wp-json\/wp\/v2\/media?parent=17121"}],"wp:term":[{"taxonomy":"product_brand","embeddable":true,"href":"https:\/\/kortleksbolaget.se\/fi\/wp-json\/wp\/v2\/product_brand?post=17121"},{"taxonomy":"product_cat","embeddable":true,"href":"https:\/\/kortleksbolaget.se\/fi\/wp-json\/wp\/v2\/product_cat?post=17121"},{"taxonomy":"product_tag","embeddable":true,"href":"https:\/\/kortleksbolaget.se\/fi\/wp-json\/wp\/v2\/product_tag?post=17121"}],"curies":[{"name":"wp","href":"https:\/\/api.w.org\/{rel}","templated":true}]}}