{"id":44162,"date":"2020-12-18T21:16:57","date_gmt":"2020-12-18T20:16:58","guid":{"rendered":"https:\/\/kortleksbolaget.se\/nyasidan2021\/?post_type=product&#038;p=44162"},"modified":"2022-08-10T19:23:59","modified_gmt":"2022-08-10T17:23:59","slug":"bicycle-elite-edition-red-kopia","status":"publish","type":"product","link":"https:\/\/kortleksbolaget.se\/fi\/tuote\/bicycle-elite-edition-red-kopia\/","title":{"rendered":"Bicycle Elite Edition &#8211; Blue"},"content":{"rendered":"<p>Bicycle Elite Playing Cards<\/p>\n","protected":false},"excerpt":{"rendered":"<div class=\"oSioSc\">\n<div id=\"tw-target\">\n<div id=\"kAz1tf\" class=\"g9WsWb\">\n<div id=\"tw-target-text-container\" class=\"tw-ta-container tw-nfl\">\n<p>Bicycle Elite Edition delivers the Rider Back design you know and love in a way you&#8217;ve never felt before. Experience a super-premium feel thanks to ultra-thin luxury stock with elite embossed finish. These cards are flexible, snappy, and durable. They offer a soft yet supple handling with smooth edges and a traditional cut. The thin stock is reminiscent of the popular cards of decades past and is resistant to developing the dreaded warp or &#8221;click&#8221; that happens from high humidity.<\/p>\n<p>These are cards that feel broken in right out of the box! Bicycle Elite Edition decks are an absolute dream to handle whether you are a magician, gambler, or cardist. The cards are packaged in the iconic classic tuck box. Bicycle Elite decks are not only the best-feeling deck of Bikes you&#8217;ve ever owned, but also come complete with two identical Jokers, the iconic Bicycle Ace of Spades, and two incredibly useful and versatile gaff cards.<\/p>\n<ul>\n<li>Classic Rider Back Design &amp; Tuck Box<\/li>\n<li>Super-Premium Feel &amp; Handling<\/li>\n<li>Long-Lasting &amp; Flexible Thin-Crush Stock<\/li>\n<li>Duplicate Jokers &amp; Classic Ace of Spades<\/li>\n<li>Traditionally Cut<\/li>\n<li>Printed on the Web Press<\/li>\n<li>Double Backer &amp; Blank Facer Gaffs Included<\/li>\n<\/ul>\n<p id=\"tw-target-text\" class=\"tw-data-text tw-text-large tw-ta\" dir=\"ltr\" data-placeholder=\"\u00d6vers\u00e4ttning\"><span lang=\"sv\" tabindex=\"0\">\u00a0<\/span><\/p>\n<p>&nbsp;<\/p>\n<\/div>\n<\/div>\n<\/div>\n<\/div>\n<p> [&#8230;]<\/p>\n<p><a class=\"btn btn-secondary understrap-read-more-link\" href=\"https:\/\/kortleksbolaget.se\/fi\/tuote\/bicycle-elite-edition-red-kopia\/\">Lue lis\u00e4\u00e4&#8230;<span class=\"screen-reader-text\"> from Bicycle Elite Edition &#8211; Blue<\/span><\/a><\/p>\n","protected":false},"featured_media":75602,"template":"","meta":{"_acf_changed":false},"product_brand":[],"product_cat":[129,146],"product_tag":[],"class_list":{"0":"post-44162","1":"product","2":"type-product","3":"status-publish","4":"has-post-thumbnail","6":"varumarke-bicycle-fi","7":"varumarke-uspcc-fi","8":"product_cat-taikuus-fi","9":"product_cat-tavalliset-pelikortit","11":"first","12":"outofstock","13":"taxable","14":"shipping-taxable","15":"purchasable","16":"product-type-simple"},"acf":[],"yoast_head":"<!-- This site is optimized with the Yoast SEO plugin v27.5 - https:\/\/yoast.com\/product\/yoast-seo-wordpress\/ -->\n<title>Kortlek Bicycle Elite Edition - Blue | Kortleksbolaget<\/title>\n<meta name=\"description\" content=\"K\u00f6p Bicycle Elite Edition - Blue. Snabba leveranser &amp; bra priser. Sveriges st\u00f6rsta sortiment av kortlekar p\u00e5 Kortleksbolaget!\" \/>\n<meta name=\"robots\" content=\"index, follow, max-snippet:-1, max-image-preview:large, max-video-preview:-1\" \/>\n<link rel=\"canonical\" href=\"https:\/\/kortleksbolaget.se\/fi\/tuote\/bicycle-elite-edition-red-kopia\/\" \/>\n<meta property=\"og:locale\" content=\"fi_FI\" \/>\n<meta property=\"og:type\" content=\"article\" \/>\n<meta property=\"og:title\" content=\"Kortlek Bicycle Elite Edition - Blue | Kortleksbolaget\" \/>\n<meta property=\"og:description\" content=\"K\u00f6p Bicycle Elite Edition - Blue. Snabba leveranser &amp; bra priser. Sveriges st\u00f6rsta sortiment av kortlekar p\u00e5 Kortleksbolaget!\" \/>\n<meta property=\"og:url\" content=\"https:\/\/kortleksbolaget.se\/fi\/tuote\/bicycle-elite-edition-red-kopia\/\" \/>\n<meta property=\"og:site_name\" content=\"Kortleksbolaget\" \/>\n<meta property=\"article:modified_time\" content=\"2022-08-10T17:23:59+00:00\" \/>\n<meta property=\"og:image\" content=\"https:\/\/kortleksbolaget.se\/wp-content\/uploads\/bicycle_elite_blue-2.jpg\" \/>\n\t<meta property=\"og:image:width\" content=\"542\" \/>\n\t<meta property=\"og:image:height\" content=\"813\" \/>\n\t<meta property=\"og:image:type\" content=\"image\/jpeg\" \/>\n<meta name=\"twitter:card\" content=\"summary_large_image\" \/>\n<script type=\"application\/ld+json\" class=\"yoast-schema-graph\">{\"@context\":\"https:\\\/\\\/schema.org\",\"@graph\":[{\"@type\":\"WebPage\",\"@id\":\"https:\\\/\\\/kortleksbolaget.se\\\/fi\\\/tuote\\\/bicycle-elite-edition-red-kopia\\\/\",\"url\":\"https:\\\/\\\/kortleksbolaget.se\\\/fi\\\/tuote\\\/bicycle-elite-edition-red-kopia\\\/\",\"name\":\"Kortlek Bicycle Elite Edition - Blue | Kortleksbolaget\",\"isPartOf\":{\"@id\":\"https:\\\/\\\/kortleksbolaget.se\\\/fi\\\/#website\"},\"primaryImageOfPage\":{\"@id\":\"https:\\\/\\\/kortleksbolaget.se\\\/fi\\\/tuote\\\/bicycle-elite-edition-red-kopia\\\/#primaryimage\"},\"image\":{\"@id\":\"https:\\\/\\\/kortleksbolaget.se\\\/fi\\\/tuote\\\/bicycle-elite-edition-red-kopia\\\/#primaryimage\"},\"thumbnailUrl\":\"https:\\\/\\\/kortleksbolaget.se\\\/wp-content\\\/uploads\\\/bicycle_elite_blue-2.jpg\",\"datePublished\":\"2020-12-18T20:16:58+00:00\",\"dateModified\":\"2022-08-10T17:23:59+00:00\",\"description\":\"K\u00f6p Bicycle Elite Edition - Blue. Snabba leveranser & bra priser. Sveriges st\u00f6rsta sortiment av kortlekar p\u00e5 Kortleksbolaget!\",\"breadcrumb\":{\"@id\":\"https:\\\/\\\/kortleksbolaget.se\\\/fi\\\/tuote\\\/bicycle-elite-edition-red-kopia\\\/#breadcrumb\"},\"inLanguage\":\"fi\",\"potentialAction\":[{\"@type\":\"ReadAction\",\"target\":[\"https:\\\/\\\/kortleksbolaget.se\\\/fi\\\/tuote\\\/bicycle-elite-edition-red-kopia\\\/\"]}]},{\"@type\":\"ImageObject\",\"inLanguage\":\"fi\",\"@id\":\"https:\\\/\\\/kortleksbolaget.se\\\/fi\\\/tuote\\\/bicycle-elite-edition-red-kopia\\\/#primaryimage\",\"url\":\"https:\\\/\\\/kortleksbolaget.se\\\/wp-content\\\/uploads\\\/bicycle_elite_blue-2.jpg\",\"contentUrl\":\"https:\\\/\\\/kortleksbolaget.se\\\/wp-content\\\/uploads\\\/bicycle_elite_blue-2.jpg\",\"width\":542,\"height\":813},{\"@type\":\"BreadcrumbList\",\"@id\":\"https:\\\/\\\/kortleksbolaget.se\\\/fi\\\/tuote\\\/bicycle-elite-edition-red-kopia\\\/#breadcrumb\",\"itemListElement\":[{\"@type\":\"ListItem\",\"position\":1,\"name\":\"Hem\",\"item\":\"https:\\\/\\\/kortleksbolaget.se\\\/fi\\\/\"},{\"@type\":\"ListItem\",\"position\":2,\"name\":\"N\u00e4yt\u00e4 kaikki tuotteet\",\"item\":\"https:\\\/\\\/kortleksbolaget.se\\\/fi\\\/kaupassa\\\/\"},{\"@type\":\"ListItem\",\"position\":3,\"name\":\"Bicycle Elite Edition &#8211; Blue\"}]},{\"@type\":\"WebSite\",\"@id\":\"https:\\\/\\\/kortleksbolaget.se\\\/fi\\\/#website\",\"url\":\"https:\\\/\\\/kortleksbolaget.se\\\/fi\\\/\",\"name\":\"Kortleksbolaget\",\"description\":\"Kortlekar p\u00e5 n\u00e4tet\",\"publisher\":{\"@id\":\"https:\\\/\\\/kortleksbolaget.se\\\/fi\\\/#organization\"},\"potentialAction\":[{\"@type\":\"SearchAction\",\"target\":{\"@type\":\"EntryPoint\",\"urlTemplate\":\"https:\\\/\\\/kortleksbolaget.se\\\/fi\\\/?s={search_term_string}\"},\"query-input\":{\"@type\":\"PropertyValueSpecification\",\"valueRequired\":true,\"valueName\":\"search_term_string\"}}],\"inLanguage\":\"fi\"},{\"@type\":\"Organization\",\"@id\":\"https:\\\/\\\/kortleksbolaget.se\\\/fi\\\/#organization\",\"name\":\"Kortleksbolaget\",\"url\":\"https:\\\/\\\/kortleksbolaget.se\\\/fi\\\/\",\"logo\":{\"@type\":\"ImageObject\",\"inLanguage\":\"fi\",\"@id\":\"https:\\\/\\\/kortleksbolaget.se\\\/fi\\\/#\\\/schema\\\/logo\\\/image\\\/\",\"url\":\"https:\\\/\\\/kortleksbolaget.se\\\/wp-content\\\/uploads\\\/kortleksbolaget_logo-svart.png\",\"contentUrl\":\"https:\\\/\\\/kortleksbolaget.se\\\/wp-content\\\/uploads\\\/kortleksbolaget_logo-svart.png\",\"width\":1200,\"height\":296,\"caption\":\"Kortleksbolaget\"},\"image\":{\"@id\":\"https:\\\/\\\/kortleksbolaget.se\\\/fi\\\/#\\\/schema\\\/logo\\\/image\\\/\"}}]}<\/script>\n<!-- \/ Yoast SEO plugin. -->","yoast_head_json":{"title":"Kortlek Bicycle Elite Edition - Blue | Kortleksbolaget","description":"K\u00f6p Bicycle Elite Edition - Blue. Snabba leveranser & bra priser. Sveriges st\u00f6rsta sortiment av kortlekar p\u00e5 Kortleksbolaget!","robots":{"index":"index","follow":"follow","max-snippet":"max-snippet:-1","max-image-preview":"max-image-preview:large","max-video-preview":"max-video-preview:-1"},"canonical":"https:\/\/kortleksbolaget.se\/fi\/tuote\/bicycle-elite-edition-red-kopia\/","og_locale":"fi_FI","og_type":"article","og_title":"Kortlek Bicycle Elite Edition - Blue | Kortleksbolaget","og_description":"K\u00f6p Bicycle Elite Edition - Blue. Snabba leveranser & bra priser. Sveriges st\u00f6rsta sortiment av kortlekar p\u00e5 Kortleksbolaget!","og_url":"https:\/\/kortleksbolaget.se\/fi\/tuote\/bicycle-elite-edition-red-kopia\/","og_site_name":"Kortleksbolaget","article_modified_time":"2022-08-10T17:23:59+00:00","og_image":[{"width":542,"height":813,"url":"https:\/\/kortleksbolaget.se\/wp-content\/uploads\/bicycle_elite_blue-2.jpg","type":"image\/jpeg"}],"twitter_card":"summary_large_image","schema":{"@context":"https:\/\/schema.org","@graph":[{"@type":"WebPage","@id":"https:\/\/kortleksbolaget.se\/fi\/tuote\/bicycle-elite-edition-red-kopia\/","url":"https:\/\/kortleksbolaget.se\/fi\/tuote\/bicycle-elite-edition-red-kopia\/","name":"Kortlek Bicycle Elite Edition - Blue | Kortleksbolaget","isPartOf":{"@id":"https:\/\/kortleksbolaget.se\/fi\/#website"},"primaryImageOfPage":{"@id":"https:\/\/kortleksbolaget.se\/fi\/tuote\/bicycle-elite-edition-red-kopia\/#primaryimage"},"image":{"@id":"https:\/\/kortleksbolaget.se\/fi\/tuote\/bicycle-elite-edition-red-kopia\/#primaryimage"},"thumbnailUrl":"https:\/\/kortleksbolaget.se\/wp-content\/uploads\/bicycle_elite_blue-2.jpg","datePublished":"2020-12-18T20:16:58+00:00","dateModified":"2022-08-10T17:23:59+00:00","description":"K\u00f6p Bicycle Elite Edition - Blue. Snabba leveranser & bra priser. Sveriges st\u00f6rsta sortiment av kortlekar p\u00e5 Kortleksbolaget!","breadcrumb":{"@id":"https:\/\/kortleksbolaget.se\/fi\/tuote\/bicycle-elite-edition-red-kopia\/#breadcrumb"},"inLanguage":"fi","potentialAction":[{"@type":"ReadAction","target":["https:\/\/kortleksbolaget.se\/fi\/tuote\/bicycle-elite-edition-red-kopia\/"]}]},{"@type":"ImageObject","inLanguage":"fi","@id":"https:\/\/kortleksbolaget.se\/fi\/tuote\/bicycle-elite-edition-red-kopia\/#primaryimage","url":"https:\/\/kortleksbolaget.se\/wp-content\/uploads\/bicycle_elite_blue-2.jpg","contentUrl":"https:\/\/kortleksbolaget.se\/wp-content\/uploads\/bicycle_elite_blue-2.jpg","width":542,"height":813},{"@type":"BreadcrumbList","@id":"https:\/\/kortleksbolaget.se\/fi\/tuote\/bicycle-elite-edition-red-kopia\/#breadcrumb","itemListElement":[{"@type":"ListItem","position":1,"name":"Hem","item":"https:\/\/kortleksbolaget.se\/fi\/"},{"@type":"ListItem","position":2,"name":"N\u00e4yt\u00e4 kaikki tuotteet","item":"https:\/\/kortleksbolaget.se\/fi\/kaupassa\/"},{"@type":"ListItem","position":3,"name":"Bicycle Elite Edition &#8211; Blue"}]},{"@type":"WebSite","@id":"https:\/\/kortleksbolaget.se\/fi\/#website","url":"https:\/\/kortleksbolaget.se\/fi\/","name":"Kortleksbolaget","description":"Kortlekar p\u00e5 n\u00e4tet","publisher":{"@id":"https:\/\/kortleksbolaget.se\/fi\/#organization"},"potentialAction":[{"@type":"SearchAction","target":{"@type":"EntryPoint","urlTemplate":"https:\/\/kortleksbolaget.se\/fi\/?s={search_term_string}"},"query-input":{"@type":"PropertyValueSpecification","valueRequired":true,"valueName":"search_term_string"}}],"inLanguage":"fi"},{"@type":"Organization","@id":"https:\/\/kortleksbolaget.se\/fi\/#organization","name":"Kortleksbolaget","url":"https:\/\/kortleksbolaget.se\/fi\/","logo":{"@type":"ImageObject","inLanguage":"fi","@id":"https:\/\/kortleksbolaget.se\/fi\/#\/schema\/logo\/image\/","url":"https:\/\/kortleksbolaget.se\/wp-content\/uploads\/kortleksbolaget_logo-svart.png","contentUrl":"https:\/\/kortleksbolaget.se\/wp-content\/uploads\/kortleksbolaget_logo-svart.png","width":1200,"height":296,"caption":"Kortleksbolaget"},"image":{"@id":"https:\/\/kortleksbolaget.se\/fi\/#\/schema\/logo\/image\/"}}]}},"_links":{"self":[{"href":"https:\/\/kortleksbolaget.se\/fi\/wp-json\/wp\/v2\/product\/44162","targetHints":{"allow":["GET"]}}],"collection":[{"href":"https:\/\/kortleksbolaget.se\/fi\/wp-json\/wp\/v2\/product"}],"about":[{"href":"https:\/\/kortleksbolaget.se\/fi\/wp-json\/wp\/v2\/types\/product"}],"wp:featuredmedia":[{"embeddable":true,"href":"https:\/\/kortleksbolaget.se\/fi\/wp-json\/wp\/v2\/media\/75602"}],"wp:attachment":[{"href":"https:\/\/kortleksbolaget.se\/fi\/wp-json\/wp\/v2\/media?parent=44162"}],"wp:term":[{"taxonomy":"product_brand","embeddable":true,"href":"https:\/\/kortleksbolaget.se\/fi\/wp-json\/wp\/v2\/product_brand?post=44162"},{"taxonomy":"product_cat","embeddable":true,"href":"https:\/\/kortleksbolaget.se\/fi\/wp-json\/wp\/v2\/product_cat?post=44162"},{"taxonomy":"product_tag","embeddable":true,"href":"https:\/\/kortleksbolaget.se\/fi\/wp-json\/wp\/v2\/product_tag?post=44162"}],"curies":[{"name":"wp","href":"https:\/\/api.w.org\/{rel}","templated":true}]}}