{"id":45400,"date":"2020-12-18T22:21:45","date_gmt":"2020-12-18T21:21:45","guid":{"rendered":"https:\/\/kortleksbolaget.se\/nyasidan2021\/produkt\/remedies-royal-blue-madison-x-schneider-2\/"},"modified":"2020-12-18T22:21:45","modified_gmt":"2020-12-18T21:21:45","slug":"remedies-royal-blue-madison-x-schneider-2","status":"publish","type":"product","link":"https:\/\/kortleksbolaget.se\/fi\/tuote\/remedies-royal-blue-madison-x-schneider-2\/","title":{"rendered":"Remedies Royal Blue &#8211; Madison x Schneider"},"content":{"rendered":"","protected":false},"excerpt":{"rendered":"<p><span lang=\"sv\" style=\"color: #000000;\">The <b>Madison x Schneider Remedies<\/b> are back in <b>royal blue<\/b> &#8211; the perfect counterpart to the first Scarlet Red Remedies. In addition to the new color, you will find many new details which let these cards stand out from the first edition. A modern look and feel runs through the entire deck. Custom pips and indices as well as redrawn Court cards with new faces.<\/p>\n<p>Packed with <b>hidden secrets and built-in magic tricks<\/b>, including an <b>Angle Zero gaff<\/b> and a series of hidden revelations with an incredible quality of stock (and traditionally cut). Madison and Schneider are so proud to present this minimally wonderful weapon of deception. See pictures below.<br \/>\n<\/span><\/p>\n<ul>\n<li>Manufactured by the United States Playing Card Company<\/li>\n<li>Printed on premium (Bee) thin crushed paper stock<\/li>\n<li>Traditionally cut<\/li>\n<li>Custom front and back<\/li>\n<li>Angle Zero gaff<\/li>\n<li>Hidden revelations for your magic routines<\/li>\n<\/ul>\n<p><span lang=\"sv\"><span style=\"color: #339966;\">\u00a0<\/span><\/span> [&#8230;]<\/p>\n<p><a class=\"btn btn-secondary understrap-read-more-link\" href=\"https:\/\/kortleksbolaget.se\/fi\/tuote\/remedies-royal-blue-madison-x-schneider-2\/\">Lue lis\u00e4\u00e4&#8230;<span class=\"screen-reader-text\"> from Remedies Royal Blue &#8211; Madison x Schneider<\/span><\/a><\/p>\n","protected":false},"featured_media":44302,"template":"","meta":{"_acf_changed":false},"product_brand":[],"product_cat":[130],"product_tag":[],"class_list":{"0":"post-45400","1":"product","2":"type-product","3":"status-publish","4":"has-post-thumbnail","6":"varumarke-uspcc-fi","7":"product_cat-special-lyx-limited-fi","9":"first","10":"outofstock","11":"taxable","12":"shipping-taxable","13":"purchasable","14":"product-type-simple"},"acf":[],"yoast_head":"<!-- This site is optimized with the Yoast SEO plugin v26.3 - https:\/\/yoast.com\/wordpress\/plugins\/seo\/ -->\n<title>Kortlek Remedies Royal Blue - Madison x Schneider | Kortleksbolaget<\/title>\n<meta name=\"description\" content=\"K\u00f6p Remedies Royal Blue - Madison x Schneider. Snabba leveranser &amp; bra priser. Sveriges st\u00f6rsta sortiment av kortlekar p\u00e5 Kortleksbolaget!\" \/>\n<meta name=\"robots\" content=\"index, follow, max-snippet:-1, max-image-preview:large, max-video-preview:-1\" \/>\n<link rel=\"canonical\" href=\"https:\/\/kortleksbolaget.se\/fi\/tuote\/remedies-royal-blue-madison-x-schneider-2\/\" \/>\n<meta property=\"og:locale\" content=\"fi_FI\" \/>\n<meta property=\"og:type\" content=\"article\" \/>\n<meta property=\"og:title\" content=\"Kortlek Remedies Royal Blue - Madison x Schneider | Kortleksbolaget\" \/>\n<meta property=\"og:description\" content=\"K\u00f6p Remedies Royal Blue - Madison x Schneider. Snabba leveranser &amp; bra priser. Sveriges st\u00f6rsta sortiment av kortlekar p\u00e5 Kortleksbolaget!\" \/>\n<meta property=\"og:url\" content=\"https:\/\/kortleksbolaget.se\/fi\/tuote\/remedies-royal-blue-madison-x-schneider-2\/\" \/>\n<meta property=\"og:site_name\" content=\"Kortleksbolaget\" \/>\n<meta property=\"og:image\" content=\"https:\/\/kortleksbolaget.se\/wp-content\/uploads\/remedies-royal-blue.jpg\" \/>\n\t<meta property=\"og:image:width\" content=\"535\" \/>\n\t<meta property=\"og:image:height\" content=\"803\" \/>\n\t<meta property=\"og:image:type\" content=\"image\/jpeg\" \/>\n<meta name=\"twitter:card\" content=\"summary_large_image\" \/>\n<script type=\"application\/ld+json\" class=\"yoast-schema-graph\">{\"@context\":\"https:\/\/schema.org\",\"@graph\":[{\"@type\":\"WebPage\",\"@id\":\"https:\/\/kortleksbolaget.se\/fi\/tuote\/remedies-royal-blue-madison-x-schneider-2\/\",\"url\":\"https:\/\/kortleksbolaget.se\/fi\/tuote\/remedies-royal-blue-madison-x-schneider-2\/\",\"name\":\"Kortlek Remedies Royal Blue - Madison x Schneider | Kortleksbolaget\",\"isPartOf\":{\"@id\":\"https:\/\/kortleksbolaget.se\/fi\/#website\"},\"primaryImageOfPage\":{\"@id\":\"https:\/\/kortleksbolaget.se\/fi\/tuote\/remedies-royal-blue-madison-x-schneider-2\/#primaryimage\"},\"image\":{\"@id\":\"https:\/\/kortleksbolaget.se\/fi\/tuote\/remedies-royal-blue-madison-x-schneider-2\/#primaryimage\"},\"thumbnailUrl\":\"https:\/\/kortleksbolaget.se\/wp-content\/uploads\/remedies-royal-blue.jpg\",\"datePublished\":\"2020-12-18T21:21:45+00:00\",\"description\":\"K\u00f6p Remedies Royal Blue - Madison x Schneider. Snabba leveranser & bra priser. Sveriges st\u00f6rsta sortiment av kortlekar p\u00e5 Kortleksbolaget!\",\"breadcrumb\":{\"@id\":\"https:\/\/kortleksbolaget.se\/fi\/tuote\/remedies-royal-blue-madison-x-schneider-2\/#breadcrumb\"},\"inLanguage\":\"fi\",\"potentialAction\":[{\"@type\":\"ReadAction\",\"target\":[\"https:\/\/kortleksbolaget.se\/fi\/tuote\/remedies-royal-blue-madison-x-schneider-2\/\"]}]},{\"@type\":\"ImageObject\",\"inLanguage\":\"fi\",\"@id\":\"https:\/\/kortleksbolaget.se\/fi\/tuote\/remedies-royal-blue-madison-x-schneider-2\/#primaryimage\",\"url\":\"https:\/\/kortleksbolaget.se\/wp-content\/uploads\/remedies-royal-blue.jpg\",\"contentUrl\":\"https:\/\/kortleksbolaget.se\/wp-content\/uploads\/remedies-royal-blue.jpg\",\"width\":535,\"height\":803},{\"@type\":\"BreadcrumbList\",\"@id\":\"https:\/\/kortleksbolaget.se\/fi\/tuote\/remedies-royal-blue-madison-x-schneider-2\/#breadcrumb\",\"itemListElement\":[{\"@type\":\"ListItem\",\"position\":1,\"name\":\"Hem\",\"item\":\"https:\/\/kortleksbolaget.se\/fi\/\"},{\"@type\":\"ListItem\",\"position\":2,\"name\":\"N\u00e4yt\u00e4 kaikki tuotteet\",\"item\":\"https:\/\/kortleksbolaget.se\/fi\/kaupassa\/\"},{\"@type\":\"ListItem\",\"position\":3,\"name\":\"Remedies Royal Blue &#8211; Madison x Schneider\"}]},{\"@type\":\"WebSite\",\"@id\":\"https:\/\/kortleksbolaget.se\/fi\/#website\",\"url\":\"https:\/\/kortleksbolaget.se\/fi\/\",\"name\":\"Kortleksbolaget\",\"description\":\"Kortlekar p\u00e5 n\u00e4tet\",\"publisher\":{\"@id\":\"https:\/\/kortleksbolaget.se\/fi\/#organization\"},\"potentialAction\":[{\"@type\":\"SearchAction\",\"target\":{\"@type\":\"EntryPoint\",\"urlTemplate\":\"https:\/\/kortleksbolaget.se\/fi\/?s={search_term_string}\"},\"query-input\":{\"@type\":\"PropertyValueSpecification\",\"valueRequired\":true,\"valueName\":\"search_term_string\"}}],\"inLanguage\":\"fi\"},{\"@type\":\"Organization\",\"@id\":\"https:\/\/kortleksbolaget.se\/fi\/#organization\",\"name\":\"Kortleksbolaget\",\"url\":\"https:\/\/kortleksbolaget.se\/fi\/\",\"logo\":{\"@type\":\"ImageObject\",\"inLanguage\":\"fi\",\"@id\":\"https:\/\/kortleksbolaget.se\/fi\/#\/schema\/logo\/image\/\",\"url\":\"https:\/\/kortleksbolaget.se\/wp-content\/uploads\/kortleksbolaget_logo-svart.png\",\"contentUrl\":\"https:\/\/kortleksbolaget.se\/wp-content\/uploads\/kortleksbolaget_logo-svart.png\",\"width\":1200,\"height\":296,\"caption\":\"Kortleksbolaget\"},\"image\":{\"@id\":\"https:\/\/kortleksbolaget.se\/fi\/#\/schema\/logo\/image\/\"}}]}<\/script>\n<!-- \/ Yoast SEO plugin. -->","yoast_head_json":{"title":"Kortlek Remedies Royal Blue - Madison x Schneider | Kortleksbolaget","description":"K\u00f6p Remedies Royal Blue - Madison x Schneider. Snabba leveranser & bra priser. Sveriges st\u00f6rsta sortiment av kortlekar p\u00e5 Kortleksbolaget!","robots":{"index":"index","follow":"follow","max-snippet":"max-snippet:-1","max-image-preview":"max-image-preview:large","max-video-preview":"max-video-preview:-1"},"canonical":"https:\/\/kortleksbolaget.se\/fi\/tuote\/remedies-royal-blue-madison-x-schneider-2\/","og_locale":"fi_FI","og_type":"article","og_title":"Kortlek Remedies Royal Blue - Madison x Schneider | Kortleksbolaget","og_description":"K\u00f6p Remedies Royal Blue - Madison x Schneider. Snabba leveranser & bra priser. Sveriges st\u00f6rsta sortiment av kortlekar p\u00e5 Kortleksbolaget!","og_url":"https:\/\/kortleksbolaget.se\/fi\/tuote\/remedies-royal-blue-madison-x-schneider-2\/","og_site_name":"Kortleksbolaget","og_image":[{"width":535,"height":803,"url":"https:\/\/kortleksbolaget.se\/wp-content\/uploads\/remedies-royal-blue.jpg","type":"image\/jpeg"}],"twitter_card":"summary_large_image","schema":{"@context":"https:\/\/schema.org","@graph":[{"@type":"WebPage","@id":"https:\/\/kortleksbolaget.se\/fi\/tuote\/remedies-royal-blue-madison-x-schneider-2\/","url":"https:\/\/kortleksbolaget.se\/fi\/tuote\/remedies-royal-blue-madison-x-schneider-2\/","name":"Kortlek Remedies Royal Blue - Madison x Schneider | Kortleksbolaget","isPartOf":{"@id":"https:\/\/kortleksbolaget.se\/fi\/#website"},"primaryImageOfPage":{"@id":"https:\/\/kortleksbolaget.se\/fi\/tuote\/remedies-royal-blue-madison-x-schneider-2\/#primaryimage"},"image":{"@id":"https:\/\/kortleksbolaget.se\/fi\/tuote\/remedies-royal-blue-madison-x-schneider-2\/#primaryimage"},"thumbnailUrl":"https:\/\/kortleksbolaget.se\/wp-content\/uploads\/remedies-royal-blue.jpg","datePublished":"2020-12-18T21:21:45+00:00","description":"K\u00f6p Remedies Royal Blue - Madison x Schneider. Snabba leveranser & bra priser. Sveriges st\u00f6rsta sortiment av kortlekar p\u00e5 Kortleksbolaget!","breadcrumb":{"@id":"https:\/\/kortleksbolaget.se\/fi\/tuote\/remedies-royal-blue-madison-x-schneider-2\/#breadcrumb"},"inLanguage":"fi","potentialAction":[{"@type":"ReadAction","target":["https:\/\/kortleksbolaget.se\/fi\/tuote\/remedies-royal-blue-madison-x-schneider-2\/"]}]},{"@type":"ImageObject","inLanguage":"fi","@id":"https:\/\/kortleksbolaget.se\/fi\/tuote\/remedies-royal-blue-madison-x-schneider-2\/#primaryimage","url":"https:\/\/kortleksbolaget.se\/wp-content\/uploads\/remedies-royal-blue.jpg","contentUrl":"https:\/\/kortleksbolaget.se\/wp-content\/uploads\/remedies-royal-blue.jpg","width":535,"height":803},{"@type":"BreadcrumbList","@id":"https:\/\/kortleksbolaget.se\/fi\/tuote\/remedies-royal-blue-madison-x-schneider-2\/#breadcrumb","itemListElement":[{"@type":"ListItem","position":1,"name":"Hem","item":"https:\/\/kortleksbolaget.se\/fi\/"},{"@type":"ListItem","position":2,"name":"N\u00e4yt\u00e4 kaikki tuotteet","item":"https:\/\/kortleksbolaget.se\/fi\/kaupassa\/"},{"@type":"ListItem","position":3,"name":"Remedies Royal Blue &#8211; Madison x Schneider"}]},{"@type":"WebSite","@id":"https:\/\/kortleksbolaget.se\/fi\/#website","url":"https:\/\/kortleksbolaget.se\/fi\/","name":"Kortleksbolaget","description":"Kortlekar p\u00e5 n\u00e4tet","publisher":{"@id":"https:\/\/kortleksbolaget.se\/fi\/#organization"},"potentialAction":[{"@type":"SearchAction","target":{"@type":"EntryPoint","urlTemplate":"https:\/\/kortleksbolaget.se\/fi\/?s={search_term_string}"},"query-input":{"@type":"PropertyValueSpecification","valueRequired":true,"valueName":"search_term_string"}}],"inLanguage":"fi"},{"@type":"Organization","@id":"https:\/\/kortleksbolaget.se\/fi\/#organization","name":"Kortleksbolaget","url":"https:\/\/kortleksbolaget.se\/fi\/","logo":{"@type":"ImageObject","inLanguage":"fi","@id":"https:\/\/kortleksbolaget.se\/fi\/#\/schema\/logo\/image\/","url":"https:\/\/kortleksbolaget.se\/wp-content\/uploads\/kortleksbolaget_logo-svart.png","contentUrl":"https:\/\/kortleksbolaget.se\/wp-content\/uploads\/kortleksbolaget_logo-svart.png","width":1200,"height":296,"caption":"Kortleksbolaget"},"image":{"@id":"https:\/\/kortleksbolaget.se\/fi\/#\/schema\/logo\/image\/"}}]}},"_links":{"self":[{"href":"https:\/\/kortleksbolaget.se\/fi\/wp-json\/wp\/v2\/product\/45400","targetHints":{"allow":["GET"]}}],"collection":[{"href":"https:\/\/kortleksbolaget.se\/fi\/wp-json\/wp\/v2\/product"}],"about":[{"href":"https:\/\/kortleksbolaget.se\/fi\/wp-json\/wp\/v2\/types\/product"}],"wp:featuredmedia":[{"embeddable":true,"href":"https:\/\/kortleksbolaget.se\/fi\/wp-json\/wp\/v2\/media\/44302"}],"wp:attachment":[{"href":"https:\/\/kortleksbolaget.se\/fi\/wp-json\/wp\/v2\/media?parent=45400"}],"wp:term":[{"taxonomy":"product_brand","embeddable":true,"href":"https:\/\/kortleksbolaget.se\/fi\/wp-json\/wp\/v2\/product_brand?post=45400"},{"taxonomy":"product_cat","embeddable":true,"href":"https:\/\/kortleksbolaget.se\/fi\/wp-json\/wp\/v2\/product_cat?post=45400"},{"taxonomy":"product_tag","embeddable":true,"href":"https:\/\/kortleksbolaget.se\/fi\/wp-json\/wp\/v2\/product_tag?post=45400"}],"curies":[{"name":"wp","href":"https:\/\/api.w.org\/{rel}","templated":true}]}}