{"id":50927,"date":"2021-03-29T16:13:35","date_gmt":"2021-03-29T14:13:35","guid":{"rendered":"https:\/\/kortleksbolaget.se\/produkt\/star-wars-mandalorian\/"},"modified":"2023-05-16T14:44:10","modified_gmt":"2023-05-16T12:44:10","slug":"star-wars-mandalorian","status":"publish","type":"product","link":"https:\/\/kortleksbolaget.se\/fi\/tuote\/star-wars-mandalorian\/","title":{"rendered":"Star Wars Mandalorian"},"content":{"rendered":"","protected":false},"excerpt":{"rendered":"<p>Toinen soturi nousee Star Wars\u2122 -galaksiin: yksin\u00e4inen tykkih\u00e4vitt\u00e4j\u00e4 galaksin uloimmilla alueilla, kaukana Uuden tasavallan auktoriteetista. H\u00e4nen nimens\u00e4 on Din Djarin\u2122.<br \/>\nMandalorian\u2122.<\/p>\n<p><strong>Mitk\u00e4 ovat todenn\u00e4k\u00f6isyydet?<\/strong><br \/>\nMANALORIAN MATKA<br \/>\nLiity mahtavaan palkkionmets\u00e4st\u00e4j\u00e4\u00e4mme h\u00e4nen matkaansa pitkin galaksia, kun h\u00e4n ryhtyy suojelemaan lasta Imperiumin vangitsemiselta. Greef Kargan palkkioiden suorittamisesta kauan odotettuun kaksintaisteluun moffi Gideonin itsens\u00e4 kanssa \u2013 rakkaan p\u00e4\u00e4henkil\u00f6mme polku on kirjattu sis\u00e4lle.<\/p>\n<p><strong>Verraton tulostuslaatu<\/strong><br \/>\nVALMISTETTU AMERIKASSA<br \/>\ntheory11 tuottaa maailman hienoimmat pelikortit. Itse kortit on valmistettu Yhdysvalloissa &#8211; painettu FSC-sertifioidulle paperille, joka on per\u00e4isin kest\u00e4vist\u00e4 metsist\u00e4, kasvipohjaisista musteista ja t\u00e4rkkelyspohjaisista laminaateista.<\/p>\n<p><strong>L\u00e4hempi tarkastelu<\/strong><br \/>\nLAATIKKO JA KAIKKI SIS\u00c4LL\u00c4<br \/>\nUlkopakkaus on yksinkertaisesti henke\u00e4salpaava. Beskar-hopea, avaruusmusta ja silmiinpist\u00e4v\u00e4n punaiset kalvot peitt\u00e4v\u00e4t korttien sis\u00e4ll\u00e4, ja Mandalorian kyp\u00e4r\u00e4n muotoiltu 3D-kuvio.<\/p>\n<p><strong>T\u00e4ysin r\u00e4\u00e4t\u00e4l\u00f6ityj\u00e4 taideteoksia<\/strong><br \/>\nSIS\u00c4LL\u00c4 JA ULKONA<br \/>\nMandalorian pelikorteissa on t\u00e4ysin r\u00e4\u00e4t\u00e4l\u00f6ityj\u00e4 taideteoksia suunnittelun kaikilla osa-alueilla, \u00e4ss\u00e4t, jokerit, kentt\u00e4kortit ja takakuvio, jotka ovat saaneet vaikutteita fanien suosikkihahmoista ja tapahtumista. Katso kuvat alla. [&#8230;]<\/p>\n<p><a class=\"btn btn-secondary understrap-read-more-link\" href=\"https:\/\/kortleksbolaget.se\/fi\/tuote\/star-wars-mandalorian\/\">Lue lis\u00e4\u00e4&#8230;<span class=\"screen-reader-text\"> from Star Wars Mandalorian<\/span><\/a><\/p>\n","protected":false},"featured_media":50970,"template":"","meta":{"_acf_changed":false},"product_brand":[],"product_cat":[130],"product_tag":[],"class_list":{"0":"post-50927","1":"product","2":"type-product","3":"status-publish","4":"has-post-thumbnail","6":"varumarke-theory11-fi","7":"varumarke-uspcc-fi","8":"product_cat-special-lyx-limited-fi","10":"first","11":"instock","12":"taxable","13":"shipping-taxable","14":"purchasable","15":"product-type-simple"},"acf":[],"yoast_head":"<!-- This site is optimized with the Yoast SEO plugin v26.3 - https:\/\/yoast.com\/wordpress\/plugins\/seo\/ -->\n<title>Kortlek Star Wars Mandalorian | Kortleksbolaget<\/title>\n<meta name=\"description\" content=\"K\u00f6p Star Wars Mandalorian. Snabba leveranser &amp; bra priser. Sveriges st\u00f6rsta sortiment av kortlekar p\u00e5 Kortleksbolaget!\" \/>\n<meta name=\"robots\" content=\"index, follow, max-snippet:-1, max-image-preview:large, max-video-preview:-1\" \/>\n<link rel=\"canonical\" href=\"https:\/\/kortleksbolaget.se\/fi\/tuote\/star-wars-mandalorian\/\" \/>\n<meta property=\"og:locale\" content=\"fi_FI\" \/>\n<meta property=\"og:type\" content=\"article\" \/>\n<meta property=\"og:title\" content=\"Kortlek Star Wars Mandalorian | Kortleksbolaget\" \/>\n<meta property=\"og:description\" content=\"K\u00f6p Star Wars Mandalorian. Snabba leveranser &amp; bra priser. Sveriges st\u00f6rsta sortiment av kortlekar p\u00e5 Kortleksbolaget!\" \/>\n<meta property=\"og:url\" content=\"https:\/\/kortleksbolaget.se\/fi\/tuote\/star-wars-mandalorian\/\" \/>\n<meta property=\"og:site_name\" content=\"Kortleksbolaget\" \/>\n<meta property=\"article:modified_time\" content=\"2023-05-16T12:44:10+00:00\" \/>\n<meta property=\"og:image\" content=\"https:\/\/kortleksbolaget.se\/wp-content\/uploads\/mandalorian-playing-cards-1.jpg\" \/>\n\t<meta property=\"og:image:width\" content=\"525\" \/>\n\t<meta property=\"og:image:height\" content=\"788\" \/>\n\t<meta property=\"og:image:type\" content=\"image\/jpeg\" \/>\n<meta name=\"twitter:card\" content=\"summary_large_image\" \/>\n<script type=\"application\/ld+json\" class=\"yoast-schema-graph\">{\"@context\":\"https:\/\/schema.org\",\"@graph\":[{\"@type\":\"WebPage\",\"@id\":\"https:\/\/kortleksbolaget.se\/fi\/tuote\/star-wars-mandalorian\/\",\"url\":\"https:\/\/kortleksbolaget.se\/fi\/tuote\/star-wars-mandalorian\/\",\"name\":\"Kortlek Star Wars Mandalorian | Kortleksbolaget\",\"isPartOf\":{\"@id\":\"https:\/\/kortleksbolaget.se\/fi\/#website\"},\"primaryImageOfPage\":{\"@id\":\"https:\/\/kortleksbolaget.se\/fi\/tuote\/star-wars-mandalorian\/#primaryimage\"},\"image\":{\"@id\":\"https:\/\/kortleksbolaget.se\/fi\/tuote\/star-wars-mandalorian\/#primaryimage\"},\"thumbnailUrl\":\"https:\/\/kortleksbolaget.se\/wp-content\/uploads\/mandalorian-playing-cards-1.jpg\",\"datePublished\":\"2021-03-29T14:13:35+00:00\",\"dateModified\":\"2023-05-16T12:44:10+00:00\",\"description\":\"K\u00f6p Star Wars Mandalorian. Snabba leveranser & bra priser. Sveriges st\u00f6rsta sortiment av kortlekar p\u00e5 Kortleksbolaget!\",\"breadcrumb\":{\"@id\":\"https:\/\/kortleksbolaget.se\/fi\/tuote\/star-wars-mandalorian\/#breadcrumb\"},\"inLanguage\":\"fi\",\"potentialAction\":[{\"@type\":\"ReadAction\",\"target\":[\"https:\/\/kortleksbolaget.se\/fi\/tuote\/star-wars-mandalorian\/\"]}]},{\"@type\":\"ImageObject\",\"inLanguage\":\"fi\",\"@id\":\"https:\/\/kortleksbolaget.se\/fi\/tuote\/star-wars-mandalorian\/#primaryimage\",\"url\":\"https:\/\/kortleksbolaget.se\/wp-content\/uploads\/mandalorian-playing-cards-1.jpg\",\"contentUrl\":\"https:\/\/kortleksbolaget.se\/wp-content\/uploads\/mandalorian-playing-cards-1.jpg\",\"width\":525,\"height\":788},{\"@type\":\"BreadcrumbList\",\"@id\":\"https:\/\/kortleksbolaget.se\/fi\/tuote\/star-wars-mandalorian\/#breadcrumb\",\"itemListElement\":[{\"@type\":\"ListItem\",\"position\":1,\"name\":\"Hem\",\"item\":\"https:\/\/kortleksbolaget.se\/fi\/\"},{\"@type\":\"ListItem\",\"position\":2,\"name\":\"N\u00e4yt\u00e4 kaikki tuotteet\",\"item\":\"https:\/\/kortleksbolaget.se\/fi\/kaupassa\/\"},{\"@type\":\"ListItem\",\"position\":3,\"name\":\"Star Wars Mandalorian\"}]},{\"@type\":\"WebSite\",\"@id\":\"https:\/\/kortleksbolaget.se\/fi\/#website\",\"url\":\"https:\/\/kortleksbolaget.se\/fi\/\",\"name\":\"Kortleksbolaget\",\"description\":\"Kortlekar p\u00e5 n\u00e4tet\",\"publisher\":{\"@id\":\"https:\/\/kortleksbolaget.se\/fi\/#organization\"},\"potentialAction\":[{\"@type\":\"SearchAction\",\"target\":{\"@type\":\"EntryPoint\",\"urlTemplate\":\"https:\/\/kortleksbolaget.se\/fi\/?s={search_term_string}\"},\"query-input\":{\"@type\":\"PropertyValueSpecification\",\"valueRequired\":true,\"valueName\":\"search_term_string\"}}],\"inLanguage\":\"fi\"},{\"@type\":\"Organization\",\"@id\":\"https:\/\/kortleksbolaget.se\/fi\/#organization\",\"name\":\"Kortleksbolaget\",\"url\":\"https:\/\/kortleksbolaget.se\/fi\/\",\"logo\":{\"@type\":\"ImageObject\",\"inLanguage\":\"fi\",\"@id\":\"https:\/\/kortleksbolaget.se\/fi\/#\/schema\/logo\/image\/\",\"url\":\"https:\/\/kortleksbolaget.se\/wp-content\/uploads\/kortleksbolaget_logo-svart.png\",\"contentUrl\":\"https:\/\/kortleksbolaget.se\/wp-content\/uploads\/kortleksbolaget_logo-svart.png\",\"width\":1200,\"height\":296,\"caption\":\"Kortleksbolaget\"},\"image\":{\"@id\":\"https:\/\/kortleksbolaget.se\/fi\/#\/schema\/logo\/image\/\"}}]}<\/script>\n<!-- \/ Yoast SEO plugin. -->","yoast_head_json":{"title":"Kortlek Star Wars Mandalorian | Kortleksbolaget","description":"K\u00f6p Star Wars Mandalorian. Snabba leveranser & bra priser. Sveriges st\u00f6rsta sortiment av kortlekar p\u00e5 Kortleksbolaget!","robots":{"index":"index","follow":"follow","max-snippet":"max-snippet:-1","max-image-preview":"max-image-preview:large","max-video-preview":"max-video-preview:-1"},"canonical":"https:\/\/kortleksbolaget.se\/fi\/tuote\/star-wars-mandalorian\/","og_locale":"fi_FI","og_type":"article","og_title":"Kortlek Star Wars Mandalorian | Kortleksbolaget","og_description":"K\u00f6p Star Wars Mandalorian. Snabba leveranser & bra priser. Sveriges st\u00f6rsta sortiment av kortlekar p\u00e5 Kortleksbolaget!","og_url":"https:\/\/kortleksbolaget.se\/fi\/tuote\/star-wars-mandalorian\/","og_site_name":"Kortleksbolaget","article_modified_time":"2023-05-16T12:44:10+00:00","og_image":[{"width":525,"height":788,"url":"https:\/\/kortleksbolaget.se\/wp-content\/uploads\/mandalorian-playing-cards-1.jpg","type":"image\/jpeg"}],"twitter_card":"summary_large_image","schema":{"@context":"https:\/\/schema.org","@graph":[{"@type":"WebPage","@id":"https:\/\/kortleksbolaget.se\/fi\/tuote\/star-wars-mandalorian\/","url":"https:\/\/kortleksbolaget.se\/fi\/tuote\/star-wars-mandalorian\/","name":"Kortlek Star Wars Mandalorian | Kortleksbolaget","isPartOf":{"@id":"https:\/\/kortleksbolaget.se\/fi\/#website"},"primaryImageOfPage":{"@id":"https:\/\/kortleksbolaget.se\/fi\/tuote\/star-wars-mandalorian\/#primaryimage"},"image":{"@id":"https:\/\/kortleksbolaget.se\/fi\/tuote\/star-wars-mandalorian\/#primaryimage"},"thumbnailUrl":"https:\/\/kortleksbolaget.se\/wp-content\/uploads\/mandalorian-playing-cards-1.jpg","datePublished":"2021-03-29T14:13:35+00:00","dateModified":"2023-05-16T12:44:10+00:00","description":"K\u00f6p Star Wars Mandalorian. Snabba leveranser & bra priser. Sveriges st\u00f6rsta sortiment av kortlekar p\u00e5 Kortleksbolaget!","breadcrumb":{"@id":"https:\/\/kortleksbolaget.se\/fi\/tuote\/star-wars-mandalorian\/#breadcrumb"},"inLanguage":"fi","potentialAction":[{"@type":"ReadAction","target":["https:\/\/kortleksbolaget.se\/fi\/tuote\/star-wars-mandalorian\/"]}]},{"@type":"ImageObject","inLanguage":"fi","@id":"https:\/\/kortleksbolaget.se\/fi\/tuote\/star-wars-mandalorian\/#primaryimage","url":"https:\/\/kortleksbolaget.se\/wp-content\/uploads\/mandalorian-playing-cards-1.jpg","contentUrl":"https:\/\/kortleksbolaget.se\/wp-content\/uploads\/mandalorian-playing-cards-1.jpg","width":525,"height":788},{"@type":"BreadcrumbList","@id":"https:\/\/kortleksbolaget.se\/fi\/tuote\/star-wars-mandalorian\/#breadcrumb","itemListElement":[{"@type":"ListItem","position":1,"name":"Hem","item":"https:\/\/kortleksbolaget.se\/fi\/"},{"@type":"ListItem","position":2,"name":"N\u00e4yt\u00e4 kaikki tuotteet","item":"https:\/\/kortleksbolaget.se\/fi\/kaupassa\/"},{"@type":"ListItem","position":3,"name":"Star Wars Mandalorian"}]},{"@type":"WebSite","@id":"https:\/\/kortleksbolaget.se\/fi\/#website","url":"https:\/\/kortleksbolaget.se\/fi\/","name":"Kortleksbolaget","description":"Kortlekar p\u00e5 n\u00e4tet","publisher":{"@id":"https:\/\/kortleksbolaget.se\/fi\/#organization"},"potentialAction":[{"@type":"SearchAction","target":{"@type":"EntryPoint","urlTemplate":"https:\/\/kortleksbolaget.se\/fi\/?s={search_term_string}"},"query-input":{"@type":"PropertyValueSpecification","valueRequired":true,"valueName":"search_term_string"}}],"inLanguage":"fi"},{"@type":"Organization","@id":"https:\/\/kortleksbolaget.se\/fi\/#organization","name":"Kortleksbolaget","url":"https:\/\/kortleksbolaget.se\/fi\/","logo":{"@type":"ImageObject","inLanguage":"fi","@id":"https:\/\/kortleksbolaget.se\/fi\/#\/schema\/logo\/image\/","url":"https:\/\/kortleksbolaget.se\/wp-content\/uploads\/kortleksbolaget_logo-svart.png","contentUrl":"https:\/\/kortleksbolaget.se\/wp-content\/uploads\/kortleksbolaget_logo-svart.png","width":1200,"height":296,"caption":"Kortleksbolaget"},"image":{"@id":"https:\/\/kortleksbolaget.se\/fi\/#\/schema\/logo\/image\/"}}]}},"_links":{"self":[{"href":"https:\/\/kortleksbolaget.se\/fi\/wp-json\/wp\/v2\/product\/50927","targetHints":{"allow":["GET"]}}],"collection":[{"href":"https:\/\/kortleksbolaget.se\/fi\/wp-json\/wp\/v2\/product"}],"about":[{"href":"https:\/\/kortleksbolaget.se\/fi\/wp-json\/wp\/v2\/types\/product"}],"wp:featuredmedia":[{"embeddable":true,"href":"https:\/\/kortleksbolaget.se\/fi\/wp-json\/wp\/v2\/media\/50970"}],"wp:attachment":[{"href":"https:\/\/kortleksbolaget.se\/fi\/wp-json\/wp\/v2\/media?parent=50927"}],"wp:term":[{"taxonomy":"product_brand","embeddable":true,"href":"https:\/\/kortleksbolaget.se\/fi\/wp-json\/wp\/v2\/product_brand?post=50927"},{"taxonomy":"product_cat","embeddable":true,"href":"https:\/\/kortleksbolaget.se\/fi\/wp-json\/wp\/v2\/product_cat?post=50927"},{"taxonomy":"product_tag","embeddable":true,"href":"https:\/\/kortleksbolaget.se\/fi\/wp-json\/wp\/v2\/product_tag?post=50927"}],"curies":[{"name":"wp","href":"https:\/\/api.w.org\/{rel}","templated":true}]}}