{"id":57527,"date":"2021-07-07T21:13:09","date_gmt":"2021-07-07T19:13:09","guid":{"rendered":"https:\/\/kortleksbolaget.se\/produkt\/bicycle-mandolin-back-red\/"},"modified":"2026-02-21T19:37:47","modified_gmt":"2026-02-21T18:37:47","slug":"bicycle-mandolin-back-red","status":"publish","type":"product","link":"https:\/\/kortleksbolaget.se\/fi\/tuote\/bicycle-mandolin-back-red\/","title":{"rendered":"Bicycle Mandolin Back &#8211; Red"},"content":{"rendered":"","protected":false},"excerpt":{"rendered":"<div id=\"tw-target-text-container\" class=\"tw-ta-container hide-focus-ring tw-nfl\" tabindex=\"0\">\n<p>Mandolin-dekki on ainoa Bicycle-merkkinen kansi, joka tarjoaa maksimaalisen joustavuuden gaffeissa ja on erityisesti suunniteltu n\u00e4ytt\u00e4m\u00e4\u00e4n samanlaiselta kuin Bicycle Rider Backs. Mandoliinit t\u00e4ytt\u00e4v\u00e4t kaikkien maailman nykyisten massamarkkinoiden USPC-dekkien korkeimmat laatustandardit materiaalin, kosteuspitoisuuden, taipuisuuden, viimeistelyn, leikkauksen, kest\u00e4vyyden ja k\u00e4sittelyn suhteen. Niit\u00e4 on saatavana svengali-, strippari-, n\u00e4kym\u00e4t\u00f6n-, lyhyt- ja yksisuuntaisina arvoina.<\/p>\n<p>Suunnittelu: Paul Harris ohjasi uuden 809 Bicyclen kehityst\u00e4 takaisin USPCC:n kanssa. Paul ty\u00f6skenteli kolmen maailmanluokan taiteilijan (mukaan lukien Garrett Thomas) kanssa luodakseen rauhoittavan perinteisen muistelman, johon luotetaan v\u00e4litt\u00f6m\u00e4sti osana Bicycle-perhett\u00e4. Ja kyll\u00e4, t\u00e4ss\u00e4 klassisen n\u00e4k\u00f6isess\u00e4 kannessa on jopa tavaramerkitty Bicycle Ace of Spades, Joker ja perinteinen laatikko.<\/p>\n<p>Laatu: Richard Turner ty\u00f6skenteli suoraan USPCC:n valmistuksen kanssa varmistaakseen, ett\u00e4 uudella Bicycle 809 Mandoliinilla on erinomainen leikkaus ja laatu. N\u00e4m\u00e4 ovat upeasti muotoiltuja dekkej\u00e4! Kun tunnet n\u00e4m\u00e4 kortit, et koskaan halua laskea niit\u00e4 k\u00e4sist\u00e4\u00e4n. Jon Racherbaumer, Bill Kalush, Alan Ackerman, Johnny Thompson, Richard Kaufman, Jason England, Justin Miller, Steve Haynes, David Ben ja muut ammattilaiset ovat testanneet ja innokkaasti hyv\u00e4ksyneet mandoliinit.<\/p>\n<p>Mandoliinit ovat my\u00f6s markkinoiden ainoa kansi, jossa on klassinen &#8221;full-back&#8221; polkupy\u00f6r\u00e4korttikotelo, jota monet esiintyj\u00e4t pit\u00e4v\u00e4t.<\/p>\n<\/div>\n<p> [&#8230;]<\/p>\n<p><a class=\"btn btn-secondary understrap-read-more-link\" href=\"https:\/\/kortleksbolaget.se\/fi\/tuote\/bicycle-mandolin-back-red\/\">Lue lis\u00e4\u00e4&#8230;<span class=\"screen-reader-text\"> from Bicycle Mandolin Back &#8211; Red<\/span><\/a><\/p>\n","protected":false},"featured_media":57518,"template":"","meta":{"_acf_changed":false},"product_brand":[],"product_cat":[146],"product_tag":[],"class_list":{"0":"post-57527","1":"product","2":"type-product","3":"status-publish","4":"has-post-thumbnail","6":"varumarke-bicycle-fi","7":"product_cat-tavalliset-pelikortit","9":"first","10":"instock","11":"taxable","12":"shipping-taxable","13":"purchasable","14":"product-type-simple"},"acf":[],"yoast_head":"<!-- This site is optimized with the Yoast SEO plugin v26.3 - https:\/\/yoast.com\/wordpress\/plugins\/seo\/ -->\n<title>Pelikortit Bicycle Mandolin Back - Red - Kortleksbolaget<\/title>\n<meta name=\"description\" content=\"K\u00f6p Bicycle Mandolin Back - Red. Snabba leveranser &amp; bra priser. Sveriges st\u00f6rsta sortiment av kortlekar p\u00e5 Kortleksbolaget!\" \/>\n<meta name=\"robots\" content=\"index, follow, max-snippet:-1, max-image-preview:large, max-video-preview:-1\" \/>\n<link rel=\"canonical\" href=\"https:\/\/kortleksbolaget.se\/fi\/tuote\/bicycle-mandolin-back-red\/\" \/>\n<meta property=\"og:locale\" content=\"fi_FI\" \/>\n<meta property=\"og:type\" content=\"article\" \/>\n<meta property=\"og:title\" content=\"Pelikortit Bicycle Mandolin Back - Red - Kortleksbolaget\" \/>\n<meta property=\"og:description\" content=\"K\u00f6p Bicycle Mandolin Back - Red. Snabba leveranser &amp; bra priser. Sveriges st\u00f6rsta sortiment av kortlekar p\u00e5 Kortleksbolaget!\" \/>\n<meta property=\"og:url\" content=\"https:\/\/kortleksbolaget.se\/fi\/tuote\/bicycle-mandolin-back-red\/\" \/>\n<meta property=\"og:site_name\" content=\"Kortleksbolaget\" \/>\n<meta property=\"article:modified_time\" content=\"2026-02-21T18:37:47+00:00\" \/>\n<meta property=\"og:image\" content=\"https:\/\/kortleksbolaget.se\/wp-content\/uploads\/bicycle_mandolin.jpg\" \/>\n\t<meta property=\"og:image:width\" content=\"545\" \/>\n\t<meta property=\"og:image:height\" content=\"818\" \/>\n\t<meta property=\"og:image:type\" content=\"image\/jpeg\" \/>\n<meta name=\"twitter:card\" content=\"summary_large_image\" \/>\n<script type=\"application\/ld+json\" class=\"yoast-schema-graph\">{\"@context\":\"https:\/\/schema.org\",\"@graph\":[{\"@type\":\"WebPage\",\"@id\":\"https:\/\/kortleksbolaget.se\/fi\/tuote\/bicycle-mandolin-back-red\/\",\"url\":\"https:\/\/kortleksbolaget.se\/fi\/tuote\/bicycle-mandolin-back-red\/\",\"name\":\"Pelikortit Bicycle Mandolin Back - Red - Kortleksbolaget\",\"isPartOf\":{\"@id\":\"https:\/\/kortleksbolaget.se\/fi\/#website\"},\"primaryImageOfPage\":{\"@id\":\"https:\/\/kortleksbolaget.se\/fi\/tuote\/bicycle-mandolin-back-red\/#primaryimage\"},\"image\":{\"@id\":\"https:\/\/kortleksbolaget.se\/fi\/tuote\/bicycle-mandolin-back-red\/#primaryimage\"},\"thumbnailUrl\":\"https:\/\/kortleksbolaget.se\/wp-content\/uploads\/bicycle_mandolin.jpg\",\"datePublished\":\"2021-07-07T19:13:09+00:00\",\"dateModified\":\"2026-02-21T18:37:47+00:00\",\"description\":\"K\u00f6p Bicycle Mandolin Back - Red. Snabba leveranser & bra priser. Sveriges st\u00f6rsta sortiment av kortlekar p\u00e5 Kortleksbolaget!\",\"breadcrumb\":{\"@id\":\"https:\/\/kortleksbolaget.se\/fi\/tuote\/bicycle-mandolin-back-red\/#breadcrumb\"},\"inLanguage\":\"fi\",\"potentialAction\":[{\"@type\":\"ReadAction\",\"target\":[\"https:\/\/kortleksbolaget.se\/fi\/tuote\/bicycle-mandolin-back-red\/\"]}]},{\"@type\":\"ImageObject\",\"inLanguage\":\"fi\",\"@id\":\"https:\/\/kortleksbolaget.se\/fi\/tuote\/bicycle-mandolin-back-red\/#primaryimage\",\"url\":\"https:\/\/kortleksbolaget.se\/wp-content\/uploads\/bicycle_mandolin.jpg\",\"contentUrl\":\"https:\/\/kortleksbolaget.se\/wp-content\/uploads\/bicycle_mandolin.jpg\",\"width\":545,\"height\":818},{\"@type\":\"BreadcrumbList\",\"@id\":\"https:\/\/kortleksbolaget.se\/fi\/tuote\/bicycle-mandolin-back-red\/#breadcrumb\",\"itemListElement\":[{\"@type\":\"ListItem\",\"position\":1,\"name\":\"Hem\",\"item\":\"https:\/\/kortleksbolaget.se\/fi\/\"},{\"@type\":\"ListItem\",\"position\":2,\"name\":\"N\u00e4yt\u00e4 kaikki tuotteet\",\"item\":\"https:\/\/kortleksbolaget.se\/fi\/kaupassa\/\"},{\"@type\":\"ListItem\",\"position\":3,\"name\":\"Bicycle Mandolin Back &#8211; Red\"}]},{\"@type\":\"WebSite\",\"@id\":\"https:\/\/kortleksbolaget.se\/fi\/#website\",\"url\":\"https:\/\/kortleksbolaget.se\/fi\/\",\"name\":\"Kortleksbolaget\",\"description\":\"Kortlekar p\u00e5 n\u00e4tet\",\"publisher\":{\"@id\":\"https:\/\/kortleksbolaget.se\/fi\/#organization\"},\"potentialAction\":[{\"@type\":\"SearchAction\",\"target\":{\"@type\":\"EntryPoint\",\"urlTemplate\":\"https:\/\/kortleksbolaget.se\/fi\/?s={search_term_string}\"},\"query-input\":{\"@type\":\"PropertyValueSpecification\",\"valueRequired\":true,\"valueName\":\"search_term_string\"}}],\"inLanguage\":\"fi\"},{\"@type\":\"Organization\",\"@id\":\"https:\/\/kortleksbolaget.se\/fi\/#organization\",\"name\":\"Kortleksbolaget\",\"url\":\"https:\/\/kortleksbolaget.se\/fi\/\",\"logo\":{\"@type\":\"ImageObject\",\"inLanguage\":\"fi\",\"@id\":\"https:\/\/kortleksbolaget.se\/fi\/#\/schema\/logo\/image\/\",\"url\":\"https:\/\/kortleksbolaget.se\/wp-content\/uploads\/kortleksbolaget_logo-svart.png\",\"contentUrl\":\"https:\/\/kortleksbolaget.se\/wp-content\/uploads\/kortleksbolaget_logo-svart.png\",\"width\":1200,\"height\":296,\"caption\":\"Kortleksbolaget\"},\"image\":{\"@id\":\"https:\/\/kortleksbolaget.se\/fi\/#\/schema\/logo\/image\/\"}}]}<\/script>\n<!-- \/ Yoast SEO plugin. -->","yoast_head_json":{"title":"Pelikortit Bicycle Mandolin Back - Red - Kortleksbolaget","description":"K\u00f6p Bicycle Mandolin Back - Red. Snabba leveranser & bra priser. Sveriges st\u00f6rsta sortiment av kortlekar p\u00e5 Kortleksbolaget!","robots":{"index":"index","follow":"follow","max-snippet":"max-snippet:-1","max-image-preview":"max-image-preview:large","max-video-preview":"max-video-preview:-1"},"canonical":"https:\/\/kortleksbolaget.se\/fi\/tuote\/bicycle-mandolin-back-red\/","og_locale":"fi_FI","og_type":"article","og_title":"Pelikortit Bicycle Mandolin Back - Red - Kortleksbolaget","og_description":"K\u00f6p Bicycle Mandolin Back - Red. Snabba leveranser & bra priser. Sveriges st\u00f6rsta sortiment av kortlekar p\u00e5 Kortleksbolaget!","og_url":"https:\/\/kortleksbolaget.se\/fi\/tuote\/bicycle-mandolin-back-red\/","og_site_name":"Kortleksbolaget","article_modified_time":"2026-02-21T18:37:47+00:00","og_image":[{"width":545,"height":818,"url":"https:\/\/kortleksbolaget.se\/wp-content\/uploads\/bicycle_mandolin.jpg","type":"image\/jpeg"}],"twitter_card":"summary_large_image","schema":{"@context":"https:\/\/schema.org","@graph":[{"@type":"WebPage","@id":"https:\/\/kortleksbolaget.se\/fi\/tuote\/bicycle-mandolin-back-red\/","url":"https:\/\/kortleksbolaget.se\/fi\/tuote\/bicycle-mandolin-back-red\/","name":"Pelikortit Bicycle Mandolin Back - Red - Kortleksbolaget","isPartOf":{"@id":"https:\/\/kortleksbolaget.se\/fi\/#website"},"primaryImageOfPage":{"@id":"https:\/\/kortleksbolaget.se\/fi\/tuote\/bicycle-mandolin-back-red\/#primaryimage"},"image":{"@id":"https:\/\/kortleksbolaget.se\/fi\/tuote\/bicycle-mandolin-back-red\/#primaryimage"},"thumbnailUrl":"https:\/\/kortleksbolaget.se\/wp-content\/uploads\/bicycle_mandolin.jpg","datePublished":"2021-07-07T19:13:09+00:00","dateModified":"2026-02-21T18:37:47+00:00","description":"K\u00f6p Bicycle Mandolin Back - Red. Snabba leveranser & bra priser. Sveriges st\u00f6rsta sortiment av kortlekar p\u00e5 Kortleksbolaget!","breadcrumb":{"@id":"https:\/\/kortleksbolaget.se\/fi\/tuote\/bicycle-mandolin-back-red\/#breadcrumb"},"inLanguage":"fi","potentialAction":[{"@type":"ReadAction","target":["https:\/\/kortleksbolaget.se\/fi\/tuote\/bicycle-mandolin-back-red\/"]}]},{"@type":"ImageObject","inLanguage":"fi","@id":"https:\/\/kortleksbolaget.se\/fi\/tuote\/bicycle-mandolin-back-red\/#primaryimage","url":"https:\/\/kortleksbolaget.se\/wp-content\/uploads\/bicycle_mandolin.jpg","contentUrl":"https:\/\/kortleksbolaget.se\/wp-content\/uploads\/bicycle_mandolin.jpg","width":545,"height":818},{"@type":"BreadcrumbList","@id":"https:\/\/kortleksbolaget.se\/fi\/tuote\/bicycle-mandolin-back-red\/#breadcrumb","itemListElement":[{"@type":"ListItem","position":1,"name":"Hem","item":"https:\/\/kortleksbolaget.se\/fi\/"},{"@type":"ListItem","position":2,"name":"N\u00e4yt\u00e4 kaikki tuotteet","item":"https:\/\/kortleksbolaget.se\/fi\/kaupassa\/"},{"@type":"ListItem","position":3,"name":"Bicycle Mandolin Back &#8211; Red"}]},{"@type":"WebSite","@id":"https:\/\/kortleksbolaget.se\/fi\/#website","url":"https:\/\/kortleksbolaget.se\/fi\/","name":"Kortleksbolaget","description":"Kortlekar p\u00e5 n\u00e4tet","publisher":{"@id":"https:\/\/kortleksbolaget.se\/fi\/#organization"},"potentialAction":[{"@type":"SearchAction","target":{"@type":"EntryPoint","urlTemplate":"https:\/\/kortleksbolaget.se\/fi\/?s={search_term_string}"},"query-input":{"@type":"PropertyValueSpecification","valueRequired":true,"valueName":"search_term_string"}}],"inLanguage":"fi"},{"@type":"Organization","@id":"https:\/\/kortleksbolaget.se\/fi\/#organization","name":"Kortleksbolaget","url":"https:\/\/kortleksbolaget.se\/fi\/","logo":{"@type":"ImageObject","inLanguage":"fi","@id":"https:\/\/kortleksbolaget.se\/fi\/#\/schema\/logo\/image\/","url":"https:\/\/kortleksbolaget.se\/wp-content\/uploads\/kortleksbolaget_logo-svart.png","contentUrl":"https:\/\/kortleksbolaget.se\/wp-content\/uploads\/kortleksbolaget_logo-svart.png","width":1200,"height":296,"caption":"Kortleksbolaget"},"image":{"@id":"https:\/\/kortleksbolaget.se\/fi\/#\/schema\/logo\/image\/"}}]}},"_links":{"self":[{"href":"https:\/\/kortleksbolaget.se\/fi\/wp-json\/wp\/v2\/product\/57527","targetHints":{"allow":["GET"]}}],"collection":[{"href":"https:\/\/kortleksbolaget.se\/fi\/wp-json\/wp\/v2\/product"}],"about":[{"href":"https:\/\/kortleksbolaget.se\/fi\/wp-json\/wp\/v2\/types\/product"}],"wp:featuredmedia":[{"embeddable":true,"href":"https:\/\/kortleksbolaget.se\/fi\/wp-json\/wp\/v2\/media\/57518"}],"wp:attachment":[{"href":"https:\/\/kortleksbolaget.se\/fi\/wp-json\/wp\/v2\/media?parent=57527"}],"wp:term":[{"taxonomy":"product_brand","embeddable":true,"href":"https:\/\/kortleksbolaget.se\/fi\/wp-json\/wp\/v2\/product_brand?post=57527"},{"taxonomy":"product_cat","embeddable":true,"href":"https:\/\/kortleksbolaget.se\/fi\/wp-json\/wp\/v2\/product_cat?post=57527"},{"taxonomy":"product_tag","embeddable":true,"href":"https:\/\/kortleksbolaget.se\/fi\/wp-json\/wp\/v2\/product_tag?post=57527"}],"curies":[{"name":"wp","href":"https:\/\/api.w.org\/{rel}","templated":true}]}}