{"id":65544,"date":"2021-11-02T22:59:29","date_gmt":"2021-11-02T21:59:29","guid":{"rendered":"https:\/\/kortleksbolaget.se\/produkt\/tally-ho-blue-metalluxe\/"},"modified":"2025-03-18T16:27:52","modified_gmt":"2025-03-18T15:27:52","slug":"tally-ho-blue-metalluxe","status":"publish","type":"product","link":"https:\/\/kortleksbolaget.se\/fi\/tuote\/tally-ho-blue-metalluxe\/","title":{"rendered":"Tally Ho Blue Metalluxe"},"content":{"rendered":"","protected":false},"excerpt":{"rendered":"<div id=\"tw-target-text-container\" class=\"tw-ta-container F0azHf tw-nfl\" tabindex=\"0\">\n<p id=\"tw-target-text\" class=\"tw-data-text tw-text-large XcVN5d tw-ta\" dir=\"ltr\" data-placeholder=\"\u00d6vers\u00e4ttning\"><span class=\"Y2IQFc\" lang=\"sv\"><b>Tally-Ho MetalLuxe\u00ae Playing Cards<\/b> are the ultimate luxury collectable playing card deck. <b>Tally-Ho MetalLuxe Playing Cards<\/b> feature the classically beautiful Tally-Ho circle card back design in a collector&#8217;s edition metallic foil. The tuck case and card back are both stamped with real metal foil to achieve a brilliantly dazzling shine. The tuck case features a beautiful, eye-catching royal blue foil as well as a gleaming gold foil, while the card backs are stamped with a stunning blue foil to create the classic Tally-Ho Circle Back design.<\/p>\n<p>The card faces have been re-colored to match the beautiful card back and tuck colors.<\/p>\n<p><b>Tally-Ho MetalLuxe Playing Cards<\/b> feature a Classic Linoid Finish that only The United States Playing Card Company can produce. It gives Tally-Ho playing cards that linen textured feel, and is what makes the cards glide off of one another smoothly while shuffling, and flourishing, for an optimum card-handling experience.<\/p>\n<p><b>Tally-Ho MetalLuxe Playing Cards<\/b> are perfect for playing card games, card collecting, cardistry, or magic alike.<\/p>\n<p>MetalLuxe\u00ae &#8211; Stamped with real metal to achieve a dazzling shine, Each MetalLuxe card back showcases brilliant luminescence and color.<\/p>\n<p>Classic Linoid\u00ae finish &#8211; Superior performance in your hands and on the table using our proprietary finish that provides unmatched playability<\/p>\n<p>Printed on premium cardstock &#8211; Our legendary card stock provides great performance and durability<\/p>\n<p>Unique Playing Cards &#8211; Tally-Ho Playing Cards in a luxury edition. Utilizing real metallic foil on the tuck case and card backs, you can&#8217;t beat this stunning, opulent deck design<\/p>\n<p>Premium Design &#8211; This deck of Tally-Ho Playing Cards is a showstopper that will standout in your collection. Suitable for any card game or as a decorative piece in your home when not being used<\/p>\n<p>Printed With Non-Toxic, Plant-Based Inks &#8211; Printed with non-toxic, plant-based inks to limit our environmental impact and ensure consumer safety<\/p>\n<p>Made In The USA &#8211; Proudly produced in Erlanger, Kentucky by The United States Playing Card Company <\/span><\/p>\n<\/div>\n<div id=\"tw-target-rmn-container\" class=\"tw-target-rmn tw-ta-container F0azHf tw-nfl\">\n<pre id=\"tw-target-rmn\" class=\"tw-data-placeholder tw-text-small tw-ta\" dir=\"ltr\" data-placeholder=\"\"><\/pre>\n<\/div>\n<p> [&#8230;]<\/p>\n<p><a class=\"btn btn-secondary understrap-read-more-link\" href=\"https:\/\/kortleksbolaget.se\/fi\/tuote\/tally-ho-blue-metalluxe\/\">Lue lis\u00e4\u00e4&#8230;<span class=\"screen-reader-text\"> from Tally Ho Blue Metalluxe<\/span><\/a><\/p>\n","protected":false},"featured_media":65540,"template":"","meta":{"_acf_changed":false},"product_brand":[],"product_cat":[130],"product_tag":[],"class_list":{"0":"post-65544","1":"product","2":"type-product","3":"status-publish","4":"has-post-thumbnail","6":"varumarke-uspcc-fi","7":"product_cat-special-lyx-limited-fi","9":"first","10":"instock","11":"featured","12":"taxable","13":"shipping-taxable","14":"purchasable","15":"product-type-simple"},"acf":[],"yoast_head":"<!-- This site is optimized with the Yoast SEO plugin v26.3 - https:\/\/yoast.com\/wordpress\/plugins\/seo\/ -->\n<title>Kortlek Tally Ho Blue Metalluxe | Kortleksbolaget<\/title>\n<meta name=\"description\" content=\"K\u00f6p Tally Ho Blue Metalluxe. Snabba leveranser &amp; bra priser. Sveriges st\u00f6rsta sortiment av kortlekar p\u00e5 Kortleksbolaget!\" \/>\n<meta name=\"robots\" content=\"index, follow, max-snippet:-1, max-image-preview:large, max-video-preview:-1\" \/>\n<link rel=\"canonical\" href=\"https:\/\/kortleksbolaget.se\/fi\/tuote\/tally-ho-blue-metalluxe\/\" \/>\n<meta property=\"og:locale\" content=\"fi_FI\" \/>\n<meta property=\"og:type\" content=\"article\" \/>\n<meta property=\"og:title\" content=\"Kortlek Tally Ho Blue Metalluxe | Kortleksbolaget\" \/>\n<meta property=\"og:description\" content=\"K\u00f6p Tally Ho Blue Metalluxe. Snabba leveranser &amp; bra priser. Sveriges st\u00f6rsta sortiment av kortlekar p\u00e5 Kortleksbolaget!\" \/>\n<meta property=\"og:url\" content=\"https:\/\/kortleksbolaget.se\/fi\/tuote\/tally-ho-blue-metalluxe\/\" \/>\n<meta property=\"og:site_name\" content=\"Kortleksbolaget\" \/>\n<meta property=\"article:modified_time\" content=\"2025-03-18T15:27:52+00:00\" \/>\n<meta property=\"og:image\" content=\"https:\/\/kortleksbolaget.se\/wp-content\/uploads\/tally-ho-metalluxe-blue-1.jpg\" \/>\n\t<meta property=\"og:image:width\" content=\"525\" \/>\n\t<meta property=\"og:image:height\" content=\"787\" \/>\n\t<meta property=\"og:image:type\" content=\"image\/jpeg\" \/>\n<meta name=\"twitter:card\" content=\"summary_large_image\" \/>\n<script type=\"application\/ld+json\" class=\"yoast-schema-graph\">{\"@context\":\"https:\/\/schema.org\",\"@graph\":[{\"@type\":\"WebPage\",\"@id\":\"https:\/\/kortleksbolaget.se\/fi\/tuote\/tally-ho-blue-metalluxe\/\",\"url\":\"https:\/\/kortleksbolaget.se\/fi\/tuote\/tally-ho-blue-metalluxe\/\",\"name\":\"Kortlek Tally Ho Blue Metalluxe | Kortleksbolaget\",\"isPartOf\":{\"@id\":\"https:\/\/kortleksbolaget.se\/fi\/#website\"},\"primaryImageOfPage\":{\"@id\":\"https:\/\/kortleksbolaget.se\/fi\/tuote\/tally-ho-blue-metalluxe\/#primaryimage\"},\"image\":{\"@id\":\"https:\/\/kortleksbolaget.se\/fi\/tuote\/tally-ho-blue-metalluxe\/#primaryimage\"},\"thumbnailUrl\":\"https:\/\/kortleksbolaget.se\/wp-content\/uploads\/tally-ho-metalluxe-blue-1.jpg\",\"datePublished\":\"2021-11-02T21:59:29+00:00\",\"dateModified\":\"2025-03-18T15:27:52+00:00\",\"description\":\"K\u00f6p Tally Ho Blue Metalluxe. Snabba leveranser & bra priser. Sveriges st\u00f6rsta sortiment av kortlekar p\u00e5 Kortleksbolaget!\",\"breadcrumb\":{\"@id\":\"https:\/\/kortleksbolaget.se\/fi\/tuote\/tally-ho-blue-metalluxe\/#breadcrumb\"},\"inLanguage\":\"fi\",\"potentialAction\":[{\"@type\":\"ReadAction\",\"target\":[\"https:\/\/kortleksbolaget.se\/fi\/tuote\/tally-ho-blue-metalluxe\/\"]}]},{\"@type\":\"ImageObject\",\"inLanguage\":\"fi\",\"@id\":\"https:\/\/kortleksbolaget.se\/fi\/tuote\/tally-ho-blue-metalluxe\/#primaryimage\",\"url\":\"https:\/\/kortleksbolaget.se\/wp-content\/uploads\/tally-ho-metalluxe-blue-1.jpg\",\"contentUrl\":\"https:\/\/kortleksbolaget.se\/wp-content\/uploads\/tally-ho-metalluxe-blue-1.jpg\",\"width\":525,\"height\":787},{\"@type\":\"BreadcrumbList\",\"@id\":\"https:\/\/kortleksbolaget.se\/fi\/tuote\/tally-ho-blue-metalluxe\/#breadcrumb\",\"itemListElement\":[{\"@type\":\"ListItem\",\"position\":1,\"name\":\"Hem\",\"item\":\"https:\/\/kortleksbolaget.se\/fi\/\"},{\"@type\":\"ListItem\",\"position\":2,\"name\":\"N\u00e4yt\u00e4 kaikki tuotteet\",\"item\":\"https:\/\/kortleksbolaget.se\/fi\/kaupassa\/\"},{\"@type\":\"ListItem\",\"position\":3,\"name\":\"Tally Ho Blue Metalluxe\"}]},{\"@type\":\"WebSite\",\"@id\":\"https:\/\/kortleksbolaget.se\/fi\/#website\",\"url\":\"https:\/\/kortleksbolaget.se\/fi\/\",\"name\":\"Kortleksbolaget\",\"description\":\"Kortlekar p\u00e5 n\u00e4tet\",\"publisher\":{\"@id\":\"https:\/\/kortleksbolaget.se\/fi\/#organization\"},\"potentialAction\":[{\"@type\":\"SearchAction\",\"target\":{\"@type\":\"EntryPoint\",\"urlTemplate\":\"https:\/\/kortleksbolaget.se\/fi\/?s={search_term_string}\"},\"query-input\":{\"@type\":\"PropertyValueSpecification\",\"valueRequired\":true,\"valueName\":\"search_term_string\"}}],\"inLanguage\":\"fi\"},{\"@type\":\"Organization\",\"@id\":\"https:\/\/kortleksbolaget.se\/fi\/#organization\",\"name\":\"Kortleksbolaget\",\"url\":\"https:\/\/kortleksbolaget.se\/fi\/\",\"logo\":{\"@type\":\"ImageObject\",\"inLanguage\":\"fi\",\"@id\":\"https:\/\/kortleksbolaget.se\/fi\/#\/schema\/logo\/image\/\",\"url\":\"https:\/\/kortleksbolaget.se\/wp-content\/uploads\/kortleksbolaget_logo-svart.png\",\"contentUrl\":\"https:\/\/kortleksbolaget.se\/wp-content\/uploads\/kortleksbolaget_logo-svart.png\",\"width\":1200,\"height\":296,\"caption\":\"Kortleksbolaget\"},\"image\":{\"@id\":\"https:\/\/kortleksbolaget.se\/fi\/#\/schema\/logo\/image\/\"}}]}<\/script>\n<!-- \/ Yoast SEO plugin. -->","yoast_head_json":{"title":"Kortlek Tally Ho Blue Metalluxe | Kortleksbolaget","description":"K\u00f6p Tally Ho Blue Metalluxe. Snabba leveranser & bra priser. Sveriges st\u00f6rsta sortiment av kortlekar p\u00e5 Kortleksbolaget!","robots":{"index":"index","follow":"follow","max-snippet":"max-snippet:-1","max-image-preview":"max-image-preview:large","max-video-preview":"max-video-preview:-1"},"canonical":"https:\/\/kortleksbolaget.se\/fi\/tuote\/tally-ho-blue-metalluxe\/","og_locale":"fi_FI","og_type":"article","og_title":"Kortlek Tally Ho Blue Metalluxe | Kortleksbolaget","og_description":"K\u00f6p Tally Ho Blue Metalluxe. Snabba leveranser & bra priser. Sveriges st\u00f6rsta sortiment av kortlekar p\u00e5 Kortleksbolaget!","og_url":"https:\/\/kortleksbolaget.se\/fi\/tuote\/tally-ho-blue-metalluxe\/","og_site_name":"Kortleksbolaget","article_modified_time":"2025-03-18T15:27:52+00:00","og_image":[{"width":525,"height":787,"url":"https:\/\/kortleksbolaget.se\/wp-content\/uploads\/tally-ho-metalluxe-blue-1.jpg","type":"image\/jpeg"}],"twitter_card":"summary_large_image","schema":{"@context":"https:\/\/schema.org","@graph":[{"@type":"WebPage","@id":"https:\/\/kortleksbolaget.se\/fi\/tuote\/tally-ho-blue-metalluxe\/","url":"https:\/\/kortleksbolaget.se\/fi\/tuote\/tally-ho-blue-metalluxe\/","name":"Kortlek Tally Ho Blue Metalluxe | Kortleksbolaget","isPartOf":{"@id":"https:\/\/kortleksbolaget.se\/fi\/#website"},"primaryImageOfPage":{"@id":"https:\/\/kortleksbolaget.se\/fi\/tuote\/tally-ho-blue-metalluxe\/#primaryimage"},"image":{"@id":"https:\/\/kortleksbolaget.se\/fi\/tuote\/tally-ho-blue-metalluxe\/#primaryimage"},"thumbnailUrl":"https:\/\/kortleksbolaget.se\/wp-content\/uploads\/tally-ho-metalluxe-blue-1.jpg","datePublished":"2021-11-02T21:59:29+00:00","dateModified":"2025-03-18T15:27:52+00:00","description":"K\u00f6p Tally Ho Blue Metalluxe. Snabba leveranser & bra priser. Sveriges st\u00f6rsta sortiment av kortlekar p\u00e5 Kortleksbolaget!","breadcrumb":{"@id":"https:\/\/kortleksbolaget.se\/fi\/tuote\/tally-ho-blue-metalluxe\/#breadcrumb"},"inLanguage":"fi","potentialAction":[{"@type":"ReadAction","target":["https:\/\/kortleksbolaget.se\/fi\/tuote\/tally-ho-blue-metalluxe\/"]}]},{"@type":"ImageObject","inLanguage":"fi","@id":"https:\/\/kortleksbolaget.se\/fi\/tuote\/tally-ho-blue-metalluxe\/#primaryimage","url":"https:\/\/kortleksbolaget.se\/wp-content\/uploads\/tally-ho-metalluxe-blue-1.jpg","contentUrl":"https:\/\/kortleksbolaget.se\/wp-content\/uploads\/tally-ho-metalluxe-blue-1.jpg","width":525,"height":787},{"@type":"BreadcrumbList","@id":"https:\/\/kortleksbolaget.se\/fi\/tuote\/tally-ho-blue-metalluxe\/#breadcrumb","itemListElement":[{"@type":"ListItem","position":1,"name":"Hem","item":"https:\/\/kortleksbolaget.se\/fi\/"},{"@type":"ListItem","position":2,"name":"N\u00e4yt\u00e4 kaikki tuotteet","item":"https:\/\/kortleksbolaget.se\/fi\/kaupassa\/"},{"@type":"ListItem","position":3,"name":"Tally Ho Blue Metalluxe"}]},{"@type":"WebSite","@id":"https:\/\/kortleksbolaget.se\/fi\/#website","url":"https:\/\/kortleksbolaget.se\/fi\/","name":"Kortleksbolaget","description":"Kortlekar p\u00e5 n\u00e4tet","publisher":{"@id":"https:\/\/kortleksbolaget.se\/fi\/#organization"},"potentialAction":[{"@type":"SearchAction","target":{"@type":"EntryPoint","urlTemplate":"https:\/\/kortleksbolaget.se\/fi\/?s={search_term_string}"},"query-input":{"@type":"PropertyValueSpecification","valueRequired":true,"valueName":"search_term_string"}}],"inLanguage":"fi"},{"@type":"Organization","@id":"https:\/\/kortleksbolaget.se\/fi\/#organization","name":"Kortleksbolaget","url":"https:\/\/kortleksbolaget.se\/fi\/","logo":{"@type":"ImageObject","inLanguage":"fi","@id":"https:\/\/kortleksbolaget.se\/fi\/#\/schema\/logo\/image\/","url":"https:\/\/kortleksbolaget.se\/wp-content\/uploads\/kortleksbolaget_logo-svart.png","contentUrl":"https:\/\/kortleksbolaget.se\/wp-content\/uploads\/kortleksbolaget_logo-svart.png","width":1200,"height":296,"caption":"Kortleksbolaget"},"image":{"@id":"https:\/\/kortleksbolaget.se\/fi\/#\/schema\/logo\/image\/"}}]}},"_links":{"self":[{"href":"https:\/\/kortleksbolaget.se\/fi\/wp-json\/wp\/v2\/product\/65544","targetHints":{"allow":["GET"]}}],"collection":[{"href":"https:\/\/kortleksbolaget.se\/fi\/wp-json\/wp\/v2\/product"}],"about":[{"href":"https:\/\/kortleksbolaget.se\/fi\/wp-json\/wp\/v2\/types\/product"}],"wp:featuredmedia":[{"embeddable":true,"href":"https:\/\/kortleksbolaget.se\/fi\/wp-json\/wp\/v2\/media\/65540"}],"wp:attachment":[{"href":"https:\/\/kortleksbolaget.se\/fi\/wp-json\/wp\/v2\/media?parent=65544"}],"wp:term":[{"taxonomy":"product_brand","embeddable":true,"href":"https:\/\/kortleksbolaget.se\/fi\/wp-json\/wp\/v2\/product_brand?post=65544"},{"taxonomy":"product_cat","embeddable":true,"href":"https:\/\/kortleksbolaget.se\/fi\/wp-json\/wp\/v2\/product_cat?post=65544"},{"taxonomy":"product_tag","embeddable":true,"href":"https:\/\/kortleksbolaget.se\/fi\/wp-json\/wp\/v2\/product_tag?post=65544"}],"curies":[{"name":"wp","href":"https:\/\/api.w.org\/{rel}","templated":true}]}}