{"id":73095,"date":"2021-12-27T15:33:43","date_gmt":"2021-12-27T14:33:43","guid":{"rendered":"https:\/\/kortleksbolaget.se\/produkt\/harry-potter-yellow-hufflepuff\/"},"modified":"2024-12-01T17:06:28","modified_gmt":"2024-12-01T16:06:28","slug":"harry-potter-yellow-hufflepuff","status":"publish","type":"product","link":"https:\/\/kortleksbolaget.se\/fi\/tuote\/harry-potter-yellow-hufflepuff\/","title":{"rendered":"Harry Potter Yellow Hufflepuff"},"content":{"rendered":"","protected":false},"excerpt":{"rendered":"<p><strong>Suosikkihahmosi her\u00e4tet\u00e4\u00e4n henkiin<\/strong><\/p>\n<p>Premium-pelikortit teorian mukaan11, joissa on kaikki suosikkihahmosi nelj\u00e4ss\u00e4 lumoavassa v\u00e4riversiossa, jotka edustavat Tylypahkan nelj\u00e4\u00e4 taloa: Gryffindor, Slytherin, Korpinkynsi ja Hufflepuff! El\u00e4 ikonisen sarjan ikimuistoisimmat hetket aina, kun kortit tuodaan peliin.<\/p>\n<p><strong>Ulkopakkaus<\/strong><br \/>\nHenke\u00e4salpaava DESIGN<\/p>\n<p>Ulkopakkaus on yksinkertaisesti maaginen. Runsas, koristeellinen kultafolio. Silmiinpist\u00e4v\u00e4\u00e4 talonv\u00e4rist\u00e4 folioaksenttia. Tarkka, eritt\u00e4in yksityiskohtainen kohokuviointi. Laatikko, joka on ylellinen kosketukseen ja silmiin joka kulmasta.<\/p>\n<p>Harry Potterin maailma k\u00e4siss\u00e4si<br \/>\nSuosikkihahmosi on her\u00e4tetty henkiin! Harry pit\u00e4\u00e4 ylpe\u00e4n\u00e4 Kultaista Snitchi\u00e4 ja Nimbus 2000:aan. Voldemort k\u00e4ytt\u00e4\u00e4 marjakuusta valmistettua sauvaansa. Kalkaros opettaa juomakurssia Advanced Potion Making -oppikirjallaan. Luna Lovegood edustaa omaa Spectrespecsi\u00e4\u00e4n monien muiden hahmojen kanssa!<\/p>\n<p><strong>Verraton tulostuslaatu<\/strong><br \/>\nVALMISTETTU AMERIKASSA<\/p>\n<p>theory11 tuottaa maailman hienoimmat pelikortit. Itse kortit on valmistettu Yhdysvalloissa \u2013 painettu FSC-sertifioidulle paperille, joka on per\u00e4isin kest\u00e4vist\u00e4 metsist\u00e4, kasvipohjaisista musteista ja t\u00e4rkkelyspohjaisista laminaateista.<\/p>\n<p>Sis\u00e4ll\u00e4 ja ulkona<br \/>\nT\u00c4YSIN MUKAUTETTU TAIDETEOS<\/p>\n<p>Harry Potter -pelikorteissa on t\u00e4ysin r\u00e4\u00e4t\u00e4l\u00f6ityj\u00e4 taideteoksia suunnittelun kaikilla osa-alueilla, ja \u00e4ss\u00e4t, jokerit, laatikoiden suunnittelu ja kentt\u00e4kortit ovat inspiroineet suoraan fanien suosikkihahmoista ja tapahtumista velhomaailmassa.<\/p>\n<p>Maaginen juhla<br \/>\nVELHOJEN MAAILMAN<\/p>\n<p>Harry Potter -pelikortit ovat t\u00e4ydellinen kunnianosoitus velhomaailmalle. Noidan kivest\u00e4 kuoleman varjeluksiin, seuraa ja koe tarinaa ja sen ikonisia hetki\u00e4 aina, kun pid\u00e4t niit\u00e4 k\u00e4siss\u00e4si. [&#8230;]<\/p>\n<p><a class=\"btn btn-secondary understrap-read-more-link\" href=\"https:\/\/kortleksbolaget.se\/fi\/tuote\/harry-potter-yellow-hufflepuff\/\">Lue lis\u00e4\u00e4&#8230;<span class=\"screen-reader-text\"> from Harry Potter Yellow Hufflepuff<\/span><\/a><\/p>\n","protected":false},"featured_media":73081,"template":"","meta":{"_acf_changed":false},"product_brand":[],"product_cat":[130],"product_tag":[],"class_list":{"0":"post-73095","1":"product","2":"type-product","3":"status-publish","4":"has-post-thumbnail","6":"varumarke-theory11-fi","7":"varumarke-uspcc-fi","8":"product_cat-special-lyx-limited-fi","10":"first","11":"instock","12":"featured","13":"taxable","14":"shipping-taxable","15":"purchasable","16":"product-type-simple"},"acf":[],"yoast_head":"<!-- This site is optimized with the Yoast SEO plugin v26.3 - https:\/\/yoast.com\/wordpress\/plugins\/seo\/ -->\n<title>Kortlek Harry Potter Yellow Hufflepuff | Kortleksbolaget<\/title>\n<meta name=\"description\" content=\"K\u00f6p Harry Potter Yellow Hufflepuff. Snabba leveranser &amp; bra priser. Sveriges st\u00f6rsta sortiment av kortlekar p\u00e5 Kortleksbolaget!\" \/>\n<meta name=\"robots\" content=\"index, follow, max-snippet:-1, max-image-preview:large, max-video-preview:-1\" \/>\n<link rel=\"canonical\" href=\"https:\/\/kortleksbolaget.se\/fi\/tuote\/harry-potter-yellow-hufflepuff\/\" \/>\n<meta property=\"og:locale\" content=\"fi_FI\" \/>\n<meta property=\"og:type\" content=\"article\" \/>\n<meta property=\"og:title\" content=\"Kortlek Harry Potter Yellow Hufflepuff | Kortleksbolaget\" \/>\n<meta property=\"og:description\" content=\"K\u00f6p Harry Potter Yellow Hufflepuff. Snabba leveranser &amp; bra priser. Sveriges st\u00f6rsta sortiment av kortlekar p\u00e5 Kortleksbolaget!\" \/>\n<meta property=\"og:url\" content=\"https:\/\/kortleksbolaget.se\/fi\/tuote\/harry-potter-yellow-hufflepuff\/\" \/>\n<meta property=\"og:site_name\" content=\"Kortleksbolaget\" \/>\n<meta property=\"article:modified_time\" content=\"2024-12-01T16:06:28+00:00\" \/>\n<meta property=\"og:image\" content=\"https:\/\/kortleksbolaget.se\/wp-content\/uploads\/harry-potter-yellow.jpg\" \/>\n\t<meta property=\"og:image:width\" content=\"519\" \/>\n\t<meta property=\"og:image:height\" content=\"778\" \/>\n\t<meta property=\"og:image:type\" content=\"image\/jpeg\" \/>\n<meta name=\"twitter:card\" content=\"summary_large_image\" \/>\n<meta name=\"twitter:label1\" content=\"Arvioitu lukuaika\" \/>\n\t<meta name=\"twitter:data1\" content=\"1 minuutti\" \/>\n<script type=\"application\/ld+json\" class=\"yoast-schema-graph\">{\"@context\":\"https:\/\/schema.org\",\"@graph\":[{\"@type\":\"WebPage\",\"@id\":\"https:\/\/kortleksbolaget.se\/fi\/tuote\/harry-potter-yellow-hufflepuff\/\",\"url\":\"https:\/\/kortleksbolaget.se\/fi\/tuote\/harry-potter-yellow-hufflepuff\/\",\"name\":\"Kortlek Harry Potter Yellow Hufflepuff | Kortleksbolaget\",\"isPartOf\":{\"@id\":\"https:\/\/kortleksbolaget.se\/fi\/#website\"},\"primaryImageOfPage\":{\"@id\":\"https:\/\/kortleksbolaget.se\/fi\/tuote\/harry-potter-yellow-hufflepuff\/#primaryimage\"},\"image\":{\"@id\":\"https:\/\/kortleksbolaget.se\/fi\/tuote\/harry-potter-yellow-hufflepuff\/#primaryimage\"},\"thumbnailUrl\":\"https:\/\/kortleksbolaget.se\/wp-content\/uploads\/harry-potter-yellow.jpg\",\"datePublished\":\"2021-12-27T14:33:43+00:00\",\"dateModified\":\"2024-12-01T16:06:28+00:00\",\"description\":\"K\u00f6p Harry Potter Yellow Hufflepuff. Snabba leveranser & bra priser. Sveriges st\u00f6rsta sortiment av kortlekar p\u00e5 Kortleksbolaget!\",\"breadcrumb\":{\"@id\":\"https:\/\/kortleksbolaget.se\/fi\/tuote\/harry-potter-yellow-hufflepuff\/#breadcrumb\"},\"inLanguage\":\"fi\",\"potentialAction\":[{\"@type\":\"ReadAction\",\"target\":[\"https:\/\/kortleksbolaget.se\/fi\/tuote\/harry-potter-yellow-hufflepuff\/\"]}]},{\"@type\":\"ImageObject\",\"inLanguage\":\"fi\",\"@id\":\"https:\/\/kortleksbolaget.se\/fi\/tuote\/harry-potter-yellow-hufflepuff\/#primaryimage\",\"url\":\"https:\/\/kortleksbolaget.se\/wp-content\/uploads\/harry-potter-yellow.jpg\",\"contentUrl\":\"https:\/\/kortleksbolaget.se\/wp-content\/uploads\/harry-potter-yellow.jpg\",\"width\":519,\"height\":778},{\"@type\":\"BreadcrumbList\",\"@id\":\"https:\/\/kortleksbolaget.se\/fi\/tuote\/harry-potter-yellow-hufflepuff\/#breadcrumb\",\"itemListElement\":[{\"@type\":\"ListItem\",\"position\":1,\"name\":\"Hem\",\"item\":\"https:\/\/kortleksbolaget.se\/fi\/\"},{\"@type\":\"ListItem\",\"position\":2,\"name\":\"N\u00e4yt\u00e4 kaikki tuotteet\",\"item\":\"https:\/\/kortleksbolaget.se\/fi\/kaupassa\/\"},{\"@type\":\"ListItem\",\"position\":3,\"name\":\"Harry Potter Yellow Hufflepuff\"}]},{\"@type\":\"WebSite\",\"@id\":\"https:\/\/kortleksbolaget.se\/fi\/#website\",\"url\":\"https:\/\/kortleksbolaget.se\/fi\/\",\"name\":\"Kortleksbolaget\",\"description\":\"Kortlekar p\u00e5 n\u00e4tet\",\"publisher\":{\"@id\":\"https:\/\/kortleksbolaget.se\/fi\/#organization\"},\"potentialAction\":[{\"@type\":\"SearchAction\",\"target\":{\"@type\":\"EntryPoint\",\"urlTemplate\":\"https:\/\/kortleksbolaget.se\/fi\/?s={search_term_string}\"},\"query-input\":{\"@type\":\"PropertyValueSpecification\",\"valueRequired\":true,\"valueName\":\"search_term_string\"}}],\"inLanguage\":\"fi\"},{\"@type\":\"Organization\",\"@id\":\"https:\/\/kortleksbolaget.se\/fi\/#organization\",\"name\":\"Kortleksbolaget\",\"url\":\"https:\/\/kortleksbolaget.se\/fi\/\",\"logo\":{\"@type\":\"ImageObject\",\"inLanguage\":\"fi\",\"@id\":\"https:\/\/kortleksbolaget.se\/fi\/#\/schema\/logo\/image\/\",\"url\":\"https:\/\/kortleksbolaget.se\/wp-content\/uploads\/kortleksbolaget_logo-svart.png\",\"contentUrl\":\"https:\/\/kortleksbolaget.se\/wp-content\/uploads\/kortleksbolaget_logo-svart.png\",\"width\":1200,\"height\":296,\"caption\":\"Kortleksbolaget\"},\"image\":{\"@id\":\"https:\/\/kortleksbolaget.se\/fi\/#\/schema\/logo\/image\/\"}}]}<\/script>\n<!-- \/ Yoast SEO plugin. -->","yoast_head_json":{"title":"Kortlek Harry Potter Yellow Hufflepuff | Kortleksbolaget","description":"K\u00f6p Harry Potter Yellow Hufflepuff. Snabba leveranser & bra priser. Sveriges st\u00f6rsta sortiment av kortlekar p\u00e5 Kortleksbolaget!","robots":{"index":"index","follow":"follow","max-snippet":"max-snippet:-1","max-image-preview":"max-image-preview:large","max-video-preview":"max-video-preview:-1"},"canonical":"https:\/\/kortleksbolaget.se\/fi\/tuote\/harry-potter-yellow-hufflepuff\/","og_locale":"fi_FI","og_type":"article","og_title":"Kortlek Harry Potter Yellow Hufflepuff | Kortleksbolaget","og_description":"K\u00f6p Harry Potter Yellow Hufflepuff. Snabba leveranser & bra priser. Sveriges st\u00f6rsta sortiment av kortlekar p\u00e5 Kortleksbolaget!","og_url":"https:\/\/kortleksbolaget.se\/fi\/tuote\/harry-potter-yellow-hufflepuff\/","og_site_name":"Kortleksbolaget","article_modified_time":"2024-12-01T16:06:28+00:00","og_image":[{"width":519,"height":778,"url":"https:\/\/kortleksbolaget.se\/wp-content\/uploads\/harry-potter-yellow.jpg","type":"image\/jpeg"}],"twitter_card":"summary_large_image","twitter_misc":{"Arvioitu lukuaika":"1 minuutti"},"schema":{"@context":"https:\/\/schema.org","@graph":[{"@type":"WebPage","@id":"https:\/\/kortleksbolaget.se\/fi\/tuote\/harry-potter-yellow-hufflepuff\/","url":"https:\/\/kortleksbolaget.se\/fi\/tuote\/harry-potter-yellow-hufflepuff\/","name":"Kortlek Harry Potter Yellow Hufflepuff | Kortleksbolaget","isPartOf":{"@id":"https:\/\/kortleksbolaget.se\/fi\/#website"},"primaryImageOfPage":{"@id":"https:\/\/kortleksbolaget.se\/fi\/tuote\/harry-potter-yellow-hufflepuff\/#primaryimage"},"image":{"@id":"https:\/\/kortleksbolaget.se\/fi\/tuote\/harry-potter-yellow-hufflepuff\/#primaryimage"},"thumbnailUrl":"https:\/\/kortleksbolaget.se\/wp-content\/uploads\/harry-potter-yellow.jpg","datePublished":"2021-12-27T14:33:43+00:00","dateModified":"2024-12-01T16:06:28+00:00","description":"K\u00f6p Harry Potter Yellow Hufflepuff. Snabba leveranser & bra priser. Sveriges st\u00f6rsta sortiment av kortlekar p\u00e5 Kortleksbolaget!","breadcrumb":{"@id":"https:\/\/kortleksbolaget.se\/fi\/tuote\/harry-potter-yellow-hufflepuff\/#breadcrumb"},"inLanguage":"fi","potentialAction":[{"@type":"ReadAction","target":["https:\/\/kortleksbolaget.se\/fi\/tuote\/harry-potter-yellow-hufflepuff\/"]}]},{"@type":"ImageObject","inLanguage":"fi","@id":"https:\/\/kortleksbolaget.se\/fi\/tuote\/harry-potter-yellow-hufflepuff\/#primaryimage","url":"https:\/\/kortleksbolaget.se\/wp-content\/uploads\/harry-potter-yellow.jpg","contentUrl":"https:\/\/kortleksbolaget.se\/wp-content\/uploads\/harry-potter-yellow.jpg","width":519,"height":778},{"@type":"BreadcrumbList","@id":"https:\/\/kortleksbolaget.se\/fi\/tuote\/harry-potter-yellow-hufflepuff\/#breadcrumb","itemListElement":[{"@type":"ListItem","position":1,"name":"Hem","item":"https:\/\/kortleksbolaget.se\/fi\/"},{"@type":"ListItem","position":2,"name":"N\u00e4yt\u00e4 kaikki tuotteet","item":"https:\/\/kortleksbolaget.se\/fi\/kaupassa\/"},{"@type":"ListItem","position":3,"name":"Harry Potter Yellow Hufflepuff"}]},{"@type":"WebSite","@id":"https:\/\/kortleksbolaget.se\/fi\/#website","url":"https:\/\/kortleksbolaget.se\/fi\/","name":"Kortleksbolaget","description":"Kortlekar p\u00e5 n\u00e4tet","publisher":{"@id":"https:\/\/kortleksbolaget.se\/fi\/#organization"},"potentialAction":[{"@type":"SearchAction","target":{"@type":"EntryPoint","urlTemplate":"https:\/\/kortleksbolaget.se\/fi\/?s={search_term_string}"},"query-input":{"@type":"PropertyValueSpecification","valueRequired":true,"valueName":"search_term_string"}}],"inLanguage":"fi"},{"@type":"Organization","@id":"https:\/\/kortleksbolaget.se\/fi\/#organization","name":"Kortleksbolaget","url":"https:\/\/kortleksbolaget.se\/fi\/","logo":{"@type":"ImageObject","inLanguage":"fi","@id":"https:\/\/kortleksbolaget.se\/fi\/#\/schema\/logo\/image\/","url":"https:\/\/kortleksbolaget.se\/wp-content\/uploads\/kortleksbolaget_logo-svart.png","contentUrl":"https:\/\/kortleksbolaget.se\/wp-content\/uploads\/kortleksbolaget_logo-svart.png","width":1200,"height":296,"caption":"Kortleksbolaget"},"image":{"@id":"https:\/\/kortleksbolaget.se\/fi\/#\/schema\/logo\/image\/"}}]}},"_links":{"self":[{"href":"https:\/\/kortleksbolaget.se\/fi\/wp-json\/wp\/v2\/product\/73095","targetHints":{"allow":["GET"]}}],"collection":[{"href":"https:\/\/kortleksbolaget.se\/fi\/wp-json\/wp\/v2\/product"}],"about":[{"href":"https:\/\/kortleksbolaget.se\/fi\/wp-json\/wp\/v2\/types\/product"}],"wp:featuredmedia":[{"embeddable":true,"href":"https:\/\/kortleksbolaget.se\/fi\/wp-json\/wp\/v2\/media\/73081"}],"wp:attachment":[{"href":"https:\/\/kortleksbolaget.se\/fi\/wp-json\/wp\/v2\/media?parent=73095"}],"wp:term":[{"taxonomy":"product_brand","embeddable":true,"href":"https:\/\/kortleksbolaget.se\/fi\/wp-json\/wp\/v2\/product_brand?post=73095"},{"taxonomy":"product_cat","embeddable":true,"href":"https:\/\/kortleksbolaget.se\/fi\/wp-json\/wp\/v2\/product_cat?post=73095"},{"taxonomy":"product_tag","embeddable":true,"href":"https:\/\/kortleksbolaget.se\/fi\/wp-json\/wp\/v2\/product_tag?post=73095"}],"curies":[{"name":"wp","href":"https:\/\/api.w.org\/{rel}","templated":true}]}}