{"id":79153,"date":"2022-02-23T15:35:55","date_gmt":"2022-02-23T14:35:55","guid":{"rendered":"https:\/\/kortleksbolaget.se\/produkt\/the-beatles-yellow-submarine\/"},"modified":"2025-01-10T21:53:13","modified_gmt":"2025-01-10T20:53:13","slug":"the-beatles-yellow-submarine","status":"publish","type":"product","link":"https:\/\/kortleksbolaget.se\/fi\/tuote\/the-beatles-yellow-submarine\/","title":{"rendered":"The Beatles Yellow Submarine"},"content":{"rendered":"","protected":false},"excerpt":{"rendered":"<div id=\"tw-target-text-container\" class=\"tw-ta-container F0azHf tw-nfl\" tabindex=\"0\">\n<p>Erikoispainos pelikortit, jotka ovat saaneet inspiraationsa vuoden 1968 animaatioelokuvasta.<\/p>\n<p>Liity Paulin, Johnin, Georgen ja Ringon seuraan, kun he matkustavat keltaisella sukellusveneell\u00e4 Pepperlandiin pelastaakseen musiikkia rakastavat asukkaat Blue Meaniesilta! Heill\u00e4 ei ole mit\u00e4\u00e4n mahdollisuuksia Fab Fourin groovy kappaleita vastaan.<\/p>\n<p><strong>Premium-pelikortit<\/strong><br \/>\nEnsiluokkaiset pelikortit, joissa on fanien suosikkihahmoja ja taideteoksia ikonisesta animoidusta musiikkiseikkailusta. Kannet on kuvitettu merkitt\u00e4vill\u00e4 yksityiskohdilla ja v\u00e4rikk\u00e4ill\u00e4, eloisilla kuvilla. &#8221;Kaikki on mieless\u00e4, tied\u00e4tk\u00f6!&#8221;<\/p>\n<p><strong>Rakkaus on kaikki mit\u00e4 tarvitset<\/strong><br \/>\nV\u00c4RIV\u00c4LINEN ULKOPAKKAUS<br \/>\nYellow Submarinen ikoniseen tyyliin pukeutuneet laatikot edustavat t\u00e4ydellisesti sek\u00e4 elokuvan ett\u00e4 albumin luonnetta ja el\u00e4m\u00e4\u00e4, ja niiss\u00e4 esiintyv\u00e4t b\u00e4ndin j\u00e4senet: John Lennon, Paul McCartney, George Harrison ja Ringo Starr. N\u00e4iss\u00e4 on eloisimmista ja leikkisimmist\u00e4 malleista, joissa on kosketeltavat kohokuviointi ja syv\u00e4musta foliokorostus.<\/p>\n<p><strong>Kaikki yhdess\u00e4 nyt<\/strong><br \/>\nT\u00c4YSIN MUKAUTETTU SUUNNITTELU<br \/>\nLaatikko, takaosan muotoilu ja kaikki korttien pinnat on suunniteltu huolellisesti kunnioittamaan Keltaista sukellusvenett\u00e4. L\u00e4hde kyytiin Pepperlandiin joka kerta, kun kortteja pidet\u00e4\u00e4n k\u00e4dess\u00e4si ja ne tuodaan esiin. sinusta tuntuu, ett\u00e4 sinusta on tullut osa elokuvaa!<\/p>\n<p>&#8221;It&#8217;s All In The Mind Y&#8217;Know!&#8221;<br \/>\nSukella Yellow Submarinen upeaan, omaper\u00e4iseen maailmaan ja tule osaksi kokemusta, joka mullisti animaatiotaiteen. Pepperlandin ihmiset ovat iloisia, kun vierailit &#8211; Chief Blue Meanie on pys\u00e4ytett\u00e4v\u00e4!<\/p>\n<p><strong>Verraton tulostuslaatu<\/strong><br \/>\nVALMISTETTU AMERIKASSA<br \/>\ntheory11 tuottaa maailman hienoimmat pelikortit. Itse kortit on valmistettu Yhdysvalloissa &#8211; painettu FSC-sertifioidulle paperille, joka on per\u00e4isin kest\u00e4vist\u00e4 metsist\u00e4, kasvipohjaisista musteista ja t\u00e4rkkelyspohjaisista laminaateista.<\/p>\n<\/div>\n<p> [&#8230;]<\/p>\n<p><a class=\"btn btn-secondary understrap-read-more-link\" href=\"https:\/\/kortleksbolaget.se\/fi\/tuote\/the-beatles-yellow-submarine\/\">Lue lis\u00e4\u00e4&#8230;<span class=\"screen-reader-text\"> from The Beatles Yellow Submarine<\/span><\/a><\/p>\n","protected":false},"featured_media":79141,"template":"","meta":{"_acf_changed":false},"product_brand":[],"product_cat":[130],"product_tag":[],"class_list":{"0":"post-79153","1":"product","2":"type-product","3":"status-publish","4":"has-post-thumbnail","6":"varumarke-theory11-fi","7":"product_cat-special-lyx-limited-fi","9":"first","10":"outofstock","11":"taxable","12":"shipping-taxable","13":"purchasable","14":"product-type-simple"},"acf":[],"yoast_head":"<!-- This site is optimized with the Yoast SEO plugin v26.3 - https:\/\/yoast.com\/wordpress\/plugins\/seo\/ -->\n<title>Kortlek The Beatles Yellow Submarine | Kortleksbolaget<\/title>\n<meta name=\"description\" content=\"K\u00f6p The Beatles Yellow Submarine. Snabba leveranser &amp; bra priser. Sveriges st\u00f6rsta sortiment av kortlekar p\u00e5 Kortleksbolaget!\" \/>\n<meta name=\"robots\" content=\"index, follow, max-snippet:-1, max-image-preview:large, max-video-preview:-1\" \/>\n<link rel=\"canonical\" href=\"https:\/\/kortleksbolaget.se\/fi\/tuote\/the-beatles-yellow-submarine\/\" \/>\n<meta property=\"og:locale\" content=\"fi_FI\" \/>\n<meta property=\"og:type\" content=\"article\" \/>\n<meta property=\"og:title\" content=\"Kortlek The Beatles Yellow Submarine | Kortleksbolaget\" \/>\n<meta property=\"og:description\" content=\"K\u00f6p The Beatles Yellow Submarine. Snabba leveranser &amp; bra priser. Sveriges st\u00f6rsta sortiment av kortlekar p\u00e5 Kortleksbolaget!\" \/>\n<meta property=\"og:url\" content=\"https:\/\/kortleksbolaget.se\/fi\/tuote\/the-beatles-yellow-submarine\/\" \/>\n<meta property=\"og:site_name\" content=\"Kortleksbolaget\" \/>\n<meta property=\"article:modified_time\" content=\"2025-01-10T20:53:13+00:00\" \/>\n<meta property=\"og:image\" content=\"https:\/\/kortleksbolaget.se\/wp-content\/uploads\/beatles-yellow-submarine.jpg\" \/>\n\t<meta property=\"og:image:width\" content=\"511\" \/>\n\t<meta property=\"og:image:height\" content=\"766\" \/>\n\t<meta property=\"og:image:type\" content=\"image\/jpeg\" \/>\n<meta name=\"twitter:card\" content=\"summary_large_image\" \/>\n<script type=\"application\/ld+json\" class=\"yoast-schema-graph\">{\"@context\":\"https:\/\/schema.org\",\"@graph\":[{\"@type\":\"WebPage\",\"@id\":\"https:\/\/kortleksbolaget.se\/fi\/tuote\/the-beatles-yellow-submarine\/\",\"url\":\"https:\/\/kortleksbolaget.se\/fi\/tuote\/the-beatles-yellow-submarine\/\",\"name\":\"Kortlek The Beatles Yellow Submarine | Kortleksbolaget\",\"isPartOf\":{\"@id\":\"https:\/\/kortleksbolaget.se\/fi\/#website\"},\"primaryImageOfPage\":{\"@id\":\"https:\/\/kortleksbolaget.se\/fi\/tuote\/the-beatles-yellow-submarine\/#primaryimage\"},\"image\":{\"@id\":\"https:\/\/kortleksbolaget.se\/fi\/tuote\/the-beatles-yellow-submarine\/#primaryimage\"},\"thumbnailUrl\":\"https:\/\/kortleksbolaget.se\/wp-content\/uploads\/beatles-yellow-submarine.jpg\",\"datePublished\":\"2022-02-23T14:35:55+00:00\",\"dateModified\":\"2025-01-10T20:53:13+00:00\",\"description\":\"K\u00f6p The Beatles Yellow Submarine. Snabba leveranser & bra priser. Sveriges st\u00f6rsta sortiment av kortlekar p\u00e5 Kortleksbolaget!\",\"breadcrumb\":{\"@id\":\"https:\/\/kortleksbolaget.se\/fi\/tuote\/the-beatles-yellow-submarine\/#breadcrumb\"},\"inLanguage\":\"fi\",\"potentialAction\":[{\"@type\":\"ReadAction\",\"target\":[\"https:\/\/kortleksbolaget.se\/fi\/tuote\/the-beatles-yellow-submarine\/\"]}]},{\"@type\":\"ImageObject\",\"inLanguage\":\"fi\",\"@id\":\"https:\/\/kortleksbolaget.se\/fi\/tuote\/the-beatles-yellow-submarine\/#primaryimage\",\"url\":\"https:\/\/kortleksbolaget.se\/wp-content\/uploads\/beatles-yellow-submarine.jpg\",\"contentUrl\":\"https:\/\/kortleksbolaget.se\/wp-content\/uploads\/beatles-yellow-submarine.jpg\",\"width\":511,\"height\":766},{\"@type\":\"BreadcrumbList\",\"@id\":\"https:\/\/kortleksbolaget.se\/fi\/tuote\/the-beatles-yellow-submarine\/#breadcrumb\",\"itemListElement\":[{\"@type\":\"ListItem\",\"position\":1,\"name\":\"Hem\",\"item\":\"https:\/\/kortleksbolaget.se\/fi\/\"},{\"@type\":\"ListItem\",\"position\":2,\"name\":\"N\u00e4yt\u00e4 kaikki tuotteet\",\"item\":\"https:\/\/kortleksbolaget.se\/fi\/kaupassa\/\"},{\"@type\":\"ListItem\",\"position\":3,\"name\":\"The Beatles Yellow Submarine\"}]},{\"@type\":\"WebSite\",\"@id\":\"https:\/\/kortleksbolaget.se\/fi\/#website\",\"url\":\"https:\/\/kortleksbolaget.se\/fi\/\",\"name\":\"Kortleksbolaget\",\"description\":\"Kortlekar p\u00e5 n\u00e4tet\",\"publisher\":{\"@id\":\"https:\/\/kortleksbolaget.se\/fi\/#organization\"},\"potentialAction\":[{\"@type\":\"SearchAction\",\"target\":{\"@type\":\"EntryPoint\",\"urlTemplate\":\"https:\/\/kortleksbolaget.se\/fi\/?s={search_term_string}\"},\"query-input\":{\"@type\":\"PropertyValueSpecification\",\"valueRequired\":true,\"valueName\":\"search_term_string\"}}],\"inLanguage\":\"fi\"},{\"@type\":\"Organization\",\"@id\":\"https:\/\/kortleksbolaget.se\/fi\/#organization\",\"name\":\"Kortleksbolaget\",\"url\":\"https:\/\/kortleksbolaget.se\/fi\/\",\"logo\":{\"@type\":\"ImageObject\",\"inLanguage\":\"fi\",\"@id\":\"https:\/\/kortleksbolaget.se\/fi\/#\/schema\/logo\/image\/\",\"url\":\"https:\/\/kortleksbolaget.se\/wp-content\/uploads\/kortleksbolaget_logo-svart.png\",\"contentUrl\":\"https:\/\/kortleksbolaget.se\/wp-content\/uploads\/kortleksbolaget_logo-svart.png\",\"width\":1200,\"height\":296,\"caption\":\"Kortleksbolaget\"},\"image\":{\"@id\":\"https:\/\/kortleksbolaget.se\/fi\/#\/schema\/logo\/image\/\"}}]}<\/script>\n<!-- \/ Yoast SEO plugin. -->","yoast_head_json":{"title":"Kortlek The Beatles Yellow Submarine | Kortleksbolaget","description":"K\u00f6p The Beatles Yellow Submarine. Snabba leveranser & bra priser. Sveriges st\u00f6rsta sortiment av kortlekar p\u00e5 Kortleksbolaget!","robots":{"index":"index","follow":"follow","max-snippet":"max-snippet:-1","max-image-preview":"max-image-preview:large","max-video-preview":"max-video-preview:-1"},"canonical":"https:\/\/kortleksbolaget.se\/fi\/tuote\/the-beatles-yellow-submarine\/","og_locale":"fi_FI","og_type":"article","og_title":"Kortlek The Beatles Yellow Submarine | Kortleksbolaget","og_description":"K\u00f6p The Beatles Yellow Submarine. Snabba leveranser & bra priser. Sveriges st\u00f6rsta sortiment av kortlekar p\u00e5 Kortleksbolaget!","og_url":"https:\/\/kortleksbolaget.se\/fi\/tuote\/the-beatles-yellow-submarine\/","og_site_name":"Kortleksbolaget","article_modified_time":"2025-01-10T20:53:13+00:00","og_image":[{"width":511,"height":766,"url":"https:\/\/kortleksbolaget.se\/wp-content\/uploads\/beatles-yellow-submarine.jpg","type":"image\/jpeg"}],"twitter_card":"summary_large_image","schema":{"@context":"https:\/\/schema.org","@graph":[{"@type":"WebPage","@id":"https:\/\/kortleksbolaget.se\/fi\/tuote\/the-beatles-yellow-submarine\/","url":"https:\/\/kortleksbolaget.se\/fi\/tuote\/the-beatles-yellow-submarine\/","name":"Kortlek The Beatles Yellow Submarine | Kortleksbolaget","isPartOf":{"@id":"https:\/\/kortleksbolaget.se\/fi\/#website"},"primaryImageOfPage":{"@id":"https:\/\/kortleksbolaget.se\/fi\/tuote\/the-beatles-yellow-submarine\/#primaryimage"},"image":{"@id":"https:\/\/kortleksbolaget.se\/fi\/tuote\/the-beatles-yellow-submarine\/#primaryimage"},"thumbnailUrl":"https:\/\/kortleksbolaget.se\/wp-content\/uploads\/beatles-yellow-submarine.jpg","datePublished":"2022-02-23T14:35:55+00:00","dateModified":"2025-01-10T20:53:13+00:00","description":"K\u00f6p The Beatles Yellow Submarine. Snabba leveranser & bra priser. Sveriges st\u00f6rsta sortiment av kortlekar p\u00e5 Kortleksbolaget!","breadcrumb":{"@id":"https:\/\/kortleksbolaget.se\/fi\/tuote\/the-beatles-yellow-submarine\/#breadcrumb"},"inLanguage":"fi","potentialAction":[{"@type":"ReadAction","target":["https:\/\/kortleksbolaget.se\/fi\/tuote\/the-beatles-yellow-submarine\/"]}]},{"@type":"ImageObject","inLanguage":"fi","@id":"https:\/\/kortleksbolaget.se\/fi\/tuote\/the-beatles-yellow-submarine\/#primaryimage","url":"https:\/\/kortleksbolaget.se\/wp-content\/uploads\/beatles-yellow-submarine.jpg","contentUrl":"https:\/\/kortleksbolaget.se\/wp-content\/uploads\/beatles-yellow-submarine.jpg","width":511,"height":766},{"@type":"BreadcrumbList","@id":"https:\/\/kortleksbolaget.se\/fi\/tuote\/the-beatles-yellow-submarine\/#breadcrumb","itemListElement":[{"@type":"ListItem","position":1,"name":"Hem","item":"https:\/\/kortleksbolaget.se\/fi\/"},{"@type":"ListItem","position":2,"name":"N\u00e4yt\u00e4 kaikki tuotteet","item":"https:\/\/kortleksbolaget.se\/fi\/kaupassa\/"},{"@type":"ListItem","position":3,"name":"The Beatles Yellow Submarine"}]},{"@type":"WebSite","@id":"https:\/\/kortleksbolaget.se\/fi\/#website","url":"https:\/\/kortleksbolaget.se\/fi\/","name":"Kortleksbolaget","description":"Kortlekar p\u00e5 n\u00e4tet","publisher":{"@id":"https:\/\/kortleksbolaget.se\/fi\/#organization"},"potentialAction":[{"@type":"SearchAction","target":{"@type":"EntryPoint","urlTemplate":"https:\/\/kortleksbolaget.se\/fi\/?s={search_term_string}"},"query-input":{"@type":"PropertyValueSpecification","valueRequired":true,"valueName":"search_term_string"}}],"inLanguage":"fi"},{"@type":"Organization","@id":"https:\/\/kortleksbolaget.se\/fi\/#organization","name":"Kortleksbolaget","url":"https:\/\/kortleksbolaget.se\/fi\/","logo":{"@type":"ImageObject","inLanguage":"fi","@id":"https:\/\/kortleksbolaget.se\/fi\/#\/schema\/logo\/image\/","url":"https:\/\/kortleksbolaget.se\/wp-content\/uploads\/kortleksbolaget_logo-svart.png","contentUrl":"https:\/\/kortleksbolaget.se\/wp-content\/uploads\/kortleksbolaget_logo-svart.png","width":1200,"height":296,"caption":"Kortleksbolaget"},"image":{"@id":"https:\/\/kortleksbolaget.se\/fi\/#\/schema\/logo\/image\/"}}]}},"_links":{"self":[{"href":"https:\/\/kortleksbolaget.se\/fi\/wp-json\/wp\/v2\/product\/79153","targetHints":{"allow":["GET"]}}],"collection":[{"href":"https:\/\/kortleksbolaget.se\/fi\/wp-json\/wp\/v2\/product"}],"about":[{"href":"https:\/\/kortleksbolaget.se\/fi\/wp-json\/wp\/v2\/types\/product"}],"wp:featuredmedia":[{"embeddable":true,"href":"https:\/\/kortleksbolaget.se\/fi\/wp-json\/wp\/v2\/media\/79141"}],"wp:attachment":[{"href":"https:\/\/kortleksbolaget.se\/fi\/wp-json\/wp\/v2\/media?parent=79153"}],"wp:term":[{"taxonomy":"product_brand","embeddable":true,"href":"https:\/\/kortleksbolaget.se\/fi\/wp-json\/wp\/v2\/product_brand?post=79153"},{"taxonomy":"product_cat","embeddable":true,"href":"https:\/\/kortleksbolaget.se\/fi\/wp-json\/wp\/v2\/product_cat?post=79153"},{"taxonomy":"product_tag","embeddable":true,"href":"https:\/\/kortleksbolaget.se\/fi\/wp-json\/wp\/v2\/product_tag?post=79153"}],"curies":[{"name":"wp","href":"https:\/\/api.w.org\/{rel}","templated":true}]}}