{"id":90946,"date":"2022-07-11T15:21:30","date_gmt":"2022-07-11T13:21:30","guid":{"rendered":"https:\/\/kortleksbolaget.se\/produkt\/melt-card-red-by-mickael-chatelain\/"},"modified":"2022-07-11T15:21:30","modified_gmt":"2022-07-11T13:21:30","slug":"melt-card-red-by-mickael-chatelain","status":"publish","type":"product","link":"https:\/\/kortleksbolaget.se\/fi\/tuote\/melt-card-red-by-mickael-chatelain\/","title":{"rendered":"Melt Card Red by Mickael Chatelain"},"content":{"rendered":"","protected":false},"excerpt":{"rendered":"<div id=\"tw-target-text-container\" class=\"tw-ta-container F0azHf tw-nfl\" tabindex=\"0\">\n<p id=\"tw-target-text\" class=\"tw-data-text tw-text-large tw-ta\" dir=\"ltr\" data-placeholder=\"\u00d6vers\u00e4ttning\"><span class=\"Y2IQFc\" lang=\"sv\"><b>An amazing gimmick with a huge mechanism!<\/b><\/p>\n<p>A playing card, a paper or any bill pass thru matter!<\/p>\n<p>Mickael propose to you an extremely visual effect ! This is a classical effect in magic, made famous during a TV show by David Copperfield, this Mickael&#8217;s new version using a diabolical gimmick!<\/p>\n<p>Your spectator will be bluffed when they will see this effect close to their eyes ! Above all the playing card, paper or bill are <b>100% fully examinable<\/b>!<\/p>\n<p>In front of a mirror, you will be amazed with <b>Melt-Card<\/b>! I can guarantee it!<\/p>\n<p>No handlings, instantly reset, 100% visual, perfect for close-up show! <\/span><\/p>\n<\/div>\n<div id=\"tw-target-rmn-container\" class=\"tw-target-rmn tw-ta-container F0azHf tw-nfl\">\n<p id=\"tw-target-rmn\" class=\"tw-data-placeholder tw-text-small tw-ta\" dir=\"ltr\">\n<\/div>\n<p> [&#8230;]<\/p>\n<p><a class=\"btn btn-secondary understrap-read-more-link\" href=\"https:\/\/kortleksbolaget.se\/fi\/tuote\/melt-card-red-by-mickael-chatelain\/\">Lue lis\u00e4\u00e4&#8230;<span class=\"screen-reader-text\"> from Melt Card Red by Mickael Chatelain<\/span><\/a><\/p>\n","protected":false},"featured_media":90942,"template":"","meta":{"_acf_changed":false},"product_brand":[],"product_cat":[129],"product_tag":[],"class_list":{"0":"post-90946","1":"product","2":"type-product","3":"status-publish","4":"has-post-thumbnail","6":"product_cat-taikuus-fi","8":"first","9":"instock","10":"taxable","11":"shipping-taxable","12":"purchasable","13":"product-type-simple"},"acf":[],"yoast_head":"<!-- This site is optimized with the Yoast SEO plugin v26.3 - https:\/\/yoast.com\/wordpress\/plugins\/seo\/ -->\n<title>Kortlek Melt Card Red by Mickael Chatelain | Kortleksbolaget<\/title>\n<meta name=\"description\" content=\"K\u00f6p Melt Card Red by Mickael Chatelain. Snabba leveranser &amp; bra priser. Sveriges st\u00f6rsta sortiment av kortlekar p\u00e5 Kortleksbolaget!\" \/>\n<meta name=\"robots\" content=\"index, follow, max-snippet:-1, max-image-preview:large, max-video-preview:-1\" \/>\n<link rel=\"canonical\" href=\"https:\/\/kortleksbolaget.se\/fi\/tuote\/melt-card-red-by-mickael-chatelain\/\" \/>\n<meta property=\"og:locale\" content=\"fi_FI\" \/>\n<meta property=\"og:type\" content=\"article\" \/>\n<meta property=\"og:title\" content=\"Kortlek Melt Card Red by Mickael Chatelain | Kortleksbolaget\" \/>\n<meta property=\"og:description\" content=\"K\u00f6p Melt Card Red by Mickael Chatelain. Snabba leveranser &amp; bra priser. Sveriges st\u00f6rsta sortiment av kortlekar p\u00e5 Kortleksbolaget!\" \/>\n<meta property=\"og:url\" content=\"https:\/\/kortleksbolaget.se\/fi\/tuote\/melt-card-red-by-mickael-chatelain\/\" \/>\n<meta property=\"og:site_name\" content=\"Kortleksbolaget\" \/>\n<meta property=\"og:image\" content=\"https:\/\/kortleksbolaget.se\/wp-content\/uploads\/melt-card-trick-1.jpg\" \/>\n\t<meta property=\"og:image:width\" content=\"632\" \/>\n\t<meta property=\"og:image:height\" content=\"948\" \/>\n\t<meta property=\"og:image:type\" content=\"image\/jpeg\" \/>\n<meta name=\"twitter:card\" content=\"summary_large_image\" \/>\n<script type=\"application\/ld+json\" class=\"yoast-schema-graph\">{\"@context\":\"https:\/\/schema.org\",\"@graph\":[{\"@type\":\"WebPage\",\"@id\":\"https:\/\/kortleksbolaget.se\/fi\/tuote\/melt-card-red-by-mickael-chatelain\/\",\"url\":\"https:\/\/kortleksbolaget.se\/fi\/tuote\/melt-card-red-by-mickael-chatelain\/\",\"name\":\"Kortlek Melt Card Red by Mickael Chatelain | Kortleksbolaget\",\"isPartOf\":{\"@id\":\"https:\/\/kortleksbolaget.se\/fi\/#website\"},\"primaryImageOfPage\":{\"@id\":\"https:\/\/kortleksbolaget.se\/fi\/tuote\/melt-card-red-by-mickael-chatelain\/#primaryimage\"},\"image\":{\"@id\":\"https:\/\/kortleksbolaget.se\/fi\/tuote\/melt-card-red-by-mickael-chatelain\/#primaryimage\"},\"thumbnailUrl\":\"https:\/\/kortleksbolaget.se\/wp-content\/uploads\/melt-card-trick-1.jpg\",\"datePublished\":\"2022-07-11T13:21:30+00:00\",\"description\":\"K\u00f6p Melt Card Red by Mickael Chatelain. Snabba leveranser & bra priser. Sveriges st\u00f6rsta sortiment av kortlekar p\u00e5 Kortleksbolaget!\",\"breadcrumb\":{\"@id\":\"https:\/\/kortleksbolaget.se\/fi\/tuote\/melt-card-red-by-mickael-chatelain\/#breadcrumb\"},\"inLanguage\":\"fi\",\"potentialAction\":[{\"@type\":\"ReadAction\",\"target\":[\"https:\/\/kortleksbolaget.se\/fi\/tuote\/melt-card-red-by-mickael-chatelain\/\"]}]},{\"@type\":\"ImageObject\",\"inLanguage\":\"fi\",\"@id\":\"https:\/\/kortleksbolaget.se\/fi\/tuote\/melt-card-red-by-mickael-chatelain\/#primaryimage\",\"url\":\"https:\/\/kortleksbolaget.se\/wp-content\/uploads\/melt-card-trick-1.jpg\",\"contentUrl\":\"https:\/\/kortleksbolaget.se\/wp-content\/uploads\/melt-card-trick-1.jpg\",\"width\":632,\"height\":948},{\"@type\":\"BreadcrumbList\",\"@id\":\"https:\/\/kortleksbolaget.se\/fi\/tuote\/melt-card-red-by-mickael-chatelain\/#breadcrumb\",\"itemListElement\":[{\"@type\":\"ListItem\",\"position\":1,\"name\":\"Hem\",\"item\":\"https:\/\/kortleksbolaget.se\/fi\/\"},{\"@type\":\"ListItem\",\"position\":2,\"name\":\"N\u00e4yt\u00e4 kaikki tuotteet\",\"item\":\"https:\/\/kortleksbolaget.se\/fi\/kaupassa\/\"},{\"@type\":\"ListItem\",\"position\":3,\"name\":\"Melt Card Red by Mickael Chatelain\"}]},{\"@type\":\"WebSite\",\"@id\":\"https:\/\/kortleksbolaget.se\/fi\/#website\",\"url\":\"https:\/\/kortleksbolaget.se\/fi\/\",\"name\":\"Kortleksbolaget\",\"description\":\"Kortlekar p\u00e5 n\u00e4tet\",\"publisher\":{\"@id\":\"https:\/\/kortleksbolaget.se\/fi\/#organization\"},\"potentialAction\":[{\"@type\":\"SearchAction\",\"target\":{\"@type\":\"EntryPoint\",\"urlTemplate\":\"https:\/\/kortleksbolaget.se\/fi\/?s={search_term_string}\"},\"query-input\":{\"@type\":\"PropertyValueSpecification\",\"valueRequired\":true,\"valueName\":\"search_term_string\"}}],\"inLanguage\":\"fi\"},{\"@type\":\"Organization\",\"@id\":\"https:\/\/kortleksbolaget.se\/fi\/#organization\",\"name\":\"Kortleksbolaget\",\"url\":\"https:\/\/kortleksbolaget.se\/fi\/\",\"logo\":{\"@type\":\"ImageObject\",\"inLanguage\":\"fi\",\"@id\":\"https:\/\/kortleksbolaget.se\/fi\/#\/schema\/logo\/image\/\",\"url\":\"https:\/\/kortleksbolaget.se\/wp-content\/uploads\/kortleksbolaget_logo-svart.png\",\"contentUrl\":\"https:\/\/kortleksbolaget.se\/wp-content\/uploads\/kortleksbolaget_logo-svart.png\",\"width\":1200,\"height\":296,\"caption\":\"Kortleksbolaget\"},\"image\":{\"@id\":\"https:\/\/kortleksbolaget.se\/fi\/#\/schema\/logo\/image\/\"}}]}<\/script>\n<!-- \/ Yoast SEO plugin. -->","yoast_head_json":{"title":"Kortlek Melt Card Red by Mickael Chatelain | Kortleksbolaget","description":"K\u00f6p Melt Card Red by Mickael Chatelain. Snabba leveranser & bra priser. Sveriges st\u00f6rsta sortiment av kortlekar p\u00e5 Kortleksbolaget!","robots":{"index":"index","follow":"follow","max-snippet":"max-snippet:-1","max-image-preview":"max-image-preview:large","max-video-preview":"max-video-preview:-1"},"canonical":"https:\/\/kortleksbolaget.se\/fi\/tuote\/melt-card-red-by-mickael-chatelain\/","og_locale":"fi_FI","og_type":"article","og_title":"Kortlek Melt Card Red by Mickael Chatelain | Kortleksbolaget","og_description":"K\u00f6p Melt Card Red by Mickael Chatelain. Snabba leveranser & bra priser. Sveriges st\u00f6rsta sortiment av kortlekar p\u00e5 Kortleksbolaget!","og_url":"https:\/\/kortleksbolaget.se\/fi\/tuote\/melt-card-red-by-mickael-chatelain\/","og_site_name":"Kortleksbolaget","og_image":[{"width":632,"height":948,"url":"https:\/\/kortleksbolaget.se\/wp-content\/uploads\/melt-card-trick-1.jpg","type":"image\/jpeg"}],"twitter_card":"summary_large_image","schema":{"@context":"https:\/\/schema.org","@graph":[{"@type":"WebPage","@id":"https:\/\/kortleksbolaget.se\/fi\/tuote\/melt-card-red-by-mickael-chatelain\/","url":"https:\/\/kortleksbolaget.se\/fi\/tuote\/melt-card-red-by-mickael-chatelain\/","name":"Kortlek Melt Card Red by Mickael Chatelain | Kortleksbolaget","isPartOf":{"@id":"https:\/\/kortleksbolaget.se\/fi\/#website"},"primaryImageOfPage":{"@id":"https:\/\/kortleksbolaget.se\/fi\/tuote\/melt-card-red-by-mickael-chatelain\/#primaryimage"},"image":{"@id":"https:\/\/kortleksbolaget.se\/fi\/tuote\/melt-card-red-by-mickael-chatelain\/#primaryimage"},"thumbnailUrl":"https:\/\/kortleksbolaget.se\/wp-content\/uploads\/melt-card-trick-1.jpg","datePublished":"2022-07-11T13:21:30+00:00","description":"K\u00f6p Melt Card Red by Mickael Chatelain. Snabba leveranser & bra priser. Sveriges st\u00f6rsta sortiment av kortlekar p\u00e5 Kortleksbolaget!","breadcrumb":{"@id":"https:\/\/kortleksbolaget.se\/fi\/tuote\/melt-card-red-by-mickael-chatelain\/#breadcrumb"},"inLanguage":"fi","potentialAction":[{"@type":"ReadAction","target":["https:\/\/kortleksbolaget.se\/fi\/tuote\/melt-card-red-by-mickael-chatelain\/"]}]},{"@type":"ImageObject","inLanguage":"fi","@id":"https:\/\/kortleksbolaget.se\/fi\/tuote\/melt-card-red-by-mickael-chatelain\/#primaryimage","url":"https:\/\/kortleksbolaget.se\/wp-content\/uploads\/melt-card-trick-1.jpg","contentUrl":"https:\/\/kortleksbolaget.se\/wp-content\/uploads\/melt-card-trick-1.jpg","width":632,"height":948},{"@type":"BreadcrumbList","@id":"https:\/\/kortleksbolaget.se\/fi\/tuote\/melt-card-red-by-mickael-chatelain\/#breadcrumb","itemListElement":[{"@type":"ListItem","position":1,"name":"Hem","item":"https:\/\/kortleksbolaget.se\/fi\/"},{"@type":"ListItem","position":2,"name":"N\u00e4yt\u00e4 kaikki tuotteet","item":"https:\/\/kortleksbolaget.se\/fi\/kaupassa\/"},{"@type":"ListItem","position":3,"name":"Melt Card Red by Mickael Chatelain"}]},{"@type":"WebSite","@id":"https:\/\/kortleksbolaget.se\/fi\/#website","url":"https:\/\/kortleksbolaget.se\/fi\/","name":"Kortleksbolaget","description":"Kortlekar p\u00e5 n\u00e4tet","publisher":{"@id":"https:\/\/kortleksbolaget.se\/fi\/#organization"},"potentialAction":[{"@type":"SearchAction","target":{"@type":"EntryPoint","urlTemplate":"https:\/\/kortleksbolaget.se\/fi\/?s={search_term_string}"},"query-input":{"@type":"PropertyValueSpecification","valueRequired":true,"valueName":"search_term_string"}}],"inLanguage":"fi"},{"@type":"Organization","@id":"https:\/\/kortleksbolaget.se\/fi\/#organization","name":"Kortleksbolaget","url":"https:\/\/kortleksbolaget.se\/fi\/","logo":{"@type":"ImageObject","inLanguage":"fi","@id":"https:\/\/kortleksbolaget.se\/fi\/#\/schema\/logo\/image\/","url":"https:\/\/kortleksbolaget.se\/wp-content\/uploads\/kortleksbolaget_logo-svart.png","contentUrl":"https:\/\/kortleksbolaget.se\/wp-content\/uploads\/kortleksbolaget_logo-svart.png","width":1200,"height":296,"caption":"Kortleksbolaget"},"image":{"@id":"https:\/\/kortleksbolaget.se\/fi\/#\/schema\/logo\/image\/"}}]}},"_links":{"self":[{"href":"https:\/\/kortleksbolaget.se\/fi\/wp-json\/wp\/v2\/product\/90946","targetHints":{"allow":["GET"]}}],"collection":[{"href":"https:\/\/kortleksbolaget.se\/fi\/wp-json\/wp\/v2\/product"}],"about":[{"href":"https:\/\/kortleksbolaget.se\/fi\/wp-json\/wp\/v2\/types\/product"}],"wp:featuredmedia":[{"embeddable":true,"href":"https:\/\/kortleksbolaget.se\/fi\/wp-json\/wp\/v2\/media\/90942"}],"wp:attachment":[{"href":"https:\/\/kortleksbolaget.se\/fi\/wp-json\/wp\/v2\/media?parent=90946"}],"wp:term":[{"taxonomy":"product_brand","embeddable":true,"href":"https:\/\/kortleksbolaget.se\/fi\/wp-json\/wp\/v2\/product_brand?post=90946"},{"taxonomy":"product_cat","embeddable":true,"href":"https:\/\/kortleksbolaget.se\/fi\/wp-json\/wp\/v2\/product_cat?post=90946"},{"taxonomy":"product_tag","embeddable":true,"href":"https:\/\/kortleksbolaget.se\/fi\/wp-json\/wp\/v2\/product_tag?post=90946"}],"curies":[{"name":"wp","href":"https:\/\/api.w.org\/{rel}","templated":true}]}}