{"id":92626,"date":"2022-08-05T23:28:49","date_gmt":"2022-08-05T21:28:49","guid":{"rendered":"https:\/\/kortleksbolaget.se\/produkt\/magicians-organizer-by-tcc\/"},"modified":"2022-08-05T23:28:49","modified_gmt":"2022-08-05T21:28:49","slug":"magicians-organizer-by-tcc","status":"publish","type":"product","link":"https:\/\/kortleksbolaget.se\/fi\/tuote\/magicians-organizer-by-tcc\/","title":{"rendered":"Magicians Organizer by TCC"},"content":{"rendered":"","protected":false},"excerpt":{"rendered":"<div id=\"tw-target-text-container\" class=\"tw-ta-container F0azHf tw-nfl\" tabindex=\"0\">\n<p>Do you have multiple decks of playing cards, coins, rubber bands strewn across your desk?<\/p>\n<p>Clear up the clutter on your magic desk.<\/p>\n<p>The design of storage spaces is a very in-depth category of design. Through scientific rational and clever design, chaos can become order.<\/p>\n<p>As magic enthusiasts and magicians continue to perform and practice, being able to combine storage of one&#8217;s magic props and accessories with portability has become more and more important. The TCC Presents Magician&#8217;s Organizer is a multifunctional close-up magic storage organizer designed specifically to address this problem. A combination of portability, storage, and practicality.<\/p>\n<p>The Magician&#8217;s Organizer is specially designed for the close-up magician or magic enthusiast. The size is efficient and the design is exquisite. It can easily accommodate various close-up magic props like coins, playing cards, dice, poker chips, rubber bands, Sharpie markers, pens, business cards, and other magic accessories. A high-quality close-up pad is also included.<\/p>\n<p>The Magician&#8217;s Organizer is perfect for intimate performances, practice, magic jamming sessions, and game nights.<\/p>\n<p>In terms of function, we have considered most user&#8217;s traits and habits. For added convenience, the Magician&#8217;s Organizer also comes with a portable vegan\/faux\/PU leather Folio Carrying Bag, allowing you to conveniently carry the Magician&#8217;s Organizer with you whenever you go and also acts as additional storage for your other accessories.<\/p>\n<p>In terms of materials, imported cross-grain embossed leather with a lighter texture is selected. It is hand-sewn with excellent workmanship. Not only is it beautiful and concise but also guarantees longevity. The surface of the close-up pad is supple, with a high high-density foam layer inside, making it very comfortable to use. The Folio Carrying Bag is made of plain-weave vegan\/faux\/PU leather. Thin, yet high quality. It is suitable for a variety of environments and even outdoor conditions. It does not fade and can easily carry and protect the Magician&#8217;s Organizer at all times.<\/p>\n<p>Suitable for:<br \/>\nMagicians, Magic enthusiasts, Card players.<\/p>\n<p>Functionality:<br \/>\nClose-up Pad + Storage + Portability<\/p>\n<p>Product specifications:<\/p>\n<p>*TCC Close-up Magic Organizer size<\/p>\n<p>Close-up pad dimensions: 287\u00d7188\u00d711mm<\/p>\n<p>External dimensions of storage organizer: 297\u00d7198\u00d730mm<\/p>\n<p>Thickness of the outer wall of the storage organizer: 5mm<\/p>\n<p>Thickness of the internal partition of the storage box: 4mm<\/p>\n<p>*TCC Close-up Magic Organizer weight: 409g (\u00b16g)<\/p>\n<p>*TCC Close-up Magic Organizer matching Folio Carrying Bag size: 323\u00d7226\u00d747mm<\/p>\n<p>*Magic Organizer and Folio Carrying Bag weight: 500g (\u00b18g)<\/p>\n<p>(Please allow for variance in manual measurement, subject to the actual product.)<\/p>\n<p id=\"tw-target-text\" class=\"tw-data-text tw-text-large tw-ta\" dir=\"ltr\" data-placeholder=\"\u00d6vers\u00e4ttning\"><span class=\"Y2IQFc\" lang=\"sv\">\u00a0<\/span><\/p>\n<\/div>\n<div id=\"tw-target-rmn-container\" class=\"tw-target-rmn tw-ta-container F0azHf tw-nfl\">\n<pre id=\"tw-target-rmn\" class=\"tw-data-placeholder tw-text-small tw-ta\" dir=\"ltr\" data-placeholder=\"\"><\/pre>\n<\/div>\n<p> [&#8230;]<\/p>\n<p><a class=\"btn btn-secondary understrap-read-more-link\" href=\"https:\/\/kortleksbolaget.se\/fi\/tuote\/magicians-organizer-by-tcc\/\">Lue lis\u00e4\u00e4&#8230;<span class=\"screen-reader-text\"> from Magicians Organizer by TCC<\/span><\/a><\/p>\n","protected":false},"featured_media":92678,"template":"","meta":{"_acf_changed":false},"product_brand":[],"product_cat":[129,138],"product_tag":[],"class_list":{"0":"post-92626","1":"product","2":"type-product","3":"status-publish","4":"has-post-thumbnail","6":"product_cat-taikuus-fi","7":"product_cat-tarvikket-ja-lahjakortit-fi","9":"first","10":"outofstock","11":"taxable","12":"shipping-taxable","13":"purchasable","14":"product-type-simple"},"acf":[],"yoast_head":"<!-- This site is optimized with the Yoast SEO plugin v26.3 - https:\/\/yoast.com\/wordpress\/plugins\/seo\/ -->\n<title>Kortlek Magicians Organizer by TCC | Kortleksbolaget<\/title>\n<meta name=\"description\" content=\"K\u00f6p Magicians Organizer by TCC. Snabba leveranser &amp; bra priser. Sveriges st\u00f6rsta sortiment av kortlekar p\u00e5 Kortleksbolaget!\" \/>\n<meta name=\"robots\" content=\"index, follow, max-snippet:-1, max-image-preview:large, max-video-preview:-1\" \/>\n<link rel=\"canonical\" href=\"https:\/\/kortleksbolaget.se\/fi\/tuote\/magicians-organizer-by-tcc\/\" \/>\n<meta property=\"og:locale\" content=\"fi_FI\" \/>\n<meta property=\"og:type\" content=\"article\" \/>\n<meta property=\"og:title\" content=\"Kortlek Magicians Organizer by TCC | Kortleksbolaget\" \/>\n<meta property=\"og:description\" content=\"K\u00f6p Magicians Organizer by TCC. Snabba leveranser &amp; bra priser. Sveriges st\u00f6rsta sortiment av kortlekar p\u00e5 Kortleksbolaget!\" \/>\n<meta property=\"og:url\" content=\"https:\/\/kortleksbolaget.se\/fi\/tuote\/magicians-organizer-by-tcc\/\" \/>\n<meta property=\"og:site_name\" content=\"Kortleksbolaget\" \/>\n<meta property=\"og:image\" content=\"https:\/\/kortleksbolaget.se\/wp-content\/uploads\/organizer-tcc-2.jpg\" \/>\n\t<meta property=\"og:image:width\" content=\"997\" \/>\n\t<meta property=\"og:image:height\" content=\"1496\" \/>\n\t<meta property=\"og:image:type\" content=\"image\/jpeg\" \/>\n<meta name=\"twitter:card\" content=\"summary_large_image\" \/>\n<script type=\"application\/ld+json\" class=\"yoast-schema-graph\">{\"@context\":\"https:\/\/schema.org\",\"@graph\":[{\"@type\":\"WebPage\",\"@id\":\"https:\/\/kortleksbolaget.se\/fi\/tuote\/magicians-organizer-by-tcc\/\",\"url\":\"https:\/\/kortleksbolaget.se\/fi\/tuote\/magicians-organizer-by-tcc\/\",\"name\":\"Kortlek Magicians Organizer by TCC | Kortleksbolaget\",\"isPartOf\":{\"@id\":\"https:\/\/kortleksbolaget.se\/fi\/#website\"},\"primaryImageOfPage\":{\"@id\":\"https:\/\/kortleksbolaget.se\/fi\/tuote\/magicians-organizer-by-tcc\/#primaryimage\"},\"image\":{\"@id\":\"https:\/\/kortleksbolaget.se\/fi\/tuote\/magicians-organizer-by-tcc\/#primaryimage\"},\"thumbnailUrl\":\"https:\/\/kortleksbolaget.se\/wp-content\/uploads\/organizer-tcc-2.jpg\",\"datePublished\":\"2022-08-05T21:28:49+00:00\",\"description\":\"K\u00f6p Magicians Organizer by TCC. Snabba leveranser & bra priser. Sveriges st\u00f6rsta sortiment av kortlekar p\u00e5 Kortleksbolaget!\",\"breadcrumb\":{\"@id\":\"https:\/\/kortleksbolaget.se\/fi\/tuote\/magicians-organizer-by-tcc\/#breadcrumb\"},\"inLanguage\":\"fi\",\"potentialAction\":[{\"@type\":\"ReadAction\",\"target\":[\"https:\/\/kortleksbolaget.se\/fi\/tuote\/magicians-organizer-by-tcc\/\"]}]},{\"@type\":\"ImageObject\",\"inLanguage\":\"fi\",\"@id\":\"https:\/\/kortleksbolaget.se\/fi\/tuote\/magicians-organizer-by-tcc\/#primaryimage\",\"url\":\"https:\/\/kortleksbolaget.se\/wp-content\/uploads\/organizer-tcc-2.jpg\",\"contentUrl\":\"https:\/\/kortleksbolaget.se\/wp-content\/uploads\/organizer-tcc-2.jpg\",\"width\":997,\"height\":1496},{\"@type\":\"BreadcrumbList\",\"@id\":\"https:\/\/kortleksbolaget.se\/fi\/tuote\/magicians-organizer-by-tcc\/#breadcrumb\",\"itemListElement\":[{\"@type\":\"ListItem\",\"position\":1,\"name\":\"Hem\",\"item\":\"https:\/\/kortleksbolaget.se\/fi\/\"},{\"@type\":\"ListItem\",\"position\":2,\"name\":\"N\u00e4yt\u00e4 kaikki tuotteet\",\"item\":\"https:\/\/kortleksbolaget.se\/fi\/kaupassa\/\"},{\"@type\":\"ListItem\",\"position\":3,\"name\":\"Magicians Organizer by TCC\"}]},{\"@type\":\"WebSite\",\"@id\":\"https:\/\/kortleksbolaget.se\/fi\/#website\",\"url\":\"https:\/\/kortleksbolaget.se\/fi\/\",\"name\":\"Kortleksbolaget\",\"description\":\"Kortlekar p\u00e5 n\u00e4tet\",\"publisher\":{\"@id\":\"https:\/\/kortleksbolaget.se\/fi\/#organization\"},\"potentialAction\":[{\"@type\":\"SearchAction\",\"target\":{\"@type\":\"EntryPoint\",\"urlTemplate\":\"https:\/\/kortleksbolaget.se\/fi\/?s={search_term_string}\"},\"query-input\":{\"@type\":\"PropertyValueSpecification\",\"valueRequired\":true,\"valueName\":\"search_term_string\"}}],\"inLanguage\":\"fi\"},{\"@type\":\"Organization\",\"@id\":\"https:\/\/kortleksbolaget.se\/fi\/#organization\",\"name\":\"Kortleksbolaget\",\"url\":\"https:\/\/kortleksbolaget.se\/fi\/\",\"logo\":{\"@type\":\"ImageObject\",\"inLanguage\":\"fi\",\"@id\":\"https:\/\/kortleksbolaget.se\/fi\/#\/schema\/logo\/image\/\",\"url\":\"https:\/\/kortleksbolaget.se\/wp-content\/uploads\/kortleksbolaget_logo-svart.png\",\"contentUrl\":\"https:\/\/kortleksbolaget.se\/wp-content\/uploads\/kortleksbolaget_logo-svart.png\",\"width\":1200,\"height\":296,\"caption\":\"Kortleksbolaget\"},\"image\":{\"@id\":\"https:\/\/kortleksbolaget.se\/fi\/#\/schema\/logo\/image\/\"}}]}<\/script>\n<!-- \/ Yoast SEO plugin. -->","yoast_head_json":{"title":"Kortlek Magicians Organizer by TCC | Kortleksbolaget","description":"K\u00f6p Magicians Organizer by TCC. Snabba leveranser & bra priser. Sveriges st\u00f6rsta sortiment av kortlekar p\u00e5 Kortleksbolaget!","robots":{"index":"index","follow":"follow","max-snippet":"max-snippet:-1","max-image-preview":"max-image-preview:large","max-video-preview":"max-video-preview:-1"},"canonical":"https:\/\/kortleksbolaget.se\/fi\/tuote\/magicians-organizer-by-tcc\/","og_locale":"fi_FI","og_type":"article","og_title":"Kortlek Magicians Organizer by TCC | Kortleksbolaget","og_description":"K\u00f6p Magicians Organizer by TCC. Snabba leveranser & bra priser. Sveriges st\u00f6rsta sortiment av kortlekar p\u00e5 Kortleksbolaget!","og_url":"https:\/\/kortleksbolaget.se\/fi\/tuote\/magicians-organizer-by-tcc\/","og_site_name":"Kortleksbolaget","og_image":[{"width":997,"height":1496,"url":"https:\/\/kortleksbolaget.se\/wp-content\/uploads\/organizer-tcc-2.jpg","type":"image\/jpeg"}],"twitter_card":"summary_large_image","schema":{"@context":"https:\/\/schema.org","@graph":[{"@type":"WebPage","@id":"https:\/\/kortleksbolaget.se\/fi\/tuote\/magicians-organizer-by-tcc\/","url":"https:\/\/kortleksbolaget.se\/fi\/tuote\/magicians-organizer-by-tcc\/","name":"Kortlek Magicians Organizer by TCC | Kortleksbolaget","isPartOf":{"@id":"https:\/\/kortleksbolaget.se\/fi\/#website"},"primaryImageOfPage":{"@id":"https:\/\/kortleksbolaget.se\/fi\/tuote\/magicians-organizer-by-tcc\/#primaryimage"},"image":{"@id":"https:\/\/kortleksbolaget.se\/fi\/tuote\/magicians-organizer-by-tcc\/#primaryimage"},"thumbnailUrl":"https:\/\/kortleksbolaget.se\/wp-content\/uploads\/organizer-tcc-2.jpg","datePublished":"2022-08-05T21:28:49+00:00","description":"K\u00f6p Magicians Organizer by TCC. Snabba leveranser & bra priser. Sveriges st\u00f6rsta sortiment av kortlekar p\u00e5 Kortleksbolaget!","breadcrumb":{"@id":"https:\/\/kortleksbolaget.se\/fi\/tuote\/magicians-organizer-by-tcc\/#breadcrumb"},"inLanguage":"fi","potentialAction":[{"@type":"ReadAction","target":["https:\/\/kortleksbolaget.se\/fi\/tuote\/magicians-organizer-by-tcc\/"]}]},{"@type":"ImageObject","inLanguage":"fi","@id":"https:\/\/kortleksbolaget.se\/fi\/tuote\/magicians-organizer-by-tcc\/#primaryimage","url":"https:\/\/kortleksbolaget.se\/wp-content\/uploads\/organizer-tcc-2.jpg","contentUrl":"https:\/\/kortleksbolaget.se\/wp-content\/uploads\/organizer-tcc-2.jpg","width":997,"height":1496},{"@type":"BreadcrumbList","@id":"https:\/\/kortleksbolaget.se\/fi\/tuote\/magicians-organizer-by-tcc\/#breadcrumb","itemListElement":[{"@type":"ListItem","position":1,"name":"Hem","item":"https:\/\/kortleksbolaget.se\/fi\/"},{"@type":"ListItem","position":2,"name":"N\u00e4yt\u00e4 kaikki tuotteet","item":"https:\/\/kortleksbolaget.se\/fi\/kaupassa\/"},{"@type":"ListItem","position":3,"name":"Magicians Organizer by TCC"}]},{"@type":"WebSite","@id":"https:\/\/kortleksbolaget.se\/fi\/#website","url":"https:\/\/kortleksbolaget.se\/fi\/","name":"Kortleksbolaget","description":"Kortlekar p\u00e5 n\u00e4tet","publisher":{"@id":"https:\/\/kortleksbolaget.se\/fi\/#organization"},"potentialAction":[{"@type":"SearchAction","target":{"@type":"EntryPoint","urlTemplate":"https:\/\/kortleksbolaget.se\/fi\/?s={search_term_string}"},"query-input":{"@type":"PropertyValueSpecification","valueRequired":true,"valueName":"search_term_string"}}],"inLanguage":"fi"},{"@type":"Organization","@id":"https:\/\/kortleksbolaget.se\/fi\/#organization","name":"Kortleksbolaget","url":"https:\/\/kortleksbolaget.se\/fi\/","logo":{"@type":"ImageObject","inLanguage":"fi","@id":"https:\/\/kortleksbolaget.se\/fi\/#\/schema\/logo\/image\/","url":"https:\/\/kortleksbolaget.se\/wp-content\/uploads\/kortleksbolaget_logo-svart.png","contentUrl":"https:\/\/kortleksbolaget.se\/wp-content\/uploads\/kortleksbolaget_logo-svart.png","width":1200,"height":296,"caption":"Kortleksbolaget"},"image":{"@id":"https:\/\/kortleksbolaget.se\/fi\/#\/schema\/logo\/image\/"}}]}},"_links":{"self":[{"href":"https:\/\/kortleksbolaget.se\/fi\/wp-json\/wp\/v2\/product\/92626","targetHints":{"allow":["GET"]}}],"collection":[{"href":"https:\/\/kortleksbolaget.se\/fi\/wp-json\/wp\/v2\/product"}],"about":[{"href":"https:\/\/kortleksbolaget.se\/fi\/wp-json\/wp\/v2\/types\/product"}],"wp:featuredmedia":[{"embeddable":true,"href":"https:\/\/kortleksbolaget.se\/fi\/wp-json\/wp\/v2\/media\/92678"}],"wp:attachment":[{"href":"https:\/\/kortleksbolaget.se\/fi\/wp-json\/wp\/v2\/media?parent=92626"}],"wp:term":[{"taxonomy":"product_brand","embeddable":true,"href":"https:\/\/kortleksbolaget.se\/fi\/wp-json\/wp\/v2\/product_brand?post=92626"},{"taxonomy":"product_cat","embeddable":true,"href":"https:\/\/kortleksbolaget.se\/fi\/wp-json\/wp\/v2\/product_cat?post=92626"},{"taxonomy":"product_tag","embeddable":true,"href":"https:\/\/kortleksbolaget.se\/fi\/wp-json\/wp\/v2\/product_tag?post=92626"}],"curies":[{"name":"wp","href":"https:\/\/api.w.org\/{rel}","templated":true}]}}