{"id":96313,"date":"2022-09-07T13:50:49","date_gmt":"2022-09-07T11:50:49","guid":{"rendered":"https:\/\/kortleksbolaget.se\/produkt\/black-requiem-counterspell\/"},"modified":"2022-09-07T13:50:49","modified_gmt":"2022-09-07T11:50:49","slug":"black-requiem-counterspell","status":"publish","type":"product","link":"https:\/\/kortleksbolaget.se\/fi\/tuote\/black-requiem-counterspell\/","title":{"rendered":"Black Requiem Counterspell"},"content":{"rendered":"","protected":false},"excerpt":{"rendered":"<p>This is a special edition of my first deck funded with Kickstarter in 2014. The regular 2014 Requiem (red faces and printed by USPCC) went out of stock long ago and it will not be reprinted to honour the promise with kickstarter backers in 2014.<\/p>\n<p>As the Regular Requiem tells the chronicles of a lost love, Black Requiem casts a counterspell\u00a0using Magick sigils on those cards depicting the feeling (aces and court cards).<\/p>\n<p><strong><em>Magick sigils<\/em><\/strong> are a way to focus on a will, no black magic or satanism involved.<\/p>\n<p>Basically they work like this:<\/p>\n<ul>\n<li>You write on paper a desire\/will as it is already happened. Example: you write I AM HAPPY, instead of I WANT TO BE HAPPY.<\/li>\n<li>Then you remove all the vowels I A A Y (Y counts as vowel)<\/li>\n<li>Now you have the consonants MHPP<\/li>\n<li>Duplicates have to be removed, therefore the 3 letter are MHP<\/li>\n<li>These can be rotated, stretched, mirrored, overlapped, distorted, and you can create your own sigil as showed in the pictures.<\/li>\n<li>you look at the sigil every day and you focus on that. It can be made as a tattoo or another way. It is important that it placed in a spot that is often in your sight.<\/li>\n<\/ul>\n<p>Example: the sigil made for the Ace of Spades:<br \/>\nThe original Ace of spades card was depicting solitude (<em>solitudo<\/em> in latin).<br \/>\nThe magick counterspell sigil is created with the latin word\u00a0<em>comitas<\/em>\u00a0(company), which is the exact opposite of solitude.<\/p>\n<p><b>Court Cards, Aces and number cards.<\/b><br \/>\nAll court cards and aces have a <em>magick sigil<\/em> overprinted with cold foil application on the center (gold for hearts and diamonds, silver for clubs and spades). All number cards have &#8221;healed&#8221; pips; not as the first version of Requiem Playing Cards.<\/p>\n<h3><strong>Specs<\/strong><\/h3>\n<ul>\n<li>56 cards B9 slimline printed by Cartamundi (Belgium)<\/li>\n<li>Poker size<\/li>\n<li>Gold foil application on the back design<\/li>\n<li>Gold and silver foil application on the faces<\/li>\n<li>Tuckbox printed by Boschiero&amp;Newton (Italy) with white foil, color print (joker on the front), black foil, embossing, and inner color in deep shiny red. Black paper stock of the darkest available black.<\/li>\n<li>Custom faces<\/li>\n<li>Gaff card: 17th of diamonds<\/li>\n<li>56th card: <em>magick sigils<\/em> meaning<\/li>\n<li>XVII Seal in red and black for all decks (see last picture)<\/li>\n<li>Wrapped in cellophane<\/li>\n<li>Made in the EU<\/li>\n<\/ul>\n<p>Photoshooting by Richard Arturo [&#8230;]<\/p>\n<p><a class=\"btn btn-secondary understrap-read-more-link\" href=\"https:\/\/kortleksbolaget.se\/fi\/tuote\/black-requiem-counterspell\/\">Lue lis\u00e4\u00e4&#8230;<span class=\"screen-reader-text\"> from Black Requiem Counterspell<\/span><\/a><\/p>\n","protected":false},"featured_media":96299,"template":"","meta":{"_acf_changed":false},"product_brand":[],"product_cat":[130],"product_tag":[],"class_list":{"0":"post-96313","1":"product","2":"type-product","3":"status-publish","4":"has-post-thumbnail","6":"varumarke-stockholm17-fi","7":"product_cat-special-lyx-limited-fi","9":"first","10":"outofstock","11":"taxable","12":"shipping-taxable","13":"purchasable","14":"product-type-simple"},"acf":[],"yoast_head":"<!-- This site is optimized with the Yoast SEO plugin v27.5 - https:\/\/yoast.com\/product\/yoast-seo-wordpress\/ -->\n<title>Kortlek Black Requiem Counterspell | Kortleksbolaget<\/title>\n<meta name=\"description\" content=\"K\u00f6p Black Requiem Counterspell. Snabba leveranser &amp; bra priser. Sveriges st\u00f6rsta sortiment av kortlekar p\u00e5 Kortleksbolaget!\" \/>\n<meta name=\"robots\" content=\"index, follow, max-snippet:-1, max-image-preview:large, max-video-preview:-1\" \/>\n<link rel=\"canonical\" href=\"https:\/\/kortleksbolaget.se\/fi\/tuote\/black-requiem-counterspell\/\" \/>\n<meta property=\"og:locale\" content=\"fi_FI\" \/>\n<meta property=\"og:type\" content=\"article\" \/>\n<meta property=\"og:title\" content=\"Kortlek Black Requiem Counterspell | Kortleksbolaget\" \/>\n<meta property=\"og:description\" content=\"K\u00f6p Black Requiem Counterspell. Snabba leveranser &amp; bra priser. Sveriges st\u00f6rsta sortiment av kortlekar p\u00e5 Kortleksbolaget!\" \/>\n<meta property=\"og:url\" content=\"https:\/\/kortleksbolaget.se\/fi\/tuote\/black-requiem-counterspell\/\" \/>\n<meta property=\"og:site_name\" content=\"Kortleksbolaget\" \/>\n<meta property=\"og:image\" content=\"https:\/\/kortleksbolaget.se\/wp-content\/uploads\/requiem-black.jpg\" \/>\n\t<meta property=\"og:image:width\" content=\"546\" \/>\n\t<meta property=\"og:image:height\" content=\"818\" \/>\n\t<meta property=\"og:image:type\" content=\"image\/jpeg\" \/>\n<meta name=\"twitter:card\" content=\"summary_large_image\" \/>\n<script type=\"application\/ld+json\" class=\"yoast-schema-graph\">{\"@context\":\"https:\\\/\\\/schema.org\",\"@graph\":[{\"@type\":\"WebPage\",\"@id\":\"https:\\\/\\\/kortleksbolaget.se\\\/fi\\\/tuote\\\/black-requiem-counterspell\\\/\",\"url\":\"https:\\\/\\\/kortleksbolaget.se\\\/fi\\\/tuote\\\/black-requiem-counterspell\\\/\",\"name\":\"Kortlek Black Requiem Counterspell | Kortleksbolaget\",\"isPartOf\":{\"@id\":\"https:\\\/\\\/kortleksbolaget.se\\\/fi\\\/#website\"},\"primaryImageOfPage\":{\"@id\":\"https:\\\/\\\/kortleksbolaget.se\\\/fi\\\/tuote\\\/black-requiem-counterspell\\\/#primaryimage\"},\"image\":{\"@id\":\"https:\\\/\\\/kortleksbolaget.se\\\/fi\\\/tuote\\\/black-requiem-counterspell\\\/#primaryimage\"},\"thumbnailUrl\":\"https:\\\/\\\/kortleksbolaget.se\\\/wp-content\\\/uploads\\\/requiem-black.jpg\",\"datePublished\":\"2022-09-07T11:50:49+00:00\",\"description\":\"K\u00f6p Black Requiem Counterspell. Snabba leveranser & bra priser. Sveriges st\u00f6rsta sortiment av kortlekar p\u00e5 Kortleksbolaget!\",\"breadcrumb\":{\"@id\":\"https:\\\/\\\/kortleksbolaget.se\\\/fi\\\/tuote\\\/black-requiem-counterspell\\\/#breadcrumb\"},\"inLanguage\":\"fi\",\"potentialAction\":[{\"@type\":\"ReadAction\",\"target\":[\"https:\\\/\\\/kortleksbolaget.se\\\/fi\\\/tuote\\\/black-requiem-counterspell\\\/\"]}]},{\"@type\":\"ImageObject\",\"inLanguage\":\"fi\",\"@id\":\"https:\\\/\\\/kortleksbolaget.se\\\/fi\\\/tuote\\\/black-requiem-counterspell\\\/#primaryimage\",\"url\":\"https:\\\/\\\/kortleksbolaget.se\\\/wp-content\\\/uploads\\\/requiem-black.jpg\",\"contentUrl\":\"https:\\\/\\\/kortleksbolaget.se\\\/wp-content\\\/uploads\\\/requiem-black.jpg\",\"width\":546,\"height\":818},{\"@type\":\"BreadcrumbList\",\"@id\":\"https:\\\/\\\/kortleksbolaget.se\\\/fi\\\/tuote\\\/black-requiem-counterspell\\\/#breadcrumb\",\"itemListElement\":[{\"@type\":\"ListItem\",\"position\":1,\"name\":\"Hem\",\"item\":\"https:\\\/\\\/kortleksbolaget.se\\\/fi\\\/\"},{\"@type\":\"ListItem\",\"position\":2,\"name\":\"N\u00e4yt\u00e4 kaikki tuotteet\",\"item\":\"https:\\\/\\\/kortleksbolaget.se\\\/fi\\\/kaupassa\\\/\"},{\"@type\":\"ListItem\",\"position\":3,\"name\":\"Black Requiem Counterspell\"}]},{\"@type\":\"WebSite\",\"@id\":\"https:\\\/\\\/kortleksbolaget.se\\\/fi\\\/#website\",\"url\":\"https:\\\/\\\/kortleksbolaget.se\\\/fi\\\/\",\"name\":\"Kortleksbolaget\",\"description\":\"Kortlekar p\u00e5 n\u00e4tet\",\"publisher\":{\"@id\":\"https:\\\/\\\/kortleksbolaget.se\\\/fi\\\/#organization\"},\"potentialAction\":[{\"@type\":\"SearchAction\",\"target\":{\"@type\":\"EntryPoint\",\"urlTemplate\":\"https:\\\/\\\/kortleksbolaget.se\\\/fi\\\/?s={search_term_string}\"},\"query-input\":{\"@type\":\"PropertyValueSpecification\",\"valueRequired\":true,\"valueName\":\"search_term_string\"}}],\"inLanguage\":\"fi\"},{\"@type\":\"Organization\",\"@id\":\"https:\\\/\\\/kortleksbolaget.se\\\/fi\\\/#organization\",\"name\":\"Kortleksbolaget\",\"url\":\"https:\\\/\\\/kortleksbolaget.se\\\/fi\\\/\",\"logo\":{\"@type\":\"ImageObject\",\"inLanguage\":\"fi\",\"@id\":\"https:\\\/\\\/kortleksbolaget.se\\\/fi\\\/#\\\/schema\\\/logo\\\/image\\\/\",\"url\":\"https:\\\/\\\/kortleksbolaget.se\\\/wp-content\\\/uploads\\\/kortleksbolaget_logo-svart.png\",\"contentUrl\":\"https:\\\/\\\/kortleksbolaget.se\\\/wp-content\\\/uploads\\\/kortleksbolaget_logo-svart.png\",\"width\":1200,\"height\":296,\"caption\":\"Kortleksbolaget\"},\"image\":{\"@id\":\"https:\\\/\\\/kortleksbolaget.se\\\/fi\\\/#\\\/schema\\\/logo\\\/image\\\/\"}}]}<\/script>\n<!-- \/ Yoast SEO plugin. -->","yoast_head_json":{"title":"Kortlek Black Requiem Counterspell | Kortleksbolaget","description":"K\u00f6p Black Requiem Counterspell. Snabba leveranser & bra priser. Sveriges st\u00f6rsta sortiment av kortlekar p\u00e5 Kortleksbolaget!","robots":{"index":"index","follow":"follow","max-snippet":"max-snippet:-1","max-image-preview":"max-image-preview:large","max-video-preview":"max-video-preview:-1"},"canonical":"https:\/\/kortleksbolaget.se\/fi\/tuote\/black-requiem-counterspell\/","og_locale":"fi_FI","og_type":"article","og_title":"Kortlek Black Requiem Counterspell | Kortleksbolaget","og_description":"K\u00f6p Black Requiem Counterspell. Snabba leveranser & bra priser. Sveriges st\u00f6rsta sortiment av kortlekar p\u00e5 Kortleksbolaget!","og_url":"https:\/\/kortleksbolaget.se\/fi\/tuote\/black-requiem-counterspell\/","og_site_name":"Kortleksbolaget","og_image":[{"width":546,"height":818,"url":"https:\/\/kortleksbolaget.se\/wp-content\/uploads\/requiem-black.jpg","type":"image\/jpeg"}],"twitter_card":"summary_large_image","schema":{"@context":"https:\/\/schema.org","@graph":[{"@type":"WebPage","@id":"https:\/\/kortleksbolaget.se\/fi\/tuote\/black-requiem-counterspell\/","url":"https:\/\/kortleksbolaget.se\/fi\/tuote\/black-requiem-counterspell\/","name":"Kortlek Black Requiem Counterspell | Kortleksbolaget","isPartOf":{"@id":"https:\/\/kortleksbolaget.se\/fi\/#website"},"primaryImageOfPage":{"@id":"https:\/\/kortleksbolaget.se\/fi\/tuote\/black-requiem-counterspell\/#primaryimage"},"image":{"@id":"https:\/\/kortleksbolaget.se\/fi\/tuote\/black-requiem-counterspell\/#primaryimage"},"thumbnailUrl":"https:\/\/kortleksbolaget.se\/wp-content\/uploads\/requiem-black.jpg","datePublished":"2022-09-07T11:50:49+00:00","description":"K\u00f6p Black Requiem Counterspell. Snabba leveranser & bra priser. Sveriges st\u00f6rsta sortiment av kortlekar p\u00e5 Kortleksbolaget!","breadcrumb":{"@id":"https:\/\/kortleksbolaget.se\/fi\/tuote\/black-requiem-counterspell\/#breadcrumb"},"inLanguage":"fi","potentialAction":[{"@type":"ReadAction","target":["https:\/\/kortleksbolaget.se\/fi\/tuote\/black-requiem-counterspell\/"]}]},{"@type":"ImageObject","inLanguage":"fi","@id":"https:\/\/kortleksbolaget.se\/fi\/tuote\/black-requiem-counterspell\/#primaryimage","url":"https:\/\/kortleksbolaget.se\/wp-content\/uploads\/requiem-black.jpg","contentUrl":"https:\/\/kortleksbolaget.se\/wp-content\/uploads\/requiem-black.jpg","width":546,"height":818},{"@type":"BreadcrumbList","@id":"https:\/\/kortleksbolaget.se\/fi\/tuote\/black-requiem-counterspell\/#breadcrumb","itemListElement":[{"@type":"ListItem","position":1,"name":"Hem","item":"https:\/\/kortleksbolaget.se\/fi\/"},{"@type":"ListItem","position":2,"name":"N\u00e4yt\u00e4 kaikki tuotteet","item":"https:\/\/kortleksbolaget.se\/fi\/kaupassa\/"},{"@type":"ListItem","position":3,"name":"Black Requiem Counterspell"}]},{"@type":"WebSite","@id":"https:\/\/kortleksbolaget.se\/fi\/#website","url":"https:\/\/kortleksbolaget.se\/fi\/","name":"Kortleksbolaget","description":"Kortlekar p\u00e5 n\u00e4tet","publisher":{"@id":"https:\/\/kortleksbolaget.se\/fi\/#organization"},"potentialAction":[{"@type":"SearchAction","target":{"@type":"EntryPoint","urlTemplate":"https:\/\/kortleksbolaget.se\/fi\/?s={search_term_string}"},"query-input":{"@type":"PropertyValueSpecification","valueRequired":true,"valueName":"search_term_string"}}],"inLanguage":"fi"},{"@type":"Organization","@id":"https:\/\/kortleksbolaget.se\/fi\/#organization","name":"Kortleksbolaget","url":"https:\/\/kortleksbolaget.se\/fi\/","logo":{"@type":"ImageObject","inLanguage":"fi","@id":"https:\/\/kortleksbolaget.se\/fi\/#\/schema\/logo\/image\/","url":"https:\/\/kortleksbolaget.se\/wp-content\/uploads\/kortleksbolaget_logo-svart.png","contentUrl":"https:\/\/kortleksbolaget.se\/wp-content\/uploads\/kortleksbolaget_logo-svart.png","width":1200,"height":296,"caption":"Kortleksbolaget"},"image":{"@id":"https:\/\/kortleksbolaget.se\/fi\/#\/schema\/logo\/image\/"}}]}},"_links":{"self":[{"href":"https:\/\/kortleksbolaget.se\/fi\/wp-json\/wp\/v2\/product\/96313","targetHints":{"allow":["GET"]}}],"collection":[{"href":"https:\/\/kortleksbolaget.se\/fi\/wp-json\/wp\/v2\/product"}],"about":[{"href":"https:\/\/kortleksbolaget.se\/fi\/wp-json\/wp\/v2\/types\/product"}],"wp:featuredmedia":[{"embeddable":true,"href":"https:\/\/kortleksbolaget.se\/fi\/wp-json\/wp\/v2\/media\/96299"}],"wp:attachment":[{"href":"https:\/\/kortleksbolaget.se\/fi\/wp-json\/wp\/v2\/media?parent=96313"}],"wp:term":[{"taxonomy":"product_brand","embeddable":true,"href":"https:\/\/kortleksbolaget.se\/fi\/wp-json\/wp\/v2\/product_brand?post=96313"},{"taxonomy":"product_cat","embeddable":true,"href":"https:\/\/kortleksbolaget.se\/fi\/wp-json\/wp\/v2\/product_cat?post=96313"},{"taxonomy":"product_tag","embeddable":true,"href":"https:\/\/kortleksbolaget.se\/fi\/wp-json\/wp\/v2\/product_tag?post=96313"}],"curies":[{"name":"wp","href":"https:\/\/api.w.org\/{rel}","templated":true}]}}