{"id":18172,"date":"2019-05-14T08:38:23","date_gmt":"2019-05-14T06:38:23","guid":{"rendered":"https:\/\/kortleksbolaget.se\/nyasidan2021\/start\/"},"modified":"2025-11-28T23:33:27","modified_gmt":"2025-11-28T22:33:27","slug":"start","status":"publish","type":"page","link":"https:\/\/kortleksbolaget.se\/no\/","title":{"rendered":"Start"},"content":{"rendered":"<h2 style=\"text-align: center;\">Kortstokker p\u00e5 nettet &#8211; Uten ekstra gebyrer og norsk toll<\/h2>\n<p>Velkommen til Kortleksbolaget, Skandinavias eneste rene kortstokkbutikk p\u00e5 nettet. Hos oss finner du over 1000 forskjellige kortstokker fra en lang rekke merker, alt fra de mer dagligdagse typene til spesielle samlerobjekt. Vi har spillekort for alle, uansett hva du er ute etter.<\/p>\n<p><strong>Her kj\u00f8per du dine kortstokker uten \u00e5 m\u00e5tte betale norsk toll &#8211; det er prisen du ser her som teller! Bestill dine kortstokker til virkelig gode priser og med raske leveranser over hele Norge.<\/strong><\/p>\n<p>Kortstokker er meget allsidige ting med mange ulike bruksomr\u00e5der, med \u00e9n eneste kortstokk kan du underholde deg selv eller selskapet en lang stund. Spille spill, legge kabal, eller utf\u00f8re forskjellige trylletriks.<br \/>\nDen vanligste typen og den vi oftest tenker p\u00e5 n\u00e5r vi sier kortstokk, er den fransk-engelske kortstokken. Den best\u00e5r av 52 spillekort som er delt inn i fire ulike farger eller suiter. De forskjellige fargene best\u00e5r i sin tur av hvert sitt was, nummerkort fra 2-10 og tre kledde kort; en knekt, en dame, og en konge. Gjennom historien har vi med disse kortene skapt en lang rekke forskjellige kortspill, som har underholdt mange generasjoner.<\/p>\n<p>&nbsp;<\/p>\n<h2 style=\"text-align: center;\">Bicycle kortstokken<\/h2>\n<div id='gallery-1' class='gallery galleryid-18172 gallery-columns-4 gallery-size-medium'><figure class='gallery-item'>\n\t\t\t<div class='gallery-icon portrait'>\n\t\t\t\t<img loading=\"lazy\" decoding=\"async\" width=\"400\" height=\"600\" src=\"https:\/\/kortleksbolaget.se\/wp-content\/uploads\/bicycle-purple-violet-400x600.jpg\" class=\"attachment-medium size-medium\" alt=\"Lila Bicycle kortstokken\" srcset=\"https:\/\/kortleksbolaget.se\/wp-content\/uploads\/bicycle-purple-violet-400x600.jpg 400w, https:\/\/kortleksbolaget.se\/wp-content\/uploads\/bicycle-purple-violet-800x1200.jpg 800w, https:\/\/kortleksbolaget.se\/wp-content\/uploads\/bicycle-purple-violet-200x300.jpg 200w, https:\/\/kortleksbolaget.se\/wp-content\/uploads\/bicycle-purple-violet-768x1152.jpg 768w, https:\/\/kortleksbolaget.se\/wp-content\/uploads\/bicycle-purple-violet-1024x1536.jpg 1024w, https:\/\/kortleksbolaget.se\/wp-content\/uploads\/bicycle-purple-violet-scaled.jpg 1365w, https:\/\/kortleksbolaget.se\/wp-content\/uploads\/bicycle-purple-violet-275x413.jpg 275w, https:\/\/kortleksbolaget.se\/wp-content\/uploads\/bicycle-purple-violet-600x900.jpg 600w, https:\/\/kortleksbolaget.se\/wp-content\/uploads\/bicycle-purple-violet-40x60.jpg 40w, https:\/\/kortleksbolaget.se\/wp-content\/uploads\/bicycle-purple-violet-60x90.jpg 60w\" sizes=\"auto, (max-width: 400px) 100vw, 400px\" \/>\n\t\t\t<\/div><\/figure><figure class='gallery-item'>\n\t\t\t<div class='gallery-icon portrait'>\n\t\t\t\t<img loading=\"lazy\" decoding=\"async\" width=\"400\" height=\"600\" src=\"https:\/\/kortleksbolaget.se\/wp-content\/uploads\/bicycle-starlight-black-hole-1-400x600.jpg\" class=\"attachment-medium size-medium\" alt=\"Bicycle kortstokk svart\" srcset=\"https:\/\/kortleksbolaget.se\/wp-content\/uploads\/bicycle-starlight-black-hole-1-400x600.jpg 400w, https:\/\/kortleksbolaget.se\/wp-content\/uploads\/bicycle-starlight-black-hole-1-200x300.jpg 200w, https:\/\/kortleksbolaget.se\/wp-content\/uploads\/bicycle-starlight-black-hole-1-275x413.jpg 275w, https:\/\/kortleksbolaget.se\/wp-content\/uploads\/bicycle-starlight-black-hole-1-64x96.jpg 64w, https:\/\/kortleksbolaget.se\/wp-content\/uploads\/bicycle-starlight-black-hole-1-40x60.jpg 40w, https:\/\/kortleksbolaget.se\/wp-content\/uploads\/bicycle-starlight-black-hole-1-60x90.jpg 60w, https:\/\/kortleksbolaget.se\/wp-content\/uploads\/bicycle-starlight-black-hole-1.jpg 495w\" sizes=\"auto, (max-width: 400px) 100vw, 400px\" \/>\n\t\t\t<\/div><\/figure><figure class='gallery-item'>\n\t\t\t<div class='gallery-icon portrait'>\n\t\t\t\t<img loading=\"lazy\" decoding=\"async\" width=\"400\" height=\"600\" src=\"https:\/\/kortleksbolaget.se\/wp-content\/uploads\/bicycle-turqoise-400x600.jpg\" class=\"attachment-medium size-medium\" alt=\"Bl\u00e5 Bicycle kortstokk\" srcset=\"https:\/\/kortleksbolaget.se\/wp-content\/uploads\/bicycle-turqoise-400x600.jpg 400w, https:\/\/kortleksbolaget.se\/wp-content\/uploads\/bicycle-turqoise-800x1200.jpg 800w, https:\/\/kortleksbolaget.se\/wp-content\/uploads\/bicycle-turqoise-200x300.jpg 200w, https:\/\/kortleksbolaget.se\/wp-content\/uploads\/bicycle-turqoise-768x1152.jpg 768w, https:\/\/kortleksbolaget.se\/wp-content\/uploads\/bicycle-turqoise-1024x1536.jpg 1024w, https:\/\/kortleksbolaget.se\/wp-content\/uploads\/bicycle-turqoise-scaled.jpg 1365w, https:\/\/kortleksbolaget.se\/wp-content\/uploads\/bicycle-turqoise-275x413.jpg 275w, https:\/\/kortleksbolaget.se\/wp-content\/uploads\/bicycle-turqoise-600x900.jpg 600w, https:\/\/kortleksbolaget.se\/wp-content\/uploads\/bicycle-turqoise-40x60.jpg 40w, https:\/\/kortleksbolaget.se\/wp-content\/uploads\/bicycle-turqoise-60x90.jpg 60w\" sizes=\"auto, (max-width: 400px) 100vw, 400px\" \/>\n\t\t\t<\/div><\/figure><figure class='gallery-item'>\n\t\t\t<div class='gallery-icon portrait'>\n\t\t\t\t<img loading=\"lazy\" decoding=\"async\" width=\"400\" height=\"600\" src=\"https:\/\/kortleksbolaget.se\/wp-content\/uploads\/bicycle-spirit-red-400x600.jpg\" class=\"attachment-medium size-medium\" alt=\"Bicycle spirit red kortstokk\" srcset=\"https:\/\/kortleksbolaget.se\/wp-content\/uploads\/bicycle-spirit-red-400x600.jpg 400w, https:\/\/kortleksbolaget.se\/wp-content\/uploads\/bicycle-spirit-red-800x1200.jpg 800w, https:\/\/kortleksbolaget.se\/wp-content\/uploads\/bicycle-spirit-red-200x300.jpg 200w, https:\/\/kortleksbolaget.se\/wp-content\/uploads\/bicycle-spirit-red-768x1152.jpg 768w, https:\/\/kortleksbolaget.se\/wp-content\/uploads\/bicycle-spirit-red-1024x1536.jpg 1024w, https:\/\/kortleksbolaget.se\/wp-content\/uploads\/bicycle-spirit-red-scaled.jpg 1365w, https:\/\/kortleksbolaget.se\/wp-content\/uploads\/bicycle-spirit-red-275x413.jpg 275w, https:\/\/kortleksbolaget.se\/wp-content\/uploads\/bicycle-spirit-red-600x900.jpg 600w, https:\/\/kortleksbolaget.se\/wp-content\/uploads\/bicycle-spirit-red-40x60.jpg 40w, https:\/\/kortleksbolaget.se\/wp-content\/uploads\/bicycle-spirit-red-60x90.jpg 60w\" sizes=\"auto, (max-width: 400px) 100vw, 400px\" \/>\n\t\t\t<\/div><\/figure>\n\t\t<\/div>\n\n<p style=\"text-align: center;\">Oppdag v\u00e5re stilige og nyttige spillkort fra Bicycle, som er blant de mest popul\u00e6re kortstokken i verden. De brukes i de fleste store kasinoer rundt om i verden og er spesielt utviklet for \u00e5 spille poker og andre kasinospill med. Kortstokker fra Bicycle er laget av plast slik at de glir ekstra godt mellom fingrene og er ekstra vanskelige \u00e5 markere med blyanter, for \u00e5 hindre juks i poker. Sjekk ut v\u00e5rt brede utvalg av kortspill fra <a href=\"https:\/\/kortleksbolaget.se\/no\/varumarke\/bicycle-no\/\"><strong>Bicycle<\/strong><\/a>!<\/p>\n<p>&nbsp;<\/p>\n<p>&nbsp;<\/p>\n<h2 style=\"text-align: center;\">Kortstokker for alle anledninger<\/h2>\n<p>Vi tilbyr kortstokker fra alle de mest kjente produsentene. Vi har kortstokker fra merker som Bicycle, Cartamundi, USPCC og KEM \u2013 og mange flere. Kortene er av h\u00f8yeste kvalitet og vil vare i mange \u00e5r fremover. S\u00f8rg for at du har den nyeste kortstokken n\u00e5r du spiller kort med venner eller pokerklubben.<\/p>\n<p>Vi har en kortstokk for enhver anledning. Enten du skal spille poker med vennene dine, l\u00e6re Cardistry eller bare vil ha en fin kortstokk i bokhyllen hjemme. Vi har mange fine kortspill som passer som interi\u00f8rdetaljer eller gaver.<br \/>\nHvis du samler p\u00e5 kortstokk og ser etter spesielle kort som er begrenset opplag, vil du garantert finne en kortstokk for deg. Vi f\u00e5r stadig nye spennende kortstokker p\u00e5 lager. V\u00e5re dekk er laget av forskjellige materialer, inkludert plast. Plastkort spiller fint p\u00e5 bordet og mellom fingrene n\u00e5r du blander. Plastdekk f\u00f8les mer eksklusive enn papirdekk. Opplev f\u00f8lelsen av \u00e5 spille kort med plastkort!<\/p>\n<p>&nbsp;<\/p>\n<h2 style=\"text-align: center;\">En kortstokk som gave<\/h2>\n<p>En kortstokk kan ogs\u00e5 fungere utmerket som gave. Vi har mange luksuri\u00f8se og unike kortstokker, perfekt for f.eks. samleren eller pokerfantasten. \u00c5 f\u00e5 <a href=\"https:\/\/kortleksbolaget.se\/no\/alla-produkter\/\">spillekort <\/a>i gave er vanligvis veldig verdsatt. De fleste har noen tilkobling eller minner knyttet til en kortstokk. P\u00e5 skolen sitter du kanskje og spiller kort i pausene, eller du har kanskje funnet den neste store tryllekunstneren som er p\u00e5 vei til sitt store gjennombrudd. Uansett hvem du vil gi en gave til, har vi en kortstokk som vi tror passer perfekt.<\/p>\n<p>V\u00e5re dekk kommer i flere forskjellige prisklasser. Dette betyr at du ikke trenger \u00e5 bruke mye penger p\u00e5 kortstokken du skal gi bort. For deg som \u00f8nsker en litt dyrere og luksuri\u00f8sere kortstokk b\u00f8r du g\u00e5 til <a href=\"https:\/\/kortleksbolaget.se\/no\/produkt-kategori\/special-lyx-limited-no\/\"><strong>denne siden<\/strong><\/a>. Der kan du finne masse morsomme og kule kortstokker som er perfekte \u00e5 gi bort i gave, til alle!<br \/>\nHar du vanskeligheter med \u00e5 velge hvilken kortstokk du skal gi bort, kan vi anbefale deg \u00e5 kj\u00f8pe et gavekort. Da kan den som mottar gavekortet velge hvilket kortspill de vil kj\u00f8pe. Eller hvorfor ikke gi bort en display for kortstokker, hvor du kan vise frem dine vakreste kortstokker p\u00e5 en trygg og attraktiv m\u00e5te. Ta deg til siden for v\u00e5re <a href=\"https:\/\/kortleksbolaget.se\/no\/produkt-kategori\/tilbehor-gavekort-no\/\"><strong>gavekort og tilbeh\u00f8r<\/strong><\/a>!<\/p>\n<p>&nbsp;<\/p>\n<div id='gallery-2' class='gallery galleryid-18172 gallery-columns-6 gallery-size-medium'><figure class='gallery-item'>\n\t\t\t<div class='gallery-icon portrait'>\n\t\t\t\t<img loading=\"lazy\" decoding=\"async\" width=\"400\" height=\"600\" src=\"https:\/\/kortleksbolaget.se\/wp-content\/uploads\/phoenix-riffleshuffle-1-400x600.jpg\" class=\"attachment-medium size-medium\" alt=\"Kortstokk med bilde av et phoenix\" srcset=\"https:\/\/kortleksbolaget.se\/wp-content\/uploads\/phoenix-riffleshuffle-1-400x600.jpg 400w, https:\/\/kortleksbolaget.se\/wp-content\/uploads\/phoenix-riffleshuffle-1-200x300.jpg 200w, https:\/\/kortleksbolaget.se\/wp-content\/uploads\/phoenix-riffleshuffle-1-275x413.jpg 275w, https:\/\/kortleksbolaget.se\/wp-content\/uploads\/phoenix-riffleshuffle-1-40x60.jpg 40w, https:\/\/kortleksbolaget.se\/wp-content\/uploads\/phoenix-riffleshuffle-1-60x90.jpg 60w, https:\/\/kortleksbolaget.se\/wp-content\/uploads\/phoenix-riffleshuffle-1.jpg 540w\" sizes=\"auto, (max-width: 400px) 100vw, 400px\" \/>\n\t\t\t<\/div><\/figure><figure class='gallery-item'>\n\t\t\t<div class='gallery-icon portrait'>\n\t\t\t\t<img loading=\"lazy\" decoding=\"async\" width=\"400\" height=\"600\" src=\"https:\/\/kortleksbolaget.se\/wp-content\/uploads\/allstar-playing-cards-400x600.jpg\" class=\"attachment-medium size-medium\" alt=\"Kortstokk med kul emballasje\" srcset=\"https:\/\/kortleksbolaget.se\/wp-content\/uploads\/allstar-playing-cards-400x600.jpg 400w, https:\/\/kortleksbolaget.se\/wp-content\/uploads\/allstar-playing-cards-200x300.jpg 200w, https:\/\/kortleksbolaget.se\/wp-content\/uploads\/allstar-playing-cards-275x413.jpg 275w, https:\/\/kortleksbolaget.se\/wp-content\/uploads\/allstar-playing-cards-40x60.jpg 40w, https:\/\/kortleksbolaget.se\/wp-content\/uploads\/allstar-playing-cards-60x90.jpg 60w, https:\/\/kortleksbolaget.se\/wp-content\/uploads\/allstar-playing-cards.jpg 541w\" sizes=\"auto, (max-width: 400px) 100vw, 400px\" \/>\n\t\t\t<\/div><\/figure><figure class='gallery-item'>\n\t\t\t<div class='gallery-icon portrait'>\n\t\t\t\t<img loading=\"lazy\" decoding=\"async\" width=\"401\" height=\"600\" src=\"https:\/\/kortleksbolaget.se\/wp-content\/uploads\/stone-garden-playing-cards-2-401x600.jpg\" class=\"attachment-medium size-medium\" alt=\"Kortstokk med elegant innpakning\" srcset=\"https:\/\/kortleksbolaget.se\/wp-content\/uploads\/stone-garden-playing-cards-2-401x600.jpg 401w, https:\/\/kortleksbolaget.se\/wp-content\/uploads\/stone-garden-playing-cards-2-200x300.jpg 200w, https:\/\/kortleksbolaget.se\/wp-content\/uploads\/stone-garden-playing-cards-2-40x60.jpg 40w, https:\/\/kortleksbolaget.se\/wp-content\/uploads\/stone-garden-playing-cards-2-60x90.jpg 60w, https:\/\/kortleksbolaget.se\/wp-content\/uploads\/stone-garden-playing-cards-2.jpg 517w\" sizes=\"auto, (max-width: 401px) 100vw, 401px\" \/>\n\t\t\t<\/div><\/figure><figure class='gallery-item'>\n\t\t\t<div class='gallery-icon portrait'>\n\t\t\t\t<img loading=\"lazy\" decoding=\"async\" width=\"400\" height=\"600\" src=\"https:\/\/kortleksbolaget.se\/wp-content\/uploads\/cabinetarium-art-of-play-1-400x600.jpg\" class=\"attachment-medium size-medium\" alt=\"Kortstokker med spesialemballasje\" srcset=\"https:\/\/kortleksbolaget.se\/wp-content\/uploads\/cabinetarium-art-of-play-1-400x600.jpg 400w, https:\/\/kortleksbolaget.se\/wp-content\/uploads\/cabinetarium-art-of-play-1-200x300.jpg 200w, https:\/\/kortleksbolaget.se\/wp-content\/uploads\/cabinetarium-art-of-play-1-275x413.jpg 275w, https:\/\/kortleksbolaget.se\/wp-content\/uploads\/cabinetarium-art-of-play-1-40x60.jpg 40w, https:\/\/kortleksbolaget.se\/wp-content\/uploads\/cabinetarium-art-of-play-1-60x90.jpg 60w, https:\/\/kortleksbolaget.se\/wp-content\/uploads\/cabinetarium-art-of-play-1.jpg 517w\" sizes=\"auto, (max-width: 400px) 100vw, 400px\" \/>\n\t\t\t<\/div><\/figure><figure class='gallery-item'>\n\t\t\t<div class='gallery-icon portrait'>\n\t\t\t\t<img loading=\"lazy\" decoding=\"async\" width=\"400\" height=\"600\" src=\"https:\/\/kortleksbolaget.se\/wp-content\/uploads\/diamon-no14-400x600.jpg\" class=\"attachment-medium size-medium\" alt=\"Kortstokker med gul og lilla emballasje\" srcset=\"https:\/\/kortleksbolaget.se\/wp-content\/uploads\/diamon-no14-400x600.jpg 400w, https:\/\/kortleksbolaget.se\/wp-content\/uploads\/diamon-no14-200x300.jpg 200w, https:\/\/kortleksbolaget.se\/wp-content\/uploads\/diamon-no14-275x413.jpg 275w, https:\/\/kortleksbolaget.se\/wp-content\/uploads\/diamon-no14-40x60.jpg 40w, https:\/\/kortleksbolaget.se\/wp-content\/uploads\/diamon-no14-60x90.jpg 60w, https:\/\/kortleksbolaget.se\/wp-content\/uploads\/diamon-no14.jpg 536w\" sizes=\"auto, (max-width: 400px) 100vw, 400px\" \/>\n\t\t\t<\/div><\/figure><figure class='gallery-item'>\n\t\t\t<div class='gallery-icon portrait'>\n\t\t\t\t<img loading=\"lazy\" decoding=\"async\" width=\"400\" height=\"600\" src=\"https:\/\/kortleksbolaget.se\/wp-content\/uploads\/derive-touch-pepper-400x600.jpg\" class=\"attachment-medium size-medium\" alt=\"Kortstokker med r\u00f8d emballasje\" srcset=\"https:\/\/kortleksbolaget.se\/wp-content\/uploads\/derive-touch-pepper-400x600.jpg 400w, https:\/\/kortleksbolaget.se\/wp-content\/uploads\/derive-touch-pepper-200x300.jpg 200w, https:\/\/kortleksbolaget.se\/wp-content\/uploads\/derive-touch-pepper-275x413.jpg 275w, https:\/\/kortleksbolaget.se\/wp-content\/uploads\/derive-touch-pepper-40x60.jpg 40w, https:\/\/kortleksbolaget.se\/wp-content\/uploads\/derive-touch-pepper-60x90.jpg 60w, https:\/\/kortleksbolaget.se\/wp-content\/uploads\/derive-touch-pepper.jpg 541w\" sizes=\"auto, (max-width: 400px) 100vw, 400px\" \/>\n\t\t\t<\/div><\/figure>\n\t\t<\/div>\n\n<p>&nbsp;<\/p>\n","protected":false},"excerpt":{"rendered":"<p>Kortstokker p\u00e5 nettet &#8211; Uten ekstra gebyrer og norsk toll Velkommen til Kortleksbolaget, Skandinavias eneste rene kortstokkbutikk p\u00e5 nettet. Hos oss finner du over 1000 forskjellige kortstokker fra en lang rekke merker, alt fra de mer dagligdagse typene til spesielle samlerobjekt. Vi har spillekort for alle, uansett hva du er ute etter. Her kj\u00f8per du [&#8230;]<\/p>\n<p><a class=\"btn btn-secondary understrap-read-more-link\" href=\"https:\/\/kortleksbolaget.se\/no\/\">Les mer&#8230;<span class=\"screen-reader-text\"> from Start<\/span><\/a><\/p>\n","protected":false},"author":2138,"featured_media":0,"parent":0,"menu_order":0,"comment_status":"closed","ping_status":"closed","template":"","meta":{"_acf_changed":false,"footnotes":""},"class_list":["post-18172","page","type-page","status-publish","hentry"],"acf":[],"yoast_head":"<!-- This site is optimized with the Yoast SEO plugin v26.3 - https:\/\/yoast.com\/wordpress\/plugins\/seo\/ -->\n<title>Kj\u00f8p kortstokker p\u00e5 nettet - Kortstokken uten ekstra avgifter<\/title>\n<meta name=\"description\" content=\"Vi har kortstokker fra alle kjente merker som Bicycle, USPCC, Cartamundi &amp; Copag. Kj\u00f8p din kortstokk uten ekstra avgifter og skatter.\" \/>\n<meta name=\"robots\" content=\"index, follow, max-snippet:-1, max-image-preview:large, max-video-preview:-1\" \/>\n<link rel=\"canonical\" href=\"https:\/\/kortleksbolaget.se\/no\/\" \/>\n<meta property=\"og:locale\" content=\"nb_NO\" \/>\n<meta property=\"og:type\" content=\"article\" \/>\n<meta property=\"og:title\" content=\"Kj\u00f8p kortstokker p\u00e5 nettet - Kortstokken uten ekstra avgifter\" \/>\n<meta property=\"og:description\" content=\"Vi har kortstokker fra alle kjente merker som Bicycle, USPCC, Cartamundi &amp; Copag. Kj\u00f8p din kortstokk uten ekstra avgifter og skatter.\" \/>\n<meta property=\"og:url\" content=\"https:\/\/kortleksbolaget.se\/no\/\" \/>\n<meta property=\"og:site_name\" content=\"Kortleksbolaget\" \/>\n<meta property=\"article:modified_time\" content=\"2025-11-28T22:33:27+00:00\" \/>\n<meta property=\"og:image\" content=\"https:\/\/kortleksbolaget.se\/wp-content\/uploads\/bicycle-purple-violet-400x600.jpg\" \/>\n<meta name=\"twitter:card\" content=\"summary_large_image\" \/>\n<meta name=\"twitter:label1\" content=\"Ansl. lesetid\" \/>\n\t<meta name=\"twitter:data1\" content=\"7 minutter\" \/>\n<script type=\"application\/ld+json\" class=\"yoast-schema-graph\">{\"@context\":\"https:\/\/schema.org\",\"@graph\":[{\"@type\":\"WebPage\",\"@id\":\"https:\/\/kortleksbolaget.se\/no\/\",\"url\":\"https:\/\/kortleksbolaget.se\/no\/\",\"name\":\"Kj\u00f8p kortstokker p\u00e5 nettet - Kortstokken uten ekstra avgifter\",\"isPartOf\":{\"@id\":\"https:\/\/kortleksbolaget.se\/no\/#website\"},\"datePublished\":\"2019-05-14T06:38:23+00:00\",\"dateModified\":\"2025-11-28T22:33:27+00:00\",\"description\":\"Vi har kortstokker fra alle kjente merker som Bicycle, USPCC, Cartamundi & Copag. Kj\u00f8p din kortstokk uten ekstra avgifter og skatter.\",\"breadcrumb\":{\"@id\":\"https:\/\/kortleksbolaget.se\/no\/#breadcrumb\"},\"inLanguage\":\"nb-NO\",\"potentialAction\":[{\"@type\":\"ReadAction\",\"target\":[\"https:\/\/kortleksbolaget.se\/no\/\"]}]},{\"@type\":\"BreadcrumbList\",\"@id\":\"https:\/\/kortleksbolaget.se\/no\/#breadcrumb\",\"itemListElement\":[{\"@type\":\"ListItem\",\"position\":1,\"name\":\"Hem\",\"item\":\"https:\/\/kortleksbolaget.se\/no\/\"},{\"@type\":\"ListItem\",\"position\":2,\"name\":\"Start\"}]},{\"@type\":\"WebSite\",\"@id\":\"https:\/\/kortleksbolaget.se\/no\/#website\",\"url\":\"https:\/\/kortleksbolaget.se\/no\/\",\"name\":\"Kortleksbolaget\",\"description\":\"Kortlekar p\u00e5 n\u00e4tet\",\"publisher\":{\"@id\":\"https:\/\/kortleksbolaget.se\/no\/#organization\"},\"potentialAction\":[{\"@type\":\"SearchAction\",\"target\":{\"@type\":\"EntryPoint\",\"urlTemplate\":\"https:\/\/kortleksbolaget.se\/no\/?s={search_term_string}\"},\"query-input\":{\"@type\":\"PropertyValueSpecification\",\"valueRequired\":true,\"valueName\":\"search_term_string\"}}],\"inLanguage\":\"nb-NO\"},{\"@type\":\"Organization\",\"@id\":\"https:\/\/kortleksbolaget.se\/no\/#organization\",\"name\":\"Kortleksbolaget\",\"url\":\"https:\/\/kortleksbolaget.se\/no\/\",\"logo\":{\"@type\":\"ImageObject\",\"inLanguage\":\"nb-NO\",\"@id\":\"https:\/\/kortleksbolaget.se\/no\/#\/schema\/logo\/image\/\",\"url\":\"https:\/\/kortleksbolaget.se\/wp-content\/uploads\/kortleksbolaget_logo-svart.png\",\"contentUrl\":\"https:\/\/kortleksbolaget.se\/wp-content\/uploads\/kortleksbolaget_logo-svart.png\",\"width\":1200,\"height\":296,\"caption\":\"Kortleksbolaget\"},\"image\":{\"@id\":\"https:\/\/kortleksbolaget.se\/no\/#\/schema\/logo\/image\/\"}}]}<\/script>\n<!-- \/ Yoast SEO plugin. -->","yoast_head_json":{"title":"Kj\u00f8p kortstokker p\u00e5 nettet - Kortstokken uten ekstra avgifter","description":"Vi har kortstokker fra alle kjente merker som Bicycle, USPCC, Cartamundi & Copag. Kj\u00f8p din kortstokk uten ekstra avgifter og skatter.","robots":{"index":"index","follow":"follow","max-snippet":"max-snippet:-1","max-image-preview":"max-image-preview:large","max-video-preview":"max-video-preview:-1"},"canonical":"https:\/\/kortleksbolaget.se\/no\/","og_locale":"nb_NO","og_type":"article","og_title":"Kj\u00f8p kortstokker p\u00e5 nettet - Kortstokken uten ekstra avgifter","og_description":"Vi har kortstokker fra alle kjente merker som Bicycle, USPCC, Cartamundi & Copag. Kj\u00f8p din kortstokk uten ekstra avgifter og skatter.","og_url":"https:\/\/kortleksbolaget.se\/no\/","og_site_name":"Kortleksbolaget","article_modified_time":"2025-11-28T22:33:27+00:00","og_image":[{"url":"https:\/\/kortleksbolaget.se\/wp-content\/uploads\/bicycle-purple-violet-400x600.jpg","type":"","width":"","height":""}],"twitter_card":"summary_large_image","twitter_misc":{"Ansl. lesetid":"7 minutter"},"schema":{"@context":"https:\/\/schema.org","@graph":[{"@type":"WebPage","@id":"https:\/\/kortleksbolaget.se\/no\/","url":"https:\/\/kortleksbolaget.se\/no\/","name":"Kj\u00f8p kortstokker p\u00e5 nettet - Kortstokken uten ekstra avgifter","isPartOf":{"@id":"https:\/\/kortleksbolaget.se\/no\/#website"},"datePublished":"2019-05-14T06:38:23+00:00","dateModified":"2025-11-28T22:33:27+00:00","description":"Vi har kortstokker fra alle kjente merker som Bicycle, USPCC, Cartamundi & Copag. Kj\u00f8p din kortstokk uten ekstra avgifter og skatter.","breadcrumb":{"@id":"https:\/\/kortleksbolaget.se\/no\/#breadcrumb"},"inLanguage":"nb-NO","potentialAction":[{"@type":"ReadAction","target":["https:\/\/kortleksbolaget.se\/no\/"]}]},{"@type":"BreadcrumbList","@id":"https:\/\/kortleksbolaget.se\/no\/#breadcrumb","itemListElement":[{"@type":"ListItem","position":1,"name":"Hem","item":"https:\/\/kortleksbolaget.se\/no\/"},{"@type":"ListItem","position":2,"name":"Start"}]},{"@type":"WebSite","@id":"https:\/\/kortleksbolaget.se\/no\/#website","url":"https:\/\/kortleksbolaget.se\/no\/","name":"Kortleksbolaget","description":"Kortlekar p\u00e5 n\u00e4tet","publisher":{"@id":"https:\/\/kortleksbolaget.se\/no\/#organization"},"potentialAction":[{"@type":"SearchAction","target":{"@type":"EntryPoint","urlTemplate":"https:\/\/kortleksbolaget.se\/no\/?s={search_term_string}"},"query-input":{"@type":"PropertyValueSpecification","valueRequired":true,"valueName":"search_term_string"}}],"inLanguage":"nb-NO"},{"@type":"Organization","@id":"https:\/\/kortleksbolaget.se\/no\/#organization","name":"Kortleksbolaget","url":"https:\/\/kortleksbolaget.se\/no\/","logo":{"@type":"ImageObject","inLanguage":"nb-NO","@id":"https:\/\/kortleksbolaget.se\/no\/#\/schema\/logo\/image\/","url":"https:\/\/kortleksbolaget.se\/wp-content\/uploads\/kortleksbolaget_logo-svart.png","contentUrl":"https:\/\/kortleksbolaget.se\/wp-content\/uploads\/kortleksbolaget_logo-svart.png","width":1200,"height":296,"caption":"Kortleksbolaget"},"image":{"@id":"https:\/\/kortleksbolaget.se\/no\/#\/schema\/logo\/image\/"}}]}},"_links":{"self":[{"href":"https:\/\/kortleksbolaget.se\/no\/wp-json\/wp\/v2\/pages\/18172","targetHints":{"allow":["GET"]}}],"collection":[{"href":"https:\/\/kortleksbolaget.se\/no\/wp-json\/wp\/v2\/pages"}],"about":[{"href":"https:\/\/kortleksbolaget.se\/no\/wp-json\/wp\/v2\/types\/page"}],"author":[{"embeddable":true,"href":"https:\/\/kortleksbolaget.se\/no\/wp-json\/wp\/v2\/users\/2138"}],"replies":[{"embeddable":true,"href":"https:\/\/kortleksbolaget.se\/no\/wp-json\/wp\/v2\/comments?post=18172"}],"version-history":[{"count":12,"href":"https:\/\/kortleksbolaget.se\/no\/wp-json\/wp\/v2\/pages\/18172\/revisions"}],"predecessor-version":[{"id":156041,"href":"https:\/\/kortleksbolaget.se\/no\/wp-json\/wp\/v2\/pages\/18172\/revisions\/156041"}],"wp:attachment":[{"href":"https:\/\/kortleksbolaget.se\/no\/wp-json\/wp\/v2\/media?parent=18172"}],"curies":[{"name":"wp","href":"https:\/\/api.w.org\/{rel}","templated":true}]}}