{"id":42034,"date":"2020-12-07T13:37:36","date_gmt":"2020-12-07T12:37:36","guid":{"rendered":"https:\/\/kortleksbolaget.se\/nyasidan2021\/?page_id=42034"},"modified":"2020-12-07T22:29:45","modified_gmt":"2020-12-07T21:29:45","slug":"integritetspolicy","status":"publish","type":"page","link":"https:\/\/kortleksbolaget.se\/no\/integritetspolicy\/","title":{"rendered":"Personvernregler (Integritetspolicy)"},"content":{"rendered":"<p>I v\u00e5rt personvernsregelverk nedenfor informerer vi om Kortleksbolagets behandling av personopplysninger.<\/p>\n<p>1. Introduksjon<\/p>\n<p>Kortleksbolaget Sverige AB tar personvern og databeskyttelse p\u00e5 h\u00f8yeste alvor. Vi vil derfor, gjennom dette personvernsregelverket, informere deg om hvordan behandler dine personopplysninger. En personopplysning er er opplysning som, direkte eller indirekte, kan identifisere et individ, f.eks. navn, telefonnummer, adresse og e-post. Kortleksbolaget overholder all gjeldende lovgivning, og all behandling av personopplysninger skjer ihht. EUs personvernregulering GDPR (EU) 2016\/679. Du kan lese mer om reguleringen p\u00e5 Sveriges tilsynsmyndighets hjemmeside www.datainspektionen.se<\/p>\n<p>Behandlingsansvarlig er Kortleksbolaget Sverige AB 559275-3403. Du kontakter oss ang\u00e5ende personvern- og databeskyttelse p\u00e5 jimmy@kortlesbolaget.se, eller p\u00e5 telefon +46709792007.<\/p>\n<p>2. Innsamling av informasjon<\/p>\n<p>N\u00e5r du bruker kortleksbolaget.se, gj\u00f8r et kj\u00f8p, logger in eller logger ut samler vi inn informasjon om deg. Den innsamlede informasjonen inkluderer navnet ditt, e-postadressen din og telefonnummeret ditt.<br \/>\nVi tar ogs\u00e5 automatisk imot og lagrer informasjon fra din datamaskin og nettleser, inklusive IP-adressen din, opplysninger om programvare og maskinvare samt den etterspurte siden.<br \/>\nInformasjonen om v\u00e5re personvernregler hjelper deg bl.a. til \u00e5 forst\u00e5 hva slags informasjon Kortleksbolaget samler inn og hvordan den brukes. Gjennom \u00e5 godkjenne regelverket p\u00e5 nettsiden i forbindelse med kj\u00f8p eller overlevering av opplysninger, samtykker du til behandling av personopplysningene dine som beskrevet nedenfor.<\/p>\n<p>3. Hva vi bruker informasjonen til<\/p>\n<p>\u2022 Forbedre din opplevelse p\u00e5 nettsiden gjennom \u00e5 gj\u00f8re den mer personlig og m\u00f8te dine behov<br \/>\n\u2022 Kunne vise tilpasset annonsering<br \/>\n\u2022 Gj\u00f8re nettsiden v\u00e5r bedre<br \/>\n\u2022 Forbedre kundeservicen v\u00e5r, og forst\u00e5 dine hjelpebehov bedre<br \/>\n\u2022 Kontakte deg via e-post<br \/>\n\u2022 Gi oss muligheten til \u00e5 gjennomf\u00f8re konkurranser, gi tilpassede tilbud eller utf\u00f8re unders\u00f8kelser.<\/p>\n<p>4. Sikkerhet<\/p>\n<p>Vi videreselger ikke informasjonen vi samler inn til noe annet foretak. Din personlige informasjon deles kun til tredje part om det kreves for att kunne gjennomf\u00f8re ditt \u00f8nske, foresp\u00f8rsel eller bestilling.<\/p>\n<p>5. Utlevering til tredje part<\/p>\n<p>Vi hverken selger, kj\u00f8per, eller p\u00e5 annet vis overf\u00f8rer, personlig identifiserbar informasjon til utenforst\u00e5ende parter. Dette inkluderer ikke betrodd tredjepart som hjelper oss \u00e5 drifte v\u00e5r internettside eller v\u00e5rt foretak, med kravet att disse parter aksepterer \u00e5 holde informasjonen konfidensiell.<br \/>\nVi anser at det er n\u00f8dvendig \u00e5 dele informasjonen for \u00e5 unders\u00f8ke, forhindre og\/eller igangsette tiltak mot illegale aktiviteter, mistenkt bedrageri, situasjoner som medf\u00f8rer en potensiell risiko for en persons fysiske sikkerhet, brudd mot v\u00e5re brukervilk\u00e5r eller andre tilfeller for loven krever det.<br \/>\nAllmenne opplysninger kan dog deles videre til utenforst\u00e5ende parter for markedsf\u00f8ring, i annonse\u00f8yemed eller annen bruk.<br \/>\nVi anbefaler at du leser personvernreglene fra v\u00e5re tredjepartsleverand\u00f8rer.<\/p>\n<p>6. Cookies<\/p>\n<p>V benytter cookies p\u00e5 kortleksbolaget.se. Det gj\u00f8r vi for \u00e5 forbedre tilgangen, og for \u00e5 identifisere og analysere hvordan bes\u00f8kende bruker kortleksbolaget.se. Ved hjelp av cookies kan vi forbedre brukeropplevelsen gjennom \u00e5 spore og m\u00e5lrette bes\u00f8kernes interesse.<br \/>\nKortleksbolaget benytter Google Analytics for \u00e5 innhente internettstatistikk og forst\u00e5 brukeratferd for \u00e5 bedre kunne utforme innholdet p\u00e5 nettsiden.<br \/>\nDet finnes to typer cookies.<br \/>\nDen ene typen lagrer en fil en lengre tid i din datamaskin. Den brukes for eksempel av funksjoner som forteller hva som er nytt siden sist brukeren bes\u00f8kte den aktuelle nettsiden.<br \/>\nDen andre typen cookies kalls sesjonscookies. Mens du er inne og surfer p\u00e5 en side, lagres cookie\u2019n midlertidig i din datas minne, f.eks. for \u00e5 holde orden p\u00e5 hvilket spr\u00e5k du har valgt. Sesjonscookies lagres ikke over tid, men forsvinner n\u00e5r du lukker nettleseren.<br \/>\nDet g\u00e5r fint an \u00e5 benytte nettsiden uten bruk av cookies. Om du vil skru av bruken av cookies, gj\u00f8res dette i innstillingene til din nettleser.<\/p>\n<p>7. Endringer i v\u00e5r policy<\/p>\n<p>Vi tar integritetspolicy p\u00e5 stort alvor og forst\u00e5r samtidig at dette er et langsiktig arbeid. Vi forbeholder oss derfor retten til \u00e5 gj\u00f8re endringer i v\u00e5r integritetspolicy n\u00e5r som helst det \u00e4r n\u00f8dv\u00e4ndig for att oppfylle nya juridiske samt tekniske krav.<\/p>\n<p>8. Abonnement<\/p>\n<p>Kortleksbolaget bruker den e-postadressen du registrerer for \u00e5 kunne sende informasjon og oppdateringer som er relevante for deg. Om du ikke lenger \u00f8nsker \u00e5 motta slike meldinger, kan du avslutte abonnementet gjennom \u00e5 f\u00f8lge instruksjonen nederst i alle utsendelser.<\/p>\n<p>9. Samtykke<\/p>\n<p>Gjennom \u00e5 bruke v\u00e5r internettside godkjenner du v\u00e5r integritetspolicy.<\/p>\n","protected":false},"excerpt":{"rendered":"<p>I v\u00e5rt personvernsregelverk nedenfor informerer vi om Kortleksbolagets behandling av personopplysninger. 1. Introduksjon Kortleksbolaget Sverige AB tar personvern og databeskyttelse p\u00e5 h\u00f8yeste alvor. Vi vil derfor, gjennom dette personvernsregelverket, informere deg om hvordan behandler dine personopplysninger. En personopplysning er er opplysning som, direkte eller indirekte, kan identifisere et individ, f.eks. navn, telefonnummer, adresse og e-post. [&#8230;]<\/p>\n<p><a class=\"btn btn-secondary understrap-read-more-link\" href=\"https:\/\/kortleksbolaget.se\/no\/integritetspolicy\/\">Les mer&#8230;<span class=\"screen-reader-text\"> from Personvernregler (Integritetspolicy)<\/span><\/a><\/p>\n","protected":false},"author":2138,"featured_media":0,"parent":0,"menu_order":0,"comment_status":"closed","ping_status":"closed","template":"","meta":{"_acf_changed":false,"footnotes":""},"class_list":["post-42034","page","type-page","status-publish","hentry"],"acf":[],"yoast_head":"<!-- This site is optimized with the Yoast SEO plugin v26.3 - https:\/\/yoast.com\/wordpress\/plugins\/seo\/ -->\n<title>Personvernregler (Integritetspolicy) - Kortleksbolaget<\/title>\n<meta name=\"robots\" content=\"index, follow, max-snippet:-1, max-image-preview:large, max-video-preview:-1\" \/>\n<link rel=\"canonical\" href=\"https:\/\/kortleksbolaget.se\/no\/integritetspolicy\/\" \/>\n<meta property=\"og:locale\" content=\"nb_NO\" \/>\n<meta property=\"og:type\" content=\"article\" \/>\n<meta property=\"og:title\" content=\"Personvernregler (Integritetspolicy) - Kortleksbolaget\" \/>\n<meta property=\"og:description\" content=\"I v\u00e5rt personvernsregelverk nedenfor informerer vi om Kortleksbolagets behandling av personopplysninger. 1. Introduksjon Kortleksbolaget Sverige AB tar personvern og databeskyttelse p\u00e5 h\u00f8yeste alvor. Vi vil derfor, gjennom dette personvernsregelverket, informere deg om hvordan behandler dine personopplysninger. En personopplysning er er opplysning som, direkte eller indirekte, kan identifisere et individ, f.eks. navn, telefonnummer, adresse og e-post. [...]Les mer... from Personvernregler (Integritetspolicy)\" \/>\n<meta property=\"og:url\" content=\"https:\/\/kortleksbolaget.se\/no\/integritetspolicy\/\" \/>\n<meta property=\"og:site_name\" content=\"Kortleksbolaget\" \/>\n<meta property=\"article:modified_time\" content=\"2020-12-07T21:29:45+00:00\" \/>\n<meta property=\"og:image\" content=\"https:\/\/kortleksbolaget.se\/wp-content\/uploads\/58253-alt2.png\" \/>\n\t<meta property=\"og:image:width\" content=\"740\" \/>\n\t<meta property=\"og:image:height\" content=\"416\" \/>\n\t<meta property=\"og:image:type\" content=\"image\/png\" \/>\n<meta name=\"twitter:card\" content=\"summary_large_image\" \/>\n<meta name=\"twitter:label1\" content=\"Ansl. lesetid\" \/>\n\t<meta name=\"twitter:data1\" content=\"3 minutter\" \/>\n<script type=\"application\/ld+json\" class=\"yoast-schema-graph\">{\"@context\":\"https:\/\/schema.org\",\"@graph\":[{\"@type\":\"WebPage\",\"@id\":\"https:\/\/kortleksbolaget.se\/no\/integritetspolicy\/\",\"url\":\"https:\/\/kortleksbolaget.se\/no\/integritetspolicy\/\",\"name\":\"Personvernregler (Integritetspolicy) - Kortleksbolaget\",\"isPartOf\":{\"@id\":\"https:\/\/kortleksbolaget.se\/no\/#website\"},\"datePublished\":\"2020-12-07T12:37:36+00:00\",\"dateModified\":\"2020-12-07T21:29:45+00:00\",\"breadcrumb\":{\"@id\":\"https:\/\/kortleksbolaget.se\/no\/integritetspolicy\/#breadcrumb\"},\"inLanguage\":\"nb-NO\",\"potentialAction\":[{\"@type\":\"ReadAction\",\"target\":[\"https:\/\/kortleksbolaget.se\/no\/integritetspolicy\/\"]}]},{\"@type\":\"BreadcrumbList\",\"@id\":\"https:\/\/kortleksbolaget.se\/no\/integritetspolicy\/#breadcrumb\",\"itemListElement\":[{\"@type\":\"ListItem\",\"position\":1,\"name\":\"Hem\",\"item\":\"https:\/\/kortleksbolaget.se\/no\/\"},{\"@type\":\"ListItem\",\"position\":2,\"name\":\"Personvernregler (Integritetspolicy)\"}]},{\"@type\":\"WebSite\",\"@id\":\"https:\/\/kortleksbolaget.se\/no\/#website\",\"url\":\"https:\/\/kortleksbolaget.se\/no\/\",\"name\":\"Kortleksbolaget\",\"description\":\"Kortlekar p\u00e5 n\u00e4tet\",\"publisher\":{\"@id\":\"https:\/\/kortleksbolaget.se\/no\/#organization\"},\"potentialAction\":[{\"@type\":\"SearchAction\",\"target\":{\"@type\":\"EntryPoint\",\"urlTemplate\":\"https:\/\/kortleksbolaget.se\/no\/?s={search_term_string}\"},\"query-input\":{\"@type\":\"PropertyValueSpecification\",\"valueRequired\":true,\"valueName\":\"search_term_string\"}}],\"inLanguage\":\"nb-NO\"},{\"@type\":\"Organization\",\"@id\":\"https:\/\/kortleksbolaget.se\/no\/#organization\",\"name\":\"Kortleksbolaget\",\"url\":\"https:\/\/kortleksbolaget.se\/no\/\",\"logo\":{\"@type\":\"ImageObject\",\"inLanguage\":\"nb-NO\",\"@id\":\"https:\/\/kortleksbolaget.se\/no\/#\/schema\/logo\/image\/\",\"url\":\"https:\/\/kortleksbolaget.se\/wp-content\/uploads\/kortleksbolaget_logo-svart.png\",\"contentUrl\":\"https:\/\/kortleksbolaget.se\/wp-content\/uploads\/kortleksbolaget_logo-svart.png\",\"width\":1200,\"height\":296,\"caption\":\"Kortleksbolaget\"},\"image\":{\"@id\":\"https:\/\/kortleksbolaget.se\/no\/#\/schema\/logo\/image\/\"}}]}<\/script>\n<!-- \/ Yoast SEO plugin. -->","yoast_head_json":{"title":"Personvernregler (Integritetspolicy) - Kortleksbolaget","robots":{"index":"index","follow":"follow","max-snippet":"max-snippet:-1","max-image-preview":"max-image-preview:large","max-video-preview":"max-video-preview:-1"},"canonical":"https:\/\/kortleksbolaget.se\/no\/integritetspolicy\/","og_locale":"nb_NO","og_type":"article","og_title":"Personvernregler (Integritetspolicy) - Kortleksbolaget","og_description":"I v\u00e5rt personvernsregelverk nedenfor informerer vi om Kortleksbolagets behandling av personopplysninger. 1. Introduksjon Kortleksbolaget Sverige AB tar personvern og databeskyttelse p\u00e5 h\u00f8yeste alvor. Vi vil derfor, gjennom dette personvernsregelverket, informere deg om hvordan behandler dine personopplysninger. En personopplysning er er opplysning som, direkte eller indirekte, kan identifisere et individ, f.eks. navn, telefonnummer, adresse og e-post. [...]Les mer... from Personvernregler (Integritetspolicy)","og_url":"https:\/\/kortleksbolaget.se\/no\/integritetspolicy\/","og_site_name":"Kortleksbolaget","article_modified_time":"2020-12-07T21:29:45+00:00","og_image":[{"width":740,"height":416,"url":"https:\/\/kortleksbolaget.se\/wp-content\/uploads\/58253-alt2.png","type":"image\/png"}],"twitter_card":"summary_large_image","twitter_misc":{"Ansl. lesetid":"3 minutter"},"schema":{"@context":"https:\/\/schema.org","@graph":[{"@type":"WebPage","@id":"https:\/\/kortleksbolaget.se\/no\/integritetspolicy\/","url":"https:\/\/kortleksbolaget.se\/no\/integritetspolicy\/","name":"Personvernregler (Integritetspolicy) - Kortleksbolaget","isPartOf":{"@id":"https:\/\/kortleksbolaget.se\/no\/#website"},"datePublished":"2020-12-07T12:37:36+00:00","dateModified":"2020-12-07T21:29:45+00:00","breadcrumb":{"@id":"https:\/\/kortleksbolaget.se\/no\/integritetspolicy\/#breadcrumb"},"inLanguage":"nb-NO","potentialAction":[{"@type":"ReadAction","target":["https:\/\/kortleksbolaget.se\/no\/integritetspolicy\/"]}]},{"@type":"BreadcrumbList","@id":"https:\/\/kortleksbolaget.se\/no\/integritetspolicy\/#breadcrumb","itemListElement":[{"@type":"ListItem","position":1,"name":"Hem","item":"https:\/\/kortleksbolaget.se\/no\/"},{"@type":"ListItem","position":2,"name":"Personvernregler (Integritetspolicy)"}]},{"@type":"WebSite","@id":"https:\/\/kortleksbolaget.se\/no\/#website","url":"https:\/\/kortleksbolaget.se\/no\/","name":"Kortleksbolaget","description":"Kortlekar p\u00e5 n\u00e4tet","publisher":{"@id":"https:\/\/kortleksbolaget.se\/no\/#organization"},"potentialAction":[{"@type":"SearchAction","target":{"@type":"EntryPoint","urlTemplate":"https:\/\/kortleksbolaget.se\/no\/?s={search_term_string}"},"query-input":{"@type":"PropertyValueSpecification","valueRequired":true,"valueName":"search_term_string"}}],"inLanguage":"nb-NO"},{"@type":"Organization","@id":"https:\/\/kortleksbolaget.se\/no\/#organization","name":"Kortleksbolaget","url":"https:\/\/kortleksbolaget.se\/no\/","logo":{"@type":"ImageObject","inLanguage":"nb-NO","@id":"https:\/\/kortleksbolaget.se\/no\/#\/schema\/logo\/image\/","url":"https:\/\/kortleksbolaget.se\/wp-content\/uploads\/kortleksbolaget_logo-svart.png","contentUrl":"https:\/\/kortleksbolaget.se\/wp-content\/uploads\/kortleksbolaget_logo-svart.png","width":1200,"height":296,"caption":"Kortleksbolaget"},"image":{"@id":"https:\/\/kortleksbolaget.se\/no\/#\/schema\/logo\/image\/"}}]}},"_links":{"self":[{"href":"https:\/\/kortleksbolaget.se\/no\/wp-json\/wp\/v2\/pages\/42034","targetHints":{"allow":["GET"]}}],"collection":[{"href":"https:\/\/kortleksbolaget.se\/no\/wp-json\/wp\/v2\/pages"}],"about":[{"href":"https:\/\/kortleksbolaget.se\/no\/wp-json\/wp\/v2\/types\/page"}],"author":[{"embeddable":true,"href":"https:\/\/kortleksbolaget.se\/no\/wp-json\/wp\/v2\/users\/2138"}],"replies":[{"embeddable":true,"href":"https:\/\/kortleksbolaget.se\/no\/wp-json\/wp\/v2\/comments?post=42034"}],"version-history":[{"count":0,"href":"https:\/\/kortleksbolaget.se\/no\/wp-json\/wp\/v2\/pages\/42034\/revisions"}],"wp:attachment":[{"href":"https:\/\/kortleksbolaget.se\/no\/wp-json\/wp\/v2\/media?parent=42034"}],"curies":[{"name":"wp","href":"https:\/\/api.w.org\/{rel}","templated":true}]}}