{"id":42040,"date":"2020-12-07T13:38:34","date_gmt":"2020-12-07T12:38:34","guid":{"rendered":"https:\/\/kortleksbolaget.se\/nyasidan2021\/?page_id=42040"},"modified":"2024-11-04T23:08:49","modified_gmt":"2024-11-04T22:08:49","slug":"villkor","status":"publish","type":"page","link":"https:\/\/kortleksbolaget.se\/no\/villkor\/","title":{"rendered":"Vilk\u00e5r"},"content":{"rendered":"<p><strong>Priser och betaling<\/strong><\/p>\n<p>Alle prisene p\u00e5 produktene i butikken inkluderer VAT. I handlekurven vil du se prisen inkludert alle avgifter, VAT, frakt og betaling. Ingen norsk toll kommer i tillegg. Vi har en skatteavtale med Norge(VOEC).<\/p>\n<p>Fraktvilk\u00e5rene er oppgitt i handlevognen. Frakt er alltid 199kr(SEK) opp til 2kg. \u00c5rsaken til de h\u00f8ye\u00a0 fraktkostnadene er at norsk toll gjorde endringer i 2024. \u00d6ver 2kg 495kr.<\/p>\n<p>Vi tar ikke ansvar for eventuelle trykk- og skrivefeil.<\/p>\n<p>Om prisene endres p\u00e5 din bestilling, vil du bli informert om dette, og du har full rett til \u00e5 endre eller kansellere din bestilling.<\/p>\n<p>I samarbeid med Klarna Checkout kan vi tilby f\u00f8lgende betalningsalternativ: faktura, avbetaling, kredittkort og direkte betaling via din nettbank. Du kan ogs\u00e5 betale via Paypal.<\/p>\n<p><strong>Fraktvilk\u00e5r<\/strong><\/p>\n<p>Kortleksbolaget tilbyr f\u00f8lgende fraktalternativ:<\/p>\n<p>Brevpost, for mindre leveranser som kan leveres til din postkasse.<br \/>\nPostpakke, dine varer blir levert til ditt n\u00e6rmeste postkontor. Gyldig ID p\u00e5krevd ved henting.<\/p>\n<p><strong>\u00a0<\/strong><strong>Uavhentede pakker\/forsendelser<br \/>\n<\/strong><\/p>\n<p>Pakker som ikke har blitt hentet etter 14 dager vil bli returnert til Kortleksbolaget. Om dette inntreffer, vil kj\u00f8peren bli ilagt de faktiske fraktkostnadene, tur-retur, men et minimum av 300kr vil bli fakturert. Pakker som ikke er hentet er ikke dekket av Angrefristloven.<\/p>\n<p><strong>Forbrukerrettigheter for private akt\u00f8rer<\/strong><\/p>\n<p>Du har, som privat akt\u00f8r, alltid rett til \u00e5 returnere dine varer innen 14 dager ihht Angrefristloven.<\/p>\n<p>Det er ditt ansvar \u00e5 se til at varene forlater deg i samme stand som ved ankomst. Du f\u00e5r ikke bruke gjenstandene, men de kan unders\u00f8kes forsiktig. Om varene er skadet eller tapt grunnet uaktsomhet, vil du miste retten til \u00e5 returnere. N\u00e5r din retur er godkjent, vil vi returnere betalingen innen 30 dager. Du er, som kunde, ansvarlig for \u00e5 betale for fraktkostnaden ved retur.<br \/>\nReturadresse: Kortleksbolaget Sverige AB, B\u00e5tsmansgatan 15, HABO &#8211; SVERIGE<\/p>\n<p>&nbsp;<\/p>\n<p><strong>Kontaktinformasjon<\/strong><\/p>\n<p>Kortleksbolaget Sverige AB<br \/>\nOrg. Nr: 559275-3403<br \/>\nB\u00e5tmansgatan 15<br \/>\n556 35 HABO<br \/>\nSVERIGE<\/p>\n<p>&nbsp;<\/p>\n<h3>Personvernregler<\/h3>\n<p>N\u00e5r du sender en bestilling til oss oppgir du dine personopplysninger. I forbindelse med din registering og bestilling godkjenner du at vi lagrer og bruker dine opplysninger i v\u00e5r virksomhet for \u00e5 fullf\u00f8re avtalen med deg, samt at kortleksbolaget.se f\u00e5r sende deg e-post fra Kortleksbolaget med relevante nyheter og tilbud.<br \/>\nDine opplysninger lagres bare s\u00e5 lenge det er behov for \u00e5 spare dem for \u00e5 fullf\u00f8re de oppgavene de ble samlet inn for, og s\u00e5 lenge det er n\u00f8dvendig for \u00e5 f\u00f8lge lovp\u00e5lagte krav.<br \/>\nKortleksbolaget lagrer opplysninger om kunder i h\u00f8yst 36 m\u00e5neder etter kundens siste gjennomf\u00f8rte kj\u00f8p. Du har, i f\u00f8lge Personvernloven, rett til \u00e5 f\u00e5 den informasjonen vi har registrert p\u00e5 deg. Om den er feilaktig, ufullstendig eller irrelevant kan du kreve at informasjonen skal rettes p\u00e5 eller fjernes. Kontakt oss i s\u00e5 fall via e-post til jimmy@kortleksbolaget.se<\/p>\n<p>Informasjon om nettsidesikkerhet p\u00e5 kortleksbolaget.se<\/p>\n<p>Denne siden benytter SSL krypteringsteknologi for \u00e5 garantere for sikkerheten for din personlige informasjon. Denne teknologien s\u00f8rger for at personlig informasjon du skriver inn p\u00e5 v\u00e5r nettside ikke kan sees, fanges opp eller endres av en tredjepart.<\/p>\n<p>&nbsp;<\/p>\n","protected":false},"excerpt":{"rendered":"<p>Priser och betaling Alle prisene p\u00e5 produktene i butikken inkluderer VAT. I handlekurven vil du se prisen inkludert alle avgifter, VAT, frakt og betaling. Ingen norsk toll kommer i tillegg. Vi har en skatteavtale med Norge(VOEC). Fraktvilk\u00e5rene er oppgitt i handlevognen. Frakt er alltid 199kr(SEK) opp til 2kg. \u00c5rsaken til de h\u00f8ye\u00a0 fraktkostnadene er at [&#8230;]<\/p>\n<p><a class=\"btn btn-secondary understrap-read-more-link\" href=\"https:\/\/kortleksbolaget.se\/no\/villkor\/\">Les mer&#8230;<span class=\"screen-reader-text\"> from Vilk\u00e5r<\/span><\/a><\/p>\n","protected":false},"author":2138,"featured_media":0,"parent":0,"menu_order":0,"comment_status":"closed","ping_status":"closed","template":"","meta":{"_acf_changed":false,"footnotes":""},"class_list":["post-42040","page","type-page","status-publish","hentry"],"acf":[],"yoast_head":"<!-- This site is optimized with the Yoast SEO plugin v26.3 - https:\/\/yoast.com\/wordpress\/plugins\/seo\/ -->\n<title>Vilk\u00e5r - Kortleksbolaget<\/title>\n<meta name=\"robots\" content=\"index, follow, max-snippet:-1, max-image-preview:large, max-video-preview:-1\" \/>\n<link rel=\"canonical\" href=\"https:\/\/kortleksbolaget.se\/no\/villkor\/\" \/>\n<meta property=\"og:locale\" content=\"nb_NO\" \/>\n<meta property=\"og:type\" content=\"article\" \/>\n<meta property=\"og:title\" content=\"Vilk\u00e5r - Kortleksbolaget\" \/>\n<meta property=\"og:description\" content=\"Priser och betaling Alle prisene p\u00e5 produktene i butikken inkluderer VAT. I handlekurven vil du se prisen inkludert alle avgifter, VAT, frakt og betaling. Ingen norsk toll kommer i tillegg. Vi har en skatteavtale med Norge(VOEC). Fraktvilk\u00e5rene er oppgitt i handlevognen. Frakt er alltid 199kr(SEK) opp til 2kg. \u00c5rsaken til de h\u00f8ye\u00a0 fraktkostnadene er at [...]Les mer... from Vilk\u00e5r\" \/>\n<meta property=\"og:url\" content=\"https:\/\/kortleksbolaget.se\/no\/villkor\/\" \/>\n<meta property=\"og:site_name\" content=\"Kortleksbolaget\" \/>\n<meta property=\"article:modified_time\" content=\"2024-11-04T22:08:49+00:00\" \/>\n<meta property=\"og:image\" content=\"https:\/\/kortleksbolaget.se\/wp-content\/uploads\/58253-alt2.png\" \/>\n\t<meta property=\"og:image:width\" content=\"740\" \/>\n\t<meta property=\"og:image:height\" content=\"416\" \/>\n\t<meta property=\"og:image:type\" content=\"image\/png\" \/>\n<meta name=\"twitter:card\" content=\"summary_large_image\" \/>\n<meta name=\"twitter:label1\" content=\"Ansl. lesetid\" \/>\n\t<meta name=\"twitter:data1\" content=\"3 minutter\" \/>\n<script type=\"application\/ld+json\" class=\"yoast-schema-graph\">{\"@context\":\"https:\/\/schema.org\",\"@graph\":[{\"@type\":\"WebPage\",\"@id\":\"https:\/\/kortleksbolaget.se\/no\/villkor\/\",\"url\":\"https:\/\/kortleksbolaget.se\/no\/villkor\/\",\"name\":\"Vilk\u00e5r - Kortleksbolaget\",\"isPartOf\":{\"@id\":\"https:\/\/kortleksbolaget.se\/no\/#website\"},\"datePublished\":\"2020-12-07T12:38:34+00:00\",\"dateModified\":\"2024-11-04T22:08:49+00:00\",\"breadcrumb\":{\"@id\":\"https:\/\/kortleksbolaget.se\/no\/villkor\/#breadcrumb\"},\"inLanguage\":\"nb-NO\",\"potentialAction\":[{\"@type\":\"ReadAction\",\"target\":[\"https:\/\/kortleksbolaget.se\/no\/villkor\/\"]}]},{\"@type\":\"BreadcrumbList\",\"@id\":\"https:\/\/kortleksbolaget.se\/no\/villkor\/#breadcrumb\",\"itemListElement\":[{\"@type\":\"ListItem\",\"position\":1,\"name\":\"Hem\",\"item\":\"https:\/\/kortleksbolaget.se\/no\/\"},{\"@type\":\"ListItem\",\"position\":2,\"name\":\"Vilk\u00e5r\"}]},{\"@type\":\"WebSite\",\"@id\":\"https:\/\/kortleksbolaget.se\/no\/#website\",\"url\":\"https:\/\/kortleksbolaget.se\/no\/\",\"name\":\"Kortleksbolaget\",\"description\":\"Kortlekar p\u00e5 n\u00e4tet\",\"publisher\":{\"@id\":\"https:\/\/kortleksbolaget.se\/no\/#organization\"},\"potentialAction\":[{\"@type\":\"SearchAction\",\"target\":{\"@type\":\"EntryPoint\",\"urlTemplate\":\"https:\/\/kortleksbolaget.se\/no\/?s={search_term_string}\"},\"query-input\":{\"@type\":\"PropertyValueSpecification\",\"valueRequired\":true,\"valueName\":\"search_term_string\"}}],\"inLanguage\":\"nb-NO\"},{\"@type\":\"Organization\",\"@id\":\"https:\/\/kortleksbolaget.se\/no\/#organization\",\"name\":\"Kortleksbolaget\",\"url\":\"https:\/\/kortleksbolaget.se\/no\/\",\"logo\":{\"@type\":\"ImageObject\",\"inLanguage\":\"nb-NO\",\"@id\":\"https:\/\/kortleksbolaget.se\/no\/#\/schema\/logo\/image\/\",\"url\":\"https:\/\/kortleksbolaget.se\/wp-content\/uploads\/kortleksbolaget_logo-svart.png\",\"contentUrl\":\"https:\/\/kortleksbolaget.se\/wp-content\/uploads\/kortleksbolaget_logo-svart.png\",\"width\":1200,\"height\":296,\"caption\":\"Kortleksbolaget\"},\"image\":{\"@id\":\"https:\/\/kortleksbolaget.se\/no\/#\/schema\/logo\/image\/\"}}]}<\/script>\n<!-- \/ Yoast SEO plugin. -->","yoast_head_json":{"title":"Vilk\u00e5r - Kortleksbolaget","robots":{"index":"index","follow":"follow","max-snippet":"max-snippet:-1","max-image-preview":"max-image-preview:large","max-video-preview":"max-video-preview:-1"},"canonical":"https:\/\/kortleksbolaget.se\/no\/villkor\/","og_locale":"nb_NO","og_type":"article","og_title":"Vilk\u00e5r - Kortleksbolaget","og_description":"Priser och betaling Alle prisene p\u00e5 produktene i butikken inkluderer VAT. I handlekurven vil du se prisen inkludert alle avgifter, VAT, frakt og betaling. Ingen norsk toll kommer i tillegg. Vi har en skatteavtale med Norge(VOEC). Fraktvilk\u00e5rene er oppgitt i handlevognen. Frakt er alltid 199kr(SEK) opp til 2kg. \u00c5rsaken til de h\u00f8ye\u00a0 fraktkostnadene er at [...]Les mer... from Vilk\u00e5r","og_url":"https:\/\/kortleksbolaget.se\/no\/villkor\/","og_site_name":"Kortleksbolaget","article_modified_time":"2024-11-04T22:08:49+00:00","og_image":[{"width":740,"height":416,"url":"https:\/\/kortleksbolaget.se\/wp-content\/uploads\/58253-alt2.png","type":"image\/png"}],"twitter_card":"summary_large_image","twitter_misc":{"Ansl. lesetid":"3 minutter"},"schema":{"@context":"https:\/\/schema.org","@graph":[{"@type":"WebPage","@id":"https:\/\/kortleksbolaget.se\/no\/villkor\/","url":"https:\/\/kortleksbolaget.se\/no\/villkor\/","name":"Vilk\u00e5r - Kortleksbolaget","isPartOf":{"@id":"https:\/\/kortleksbolaget.se\/no\/#website"},"datePublished":"2020-12-07T12:38:34+00:00","dateModified":"2024-11-04T22:08:49+00:00","breadcrumb":{"@id":"https:\/\/kortleksbolaget.se\/no\/villkor\/#breadcrumb"},"inLanguage":"nb-NO","potentialAction":[{"@type":"ReadAction","target":["https:\/\/kortleksbolaget.se\/no\/villkor\/"]}]},{"@type":"BreadcrumbList","@id":"https:\/\/kortleksbolaget.se\/no\/villkor\/#breadcrumb","itemListElement":[{"@type":"ListItem","position":1,"name":"Hem","item":"https:\/\/kortleksbolaget.se\/no\/"},{"@type":"ListItem","position":2,"name":"Vilk\u00e5r"}]},{"@type":"WebSite","@id":"https:\/\/kortleksbolaget.se\/no\/#website","url":"https:\/\/kortleksbolaget.se\/no\/","name":"Kortleksbolaget","description":"Kortlekar p\u00e5 n\u00e4tet","publisher":{"@id":"https:\/\/kortleksbolaget.se\/no\/#organization"},"potentialAction":[{"@type":"SearchAction","target":{"@type":"EntryPoint","urlTemplate":"https:\/\/kortleksbolaget.se\/no\/?s={search_term_string}"},"query-input":{"@type":"PropertyValueSpecification","valueRequired":true,"valueName":"search_term_string"}}],"inLanguage":"nb-NO"},{"@type":"Organization","@id":"https:\/\/kortleksbolaget.se\/no\/#organization","name":"Kortleksbolaget","url":"https:\/\/kortleksbolaget.se\/no\/","logo":{"@type":"ImageObject","inLanguage":"nb-NO","@id":"https:\/\/kortleksbolaget.se\/no\/#\/schema\/logo\/image\/","url":"https:\/\/kortleksbolaget.se\/wp-content\/uploads\/kortleksbolaget_logo-svart.png","contentUrl":"https:\/\/kortleksbolaget.se\/wp-content\/uploads\/kortleksbolaget_logo-svart.png","width":1200,"height":296,"caption":"Kortleksbolaget"},"image":{"@id":"https:\/\/kortleksbolaget.se\/no\/#\/schema\/logo\/image\/"}}]}},"_links":{"self":[{"href":"https:\/\/kortleksbolaget.se\/no\/wp-json\/wp\/v2\/pages\/42040","targetHints":{"allow":["GET"]}}],"collection":[{"href":"https:\/\/kortleksbolaget.se\/no\/wp-json\/wp\/v2\/pages"}],"about":[{"href":"https:\/\/kortleksbolaget.se\/no\/wp-json\/wp\/v2\/types\/page"}],"author":[{"embeddable":true,"href":"https:\/\/kortleksbolaget.se\/no\/wp-json\/wp\/v2\/users\/2138"}],"replies":[{"embeddable":true,"href":"https:\/\/kortleksbolaget.se\/no\/wp-json\/wp\/v2\/comments?post=42040"}],"version-history":[{"count":6,"href":"https:\/\/kortleksbolaget.se\/no\/wp-json\/wp\/v2\/pages\/42040\/revisions"}],"predecessor-version":[{"id":147391,"href":"https:\/\/kortleksbolaget.se\/no\/wp-json\/wp\/v2\/pages\/42040\/revisions\/147391"}],"wp:attachment":[{"href":"https:\/\/kortleksbolaget.se\/no\/wp-json\/wp\/v2\/media?parent=42040"}],"curies":[{"name":"wp","href":"https:\/\/api.w.org\/{rel}","templated":true}]}}