{"id":102994,"date":"2022-10-30T20:03:41","date_gmt":"2022-10-30T19:03:41","guid":{"rendered":"https:\/\/kortleksbolaget.se\/produkt\/thor-playing-cards-by-card-mafia\/"},"modified":"2022-10-30T20:03:41","modified_gmt":"2022-10-30T19:03:41","slug":"thor-playing-cards-by-card-mafia","status":"publish","type":"product","link":"https:\/\/kortleksbolaget.se\/no\/produkt\/thor-playing-cards-by-card-mafia\/","title":{"rendered":"Thor Playing Cards by Card Mafia"},"content":{"rendered":"","protected":false},"excerpt":{"rendered":"<p id=\"tw-target-text\" class=\"tw-data-text tw-text-large tw-ta\" dir=\"ltr\" data-placeholder=\"\u00d6vers\u00e4ttning\"><span class=\"Y2IQFc\" lang=\"sv\">&laquo;Den som h\u00e5ller i denna hammare, om han \u00e4r v\u00e4rdig, ska \u00e4ga Tors makt.&raquo; Thor, Odins son, anv\u00e4nder sina m\u00e4ktiga f\u00f6rm\u00e5gor som \u00e5skguden f\u00f6r att skydda sitt hem, Asgard och planeten Jorden, och ut\u00f6var kraften fr\u00e5n de forntida asgardierna f\u00f6r att bek\u00e4mpa det onda i de nio riken och bortom dem. Nu, med kraften fr\u00e5n Bifrost, kan vi kalla \u00e5skguden, (a.k.a Thor) skapad av Marvel Studios. Sakkunnigt skapad baserad p\u00e5 storfilmen Thor(2011). Spelkorten har fint skr\u00e4ddarsydda r\u00f6da och marinbl\u00e5 Asgardian Armor med silverfolieaccenter och pr\u00e4gling i hela asken. Huvuddrag: Officiellt licensierad av Disney med Anti-counterfeit Hologram-etikett. Center LED lyser i bl\u00e5tt med Thors m\u00e4ktiga hammare &#8211; Mj\u00f6lnir. Fullt uppgraderad med ett enkelt batteribytessystem. Nyskapad ask med ett unikt \u00f6ppnings\/st\u00e4ngningssystem. Fint skr\u00e4ddarsydda r\u00f6da, svarta och silverfolierade accenter och pansarm\u00f6nster i hela asken, 3D-pr\u00e4gling p\u00e5 den m\u00e4ktiga asken som efterliknar Asgardian Armor Texture. LED-lampor h\u00e5ller i mer \u00e4n 100 000 sekunder. Batterier \u00e4r utbytbara. Med lasergravering, lasersk\u00e4rning och handmontering. Tryckt av Taiwan Playing Card Company med deras legendariska finish. Gjord f\u00f6r proffs med casinokvalitet. Se film och bilder nedan.<br \/>\n<\/span><\/p>\n<p> [&#8230;]<\/p>\n<p><a class=\"btn btn-secondary understrap-read-more-link\" href=\"https:\/\/kortleksbolaget.se\/no\/produkt\/thor-playing-cards-by-card-mafia\/\">Les mer&#8230;<span class=\"screen-reader-text\"> from Thor Playing Cards by Card Mafia<\/span><\/a><\/p>\n","protected":false},"featured_media":102984,"template":"","meta":{"_acf_changed":false},"product_brand":[],"product_cat":[232],"product_tag":[],"class_list":{"0":"post-102994","1":"product","2":"type-product","3":"status-publish","4":"has-post-thumbnail","6":"product_cat-special-lyx-limited-no","8":"first","9":"outofstock","10":"sale","11":"featured","12":"taxable","13":"shipping-taxable","14":"purchasable","15":"product-type-simple"},"acf":[],"yoast_head":"<!-- This site is optimized with the Yoast SEO plugin v26.3 - https:\/\/yoast.com\/wordpress\/plugins\/seo\/ -->\n<title>Kortlek Thor Playing Cards by Card Mafia | Kortleksbolaget<\/title>\n<meta name=\"description\" content=\"K\u00f6p Thor Playing Cards by Card Mafia. Snabba leveranser &amp; bra priser. Sveriges st\u00f6rsta sortiment av kortlekar p\u00e5 Kortleksbolaget!\" \/>\n<meta name=\"robots\" content=\"index, follow, max-snippet:-1, max-image-preview:large, max-video-preview:-1\" \/>\n<link rel=\"canonical\" href=\"https:\/\/kortleksbolaget.se\/no\/produkt\/thor-playing-cards-by-card-mafia\/\" \/>\n<meta property=\"og:locale\" content=\"nb_NO\" \/>\n<meta property=\"og:type\" content=\"article\" \/>\n<meta property=\"og:title\" content=\"Kortlek Thor Playing Cards by Card Mafia | Kortleksbolaget\" \/>\n<meta property=\"og:description\" content=\"K\u00f6p Thor Playing Cards by Card Mafia. Snabba leveranser &amp; bra priser. Sveriges st\u00f6rsta sortiment av kortlekar p\u00e5 Kortleksbolaget!\" \/>\n<meta property=\"og:url\" content=\"https:\/\/kortleksbolaget.se\/no\/produkt\/thor-playing-cards-by-card-mafia\/\" \/>\n<meta property=\"og:site_name\" content=\"Kortleksbolaget\" \/>\n<meta property=\"og:image\" content=\"https:\/\/kortleksbolaget.se\/wp-content\/uploads\/thor-avengers.jpg\" \/>\n\t<meta property=\"og:image:width\" content=\"496\" \/>\n\t<meta property=\"og:image:height\" content=\"744\" \/>\n\t<meta property=\"og:image:type\" content=\"image\/jpeg\" \/>\n<meta name=\"twitter:card\" content=\"summary_large_image\" \/>\n<script type=\"application\/ld+json\" class=\"yoast-schema-graph\">{\"@context\":\"https:\/\/schema.org\",\"@graph\":[{\"@type\":\"WebPage\",\"@id\":\"https:\/\/kortleksbolaget.se\/no\/produkt\/thor-playing-cards-by-card-mafia\/\",\"url\":\"https:\/\/kortleksbolaget.se\/no\/produkt\/thor-playing-cards-by-card-mafia\/\",\"name\":\"Kortlek Thor Playing Cards by Card Mafia | Kortleksbolaget\",\"isPartOf\":{\"@id\":\"https:\/\/kortleksbolaget.se\/no\/#website\"},\"primaryImageOfPage\":{\"@id\":\"https:\/\/kortleksbolaget.se\/no\/produkt\/thor-playing-cards-by-card-mafia\/#primaryimage\"},\"image\":{\"@id\":\"https:\/\/kortleksbolaget.se\/no\/produkt\/thor-playing-cards-by-card-mafia\/#primaryimage\"},\"thumbnailUrl\":\"https:\/\/kortleksbolaget.se\/wp-content\/uploads\/thor-avengers.jpg\",\"datePublished\":\"2022-10-30T19:03:41+00:00\",\"description\":\"K\u00f6p Thor Playing Cards by Card Mafia. Snabba leveranser & bra priser. Sveriges st\u00f6rsta sortiment av kortlekar p\u00e5 Kortleksbolaget!\",\"breadcrumb\":{\"@id\":\"https:\/\/kortleksbolaget.se\/no\/produkt\/thor-playing-cards-by-card-mafia\/#breadcrumb\"},\"inLanguage\":\"nb-NO\",\"potentialAction\":[{\"@type\":\"ReadAction\",\"target\":[\"https:\/\/kortleksbolaget.se\/no\/produkt\/thor-playing-cards-by-card-mafia\/\"]}]},{\"@type\":\"ImageObject\",\"inLanguage\":\"nb-NO\",\"@id\":\"https:\/\/kortleksbolaget.se\/no\/produkt\/thor-playing-cards-by-card-mafia\/#primaryimage\",\"url\":\"https:\/\/kortleksbolaget.se\/wp-content\/uploads\/thor-avengers.jpg\",\"contentUrl\":\"https:\/\/kortleksbolaget.se\/wp-content\/uploads\/thor-avengers.jpg\",\"width\":496,\"height\":744},{\"@type\":\"BreadcrumbList\",\"@id\":\"https:\/\/kortleksbolaget.se\/no\/produkt\/thor-playing-cards-by-card-mafia\/#breadcrumb\",\"itemListElement\":[{\"@type\":\"ListItem\",\"position\":1,\"name\":\"Hem\",\"item\":\"https:\/\/kortleksbolaget.se\/no\/\"},{\"@type\":\"ListItem\",\"position\":2,\"name\":\"Alle Kortstokker\",\"item\":\"https:\/\/kortleksbolaget.se\/no\/alla-produkter\/\"},{\"@type\":\"ListItem\",\"position\":3,\"name\":\"Thor Playing Cards by Card Mafia\"}]},{\"@type\":\"WebSite\",\"@id\":\"https:\/\/kortleksbolaget.se\/no\/#website\",\"url\":\"https:\/\/kortleksbolaget.se\/no\/\",\"name\":\"Kortleksbolaget\",\"description\":\"Kortlekar p\u00e5 n\u00e4tet\",\"publisher\":{\"@id\":\"https:\/\/kortleksbolaget.se\/no\/#organization\"},\"potentialAction\":[{\"@type\":\"SearchAction\",\"target\":{\"@type\":\"EntryPoint\",\"urlTemplate\":\"https:\/\/kortleksbolaget.se\/no\/?s={search_term_string}\"},\"query-input\":{\"@type\":\"PropertyValueSpecification\",\"valueRequired\":true,\"valueName\":\"search_term_string\"}}],\"inLanguage\":\"nb-NO\"},{\"@type\":\"Organization\",\"@id\":\"https:\/\/kortleksbolaget.se\/no\/#organization\",\"name\":\"Kortleksbolaget\",\"url\":\"https:\/\/kortleksbolaget.se\/no\/\",\"logo\":{\"@type\":\"ImageObject\",\"inLanguage\":\"nb-NO\",\"@id\":\"https:\/\/kortleksbolaget.se\/no\/#\/schema\/logo\/image\/\",\"url\":\"https:\/\/kortleksbolaget.se\/wp-content\/uploads\/kortleksbolaget_logo-svart.png\",\"contentUrl\":\"https:\/\/kortleksbolaget.se\/wp-content\/uploads\/kortleksbolaget_logo-svart.png\",\"width\":1200,\"height\":296,\"caption\":\"Kortleksbolaget\"},\"image\":{\"@id\":\"https:\/\/kortleksbolaget.se\/no\/#\/schema\/logo\/image\/\"}}]}<\/script>\n<!-- \/ Yoast SEO plugin. -->","yoast_head_json":{"title":"Kortlek Thor Playing Cards by Card Mafia | Kortleksbolaget","description":"K\u00f6p Thor Playing Cards by Card Mafia. Snabba leveranser & bra priser. Sveriges st\u00f6rsta sortiment av kortlekar p\u00e5 Kortleksbolaget!","robots":{"index":"index","follow":"follow","max-snippet":"max-snippet:-1","max-image-preview":"max-image-preview:large","max-video-preview":"max-video-preview:-1"},"canonical":"https:\/\/kortleksbolaget.se\/no\/produkt\/thor-playing-cards-by-card-mafia\/","og_locale":"nb_NO","og_type":"article","og_title":"Kortlek Thor Playing Cards by Card Mafia | Kortleksbolaget","og_description":"K\u00f6p Thor Playing Cards by Card Mafia. Snabba leveranser & bra priser. Sveriges st\u00f6rsta sortiment av kortlekar p\u00e5 Kortleksbolaget!","og_url":"https:\/\/kortleksbolaget.se\/no\/produkt\/thor-playing-cards-by-card-mafia\/","og_site_name":"Kortleksbolaget","og_image":[{"width":496,"height":744,"url":"https:\/\/kortleksbolaget.se\/wp-content\/uploads\/thor-avengers.jpg","type":"image\/jpeg"}],"twitter_card":"summary_large_image","schema":{"@context":"https:\/\/schema.org","@graph":[{"@type":"WebPage","@id":"https:\/\/kortleksbolaget.se\/no\/produkt\/thor-playing-cards-by-card-mafia\/","url":"https:\/\/kortleksbolaget.se\/no\/produkt\/thor-playing-cards-by-card-mafia\/","name":"Kortlek Thor Playing Cards by Card Mafia | Kortleksbolaget","isPartOf":{"@id":"https:\/\/kortleksbolaget.se\/no\/#website"},"primaryImageOfPage":{"@id":"https:\/\/kortleksbolaget.se\/no\/produkt\/thor-playing-cards-by-card-mafia\/#primaryimage"},"image":{"@id":"https:\/\/kortleksbolaget.se\/no\/produkt\/thor-playing-cards-by-card-mafia\/#primaryimage"},"thumbnailUrl":"https:\/\/kortleksbolaget.se\/wp-content\/uploads\/thor-avengers.jpg","datePublished":"2022-10-30T19:03:41+00:00","description":"K\u00f6p Thor Playing Cards by Card Mafia. Snabba leveranser & bra priser. Sveriges st\u00f6rsta sortiment av kortlekar p\u00e5 Kortleksbolaget!","breadcrumb":{"@id":"https:\/\/kortleksbolaget.se\/no\/produkt\/thor-playing-cards-by-card-mafia\/#breadcrumb"},"inLanguage":"nb-NO","potentialAction":[{"@type":"ReadAction","target":["https:\/\/kortleksbolaget.se\/no\/produkt\/thor-playing-cards-by-card-mafia\/"]}]},{"@type":"ImageObject","inLanguage":"nb-NO","@id":"https:\/\/kortleksbolaget.se\/no\/produkt\/thor-playing-cards-by-card-mafia\/#primaryimage","url":"https:\/\/kortleksbolaget.se\/wp-content\/uploads\/thor-avengers.jpg","contentUrl":"https:\/\/kortleksbolaget.se\/wp-content\/uploads\/thor-avengers.jpg","width":496,"height":744},{"@type":"BreadcrumbList","@id":"https:\/\/kortleksbolaget.se\/no\/produkt\/thor-playing-cards-by-card-mafia\/#breadcrumb","itemListElement":[{"@type":"ListItem","position":1,"name":"Hem","item":"https:\/\/kortleksbolaget.se\/no\/"},{"@type":"ListItem","position":2,"name":"Alle Kortstokker","item":"https:\/\/kortleksbolaget.se\/no\/alla-produkter\/"},{"@type":"ListItem","position":3,"name":"Thor Playing Cards by Card Mafia"}]},{"@type":"WebSite","@id":"https:\/\/kortleksbolaget.se\/no\/#website","url":"https:\/\/kortleksbolaget.se\/no\/","name":"Kortleksbolaget","description":"Kortlekar p\u00e5 n\u00e4tet","publisher":{"@id":"https:\/\/kortleksbolaget.se\/no\/#organization"},"potentialAction":[{"@type":"SearchAction","target":{"@type":"EntryPoint","urlTemplate":"https:\/\/kortleksbolaget.se\/no\/?s={search_term_string}"},"query-input":{"@type":"PropertyValueSpecification","valueRequired":true,"valueName":"search_term_string"}}],"inLanguage":"nb-NO"},{"@type":"Organization","@id":"https:\/\/kortleksbolaget.se\/no\/#organization","name":"Kortleksbolaget","url":"https:\/\/kortleksbolaget.se\/no\/","logo":{"@type":"ImageObject","inLanguage":"nb-NO","@id":"https:\/\/kortleksbolaget.se\/no\/#\/schema\/logo\/image\/","url":"https:\/\/kortleksbolaget.se\/wp-content\/uploads\/kortleksbolaget_logo-svart.png","contentUrl":"https:\/\/kortleksbolaget.se\/wp-content\/uploads\/kortleksbolaget_logo-svart.png","width":1200,"height":296,"caption":"Kortleksbolaget"},"image":{"@id":"https:\/\/kortleksbolaget.se\/no\/#\/schema\/logo\/image\/"}}]}},"_links":{"self":[{"href":"https:\/\/kortleksbolaget.se\/no\/wp-json\/wp\/v2\/product\/102994","targetHints":{"allow":["GET"]}}],"collection":[{"href":"https:\/\/kortleksbolaget.se\/no\/wp-json\/wp\/v2\/product"}],"about":[{"href":"https:\/\/kortleksbolaget.se\/no\/wp-json\/wp\/v2\/types\/product"}],"wp:featuredmedia":[{"embeddable":true,"href":"https:\/\/kortleksbolaget.se\/no\/wp-json\/wp\/v2\/media\/102984"}],"wp:attachment":[{"href":"https:\/\/kortleksbolaget.se\/no\/wp-json\/wp\/v2\/media?parent=102994"}],"wp:term":[{"taxonomy":"product_brand","embeddable":true,"href":"https:\/\/kortleksbolaget.se\/no\/wp-json\/wp\/v2\/product_brand?post=102994"},{"taxonomy":"product_cat","embeddable":true,"href":"https:\/\/kortleksbolaget.se\/no\/wp-json\/wp\/v2\/product_cat?post=102994"},{"taxonomy":"product_tag","embeddable":true,"href":"https:\/\/kortleksbolaget.se\/no\/wp-json\/wp\/v2\/product_tag?post=102994"}],"curies":[{"name":"wp","href":"https:\/\/api.w.org\/{rel}","templated":true}]}}