{"id":107945,"date":"2022-12-09T14:15:07","date_gmt":"2022-12-09T13:15:07","guid":{"rendered":"https:\/\/kortleksbolaget.se\/?post_type=product&#038;p=107945"},"modified":"2022-12-09T14:17:02","modified_gmt":"2022-12-09T13:17:02","slug":"test-tb","status":"publish","type":"product","link":"https:\/\/kortleksbolaget.se\/no\/produkt\/test-tb\/","title":{"rendered":"TESTPRODUKT &#8211; TRAFIKBYR\u00c5N &#8211; SP\u00c5RNING"},"content":{"rendered":"","protected":false},"excerpt":{"rendered":"<p id=\"tw-target-text\" class=\"tw-data-text tw-text-large tw-ta\" dir=\"ltr\" data-placeholder=\"\u00d6vers\u00e4ttning\"><span class=\"Y2IQFc\" lang=\"sv\">Efter den stora framg\u00e5ngen med de tidigare versionerna av &laquo;Jugglers&raquo; ville Julio Ribera skapa en kortlek som uttryckligen utformats s\u00e5 att du kan utf\u00f6ra dina favorittrick eller dina b\u00e4sta cardistry-r\u00f6relser. Med en elegant design och en m\u00e4ttad f\u00e4rg p\u00e5 framsidorna som sticker ut \u00f6ver resten. Finishen \u00e4r exceptionell eftersom de \u00e4r tryckta i USPCC, vilket s\u00e4kerst\u00e4ller en behaglig och perfekt touch f\u00f6r dina h\u00e4nder. Namnet p\u00e5 denna vackra kortlek ges f\u00f6r att dess design \u00e4r ett ambigram. Ambigram \u00e4r ord eller fraser skrivna eller ritade p\u00e5 ett s\u00e5dant s\u00e4tt att de till\u00e5ter minst tv\u00e5 olika l\u00e4sningar, p\u00e5 s\u00e5 s\u00e4tt kommer du att kunna se att ordet Juggler kan l\u00e4sas \u00e5t b\u00e5da h\u00e5llen, vilket ger kortleken en visuellt tilltalande symmetri. Begr\u00e4nsad upplaga av 2000 kortlekar. Tillverkad av USPCC i USA. Air Cushion Finish. Premium Crushed Stock. Premium matt ask med pr\u00e4gling och svart folie. Se bilder nedan.<br \/>\n<\/span><\/p>\n<p> [&#8230;]<\/p>\n<p><a class=\"btn btn-secondary understrap-read-more-link\" href=\"https:\/\/kortleksbolaget.se\/no\/produkt\/test-tb\/\">Les mer&#8230;<span class=\"screen-reader-text\"> from TESTPRODUKT &#8211; TRAFIKBYR\u00c5N &#8211; SP\u00c5RNING<\/span><\/a><\/p>\n","protected":false},"featured_media":0,"template":"","meta":{"_acf_changed":false},"product_brand":[],"product_cat":[228],"product_tag":[],"class_list":{"0":"post-107945","1":"product","2":"type-product","3":"status-publish","5":"product_cat-okategoriserad-no","7":"first","8":"instock","9":"featured","10":"taxable","11":"shipping-taxable","12":"purchasable","13":"product-type-simple"},"acf":[],"yoast_head":"<!-- This site is optimized with the Yoast SEO plugin v26.3 - https:\/\/yoast.com\/wordpress\/plugins\/seo\/ -->\n<title>Kortlek TESTPRODUKT - TRAFIKBYR\u00c5N - SP\u00c5RNING | Kortleksbolaget<\/title>\n<meta name=\"description\" content=\"K\u00f6p TESTPRODUKT - TRAFIKBYR\u00c5N - SP\u00c5RNING. Snabba leveranser &amp; bra priser. Sveriges st\u00f6rsta sortiment av kortlekar p\u00e5 Kortleksbolaget!\" \/>\n<meta name=\"robots\" content=\"index, follow, max-snippet:-1, max-image-preview:large, max-video-preview:-1\" \/>\n<link rel=\"canonical\" href=\"https:\/\/kortleksbolaget.se\/no\/produkt\/test-tb\/\" \/>\n<meta property=\"og:locale\" content=\"nb_NO\" \/>\n<meta property=\"og:type\" content=\"article\" \/>\n<meta property=\"og:title\" content=\"Kortlek TESTPRODUKT - TRAFIKBYR\u00c5N - SP\u00c5RNING | Kortleksbolaget\" \/>\n<meta property=\"og:description\" content=\"K\u00f6p TESTPRODUKT - TRAFIKBYR\u00c5N - SP\u00c5RNING. Snabba leveranser &amp; bra priser. Sveriges st\u00f6rsta sortiment av kortlekar p\u00e5 Kortleksbolaget!\" \/>\n<meta property=\"og:url\" content=\"https:\/\/kortleksbolaget.se\/no\/produkt\/test-tb\/\" \/>\n<meta property=\"og:site_name\" content=\"Kortleksbolaget\" \/>\n<meta property=\"article:modified_time\" content=\"2022-12-09T13:17:02+00:00\" \/>\n<meta property=\"og:image\" content=\"https:\/\/kortleksbolaget.se\/wp-content\/uploads\/58253-alt2.png\" \/>\n\t<meta property=\"og:image:width\" content=\"740\" \/>\n\t<meta property=\"og:image:height\" content=\"416\" \/>\n\t<meta property=\"og:image:type\" content=\"image\/png\" \/>\n<meta name=\"twitter:card\" content=\"summary_large_image\" \/>\n<script type=\"application\/ld+json\" class=\"yoast-schema-graph\">{\"@context\":\"https:\/\/schema.org\",\"@graph\":[{\"@type\":\"WebPage\",\"@id\":\"https:\/\/kortleksbolaget.se\/no\/produkt\/test-tb\/\",\"url\":\"https:\/\/kortleksbolaget.se\/no\/produkt\/test-tb\/\",\"name\":\"Kortlek TESTPRODUKT - TRAFIKBYR\u00c5N - SP\u00c5RNING | Kortleksbolaget\",\"isPartOf\":{\"@id\":\"https:\/\/kortleksbolaget.se\/no\/#website\"},\"datePublished\":\"2022-12-09T13:15:07+00:00\",\"dateModified\":\"2022-12-09T13:17:02+00:00\",\"description\":\"K\u00f6p TESTPRODUKT - TRAFIKBYR\u00c5N - SP\u00c5RNING. Snabba leveranser & bra priser. Sveriges st\u00f6rsta sortiment av kortlekar p\u00e5 Kortleksbolaget!\",\"breadcrumb\":{\"@id\":\"https:\/\/kortleksbolaget.se\/no\/produkt\/test-tb\/#breadcrumb\"},\"inLanguage\":\"nb-NO\",\"potentialAction\":[{\"@type\":\"ReadAction\",\"target\":[\"https:\/\/kortleksbolaget.se\/no\/produkt\/test-tb\/\"]}]},{\"@type\":\"BreadcrumbList\",\"@id\":\"https:\/\/kortleksbolaget.se\/no\/produkt\/test-tb\/#breadcrumb\",\"itemListElement\":[{\"@type\":\"ListItem\",\"position\":1,\"name\":\"Hem\",\"item\":\"https:\/\/kortleksbolaget.se\/no\/\"},{\"@type\":\"ListItem\",\"position\":2,\"name\":\"Alle Kortstokker\",\"item\":\"https:\/\/kortleksbolaget.se\/no\/alla-produkter\/\"},{\"@type\":\"ListItem\",\"position\":3,\"name\":\"TESTPRODUKT &#8211; TRAFIKBYR\u00c5N &#8211; SP\u00c5RNING\"}]},{\"@type\":\"WebSite\",\"@id\":\"https:\/\/kortleksbolaget.se\/no\/#website\",\"url\":\"https:\/\/kortleksbolaget.se\/no\/\",\"name\":\"Kortleksbolaget\",\"description\":\"Kortlekar p\u00e5 n\u00e4tet\",\"publisher\":{\"@id\":\"https:\/\/kortleksbolaget.se\/no\/#organization\"},\"potentialAction\":[{\"@type\":\"SearchAction\",\"target\":{\"@type\":\"EntryPoint\",\"urlTemplate\":\"https:\/\/kortleksbolaget.se\/no\/?s={search_term_string}\"},\"query-input\":{\"@type\":\"PropertyValueSpecification\",\"valueRequired\":true,\"valueName\":\"search_term_string\"}}],\"inLanguage\":\"nb-NO\"},{\"@type\":\"Organization\",\"@id\":\"https:\/\/kortleksbolaget.se\/no\/#organization\",\"name\":\"Kortleksbolaget\",\"url\":\"https:\/\/kortleksbolaget.se\/no\/\",\"logo\":{\"@type\":\"ImageObject\",\"inLanguage\":\"nb-NO\",\"@id\":\"https:\/\/kortleksbolaget.se\/no\/#\/schema\/logo\/image\/\",\"url\":\"https:\/\/kortleksbolaget.se\/wp-content\/uploads\/kortleksbolaget_logo-svart.png\",\"contentUrl\":\"https:\/\/kortleksbolaget.se\/wp-content\/uploads\/kortleksbolaget_logo-svart.png\",\"width\":1200,\"height\":296,\"caption\":\"Kortleksbolaget\"},\"image\":{\"@id\":\"https:\/\/kortleksbolaget.se\/no\/#\/schema\/logo\/image\/\"}}]}<\/script>\n<!-- \/ Yoast SEO plugin. -->","yoast_head_json":{"title":"Kortlek TESTPRODUKT - TRAFIKBYR\u00c5N - SP\u00c5RNING | Kortleksbolaget","description":"K\u00f6p TESTPRODUKT - TRAFIKBYR\u00c5N - SP\u00c5RNING. Snabba leveranser & bra priser. Sveriges st\u00f6rsta sortiment av kortlekar p\u00e5 Kortleksbolaget!","robots":{"index":"index","follow":"follow","max-snippet":"max-snippet:-1","max-image-preview":"max-image-preview:large","max-video-preview":"max-video-preview:-1"},"canonical":"https:\/\/kortleksbolaget.se\/no\/produkt\/test-tb\/","og_locale":"nb_NO","og_type":"article","og_title":"Kortlek TESTPRODUKT - TRAFIKBYR\u00c5N - SP\u00c5RNING | Kortleksbolaget","og_description":"K\u00f6p TESTPRODUKT - TRAFIKBYR\u00c5N - SP\u00c5RNING. Snabba leveranser & bra priser. Sveriges st\u00f6rsta sortiment av kortlekar p\u00e5 Kortleksbolaget!","og_url":"https:\/\/kortleksbolaget.se\/no\/produkt\/test-tb\/","og_site_name":"Kortleksbolaget","article_modified_time":"2022-12-09T13:17:02+00:00","og_image":[{"width":740,"height":416,"url":"https:\/\/kortleksbolaget.se\/wp-content\/uploads\/58253-alt2.png","type":"image\/png"}],"twitter_card":"summary_large_image","schema":{"@context":"https:\/\/schema.org","@graph":[{"@type":"WebPage","@id":"https:\/\/kortleksbolaget.se\/no\/produkt\/test-tb\/","url":"https:\/\/kortleksbolaget.se\/no\/produkt\/test-tb\/","name":"Kortlek TESTPRODUKT - TRAFIKBYR\u00c5N - SP\u00c5RNING | Kortleksbolaget","isPartOf":{"@id":"https:\/\/kortleksbolaget.se\/no\/#website"},"datePublished":"2022-12-09T13:15:07+00:00","dateModified":"2022-12-09T13:17:02+00:00","description":"K\u00f6p TESTPRODUKT - TRAFIKBYR\u00c5N - SP\u00c5RNING. Snabba leveranser & bra priser. Sveriges st\u00f6rsta sortiment av kortlekar p\u00e5 Kortleksbolaget!","breadcrumb":{"@id":"https:\/\/kortleksbolaget.se\/no\/produkt\/test-tb\/#breadcrumb"},"inLanguage":"nb-NO","potentialAction":[{"@type":"ReadAction","target":["https:\/\/kortleksbolaget.se\/no\/produkt\/test-tb\/"]}]},{"@type":"BreadcrumbList","@id":"https:\/\/kortleksbolaget.se\/no\/produkt\/test-tb\/#breadcrumb","itemListElement":[{"@type":"ListItem","position":1,"name":"Hem","item":"https:\/\/kortleksbolaget.se\/no\/"},{"@type":"ListItem","position":2,"name":"Alle Kortstokker","item":"https:\/\/kortleksbolaget.se\/no\/alla-produkter\/"},{"@type":"ListItem","position":3,"name":"TESTPRODUKT &#8211; TRAFIKBYR\u00c5N &#8211; SP\u00c5RNING"}]},{"@type":"WebSite","@id":"https:\/\/kortleksbolaget.se\/no\/#website","url":"https:\/\/kortleksbolaget.se\/no\/","name":"Kortleksbolaget","description":"Kortlekar p\u00e5 n\u00e4tet","publisher":{"@id":"https:\/\/kortleksbolaget.se\/no\/#organization"},"potentialAction":[{"@type":"SearchAction","target":{"@type":"EntryPoint","urlTemplate":"https:\/\/kortleksbolaget.se\/no\/?s={search_term_string}"},"query-input":{"@type":"PropertyValueSpecification","valueRequired":true,"valueName":"search_term_string"}}],"inLanguage":"nb-NO"},{"@type":"Organization","@id":"https:\/\/kortleksbolaget.se\/no\/#organization","name":"Kortleksbolaget","url":"https:\/\/kortleksbolaget.se\/no\/","logo":{"@type":"ImageObject","inLanguage":"nb-NO","@id":"https:\/\/kortleksbolaget.se\/no\/#\/schema\/logo\/image\/","url":"https:\/\/kortleksbolaget.se\/wp-content\/uploads\/kortleksbolaget_logo-svart.png","contentUrl":"https:\/\/kortleksbolaget.se\/wp-content\/uploads\/kortleksbolaget_logo-svart.png","width":1200,"height":296,"caption":"Kortleksbolaget"},"image":{"@id":"https:\/\/kortleksbolaget.se\/no\/#\/schema\/logo\/image\/"}}]}},"_links":{"self":[{"href":"https:\/\/kortleksbolaget.se\/no\/wp-json\/wp\/v2\/product\/107945","targetHints":{"allow":["GET"]}}],"collection":[{"href":"https:\/\/kortleksbolaget.se\/no\/wp-json\/wp\/v2\/product"}],"about":[{"href":"https:\/\/kortleksbolaget.se\/no\/wp-json\/wp\/v2\/types\/product"}],"wp:attachment":[{"href":"https:\/\/kortleksbolaget.se\/no\/wp-json\/wp\/v2\/media?parent=107945"}],"wp:term":[{"taxonomy":"product_brand","embeddable":true,"href":"https:\/\/kortleksbolaget.se\/no\/wp-json\/wp\/v2\/product_brand?post=107945"},{"taxonomy":"product_cat","embeddable":true,"href":"https:\/\/kortleksbolaget.se\/no\/wp-json\/wp\/v2\/product_cat?post=107945"},{"taxonomy":"product_tag","embeddable":true,"href":"https:\/\/kortleksbolaget.se\/no\/wp-json\/wp\/v2\/product_tag?post=107945"}],"curies":[{"name":"wp","href":"https:\/\/api.w.org\/{rel}","templated":true}]}}