{"id":112288,"date":"2023-01-13T18:20:58","date_gmt":"2023-01-13T17:20:58","guid":{"rendered":"https:\/\/kortleksbolaget.se\/produkt\/destiny-deck\/"},"modified":"2023-01-13T18:20:58","modified_gmt":"2023-01-13T17:20:58","slug":"destiny-deck","status":"publish","type":"product","link":"https:\/\/kortleksbolaget.se\/no\/produkt\/destiny-deck\/","title":{"rendered":"Destiny Deck"},"content":{"rendered":"","protected":false},"excerpt":{"rendered":"<p>The most anticipated effect in years, that sold out at every convention before we finally released it officially!<\/p>\n<p>This is a deck (not just a single effect) that was more than four years in the making to get it to this level of perfection. Imagine Christoph Borer&#8217;s Get Sharky, voted Trick of the Year, and improve it in a way to give you more freedom to show the selected card. And then add great routines to it that are so magical and different. You will have the feeling of getting not just one trick but a collection of effects that are so strong, they stand by themselves! (Just do one of them for your audience and you will kill them!)<\/p>\n<p>To show you all the effects possible, we dedicated a website completely for that: <a title=\"The Destiny Deck\" href=\"http:\/\/www.card-shark.de\/TheDestinyDeck\" target=\"_blank\" rel=\"noopener\">www.card-shark.de\/TheDestinyDeck<\/a><\/p>\n<p>Please watch the videos and decide for yourself. We recommend to take not only one but to order two decks, as the &laquo;Destiny&raquo; routine itself is using the deck in New Deck Order while all the other routines are performed with a shuffled deck. (You certainly can resort the shuffled deck; but with two decks, you can dedicate the decks to different purposes.)<\/p>\n<p>Comes with an Online DVD (in english and spanish) and a Repair Kit that will keep your Destiny Deck in good working condition even if you mishandled it. (All routines are constructed in a way that the preparation will not wear out by itself.)<\/p>\n<p><i><b>&laquo;David\u2019s idea is amazing. With deep love and effort he managed to maximize the possibilities of this deck and developed many strong effects for it!&raquo;<br \/>\n<\/b><span style=\"color: red;\">Juan Tamariz<\/span><\/i><\/p>\n<p><i><b>&laquo;When David showed me his Destiny Deck at FISM in Rimini, I said: You should not show it to me, you should do this in the competition! Amazing possibilities!&raquo;<br \/>\n<\/b><span style=\"color: red;\">Pit Hartling<\/span><\/i><\/p>\n<p><i><b>&laquo;This deck has to be in the repertoire of any magician who wants to achieve a real impossibility!&raquo;<br \/>\n<\/b><span style=\"color: red;\">Dani DaOrtiz<\/span><\/i><\/p>\n<p><i><b>&laquo;I have no idea how it is done and I do not want to know the secret. Wonderful!&raquo;<br \/>\n<\/b><span style=\"color: red;\">Jay Sankey<\/span><\/i><\/p>\n<p><i><b>&laquo;David\u2019s Destiny Deck is yet another exciting development in the realm of special playing cards released by Card-Shark.<br \/>\nHis applications are AMAZING and I\u2019m a big fan of this principle!&raquo;<br \/>\n<\/b><span style=\"color: red;\">Joshua Jay<\/span><\/i><\/p>\n<p><i><b>&laquo;I try to avoid being envious when thinking about the Destiny Deck, but it is so powerful, seems impossible, and has so much magic built into just a single deck of cards.<br \/>\nIt sucks! Sorry, that was envy.&raquo;<br \/>\n<\/b><span style=\"color: red;\">Miguel Angel Gea<\/span><\/i><\/p>\n<p><i><b>&laquo;David Gonzalez has taken a great principle of card magic and brought it into the 21st century. Using state of the art magic technology, he has created a versatile tool that allows you to perform stunning and seemingly impossible effects. The Destiny Deck is a giant leap in the evolution of card magic!&raquo;<br \/>\n<\/b><span style=\"color: red;\">J\u00f6rg Alexander<\/span><\/i> [&#8230;]<\/p>\n<p><a class=\"btn btn-secondary understrap-read-more-link\" href=\"https:\/\/kortleksbolaget.se\/no\/produkt\/destiny-deck\/\">Les mer&#8230;<span class=\"screen-reader-text\"> from Destiny Deck<\/span><\/a><\/p>\n","protected":false},"featured_media":112283,"template":"","meta":{"_acf_changed":false},"product_brand":[],"product_cat":[226],"product_tag":[],"class_list":{"0":"post-112288","1":"product","2":"type-product","3":"status-publish","4":"has-post-thumbnail","6":"varumarke-phoenix-no","7":"product_cat-magisk-no","9":"first","10":"outofstock","11":"taxable","12":"shipping-taxable","13":"purchasable","14":"product-type-simple"},"acf":[],"yoast_head":"<!-- This site is optimized with the Yoast SEO plugin v26.3 - https:\/\/yoast.com\/wordpress\/plugins\/seo\/ -->\n<title>Kortlek Destiny Deck | Kortleksbolaget<\/title>\n<meta name=\"description\" content=\"K\u00f6p Destiny Deck. Snabba leveranser &amp; bra priser. Sveriges st\u00f6rsta sortiment av kortlekar p\u00e5 Kortleksbolaget!\" \/>\n<meta name=\"robots\" content=\"index, follow, max-snippet:-1, max-image-preview:large, max-video-preview:-1\" \/>\n<link rel=\"canonical\" href=\"https:\/\/kortleksbolaget.se\/no\/produkt\/destiny-deck\/\" \/>\n<meta property=\"og:locale\" content=\"nb_NO\" \/>\n<meta property=\"og:type\" content=\"article\" \/>\n<meta property=\"og:title\" content=\"Kortlek Destiny Deck | Kortleksbolaget\" \/>\n<meta property=\"og:description\" content=\"K\u00f6p Destiny Deck. Snabba leveranser &amp; bra priser. Sveriges st\u00f6rsta sortiment av kortlekar p\u00e5 Kortleksbolaget!\" \/>\n<meta property=\"og:url\" content=\"https:\/\/kortleksbolaget.se\/no\/produkt\/destiny-deck\/\" \/>\n<meta property=\"og:site_name\" content=\"Kortleksbolaget\" \/>\n<meta property=\"og:image\" content=\"https:\/\/kortleksbolaget.se\/wp-content\/uploads\/destiny-deck-trick-1.jpg\" \/>\n\t<meta property=\"og:image:width\" content=\"545\" \/>\n\t<meta property=\"og:image:height\" content=\"818\" \/>\n\t<meta property=\"og:image:type\" content=\"image\/jpeg\" \/>\n<meta name=\"twitter:card\" content=\"summary_large_image\" \/>\n<script type=\"application\/ld+json\" class=\"yoast-schema-graph\">{\"@context\":\"https:\/\/schema.org\",\"@graph\":[{\"@type\":\"WebPage\",\"@id\":\"https:\/\/kortleksbolaget.se\/no\/produkt\/destiny-deck\/\",\"url\":\"https:\/\/kortleksbolaget.se\/no\/produkt\/destiny-deck\/\",\"name\":\"Kortlek Destiny Deck | Kortleksbolaget\",\"isPartOf\":{\"@id\":\"https:\/\/kortleksbolaget.se\/no\/#website\"},\"primaryImageOfPage\":{\"@id\":\"https:\/\/kortleksbolaget.se\/no\/produkt\/destiny-deck\/#primaryimage\"},\"image\":{\"@id\":\"https:\/\/kortleksbolaget.se\/no\/produkt\/destiny-deck\/#primaryimage\"},\"thumbnailUrl\":\"https:\/\/kortleksbolaget.se\/wp-content\/uploads\/destiny-deck-trick-1.jpg\",\"datePublished\":\"2023-01-13T17:20:58+00:00\",\"description\":\"K\u00f6p Destiny Deck. Snabba leveranser & bra priser. Sveriges st\u00f6rsta sortiment av kortlekar p\u00e5 Kortleksbolaget!\",\"breadcrumb\":{\"@id\":\"https:\/\/kortleksbolaget.se\/no\/produkt\/destiny-deck\/#breadcrumb\"},\"inLanguage\":\"nb-NO\",\"potentialAction\":[{\"@type\":\"ReadAction\",\"target\":[\"https:\/\/kortleksbolaget.se\/no\/produkt\/destiny-deck\/\"]}]},{\"@type\":\"ImageObject\",\"inLanguage\":\"nb-NO\",\"@id\":\"https:\/\/kortleksbolaget.se\/no\/produkt\/destiny-deck\/#primaryimage\",\"url\":\"https:\/\/kortleksbolaget.se\/wp-content\/uploads\/destiny-deck-trick-1.jpg\",\"contentUrl\":\"https:\/\/kortleksbolaget.se\/wp-content\/uploads\/destiny-deck-trick-1.jpg\",\"width\":545,\"height\":818},{\"@type\":\"BreadcrumbList\",\"@id\":\"https:\/\/kortleksbolaget.se\/no\/produkt\/destiny-deck\/#breadcrumb\",\"itemListElement\":[{\"@type\":\"ListItem\",\"position\":1,\"name\":\"Hem\",\"item\":\"https:\/\/kortleksbolaget.se\/no\/\"},{\"@type\":\"ListItem\",\"position\":2,\"name\":\"Alle Kortstokker\",\"item\":\"https:\/\/kortleksbolaget.se\/no\/alla-produkter\/\"},{\"@type\":\"ListItem\",\"position\":3,\"name\":\"Destiny Deck\"}]},{\"@type\":\"WebSite\",\"@id\":\"https:\/\/kortleksbolaget.se\/no\/#website\",\"url\":\"https:\/\/kortleksbolaget.se\/no\/\",\"name\":\"Kortleksbolaget\",\"description\":\"Kortlekar p\u00e5 n\u00e4tet\",\"publisher\":{\"@id\":\"https:\/\/kortleksbolaget.se\/no\/#organization\"},\"potentialAction\":[{\"@type\":\"SearchAction\",\"target\":{\"@type\":\"EntryPoint\",\"urlTemplate\":\"https:\/\/kortleksbolaget.se\/no\/?s={search_term_string}\"},\"query-input\":{\"@type\":\"PropertyValueSpecification\",\"valueRequired\":true,\"valueName\":\"search_term_string\"}}],\"inLanguage\":\"nb-NO\"},{\"@type\":\"Organization\",\"@id\":\"https:\/\/kortleksbolaget.se\/no\/#organization\",\"name\":\"Kortleksbolaget\",\"url\":\"https:\/\/kortleksbolaget.se\/no\/\",\"logo\":{\"@type\":\"ImageObject\",\"inLanguage\":\"nb-NO\",\"@id\":\"https:\/\/kortleksbolaget.se\/no\/#\/schema\/logo\/image\/\",\"url\":\"https:\/\/kortleksbolaget.se\/wp-content\/uploads\/kortleksbolaget_logo-svart.png\",\"contentUrl\":\"https:\/\/kortleksbolaget.se\/wp-content\/uploads\/kortleksbolaget_logo-svart.png\",\"width\":1200,\"height\":296,\"caption\":\"Kortleksbolaget\"},\"image\":{\"@id\":\"https:\/\/kortleksbolaget.se\/no\/#\/schema\/logo\/image\/\"}}]}<\/script>\n<!-- \/ Yoast SEO plugin. -->","yoast_head_json":{"title":"Kortlek Destiny Deck | Kortleksbolaget","description":"K\u00f6p Destiny Deck. Snabba leveranser & bra priser. Sveriges st\u00f6rsta sortiment av kortlekar p\u00e5 Kortleksbolaget!","robots":{"index":"index","follow":"follow","max-snippet":"max-snippet:-1","max-image-preview":"max-image-preview:large","max-video-preview":"max-video-preview:-1"},"canonical":"https:\/\/kortleksbolaget.se\/no\/produkt\/destiny-deck\/","og_locale":"nb_NO","og_type":"article","og_title":"Kortlek Destiny Deck | Kortleksbolaget","og_description":"K\u00f6p Destiny Deck. Snabba leveranser & bra priser. Sveriges st\u00f6rsta sortiment av kortlekar p\u00e5 Kortleksbolaget!","og_url":"https:\/\/kortleksbolaget.se\/no\/produkt\/destiny-deck\/","og_site_name":"Kortleksbolaget","og_image":[{"width":545,"height":818,"url":"https:\/\/kortleksbolaget.se\/wp-content\/uploads\/destiny-deck-trick-1.jpg","type":"image\/jpeg"}],"twitter_card":"summary_large_image","schema":{"@context":"https:\/\/schema.org","@graph":[{"@type":"WebPage","@id":"https:\/\/kortleksbolaget.se\/no\/produkt\/destiny-deck\/","url":"https:\/\/kortleksbolaget.se\/no\/produkt\/destiny-deck\/","name":"Kortlek Destiny Deck | Kortleksbolaget","isPartOf":{"@id":"https:\/\/kortleksbolaget.se\/no\/#website"},"primaryImageOfPage":{"@id":"https:\/\/kortleksbolaget.se\/no\/produkt\/destiny-deck\/#primaryimage"},"image":{"@id":"https:\/\/kortleksbolaget.se\/no\/produkt\/destiny-deck\/#primaryimage"},"thumbnailUrl":"https:\/\/kortleksbolaget.se\/wp-content\/uploads\/destiny-deck-trick-1.jpg","datePublished":"2023-01-13T17:20:58+00:00","description":"K\u00f6p Destiny Deck. Snabba leveranser & bra priser. Sveriges st\u00f6rsta sortiment av kortlekar p\u00e5 Kortleksbolaget!","breadcrumb":{"@id":"https:\/\/kortleksbolaget.se\/no\/produkt\/destiny-deck\/#breadcrumb"},"inLanguage":"nb-NO","potentialAction":[{"@type":"ReadAction","target":["https:\/\/kortleksbolaget.se\/no\/produkt\/destiny-deck\/"]}]},{"@type":"ImageObject","inLanguage":"nb-NO","@id":"https:\/\/kortleksbolaget.se\/no\/produkt\/destiny-deck\/#primaryimage","url":"https:\/\/kortleksbolaget.se\/wp-content\/uploads\/destiny-deck-trick-1.jpg","contentUrl":"https:\/\/kortleksbolaget.se\/wp-content\/uploads\/destiny-deck-trick-1.jpg","width":545,"height":818},{"@type":"BreadcrumbList","@id":"https:\/\/kortleksbolaget.se\/no\/produkt\/destiny-deck\/#breadcrumb","itemListElement":[{"@type":"ListItem","position":1,"name":"Hem","item":"https:\/\/kortleksbolaget.se\/no\/"},{"@type":"ListItem","position":2,"name":"Alle Kortstokker","item":"https:\/\/kortleksbolaget.se\/no\/alla-produkter\/"},{"@type":"ListItem","position":3,"name":"Destiny Deck"}]},{"@type":"WebSite","@id":"https:\/\/kortleksbolaget.se\/no\/#website","url":"https:\/\/kortleksbolaget.se\/no\/","name":"Kortleksbolaget","description":"Kortlekar p\u00e5 n\u00e4tet","publisher":{"@id":"https:\/\/kortleksbolaget.se\/no\/#organization"},"potentialAction":[{"@type":"SearchAction","target":{"@type":"EntryPoint","urlTemplate":"https:\/\/kortleksbolaget.se\/no\/?s={search_term_string}"},"query-input":{"@type":"PropertyValueSpecification","valueRequired":true,"valueName":"search_term_string"}}],"inLanguage":"nb-NO"},{"@type":"Organization","@id":"https:\/\/kortleksbolaget.se\/no\/#organization","name":"Kortleksbolaget","url":"https:\/\/kortleksbolaget.se\/no\/","logo":{"@type":"ImageObject","inLanguage":"nb-NO","@id":"https:\/\/kortleksbolaget.se\/no\/#\/schema\/logo\/image\/","url":"https:\/\/kortleksbolaget.se\/wp-content\/uploads\/kortleksbolaget_logo-svart.png","contentUrl":"https:\/\/kortleksbolaget.se\/wp-content\/uploads\/kortleksbolaget_logo-svart.png","width":1200,"height":296,"caption":"Kortleksbolaget"},"image":{"@id":"https:\/\/kortleksbolaget.se\/no\/#\/schema\/logo\/image\/"}}]}},"_links":{"self":[{"href":"https:\/\/kortleksbolaget.se\/no\/wp-json\/wp\/v2\/product\/112288","targetHints":{"allow":["GET"]}}],"collection":[{"href":"https:\/\/kortleksbolaget.se\/no\/wp-json\/wp\/v2\/product"}],"about":[{"href":"https:\/\/kortleksbolaget.se\/no\/wp-json\/wp\/v2\/types\/product"}],"wp:featuredmedia":[{"embeddable":true,"href":"https:\/\/kortleksbolaget.se\/no\/wp-json\/wp\/v2\/media\/112283"}],"wp:attachment":[{"href":"https:\/\/kortleksbolaget.se\/no\/wp-json\/wp\/v2\/media?parent=112288"}],"wp:term":[{"taxonomy":"product_brand","embeddable":true,"href":"https:\/\/kortleksbolaget.se\/no\/wp-json\/wp\/v2\/product_brand?post=112288"},{"taxonomy":"product_cat","embeddable":true,"href":"https:\/\/kortleksbolaget.se\/no\/wp-json\/wp\/v2\/product_cat?post=112288"},{"taxonomy":"product_tag","embeddable":true,"href":"https:\/\/kortleksbolaget.se\/no\/wp-json\/wp\/v2\/product_tag?post=112288"}],"curies":[{"name":"wp","href":"https:\/\/api.w.org\/{rel}","templated":true}]}}