{"id":113451,"date":"2023-01-26T15:58:53","date_gmt":"2023-01-26T14:58:53","guid":{"rendered":"https:\/\/kortleksbolaget.se\/produkt\/the-jlb-marked-deck-worlds-first-connected-deck\/"},"modified":"2023-01-26T15:58:53","modified_gmt":"2023-01-26T14:58:53","slug":"the-jlb-marked-deck-worlds-first-connected-deck","status":"publish","type":"product","link":"https:\/\/kortleksbolaget.se\/no\/produkt\/the-jlb-marked-deck-worlds-first-connected-deck\/","title":{"rendered":"The JLB Marked Deck. World&#8217;s First Connected Deck"},"content":{"rendered":"","protected":false},"excerpt":{"rendered":"<p>The <b>JLB Deck<\/b> is a marked deck that comes with connecting technology, exclusive content, a dedicated mobile app &amp; magic tutorials.<\/p>\n<p>Like any other deck in History, The <b>JLB Deck<\/b> is a bunch of regular cards &#8211; with a pretty dope design &#8211; That&#8217;s what you might think! You may slip it at a party, have a card game with friends and let people play with it&#8230; and no one will notice that YOU&#8217;RE CARRYING SO MUCH MORE<\/p>\n<p><b>THE TOOL<\/b><\/p>\n<p>1. Sealed Deck Magic Opener<br \/>\nStart your performance with a brand new sealed box. The FIRST EFFECT you&#8217;ll be able to perform is finding a spectator&#8217;s chosen card upside down in the sealed box&#8230; aka The Brainwave or The Invisible Deck Routine.<br \/>\nThus, each JLB Deck is sealed with an upside down card inside. You might not know why we did that, but if you know&#8230; you know what you don&#8217;t know&#8230; is that in the tutorials provided with the deck, we&#8217;ll show you 3 slick methods to perform that effect.<\/p>\n<p>2. Magic In The Magic<br \/>\nThe <b>JLB Deck<\/b> contains 56 cards &#8211; with a pretty dope design &#8211; We&#8217;ll spare you the regular 52 cards speech&#8230; because that&#8217;s obvious. The 4 extra cards are not your usual Double Backer and white card. Inside you&#8217;ll find the fruit of many brain strains.<\/p>\n<p><b>THE WEAPON <\/b><\/p>\n<p>1. The Marking<br \/>\nWith a unique marking system, the <b>JLB Deck<\/b> has without any doubt the Most Efficient and Obvious Reading Method for magicians and yet is absolutely invisible for muggles. These cards are thought for Every Kind of Situation a magician may face.<br \/>\nThe design of the marking is thought for all magicians. Even if you&#8217;re LEFTY! You can spot the marking at A YARD AWAY (0.923m) or 2 yards if you&#8217;re under 25.<\/p>\n<p>2. Zoom Magic Effects<br \/>\nJeanLuc Bertrand designed and created 5 exclusive routines Tailor-Made for the new wave of Zoom magicians. We can therefore say that the <b>JLB Deck<\/b> is COVID-friendly.<\/p>\n<p>3. Tutorials<br \/>\nOnce you&#8217;ll have the TOOL in your hand and the WEAPON concealed inside&#8230; You&#8217;ll have access the THEORY and the SUBTLETIES to transform your close-up set into an unforgettable magic performance. JeanLuc will share with you his form of magic where the method is not important, only the result matters.<\/p>\n<p>4. The JLB App<br \/>\nThis app will leave so much room for upgrades, creativity and reputation maker effects&#8230; A world wide tool for magicians, from close-up magic to Zoom performance. The first and key feature is that it is directly connected to the JLB Deck. Instagram, Facebook, TikTok, LinkedIn, Paypal, Snapchat, Twitter, email, phone number, URL&#8230;<\/p>\n<ul>\n<li>NO MORE BUSINESS CARDS<\/li>\n<li>Directly connected to the JLB Deck<\/li>\n<li>Compatible with all phones<\/li>\n<li>Get known magically<\/li>\n<li>Connect with your audience<\/li>\n<li>Share your digital presence instantly<\/li>\n<li>Social media, contact information, websites &amp; much more.<\/li>\n<li>Link to any URL<\/li>\n<li>Change the link at any moment<\/li>\n<li>Increase your database<\/li>\n<\/ul>\n<p>The <b>JLB Deck<\/b> comes with<\/p>\n<ul>\n<li>15 exclusive video tutorials<\/li>\n<li>Including tailor-mad zoom magic effects<\/li>\n<li>Multi angles views<\/li>\n<li>English &#8211; French &#8211; Spanish subtitles<\/li>\n<\/ul>\n<p>You will learn:<\/p>\n<ul>\n<li>Easy to do impressive magic<\/li>\n<li>No amazing sleight skills required<\/li>\n<li>Impactful commercial magic<\/li>\n<\/ul>\n<p>And:<\/p>\n<ul>\n<li>How to enhance your interaction with the audience<\/li>\n<li>How to turn any contact into a client<\/li>\n<li>Working tips and advices<\/li>\n<\/ul>\n<p> [&#8230;]<\/p>\n<p><a class=\"btn btn-secondary understrap-read-more-link\" href=\"https:\/\/kortleksbolaget.se\/no\/produkt\/the-jlb-marked-deck-worlds-first-connected-deck\/\">Les mer&#8230;<span class=\"screen-reader-text\"> from The JLB Marked Deck. World&#8217;s First Connected Deck<\/span><\/a><\/p>\n","protected":false},"featured_media":113436,"template":"","meta":{"_acf_changed":false},"product_brand":[],"product_cat":[232,226],"product_tag":[],"class_list":{"0":"post-113451","1":"product","2":"type-product","3":"status-publish","4":"has-post-thumbnail","6":"product_cat-special-lyx-limited-no","7":"product_cat-magisk-no","9":"first","10":"outofstock","11":"taxable","12":"shipping-taxable","13":"purchasable","14":"product-type-simple"},"acf":[],"yoast_head":"<!-- This site is optimized with the Yoast SEO plugin v26.3 - https:\/\/yoast.com\/wordpress\/plugins\/seo\/ -->\n<title>Kortlek The JLB Marked Deck. World&#039;s First Connected Deck | Kortleksbolaget<\/title>\n<meta name=\"description\" content=\"K\u00f6p The JLB Marked Deck. World&#039;s First Connected Deck. Snabba leveranser &amp; bra priser. Sveriges st\u00f6rsta sortiment av kortlekar p\u00e5 Kortleksbolaget!\" \/>\n<meta name=\"robots\" content=\"index, follow, max-snippet:-1, max-image-preview:large, max-video-preview:-1\" \/>\n<link rel=\"canonical\" href=\"https:\/\/kortleksbolaget.se\/no\/produkt\/the-jlb-marked-deck-worlds-first-connected-deck\/\" \/>\n<meta property=\"og:locale\" content=\"nb_NO\" \/>\n<meta property=\"og:type\" content=\"article\" \/>\n<meta property=\"og:title\" content=\"Kortlek The JLB Marked Deck. World&#039;s First Connected Deck | Kortleksbolaget\" \/>\n<meta property=\"og:description\" content=\"K\u00f6p The JLB Marked Deck. World&#039;s First Connected Deck. Snabba leveranser &amp; bra priser. Sveriges st\u00f6rsta sortiment av kortlekar p\u00e5 Kortleksbolaget!\" \/>\n<meta property=\"og:url\" content=\"https:\/\/kortleksbolaget.se\/no\/produkt\/the-jlb-marked-deck-worlds-first-connected-deck\/\" \/>\n<meta property=\"og:site_name\" content=\"Kortleksbolaget\" \/>\n<meta property=\"og:image\" content=\"https:\/\/kortleksbolaget.se\/wp-content\/uploads\/jlb-deck-1.jpg\" \/>\n\t<meta property=\"og:image:width\" content=\"509\" \/>\n\t<meta property=\"og:image:height\" content=\"764\" \/>\n\t<meta property=\"og:image:type\" content=\"image\/jpeg\" \/>\n<meta name=\"twitter:card\" content=\"summary_large_image\" \/>\n<script type=\"application\/ld+json\" class=\"yoast-schema-graph\">{\"@context\":\"https:\/\/schema.org\",\"@graph\":[{\"@type\":\"WebPage\",\"@id\":\"https:\/\/kortleksbolaget.se\/no\/produkt\/the-jlb-marked-deck-worlds-first-connected-deck\/\",\"url\":\"https:\/\/kortleksbolaget.se\/no\/produkt\/the-jlb-marked-deck-worlds-first-connected-deck\/\",\"name\":\"Kortlek The JLB Marked Deck. World's First Connected Deck | Kortleksbolaget\",\"isPartOf\":{\"@id\":\"https:\/\/kortleksbolaget.se\/no\/#website\"},\"primaryImageOfPage\":{\"@id\":\"https:\/\/kortleksbolaget.se\/no\/produkt\/the-jlb-marked-deck-worlds-first-connected-deck\/#primaryimage\"},\"image\":{\"@id\":\"https:\/\/kortleksbolaget.se\/no\/produkt\/the-jlb-marked-deck-worlds-first-connected-deck\/#primaryimage\"},\"thumbnailUrl\":\"https:\/\/kortleksbolaget.se\/wp-content\/uploads\/jlb-deck-1.jpg\",\"datePublished\":\"2023-01-26T14:58:53+00:00\",\"description\":\"K\u00f6p The JLB Marked Deck. World's First Connected Deck. Snabba leveranser & bra priser. Sveriges st\u00f6rsta sortiment av kortlekar p\u00e5 Kortleksbolaget!\",\"breadcrumb\":{\"@id\":\"https:\/\/kortleksbolaget.se\/no\/produkt\/the-jlb-marked-deck-worlds-first-connected-deck\/#breadcrumb\"},\"inLanguage\":\"nb-NO\",\"potentialAction\":[{\"@type\":\"ReadAction\",\"target\":[\"https:\/\/kortleksbolaget.se\/no\/produkt\/the-jlb-marked-deck-worlds-first-connected-deck\/\"]}]},{\"@type\":\"ImageObject\",\"inLanguage\":\"nb-NO\",\"@id\":\"https:\/\/kortleksbolaget.se\/no\/produkt\/the-jlb-marked-deck-worlds-first-connected-deck\/#primaryimage\",\"url\":\"https:\/\/kortleksbolaget.se\/wp-content\/uploads\/jlb-deck-1.jpg\",\"contentUrl\":\"https:\/\/kortleksbolaget.se\/wp-content\/uploads\/jlb-deck-1.jpg\",\"width\":509,\"height\":764},{\"@type\":\"BreadcrumbList\",\"@id\":\"https:\/\/kortleksbolaget.se\/no\/produkt\/the-jlb-marked-deck-worlds-first-connected-deck\/#breadcrumb\",\"itemListElement\":[{\"@type\":\"ListItem\",\"position\":1,\"name\":\"Hem\",\"item\":\"https:\/\/kortleksbolaget.se\/no\/\"},{\"@type\":\"ListItem\",\"position\":2,\"name\":\"Alle Kortstokker\",\"item\":\"https:\/\/kortleksbolaget.se\/no\/alla-produkter\/\"},{\"@type\":\"ListItem\",\"position\":3,\"name\":\"The JLB Marked Deck. World&#8217;s First Connected Deck\"}]},{\"@type\":\"WebSite\",\"@id\":\"https:\/\/kortleksbolaget.se\/no\/#website\",\"url\":\"https:\/\/kortleksbolaget.se\/no\/\",\"name\":\"Kortleksbolaget\",\"description\":\"Kortlekar p\u00e5 n\u00e4tet\",\"publisher\":{\"@id\":\"https:\/\/kortleksbolaget.se\/no\/#organization\"},\"potentialAction\":[{\"@type\":\"SearchAction\",\"target\":{\"@type\":\"EntryPoint\",\"urlTemplate\":\"https:\/\/kortleksbolaget.se\/no\/?s={search_term_string}\"},\"query-input\":{\"@type\":\"PropertyValueSpecification\",\"valueRequired\":true,\"valueName\":\"search_term_string\"}}],\"inLanguage\":\"nb-NO\"},{\"@type\":\"Organization\",\"@id\":\"https:\/\/kortleksbolaget.se\/no\/#organization\",\"name\":\"Kortleksbolaget\",\"url\":\"https:\/\/kortleksbolaget.se\/no\/\",\"logo\":{\"@type\":\"ImageObject\",\"inLanguage\":\"nb-NO\",\"@id\":\"https:\/\/kortleksbolaget.se\/no\/#\/schema\/logo\/image\/\",\"url\":\"https:\/\/kortleksbolaget.se\/wp-content\/uploads\/kortleksbolaget_logo-svart.png\",\"contentUrl\":\"https:\/\/kortleksbolaget.se\/wp-content\/uploads\/kortleksbolaget_logo-svart.png\",\"width\":1200,\"height\":296,\"caption\":\"Kortleksbolaget\"},\"image\":{\"@id\":\"https:\/\/kortleksbolaget.se\/no\/#\/schema\/logo\/image\/\"}}]}<\/script>\n<!-- \/ Yoast SEO plugin. -->","yoast_head_json":{"title":"Kortlek The JLB Marked Deck. World's First Connected Deck | Kortleksbolaget","description":"K\u00f6p The JLB Marked Deck. World's First Connected Deck. Snabba leveranser & bra priser. Sveriges st\u00f6rsta sortiment av kortlekar p\u00e5 Kortleksbolaget!","robots":{"index":"index","follow":"follow","max-snippet":"max-snippet:-1","max-image-preview":"max-image-preview:large","max-video-preview":"max-video-preview:-1"},"canonical":"https:\/\/kortleksbolaget.se\/no\/produkt\/the-jlb-marked-deck-worlds-first-connected-deck\/","og_locale":"nb_NO","og_type":"article","og_title":"Kortlek The JLB Marked Deck. World's First Connected Deck | Kortleksbolaget","og_description":"K\u00f6p The JLB Marked Deck. World's First Connected Deck. Snabba leveranser & bra priser. Sveriges st\u00f6rsta sortiment av kortlekar p\u00e5 Kortleksbolaget!","og_url":"https:\/\/kortleksbolaget.se\/no\/produkt\/the-jlb-marked-deck-worlds-first-connected-deck\/","og_site_name":"Kortleksbolaget","og_image":[{"width":509,"height":764,"url":"https:\/\/kortleksbolaget.se\/wp-content\/uploads\/jlb-deck-1.jpg","type":"image\/jpeg"}],"twitter_card":"summary_large_image","schema":{"@context":"https:\/\/schema.org","@graph":[{"@type":"WebPage","@id":"https:\/\/kortleksbolaget.se\/no\/produkt\/the-jlb-marked-deck-worlds-first-connected-deck\/","url":"https:\/\/kortleksbolaget.se\/no\/produkt\/the-jlb-marked-deck-worlds-first-connected-deck\/","name":"Kortlek The JLB Marked Deck. World's First Connected Deck | Kortleksbolaget","isPartOf":{"@id":"https:\/\/kortleksbolaget.se\/no\/#website"},"primaryImageOfPage":{"@id":"https:\/\/kortleksbolaget.se\/no\/produkt\/the-jlb-marked-deck-worlds-first-connected-deck\/#primaryimage"},"image":{"@id":"https:\/\/kortleksbolaget.se\/no\/produkt\/the-jlb-marked-deck-worlds-first-connected-deck\/#primaryimage"},"thumbnailUrl":"https:\/\/kortleksbolaget.se\/wp-content\/uploads\/jlb-deck-1.jpg","datePublished":"2023-01-26T14:58:53+00:00","description":"K\u00f6p The JLB Marked Deck. World's First Connected Deck. Snabba leveranser & bra priser. Sveriges st\u00f6rsta sortiment av kortlekar p\u00e5 Kortleksbolaget!","breadcrumb":{"@id":"https:\/\/kortleksbolaget.se\/no\/produkt\/the-jlb-marked-deck-worlds-first-connected-deck\/#breadcrumb"},"inLanguage":"nb-NO","potentialAction":[{"@type":"ReadAction","target":["https:\/\/kortleksbolaget.se\/no\/produkt\/the-jlb-marked-deck-worlds-first-connected-deck\/"]}]},{"@type":"ImageObject","inLanguage":"nb-NO","@id":"https:\/\/kortleksbolaget.se\/no\/produkt\/the-jlb-marked-deck-worlds-first-connected-deck\/#primaryimage","url":"https:\/\/kortleksbolaget.se\/wp-content\/uploads\/jlb-deck-1.jpg","contentUrl":"https:\/\/kortleksbolaget.se\/wp-content\/uploads\/jlb-deck-1.jpg","width":509,"height":764},{"@type":"BreadcrumbList","@id":"https:\/\/kortleksbolaget.se\/no\/produkt\/the-jlb-marked-deck-worlds-first-connected-deck\/#breadcrumb","itemListElement":[{"@type":"ListItem","position":1,"name":"Hem","item":"https:\/\/kortleksbolaget.se\/no\/"},{"@type":"ListItem","position":2,"name":"Alle Kortstokker","item":"https:\/\/kortleksbolaget.se\/no\/alla-produkter\/"},{"@type":"ListItem","position":3,"name":"The JLB Marked Deck. World&#8217;s First Connected Deck"}]},{"@type":"WebSite","@id":"https:\/\/kortleksbolaget.se\/no\/#website","url":"https:\/\/kortleksbolaget.se\/no\/","name":"Kortleksbolaget","description":"Kortlekar p\u00e5 n\u00e4tet","publisher":{"@id":"https:\/\/kortleksbolaget.se\/no\/#organization"},"potentialAction":[{"@type":"SearchAction","target":{"@type":"EntryPoint","urlTemplate":"https:\/\/kortleksbolaget.se\/no\/?s={search_term_string}"},"query-input":{"@type":"PropertyValueSpecification","valueRequired":true,"valueName":"search_term_string"}}],"inLanguage":"nb-NO"},{"@type":"Organization","@id":"https:\/\/kortleksbolaget.se\/no\/#organization","name":"Kortleksbolaget","url":"https:\/\/kortleksbolaget.se\/no\/","logo":{"@type":"ImageObject","inLanguage":"nb-NO","@id":"https:\/\/kortleksbolaget.se\/no\/#\/schema\/logo\/image\/","url":"https:\/\/kortleksbolaget.se\/wp-content\/uploads\/kortleksbolaget_logo-svart.png","contentUrl":"https:\/\/kortleksbolaget.se\/wp-content\/uploads\/kortleksbolaget_logo-svart.png","width":1200,"height":296,"caption":"Kortleksbolaget"},"image":{"@id":"https:\/\/kortleksbolaget.se\/no\/#\/schema\/logo\/image\/"}}]}},"_links":{"self":[{"href":"https:\/\/kortleksbolaget.se\/no\/wp-json\/wp\/v2\/product\/113451","targetHints":{"allow":["GET"]}}],"collection":[{"href":"https:\/\/kortleksbolaget.se\/no\/wp-json\/wp\/v2\/product"}],"about":[{"href":"https:\/\/kortleksbolaget.se\/no\/wp-json\/wp\/v2\/types\/product"}],"wp:featuredmedia":[{"embeddable":true,"href":"https:\/\/kortleksbolaget.se\/no\/wp-json\/wp\/v2\/media\/113436"}],"wp:attachment":[{"href":"https:\/\/kortleksbolaget.se\/no\/wp-json\/wp\/v2\/media?parent=113451"}],"wp:term":[{"taxonomy":"product_brand","embeddable":true,"href":"https:\/\/kortleksbolaget.se\/no\/wp-json\/wp\/v2\/product_brand?post=113451"},{"taxonomy":"product_cat","embeddable":true,"href":"https:\/\/kortleksbolaget.se\/no\/wp-json\/wp\/v2\/product_cat?post=113451"},{"taxonomy":"product_tag","embeddable":true,"href":"https:\/\/kortleksbolaget.se\/no\/wp-json\/wp\/v2\/product_tag?post=113451"}],"curies":[{"name":"wp","href":"https:\/\/api.w.org\/{rel}","templated":true}]}}