{"id":120615,"date":"2023-04-06T13:57:13","date_gmt":"2023-04-06T11:57:13","guid":{"rendered":"https:\/\/kortleksbolaget.se\/produkt\/the-magicians-playing-cards-card-game-puzzle\/"},"modified":"2023-04-06T13:57:13","modified_gmt":"2023-04-06T11:57:13","slug":"the-magicians-playing-cards-card-game-puzzle","status":"publish","type":"product","link":"https:\/\/kortleksbolaget.se\/no\/produkt\/the-magicians-playing-cards-card-game-puzzle\/","title":{"rendered":"The Magicians Playing Cards &#8211; Card Game &#038; Puzzle"},"content":{"rendered":"","protected":false},"excerpt":{"rendered":"<p>Inspired by the Golden Age of Magic, these playing cards pay homage to some of magic&#8217;s biggest performers and also some of it&#8217;s most innovative creators.<\/p>\n<p>Each court card is abundant with rich information about the magic world. These contain the name of a famous magical effect (such as &laquo;TnR&raquo;, &laquo;Ambitious Effect&raquo;, etc.) and features the portrait of a famous magician. Each court card is also a small puzzle featuring clues that hint at a magician themed movie.<\/p>\n<p>Each number card features a famous magician, a prop used by magicians and an effect created or usually performed by that artist.<\/p>\n<p>Card Game &#8211; The deck comes together with a set of instructions that teaches you how you can use the court cards to battle your magician friends. This game has been created with the intent in mind to give magicians a game to play together, while also providing them with a tool they can use to practice their repertoire or come up with new ideas.<\/p>\n<p>The embossed tuck case takes inspiration from a Victorian Era painting which showcases a devil playing cards with the magician on stage. On the inside of the tuck case you will find the names of all the backers who have helped make this project a reality.<\/p>\n<p>Printed with Taiwan Playing Card Co (TWPCC). They are one of the upcoming playing cards production companies in the world. The cards are printed with their latest soft stock called the luxury stock. These cards are made responsibly, with sustainable forest papers, starch-based laminating, and vegetable-based inks. [&#8230;]<\/p>\n<p><a class=\"btn btn-secondary understrap-read-more-link\" href=\"https:\/\/kortleksbolaget.se\/no\/produkt\/the-magicians-playing-cards-card-game-puzzle\/\">Les mer&#8230;<span class=\"screen-reader-text\"> from The Magicians Playing Cards &#8211; Card Game &#038; Puzzle<\/span><\/a><\/p>\n","protected":false},"featured_media":120601,"template":"","meta":{"_acf_changed":false},"product_brand":[],"product_cat":[232,226],"product_tag":[],"class_list":{"0":"post-120615","1":"product","2":"type-product","3":"status-publish","4":"has-post-thumbnail","6":"product_cat-special-lyx-limited-no","7":"product_cat-magisk-no","9":"first","10":"outofstock","11":"taxable","12":"shipping-taxable","13":"purchasable","14":"product-type-simple"},"acf":[],"yoast_head":"<!-- This site is optimized with the Yoast SEO plugin v26.3 - https:\/\/yoast.com\/wordpress\/plugins\/seo\/ -->\n<title>Kortlek The Magicians Playing Cards - Card Game &amp; Puzzle | Kortleksbolaget<\/title>\n<meta name=\"description\" content=\"K\u00f6p The Magicians Playing Cards - Card Game &amp; Puzzle. Snabba leveranser &amp; bra priser. Sveriges st\u00f6rsta sortiment av kortlekar p\u00e5 Kortleksbolaget!\" \/>\n<meta name=\"robots\" content=\"index, follow, max-snippet:-1, max-image-preview:large, max-video-preview:-1\" \/>\n<link rel=\"canonical\" href=\"https:\/\/kortleksbolaget.se\/no\/produkt\/the-magicians-playing-cards-card-game-puzzle\/\" \/>\n<meta property=\"og:locale\" content=\"nb_NO\" \/>\n<meta property=\"og:type\" content=\"article\" \/>\n<meta property=\"og:title\" content=\"Kortlek The Magicians Playing Cards - Card Game &amp; Puzzle | Kortleksbolaget\" \/>\n<meta property=\"og:description\" content=\"K\u00f6p The Magicians Playing Cards - Card Game &amp; Puzzle. Snabba leveranser &amp; bra priser. Sveriges st\u00f6rsta sortiment av kortlekar p\u00e5 Kortleksbolaget!\" \/>\n<meta property=\"og:url\" content=\"https:\/\/kortleksbolaget.se\/no\/produkt\/the-magicians-playing-cards-card-game-puzzle\/\" \/>\n<meta property=\"og:site_name\" content=\"Kortleksbolaget\" \/>\n<meta property=\"og:image\" content=\"https:\/\/kortleksbolaget.se\/wp-content\/uploads\/the-magicians-playing-cards.jpg\" \/>\n\t<meta property=\"og:image:width\" content=\"507\" \/>\n\t<meta property=\"og:image:height\" content=\"760\" \/>\n\t<meta property=\"og:image:type\" content=\"image\/jpeg\" \/>\n<meta name=\"twitter:card\" content=\"summary_large_image\" \/>\n<script type=\"application\/ld+json\" class=\"yoast-schema-graph\">{\"@context\":\"https:\/\/schema.org\",\"@graph\":[{\"@type\":\"WebPage\",\"@id\":\"https:\/\/kortleksbolaget.se\/no\/produkt\/the-magicians-playing-cards-card-game-puzzle\/\",\"url\":\"https:\/\/kortleksbolaget.se\/no\/produkt\/the-magicians-playing-cards-card-game-puzzle\/\",\"name\":\"Kortlek The Magicians Playing Cards - Card Game & Puzzle | Kortleksbolaget\",\"isPartOf\":{\"@id\":\"https:\/\/kortleksbolaget.se\/no\/#website\"},\"primaryImageOfPage\":{\"@id\":\"https:\/\/kortleksbolaget.se\/no\/produkt\/the-magicians-playing-cards-card-game-puzzle\/#primaryimage\"},\"image\":{\"@id\":\"https:\/\/kortleksbolaget.se\/no\/produkt\/the-magicians-playing-cards-card-game-puzzle\/#primaryimage\"},\"thumbnailUrl\":\"https:\/\/kortleksbolaget.se\/wp-content\/uploads\/the-magicians-playing-cards.jpg\",\"datePublished\":\"2023-04-06T11:57:13+00:00\",\"description\":\"K\u00f6p The Magicians Playing Cards - Card Game & Puzzle. Snabba leveranser & bra priser. Sveriges st\u00f6rsta sortiment av kortlekar p\u00e5 Kortleksbolaget!\",\"breadcrumb\":{\"@id\":\"https:\/\/kortleksbolaget.se\/no\/produkt\/the-magicians-playing-cards-card-game-puzzle\/#breadcrumb\"},\"inLanguage\":\"nb-NO\",\"potentialAction\":[{\"@type\":\"ReadAction\",\"target\":[\"https:\/\/kortleksbolaget.se\/no\/produkt\/the-magicians-playing-cards-card-game-puzzle\/\"]}]},{\"@type\":\"ImageObject\",\"inLanguage\":\"nb-NO\",\"@id\":\"https:\/\/kortleksbolaget.se\/no\/produkt\/the-magicians-playing-cards-card-game-puzzle\/#primaryimage\",\"url\":\"https:\/\/kortleksbolaget.se\/wp-content\/uploads\/the-magicians-playing-cards.jpg\",\"contentUrl\":\"https:\/\/kortleksbolaget.se\/wp-content\/uploads\/the-magicians-playing-cards.jpg\",\"width\":507,\"height\":760},{\"@type\":\"BreadcrumbList\",\"@id\":\"https:\/\/kortleksbolaget.se\/no\/produkt\/the-magicians-playing-cards-card-game-puzzle\/#breadcrumb\",\"itemListElement\":[{\"@type\":\"ListItem\",\"position\":1,\"name\":\"Hem\",\"item\":\"https:\/\/kortleksbolaget.se\/no\/\"},{\"@type\":\"ListItem\",\"position\":2,\"name\":\"Alle Kortstokker\",\"item\":\"https:\/\/kortleksbolaget.se\/no\/alla-produkter\/\"},{\"@type\":\"ListItem\",\"position\":3,\"name\":\"The Magicians Playing Cards &#8211; Card Game &#038; Puzzle\"}]},{\"@type\":\"WebSite\",\"@id\":\"https:\/\/kortleksbolaget.se\/no\/#website\",\"url\":\"https:\/\/kortleksbolaget.se\/no\/\",\"name\":\"Kortleksbolaget\",\"description\":\"Kortlekar p\u00e5 n\u00e4tet\",\"publisher\":{\"@id\":\"https:\/\/kortleksbolaget.se\/no\/#organization\"},\"potentialAction\":[{\"@type\":\"SearchAction\",\"target\":{\"@type\":\"EntryPoint\",\"urlTemplate\":\"https:\/\/kortleksbolaget.se\/no\/?s={search_term_string}\"},\"query-input\":{\"@type\":\"PropertyValueSpecification\",\"valueRequired\":true,\"valueName\":\"search_term_string\"}}],\"inLanguage\":\"nb-NO\"},{\"@type\":\"Organization\",\"@id\":\"https:\/\/kortleksbolaget.se\/no\/#organization\",\"name\":\"Kortleksbolaget\",\"url\":\"https:\/\/kortleksbolaget.se\/no\/\",\"logo\":{\"@type\":\"ImageObject\",\"inLanguage\":\"nb-NO\",\"@id\":\"https:\/\/kortleksbolaget.se\/no\/#\/schema\/logo\/image\/\",\"url\":\"https:\/\/kortleksbolaget.se\/wp-content\/uploads\/kortleksbolaget_logo-svart.png\",\"contentUrl\":\"https:\/\/kortleksbolaget.se\/wp-content\/uploads\/kortleksbolaget_logo-svart.png\",\"width\":1200,\"height\":296,\"caption\":\"Kortleksbolaget\"},\"image\":{\"@id\":\"https:\/\/kortleksbolaget.se\/no\/#\/schema\/logo\/image\/\"}}]}<\/script>\n<!-- \/ Yoast SEO plugin. -->","yoast_head_json":{"title":"Kortlek The Magicians Playing Cards - Card Game & Puzzle | Kortleksbolaget","description":"K\u00f6p The Magicians Playing Cards - Card Game & Puzzle. Snabba leveranser & bra priser. Sveriges st\u00f6rsta sortiment av kortlekar p\u00e5 Kortleksbolaget!","robots":{"index":"index","follow":"follow","max-snippet":"max-snippet:-1","max-image-preview":"max-image-preview:large","max-video-preview":"max-video-preview:-1"},"canonical":"https:\/\/kortleksbolaget.se\/no\/produkt\/the-magicians-playing-cards-card-game-puzzle\/","og_locale":"nb_NO","og_type":"article","og_title":"Kortlek The Magicians Playing Cards - Card Game & Puzzle | Kortleksbolaget","og_description":"K\u00f6p The Magicians Playing Cards - Card Game & Puzzle. Snabba leveranser & bra priser. Sveriges st\u00f6rsta sortiment av kortlekar p\u00e5 Kortleksbolaget!","og_url":"https:\/\/kortleksbolaget.se\/no\/produkt\/the-magicians-playing-cards-card-game-puzzle\/","og_site_name":"Kortleksbolaget","og_image":[{"width":507,"height":760,"url":"https:\/\/kortleksbolaget.se\/wp-content\/uploads\/the-magicians-playing-cards.jpg","type":"image\/jpeg"}],"twitter_card":"summary_large_image","schema":{"@context":"https:\/\/schema.org","@graph":[{"@type":"WebPage","@id":"https:\/\/kortleksbolaget.se\/no\/produkt\/the-magicians-playing-cards-card-game-puzzle\/","url":"https:\/\/kortleksbolaget.se\/no\/produkt\/the-magicians-playing-cards-card-game-puzzle\/","name":"Kortlek The Magicians Playing Cards - Card Game & Puzzle | Kortleksbolaget","isPartOf":{"@id":"https:\/\/kortleksbolaget.se\/no\/#website"},"primaryImageOfPage":{"@id":"https:\/\/kortleksbolaget.se\/no\/produkt\/the-magicians-playing-cards-card-game-puzzle\/#primaryimage"},"image":{"@id":"https:\/\/kortleksbolaget.se\/no\/produkt\/the-magicians-playing-cards-card-game-puzzle\/#primaryimage"},"thumbnailUrl":"https:\/\/kortleksbolaget.se\/wp-content\/uploads\/the-magicians-playing-cards.jpg","datePublished":"2023-04-06T11:57:13+00:00","description":"K\u00f6p The Magicians Playing Cards - Card Game & Puzzle. Snabba leveranser & bra priser. Sveriges st\u00f6rsta sortiment av kortlekar p\u00e5 Kortleksbolaget!","breadcrumb":{"@id":"https:\/\/kortleksbolaget.se\/no\/produkt\/the-magicians-playing-cards-card-game-puzzle\/#breadcrumb"},"inLanguage":"nb-NO","potentialAction":[{"@type":"ReadAction","target":["https:\/\/kortleksbolaget.se\/no\/produkt\/the-magicians-playing-cards-card-game-puzzle\/"]}]},{"@type":"ImageObject","inLanguage":"nb-NO","@id":"https:\/\/kortleksbolaget.se\/no\/produkt\/the-magicians-playing-cards-card-game-puzzle\/#primaryimage","url":"https:\/\/kortleksbolaget.se\/wp-content\/uploads\/the-magicians-playing-cards.jpg","contentUrl":"https:\/\/kortleksbolaget.se\/wp-content\/uploads\/the-magicians-playing-cards.jpg","width":507,"height":760},{"@type":"BreadcrumbList","@id":"https:\/\/kortleksbolaget.se\/no\/produkt\/the-magicians-playing-cards-card-game-puzzle\/#breadcrumb","itemListElement":[{"@type":"ListItem","position":1,"name":"Hem","item":"https:\/\/kortleksbolaget.se\/no\/"},{"@type":"ListItem","position":2,"name":"Alle Kortstokker","item":"https:\/\/kortleksbolaget.se\/no\/alla-produkter\/"},{"@type":"ListItem","position":3,"name":"The Magicians Playing Cards &#8211; Card Game &#038; Puzzle"}]},{"@type":"WebSite","@id":"https:\/\/kortleksbolaget.se\/no\/#website","url":"https:\/\/kortleksbolaget.se\/no\/","name":"Kortleksbolaget","description":"Kortlekar p\u00e5 n\u00e4tet","publisher":{"@id":"https:\/\/kortleksbolaget.se\/no\/#organization"},"potentialAction":[{"@type":"SearchAction","target":{"@type":"EntryPoint","urlTemplate":"https:\/\/kortleksbolaget.se\/no\/?s={search_term_string}"},"query-input":{"@type":"PropertyValueSpecification","valueRequired":true,"valueName":"search_term_string"}}],"inLanguage":"nb-NO"},{"@type":"Organization","@id":"https:\/\/kortleksbolaget.se\/no\/#organization","name":"Kortleksbolaget","url":"https:\/\/kortleksbolaget.se\/no\/","logo":{"@type":"ImageObject","inLanguage":"nb-NO","@id":"https:\/\/kortleksbolaget.se\/no\/#\/schema\/logo\/image\/","url":"https:\/\/kortleksbolaget.se\/wp-content\/uploads\/kortleksbolaget_logo-svart.png","contentUrl":"https:\/\/kortleksbolaget.se\/wp-content\/uploads\/kortleksbolaget_logo-svart.png","width":1200,"height":296,"caption":"Kortleksbolaget"},"image":{"@id":"https:\/\/kortleksbolaget.se\/no\/#\/schema\/logo\/image\/"}}]}},"_links":{"self":[{"href":"https:\/\/kortleksbolaget.se\/no\/wp-json\/wp\/v2\/product\/120615","targetHints":{"allow":["GET"]}}],"collection":[{"href":"https:\/\/kortleksbolaget.se\/no\/wp-json\/wp\/v2\/product"}],"about":[{"href":"https:\/\/kortleksbolaget.se\/no\/wp-json\/wp\/v2\/types\/product"}],"wp:featuredmedia":[{"embeddable":true,"href":"https:\/\/kortleksbolaget.se\/no\/wp-json\/wp\/v2\/media\/120601"}],"wp:attachment":[{"href":"https:\/\/kortleksbolaget.se\/no\/wp-json\/wp\/v2\/media?parent=120615"}],"wp:term":[{"taxonomy":"product_brand","embeddable":true,"href":"https:\/\/kortleksbolaget.se\/no\/wp-json\/wp\/v2\/product_brand?post=120615"},{"taxonomy":"product_cat","embeddable":true,"href":"https:\/\/kortleksbolaget.se\/no\/wp-json\/wp\/v2\/product_cat?post=120615"},{"taxonomy":"product_tag","embeddable":true,"href":"https:\/\/kortleksbolaget.se\/no\/wp-json\/wp\/v2\/product_tag?post=120615"}],"curies":[{"name":"wp","href":"https:\/\/api.w.org\/{rel}","templated":true}]}}