{"id":123396,"date":"2023-05-12T20:42:23","date_gmt":"2023-05-12T18:42:23","guid":{"rendered":"https:\/\/kortleksbolaget.se\/produkt\/jerrys-nugget-icey-blue-marked-monotone\/"},"modified":"2023-05-12T20:42:23","modified_gmt":"2023-05-12T18:42:23","slug":"jerrys-nugget-icey-blue-marked-monotone","status":"publish","type":"product","link":"https:\/\/kortleksbolaget.se\/no\/produkt\/jerrys-nugget-icey-blue-marked-monotone\/","title":{"rendered":"Jerry&#8217;s Nugget Icey Blue Marked Monotone"},"content":{"rendered":"","protected":false},"excerpt":{"rendered":"<p><span class=\"Y2IQFc\" lang=\"sv\">Be among the lucky few to own playing cards with unique marking systems commonly prohibited by casinos &#8211; limited quantities!<\/p>\n<p>This next-generation <b>Jerry&#8217;s Nugget<\/b> series has the uncompromising quality you&#8217;ve come to expect from the world&#8217;s leading playing card manufacturer. They will be TRADITIONALLY CUT and have a &#8216;Modern&#8217; feel to them.<\/p>\n<p>Featuring:<\/span><\/p>\n<ul>\n<li>THREE NEW EXCLUSIVE colorways: <b>Icy Blue<\/b> (suit marked), <b>Atomic Red<\/b> (suit marked), <b>Felt Green<\/b> (suit &amp; value marked).<\/li>\n<li>Includes unique &laquo;tower&raquo; marking systems.<\/li>\n<li>Individually numbered seals.<\/li>\n<li>Printed on a thin-crushed USPCC Premium (Bee) stock for a &laquo;modern&raquo; feel.<\/li>\n<li>Limited to 1 of 4,200. No reprints.<\/li>\n<\/ul>\n<p><span class=\"Y2IQFc\" lang=\"sv\">\u00a0<\/span> [&#8230;]<\/p>\n<p><a class=\"btn btn-secondary understrap-read-more-link\" href=\"https:\/\/kortleksbolaget.se\/no\/produkt\/jerrys-nugget-icey-blue-marked-monotone\/\">Les mer&#8230;<span class=\"screen-reader-text\"> from Jerry&#8217;s Nugget Icey Blue Marked Monotone<\/span><\/a><\/p>\n","protected":false},"featured_media":123387,"template":"","meta":{"_acf_changed":false},"product_brand":[],"product_cat":[232],"product_tag":[],"class_list":{"0":"post-123396","1":"product","2":"type-product","3":"status-publish","4":"has-post-thumbnail","6":"varumarke-uspcc-no","7":"product_cat-special-lyx-limited-no","9":"first","10":"instock","11":"taxable","12":"shipping-taxable","13":"purchasable","14":"product-type-simple"},"acf":[],"yoast_head":"<!-- This site is optimized with the Yoast SEO plugin v26.3 - https:\/\/yoast.com\/wordpress\/plugins\/seo\/ -->\n<title>Kortlek Jerry&#039;s Nugget Icey Blue Marked Monotone | Kortleksbolaget<\/title>\n<meta name=\"description\" content=\"K\u00f6p Jerry&#039;s Nugget Icey Blue Marked Monotone. Snabba leveranser &amp; bra priser. Sveriges st\u00f6rsta sortiment av kortlekar p\u00e5 Kortleksbolaget!\" \/>\n<meta name=\"robots\" content=\"index, follow, max-snippet:-1, max-image-preview:large, max-video-preview:-1\" \/>\n<link rel=\"canonical\" href=\"https:\/\/kortleksbolaget.se\/no\/produkt\/jerrys-nugget-icey-blue-marked-monotone\/\" \/>\n<meta property=\"og:locale\" content=\"nb_NO\" \/>\n<meta property=\"og:type\" content=\"article\" \/>\n<meta property=\"og:title\" content=\"Kortlek Jerry&#039;s Nugget Icey Blue Marked Monotone | Kortleksbolaget\" \/>\n<meta property=\"og:description\" content=\"K\u00f6p Jerry&#039;s Nugget Icey Blue Marked Monotone. Snabba leveranser &amp; bra priser. Sveriges st\u00f6rsta sortiment av kortlekar p\u00e5 Kortleksbolaget!\" \/>\n<meta property=\"og:url\" content=\"https:\/\/kortleksbolaget.se\/no\/produkt\/jerrys-nugget-icey-blue-marked-monotone\/\" \/>\n<meta property=\"og:site_name\" content=\"Kortleksbolaget\" \/>\n<meta property=\"og:image\" content=\"https:\/\/kortleksbolaget.se\/wp-content\/uploads\/jerrys-nugget-ice-blue-marked.jpg\" \/>\n\t<meta property=\"og:image:width\" content=\"525\" \/>\n\t<meta property=\"og:image:height\" content=\"786\" \/>\n\t<meta property=\"og:image:type\" content=\"image\/jpeg\" \/>\n<meta name=\"twitter:card\" content=\"summary_large_image\" \/>\n<script type=\"application\/ld+json\" class=\"yoast-schema-graph\">{\"@context\":\"https:\/\/schema.org\",\"@graph\":[{\"@type\":\"WebPage\",\"@id\":\"https:\/\/kortleksbolaget.se\/no\/produkt\/jerrys-nugget-icey-blue-marked-monotone\/\",\"url\":\"https:\/\/kortleksbolaget.se\/no\/produkt\/jerrys-nugget-icey-blue-marked-monotone\/\",\"name\":\"Kortlek Jerry's Nugget Icey Blue Marked Monotone | Kortleksbolaget\",\"isPartOf\":{\"@id\":\"https:\/\/kortleksbolaget.se\/no\/#website\"},\"primaryImageOfPage\":{\"@id\":\"https:\/\/kortleksbolaget.se\/no\/produkt\/jerrys-nugget-icey-blue-marked-monotone\/#primaryimage\"},\"image\":{\"@id\":\"https:\/\/kortleksbolaget.se\/no\/produkt\/jerrys-nugget-icey-blue-marked-monotone\/#primaryimage\"},\"thumbnailUrl\":\"https:\/\/kortleksbolaget.se\/wp-content\/uploads\/jerrys-nugget-ice-blue-marked.jpg\",\"datePublished\":\"2023-05-12T18:42:23+00:00\",\"description\":\"K\u00f6p Jerry's Nugget Icey Blue Marked Monotone. Snabba leveranser & bra priser. Sveriges st\u00f6rsta sortiment av kortlekar p\u00e5 Kortleksbolaget!\",\"breadcrumb\":{\"@id\":\"https:\/\/kortleksbolaget.se\/no\/produkt\/jerrys-nugget-icey-blue-marked-monotone\/#breadcrumb\"},\"inLanguage\":\"nb-NO\",\"potentialAction\":[{\"@type\":\"ReadAction\",\"target\":[\"https:\/\/kortleksbolaget.se\/no\/produkt\/jerrys-nugget-icey-blue-marked-monotone\/\"]}]},{\"@type\":\"ImageObject\",\"inLanguage\":\"nb-NO\",\"@id\":\"https:\/\/kortleksbolaget.se\/no\/produkt\/jerrys-nugget-icey-blue-marked-monotone\/#primaryimage\",\"url\":\"https:\/\/kortleksbolaget.se\/wp-content\/uploads\/jerrys-nugget-ice-blue-marked.jpg\",\"contentUrl\":\"https:\/\/kortleksbolaget.se\/wp-content\/uploads\/jerrys-nugget-ice-blue-marked.jpg\",\"width\":525,\"height\":786},{\"@type\":\"BreadcrumbList\",\"@id\":\"https:\/\/kortleksbolaget.se\/no\/produkt\/jerrys-nugget-icey-blue-marked-monotone\/#breadcrumb\",\"itemListElement\":[{\"@type\":\"ListItem\",\"position\":1,\"name\":\"Hem\",\"item\":\"https:\/\/kortleksbolaget.se\/no\/\"},{\"@type\":\"ListItem\",\"position\":2,\"name\":\"Alle Kortstokker\",\"item\":\"https:\/\/kortleksbolaget.se\/no\/alla-produkter\/\"},{\"@type\":\"ListItem\",\"position\":3,\"name\":\"Jerry&#8217;s Nugget Icey Blue Marked Monotone\"}]},{\"@type\":\"WebSite\",\"@id\":\"https:\/\/kortleksbolaget.se\/no\/#website\",\"url\":\"https:\/\/kortleksbolaget.se\/no\/\",\"name\":\"Kortleksbolaget\",\"description\":\"Kortlekar p\u00e5 n\u00e4tet\",\"publisher\":{\"@id\":\"https:\/\/kortleksbolaget.se\/no\/#organization\"},\"potentialAction\":[{\"@type\":\"SearchAction\",\"target\":{\"@type\":\"EntryPoint\",\"urlTemplate\":\"https:\/\/kortleksbolaget.se\/no\/?s={search_term_string}\"},\"query-input\":{\"@type\":\"PropertyValueSpecification\",\"valueRequired\":true,\"valueName\":\"search_term_string\"}}],\"inLanguage\":\"nb-NO\"},{\"@type\":\"Organization\",\"@id\":\"https:\/\/kortleksbolaget.se\/no\/#organization\",\"name\":\"Kortleksbolaget\",\"url\":\"https:\/\/kortleksbolaget.se\/no\/\",\"logo\":{\"@type\":\"ImageObject\",\"inLanguage\":\"nb-NO\",\"@id\":\"https:\/\/kortleksbolaget.se\/no\/#\/schema\/logo\/image\/\",\"url\":\"https:\/\/kortleksbolaget.se\/wp-content\/uploads\/kortleksbolaget_logo-svart.png\",\"contentUrl\":\"https:\/\/kortleksbolaget.se\/wp-content\/uploads\/kortleksbolaget_logo-svart.png\",\"width\":1200,\"height\":296,\"caption\":\"Kortleksbolaget\"},\"image\":{\"@id\":\"https:\/\/kortleksbolaget.se\/no\/#\/schema\/logo\/image\/\"}}]}<\/script>\n<!-- \/ Yoast SEO plugin. -->","yoast_head_json":{"title":"Kortlek Jerry's Nugget Icey Blue Marked Monotone | Kortleksbolaget","description":"K\u00f6p Jerry's Nugget Icey Blue Marked Monotone. Snabba leveranser & bra priser. Sveriges st\u00f6rsta sortiment av kortlekar p\u00e5 Kortleksbolaget!","robots":{"index":"index","follow":"follow","max-snippet":"max-snippet:-1","max-image-preview":"max-image-preview:large","max-video-preview":"max-video-preview:-1"},"canonical":"https:\/\/kortleksbolaget.se\/no\/produkt\/jerrys-nugget-icey-blue-marked-monotone\/","og_locale":"nb_NO","og_type":"article","og_title":"Kortlek Jerry's Nugget Icey Blue Marked Monotone | Kortleksbolaget","og_description":"K\u00f6p Jerry's Nugget Icey Blue Marked Monotone. Snabba leveranser & bra priser. Sveriges st\u00f6rsta sortiment av kortlekar p\u00e5 Kortleksbolaget!","og_url":"https:\/\/kortleksbolaget.se\/no\/produkt\/jerrys-nugget-icey-blue-marked-monotone\/","og_site_name":"Kortleksbolaget","og_image":[{"width":525,"height":786,"url":"https:\/\/kortleksbolaget.se\/wp-content\/uploads\/jerrys-nugget-ice-blue-marked.jpg","type":"image\/jpeg"}],"twitter_card":"summary_large_image","schema":{"@context":"https:\/\/schema.org","@graph":[{"@type":"WebPage","@id":"https:\/\/kortleksbolaget.se\/no\/produkt\/jerrys-nugget-icey-blue-marked-monotone\/","url":"https:\/\/kortleksbolaget.se\/no\/produkt\/jerrys-nugget-icey-blue-marked-monotone\/","name":"Kortlek Jerry's Nugget Icey Blue Marked Monotone | Kortleksbolaget","isPartOf":{"@id":"https:\/\/kortleksbolaget.se\/no\/#website"},"primaryImageOfPage":{"@id":"https:\/\/kortleksbolaget.se\/no\/produkt\/jerrys-nugget-icey-blue-marked-monotone\/#primaryimage"},"image":{"@id":"https:\/\/kortleksbolaget.se\/no\/produkt\/jerrys-nugget-icey-blue-marked-monotone\/#primaryimage"},"thumbnailUrl":"https:\/\/kortleksbolaget.se\/wp-content\/uploads\/jerrys-nugget-ice-blue-marked.jpg","datePublished":"2023-05-12T18:42:23+00:00","description":"K\u00f6p Jerry's Nugget Icey Blue Marked Monotone. Snabba leveranser & bra priser. Sveriges st\u00f6rsta sortiment av kortlekar p\u00e5 Kortleksbolaget!","breadcrumb":{"@id":"https:\/\/kortleksbolaget.se\/no\/produkt\/jerrys-nugget-icey-blue-marked-monotone\/#breadcrumb"},"inLanguage":"nb-NO","potentialAction":[{"@type":"ReadAction","target":["https:\/\/kortleksbolaget.se\/no\/produkt\/jerrys-nugget-icey-blue-marked-monotone\/"]}]},{"@type":"ImageObject","inLanguage":"nb-NO","@id":"https:\/\/kortleksbolaget.se\/no\/produkt\/jerrys-nugget-icey-blue-marked-monotone\/#primaryimage","url":"https:\/\/kortleksbolaget.se\/wp-content\/uploads\/jerrys-nugget-ice-blue-marked.jpg","contentUrl":"https:\/\/kortleksbolaget.se\/wp-content\/uploads\/jerrys-nugget-ice-blue-marked.jpg","width":525,"height":786},{"@type":"BreadcrumbList","@id":"https:\/\/kortleksbolaget.se\/no\/produkt\/jerrys-nugget-icey-blue-marked-monotone\/#breadcrumb","itemListElement":[{"@type":"ListItem","position":1,"name":"Hem","item":"https:\/\/kortleksbolaget.se\/no\/"},{"@type":"ListItem","position":2,"name":"Alle Kortstokker","item":"https:\/\/kortleksbolaget.se\/no\/alla-produkter\/"},{"@type":"ListItem","position":3,"name":"Jerry&#8217;s Nugget Icey Blue Marked Monotone"}]},{"@type":"WebSite","@id":"https:\/\/kortleksbolaget.se\/no\/#website","url":"https:\/\/kortleksbolaget.se\/no\/","name":"Kortleksbolaget","description":"Kortlekar p\u00e5 n\u00e4tet","publisher":{"@id":"https:\/\/kortleksbolaget.se\/no\/#organization"},"potentialAction":[{"@type":"SearchAction","target":{"@type":"EntryPoint","urlTemplate":"https:\/\/kortleksbolaget.se\/no\/?s={search_term_string}"},"query-input":{"@type":"PropertyValueSpecification","valueRequired":true,"valueName":"search_term_string"}}],"inLanguage":"nb-NO"},{"@type":"Organization","@id":"https:\/\/kortleksbolaget.se\/no\/#organization","name":"Kortleksbolaget","url":"https:\/\/kortleksbolaget.se\/no\/","logo":{"@type":"ImageObject","inLanguage":"nb-NO","@id":"https:\/\/kortleksbolaget.se\/no\/#\/schema\/logo\/image\/","url":"https:\/\/kortleksbolaget.se\/wp-content\/uploads\/kortleksbolaget_logo-svart.png","contentUrl":"https:\/\/kortleksbolaget.se\/wp-content\/uploads\/kortleksbolaget_logo-svart.png","width":1200,"height":296,"caption":"Kortleksbolaget"},"image":{"@id":"https:\/\/kortleksbolaget.se\/no\/#\/schema\/logo\/image\/"}}]}},"_links":{"self":[{"href":"https:\/\/kortleksbolaget.se\/no\/wp-json\/wp\/v2\/product\/123396","targetHints":{"allow":["GET"]}}],"collection":[{"href":"https:\/\/kortleksbolaget.se\/no\/wp-json\/wp\/v2\/product"}],"about":[{"href":"https:\/\/kortleksbolaget.se\/no\/wp-json\/wp\/v2\/types\/product"}],"wp:featuredmedia":[{"embeddable":true,"href":"https:\/\/kortleksbolaget.se\/no\/wp-json\/wp\/v2\/media\/123387"}],"wp:attachment":[{"href":"https:\/\/kortleksbolaget.se\/no\/wp-json\/wp\/v2\/media?parent=123396"}],"wp:term":[{"taxonomy":"product_brand","embeddable":true,"href":"https:\/\/kortleksbolaget.se\/no\/wp-json\/wp\/v2\/product_brand?post=123396"},{"taxonomy":"product_cat","embeddable":true,"href":"https:\/\/kortleksbolaget.se\/no\/wp-json\/wp\/v2\/product_cat?post=123396"},{"taxonomy":"product_tag","embeddable":true,"href":"https:\/\/kortleksbolaget.se\/no\/wp-json\/wp\/v2\/product_tag?post=123396"}],"curies":[{"name":"wp","href":"https:\/\/api.w.org\/{rel}","templated":true}]}}