{"id":124776,"date":"2023-05-24T17:42:30","date_gmt":"2023-05-24T15:42:30","guid":{"rendered":"https:\/\/kortleksbolaget.se\/produkt\/butterfly-royal-purple-edition-marked\/"},"modified":"2024-07-13T21:30:37","modified_gmt":"2024-07-13T19:30:37","slug":"butterfly-royal-purple-edition-marked","status":"publish","type":"product","link":"https:\/\/kortleksbolaget.se\/no\/produkt\/butterfly-royal-purple-edition-marked\/","title":{"rendered":"Butterfly Royal Purple Edition Marked"},"content":{"rendered":"","protected":false},"excerpt":{"rendered":"<p><span class=\"Y2IQFc\" lang=\"sv\">Edge marked playing cards provide an advantage that other marked decks can&#8217;t achieve &#8211; you can read them without seeing the backs! That means you can find any card in the deck instantly! Butterfly playing cards are the world&#8217;s most popular edge marked deck. Created by Ondrej Psenicka and designed by Stefan Eriksson, the Butterfly deck is as devious as it is beautiful.<\/p>\n<p>In this exclusive collaboration with Penguin Magic, the <b>Royal Purple<\/b> edition of the Butterfly deck brings everything you know and love about the Butterflies to a gorgeous new colorway.<\/p>\n<p>Hidden within the charming design are clever markings that allow you to perform incredibly powerful effects that will have your audience believing that you truly possess magic powers.<\/p>\n<p>Printed in Belgium on Cartamundi slimline stock with B9 true linen finish and a modern cut, the Butterfly deck is a true joy to handle. The slim stock makes shuffles and springs a breeze while the linen texture and high-grade coating make sure that the deck will fan and spread beautifully for the life of the deck.<\/p>\n<p>The cards have standard faces for familiarity during magic tricks. The deck includes two custom Butterfly Jokers, a custom Butterfly Aces, and an instruction card that teaches the built-in marking systems. You&#8217;ll also receive an instructional video where Ondrej Psenicka teaches how to read the deck.<\/p>\n<p>The deck is housed in a luxurious tuck box crafted from durable matte purple paper with the design stamped in white foil.<\/span><\/p>\n<ul>\n<li>Exclusive collaboration between Penguin Magic &amp; Butterfly Playing Cards<\/li>\n<li>Created by Ondrej Psenicka &amp; designed by Stefan Eriksson<\/li>\n<li>Marking systems can be read from the back or the edge<\/li>\n<li>One-way marks<\/li>\n<li>Standard faces for recognizability<\/li>\n<li>Custom Butterfly Jokers &amp; Aces<\/li>\n<li>Instruction card &amp; video included<\/li>\n<li>Cartamundi slimline stock with modern cut<\/li>\n<li>B9 true linen finish<\/li>\n<li>Matte purple tuck box with white foil<\/li>\n<\/ul>\n<p><span class=\"Y2IQFc\" lang=\"sv\">\u00a0<\/span> [&#8230;]<\/p>\n<p><a class=\"btn btn-secondary understrap-read-more-link\" href=\"https:\/\/kortleksbolaget.se\/no\/produkt\/butterfly-royal-purple-edition-marked\/\">Les mer&#8230;<span class=\"screen-reader-text\"> from Butterfly Royal Purple Edition Marked<\/span><\/a><\/p>\n","protected":false},"featured_media":124762,"template":"","meta":{"_acf_changed":false},"product_brand":[],"product_cat":[232,226],"product_tag":[],"class_list":{"0":"post-124776","1":"product","2":"type-product","3":"status-publish","4":"has-post-thumbnail","6":"varumarke-butterfly-playing-cards-en-no","7":"varumarke-cards-by-stfn-no","8":"varumarke-cartamundi-no","9":"product_cat-special-lyx-limited-no","10":"product_cat-magisk-no","12":"first","13":"instock","14":"taxable","15":"shipping-taxable","16":"purchasable","17":"product-type-simple"},"acf":[],"yoast_head":"<!-- This site is optimized with the Yoast SEO plugin v26.3 - https:\/\/yoast.com\/wordpress\/plugins\/seo\/ -->\n<title>Kortlek Butterfly Royal Purple Edition Marked | Kortleksbolaget<\/title>\n<meta name=\"description\" content=\"K\u00f6p Butterfly Royal Purple Edition Marked. Snabba leveranser &amp; bra priser. Sveriges st\u00f6rsta sortiment av kortlekar p\u00e5 Kortleksbolaget!\" \/>\n<meta name=\"robots\" content=\"index, follow, max-snippet:-1, max-image-preview:large, max-video-preview:-1\" \/>\n<link rel=\"canonical\" href=\"https:\/\/kortleksbolaget.se\/no\/produkt\/butterfly-royal-purple-edition-marked\/\" \/>\n<meta property=\"og:locale\" content=\"nb_NO\" \/>\n<meta property=\"og:type\" content=\"article\" \/>\n<meta property=\"og:title\" content=\"Kortlek Butterfly Royal Purple Edition Marked | Kortleksbolaget\" \/>\n<meta property=\"og:description\" content=\"K\u00f6p Butterfly Royal Purple Edition Marked. Snabba leveranser &amp; bra priser. Sveriges st\u00f6rsta sortiment av kortlekar p\u00e5 Kortleksbolaget!\" \/>\n<meta property=\"og:url\" content=\"https:\/\/kortleksbolaget.se\/no\/produkt\/butterfly-royal-purple-edition-marked\/\" \/>\n<meta property=\"og:site_name\" content=\"Kortleksbolaget\" \/>\n<meta property=\"article:modified_time\" content=\"2024-07-13T19:30:37+00:00\" \/>\n<meta property=\"og:image\" content=\"https:\/\/kortleksbolaget.se\/wp-content\/uploads\/butterfly-purple-1.jpg\" \/>\n\t<meta property=\"og:image:width\" content=\"504\" \/>\n\t<meta property=\"og:image:height\" content=\"755\" \/>\n\t<meta property=\"og:image:type\" content=\"image\/jpeg\" \/>\n<meta name=\"twitter:card\" content=\"summary_large_image\" \/>\n<script type=\"application\/ld+json\" class=\"yoast-schema-graph\">{\"@context\":\"https:\/\/schema.org\",\"@graph\":[{\"@type\":\"WebPage\",\"@id\":\"https:\/\/kortleksbolaget.se\/no\/produkt\/butterfly-royal-purple-edition-marked\/\",\"url\":\"https:\/\/kortleksbolaget.se\/no\/produkt\/butterfly-royal-purple-edition-marked\/\",\"name\":\"Kortlek Butterfly Royal Purple Edition Marked | Kortleksbolaget\",\"isPartOf\":{\"@id\":\"https:\/\/kortleksbolaget.se\/no\/#website\"},\"primaryImageOfPage\":{\"@id\":\"https:\/\/kortleksbolaget.se\/no\/produkt\/butterfly-royal-purple-edition-marked\/#primaryimage\"},\"image\":{\"@id\":\"https:\/\/kortleksbolaget.se\/no\/produkt\/butterfly-royal-purple-edition-marked\/#primaryimage\"},\"thumbnailUrl\":\"https:\/\/kortleksbolaget.se\/wp-content\/uploads\/butterfly-purple-1.jpg\",\"datePublished\":\"2023-05-24T15:42:30+00:00\",\"dateModified\":\"2024-07-13T19:30:37+00:00\",\"description\":\"K\u00f6p Butterfly Royal Purple Edition Marked. Snabba leveranser & bra priser. Sveriges st\u00f6rsta sortiment av kortlekar p\u00e5 Kortleksbolaget!\",\"breadcrumb\":{\"@id\":\"https:\/\/kortleksbolaget.se\/no\/produkt\/butterfly-royal-purple-edition-marked\/#breadcrumb\"},\"inLanguage\":\"nb-NO\",\"potentialAction\":[{\"@type\":\"ReadAction\",\"target\":[\"https:\/\/kortleksbolaget.se\/no\/produkt\/butterfly-royal-purple-edition-marked\/\"]}]},{\"@type\":\"ImageObject\",\"inLanguage\":\"nb-NO\",\"@id\":\"https:\/\/kortleksbolaget.se\/no\/produkt\/butterfly-royal-purple-edition-marked\/#primaryimage\",\"url\":\"https:\/\/kortleksbolaget.se\/wp-content\/uploads\/butterfly-purple-1.jpg\",\"contentUrl\":\"https:\/\/kortleksbolaget.se\/wp-content\/uploads\/butterfly-purple-1.jpg\",\"width\":504,\"height\":755},{\"@type\":\"BreadcrumbList\",\"@id\":\"https:\/\/kortleksbolaget.se\/no\/produkt\/butterfly-royal-purple-edition-marked\/#breadcrumb\",\"itemListElement\":[{\"@type\":\"ListItem\",\"position\":1,\"name\":\"Hem\",\"item\":\"https:\/\/kortleksbolaget.se\/no\/\"},{\"@type\":\"ListItem\",\"position\":2,\"name\":\"Alle Kortstokker\",\"item\":\"https:\/\/kortleksbolaget.se\/no\/alla-produkter\/\"},{\"@type\":\"ListItem\",\"position\":3,\"name\":\"Butterfly Royal Purple Edition Marked\"}]},{\"@type\":\"WebSite\",\"@id\":\"https:\/\/kortleksbolaget.se\/no\/#website\",\"url\":\"https:\/\/kortleksbolaget.se\/no\/\",\"name\":\"Kortleksbolaget\",\"description\":\"Kortlekar p\u00e5 n\u00e4tet\",\"publisher\":{\"@id\":\"https:\/\/kortleksbolaget.se\/no\/#organization\"},\"potentialAction\":[{\"@type\":\"SearchAction\",\"target\":{\"@type\":\"EntryPoint\",\"urlTemplate\":\"https:\/\/kortleksbolaget.se\/no\/?s={search_term_string}\"},\"query-input\":{\"@type\":\"PropertyValueSpecification\",\"valueRequired\":true,\"valueName\":\"search_term_string\"}}],\"inLanguage\":\"nb-NO\"},{\"@type\":\"Organization\",\"@id\":\"https:\/\/kortleksbolaget.se\/no\/#organization\",\"name\":\"Kortleksbolaget\",\"url\":\"https:\/\/kortleksbolaget.se\/no\/\",\"logo\":{\"@type\":\"ImageObject\",\"inLanguage\":\"nb-NO\",\"@id\":\"https:\/\/kortleksbolaget.se\/no\/#\/schema\/logo\/image\/\",\"url\":\"https:\/\/kortleksbolaget.se\/wp-content\/uploads\/kortleksbolaget_logo-svart.png\",\"contentUrl\":\"https:\/\/kortleksbolaget.se\/wp-content\/uploads\/kortleksbolaget_logo-svart.png\",\"width\":1200,\"height\":296,\"caption\":\"Kortleksbolaget\"},\"image\":{\"@id\":\"https:\/\/kortleksbolaget.se\/no\/#\/schema\/logo\/image\/\"}}]}<\/script>\n<!-- \/ Yoast SEO plugin. -->","yoast_head_json":{"title":"Kortlek Butterfly Royal Purple Edition Marked | Kortleksbolaget","description":"K\u00f6p Butterfly Royal Purple Edition Marked. Snabba leveranser & bra priser. Sveriges st\u00f6rsta sortiment av kortlekar p\u00e5 Kortleksbolaget!","robots":{"index":"index","follow":"follow","max-snippet":"max-snippet:-1","max-image-preview":"max-image-preview:large","max-video-preview":"max-video-preview:-1"},"canonical":"https:\/\/kortleksbolaget.se\/no\/produkt\/butterfly-royal-purple-edition-marked\/","og_locale":"nb_NO","og_type":"article","og_title":"Kortlek Butterfly Royal Purple Edition Marked | Kortleksbolaget","og_description":"K\u00f6p Butterfly Royal Purple Edition Marked. Snabba leveranser & bra priser. Sveriges st\u00f6rsta sortiment av kortlekar p\u00e5 Kortleksbolaget!","og_url":"https:\/\/kortleksbolaget.se\/no\/produkt\/butterfly-royal-purple-edition-marked\/","og_site_name":"Kortleksbolaget","article_modified_time":"2024-07-13T19:30:37+00:00","og_image":[{"width":504,"height":755,"url":"https:\/\/kortleksbolaget.se\/wp-content\/uploads\/butterfly-purple-1.jpg","type":"image\/jpeg"}],"twitter_card":"summary_large_image","schema":{"@context":"https:\/\/schema.org","@graph":[{"@type":"WebPage","@id":"https:\/\/kortleksbolaget.se\/no\/produkt\/butterfly-royal-purple-edition-marked\/","url":"https:\/\/kortleksbolaget.se\/no\/produkt\/butterfly-royal-purple-edition-marked\/","name":"Kortlek Butterfly Royal Purple Edition Marked | Kortleksbolaget","isPartOf":{"@id":"https:\/\/kortleksbolaget.se\/no\/#website"},"primaryImageOfPage":{"@id":"https:\/\/kortleksbolaget.se\/no\/produkt\/butterfly-royal-purple-edition-marked\/#primaryimage"},"image":{"@id":"https:\/\/kortleksbolaget.se\/no\/produkt\/butterfly-royal-purple-edition-marked\/#primaryimage"},"thumbnailUrl":"https:\/\/kortleksbolaget.se\/wp-content\/uploads\/butterfly-purple-1.jpg","datePublished":"2023-05-24T15:42:30+00:00","dateModified":"2024-07-13T19:30:37+00:00","description":"K\u00f6p Butterfly Royal Purple Edition Marked. Snabba leveranser & bra priser. Sveriges st\u00f6rsta sortiment av kortlekar p\u00e5 Kortleksbolaget!","breadcrumb":{"@id":"https:\/\/kortleksbolaget.se\/no\/produkt\/butterfly-royal-purple-edition-marked\/#breadcrumb"},"inLanguage":"nb-NO","potentialAction":[{"@type":"ReadAction","target":["https:\/\/kortleksbolaget.se\/no\/produkt\/butterfly-royal-purple-edition-marked\/"]}]},{"@type":"ImageObject","inLanguage":"nb-NO","@id":"https:\/\/kortleksbolaget.se\/no\/produkt\/butterfly-royal-purple-edition-marked\/#primaryimage","url":"https:\/\/kortleksbolaget.se\/wp-content\/uploads\/butterfly-purple-1.jpg","contentUrl":"https:\/\/kortleksbolaget.se\/wp-content\/uploads\/butterfly-purple-1.jpg","width":504,"height":755},{"@type":"BreadcrumbList","@id":"https:\/\/kortleksbolaget.se\/no\/produkt\/butterfly-royal-purple-edition-marked\/#breadcrumb","itemListElement":[{"@type":"ListItem","position":1,"name":"Hem","item":"https:\/\/kortleksbolaget.se\/no\/"},{"@type":"ListItem","position":2,"name":"Alle Kortstokker","item":"https:\/\/kortleksbolaget.se\/no\/alla-produkter\/"},{"@type":"ListItem","position":3,"name":"Butterfly Royal Purple Edition Marked"}]},{"@type":"WebSite","@id":"https:\/\/kortleksbolaget.se\/no\/#website","url":"https:\/\/kortleksbolaget.se\/no\/","name":"Kortleksbolaget","description":"Kortlekar p\u00e5 n\u00e4tet","publisher":{"@id":"https:\/\/kortleksbolaget.se\/no\/#organization"},"potentialAction":[{"@type":"SearchAction","target":{"@type":"EntryPoint","urlTemplate":"https:\/\/kortleksbolaget.se\/no\/?s={search_term_string}"},"query-input":{"@type":"PropertyValueSpecification","valueRequired":true,"valueName":"search_term_string"}}],"inLanguage":"nb-NO"},{"@type":"Organization","@id":"https:\/\/kortleksbolaget.se\/no\/#organization","name":"Kortleksbolaget","url":"https:\/\/kortleksbolaget.se\/no\/","logo":{"@type":"ImageObject","inLanguage":"nb-NO","@id":"https:\/\/kortleksbolaget.se\/no\/#\/schema\/logo\/image\/","url":"https:\/\/kortleksbolaget.se\/wp-content\/uploads\/kortleksbolaget_logo-svart.png","contentUrl":"https:\/\/kortleksbolaget.se\/wp-content\/uploads\/kortleksbolaget_logo-svart.png","width":1200,"height":296,"caption":"Kortleksbolaget"},"image":{"@id":"https:\/\/kortleksbolaget.se\/no\/#\/schema\/logo\/image\/"}}]}},"_links":{"self":[{"href":"https:\/\/kortleksbolaget.se\/no\/wp-json\/wp\/v2\/product\/124776","targetHints":{"allow":["GET"]}}],"collection":[{"href":"https:\/\/kortleksbolaget.se\/no\/wp-json\/wp\/v2\/product"}],"about":[{"href":"https:\/\/kortleksbolaget.se\/no\/wp-json\/wp\/v2\/types\/product"}],"wp:featuredmedia":[{"embeddable":true,"href":"https:\/\/kortleksbolaget.se\/no\/wp-json\/wp\/v2\/media\/124762"}],"wp:attachment":[{"href":"https:\/\/kortleksbolaget.se\/no\/wp-json\/wp\/v2\/media?parent=124776"}],"wp:term":[{"taxonomy":"product_brand","embeddable":true,"href":"https:\/\/kortleksbolaget.se\/no\/wp-json\/wp\/v2\/product_brand?post=124776"},{"taxonomy":"product_cat","embeddable":true,"href":"https:\/\/kortleksbolaget.se\/no\/wp-json\/wp\/v2\/product_cat?post=124776"},{"taxonomy":"product_tag","embeddable":true,"href":"https:\/\/kortleksbolaget.se\/no\/wp-json\/wp\/v2\/product_tag?post=124776"}],"curies":[{"name":"wp","href":"https:\/\/api.w.org\/{rel}","templated":true}]}}