{"id":138127,"date":"2024-01-03T23:03:46","date_gmt":"2024-01-03T22:03:46","guid":{"rendered":"https:\/\/kortleksbolaget.se\/produkt\/yellowstone\/"},"modified":"2024-01-03T23:03:46","modified_gmt":"2024-01-03T22:03:46","slug":"yellowstone","status":"publish","type":"product","link":"https:\/\/kortleksbolaget.se\/no\/produkt\/yellowstone\/","title":{"rendered":"Yellowstone"},"content":{"rendered":"","protected":false},"excerpt":{"rendered":"<div id=\"tw-target-text-container\" class=\"tw-ta-container F0azHf tw-nfl\" tabindex=\"0\">\n<p id=\"tw-target-text\" class=\"tw-data-text tw-text-large tw-ta\" dir=\"ltr\" data-placeholder=\"\u00d6vers\u00e4ttning\" data-ved=\"2ahUKEwjul8HusKuDAxUgLhAIHUwFCmQQ3ewLegQIBRAP\"><span class=\"Y2IQFc\" lang=\"sv\"><b>The World of Yellowstone<\/b><br \/>\nDEEP IN THE HEART OF MONTANA<br \/>\nExplore the Dutton Ranch on your next game night with Yellowstone Premium Playing Cards. Using antique letterpress printing, the packaging is immaculately designed and exquisitely presented, carefully crafted to honor the thrilling narratives and moments that make Yellowstone an iconic, beloved series.<\/p>\n<p><b>Welcome to The Dutton Ranch<\/b><br \/>\nThe perfect collectible and conversation piece for any fan of Yellowstone! Each card is a loving tribute to the hit television series, featuring your favorite characters like Beth, Kayce, and Rip, meticulously brought to life in stunning detail.<\/p>\n<p><b>Fan Favorite Characters<\/b><br \/>\nAUTHENTICALLY YELLOWSTONE<br \/>\nYellowstone Playing Cards feature fully custom, original artwork from the show, ensuring an immersive experience with all of your favorite characters. It&#8217;s not just a deck of cards, it&#8217;s a conversation piece.<\/p>\n<p><b>Stand Your Ground<\/b><br \/>\nTHE UNTAMED WILD WEST<br \/>\nGet ready to upgrade your game nights, embark on a journey to the untamed wilderness of the West, and immerse yourself in the riveting world of Yellowstone every time they&#8217;re held in your hands. <\/span><\/p>\n<\/div>\n<div id=\"tw-target-rmn-container\" class=\"tw-target-rmn tw-ta-container F0azHf tw-nfl\">\n<pre id=\"tw-target-rmn\" class=\"tw-data-placeholder tw-text-small tw-ta\" dir=\"ltr\" data-placeholder=\"\"><\/pre>\n<\/div>\n<p> [&#8230;]<\/p>\n<p><a class=\"btn btn-secondary understrap-read-more-link\" href=\"https:\/\/kortleksbolaget.se\/no\/produkt\/yellowstone\/\">Les mer&#8230;<span class=\"screen-reader-text\"> from Yellowstone<\/span><\/a><\/p>\n","protected":false},"featured_media":138089,"template":"","meta":{"_acf_changed":false},"product_brand":[],"product_cat":[232],"product_tag":[],"class_list":{"0":"post-138127","1":"product","2":"type-product","3":"status-publish","4":"has-post-thumbnail","6":"varumarke-theory11-no","7":"varumarke-uspcc-no","8":"product_cat-special-lyx-limited-no","10":"first","11":"outofstock","12":"taxable","13":"shipping-taxable","14":"purchasable","15":"product-type-simple"},"acf":[],"yoast_head":"<!-- This site is optimized with the Yoast SEO plugin v27.5 - https:\/\/yoast.com\/product\/yoast-seo-wordpress\/ -->\n<title>Kortlek Yellowstone | Kortleksbolaget<\/title>\n<meta name=\"description\" content=\"K\u00f6p Yellowstone. Snabba leveranser &amp; bra priser. Sveriges st\u00f6rsta sortiment av kortlekar p\u00e5 Kortleksbolaget!\" \/>\n<meta name=\"robots\" content=\"index, follow, max-snippet:-1, max-image-preview:large, max-video-preview:-1\" \/>\n<link rel=\"canonical\" href=\"https:\/\/kortleksbolaget.se\/no\/produkt\/yellowstone\/\" \/>\n<meta property=\"og:locale\" content=\"nb_NO\" \/>\n<meta property=\"og:type\" content=\"article\" \/>\n<meta property=\"og:title\" content=\"Kortlek Yellowstone | Kortleksbolaget\" \/>\n<meta property=\"og:description\" content=\"K\u00f6p Yellowstone. Snabba leveranser &amp; bra priser. Sveriges st\u00f6rsta sortiment av kortlekar p\u00e5 Kortleksbolaget!\" \/>\n<meta property=\"og:url\" content=\"https:\/\/kortleksbolaget.se\/no\/produkt\/yellowstone\/\" \/>\n<meta property=\"og:site_name\" content=\"Kortleksbolaget\" \/>\n<meta property=\"og:image\" content=\"https:\/\/kortleksbolaget.se\/wp-content\/uploads\/yellowstone-kortlek.jpg\" \/>\n\t<meta property=\"og:image:width\" content=\"505\" \/>\n\t<meta property=\"og:image:height\" content=\"759\" \/>\n\t<meta property=\"og:image:type\" content=\"image\/jpeg\" \/>\n<meta name=\"twitter:card\" content=\"summary_large_image\" \/>\n<script type=\"application\/ld+json\" class=\"yoast-schema-graph\">{\"@context\":\"https:\\\/\\\/schema.org\",\"@graph\":[{\"@type\":\"WebPage\",\"@id\":\"https:\\\/\\\/kortleksbolaget.se\\\/no\\\/produkt\\\/yellowstone\\\/\",\"url\":\"https:\\\/\\\/kortleksbolaget.se\\\/no\\\/produkt\\\/yellowstone\\\/\",\"name\":\"Kortlek Yellowstone | Kortleksbolaget\",\"isPartOf\":{\"@id\":\"https:\\\/\\\/kortleksbolaget.se\\\/no\\\/#website\"},\"primaryImageOfPage\":{\"@id\":\"https:\\\/\\\/kortleksbolaget.se\\\/no\\\/produkt\\\/yellowstone\\\/#primaryimage\"},\"image\":{\"@id\":\"https:\\\/\\\/kortleksbolaget.se\\\/no\\\/produkt\\\/yellowstone\\\/#primaryimage\"},\"thumbnailUrl\":\"https:\\\/\\\/kortleksbolaget.se\\\/wp-content\\\/uploads\\\/yellowstone-kortlek.jpg\",\"datePublished\":\"2024-01-03T22:03:46+00:00\",\"description\":\"K\u00f6p Yellowstone. Snabba leveranser & bra priser. Sveriges st\u00f6rsta sortiment av kortlekar p\u00e5 Kortleksbolaget!\",\"breadcrumb\":{\"@id\":\"https:\\\/\\\/kortleksbolaget.se\\\/no\\\/produkt\\\/yellowstone\\\/#breadcrumb\"},\"inLanguage\":\"nb-NO\",\"potentialAction\":[{\"@type\":\"ReadAction\",\"target\":[\"https:\\\/\\\/kortleksbolaget.se\\\/no\\\/produkt\\\/yellowstone\\\/\"]}]},{\"@type\":\"ImageObject\",\"inLanguage\":\"nb-NO\",\"@id\":\"https:\\\/\\\/kortleksbolaget.se\\\/no\\\/produkt\\\/yellowstone\\\/#primaryimage\",\"url\":\"https:\\\/\\\/kortleksbolaget.se\\\/wp-content\\\/uploads\\\/yellowstone-kortlek.jpg\",\"contentUrl\":\"https:\\\/\\\/kortleksbolaget.se\\\/wp-content\\\/uploads\\\/yellowstone-kortlek.jpg\",\"width\":505,\"height\":759},{\"@type\":\"BreadcrumbList\",\"@id\":\"https:\\\/\\\/kortleksbolaget.se\\\/no\\\/produkt\\\/yellowstone\\\/#breadcrumb\",\"itemListElement\":[{\"@type\":\"ListItem\",\"position\":1,\"name\":\"Hem\",\"item\":\"https:\\\/\\\/kortleksbolaget.se\\\/no\\\/\"},{\"@type\":\"ListItem\",\"position\":2,\"name\":\"Alle Kortstokker\",\"item\":\"https:\\\/\\\/kortleksbolaget.se\\\/no\\\/alla-produkter\\\/\"},{\"@type\":\"ListItem\",\"position\":3,\"name\":\"Yellowstone\"}]},{\"@type\":\"WebSite\",\"@id\":\"https:\\\/\\\/kortleksbolaget.se\\\/no\\\/#website\",\"url\":\"https:\\\/\\\/kortleksbolaget.se\\\/no\\\/\",\"name\":\"Kortleksbolaget\",\"description\":\"Kortlekar p\u00e5 n\u00e4tet\",\"publisher\":{\"@id\":\"https:\\\/\\\/kortleksbolaget.se\\\/no\\\/#organization\"},\"potentialAction\":[{\"@type\":\"SearchAction\",\"target\":{\"@type\":\"EntryPoint\",\"urlTemplate\":\"https:\\\/\\\/kortleksbolaget.se\\\/no\\\/?s={search_term_string}\"},\"query-input\":{\"@type\":\"PropertyValueSpecification\",\"valueRequired\":true,\"valueName\":\"search_term_string\"}}],\"inLanguage\":\"nb-NO\"},{\"@type\":\"Organization\",\"@id\":\"https:\\\/\\\/kortleksbolaget.se\\\/no\\\/#organization\",\"name\":\"Kortleksbolaget\",\"url\":\"https:\\\/\\\/kortleksbolaget.se\\\/no\\\/\",\"logo\":{\"@type\":\"ImageObject\",\"inLanguage\":\"nb-NO\",\"@id\":\"https:\\\/\\\/kortleksbolaget.se\\\/no\\\/#\\\/schema\\\/logo\\\/image\\\/\",\"url\":\"https:\\\/\\\/kortleksbolaget.se\\\/wp-content\\\/uploads\\\/kortleksbolaget_logo-svart.png\",\"contentUrl\":\"https:\\\/\\\/kortleksbolaget.se\\\/wp-content\\\/uploads\\\/kortleksbolaget_logo-svart.png\",\"width\":1200,\"height\":296,\"caption\":\"Kortleksbolaget\"},\"image\":{\"@id\":\"https:\\\/\\\/kortleksbolaget.se\\\/no\\\/#\\\/schema\\\/logo\\\/image\\\/\"}}]}<\/script>\n<!-- \/ Yoast SEO plugin. -->","yoast_head_json":{"title":"Kortlek Yellowstone | Kortleksbolaget","description":"K\u00f6p Yellowstone. Snabba leveranser & bra priser. Sveriges st\u00f6rsta sortiment av kortlekar p\u00e5 Kortleksbolaget!","robots":{"index":"index","follow":"follow","max-snippet":"max-snippet:-1","max-image-preview":"max-image-preview:large","max-video-preview":"max-video-preview:-1"},"canonical":"https:\/\/kortleksbolaget.se\/no\/produkt\/yellowstone\/","og_locale":"nb_NO","og_type":"article","og_title":"Kortlek Yellowstone | Kortleksbolaget","og_description":"K\u00f6p Yellowstone. Snabba leveranser & bra priser. Sveriges st\u00f6rsta sortiment av kortlekar p\u00e5 Kortleksbolaget!","og_url":"https:\/\/kortleksbolaget.se\/no\/produkt\/yellowstone\/","og_site_name":"Kortleksbolaget","og_image":[{"width":505,"height":759,"url":"https:\/\/kortleksbolaget.se\/wp-content\/uploads\/yellowstone-kortlek.jpg","type":"image\/jpeg"}],"twitter_card":"summary_large_image","schema":{"@context":"https:\/\/schema.org","@graph":[{"@type":"WebPage","@id":"https:\/\/kortleksbolaget.se\/no\/produkt\/yellowstone\/","url":"https:\/\/kortleksbolaget.se\/no\/produkt\/yellowstone\/","name":"Kortlek Yellowstone | Kortleksbolaget","isPartOf":{"@id":"https:\/\/kortleksbolaget.se\/no\/#website"},"primaryImageOfPage":{"@id":"https:\/\/kortleksbolaget.se\/no\/produkt\/yellowstone\/#primaryimage"},"image":{"@id":"https:\/\/kortleksbolaget.se\/no\/produkt\/yellowstone\/#primaryimage"},"thumbnailUrl":"https:\/\/kortleksbolaget.se\/wp-content\/uploads\/yellowstone-kortlek.jpg","datePublished":"2024-01-03T22:03:46+00:00","description":"K\u00f6p Yellowstone. Snabba leveranser & bra priser. Sveriges st\u00f6rsta sortiment av kortlekar p\u00e5 Kortleksbolaget!","breadcrumb":{"@id":"https:\/\/kortleksbolaget.se\/no\/produkt\/yellowstone\/#breadcrumb"},"inLanguage":"nb-NO","potentialAction":[{"@type":"ReadAction","target":["https:\/\/kortleksbolaget.se\/no\/produkt\/yellowstone\/"]}]},{"@type":"ImageObject","inLanguage":"nb-NO","@id":"https:\/\/kortleksbolaget.se\/no\/produkt\/yellowstone\/#primaryimage","url":"https:\/\/kortleksbolaget.se\/wp-content\/uploads\/yellowstone-kortlek.jpg","contentUrl":"https:\/\/kortleksbolaget.se\/wp-content\/uploads\/yellowstone-kortlek.jpg","width":505,"height":759},{"@type":"BreadcrumbList","@id":"https:\/\/kortleksbolaget.se\/no\/produkt\/yellowstone\/#breadcrumb","itemListElement":[{"@type":"ListItem","position":1,"name":"Hem","item":"https:\/\/kortleksbolaget.se\/no\/"},{"@type":"ListItem","position":2,"name":"Alle Kortstokker","item":"https:\/\/kortleksbolaget.se\/no\/alla-produkter\/"},{"@type":"ListItem","position":3,"name":"Yellowstone"}]},{"@type":"WebSite","@id":"https:\/\/kortleksbolaget.se\/no\/#website","url":"https:\/\/kortleksbolaget.se\/no\/","name":"Kortleksbolaget","description":"Kortlekar p\u00e5 n\u00e4tet","publisher":{"@id":"https:\/\/kortleksbolaget.se\/no\/#organization"},"potentialAction":[{"@type":"SearchAction","target":{"@type":"EntryPoint","urlTemplate":"https:\/\/kortleksbolaget.se\/no\/?s={search_term_string}"},"query-input":{"@type":"PropertyValueSpecification","valueRequired":true,"valueName":"search_term_string"}}],"inLanguage":"nb-NO"},{"@type":"Organization","@id":"https:\/\/kortleksbolaget.se\/no\/#organization","name":"Kortleksbolaget","url":"https:\/\/kortleksbolaget.se\/no\/","logo":{"@type":"ImageObject","inLanguage":"nb-NO","@id":"https:\/\/kortleksbolaget.se\/no\/#\/schema\/logo\/image\/","url":"https:\/\/kortleksbolaget.se\/wp-content\/uploads\/kortleksbolaget_logo-svart.png","contentUrl":"https:\/\/kortleksbolaget.se\/wp-content\/uploads\/kortleksbolaget_logo-svart.png","width":1200,"height":296,"caption":"Kortleksbolaget"},"image":{"@id":"https:\/\/kortleksbolaget.se\/no\/#\/schema\/logo\/image\/"}}]}},"_links":{"self":[{"href":"https:\/\/kortleksbolaget.se\/no\/wp-json\/wp\/v2\/product\/138127","targetHints":{"allow":["GET"]}}],"collection":[{"href":"https:\/\/kortleksbolaget.se\/no\/wp-json\/wp\/v2\/product"}],"about":[{"href":"https:\/\/kortleksbolaget.se\/no\/wp-json\/wp\/v2\/types\/product"}],"wp:featuredmedia":[{"embeddable":true,"href":"https:\/\/kortleksbolaget.se\/no\/wp-json\/wp\/v2\/media\/138089"}],"wp:attachment":[{"href":"https:\/\/kortleksbolaget.se\/no\/wp-json\/wp\/v2\/media?parent=138127"}],"wp:term":[{"taxonomy":"product_brand","embeddable":true,"href":"https:\/\/kortleksbolaget.se\/no\/wp-json\/wp\/v2\/product_brand?post=138127"},{"taxonomy":"product_cat","embeddable":true,"href":"https:\/\/kortleksbolaget.se\/no\/wp-json\/wp\/v2\/product_cat?post=138127"},{"taxonomy":"product_tag","embeddable":true,"href":"https:\/\/kortleksbolaget.se\/no\/wp-json\/wp\/v2\/product_tag?post=138127"}],"curies":[{"name":"wp","href":"https:\/\/api.w.org\/{rel}","templated":true}]}}