{"id":146980,"date":"2024-10-07T20:17:17","date_gmt":"2024-10-07T18:17:17","guid":{"rendered":"https:\/\/kortleksbolaget.se\/produkt\/midnight-moonshine\/"},"modified":"2024-10-07T20:17:17","modified_gmt":"2024-10-07T18:17:17","slug":"midnight-moonshine","status":"publish","type":"product","link":"https:\/\/kortleksbolaget.se\/no\/produkt\/midnight-moonshine\/","title":{"rendered":"Midnight Moonshine"},"content":{"rendered":"","protected":false},"excerpt":{"rendered":"<p>The clock strikes midnight, doors are bolted&#8230; let the real night begin.<\/p>\n<p>Midnight Moonshines are the elusive follow up to the outstanding best selling deck of custom cards The Moonshines.<\/p>\n<p>The originals encapsulated the feel of the 1920&#8217;s speakeasy bars through the prohibition era. Now, the Midnight Moonshines take a peek behind closed doors, when the bars would lock up and the real parties would begin.<\/p>\n<p>Better than ever, the Midnight Moonshines have a luxurious deep blue, thick matte skinned box with breathtaking silver foil embossing that seamlessly intwines with it&#8217;s intricate design.<\/p>\n<p>Printed on the United States Playing Cards high quality stock and finish playing cards, the back design effortlessly absorbs the casings sheer beauty. They faro like the ease of taking that first sip of your favourite beverage after a long day at work, Spread with true elegance and feel&#8230; well you&#8217;re just going to have to experience that for yourself.<\/p>\n<p>The world famous Moonshine Ace is back but like you&#8217;ve never seen it before. Plunged in a plume of alluring deep ink, it rises out in pure trails of white smoke.<\/p>\n<p>Back in black&#8230; The Midnight Moonshines.<\/p>\n<p><span class=\"HwtZe\" lang=\"sv\">\u00a0<\/span> [&#8230;]<\/p>\n<p><a class=\"btn btn-secondary understrap-read-more-link\" href=\"https:\/\/kortleksbolaget.se\/no\/produkt\/midnight-moonshine\/\">Les mer&#8230;<span class=\"screen-reader-text\"> from Midnight Moonshine<\/span><\/a><\/p>\n","protected":false},"featured_media":146971,"template":"","meta":{"_acf_changed":false},"product_brand":[],"product_cat":[232],"product_tag":[],"class_list":{"0":"post-146980","1":"product","2":"type-product","3":"status-publish","4":"has-post-thumbnail","6":"varumarke-uspcc-no","7":"product_cat-special-lyx-limited-no","9":"first","10":"instock","11":"taxable","12":"shipping-taxable","13":"purchasable","14":"product-type-simple"},"acf":[],"yoast_head":"<!-- This site is optimized with the Yoast SEO plugin v26.3 - https:\/\/yoast.com\/wordpress\/plugins\/seo\/ -->\n<title>Kortlek Midnight Moonshine | Kortleksbolaget<\/title>\n<meta name=\"description\" content=\"K\u00f6p Midnight Moonshine. Snabba leveranser &amp; bra priser. Sveriges st\u00f6rsta sortiment av kortlekar p\u00e5 Kortleksbolaget!\" \/>\n<meta name=\"robots\" content=\"index, follow, max-snippet:-1, max-image-preview:large, max-video-preview:-1\" \/>\n<link rel=\"canonical\" href=\"https:\/\/kortleksbolaget.se\/no\/produkt\/midnight-moonshine\/\" \/>\n<meta property=\"og:locale\" content=\"nb_NO\" \/>\n<meta property=\"og:type\" content=\"article\" \/>\n<meta property=\"og:title\" content=\"Kortlek Midnight Moonshine | Kortleksbolaget\" \/>\n<meta property=\"og:description\" content=\"K\u00f6p Midnight Moonshine. Snabba leveranser &amp; bra priser. Sveriges st\u00f6rsta sortiment av kortlekar p\u00e5 Kortleksbolaget!\" \/>\n<meta property=\"og:url\" content=\"https:\/\/kortleksbolaget.se\/no\/produkt\/midnight-moonshine\/\" \/>\n<meta property=\"og:site_name\" content=\"Kortleksbolaget\" \/>\n<meta property=\"og:image\" content=\"https:\/\/kortleksbolaget.se\/wp-content\/uploads\/midnight-moonlight-kortlek.jpg\" \/>\n\t<meta property=\"og:image:width\" content=\"515\" \/>\n\t<meta property=\"og:image:height\" content=\"774\" \/>\n\t<meta property=\"og:image:type\" content=\"image\/jpeg\" \/>\n<meta name=\"twitter:card\" content=\"summary_large_image\" \/>\n<script type=\"application\/ld+json\" class=\"yoast-schema-graph\">{\"@context\":\"https:\/\/schema.org\",\"@graph\":[{\"@type\":\"WebPage\",\"@id\":\"https:\/\/kortleksbolaget.se\/no\/produkt\/midnight-moonshine\/\",\"url\":\"https:\/\/kortleksbolaget.se\/no\/produkt\/midnight-moonshine\/\",\"name\":\"Kortlek Midnight Moonshine | Kortleksbolaget\",\"isPartOf\":{\"@id\":\"https:\/\/kortleksbolaget.se\/no\/#website\"},\"primaryImageOfPage\":{\"@id\":\"https:\/\/kortleksbolaget.se\/no\/produkt\/midnight-moonshine\/#primaryimage\"},\"image\":{\"@id\":\"https:\/\/kortleksbolaget.se\/no\/produkt\/midnight-moonshine\/#primaryimage\"},\"thumbnailUrl\":\"https:\/\/kortleksbolaget.se\/wp-content\/uploads\/midnight-moonlight-kortlek.jpg\",\"datePublished\":\"2024-10-07T18:17:17+00:00\",\"description\":\"K\u00f6p Midnight Moonshine. Snabba leveranser & bra priser. Sveriges st\u00f6rsta sortiment av kortlekar p\u00e5 Kortleksbolaget!\",\"breadcrumb\":{\"@id\":\"https:\/\/kortleksbolaget.se\/no\/produkt\/midnight-moonshine\/#breadcrumb\"},\"inLanguage\":\"nb-NO\",\"potentialAction\":[{\"@type\":\"ReadAction\",\"target\":[\"https:\/\/kortleksbolaget.se\/no\/produkt\/midnight-moonshine\/\"]}]},{\"@type\":\"ImageObject\",\"inLanguage\":\"nb-NO\",\"@id\":\"https:\/\/kortleksbolaget.se\/no\/produkt\/midnight-moonshine\/#primaryimage\",\"url\":\"https:\/\/kortleksbolaget.se\/wp-content\/uploads\/midnight-moonlight-kortlek.jpg\",\"contentUrl\":\"https:\/\/kortleksbolaget.se\/wp-content\/uploads\/midnight-moonlight-kortlek.jpg\",\"width\":515,\"height\":774},{\"@type\":\"BreadcrumbList\",\"@id\":\"https:\/\/kortleksbolaget.se\/no\/produkt\/midnight-moonshine\/#breadcrumb\",\"itemListElement\":[{\"@type\":\"ListItem\",\"position\":1,\"name\":\"Hem\",\"item\":\"https:\/\/kortleksbolaget.se\/no\/\"},{\"@type\":\"ListItem\",\"position\":2,\"name\":\"Alle Kortstokker\",\"item\":\"https:\/\/kortleksbolaget.se\/no\/alla-produkter\/\"},{\"@type\":\"ListItem\",\"position\":3,\"name\":\"Midnight Moonshine\"}]},{\"@type\":\"WebSite\",\"@id\":\"https:\/\/kortleksbolaget.se\/no\/#website\",\"url\":\"https:\/\/kortleksbolaget.se\/no\/\",\"name\":\"Kortleksbolaget\",\"description\":\"Kortlekar p\u00e5 n\u00e4tet\",\"publisher\":{\"@id\":\"https:\/\/kortleksbolaget.se\/no\/#organization\"},\"potentialAction\":[{\"@type\":\"SearchAction\",\"target\":{\"@type\":\"EntryPoint\",\"urlTemplate\":\"https:\/\/kortleksbolaget.se\/no\/?s={search_term_string}\"},\"query-input\":{\"@type\":\"PropertyValueSpecification\",\"valueRequired\":true,\"valueName\":\"search_term_string\"}}],\"inLanguage\":\"nb-NO\"},{\"@type\":\"Organization\",\"@id\":\"https:\/\/kortleksbolaget.se\/no\/#organization\",\"name\":\"Kortleksbolaget\",\"url\":\"https:\/\/kortleksbolaget.se\/no\/\",\"logo\":{\"@type\":\"ImageObject\",\"inLanguage\":\"nb-NO\",\"@id\":\"https:\/\/kortleksbolaget.se\/no\/#\/schema\/logo\/image\/\",\"url\":\"https:\/\/kortleksbolaget.se\/wp-content\/uploads\/kortleksbolaget_logo-svart.png\",\"contentUrl\":\"https:\/\/kortleksbolaget.se\/wp-content\/uploads\/kortleksbolaget_logo-svart.png\",\"width\":1200,\"height\":296,\"caption\":\"Kortleksbolaget\"},\"image\":{\"@id\":\"https:\/\/kortleksbolaget.se\/no\/#\/schema\/logo\/image\/\"}}]}<\/script>\n<!-- \/ Yoast SEO plugin. -->","yoast_head_json":{"title":"Kortlek Midnight Moonshine | Kortleksbolaget","description":"K\u00f6p Midnight Moonshine. Snabba leveranser & bra priser. Sveriges st\u00f6rsta sortiment av kortlekar p\u00e5 Kortleksbolaget!","robots":{"index":"index","follow":"follow","max-snippet":"max-snippet:-1","max-image-preview":"max-image-preview:large","max-video-preview":"max-video-preview:-1"},"canonical":"https:\/\/kortleksbolaget.se\/no\/produkt\/midnight-moonshine\/","og_locale":"nb_NO","og_type":"article","og_title":"Kortlek Midnight Moonshine | Kortleksbolaget","og_description":"K\u00f6p Midnight Moonshine. Snabba leveranser & bra priser. Sveriges st\u00f6rsta sortiment av kortlekar p\u00e5 Kortleksbolaget!","og_url":"https:\/\/kortleksbolaget.se\/no\/produkt\/midnight-moonshine\/","og_site_name":"Kortleksbolaget","og_image":[{"width":515,"height":774,"url":"https:\/\/kortleksbolaget.se\/wp-content\/uploads\/midnight-moonlight-kortlek.jpg","type":"image\/jpeg"}],"twitter_card":"summary_large_image","schema":{"@context":"https:\/\/schema.org","@graph":[{"@type":"WebPage","@id":"https:\/\/kortleksbolaget.se\/no\/produkt\/midnight-moonshine\/","url":"https:\/\/kortleksbolaget.se\/no\/produkt\/midnight-moonshine\/","name":"Kortlek Midnight Moonshine | Kortleksbolaget","isPartOf":{"@id":"https:\/\/kortleksbolaget.se\/no\/#website"},"primaryImageOfPage":{"@id":"https:\/\/kortleksbolaget.se\/no\/produkt\/midnight-moonshine\/#primaryimage"},"image":{"@id":"https:\/\/kortleksbolaget.se\/no\/produkt\/midnight-moonshine\/#primaryimage"},"thumbnailUrl":"https:\/\/kortleksbolaget.se\/wp-content\/uploads\/midnight-moonlight-kortlek.jpg","datePublished":"2024-10-07T18:17:17+00:00","description":"K\u00f6p Midnight Moonshine. Snabba leveranser & bra priser. Sveriges st\u00f6rsta sortiment av kortlekar p\u00e5 Kortleksbolaget!","breadcrumb":{"@id":"https:\/\/kortleksbolaget.se\/no\/produkt\/midnight-moonshine\/#breadcrumb"},"inLanguage":"nb-NO","potentialAction":[{"@type":"ReadAction","target":["https:\/\/kortleksbolaget.se\/no\/produkt\/midnight-moonshine\/"]}]},{"@type":"ImageObject","inLanguage":"nb-NO","@id":"https:\/\/kortleksbolaget.se\/no\/produkt\/midnight-moonshine\/#primaryimage","url":"https:\/\/kortleksbolaget.se\/wp-content\/uploads\/midnight-moonlight-kortlek.jpg","contentUrl":"https:\/\/kortleksbolaget.se\/wp-content\/uploads\/midnight-moonlight-kortlek.jpg","width":515,"height":774},{"@type":"BreadcrumbList","@id":"https:\/\/kortleksbolaget.se\/no\/produkt\/midnight-moonshine\/#breadcrumb","itemListElement":[{"@type":"ListItem","position":1,"name":"Hem","item":"https:\/\/kortleksbolaget.se\/no\/"},{"@type":"ListItem","position":2,"name":"Alle Kortstokker","item":"https:\/\/kortleksbolaget.se\/no\/alla-produkter\/"},{"@type":"ListItem","position":3,"name":"Midnight Moonshine"}]},{"@type":"WebSite","@id":"https:\/\/kortleksbolaget.se\/no\/#website","url":"https:\/\/kortleksbolaget.se\/no\/","name":"Kortleksbolaget","description":"Kortlekar p\u00e5 n\u00e4tet","publisher":{"@id":"https:\/\/kortleksbolaget.se\/no\/#organization"},"potentialAction":[{"@type":"SearchAction","target":{"@type":"EntryPoint","urlTemplate":"https:\/\/kortleksbolaget.se\/no\/?s={search_term_string}"},"query-input":{"@type":"PropertyValueSpecification","valueRequired":true,"valueName":"search_term_string"}}],"inLanguage":"nb-NO"},{"@type":"Organization","@id":"https:\/\/kortleksbolaget.se\/no\/#organization","name":"Kortleksbolaget","url":"https:\/\/kortleksbolaget.se\/no\/","logo":{"@type":"ImageObject","inLanguage":"nb-NO","@id":"https:\/\/kortleksbolaget.se\/no\/#\/schema\/logo\/image\/","url":"https:\/\/kortleksbolaget.se\/wp-content\/uploads\/kortleksbolaget_logo-svart.png","contentUrl":"https:\/\/kortleksbolaget.se\/wp-content\/uploads\/kortleksbolaget_logo-svart.png","width":1200,"height":296,"caption":"Kortleksbolaget"},"image":{"@id":"https:\/\/kortleksbolaget.se\/no\/#\/schema\/logo\/image\/"}}]}},"_links":{"self":[{"href":"https:\/\/kortleksbolaget.se\/no\/wp-json\/wp\/v2\/product\/146980","targetHints":{"allow":["GET"]}}],"collection":[{"href":"https:\/\/kortleksbolaget.se\/no\/wp-json\/wp\/v2\/product"}],"about":[{"href":"https:\/\/kortleksbolaget.se\/no\/wp-json\/wp\/v2\/types\/product"}],"wp:featuredmedia":[{"embeddable":true,"href":"https:\/\/kortleksbolaget.se\/no\/wp-json\/wp\/v2\/media\/146971"}],"wp:attachment":[{"href":"https:\/\/kortleksbolaget.se\/no\/wp-json\/wp\/v2\/media?parent=146980"}],"wp:term":[{"taxonomy":"product_brand","embeddable":true,"href":"https:\/\/kortleksbolaget.se\/no\/wp-json\/wp\/v2\/product_brand?post=146980"},{"taxonomy":"product_cat","embeddable":true,"href":"https:\/\/kortleksbolaget.se\/no\/wp-json\/wp\/v2\/product_cat?post=146980"},{"taxonomy":"product_tag","embeddable":true,"href":"https:\/\/kortleksbolaget.se\/no\/wp-json\/wp\/v2\/product_tag?post=146980"}],"curies":[{"name":"wp","href":"https:\/\/api.w.org\/{rel}","templated":true}]}}