{"id":149173,"date":"2025-01-08T12:13:31","date_gmt":"2025-01-08T11:13:31","guid":{"rendered":"https:\/\/kortleksbolaget.se\/produkt\/astrological-hodges-limited-edition\/"},"modified":"2025-01-08T12:13:31","modified_gmt":"2025-01-08T11:13:31","slug":"astrological-hodges-limited-edition","status":"publish","type":"product","link":"https:\/\/kortleksbolaget.se\/no\/produkt\/astrological-hodges-limited-edition\/","title":{"rendered":"Astrological Hodges Limited Edition"},"content":{"rendered":"","protected":false},"excerpt":{"rendered":"<div id=\"tw-target-text-container\" class=\"tw-ta-container F0azHf tw-nfl\" tabindex=\"0\" role=\"text\">\n<p class=\"tw-data-text tw-text-large tw-ta\" dir=\"ltr\" data-placeholder=\"\u00d6vers\u00e4ttning\" data-ved=\"2ahUKEwiQkLC_qsCKAxW4JBAIHb15CWMQ3ewLegQICRAT\" aria-label=\"\u00d6versatt text: Det \u00e4r os\u00e4kert om tidsresor \u00e4r fysiskt m\u00f6jliga, men vi v\u00e4lkomnar dig till f\u00f6rviktorianskt, tidigt 1800-tal, och den exakt restaurerade leken av &quot;HODGES&quot; astronomiska NYA KUNGLIGA SPELKORT. Ursprungligen publicerad av den mystiske bokhandlaren och brevskrivaren Charles Hodges fr\u00e5n Portman Square, London \u00e5r 1828. I samarbete med producenten Will Roya p\u00e5 PCD, restaurerades dessa kortleck omsorgsfullt digitalt f\u00f6r hand av AZURED OX. Stor omsorg togs med h\u00e4nsyn till varje detalj och bl\u00e5ste nytt liv i detta historiska d\u00e4ck. Tillsammans str\u00e4var vi efter att \u00e5terskapa vackra men \u00e4nd\u00e5 bortgl\u00f6mda kortspel fr\u00e5n f\u00f6rr och v\u00e4cka dem till liv igen. Tryckt av United States Playing Card Company (USPCC) Professional klassisk lager i pokerstorlek + pr\u00e4glad (linne) finish Premium guldmetallic bl\u00e4ck p\u00e5 tuckboxar och kortbaksidor 52 unika kort + 2 klotjokrar + 1 plikt &quot;One Shilling&quot; (gammal frissling) Spaderess + 1 motsatt dubbel backer extra &quot;gaff&quot;-kort Anpassad &quot;Great&quot; Tuck Seal (MMXXII) Animerade kort ryggar n\u00e4r det riffas Begr\u00e4nsad upplaga p\u00e5 2 500 \u00c5terupplivad, digitalt handrestaurerad och designad av AZURED OX Producerad av Will Roya sl\u00e4pps 2022\"><span class=\"Y2IQFc\" lang=\"sv\">It is uncertain if time travel is physically possible, nevertheless, we welcome you to pre-Victorian, early 19th century, and the precisely restored deck of &laquo;HODGES&raquo; Astronomical NEW ROYAL PLAYING CARDS. Originally published by mysterious bookseller and stationer Charles Hodges of Portman Square, London in the year 1828.<\/p>\n<p>In collaboration with the producer Will Roya at PCD, these decks were painstakingly digitally hand-restored by AZURED OX. Great care was taken with regard to each detail, breathing fresh new life into this historical deck. Together we strive to recreate beautiful but yet forgotten pieces of playing cards from the past and bring them back to life.<\/span><\/p>\n<ul>\n<li>Printed by United States Playing Card Company (USPCC)<\/li>\n<li>Poker-size professional classic stock + embossed (linen) finish<\/li>\n<li>Premium gold metallic ink on tuck boxes &amp; card backs<\/li>\n<li>52 unique cards + 2 Globe Jokers + 1 duty &laquo;One Shilling&raquo; (Old Frizzle) Ace of Spades<\/li>\n<li>+ 1 opposite double backer extra &laquo;gaff&raquo; card<\/li>\n<li>Custom &laquo;Great&raquo; tuck seal (MMXXII)<\/li>\n<li>Animated card backs when riffled<\/li>\n<li>Limited print run of 2,500<\/li>\n<li>Revived, digitally hand-restored, and designed by AZURED OX<\/li>\n<li>Produced by Will Roya<\/li>\n<li>2022 release<\/li>\n<\/ul>\n<p id=\"tw-target-text\" class=\"tw-data-text tw-text-large tw-ta\" dir=\"ltr\" data-placeholder=\"\u00d6vers\u00e4ttning\" data-ved=\"2ahUKEwiQkLC_qsCKAxW4JBAIHb15CWMQ3ewLegQICRAT\" aria-label=\"\u00d6versatt text: Det \u00e4r os\u00e4kert om tidsresor \u00e4r fysiskt m\u00f6jliga, men vi v\u00e4lkomnar dig till f\u00f6rviktorianskt, tidigt 1800-tal, och den exakt restaurerade leken av &quot;HODGES&quot; astronomiska NYA KUNGLIGA SPELKORT. Ursprungligen publicerad av den mystiske bokhandlaren och brevskrivaren Charles Hodges fr\u00e5n Portman Square, London \u00e5r 1828. I samarbete med producenten Will Roya p\u00e5 PCD, restaurerades dessa kortleck omsorgsfullt digitalt f\u00f6r hand av AZURED OX. Stor omsorg togs med h\u00e4nsyn till varje detalj och bl\u00e5ste nytt liv i detta historiska d\u00e4ck. Tillsammans str\u00e4var vi efter att \u00e5terskapa vackra men \u00e4nd\u00e5 bortgl\u00f6mda kortspel fr\u00e5n f\u00f6rr och v\u00e4cka dem till liv igen. Tryckt av United States Playing Card Company (USPCC) Professional klassisk lager i pokerstorlek + pr\u00e4glad (linne) finish Premium guldmetallic bl\u00e4ck p\u00e5 tuckboxar och kortbaksidor 52 unika kort + 2 klotjokrar + 1 plikt &quot;One Shilling&quot; (gammal frissling) Spaderess + 1 motsatt dubbel backer extra &quot;gaff&quot;-kort Anpassad &quot;Great&quot; Tuck Seal (MMXXII) Animerade kort ryggar n\u00e4r det riffas Begr\u00e4nsad upplaga p\u00e5 2 500 \u00c5terupplivad, digitalt handrestaurerad och designad av AZURED OX Producerad av Will Roya sl\u00e4pps 2022\"><span class=\"Y2IQFc\" lang=\"sv\">\u00a0<\/span><\/p>\n<\/div>\n<div id=\"tw-target-rmn-container\" class=\"tw-target-rmn tw-ta-container F0azHf tw-nfl\" tabindex=\"0\" role=\"text\">\n<pre id=\"tw-target-rmn\" class=\"tw-data-placeholder tw-text-small tw-ta\" dir=\"ltr\" data-placeholder=\"\"><\/pre>\n<\/div>\n<p> [&#8230;]<\/p>\n<p><a class=\"btn btn-secondary understrap-read-more-link\" href=\"https:\/\/kortleksbolaget.se\/no\/produkt\/astrological-hodges-limited-edition\/\">Les mer&#8230;<span class=\"screen-reader-text\"> from Astrological Hodges Limited Edition<\/span><\/a><\/p>\n","protected":false},"featured_media":149164,"template":"","meta":{"_acf_changed":false},"product_brand":[],"product_cat":[232],"product_tag":[],"class_list":{"0":"post-149173","1":"product","2":"type-product","3":"status-publish","4":"has-post-thumbnail","6":"varumarke-uspcc-no","7":"product_cat-special-lyx-limited-no","9":"first","10":"instock","11":"taxable","12":"shipping-taxable","13":"purchasable","14":"product-type-simple"},"acf":[],"yoast_head":"<!-- This site is optimized with the Yoast SEO plugin v26.3 - https:\/\/yoast.com\/wordpress\/plugins\/seo\/ -->\n<title>Kortlek Astrological Hodges Limited Edition | Kortleksbolaget<\/title>\n<meta name=\"description\" content=\"K\u00f6p Astrological Hodges Limited Edition. Snabba leveranser &amp; bra priser. Sveriges st\u00f6rsta sortiment av kortlekar p\u00e5 Kortleksbolaget!\" \/>\n<meta name=\"robots\" content=\"index, follow, max-snippet:-1, max-image-preview:large, max-video-preview:-1\" \/>\n<link rel=\"canonical\" href=\"https:\/\/kortleksbolaget.se\/no\/produkt\/astrological-hodges-limited-edition\/\" \/>\n<meta property=\"og:locale\" content=\"nb_NO\" \/>\n<meta property=\"og:type\" content=\"article\" \/>\n<meta property=\"og:title\" content=\"Kortlek Astrological Hodges Limited Edition | Kortleksbolaget\" \/>\n<meta property=\"og:description\" content=\"K\u00f6p Astrological Hodges Limited Edition. Snabba leveranser &amp; bra priser. Sveriges st\u00f6rsta sortiment av kortlekar p\u00e5 Kortleksbolaget!\" \/>\n<meta property=\"og:url\" content=\"https:\/\/kortleksbolaget.se\/no\/produkt\/astrological-hodges-limited-edition\/\" \/>\n<meta property=\"og:site_name\" content=\"Kortleksbolaget\" \/>\n<meta property=\"og:image\" content=\"https:\/\/kortleksbolaget.se\/wp-content\/uploads\/astronomi-kortlek-astrologi.jpg\" \/>\n\t<meta property=\"og:image:width\" content=\"462\" \/>\n\t<meta property=\"og:image:height\" content=\"694\" \/>\n\t<meta property=\"og:image:type\" content=\"image\/jpeg\" \/>\n<meta name=\"twitter:card\" content=\"summary_large_image\" \/>\n<script type=\"application\/ld+json\" class=\"yoast-schema-graph\">{\"@context\":\"https:\/\/schema.org\",\"@graph\":[{\"@type\":\"WebPage\",\"@id\":\"https:\/\/kortleksbolaget.se\/no\/produkt\/astrological-hodges-limited-edition\/\",\"url\":\"https:\/\/kortleksbolaget.se\/no\/produkt\/astrological-hodges-limited-edition\/\",\"name\":\"Kortlek Astrological Hodges Limited Edition | Kortleksbolaget\",\"isPartOf\":{\"@id\":\"https:\/\/kortleksbolaget.se\/no\/#website\"},\"primaryImageOfPage\":{\"@id\":\"https:\/\/kortleksbolaget.se\/no\/produkt\/astrological-hodges-limited-edition\/#primaryimage\"},\"image\":{\"@id\":\"https:\/\/kortleksbolaget.se\/no\/produkt\/astrological-hodges-limited-edition\/#primaryimage\"},\"thumbnailUrl\":\"https:\/\/kortleksbolaget.se\/wp-content\/uploads\/astronomi-kortlek-astrologi.jpg\",\"datePublished\":\"2025-01-08T11:13:31+00:00\",\"description\":\"K\u00f6p Astrological Hodges Limited Edition. Snabba leveranser & bra priser. Sveriges st\u00f6rsta sortiment av kortlekar p\u00e5 Kortleksbolaget!\",\"breadcrumb\":{\"@id\":\"https:\/\/kortleksbolaget.se\/no\/produkt\/astrological-hodges-limited-edition\/#breadcrumb\"},\"inLanguage\":\"nb-NO\",\"potentialAction\":[{\"@type\":\"ReadAction\",\"target\":[\"https:\/\/kortleksbolaget.se\/no\/produkt\/astrological-hodges-limited-edition\/\"]}]},{\"@type\":\"ImageObject\",\"inLanguage\":\"nb-NO\",\"@id\":\"https:\/\/kortleksbolaget.se\/no\/produkt\/astrological-hodges-limited-edition\/#primaryimage\",\"url\":\"https:\/\/kortleksbolaget.se\/wp-content\/uploads\/astronomi-kortlek-astrologi.jpg\",\"contentUrl\":\"https:\/\/kortleksbolaget.se\/wp-content\/uploads\/astronomi-kortlek-astrologi.jpg\",\"width\":462,\"height\":694},{\"@type\":\"BreadcrumbList\",\"@id\":\"https:\/\/kortleksbolaget.se\/no\/produkt\/astrological-hodges-limited-edition\/#breadcrumb\",\"itemListElement\":[{\"@type\":\"ListItem\",\"position\":1,\"name\":\"Hem\",\"item\":\"https:\/\/kortleksbolaget.se\/no\/\"},{\"@type\":\"ListItem\",\"position\":2,\"name\":\"Alle Kortstokker\",\"item\":\"https:\/\/kortleksbolaget.se\/no\/alla-produkter\/\"},{\"@type\":\"ListItem\",\"position\":3,\"name\":\"Astrological Hodges Limited Edition\"}]},{\"@type\":\"WebSite\",\"@id\":\"https:\/\/kortleksbolaget.se\/no\/#website\",\"url\":\"https:\/\/kortleksbolaget.se\/no\/\",\"name\":\"Kortleksbolaget\",\"description\":\"Kortlekar p\u00e5 n\u00e4tet\",\"publisher\":{\"@id\":\"https:\/\/kortleksbolaget.se\/no\/#organization\"},\"potentialAction\":[{\"@type\":\"SearchAction\",\"target\":{\"@type\":\"EntryPoint\",\"urlTemplate\":\"https:\/\/kortleksbolaget.se\/no\/?s={search_term_string}\"},\"query-input\":{\"@type\":\"PropertyValueSpecification\",\"valueRequired\":true,\"valueName\":\"search_term_string\"}}],\"inLanguage\":\"nb-NO\"},{\"@type\":\"Organization\",\"@id\":\"https:\/\/kortleksbolaget.se\/no\/#organization\",\"name\":\"Kortleksbolaget\",\"url\":\"https:\/\/kortleksbolaget.se\/no\/\",\"logo\":{\"@type\":\"ImageObject\",\"inLanguage\":\"nb-NO\",\"@id\":\"https:\/\/kortleksbolaget.se\/no\/#\/schema\/logo\/image\/\",\"url\":\"https:\/\/kortleksbolaget.se\/wp-content\/uploads\/kortleksbolaget_logo-svart.png\",\"contentUrl\":\"https:\/\/kortleksbolaget.se\/wp-content\/uploads\/kortleksbolaget_logo-svart.png\",\"width\":1200,\"height\":296,\"caption\":\"Kortleksbolaget\"},\"image\":{\"@id\":\"https:\/\/kortleksbolaget.se\/no\/#\/schema\/logo\/image\/\"}}]}<\/script>\n<!-- \/ Yoast SEO plugin. -->","yoast_head_json":{"title":"Kortlek Astrological Hodges Limited Edition | Kortleksbolaget","description":"K\u00f6p Astrological Hodges Limited Edition. Snabba leveranser & bra priser. Sveriges st\u00f6rsta sortiment av kortlekar p\u00e5 Kortleksbolaget!","robots":{"index":"index","follow":"follow","max-snippet":"max-snippet:-1","max-image-preview":"max-image-preview:large","max-video-preview":"max-video-preview:-1"},"canonical":"https:\/\/kortleksbolaget.se\/no\/produkt\/astrological-hodges-limited-edition\/","og_locale":"nb_NO","og_type":"article","og_title":"Kortlek Astrological Hodges Limited Edition | Kortleksbolaget","og_description":"K\u00f6p Astrological Hodges Limited Edition. Snabba leveranser & bra priser. Sveriges st\u00f6rsta sortiment av kortlekar p\u00e5 Kortleksbolaget!","og_url":"https:\/\/kortleksbolaget.se\/no\/produkt\/astrological-hodges-limited-edition\/","og_site_name":"Kortleksbolaget","og_image":[{"width":462,"height":694,"url":"https:\/\/kortleksbolaget.se\/wp-content\/uploads\/astronomi-kortlek-astrologi.jpg","type":"image\/jpeg"}],"twitter_card":"summary_large_image","schema":{"@context":"https:\/\/schema.org","@graph":[{"@type":"WebPage","@id":"https:\/\/kortleksbolaget.se\/no\/produkt\/astrological-hodges-limited-edition\/","url":"https:\/\/kortleksbolaget.se\/no\/produkt\/astrological-hodges-limited-edition\/","name":"Kortlek Astrological Hodges Limited Edition | Kortleksbolaget","isPartOf":{"@id":"https:\/\/kortleksbolaget.se\/no\/#website"},"primaryImageOfPage":{"@id":"https:\/\/kortleksbolaget.se\/no\/produkt\/astrological-hodges-limited-edition\/#primaryimage"},"image":{"@id":"https:\/\/kortleksbolaget.se\/no\/produkt\/astrological-hodges-limited-edition\/#primaryimage"},"thumbnailUrl":"https:\/\/kortleksbolaget.se\/wp-content\/uploads\/astronomi-kortlek-astrologi.jpg","datePublished":"2025-01-08T11:13:31+00:00","description":"K\u00f6p Astrological Hodges Limited Edition. Snabba leveranser & bra priser. Sveriges st\u00f6rsta sortiment av kortlekar p\u00e5 Kortleksbolaget!","breadcrumb":{"@id":"https:\/\/kortleksbolaget.se\/no\/produkt\/astrological-hodges-limited-edition\/#breadcrumb"},"inLanguage":"nb-NO","potentialAction":[{"@type":"ReadAction","target":["https:\/\/kortleksbolaget.se\/no\/produkt\/astrological-hodges-limited-edition\/"]}]},{"@type":"ImageObject","inLanguage":"nb-NO","@id":"https:\/\/kortleksbolaget.se\/no\/produkt\/astrological-hodges-limited-edition\/#primaryimage","url":"https:\/\/kortleksbolaget.se\/wp-content\/uploads\/astronomi-kortlek-astrologi.jpg","contentUrl":"https:\/\/kortleksbolaget.se\/wp-content\/uploads\/astronomi-kortlek-astrologi.jpg","width":462,"height":694},{"@type":"BreadcrumbList","@id":"https:\/\/kortleksbolaget.se\/no\/produkt\/astrological-hodges-limited-edition\/#breadcrumb","itemListElement":[{"@type":"ListItem","position":1,"name":"Hem","item":"https:\/\/kortleksbolaget.se\/no\/"},{"@type":"ListItem","position":2,"name":"Alle Kortstokker","item":"https:\/\/kortleksbolaget.se\/no\/alla-produkter\/"},{"@type":"ListItem","position":3,"name":"Astrological Hodges Limited Edition"}]},{"@type":"WebSite","@id":"https:\/\/kortleksbolaget.se\/no\/#website","url":"https:\/\/kortleksbolaget.se\/no\/","name":"Kortleksbolaget","description":"Kortlekar p\u00e5 n\u00e4tet","publisher":{"@id":"https:\/\/kortleksbolaget.se\/no\/#organization"},"potentialAction":[{"@type":"SearchAction","target":{"@type":"EntryPoint","urlTemplate":"https:\/\/kortleksbolaget.se\/no\/?s={search_term_string}"},"query-input":{"@type":"PropertyValueSpecification","valueRequired":true,"valueName":"search_term_string"}}],"inLanguage":"nb-NO"},{"@type":"Organization","@id":"https:\/\/kortleksbolaget.se\/no\/#organization","name":"Kortleksbolaget","url":"https:\/\/kortleksbolaget.se\/no\/","logo":{"@type":"ImageObject","inLanguage":"nb-NO","@id":"https:\/\/kortleksbolaget.se\/no\/#\/schema\/logo\/image\/","url":"https:\/\/kortleksbolaget.se\/wp-content\/uploads\/kortleksbolaget_logo-svart.png","contentUrl":"https:\/\/kortleksbolaget.se\/wp-content\/uploads\/kortleksbolaget_logo-svart.png","width":1200,"height":296,"caption":"Kortleksbolaget"},"image":{"@id":"https:\/\/kortleksbolaget.se\/no\/#\/schema\/logo\/image\/"}}]}},"_links":{"self":[{"href":"https:\/\/kortleksbolaget.se\/no\/wp-json\/wp\/v2\/product\/149173","targetHints":{"allow":["GET"]}}],"collection":[{"href":"https:\/\/kortleksbolaget.se\/no\/wp-json\/wp\/v2\/product"}],"about":[{"href":"https:\/\/kortleksbolaget.se\/no\/wp-json\/wp\/v2\/types\/product"}],"wp:featuredmedia":[{"embeddable":true,"href":"https:\/\/kortleksbolaget.se\/no\/wp-json\/wp\/v2\/media\/149164"}],"wp:attachment":[{"href":"https:\/\/kortleksbolaget.se\/no\/wp-json\/wp\/v2\/media?parent=149173"}],"wp:term":[{"taxonomy":"product_brand","embeddable":true,"href":"https:\/\/kortleksbolaget.se\/no\/wp-json\/wp\/v2\/product_brand?post=149173"},{"taxonomy":"product_cat","embeddable":true,"href":"https:\/\/kortleksbolaget.se\/no\/wp-json\/wp\/v2\/product_cat?post=149173"},{"taxonomy":"product_tag","embeddable":true,"href":"https:\/\/kortleksbolaget.se\/no\/wp-json\/wp\/v2\/product_tag?post=149173"}],"curies":[{"name":"wp","href":"https:\/\/api.w.org\/{rel}","templated":true}]}}