{"id":149213,"date":"2025-01-08T12:37:39","date_gmt":"2025-01-08T11:37:39","guid":{"rendered":"https:\/\/kortleksbolaget.se\/produkt\/avengers-blue-edition\/"},"modified":"2025-01-08T12:37:39","modified_gmt":"2025-01-08T11:37:39","slug":"avengers-blue-edition","status":"publish","type":"product","link":"https:\/\/kortleksbolaget.se\/no\/produkt\/avengers-blue-edition\/","title":{"rendered":"Avengers Blue Edition"},"content":{"rendered":"","protected":false},"excerpt":{"rendered":"<div id=\"tw-target-text-container\" class=\"tw-ta-container F0azHf tw-nfl\" tabindex=\"0\" role=\"text\">\n<p id=\"tw-target-text\" class=\"tw-data-text tw-text-large tw-ta\" dir=\"ltr\" data-placeholder=\"\u00d6vers\u00e4ttning\" data-ved=\"2ahUKEwic3LfVguaKAxVIHBAIHc4yH5UQ3ewLegQIChAT\" aria-label=\"\u00d6versatt text: Sedan debuten av Iron Man 2008 har Marvel Cinematic Universe f\u00e4ngslat hj\u00e4rtan och sinnen hos trogna fans \u00f6ver hela v\u00e4rlden. F\u00f6lj den elva \u00e5r l\u00e5nga resan av Marvel Studios The Infinity Saga och \u00e4ventyren f\u00f6r dina favorithj\u00e4ltar genom tiderna. Premiumspelkort med alla dina favorithj\u00e4ltar - nu i en kraftfull bl\u00e5 utg\u00e5va! Tillverkad i Amerika. S\u00e4tt ihop ditt eget lag av Avengers varje g\u00e5ng korten tas fram f\u00f6r spel \u2013 och \u00e5terupplev de mest minnesv\u00e4rda \u00f6gonblicken i den ikoniska filmserien. O\u00f6vertr\u00e4ffad utskriftskvalitet - MADE IN AMERICA\"><span class=\"Y2IQFc\" lang=\"sv\">Since the debut of <i>Iron Man<\/i> in 2008, the Marvel Cinematic Universe has captivated the hearts and minds of loyal fans all over the world. Follow the eleven year journey of Marvel Studios&#8217; <i>The Infinity Saga<\/i> and the adventures of your all-time favorite heroes.<\/p>\n<p>Premium playing cards featuring all of your favorite heroes &#8211; now in a powerful blue edition! Made in America. Assemble your own squad of Avengers every time the cards are brought out for play &#8211; and relive the most memorable moments of the iconic film series.<\/p>\n<p><b>Unrivaled Print Quality &#8211; MADE IN AMERICA<\/b><\/p>\n<p>theory11 produces the world&#8217;s finest playing cards. The cards themselves are made in the USA &#8211; printed on FSC-certified paper derived from sustainable forests, vegetable-based inks, and starch-based laminates.<\/p>\n<p><b>A Closer Look &#8211; THE INFINITY SAGA IN YOUR HAND<\/b><\/p>\n<p>The outer packaging is simply jaw-dropping. The radiant, blue foil shimmers and glows like the reality stone at every angle. Complete with gold foil accents and precise embossing, the ultra-lux outer packaging is truly representative of the legendary Infinity Saga.<\/p>\n<p><b>Inside and out &#8211; Complete custom artwork<\/b><\/p>\n<p><i>AVENGERS: Infinity Saga<\/i> playing cards feature completely custom artwork in every aspect of the design, with the Aces, Jokers, box design, and court cards inspired directly by fan-favorite characters quintessential to the Marvel Cinematic Universe.<\/p>\n<p><b>Inside the Box &#8211; NO DETAIL OVERLOOKED<\/b><\/p>\n<p>Inside the box, even the Aces feature callbacks to characters like Doctor Strange, Vision, Winter Soldier, and Gamora. And this wouldn&#8217;t be an Infinity Saga deck without a little bit of mischief and balance: Loki and Thanos make their presence known on each Joker!<\/p>\n<p><b>Character Court Cards &#8211; ALL OF YOUR FAVORITE HEROES<\/b><\/p>\n<p>Your favorite characters are brought to life! Thor and Hulk sport their Ragnarok attire, Hawkeye and Ronin share the spotlight (with a special appearance from Ant-Man!), and Iron Man wields his own Nano Gauntlet &#8211; alongside Captain Marvel, Black Panther, Spider-Man, Captain America, and MANY more.<\/p>\n<p><b>A Stunning Celebration OF THE INFINITY SAGA<\/b><\/p>\n<p><i>AVENGERS: Infinity Saga<\/i> playing cards are the perfect tribute to the Marvel Cinematic Universe. From <i>Iron Man<\/i> to <i>Avengers: Endgame<\/i>, follow and experience the storyline and its iconic moments every time they&#8217;re held in your hands.<\/span><\/p>\n<\/div>\n<div id=\"tw-target-rmn-container\" class=\"tw-target-rmn tw-ta-container F0azHf tw-nfl\" tabindex=\"0\" role=\"text\">\n<pre id=\"tw-target-rmn\" class=\"tw-data-placeholder tw-text-small tw-ta\" dir=\"ltr\" data-placeholder=\"\"><\/pre>\n<\/div>\n<p> [&#8230;]<\/p>\n<p><a class=\"btn btn-secondary understrap-read-more-link\" href=\"https:\/\/kortleksbolaget.se\/no\/produkt\/avengers-blue-edition\/\">Les mer&#8230;<span class=\"screen-reader-text\"> from Avengers Blue Edition<\/span><\/a><\/p>\n","protected":false},"featured_media":149204,"template":"","meta":{"_acf_changed":false},"product_brand":[],"product_cat":[232],"product_tag":[],"class_list":{"0":"post-149213","1":"product","2":"type-product","3":"status-publish","4":"has-post-thumbnail","6":"product_cat-special-lyx-limited-no","8":"first","9":"instock","10":"taxable","11":"shipping-taxable","12":"purchasable","13":"product-type-simple"},"acf":[],"yoast_head":"<!-- This site is optimized with the Yoast SEO plugin v26.3 - https:\/\/yoast.com\/wordpress\/plugins\/seo\/ -->\n<title>Kortlek Avengers Blue Edition | Kortleksbolaget<\/title>\n<meta name=\"description\" content=\"K\u00f6p Avengers Blue Edition. Snabba leveranser &amp; bra priser. Sveriges st\u00f6rsta sortiment av kortlekar p\u00e5 Kortleksbolaget!\" \/>\n<meta name=\"robots\" content=\"index, follow, max-snippet:-1, max-image-preview:large, max-video-preview:-1\" \/>\n<link rel=\"canonical\" href=\"https:\/\/kortleksbolaget.se\/no\/produkt\/avengers-blue-edition\/\" \/>\n<meta property=\"og:locale\" content=\"nb_NO\" \/>\n<meta property=\"og:type\" content=\"article\" \/>\n<meta property=\"og:title\" content=\"Kortlek Avengers Blue Edition | Kortleksbolaget\" \/>\n<meta property=\"og:description\" content=\"K\u00f6p Avengers Blue Edition. Snabba leveranser &amp; bra priser. Sveriges st\u00f6rsta sortiment av kortlekar p\u00e5 Kortleksbolaget!\" \/>\n<meta property=\"og:url\" content=\"https:\/\/kortleksbolaget.se\/no\/produkt\/avengers-blue-edition\/\" \/>\n<meta property=\"og:site_name\" content=\"Kortleksbolaget\" \/>\n<meta property=\"og:image\" content=\"https:\/\/kortleksbolaget.se\/wp-content\/uploads\/avengers-blue-theory11.jpg\" \/>\n\t<meta property=\"og:image:width\" content=\"469\" \/>\n\t<meta property=\"og:image:height\" content=\"703\" \/>\n\t<meta property=\"og:image:type\" content=\"image\/jpeg\" \/>\n<meta name=\"twitter:card\" content=\"summary_large_image\" \/>\n<script type=\"application\/ld+json\" class=\"yoast-schema-graph\">{\"@context\":\"https:\/\/schema.org\",\"@graph\":[{\"@type\":\"WebPage\",\"@id\":\"https:\/\/kortleksbolaget.se\/no\/produkt\/avengers-blue-edition\/\",\"url\":\"https:\/\/kortleksbolaget.se\/no\/produkt\/avengers-blue-edition\/\",\"name\":\"Kortlek Avengers Blue Edition | Kortleksbolaget\",\"isPartOf\":{\"@id\":\"https:\/\/kortleksbolaget.se\/no\/#website\"},\"primaryImageOfPage\":{\"@id\":\"https:\/\/kortleksbolaget.se\/no\/produkt\/avengers-blue-edition\/#primaryimage\"},\"image\":{\"@id\":\"https:\/\/kortleksbolaget.se\/no\/produkt\/avengers-blue-edition\/#primaryimage\"},\"thumbnailUrl\":\"https:\/\/kortleksbolaget.se\/wp-content\/uploads\/avengers-blue-theory11.jpg\",\"datePublished\":\"2025-01-08T11:37:39+00:00\",\"description\":\"K\u00f6p Avengers Blue Edition. Snabba leveranser & bra priser. Sveriges st\u00f6rsta sortiment av kortlekar p\u00e5 Kortleksbolaget!\",\"breadcrumb\":{\"@id\":\"https:\/\/kortleksbolaget.se\/no\/produkt\/avengers-blue-edition\/#breadcrumb\"},\"inLanguage\":\"nb-NO\",\"potentialAction\":[{\"@type\":\"ReadAction\",\"target\":[\"https:\/\/kortleksbolaget.se\/no\/produkt\/avengers-blue-edition\/\"]}]},{\"@type\":\"ImageObject\",\"inLanguage\":\"nb-NO\",\"@id\":\"https:\/\/kortleksbolaget.se\/no\/produkt\/avengers-blue-edition\/#primaryimage\",\"url\":\"https:\/\/kortleksbolaget.se\/wp-content\/uploads\/avengers-blue-theory11.jpg\",\"contentUrl\":\"https:\/\/kortleksbolaget.se\/wp-content\/uploads\/avengers-blue-theory11.jpg\",\"width\":469,\"height\":703},{\"@type\":\"BreadcrumbList\",\"@id\":\"https:\/\/kortleksbolaget.se\/no\/produkt\/avengers-blue-edition\/#breadcrumb\",\"itemListElement\":[{\"@type\":\"ListItem\",\"position\":1,\"name\":\"Hem\",\"item\":\"https:\/\/kortleksbolaget.se\/no\/\"},{\"@type\":\"ListItem\",\"position\":2,\"name\":\"Alle Kortstokker\",\"item\":\"https:\/\/kortleksbolaget.se\/no\/alla-produkter\/\"},{\"@type\":\"ListItem\",\"position\":3,\"name\":\"Avengers Blue Edition\"}]},{\"@type\":\"WebSite\",\"@id\":\"https:\/\/kortleksbolaget.se\/no\/#website\",\"url\":\"https:\/\/kortleksbolaget.se\/no\/\",\"name\":\"Kortleksbolaget\",\"description\":\"Kortlekar p\u00e5 n\u00e4tet\",\"publisher\":{\"@id\":\"https:\/\/kortleksbolaget.se\/no\/#organization\"},\"potentialAction\":[{\"@type\":\"SearchAction\",\"target\":{\"@type\":\"EntryPoint\",\"urlTemplate\":\"https:\/\/kortleksbolaget.se\/no\/?s={search_term_string}\"},\"query-input\":{\"@type\":\"PropertyValueSpecification\",\"valueRequired\":true,\"valueName\":\"search_term_string\"}}],\"inLanguage\":\"nb-NO\"},{\"@type\":\"Organization\",\"@id\":\"https:\/\/kortleksbolaget.se\/no\/#organization\",\"name\":\"Kortleksbolaget\",\"url\":\"https:\/\/kortleksbolaget.se\/no\/\",\"logo\":{\"@type\":\"ImageObject\",\"inLanguage\":\"nb-NO\",\"@id\":\"https:\/\/kortleksbolaget.se\/no\/#\/schema\/logo\/image\/\",\"url\":\"https:\/\/kortleksbolaget.se\/wp-content\/uploads\/kortleksbolaget_logo-svart.png\",\"contentUrl\":\"https:\/\/kortleksbolaget.se\/wp-content\/uploads\/kortleksbolaget_logo-svart.png\",\"width\":1200,\"height\":296,\"caption\":\"Kortleksbolaget\"},\"image\":{\"@id\":\"https:\/\/kortleksbolaget.se\/no\/#\/schema\/logo\/image\/\"}}]}<\/script>\n<!-- \/ Yoast SEO plugin. -->","yoast_head_json":{"title":"Kortlek Avengers Blue Edition | Kortleksbolaget","description":"K\u00f6p Avengers Blue Edition. Snabba leveranser & bra priser. Sveriges st\u00f6rsta sortiment av kortlekar p\u00e5 Kortleksbolaget!","robots":{"index":"index","follow":"follow","max-snippet":"max-snippet:-1","max-image-preview":"max-image-preview:large","max-video-preview":"max-video-preview:-1"},"canonical":"https:\/\/kortleksbolaget.se\/no\/produkt\/avengers-blue-edition\/","og_locale":"nb_NO","og_type":"article","og_title":"Kortlek Avengers Blue Edition | Kortleksbolaget","og_description":"K\u00f6p Avengers Blue Edition. Snabba leveranser & bra priser. Sveriges st\u00f6rsta sortiment av kortlekar p\u00e5 Kortleksbolaget!","og_url":"https:\/\/kortleksbolaget.se\/no\/produkt\/avengers-blue-edition\/","og_site_name":"Kortleksbolaget","og_image":[{"width":469,"height":703,"url":"https:\/\/kortleksbolaget.se\/wp-content\/uploads\/avengers-blue-theory11.jpg","type":"image\/jpeg"}],"twitter_card":"summary_large_image","schema":{"@context":"https:\/\/schema.org","@graph":[{"@type":"WebPage","@id":"https:\/\/kortleksbolaget.se\/no\/produkt\/avengers-blue-edition\/","url":"https:\/\/kortleksbolaget.se\/no\/produkt\/avengers-blue-edition\/","name":"Kortlek Avengers Blue Edition | Kortleksbolaget","isPartOf":{"@id":"https:\/\/kortleksbolaget.se\/no\/#website"},"primaryImageOfPage":{"@id":"https:\/\/kortleksbolaget.se\/no\/produkt\/avengers-blue-edition\/#primaryimage"},"image":{"@id":"https:\/\/kortleksbolaget.se\/no\/produkt\/avengers-blue-edition\/#primaryimage"},"thumbnailUrl":"https:\/\/kortleksbolaget.se\/wp-content\/uploads\/avengers-blue-theory11.jpg","datePublished":"2025-01-08T11:37:39+00:00","description":"K\u00f6p Avengers Blue Edition. Snabba leveranser & bra priser. Sveriges st\u00f6rsta sortiment av kortlekar p\u00e5 Kortleksbolaget!","breadcrumb":{"@id":"https:\/\/kortleksbolaget.se\/no\/produkt\/avengers-blue-edition\/#breadcrumb"},"inLanguage":"nb-NO","potentialAction":[{"@type":"ReadAction","target":["https:\/\/kortleksbolaget.se\/no\/produkt\/avengers-blue-edition\/"]}]},{"@type":"ImageObject","inLanguage":"nb-NO","@id":"https:\/\/kortleksbolaget.se\/no\/produkt\/avengers-blue-edition\/#primaryimage","url":"https:\/\/kortleksbolaget.se\/wp-content\/uploads\/avengers-blue-theory11.jpg","contentUrl":"https:\/\/kortleksbolaget.se\/wp-content\/uploads\/avengers-blue-theory11.jpg","width":469,"height":703},{"@type":"BreadcrumbList","@id":"https:\/\/kortleksbolaget.se\/no\/produkt\/avengers-blue-edition\/#breadcrumb","itemListElement":[{"@type":"ListItem","position":1,"name":"Hem","item":"https:\/\/kortleksbolaget.se\/no\/"},{"@type":"ListItem","position":2,"name":"Alle Kortstokker","item":"https:\/\/kortleksbolaget.se\/no\/alla-produkter\/"},{"@type":"ListItem","position":3,"name":"Avengers Blue Edition"}]},{"@type":"WebSite","@id":"https:\/\/kortleksbolaget.se\/no\/#website","url":"https:\/\/kortleksbolaget.se\/no\/","name":"Kortleksbolaget","description":"Kortlekar p\u00e5 n\u00e4tet","publisher":{"@id":"https:\/\/kortleksbolaget.se\/no\/#organization"},"potentialAction":[{"@type":"SearchAction","target":{"@type":"EntryPoint","urlTemplate":"https:\/\/kortleksbolaget.se\/no\/?s={search_term_string}"},"query-input":{"@type":"PropertyValueSpecification","valueRequired":true,"valueName":"search_term_string"}}],"inLanguage":"nb-NO"},{"@type":"Organization","@id":"https:\/\/kortleksbolaget.se\/no\/#organization","name":"Kortleksbolaget","url":"https:\/\/kortleksbolaget.se\/no\/","logo":{"@type":"ImageObject","inLanguage":"nb-NO","@id":"https:\/\/kortleksbolaget.se\/no\/#\/schema\/logo\/image\/","url":"https:\/\/kortleksbolaget.se\/wp-content\/uploads\/kortleksbolaget_logo-svart.png","contentUrl":"https:\/\/kortleksbolaget.se\/wp-content\/uploads\/kortleksbolaget_logo-svart.png","width":1200,"height":296,"caption":"Kortleksbolaget"},"image":{"@id":"https:\/\/kortleksbolaget.se\/no\/#\/schema\/logo\/image\/"}}]}},"_links":{"self":[{"href":"https:\/\/kortleksbolaget.se\/no\/wp-json\/wp\/v2\/product\/149213","targetHints":{"allow":["GET"]}}],"collection":[{"href":"https:\/\/kortleksbolaget.se\/no\/wp-json\/wp\/v2\/product"}],"about":[{"href":"https:\/\/kortleksbolaget.se\/no\/wp-json\/wp\/v2\/types\/product"}],"wp:featuredmedia":[{"embeddable":true,"href":"https:\/\/kortleksbolaget.se\/no\/wp-json\/wp\/v2\/media\/149204"}],"wp:attachment":[{"href":"https:\/\/kortleksbolaget.se\/no\/wp-json\/wp\/v2\/media?parent=149213"}],"wp:term":[{"taxonomy":"product_brand","embeddable":true,"href":"https:\/\/kortleksbolaget.se\/no\/wp-json\/wp\/v2\/product_brand?post=149213"},{"taxonomy":"product_cat","embeddable":true,"href":"https:\/\/kortleksbolaget.se\/no\/wp-json\/wp\/v2\/product_cat?post=149213"},{"taxonomy":"product_tag","embeddable":true,"href":"https:\/\/kortleksbolaget.se\/no\/wp-json\/wp\/v2\/product_tag?post=149213"}],"curies":[{"name":"wp","href":"https:\/\/api.w.org\/{rel}","templated":true}]}}