{"id":150209,"date":"2025-02-24T13:43:04","date_gmt":"2025-02-24T12:43:04","guid":{"rendered":"https:\/\/kortleksbolaget.se\/produkt\/batman-85th-anniversary\/"},"modified":"2025-10-16T17:11:08","modified_gmt":"2025-10-16T15:11:08","slug":"batman-85th-anniversary","status":"publish","type":"product","link":"https:\/\/kortleksbolaget.se\/no\/produkt\/batman-85th-anniversary\/","title":{"rendered":"Batman 85th Anniversary"},"content":{"rendered":"","protected":false},"excerpt":{"rendered":"<div id=\"tw-target-text-container\" class=\"tw-ta-container F0azHf tw-nfl\" tabindex=\"0\" role=\"text\">\n<p id=\"tw-target-text\" class=\"tw-data-text tw-text-large tw-ta\" dir=\"ltr\" data-placeholder=\"\u00d6vers\u00e4ttning\" data-ved=\"2ahUKEwj2w5TJzMuLAxX9HxAIHebfK5IQ3ewLegQIBxAU\" aria-label=\"\u00d6versatt text: L\u00e4nge leve fladdermusen. Premiumspelkort som firar 85 \u00e5r av Caped Crusader! DEN KAPEDE KROSSF\u00d6REN 85 \u00e5r av batman Designad f\u00f6r att hedra \u00f6ver \u00e5tta decennier av den ikoniska superhj\u00e4lten, har f\u00f6rpackningen de klassiska svarta, gula och silverf\u00e4rgerna synonyma med Dark Knight, tillsammans med foliedetaljer, exakt pr\u00e4gling och prydd med det officiella sigillen fr\u00e5n City of Gotham. JAG \u00c4R SKUGGARNA Under de senaste 85 \u00e5ren har staden Gotham beh\u00f6vt Batman. Med helt anpassade konstverk inspirerade av Batmans mest ikoniska \u00f6gonblick, sidekicks och legendariska skurkars galleri - tillsammans med dina favoritsk\u00e5despelare som har tagit p\u00e5 sig den ikoniska capen och huven. DEN M\u00d6RKA RIDDAREN och fan-favoritkarakt\u00e4rer Ta dina spelkv\u00e4llar till Gothams grusiga gator och spela din hand med BATMAN\u2122, Robin, The Joker\u2122, Harvey Dent\/Two Face\u2122, Penguin, Mr. Freeze, Catwoman, Poison Ivy och mer!\"><span class=\"Y2IQFc\" lang=\"sv\"><b>Long Live the Bat. Premium playing cards celebrating 85 years of the Caped Crusader!<\/b><\/p>\n<p><b>THE CAPED CRUSADER<\/b><br \/>\n85 years of batman<br \/>\nDesigned to honor over eight decades of the iconic superhero, the packaging features the classic black, yellow, and silver colors synonymous with the Dark Knight, along with foil details, precise embossing, and adorned with the official seal of the City of Gotham.<\/p>\n<p><b>I AM THE SHADOWS<\/b><br \/>\nFor the past 85 years, the City of Gotham has needed Batman. Featuring fully custom artwork inspired by Batman&#8217;s most iconic moments, sidekicks, and legendary rogues&#8217; gallery &#8211; along with your favorite actors that have donned the iconic cape and cowl.<\/p>\n<p><b>THE DARK KNIGHT<\/b><br \/>\nand fan-favorite characters<br \/>\nTake your game nights to the gritty streets of Gotham and play your hand with BATMAN\u2122, Robin, The Joker\u2122, Harvey Dent\/Two Face\u2122, Penguin, Mr. Freeze, Catwoman, Poison Ivy, and more!<\/span><\/p>\n<\/div>\n<div id=\"tw-target-rmn-container\" class=\"tw-target-rmn tw-ta-container F0azHf tw-nfl\" tabindex=\"0\" role=\"text\">\n<pre id=\"tw-target-rmn\" class=\"tw-data-placeholder tw-text-small tw-ta\" dir=\"ltr\" data-placeholder=\"\"><\/pre>\n<\/div>\n<p> [&#8230;]<\/p>\n<p><a class=\"btn btn-secondary understrap-read-more-link\" href=\"https:\/\/kortleksbolaget.se\/no\/produkt\/batman-85th-anniversary\/\">Les mer&#8230;<span class=\"screen-reader-text\"> from Batman 85th Anniversary<\/span><\/a><\/p>\n","protected":false},"featured_media":150200,"template":"","meta":{"_acf_changed":false},"product_brand":[],"product_cat":[232],"product_tag":[],"class_list":{"0":"post-150209","1":"product","2":"type-product","3":"status-publish","4":"has-post-thumbnail","6":"varumarke-theory11-no","7":"product_cat-special-lyx-limited-no","9":"first","10":"instock","11":"taxable","12":"shipping-taxable","13":"purchasable","14":"product-type-simple"},"acf":[],"yoast_head":"<!-- This site is optimized with the Yoast SEO plugin v26.3 - https:\/\/yoast.com\/wordpress\/plugins\/seo\/ -->\n<title>Kortlek Batman 85th Anniversary | Kortleksbolaget<\/title>\n<meta name=\"description\" content=\"K\u00f6p Batman 85th Anniversary. Snabba leveranser &amp; bra priser. Sveriges st\u00f6rsta sortiment av kortlekar p\u00e5 Kortleksbolaget!\" \/>\n<meta name=\"robots\" content=\"index, follow, max-snippet:-1, max-image-preview:large, max-video-preview:-1\" \/>\n<link rel=\"canonical\" href=\"https:\/\/kortleksbolaget.se\/no\/produkt\/batman-85th-anniversary\/\" \/>\n<meta property=\"og:locale\" content=\"nb_NO\" \/>\n<meta property=\"og:type\" content=\"article\" \/>\n<meta property=\"og:title\" content=\"Kortlek Batman 85th Anniversary | Kortleksbolaget\" \/>\n<meta property=\"og:description\" content=\"K\u00f6p Batman 85th Anniversary. Snabba leveranser &amp; bra priser. Sveriges st\u00f6rsta sortiment av kortlekar p\u00e5 Kortleksbolaget!\" \/>\n<meta property=\"og:url\" content=\"https:\/\/kortleksbolaget.se\/no\/produkt\/batman-85th-anniversary\/\" \/>\n<meta property=\"og:site_name\" content=\"Kortleksbolaget\" \/>\n<meta property=\"article:modified_time\" content=\"2025-10-16T15:11:08+00:00\" \/>\n<meta property=\"og:image\" content=\"https:\/\/kortleksbolaget.se\/wp-content\/uploads\/batman-85-kortlek-theory11.jpg\" \/>\n\t<meta property=\"og:image:width\" content=\"504\" \/>\n\t<meta property=\"og:image:height\" content=\"756\" \/>\n\t<meta property=\"og:image:type\" content=\"image\/jpeg\" \/>\n<meta name=\"twitter:card\" content=\"summary_large_image\" \/>\n<script type=\"application\/ld+json\" class=\"yoast-schema-graph\">{\"@context\":\"https:\/\/schema.org\",\"@graph\":[{\"@type\":\"WebPage\",\"@id\":\"https:\/\/kortleksbolaget.se\/no\/produkt\/batman-85th-anniversary\/\",\"url\":\"https:\/\/kortleksbolaget.se\/no\/produkt\/batman-85th-anniversary\/\",\"name\":\"Kortlek Batman 85th Anniversary | Kortleksbolaget\",\"isPartOf\":{\"@id\":\"https:\/\/kortleksbolaget.se\/no\/#website\"},\"primaryImageOfPage\":{\"@id\":\"https:\/\/kortleksbolaget.se\/no\/produkt\/batman-85th-anniversary\/#primaryimage\"},\"image\":{\"@id\":\"https:\/\/kortleksbolaget.se\/no\/produkt\/batman-85th-anniversary\/#primaryimage\"},\"thumbnailUrl\":\"https:\/\/kortleksbolaget.se\/wp-content\/uploads\/batman-85-kortlek-theory11.jpg\",\"datePublished\":\"2025-02-24T12:43:04+00:00\",\"dateModified\":\"2025-10-16T15:11:08+00:00\",\"description\":\"K\u00f6p Batman 85th Anniversary. Snabba leveranser & bra priser. Sveriges st\u00f6rsta sortiment av kortlekar p\u00e5 Kortleksbolaget!\",\"breadcrumb\":{\"@id\":\"https:\/\/kortleksbolaget.se\/no\/produkt\/batman-85th-anniversary\/#breadcrumb\"},\"inLanguage\":\"nb-NO\",\"potentialAction\":[{\"@type\":\"ReadAction\",\"target\":[\"https:\/\/kortleksbolaget.se\/no\/produkt\/batman-85th-anniversary\/\"]}]},{\"@type\":\"ImageObject\",\"inLanguage\":\"nb-NO\",\"@id\":\"https:\/\/kortleksbolaget.se\/no\/produkt\/batman-85th-anniversary\/#primaryimage\",\"url\":\"https:\/\/kortleksbolaget.se\/wp-content\/uploads\/batman-85-kortlek-theory11.jpg\",\"contentUrl\":\"https:\/\/kortleksbolaget.se\/wp-content\/uploads\/batman-85-kortlek-theory11.jpg\",\"width\":504,\"height\":756},{\"@type\":\"BreadcrumbList\",\"@id\":\"https:\/\/kortleksbolaget.se\/no\/produkt\/batman-85th-anniversary\/#breadcrumb\",\"itemListElement\":[{\"@type\":\"ListItem\",\"position\":1,\"name\":\"Hem\",\"item\":\"https:\/\/kortleksbolaget.se\/no\/\"},{\"@type\":\"ListItem\",\"position\":2,\"name\":\"Alle Kortstokker\",\"item\":\"https:\/\/kortleksbolaget.se\/no\/alla-produkter\/\"},{\"@type\":\"ListItem\",\"position\":3,\"name\":\"Batman 85th Anniversary\"}]},{\"@type\":\"WebSite\",\"@id\":\"https:\/\/kortleksbolaget.se\/no\/#website\",\"url\":\"https:\/\/kortleksbolaget.se\/no\/\",\"name\":\"Kortleksbolaget\",\"description\":\"Kortlekar p\u00e5 n\u00e4tet\",\"publisher\":{\"@id\":\"https:\/\/kortleksbolaget.se\/no\/#organization\"},\"potentialAction\":[{\"@type\":\"SearchAction\",\"target\":{\"@type\":\"EntryPoint\",\"urlTemplate\":\"https:\/\/kortleksbolaget.se\/no\/?s={search_term_string}\"},\"query-input\":{\"@type\":\"PropertyValueSpecification\",\"valueRequired\":true,\"valueName\":\"search_term_string\"}}],\"inLanguage\":\"nb-NO\"},{\"@type\":\"Organization\",\"@id\":\"https:\/\/kortleksbolaget.se\/no\/#organization\",\"name\":\"Kortleksbolaget\",\"url\":\"https:\/\/kortleksbolaget.se\/no\/\",\"logo\":{\"@type\":\"ImageObject\",\"inLanguage\":\"nb-NO\",\"@id\":\"https:\/\/kortleksbolaget.se\/no\/#\/schema\/logo\/image\/\",\"url\":\"https:\/\/kortleksbolaget.se\/wp-content\/uploads\/kortleksbolaget_logo-svart.png\",\"contentUrl\":\"https:\/\/kortleksbolaget.se\/wp-content\/uploads\/kortleksbolaget_logo-svart.png\",\"width\":1200,\"height\":296,\"caption\":\"Kortleksbolaget\"},\"image\":{\"@id\":\"https:\/\/kortleksbolaget.se\/no\/#\/schema\/logo\/image\/\"}}]}<\/script>\n<!-- \/ Yoast SEO plugin. -->","yoast_head_json":{"title":"Kortlek Batman 85th Anniversary | Kortleksbolaget","description":"K\u00f6p Batman 85th Anniversary. Snabba leveranser & bra priser. Sveriges st\u00f6rsta sortiment av kortlekar p\u00e5 Kortleksbolaget!","robots":{"index":"index","follow":"follow","max-snippet":"max-snippet:-1","max-image-preview":"max-image-preview:large","max-video-preview":"max-video-preview:-1"},"canonical":"https:\/\/kortleksbolaget.se\/no\/produkt\/batman-85th-anniversary\/","og_locale":"nb_NO","og_type":"article","og_title":"Kortlek Batman 85th Anniversary | Kortleksbolaget","og_description":"K\u00f6p Batman 85th Anniversary. Snabba leveranser & bra priser. Sveriges st\u00f6rsta sortiment av kortlekar p\u00e5 Kortleksbolaget!","og_url":"https:\/\/kortleksbolaget.se\/no\/produkt\/batman-85th-anniversary\/","og_site_name":"Kortleksbolaget","article_modified_time":"2025-10-16T15:11:08+00:00","og_image":[{"width":504,"height":756,"url":"https:\/\/kortleksbolaget.se\/wp-content\/uploads\/batman-85-kortlek-theory11.jpg","type":"image\/jpeg"}],"twitter_card":"summary_large_image","schema":{"@context":"https:\/\/schema.org","@graph":[{"@type":"WebPage","@id":"https:\/\/kortleksbolaget.se\/no\/produkt\/batman-85th-anniversary\/","url":"https:\/\/kortleksbolaget.se\/no\/produkt\/batman-85th-anniversary\/","name":"Kortlek Batman 85th Anniversary | Kortleksbolaget","isPartOf":{"@id":"https:\/\/kortleksbolaget.se\/no\/#website"},"primaryImageOfPage":{"@id":"https:\/\/kortleksbolaget.se\/no\/produkt\/batman-85th-anniversary\/#primaryimage"},"image":{"@id":"https:\/\/kortleksbolaget.se\/no\/produkt\/batman-85th-anniversary\/#primaryimage"},"thumbnailUrl":"https:\/\/kortleksbolaget.se\/wp-content\/uploads\/batman-85-kortlek-theory11.jpg","datePublished":"2025-02-24T12:43:04+00:00","dateModified":"2025-10-16T15:11:08+00:00","description":"K\u00f6p Batman 85th Anniversary. Snabba leveranser & bra priser. Sveriges st\u00f6rsta sortiment av kortlekar p\u00e5 Kortleksbolaget!","breadcrumb":{"@id":"https:\/\/kortleksbolaget.se\/no\/produkt\/batman-85th-anniversary\/#breadcrumb"},"inLanguage":"nb-NO","potentialAction":[{"@type":"ReadAction","target":["https:\/\/kortleksbolaget.se\/no\/produkt\/batman-85th-anniversary\/"]}]},{"@type":"ImageObject","inLanguage":"nb-NO","@id":"https:\/\/kortleksbolaget.se\/no\/produkt\/batman-85th-anniversary\/#primaryimage","url":"https:\/\/kortleksbolaget.se\/wp-content\/uploads\/batman-85-kortlek-theory11.jpg","contentUrl":"https:\/\/kortleksbolaget.se\/wp-content\/uploads\/batman-85-kortlek-theory11.jpg","width":504,"height":756},{"@type":"BreadcrumbList","@id":"https:\/\/kortleksbolaget.se\/no\/produkt\/batman-85th-anniversary\/#breadcrumb","itemListElement":[{"@type":"ListItem","position":1,"name":"Hem","item":"https:\/\/kortleksbolaget.se\/no\/"},{"@type":"ListItem","position":2,"name":"Alle Kortstokker","item":"https:\/\/kortleksbolaget.se\/no\/alla-produkter\/"},{"@type":"ListItem","position":3,"name":"Batman 85th Anniversary"}]},{"@type":"WebSite","@id":"https:\/\/kortleksbolaget.se\/no\/#website","url":"https:\/\/kortleksbolaget.se\/no\/","name":"Kortleksbolaget","description":"Kortlekar p\u00e5 n\u00e4tet","publisher":{"@id":"https:\/\/kortleksbolaget.se\/no\/#organization"},"potentialAction":[{"@type":"SearchAction","target":{"@type":"EntryPoint","urlTemplate":"https:\/\/kortleksbolaget.se\/no\/?s={search_term_string}"},"query-input":{"@type":"PropertyValueSpecification","valueRequired":true,"valueName":"search_term_string"}}],"inLanguage":"nb-NO"},{"@type":"Organization","@id":"https:\/\/kortleksbolaget.se\/no\/#organization","name":"Kortleksbolaget","url":"https:\/\/kortleksbolaget.se\/no\/","logo":{"@type":"ImageObject","inLanguage":"nb-NO","@id":"https:\/\/kortleksbolaget.se\/no\/#\/schema\/logo\/image\/","url":"https:\/\/kortleksbolaget.se\/wp-content\/uploads\/kortleksbolaget_logo-svart.png","contentUrl":"https:\/\/kortleksbolaget.se\/wp-content\/uploads\/kortleksbolaget_logo-svart.png","width":1200,"height":296,"caption":"Kortleksbolaget"},"image":{"@id":"https:\/\/kortleksbolaget.se\/no\/#\/schema\/logo\/image\/"}}]}},"_links":{"self":[{"href":"https:\/\/kortleksbolaget.se\/no\/wp-json\/wp\/v2\/product\/150209","targetHints":{"allow":["GET"]}}],"collection":[{"href":"https:\/\/kortleksbolaget.se\/no\/wp-json\/wp\/v2\/product"}],"about":[{"href":"https:\/\/kortleksbolaget.se\/no\/wp-json\/wp\/v2\/types\/product"}],"wp:featuredmedia":[{"embeddable":true,"href":"https:\/\/kortleksbolaget.se\/no\/wp-json\/wp\/v2\/media\/150200"}],"wp:attachment":[{"href":"https:\/\/kortleksbolaget.se\/no\/wp-json\/wp\/v2\/media?parent=150209"}],"wp:term":[{"taxonomy":"product_brand","embeddable":true,"href":"https:\/\/kortleksbolaget.se\/no\/wp-json\/wp\/v2\/product_brand?post=150209"},{"taxonomy":"product_cat","embeddable":true,"href":"https:\/\/kortleksbolaget.se\/no\/wp-json\/wp\/v2\/product_cat?post=150209"},{"taxonomy":"product_tag","embeddable":true,"href":"https:\/\/kortleksbolaget.se\/no\/wp-json\/wp\/v2\/product_tag?post=150209"}],"curies":[{"name":"wp","href":"https:\/\/api.w.org\/{rel}","templated":true}]}}