{"id":150315,"date":"2025-02-27T14:51:26","date_gmt":"2025-02-27T13:51:26","guid":{"rendered":"https:\/\/kortleksbolaget.se\/produkt\/the-eye-of-the-ocean-gibborim-castaways\/"},"modified":"2025-02-27T14:51:26","modified_gmt":"2025-02-27T13:51:26","slug":"the-eye-of-the-ocean-gibborim-castaways","status":"publish","type":"product","link":"https:\/\/kortleksbolaget.se\/no\/produkt\/the-eye-of-the-ocean-gibborim-castaways\/","title":{"rendered":"The Eye of the Ocean Gibborim Castaways"},"content":{"rendered":"","protected":false},"excerpt":{"rendered":"<div id=\"tw-target-text-container\" class=\"tw-ta-container F0azHf tw-nfl\" tabindex=\"0\" role=\"text\">\n<p class=\"tw-data-text tw-text-large tw-ta\" dir=\"ltr\" data-placeholder=\"\u00d6vers\u00e4ttning\" data-ved=\"2ahUKEwij9-v63PqKAxUWIBAIHaScFo4Q3ewLegQIDRAT\" aria-label=\"\u00d6versatt text: The Eye of the Ocean: Part II \u00e4r forts\u00e4ttningen p\u00e5 det arkeologiska \u00e4ventyret som b\u00f6rjade med den ursprungliga serien 2021. Den h\u00e4r kortleken visar upp intrikata m\u00f6nster inspirerade av havets mysterier och himmelsnavigering. Med lyxiga metallfolier, detaljerade illustrationer och en elegant blandning av antika kartor, marin symbolik och fantasieggande ber\u00e4ttande \u00e4r varje kort ett konstverk. Perfekt f\u00f6r samlare och kortentusiaster, The Eye of the Ocean \u00e4r mer \u00e4n bara en kortlek - det \u00e4r ett uppslukande \u00e4ventyr insvept i uts\u00f6kt hantverk. Gibborim Castaways 56 kort pokerstorlek Guldfolieapplicering p\u00e5 baksidan F\u00f6rgyllda kanter i metallicbl\u00e5tt Tuckbox tryckt p\u00e5 b\u00e5da sidor med anpassad utsk\u00e4rning. 100 % anpassade ansikten och baksida, domstolskort och extrakort. Pussellek: komponera kartan \u00f6ver \u00f6n med de 56 korten Anpassade illustrationer: ess, domstolskort, jokrar Insvept i cellofan Tillverkad i Kina Designad av Stockholm17 Playing Cards\"><span class=\"Y2IQFc\" lang=\"sv\"><b>The Eye of the Ocean:<\/b> Part II is the continuation of the archaeological adventure that began with the original series in 2021. This deck of cards showcases intricate designs inspired by the mysteries of the sea and celestial navigation. Featuring luxurious metallic foils, detailed illustrations, and an elegant fusion of antique maps, marine symbolism, and imaginative storytelling, each card is a work of art. Perfect for collectors and card enthusiasts, <b>The Eye of the Ocean <\/b> is more than just a deck-it&#8217;s an immersive adventure wrapped in exquisite craftsmanship.<\/p>\n<p><b>Gibborim Castaways <\/b><\/span><\/p>\n<ul>\n<li>56 cards poker size<\/li>\n<li>Gold foil application on the back<\/li>\n<li>Gilded edges in metallic blue<\/li>\n<li>Tuckbox printed on both sides with custom cutout.<\/li>\n<li>100% custom faces and back, court cards and extra cards.<\/li>\n<li>Jigsaw puzzle deck: compose the map of the island with the 56 cards<\/li>\n<li>Custom illustrations: aces, court cards, jokers<\/li>\n<li>Wrapped in cellophane<\/li>\n<li>Made in PRC<\/li>\n<\/ul>\n<p id=\"tw-target-text\" class=\"tw-data-text tw-text-large tw-ta\" dir=\"ltr\" data-placeholder=\"\u00d6vers\u00e4ttning\" data-ved=\"2ahUKEwij9-v63PqKAxUWIBAIHaScFo4Q3ewLegQIDRAT\" aria-label=\"\u00d6versatt text: The Eye of the Ocean: Part II \u00e4r forts\u00e4ttningen p\u00e5 det arkeologiska \u00e4ventyret som b\u00f6rjade med den ursprungliga serien 2021. Den h\u00e4r kortleken visar upp intrikata m\u00f6nster inspirerade av havets mysterier och himmelsnavigering. Med lyxiga metallfolier, detaljerade illustrationer och en elegant blandning av antika kartor, marin symbolik och fantasieggande ber\u00e4ttande \u00e4r varje kort ett konstverk. Perfekt f\u00f6r samlare och kortentusiaster, The Eye of the Ocean \u00e4r mer \u00e4n bara en kortlek - det \u00e4r ett uppslukande \u00e4ventyr insvept i uts\u00f6kt hantverk. Gibborim Castaways 56 kort pokerstorlek Guldfolieapplicering p\u00e5 baksidan F\u00f6rgyllda kanter i metallicbl\u00e5tt Tuckbox tryckt p\u00e5 b\u00e5da sidor med anpassad utsk\u00e4rning. 100 % anpassade ansikten och baksida, domstolskort och extrakort. Pussellek: komponera kartan \u00f6ver \u00f6n med de 56 korten Anpassade illustrationer: ess, domstolskort, jokrar Insvept i cellofan Tillverkad i Kina Designad av Stockholm17 Playing Cards\"><span class=\"Y2IQFc\" lang=\"sv\"><b>Designed by Stockholm17 Playing Cards <\/b><br \/>\n<\/span><\/p>\n<\/div>\n<div id=\"tw-target-rmn-container\" class=\"tw-target-rmn tw-ta-container F0azHf tw-nfl\" tabindex=\"0\" role=\"text\">\n<pre id=\"tw-target-rmn\" class=\"tw-data-placeholder tw-text-small tw-ta\" dir=\"ltr\" data-placeholder=\"\"><\/pre>\n<\/div>\n<p> [&#8230;]<\/p>\n<p><a class=\"btn btn-secondary understrap-read-more-link\" href=\"https:\/\/kortleksbolaget.se\/no\/produkt\/the-eye-of-the-ocean-gibborim-castaways\/\">Les mer&#8230;<span class=\"screen-reader-text\"> from The Eye of the Ocean Gibborim Castaways<\/span><\/a><\/p>\n","protected":false},"featured_media":150306,"template":"","meta":{"_acf_changed":false},"product_brand":[],"product_cat":[232],"product_tag":[],"class_list":{"0":"post-150315","1":"product","2":"type-product","3":"status-publish","4":"has-post-thumbnail","6":"varumarke-stockholm17-no","7":"product_cat-special-lyx-limited-no","9":"first","10":"instock","11":"taxable","12":"shipping-taxable","13":"purchasable","14":"product-type-simple"},"acf":[],"yoast_head":"<!-- This site is optimized with the Yoast SEO plugin v26.3 - https:\/\/yoast.com\/wordpress\/plugins\/seo\/ -->\n<title>Kortlek The Eye of the Ocean Gibborim Castaways | Kortleksbolaget<\/title>\n<meta name=\"description\" content=\"K\u00f6p The Eye of the Ocean Gibborim Castaways. Snabba leveranser &amp; bra priser. Sveriges st\u00f6rsta sortiment av kortlekar p\u00e5 Kortleksbolaget!\" \/>\n<meta name=\"robots\" content=\"index, follow, max-snippet:-1, max-image-preview:large, max-video-preview:-1\" \/>\n<link rel=\"canonical\" href=\"https:\/\/kortleksbolaget.se\/no\/produkt\/the-eye-of-the-ocean-gibborim-castaways\/\" \/>\n<meta property=\"og:locale\" content=\"nb_NO\" \/>\n<meta property=\"og:type\" content=\"article\" \/>\n<meta property=\"og:title\" content=\"Kortlek The Eye of the Ocean Gibborim Castaways | Kortleksbolaget\" \/>\n<meta property=\"og:description\" content=\"K\u00f6p The Eye of the Ocean Gibborim Castaways. Snabba leveranser &amp; bra priser. Sveriges st\u00f6rsta sortiment av kortlekar p\u00e5 Kortleksbolaget!\" \/>\n<meta property=\"og:url\" content=\"https:\/\/kortleksbolaget.se\/no\/produkt\/the-eye-of-the-ocean-gibborim-castaways\/\" \/>\n<meta property=\"og:site_name\" content=\"Kortleksbolaget\" \/>\n<meta property=\"og:image\" content=\"https:\/\/kortleksbolaget.se\/wp-content\/uploads\/gibborim-castaways-stockholm17.jpg\" \/>\n\t<meta property=\"og:image:width\" content=\"468\" \/>\n\t<meta property=\"og:image:height\" content=\"702\" \/>\n\t<meta property=\"og:image:type\" content=\"image\/jpeg\" \/>\n<meta name=\"twitter:card\" content=\"summary_large_image\" \/>\n<script type=\"application\/ld+json\" class=\"yoast-schema-graph\">{\"@context\":\"https:\/\/schema.org\",\"@graph\":[{\"@type\":\"WebPage\",\"@id\":\"https:\/\/kortleksbolaget.se\/no\/produkt\/the-eye-of-the-ocean-gibborim-castaways\/\",\"url\":\"https:\/\/kortleksbolaget.se\/no\/produkt\/the-eye-of-the-ocean-gibborim-castaways\/\",\"name\":\"Kortlek The Eye of the Ocean Gibborim Castaways | Kortleksbolaget\",\"isPartOf\":{\"@id\":\"https:\/\/kortleksbolaget.se\/no\/#website\"},\"primaryImageOfPage\":{\"@id\":\"https:\/\/kortleksbolaget.se\/no\/produkt\/the-eye-of-the-ocean-gibborim-castaways\/#primaryimage\"},\"image\":{\"@id\":\"https:\/\/kortleksbolaget.se\/no\/produkt\/the-eye-of-the-ocean-gibborim-castaways\/#primaryimage\"},\"thumbnailUrl\":\"https:\/\/kortleksbolaget.se\/wp-content\/uploads\/gibborim-castaways-stockholm17.jpg\",\"datePublished\":\"2025-02-27T13:51:26+00:00\",\"description\":\"K\u00f6p The Eye of the Ocean Gibborim Castaways. Snabba leveranser & bra priser. Sveriges st\u00f6rsta sortiment av kortlekar p\u00e5 Kortleksbolaget!\",\"breadcrumb\":{\"@id\":\"https:\/\/kortleksbolaget.se\/no\/produkt\/the-eye-of-the-ocean-gibborim-castaways\/#breadcrumb\"},\"inLanguage\":\"nb-NO\",\"potentialAction\":[{\"@type\":\"ReadAction\",\"target\":[\"https:\/\/kortleksbolaget.se\/no\/produkt\/the-eye-of-the-ocean-gibborim-castaways\/\"]}]},{\"@type\":\"ImageObject\",\"inLanguage\":\"nb-NO\",\"@id\":\"https:\/\/kortleksbolaget.se\/no\/produkt\/the-eye-of-the-ocean-gibborim-castaways\/#primaryimage\",\"url\":\"https:\/\/kortleksbolaget.se\/wp-content\/uploads\/gibborim-castaways-stockholm17.jpg\",\"contentUrl\":\"https:\/\/kortleksbolaget.se\/wp-content\/uploads\/gibborim-castaways-stockholm17.jpg\",\"width\":468,\"height\":702},{\"@type\":\"BreadcrumbList\",\"@id\":\"https:\/\/kortleksbolaget.se\/no\/produkt\/the-eye-of-the-ocean-gibborim-castaways\/#breadcrumb\",\"itemListElement\":[{\"@type\":\"ListItem\",\"position\":1,\"name\":\"Hem\",\"item\":\"https:\/\/kortleksbolaget.se\/no\/\"},{\"@type\":\"ListItem\",\"position\":2,\"name\":\"Alle Kortstokker\",\"item\":\"https:\/\/kortleksbolaget.se\/no\/alla-produkter\/\"},{\"@type\":\"ListItem\",\"position\":3,\"name\":\"The Eye of the Ocean Gibborim Castaways\"}]},{\"@type\":\"WebSite\",\"@id\":\"https:\/\/kortleksbolaget.se\/no\/#website\",\"url\":\"https:\/\/kortleksbolaget.se\/no\/\",\"name\":\"Kortleksbolaget\",\"description\":\"Kortlekar p\u00e5 n\u00e4tet\",\"publisher\":{\"@id\":\"https:\/\/kortleksbolaget.se\/no\/#organization\"},\"potentialAction\":[{\"@type\":\"SearchAction\",\"target\":{\"@type\":\"EntryPoint\",\"urlTemplate\":\"https:\/\/kortleksbolaget.se\/no\/?s={search_term_string}\"},\"query-input\":{\"@type\":\"PropertyValueSpecification\",\"valueRequired\":true,\"valueName\":\"search_term_string\"}}],\"inLanguage\":\"nb-NO\"},{\"@type\":\"Organization\",\"@id\":\"https:\/\/kortleksbolaget.se\/no\/#organization\",\"name\":\"Kortleksbolaget\",\"url\":\"https:\/\/kortleksbolaget.se\/no\/\",\"logo\":{\"@type\":\"ImageObject\",\"inLanguage\":\"nb-NO\",\"@id\":\"https:\/\/kortleksbolaget.se\/no\/#\/schema\/logo\/image\/\",\"url\":\"https:\/\/kortleksbolaget.se\/wp-content\/uploads\/kortleksbolaget_logo-svart.png\",\"contentUrl\":\"https:\/\/kortleksbolaget.se\/wp-content\/uploads\/kortleksbolaget_logo-svart.png\",\"width\":1200,\"height\":296,\"caption\":\"Kortleksbolaget\"},\"image\":{\"@id\":\"https:\/\/kortleksbolaget.se\/no\/#\/schema\/logo\/image\/\"}}]}<\/script>\n<!-- \/ Yoast SEO plugin. -->","yoast_head_json":{"title":"Kortlek The Eye of the Ocean Gibborim Castaways | Kortleksbolaget","description":"K\u00f6p The Eye of the Ocean Gibborim Castaways. Snabba leveranser & bra priser. Sveriges st\u00f6rsta sortiment av kortlekar p\u00e5 Kortleksbolaget!","robots":{"index":"index","follow":"follow","max-snippet":"max-snippet:-1","max-image-preview":"max-image-preview:large","max-video-preview":"max-video-preview:-1"},"canonical":"https:\/\/kortleksbolaget.se\/no\/produkt\/the-eye-of-the-ocean-gibborim-castaways\/","og_locale":"nb_NO","og_type":"article","og_title":"Kortlek The Eye of the Ocean Gibborim Castaways | Kortleksbolaget","og_description":"K\u00f6p The Eye of the Ocean Gibborim Castaways. Snabba leveranser & bra priser. Sveriges st\u00f6rsta sortiment av kortlekar p\u00e5 Kortleksbolaget!","og_url":"https:\/\/kortleksbolaget.se\/no\/produkt\/the-eye-of-the-ocean-gibborim-castaways\/","og_site_name":"Kortleksbolaget","og_image":[{"width":468,"height":702,"url":"https:\/\/kortleksbolaget.se\/wp-content\/uploads\/gibborim-castaways-stockholm17.jpg","type":"image\/jpeg"}],"twitter_card":"summary_large_image","schema":{"@context":"https:\/\/schema.org","@graph":[{"@type":"WebPage","@id":"https:\/\/kortleksbolaget.se\/no\/produkt\/the-eye-of-the-ocean-gibborim-castaways\/","url":"https:\/\/kortleksbolaget.se\/no\/produkt\/the-eye-of-the-ocean-gibborim-castaways\/","name":"Kortlek The Eye of the Ocean Gibborim Castaways | Kortleksbolaget","isPartOf":{"@id":"https:\/\/kortleksbolaget.se\/no\/#website"},"primaryImageOfPage":{"@id":"https:\/\/kortleksbolaget.se\/no\/produkt\/the-eye-of-the-ocean-gibborim-castaways\/#primaryimage"},"image":{"@id":"https:\/\/kortleksbolaget.se\/no\/produkt\/the-eye-of-the-ocean-gibborim-castaways\/#primaryimage"},"thumbnailUrl":"https:\/\/kortleksbolaget.se\/wp-content\/uploads\/gibborim-castaways-stockholm17.jpg","datePublished":"2025-02-27T13:51:26+00:00","description":"K\u00f6p The Eye of the Ocean Gibborim Castaways. Snabba leveranser & bra priser. Sveriges st\u00f6rsta sortiment av kortlekar p\u00e5 Kortleksbolaget!","breadcrumb":{"@id":"https:\/\/kortleksbolaget.se\/no\/produkt\/the-eye-of-the-ocean-gibborim-castaways\/#breadcrumb"},"inLanguage":"nb-NO","potentialAction":[{"@type":"ReadAction","target":["https:\/\/kortleksbolaget.se\/no\/produkt\/the-eye-of-the-ocean-gibborim-castaways\/"]}]},{"@type":"ImageObject","inLanguage":"nb-NO","@id":"https:\/\/kortleksbolaget.se\/no\/produkt\/the-eye-of-the-ocean-gibborim-castaways\/#primaryimage","url":"https:\/\/kortleksbolaget.se\/wp-content\/uploads\/gibborim-castaways-stockholm17.jpg","contentUrl":"https:\/\/kortleksbolaget.se\/wp-content\/uploads\/gibborim-castaways-stockholm17.jpg","width":468,"height":702},{"@type":"BreadcrumbList","@id":"https:\/\/kortleksbolaget.se\/no\/produkt\/the-eye-of-the-ocean-gibborim-castaways\/#breadcrumb","itemListElement":[{"@type":"ListItem","position":1,"name":"Hem","item":"https:\/\/kortleksbolaget.se\/no\/"},{"@type":"ListItem","position":2,"name":"Alle Kortstokker","item":"https:\/\/kortleksbolaget.se\/no\/alla-produkter\/"},{"@type":"ListItem","position":3,"name":"The Eye of the Ocean Gibborim Castaways"}]},{"@type":"WebSite","@id":"https:\/\/kortleksbolaget.se\/no\/#website","url":"https:\/\/kortleksbolaget.se\/no\/","name":"Kortleksbolaget","description":"Kortlekar p\u00e5 n\u00e4tet","publisher":{"@id":"https:\/\/kortleksbolaget.se\/no\/#organization"},"potentialAction":[{"@type":"SearchAction","target":{"@type":"EntryPoint","urlTemplate":"https:\/\/kortleksbolaget.se\/no\/?s={search_term_string}"},"query-input":{"@type":"PropertyValueSpecification","valueRequired":true,"valueName":"search_term_string"}}],"inLanguage":"nb-NO"},{"@type":"Organization","@id":"https:\/\/kortleksbolaget.se\/no\/#organization","name":"Kortleksbolaget","url":"https:\/\/kortleksbolaget.se\/no\/","logo":{"@type":"ImageObject","inLanguage":"nb-NO","@id":"https:\/\/kortleksbolaget.se\/no\/#\/schema\/logo\/image\/","url":"https:\/\/kortleksbolaget.se\/wp-content\/uploads\/kortleksbolaget_logo-svart.png","contentUrl":"https:\/\/kortleksbolaget.se\/wp-content\/uploads\/kortleksbolaget_logo-svart.png","width":1200,"height":296,"caption":"Kortleksbolaget"},"image":{"@id":"https:\/\/kortleksbolaget.se\/no\/#\/schema\/logo\/image\/"}}]}},"_links":{"self":[{"href":"https:\/\/kortleksbolaget.se\/no\/wp-json\/wp\/v2\/product\/150315","targetHints":{"allow":["GET"]}}],"collection":[{"href":"https:\/\/kortleksbolaget.se\/no\/wp-json\/wp\/v2\/product"}],"about":[{"href":"https:\/\/kortleksbolaget.se\/no\/wp-json\/wp\/v2\/types\/product"}],"wp:featuredmedia":[{"embeddable":true,"href":"https:\/\/kortleksbolaget.se\/no\/wp-json\/wp\/v2\/media\/150306"}],"wp:attachment":[{"href":"https:\/\/kortleksbolaget.se\/no\/wp-json\/wp\/v2\/media?parent=150315"}],"wp:term":[{"taxonomy":"product_brand","embeddable":true,"href":"https:\/\/kortleksbolaget.se\/no\/wp-json\/wp\/v2\/product_brand?post=150315"},{"taxonomy":"product_cat","embeddable":true,"href":"https:\/\/kortleksbolaget.se\/no\/wp-json\/wp\/v2\/product_cat?post=150315"},{"taxonomy":"product_tag","embeddable":true,"href":"https:\/\/kortleksbolaget.se\/no\/wp-json\/wp\/v2\/product_tag?post=150315"}],"curies":[{"name":"wp","href":"https:\/\/api.w.org\/{rel}","templated":true}]}}