{"id":150452,"date":"2025-03-07T07:27:38","date_gmt":"2025-03-07T06:27:38","guid":{"rendered":"https:\/\/kortleksbolaget.se\/produkt\/roulette-red-marked\/"},"modified":"2025-03-07T07:27:38","modified_gmt":"2025-03-07T06:27:38","slug":"roulette-red-marked","status":"publish","type":"product","link":"https:\/\/kortleksbolaget.se\/no\/produkt\/roulette-red-marked\/","title":{"rendered":"Roulette Red Marked"},"content":{"rendered":"","protected":false},"excerpt":{"rendered":"<div id=\"tw-target-text-container\" class=\"tw-ta-container tw-nfl\" tabindex=\"0\" role=\"text\">\n<p id=\"tw-target-text\" class=\"tw-data-text tw-text-large tw-ta\" dir=\"ltr\" data-placeholder=\"\u00d6vers\u00e4ttning\" data-ved=\"2ahUKEwiS-q2n4t6LAxVYBxAIHd5JMSIQ3ewLegQIBxAU\" aria-label=\"\u00d6versatt text: Vi introducerar den andra f\u00e4rgen i Roulettespelkorten, precis som insatsen, vilken kommer du att v\u00e4lja - r\u00f6d eller svart? Ta med allt det roliga med kasinot i dina h\u00e4nder, och sedan i slut\u00e4ndan till din publiks upplevelse. Alla k\u00e4nner till och \u00e4lskar spelet Roulette, s\u00e5 det \u00e4r det perfekta fordonet att ansluta till som anv\u00e4nder ett bekant tema. FLIP-BOK ANIMERAT MARKERINGSSYSTEM! Med utg\u00e5ngspunkt i v\u00e5ra tidigare Mechanic Decks, har vi bl\u00e4dderbok-animerat Roulette-hjulet. Detta l\u00e5ter dig inte bara l\u00e4gga till ber\u00e4ttelse och skapa n\u00e5gra helt fantastiska nya magiska trick med hj\u00e4lp av nedr\u00e4kningen \/ spell-to-principen, det fungerar ocks\u00e5 som ett l\u00e4ttanv\u00e4nt m\u00e4rkningssystem.\"><span class=\"Y2IQFc\" lang=\"sv\"><b>ROULETTE PLAYING CARDS NOW AVAILABLE IN RED!<\/b><\/p>\n<p>Introducing the 2nd color in the Roulette Playing Cards, just like the bet, which will you choose &#8211; Red or Black? Bringing all of the fun of the Casino into your hands, and then ultimately into your audience&#8217;s experience. Everyone knows and loves the game of Roulette, so it&#8217;s the perfect vehicle to connect with that uses a familiar theme.<\/p>\n<p><b>FLIP-BOOK ANIMATED MARKING SYSTEM!<\/b><\/p>\n<p>Building on our previous Mechanic Decks, we&#8217;ve flip-book-animated the Roulette wheel. This not only allows you to add narrative and create some truly amazing new magic tricks using the countdown \/ spell-to-principle, it also doubles up as an easy to use marking system.<\/p>\n<p><b>CUSTOM COURT CARDS<\/b><\/p>\n<p>The court cards have been customized with Roulette motifs such as the rake, the ball and of course the cash! Expertly illustrated to blend seamlessly with the classic artwork, these really finish the deck off.<\/p>\n<p><b>CROUPIER JOKERS<\/b><\/p>\n<p>We have two Croupier themed Jokers illustrated in an &#8216;Erdnase&#8217; style. One holding a ball and one in a &#8216;just thrown the ball&#8217; type of pose. This allows some cool color change animations and acts a nice intro into some of the more in-depth effects.<\/p>\n<p><b>BOX PREDICTION GAFF<\/b><\/p>\n<p>There&#8217;s also a box gaff prediction card and we&#8217;re going to teach you an amazing, yet easy to do effect called House Edge. There&#8217;s so much material that comes along with this deck of playing cards! All the tricks taught have a gambling style theme and you can combine all of the effects into the ultimate casino magic routine.<\/p>\n<p><b>BLACK\/RED BACKER INCLUDED<\/b><\/p>\n<p>We&#8217;ve even managed to include 1 red\/black double backer, so you can make use of that for color changing deck or Monte style routines. Combine it with the first Black Roulette Deck for maximum magical potential.<\/p>\n<p><b>GAMBLING FLAVOURED MAGIC TUTORIALS<\/b><\/p>\n<p>Free video instruction with over 10 new tricks and how to read the marking system included! All the tricks are taught in detail, with multiple skill level options, self working and medium-advanced handling. Learn the patter, the sleights, the timing, the off beats and more. A fully flavored gambling routine stacked all into one deck. <\/span><\/p>\n<\/div>\n<div id=\"tw-target-rmn-container\" class=\"tw-target-rmn tw-ta-container tw-nfl\" tabindex=\"0\" role=\"text\">\n<pre id=\"tw-target-rmn\" class=\"tw-data-placeholder tw-text-small tw-ta\" dir=\"ltr\" data-placeholder=\"\"><\/pre>\n<\/div>\n<p> [&#8230;]<\/p>\n<p><a class=\"btn btn-secondary understrap-read-more-link\" href=\"https:\/\/kortleksbolaget.se\/no\/produkt\/roulette-red-marked\/\">Les mer&#8230;<span class=\"screen-reader-text\"> from Roulette Red Marked<\/span><\/a><\/p>\n","protected":false},"featured_media":150442,"template":"","meta":{"_acf_changed":false},"product_brand":[],"product_cat":[223,232],"product_tag":[],"class_list":{"0":"post-150452","1":"product","2":"type-product","3":"status-publish","4":"has-post-thumbnail","6":"product_cat-cardistry-no","7":"product_cat-special-lyx-limited-no","9":"first","10":"instock","11":"taxable","12":"shipping-taxable","13":"purchasable","14":"product-type-simple"},"acf":[],"yoast_head":"<!-- This site is optimized with the Yoast SEO plugin v26.3 - https:\/\/yoast.com\/wordpress\/plugins\/seo\/ -->\n<title>Kortlek Roulette Red Marked | Kortleksbolaget<\/title>\n<meta name=\"description\" content=\"K\u00f6p Roulette Red Marked. Snabba leveranser &amp; bra priser. Sveriges st\u00f6rsta sortiment av kortlekar p\u00e5 Kortleksbolaget!\" \/>\n<meta name=\"robots\" content=\"index, follow, max-snippet:-1, max-image-preview:large, max-video-preview:-1\" \/>\n<link rel=\"canonical\" href=\"https:\/\/kortleksbolaget.se\/no\/produkt\/roulette-red-marked\/\" \/>\n<meta property=\"og:locale\" content=\"nb_NO\" \/>\n<meta property=\"og:type\" content=\"article\" \/>\n<meta property=\"og:title\" content=\"Kortlek Roulette Red Marked | Kortleksbolaget\" \/>\n<meta property=\"og:description\" content=\"K\u00f6p Roulette Red Marked. Snabba leveranser &amp; bra priser. Sveriges st\u00f6rsta sortiment av kortlekar p\u00e5 Kortleksbolaget!\" \/>\n<meta property=\"og:url\" content=\"https:\/\/kortleksbolaget.se\/no\/produkt\/roulette-red-marked\/\" \/>\n<meta property=\"og:site_name\" content=\"Kortleksbolaget\" \/>\n<meta property=\"og:image\" content=\"https:\/\/kortleksbolaget.se\/wp-content\/uploads\/roulette-red-kortlek.jpg\" \/>\n\t<meta property=\"og:image:width\" content=\"468\" \/>\n\t<meta property=\"og:image:height\" content=\"702\" \/>\n\t<meta property=\"og:image:type\" content=\"image\/jpeg\" \/>\n<meta name=\"twitter:card\" content=\"summary_large_image\" \/>\n<script type=\"application\/ld+json\" class=\"yoast-schema-graph\">{\"@context\":\"https:\/\/schema.org\",\"@graph\":[{\"@type\":\"WebPage\",\"@id\":\"https:\/\/kortleksbolaget.se\/no\/produkt\/roulette-red-marked\/\",\"url\":\"https:\/\/kortleksbolaget.se\/no\/produkt\/roulette-red-marked\/\",\"name\":\"Kortlek Roulette Red Marked | Kortleksbolaget\",\"isPartOf\":{\"@id\":\"https:\/\/kortleksbolaget.se\/no\/#website\"},\"primaryImageOfPage\":{\"@id\":\"https:\/\/kortleksbolaget.se\/no\/produkt\/roulette-red-marked\/#primaryimage\"},\"image\":{\"@id\":\"https:\/\/kortleksbolaget.se\/no\/produkt\/roulette-red-marked\/#primaryimage\"},\"thumbnailUrl\":\"https:\/\/kortleksbolaget.se\/wp-content\/uploads\/roulette-red-kortlek.jpg\",\"datePublished\":\"2025-03-07T06:27:38+00:00\",\"description\":\"K\u00f6p Roulette Red Marked. Snabba leveranser & bra priser. Sveriges st\u00f6rsta sortiment av kortlekar p\u00e5 Kortleksbolaget!\",\"breadcrumb\":{\"@id\":\"https:\/\/kortleksbolaget.se\/no\/produkt\/roulette-red-marked\/#breadcrumb\"},\"inLanguage\":\"nb-NO\",\"potentialAction\":[{\"@type\":\"ReadAction\",\"target\":[\"https:\/\/kortleksbolaget.se\/no\/produkt\/roulette-red-marked\/\"]}]},{\"@type\":\"ImageObject\",\"inLanguage\":\"nb-NO\",\"@id\":\"https:\/\/kortleksbolaget.se\/no\/produkt\/roulette-red-marked\/#primaryimage\",\"url\":\"https:\/\/kortleksbolaget.se\/wp-content\/uploads\/roulette-red-kortlek.jpg\",\"contentUrl\":\"https:\/\/kortleksbolaget.se\/wp-content\/uploads\/roulette-red-kortlek.jpg\",\"width\":468,\"height\":702},{\"@type\":\"BreadcrumbList\",\"@id\":\"https:\/\/kortleksbolaget.se\/no\/produkt\/roulette-red-marked\/#breadcrumb\",\"itemListElement\":[{\"@type\":\"ListItem\",\"position\":1,\"name\":\"Hem\",\"item\":\"https:\/\/kortleksbolaget.se\/no\/\"},{\"@type\":\"ListItem\",\"position\":2,\"name\":\"Alle Kortstokker\",\"item\":\"https:\/\/kortleksbolaget.se\/no\/alla-produkter\/\"},{\"@type\":\"ListItem\",\"position\":3,\"name\":\"Roulette Red Marked\"}]},{\"@type\":\"WebSite\",\"@id\":\"https:\/\/kortleksbolaget.se\/no\/#website\",\"url\":\"https:\/\/kortleksbolaget.se\/no\/\",\"name\":\"Kortleksbolaget\",\"description\":\"Kortlekar p\u00e5 n\u00e4tet\",\"publisher\":{\"@id\":\"https:\/\/kortleksbolaget.se\/no\/#organization\"},\"potentialAction\":[{\"@type\":\"SearchAction\",\"target\":{\"@type\":\"EntryPoint\",\"urlTemplate\":\"https:\/\/kortleksbolaget.se\/no\/?s={search_term_string}\"},\"query-input\":{\"@type\":\"PropertyValueSpecification\",\"valueRequired\":true,\"valueName\":\"search_term_string\"}}],\"inLanguage\":\"nb-NO\"},{\"@type\":\"Organization\",\"@id\":\"https:\/\/kortleksbolaget.se\/no\/#organization\",\"name\":\"Kortleksbolaget\",\"url\":\"https:\/\/kortleksbolaget.se\/no\/\",\"logo\":{\"@type\":\"ImageObject\",\"inLanguage\":\"nb-NO\",\"@id\":\"https:\/\/kortleksbolaget.se\/no\/#\/schema\/logo\/image\/\",\"url\":\"https:\/\/kortleksbolaget.se\/wp-content\/uploads\/kortleksbolaget_logo-svart.png\",\"contentUrl\":\"https:\/\/kortleksbolaget.se\/wp-content\/uploads\/kortleksbolaget_logo-svart.png\",\"width\":1200,\"height\":296,\"caption\":\"Kortleksbolaget\"},\"image\":{\"@id\":\"https:\/\/kortleksbolaget.se\/no\/#\/schema\/logo\/image\/\"}}]}<\/script>\n<!-- \/ Yoast SEO plugin. -->","yoast_head_json":{"title":"Kortlek Roulette Red Marked | Kortleksbolaget","description":"K\u00f6p Roulette Red Marked. Snabba leveranser & bra priser. Sveriges st\u00f6rsta sortiment av kortlekar p\u00e5 Kortleksbolaget!","robots":{"index":"index","follow":"follow","max-snippet":"max-snippet:-1","max-image-preview":"max-image-preview:large","max-video-preview":"max-video-preview:-1"},"canonical":"https:\/\/kortleksbolaget.se\/no\/produkt\/roulette-red-marked\/","og_locale":"nb_NO","og_type":"article","og_title":"Kortlek Roulette Red Marked | Kortleksbolaget","og_description":"K\u00f6p Roulette Red Marked. Snabba leveranser & bra priser. Sveriges st\u00f6rsta sortiment av kortlekar p\u00e5 Kortleksbolaget!","og_url":"https:\/\/kortleksbolaget.se\/no\/produkt\/roulette-red-marked\/","og_site_name":"Kortleksbolaget","og_image":[{"width":468,"height":702,"url":"https:\/\/kortleksbolaget.se\/wp-content\/uploads\/roulette-red-kortlek.jpg","type":"image\/jpeg"}],"twitter_card":"summary_large_image","schema":{"@context":"https:\/\/schema.org","@graph":[{"@type":"WebPage","@id":"https:\/\/kortleksbolaget.se\/no\/produkt\/roulette-red-marked\/","url":"https:\/\/kortleksbolaget.se\/no\/produkt\/roulette-red-marked\/","name":"Kortlek Roulette Red Marked | Kortleksbolaget","isPartOf":{"@id":"https:\/\/kortleksbolaget.se\/no\/#website"},"primaryImageOfPage":{"@id":"https:\/\/kortleksbolaget.se\/no\/produkt\/roulette-red-marked\/#primaryimage"},"image":{"@id":"https:\/\/kortleksbolaget.se\/no\/produkt\/roulette-red-marked\/#primaryimage"},"thumbnailUrl":"https:\/\/kortleksbolaget.se\/wp-content\/uploads\/roulette-red-kortlek.jpg","datePublished":"2025-03-07T06:27:38+00:00","description":"K\u00f6p Roulette Red Marked. Snabba leveranser & bra priser. Sveriges st\u00f6rsta sortiment av kortlekar p\u00e5 Kortleksbolaget!","breadcrumb":{"@id":"https:\/\/kortleksbolaget.se\/no\/produkt\/roulette-red-marked\/#breadcrumb"},"inLanguage":"nb-NO","potentialAction":[{"@type":"ReadAction","target":["https:\/\/kortleksbolaget.se\/no\/produkt\/roulette-red-marked\/"]}]},{"@type":"ImageObject","inLanguage":"nb-NO","@id":"https:\/\/kortleksbolaget.se\/no\/produkt\/roulette-red-marked\/#primaryimage","url":"https:\/\/kortleksbolaget.se\/wp-content\/uploads\/roulette-red-kortlek.jpg","contentUrl":"https:\/\/kortleksbolaget.se\/wp-content\/uploads\/roulette-red-kortlek.jpg","width":468,"height":702},{"@type":"BreadcrumbList","@id":"https:\/\/kortleksbolaget.se\/no\/produkt\/roulette-red-marked\/#breadcrumb","itemListElement":[{"@type":"ListItem","position":1,"name":"Hem","item":"https:\/\/kortleksbolaget.se\/no\/"},{"@type":"ListItem","position":2,"name":"Alle Kortstokker","item":"https:\/\/kortleksbolaget.se\/no\/alla-produkter\/"},{"@type":"ListItem","position":3,"name":"Roulette Red Marked"}]},{"@type":"WebSite","@id":"https:\/\/kortleksbolaget.se\/no\/#website","url":"https:\/\/kortleksbolaget.se\/no\/","name":"Kortleksbolaget","description":"Kortlekar p\u00e5 n\u00e4tet","publisher":{"@id":"https:\/\/kortleksbolaget.se\/no\/#organization"},"potentialAction":[{"@type":"SearchAction","target":{"@type":"EntryPoint","urlTemplate":"https:\/\/kortleksbolaget.se\/no\/?s={search_term_string}"},"query-input":{"@type":"PropertyValueSpecification","valueRequired":true,"valueName":"search_term_string"}}],"inLanguage":"nb-NO"},{"@type":"Organization","@id":"https:\/\/kortleksbolaget.se\/no\/#organization","name":"Kortleksbolaget","url":"https:\/\/kortleksbolaget.se\/no\/","logo":{"@type":"ImageObject","inLanguage":"nb-NO","@id":"https:\/\/kortleksbolaget.se\/no\/#\/schema\/logo\/image\/","url":"https:\/\/kortleksbolaget.se\/wp-content\/uploads\/kortleksbolaget_logo-svart.png","contentUrl":"https:\/\/kortleksbolaget.se\/wp-content\/uploads\/kortleksbolaget_logo-svart.png","width":1200,"height":296,"caption":"Kortleksbolaget"},"image":{"@id":"https:\/\/kortleksbolaget.se\/no\/#\/schema\/logo\/image\/"}}]}},"_links":{"self":[{"href":"https:\/\/kortleksbolaget.se\/no\/wp-json\/wp\/v2\/product\/150452","targetHints":{"allow":["GET"]}}],"collection":[{"href":"https:\/\/kortleksbolaget.se\/no\/wp-json\/wp\/v2\/product"}],"about":[{"href":"https:\/\/kortleksbolaget.se\/no\/wp-json\/wp\/v2\/types\/product"}],"wp:featuredmedia":[{"embeddable":true,"href":"https:\/\/kortleksbolaget.se\/no\/wp-json\/wp\/v2\/media\/150442"}],"wp:attachment":[{"href":"https:\/\/kortleksbolaget.se\/no\/wp-json\/wp\/v2\/media?parent=150452"}],"wp:term":[{"taxonomy":"product_brand","embeddable":true,"href":"https:\/\/kortleksbolaget.se\/no\/wp-json\/wp\/v2\/product_brand?post=150452"},{"taxonomy":"product_cat","embeddable":true,"href":"https:\/\/kortleksbolaget.se\/no\/wp-json\/wp\/v2\/product_cat?post=150452"},{"taxonomy":"product_tag","embeddable":true,"href":"https:\/\/kortleksbolaget.se\/no\/wp-json\/wp\/v2\/product_tag?post=150452"}],"curies":[{"name":"wp","href":"https:\/\/api.w.org\/{rel}","templated":true}]}}