{"id":151286,"date":"2025-04-24T13:43:26","date_gmt":"2025-04-24T11:43:26","guid":{"rendered":"https:\/\/kortleksbolaget.se\/produkt\/card-holder-deluxe-12-pack\/"},"modified":"2025-04-24T13:43:26","modified_gmt":"2025-04-24T11:43:26","slug":"card-holder-deluxe-12-pack","status":"publish","type":"product","link":"https:\/\/kortleksbolaget.se\/no\/produkt\/card-holder-deluxe-12-pack\/","title":{"rendered":"Card Holder Deluxe 12-pack"},"content":{"rendered":"","protected":false},"excerpt":{"rendered":"<p class=\"tw-data-text tw-text-large tw-ta\" dir=\"ltr\" data-placeholder=\"\u00d6vers\u00e4ttning\" data-ved=\"2ahUKEwjPoMGvk-mMAxXbAxAIHTigPLQQ3ewLegQICBAU\" aria-label=\"\u00d6versatt text: Korth\u00e5llare Deluxe (2 transparenta fickor + 1 dold ficka) Denna eleganta h\u00e5llare kommer att vara din nya b\u00e4sta v\u00e4n under dina framtr\u00e4danden, s\u00e5 att du kan lagra speciella kort, jippon eller helt enkelt h\u00e5lla dina favoritpakettrick. Den h\u00e4r korth\u00e5llaren har ocks\u00e5 en hemlighet: ett dolt fack f\u00f6r att d\u00f6lja sedlar, mynt, pokermarker, spelkort eller n\u00e5got annat litet platt f\u00f6rem\u00e5l! M\u00e5tt 7,5 x 10,5 cm. F\u00f6rpackning om 12 st.\"><b>Card Holder Deluxe (2 Transparent Pockets + 1 Hidden Pocket) <\/b><\/p>\n<p>This elegant holder will be your new best friend during your performances, allowing you to store special cards, gimmicks or simply hold your favorite packet tricks.<\/p>\n<p>This card holder also has a secret: a hidden compartment to hide notes, coins, poker chips, playing cards or any other small flat object!<\/p>\n<ul>\n<li>Measures 7.5 x 10.5 cm.<\/li>\n<li>Pack of 12 pcs.<\/li>\n<\/ul>\n<p> [&#8230;]<\/p>\n<p><a class=\"btn btn-secondary understrap-read-more-link\" href=\"https:\/\/kortleksbolaget.se\/no\/produkt\/card-holder-deluxe-12-pack\/\">Les mer&#8230;<span class=\"screen-reader-text\"> from Card Holder Deluxe 12-pack<\/span><\/a><\/p>\n","protected":false},"featured_media":151281,"template":"","meta":{"_acf_changed":false},"product_brand":[],"product_cat":[236,226],"product_tag":[],"class_list":{"0":"post-151286","1":"product","2":"type-product","3":"status-publish","4":"has-post-thumbnail","6":"product_cat-tilbehor-gavekort-no","7":"product_cat-magisk-no","9":"first","10":"instock","11":"taxable","12":"shipping-taxable","13":"purchasable","14":"product-type-simple"},"acf":[],"yoast_head":"<!-- This site is optimized with the Yoast SEO plugin v26.3 - https:\/\/yoast.com\/wordpress\/plugins\/seo\/ -->\n<title>Kortlek Card Holder Deluxe 12-pack | Kortleksbolaget<\/title>\n<meta name=\"description\" content=\"K\u00f6p Card Holder Deluxe 12-pack. Snabba leveranser &amp; bra priser. Sveriges st\u00f6rsta sortiment av kortlekar p\u00e5 Kortleksbolaget!\" \/>\n<meta name=\"robots\" content=\"index, follow, max-snippet:-1, max-image-preview:large, max-video-preview:-1\" \/>\n<link rel=\"canonical\" href=\"https:\/\/kortleksbolaget.se\/no\/produkt\/card-holder-deluxe-12-pack\/\" \/>\n<meta property=\"og:locale\" content=\"nb_NO\" \/>\n<meta property=\"og:type\" content=\"article\" \/>\n<meta property=\"og:title\" content=\"Kortlek Card Holder Deluxe 12-pack | Kortleksbolaget\" \/>\n<meta property=\"og:description\" content=\"K\u00f6p Card Holder Deluxe 12-pack. Snabba leveranser &amp; bra priser. Sveriges st\u00f6rsta sortiment av kortlekar p\u00e5 Kortleksbolaget!\" \/>\n<meta property=\"og:url\" content=\"https:\/\/kortleksbolaget.se\/no\/produkt\/card-holder-deluxe-12-pack\/\" \/>\n<meta property=\"og:site_name\" content=\"Kortleksbolaget\" \/>\n<meta property=\"og:image\" content=\"https:\/\/kortleksbolaget.se\/wp-content\/uploads\/card-holder.jpg\" \/>\n\t<meta property=\"og:image:width\" content=\"1000\" \/>\n\t<meta property=\"og:image:height\" content=\"1500\" \/>\n\t<meta property=\"og:image:type\" content=\"image\/jpeg\" \/>\n<meta name=\"twitter:card\" content=\"summary_large_image\" \/>\n<script type=\"application\/ld+json\" class=\"yoast-schema-graph\">{\"@context\":\"https:\/\/schema.org\",\"@graph\":[{\"@type\":\"WebPage\",\"@id\":\"https:\/\/kortleksbolaget.se\/no\/produkt\/card-holder-deluxe-12-pack\/\",\"url\":\"https:\/\/kortleksbolaget.se\/no\/produkt\/card-holder-deluxe-12-pack\/\",\"name\":\"Kortlek Card Holder Deluxe 12-pack | Kortleksbolaget\",\"isPartOf\":{\"@id\":\"https:\/\/kortleksbolaget.se\/no\/#website\"},\"primaryImageOfPage\":{\"@id\":\"https:\/\/kortleksbolaget.se\/no\/produkt\/card-holder-deluxe-12-pack\/#primaryimage\"},\"image\":{\"@id\":\"https:\/\/kortleksbolaget.se\/no\/produkt\/card-holder-deluxe-12-pack\/#primaryimage\"},\"thumbnailUrl\":\"https:\/\/kortleksbolaget.se\/wp-content\/uploads\/card-holder.jpg\",\"datePublished\":\"2025-04-24T11:43:26+00:00\",\"description\":\"K\u00f6p Card Holder Deluxe 12-pack. Snabba leveranser & bra priser. Sveriges st\u00f6rsta sortiment av kortlekar p\u00e5 Kortleksbolaget!\",\"breadcrumb\":{\"@id\":\"https:\/\/kortleksbolaget.se\/no\/produkt\/card-holder-deluxe-12-pack\/#breadcrumb\"},\"inLanguage\":\"nb-NO\",\"potentialAction\":[{\"@type\":\"ReadAction\",\"target\":[\"https:\/\/kortleksbolaget.se\/no\/produkt\/card-holder-deluxe-12-pack\/\"]}]},{\"@type\":\"ImageObject\",\"inLanguage\":\"nb-NO\",\"@id\":\"https:\/\/kortleksbolaget.se\/no\/produkt\/card-holder-deluxe-12-pack\/#primaryimage\",\"url\":\"https:\/\/kortleksbolaget.se\/wp-content\/uploads\/card-holder.jpg\",\"contentUrl\":\"https:\/\/kortleksbolaget.se\/wp-content\/uploads\/card-holder.jpg\",\"width\":1000,\"height\":1500},{\"@type\":\"BreadcrumbList\",\"@id\":\"https:\/\/kortleksbolaget.se\/no\/produkt\/card-holder-deluxe-12-pack\/#breadcrumb\",\"itemListElement\":[{\"@type\":\"ListItem\",\"position\":1,\"name\":\"Hem\",\"item\":\"https:\/\/kortleksbolaget.se\/no\/\"},{\"@type\":\"ListItem\",\"position\":2,\"name\":\"Alle Kortstokker\",\"item\":\"https:\/\/kortleksbolaget.se\/no\/alla-produkter\/\"},{\"@type\":\"ListItem\",\"position\":3,\"name\":\"Card Holder Deluxe 12-pack\"}]},{\"@type\":\"WebSite\",\"@id\":\"https:\/\/kortleksbolaget.se\/no\/#website\",\"url\":\"https:\/\/kortleksbolaget.se\/no\/\",\"name\":\"Kortleksbolaget\",\"description\":\"Kortlekar p\u00e5 n\u00e4tet\",\"publisher\":{\"@id\":\"https:\/\/kortleksbolaget.se\/no\/#organization\"},\"potentialAction\":[{\"@type\":\"SearchAction\",\"target\":{\"@type\":\"EntryPoint\",\"urlTemplate\":\"https:\/\/kortleksbolaget.se\/no\/?s={search_term_string}\"},\"query-input\":{\"@type\":\"PropertyValueSpecification\",\"valueRequired\":true,\"valueName\":\"search_term_string\"}}],\"inLanguage\":\"nb-NO\"},{\"@type\":\"Organization\",\"@id\":\"https:\/\/kortleksbolaget.se\/no\/#organization\",\"name\":\"Kortleksbolaget\",\"url\":\"https:\/\/kortleksbolaget.se\/no\/\",\"logo\":{\"@type\":\"ImageObject\",\"inLanguage\":\"nb-NO\",\"@id\":\"https:\/\/kortleksbolaget.se\/no\/#\/schema\/logo\/image\/\",\"url\":\"https:\/\/kortleksbolaget.se\/wp-content\/uploads\/kortleksbolaget_logo-svart.png\",\"contentUrl\":\"https:\/\/kortleksbolaget.se\/wp-content\/uploads\/kortleksbolaget_logo-svart.png\",\"width\":1200,\"height\":296,\"caption\":\"Kortleksbolaget\"},\"image\":{\"@id\":\"https:\/\/kortleksbolaget.se\/no\/#\/schema\/logo\/image\/\"}}]}<\/script>\n<!-- \/ Yoast SEO plugin. -->","yoast_head_json":{"title":"Kortlek Card Holder Deluxe 12-pack | Kortleksbolaget","description":"K\u00f6p Card Holder Deluxe 12-pack. Snabba leveranser & bra priser. Sveriges st\u00f6rsta sortiment av kortlekar p\u00e5 Kortleksbolaget!","robots":{"index":"index","follow":"follow","max-snippet":"max-snippet:-1","max-image-preview":"max-image-preview:large","max-video-preview":"max-video-preview:-1"},"canonical":"https:\/\/kortleksbolaget.se\/no\/produkt\/card-holder-deluxe-12-pack\/","og_locale":"nb_NO","og_type":"article","og_title":"Kortlek Card Holder Deluxe 12-pack | Kortleksbolaget","og_description":"K\u00f6p Card Holder Deluxe 12-pack. Snabba leveranser & bra priser. Sveriges st\u00f6rsta sortiment av kortlekar p\u00e5 Kortleksbolaget!","og_url":"https:\/\/kortleksbolaget.se\/no\/produkt\/card-holder-deluxe-12-pack\/","og_site_name":"Kortleksbolaget","og_image":[{"width":1000,"height":1500,"url":"https:\/\/kortleksbolaget.se\/wp-content\/uploads\/card-holder.jpg","type":"image\/jpeg"}],"twitter_card":"summary_large_image","schema":{"@context":"https:\/\/schema.org","@graph":[{"@type":"WebPage","@id":"https:\/\/kortleksbolaget.se\/no\/produkt\/card-holder-deluxe-12-pack\/","url":"https:\/\/kortleksbolaget.se\/no\/produkt\/card-holder-deluxe-12-pack\/","name":"Kortlek Card Holder Deluxe 12-pack | Kortleksbolaget","isPartOf":{"@id":"https:\/\/kortleksbolaget.se\/no\/#website"},"primaryImageOfPage":{"@id":"https:\/\/kortleksbolaget.se\/no\/produkt\/card-holder-deluxe-12-pack\/#primaryimage"},"image":{"@id":"https:\/\/kortleksbolaget.se\/no\/produkt\/card-holder-deluxe-12-pack\/#primaryimage"},"thumbnailUrl":"https:\/\/kortleksbolaget.se\/wp-content\/uploads\/card-holder.jpg","datePublished":"2025-04-24T11:43:26+00:00","description":"K\u00f6p Card Holder Deluxe 12-pack. Snabba leveranser & bra priser. Sveriges st\u00f6rsta sortiment av kortlekar p\u00e5 Kortleksbolaget!","breadcrumb":{"@id":"https:\/\/kortleksbolaget.se\/no\/produkt\/card-holder-deluxe-12-pack\/#breadcrumb"},"inLanguage":"nb-NO","potentialAction":[{"@type":"ReadAction","target":["https:\/\/kortleksbolaget.se\/no\/produkt\/card-holder-deluxe-12-pack\/"]}]},{"@type":"ImageObject","inLanguage":"nb-NO","@id":"https:\/\/kortleksbolaget.se\/no\/produkt\/card-holder-deluxe-12-pack\/#primaryimage","url":"https:\/\/kortleksbolaget.se\/wp-content\/uploads\/card-holder.jpg","contentUrl":"https:\/\/kortleksbolaget.se\/wp-content\/uploads\/card-holder.jpg","width":1000,"height":1500},{"@type":"BreadcrumbList","@id":"https:\/\/kortleksbolaget.se\/no\/produkt\/card-holder-deluxe-12-pack\/#breadcrumb","itemListElement":[{"@type":"ListItem","position":1,"name":"Hem","item":"https:\/\/kortleksbolaget.se\/no\/"},{"@type":"ListItem","position":2,"name":"Alle Kortstokker","item":"https:\/\/kortleksbolaget.se\/no\/alla-produkter\/"},{"@type":"ListItem","position":3,"name":"Card Holder Deluxe 12-pack"}]},{"@type":"WebSite","@id":"https:\/\/kortleksbolaget.se\/no\/#website","url":"https:\/\/kortleksbolaget.se\/no\/","name":"Kortleksbolaget","description":"Kortlekar p\u00e5 n\u00e4tet","publisher":{"@id":"https:\/\/kortleksbolaget.se\/no\/#organization"},"potentialAction":[{"@type":"SearchAction","target":{"@type":"EntryPoint","urlTemplate":"https:\/\/kortleksbolaget.se\/no\/?s={search_term_string}"},"query-input":{"@type":"PropertyValueSpecification","valueRequired":true,"valueName":"search_term_string"}}],"inLanguage":"nb-NO"},{"@type":"Organization","@id":"https:\/\/kortleksbolaget.se\/no\/#organization","name":"Kortleksbolaget","url":"https:\/\/kortleksbolaget.se\/no\/","logo":{"@type":"ImageObject","inLanguage":"nb-NO","@id":"https:\/\/kortleksbolaget.se\/no\/#\/schema\/logo\/image\/","url":"https:\/\/kortleksbolaget.se\/wp-content\/uploads\/kortleksbolaget_logo-svart.png","contentUrl":"https:\/\/kortleksbolaget.se\/wp-content\/uploads\/kortleksbolaget_logo-svart.png","width":1200,"height":296,"caption":"Kortleksbolaget"},"image":{"@id":"https:\/\/kortleksbolaget.se\/no\/#\/schema\/logo\/image\/"}}]}},"_links":{"self":[{"href":"https:\/\/kortleksbolaget.se\/no\/wp-json\/wp\/v2\/product\/151286","targetHints":{"allow":["GET"]}}],"collection":[{"href":"https:\/\/kortleksbolaget.se\/no\/wp-json\/wp\/v2\/product"}],"about":[{"href":"https:\/\/kortleksbolaget.se\/no\/wp-json\/wp\/v2\/types\/product"}],"wp:featuredmedia":[{"embeddable":true,"href":"https:\/\/kortleksbolaget.se\/no\/wp-json\/wp\/v2\/media\/151281"}],"wp:attachment":[{"href":"https:\/\/kortleksbolaget.se\/no\/wp-json\/wp\/v2\/media?parent=151286"}],"wp:term":[{"taxonomy":"product_brand","embeddable":true,"href":"https:\/\/kortleksbolaget.se\/no\/wp-json\/wp\/v2\/product_brand?post=151286"},{"taxonomy":"product_cat","embeddable":true,"href":"https:\/\/kortleksbolaget.se\/no\/wp-json\/wp\/v2\/product_cat?post=151286"},{"taxonomy":"product_tag","embeddable":true,"href":"https:\/\/kortleksbolaget.se\/no\/wp-json\/wp\/v2\/product_tag?post=151286"}],"curies":[{"name":"wp","href":"https:\/\/api.w.org\/{rel}","templated":true}]}}