{"id":151750,"date":"2025-05-14T16:51:18","date_gmt":"2025-05-14T14:51:18","guid":{"rendered":"https:\/\/kortleksbolaget.se\/produkt\/black-roses-casino-v4-limited-edition\/"},"modified":"2025-05-14T16:51:18","modified_gmt":"2025-05-14T14:51:18","slug":"black-roses-casino-v4-limited-edition","status":"publish","type":"product","link":"https:\/\/kortleksbolaget.se\/no\/produkt\/black-roses-casino-v4-limited-edition\/","title":{"rendered":"Black Roses Casino V4 Limited Edition"},"content":{"rendered":"","protected":false},"excerpt":{"rendered":"<p class=\"tw-data-text tw-text-large tw-ta\" dir=\"ltr\" data-placeholder=\"\u00d6vers\u00e4ttning\" data-ved=\"2ahUKEwjPoMGvk-mMAxXbAxAIHTigPLQQ3ewLegQICBAU\" aria-label=\"\u00d6versatt text: Uppm\u00e4rksamma magiker! Black Roses Casino V4-spelkorten, i sin sl\u00e5ende gr\u00f6na nyans, \u00e4r det ultimata till\u00e4gget till din magiska kortarsenal. Med dolda avsl\u00f6janden p\u00e5 domstolskorten och subtila men \u00e4nd\u00e5 geniala designdetaljer \u00e4r denna kortlek perfekt f\u00f6r improviserade illusioner. Tryckt p\u00e5 det finaste kasinopappret erbjuder den b\u00e5de \u00f6verl\u00e4gsen hantering och elegant estetik. Helt anpassad fram- och bakdesign Dolda avsl\u00f6jar f\u00f6r dina magiska rutiner Subtil enkelriktad markering p\u00e5 ansiktena Tomt ansikte gaffkort Traditionellt skuren f\u00f6r smidig faro-shuffle Begr\u00e4nsad upplaga - endast 1 000 d\u00e4ck med ett numrerat sigill\"><span class=\"Y2IQFc\" lang=\"sv\">Attention magicians! The <b>Black Roses Casino V4 Playing Cards<\/b>, in their striking green hue, are the ultimate addition to your card magic arsenal. With hidden reveals on the court cards and subtle yet ingenious design details, this deck is perfect for impromptu illusions.<\/p>\n<p>Printed on the finest casino paper, it offers both superior handling and elegant aesthetics.<\/span><\/p>\n<ul>\n<li>Fully custom front and back design<\/li>\n<li>Hidden reveals for your magic routines<\/li>\n<li>Subtle one-way marking on the faces<\/li>\n<li>Blank face gaff card<\/li>\n<li>Traditionally cut for smooth faro shuffles<\/li>\n<li>Limited edition &#8211; only 1,000 decks with a numbered seal<\/li>\n<\/ul>\n<p id=\"tw-target-text\" class=\"tw-data-text tw-text-large tw-ta\" dir=\"ltr\" data-placeholder=\"\u00d6vers\u00e4ttning\" data-ved=\"2ahUKEwjPoMGvk-mMAxXbAxAIHTigPLQQ3ewLegQICBAU\" aria-label=\"\u00d6versatt text: Uppm\u00e4rksamma magiker! Black Roses Casino V4-spelkorten, i sin sl\u00e5ende gr\u00f6na nyans, \u00e4r det ultimata till\u00e4gget till din magiska kortarsenal. Med dolda avsl\u00f6janden p\u00e5 domstolskorten och subtila men \u00e4nd\u00e5 geniala designdetaljer \u00e4r denna kortlek perfekt f\u00f6r improviserade illusioner. Tryckt p\u00e5 det finaste kasinopappret erbjuder den b\u00e5de \u00f6verl\u00e4gsen hantering och elegant estetik. Helt anpassad fram- och bakdesign Dolda avsl\u00f6jar f\u00f6r dina magiska rutiner Subtil enkelriktad markering p\u00e5 ansiktena Tomt ansikte gaffkort Traditionellt skuren f\u00f6r smidig faro-shuffle Begr\u00e4nsad upplaga - endast 1 000 d\u00e4ck med ett numrerat sigill\"><span class=\"Y2IQFc\" lang=\"sv\">\u00a0<\/span><\/p>\n<p> [&#8230;]<\/p>\n<p><a class=\"btn btn-secondary understrap-read-more-link\" href=\"https:\/\/kortleksbolaget.se\/no\/produkt\/black-roses-casino-v4-limited-edition\/\">Les mer&#8230;<span class=\"screen-reader-text\"> from Black Roses Casino V4 Limited Edition<\/span><\/a><\/p>\n","protected":false},"featured_media":151740,"template":"","meta":{"_acf_changed":false},"product_brand":[],"product_cat":[232],"product_tag":[],"class_list":{"0":"post-151750","1":"product","2":"type-product","3":"status-publish","4":"has-post-thumbnail","6":"product_cat-special-lyx-limited-no","8":"first","9":"instock","10":"taxable","11":"shipping-taxable","12":"purchasable","13":"product-type-simple"},"acf":[],"yoast_head":"<!-- This site is optimized with the Yoast SEO plugin v26.3 - https:\/\/yoast.com\/wordpress\/plugins\/seo\/ -->\n<title>Kortlek Black Roses Casino V4 Limited Edition | Kortleksbolaget<\/title>\n<meta name=\"description\" content=\"K\u00f6p Black Roses Casino V4 Limited Edition. Snabba leveranser &amp; bra priser. Sveriges st\u00f6rsta sortiment av kortlekar p\u00e5 Kortleksbolaget!\" \/>\n<meta name=\"robots\" content=\"index, follow, max-snippet:-1, max-image-preview:large, max-video-preview:-1\" \/>\n<link rel=\"canonical\" href=\"https:\/\/kortleksbolaget.se\/no\/produkt\/black-roses-casino-v4-limited-edition\/\" \/>\n<meta property=\"og:locale\" content=\"nb_NO\" \/>\n<meta property=\"og:type\" content=\"article\" \/>\n<meta property=\"og:title\" content=\"Kortlek Black Roses Casino V4 Limited Edition | Kortleksbolaget\" \/>\n<meta property=\"og:description\" content=\"K\u00f6p Black Roses Casino V4 Limited Edition. Snabba leveranser &amp; bra priser. Sveriges st\u00f6rsta sortiment av kortlekar p\u00e5 Kortleksbolaget!\" \/>\n<meta property=\"og:url\" content=\"https:\/\/kortleksbolaget.se\/no\/produkt\/black-roses-casino-v4-limited-edition\/\" \/>\n<meta property=\"og:site_name\" content=\"Kortleksbolaget\" \/>\n<meta property=\"og:image\" content=\"https:\/\/kortleksbolaget.se\/wp-content\/uploads\/black-roses-casino-v4.jpg\" \/>\n\t<meta property=\"og:image:width\" content=\"464\" \/>\n\t<meta property=\"og:image:height\" content=\"696\" \/>\n\t<meta property=\"og:image:type\" content=\"image\/jpeg\" \/>\n<meta name=\"twitter:card\" content=\"summary_large_image\" \/>\n<script type=\"application\/ld+json\" class=\"yoast-schema-graph\">{\"@context\":\"https:\/\/schema.org\",\"@graph\":[{\"@type\":\"WebPage\",\"@id\":\"https:\/\/kortleksbolaget.se\/no\/produkt\/black-roses-casino-v4-limited-edition\/\",\"url\":\"https:\/\/kortleksbolaget.se\/no\/produkt\/black-roses-casino-v4-limited-edition\/\",\"name\":\"Kortlek Black Roses Casino V4 Limited Edition | Kortleksbolaget\",\"isPartOf\":{\"@id\":\"https:\/\/kortleksbolaget.se\/no\/#website\"},\"primaryImageOfPage\":{\"@id\":\"https:\/\/kortleksbolaget.se\/no\/produkt\/black-roses-casino-v4-limited-edition\/#primaryimage\"},\"image\":{\"@id\":\"https:\/\/kortleksbolaget.se\/no\/produkt\/black-roses-casino-v4-limited-edition\/#primaryimage\"},\"thumbnailUrl\":\"https:\/\/kortleksbolaget.se\/wp-content\/uploads\/black-roses-casino-v4.jpg\",\"datePublished\":\"2025-05-14T14:51:18+00:00\",\"description\":\"K\u00f6p Black Roses Casino V4 Limited Edition. Snabba leveranser & bra priser. Sveriges st\u00f6rsta sortiment av kortlekar p\u00e5 Kortleksbolaget!\",\"breadcrumb\":{\"@id\":\"https:\/\/kortleksbolaget.se\/no\/produkt\/black-roses-casino-v4-limited-edition\/#breadcrumb\"},\"inLanguage\":\"nb-NO\",\"potentialAction\":[{\"@type\":\"ReadAction\",\"target\":[\"https:\/\/kortleksbolaget.se\/no\/produkt\/black-roses-casino-v4-limited-edition\/\"]}]},{\"@type\":\"ImageObject\",\"inLanguage\":\"nb-NO\",\"@id\":\"https:\/\/kortleksbolaget.se\/no\/produkt\/black-roses-casino-v4-limited-edition\/#primaryimage\",\"url\":\"https:\/\/kortleksbolaget.se\/wp-content\/uploads\/black-roses-casino-v4.jpg\",\"contentUrl\":\"https:\/\/kortleksbolaget.se\/wp-content\/uploads\/black-roses-casino-v4.jpg\",\"width\":464,\"height\":696},{\"@type\":\"BreadcrumbList\",\"@id\":\"https:\/\/kortleksbolaget.se\/no\/produkt\/black-roses-casino-v4-limited-edition\/#breadcrumb\",\"itemListElement\":[{\"@type\":\"ListItem\",\"position\":1,\"name\":\"Hem\",\"item\":\"https:\/\/kortleksbolaget.se\/no\/\"},{\"@type\":\"ListItem\",\"position\":2,\"name\":\"Alle Kortstokker\",\"item\":\"https:\/\/kortleksbolaget.se\/no\/alla-produkter\/\"},{\"@type\":\"ListItem\",\"position\":3,\"name\":\"Black Roses Casino V4 Limited Edition\"}]},{\"@type\":\"WebSite\",\"@id\":\"https:\/\/kortleksbolaget.se\/no\/#website\",\"url\":\"https:\/\/kortleksbolaget.se\/no\/\",\"name\":\"Kortleksbolaget\",\"description\":\"Kortlekar p\u00e5 n\u00e4tet\",\"publisher\":{\"@id\":\"https:\/\/kortleksbolaget.se\/no\/#organization\"},\"potentialAction\":[{\"@type\":\"SearchAction\",\"target\":{\"@type\":\"EntryPoint\",\"urlTemplate\":\"https:\/\/kortleksbolaget.se\/no\/?s={search_term_string}\"},\"query-input\":{\"@type\":\"PropertyValueSpecification\",\"valueRequired\":true,\"valueName\":\"search_term_string\"}}],\"inLanguage\":\"nb-NO\"},{\"@type\":\"Organization\",\"@id\":\"https:\/\/kortleksbolaget.se\/no\/#organization\",\"name\":\"Kortleksbolaget\",\"url\":\"https:\/\/kortleksbolaget.se\/no\/\",\"logo\":{\"@type\":\"ImageObject\",\"inLanguage\":\"nb-NO\",\"@id\":\"https:\/\/kortleksbolaget.se\/no\/#\/schema\/logo\/image\/\",\"url\":\"https:\/\/kortleksbolaget.se\/wp-content\/uploads\/kortleksbolaget_logo-svart.png\",\"contentUrl\":\"https:\/\/kortleksbolaget.se\/wp-content\/uploads\/kortleksbolaget_logo-svart.png\",\"width\":1200,\"height\":296,\"caption\":\"Kortleksbolaget\"},\"image\":{\"@id\":\"https:\/\/kortleksbolaget.se\/no\/#\/schema\/logo\/image\/\"}}]}<\/script>\n<!-- \/ Yoast SEO plugin. -->","yoast_head_json":{"title":"Kortlek Black Roses Casino V4 Limited Edition | Kortleksbolaget","description":"K\u00f6p Black Roses Casino V4 Limited Edition. Snabba leveranser & bra priser. Sveriges st\u00f6rsta sortiment av kortlekar p\u00e5 Kortleksbolaget!","robots":{"index":"index","follow":"follow","max-snippet":"max-snippet:-1","max-image-preview":"max-image-preview:large","max-video-preview":"max-video-preview:-1"},"canonical":"https:\/\/kortleksbolaget.se\/no\/produkt\/black-roses-casino-v4-limited-edition\/","og_locale":"nb_NO","og_type":"article","og_title":"Kortlek Black Roses Casino V4 Limited Edition | Kortleksbolaget","og_description":"K\u00f6p Black Roses Casino V4 Limited Edition. Snabba leveranser & bra priser. Sveriges st\u00f6rsta sortiment av kortlekar p\u00e5 Kortleksbolaget!","og_url":"https:\/\/kortleksbolaget.se\/no\/produkt\/black-roses-casino-v4-limited-edition\/","og_site_name":"Kortleksbolaget","og_image":[{"width":464,"height":696,"url":"https:\/\/kortleksbolaget.se\/wp-content\/uploads\/black-roses-casino-v4.jpg","type":"image\/jpeg"}],"twitter_card":"summary_large_image","schema":{"@context":"https:\/\/schema.org","@graph":[{"@type":"WebPage","@id":"https:\/\/kortleksbolaget.se\/no\/produkt\/black-roses-casino-v4-limited-edition\/","url":"https:\/\/kortleksbolaget.se\/no\/produkt\/black-roses-casino-v4-limited-edition\/","name":"Kortlek Black Roses Casino V4 Limited Edition | Kortleksbolaget","isPartOf":{"@id":"https:\/\/kortleksbolaget.se\/no\/#website"},"primaryImageOfPage":{"@id":"https:\/\/kortleksbolaget.se\/no\/produkt\/black-roses-casino-v4-limited-edition\/#primaryimage"},"image":{"@id":"https:\/\/kortleksbolaget.se\/no\/produkt\/black-roses-casino-v4-limited-edition\/#primaryimage"},"thumbnailUrl":"https:\/\/kortleksbolaget.se\/wp-content\/uploads\/black-roses-casino-v4.jpg","datePublished":"2025-05-14T14:51:18+00:00","description":"K\u00f6p Black Roses Casino V4 Limited Edition. Snabba leveranser & bra priser. Sveriges st\u00f6rsta sortiment av kortlekar p\u00e5 Kortleksbolaget!","breadcrumb":{"@id":"https:\/\/kortleksbolaget.se\/no\/produkt\/black-roses-casino-v4-limited-edition\/#breadcrumb"},"inLanguage":"nb-NO","potentialAction":[{"@type":"ReadAction","target":["https:\/\/kortleksbolaget.se\/no\/produkt\/black-roses-casino-v4-limited-edition\/"]}]},{"@type":"ImageObject","inLanguage":"nb-NO","@id":"https:\/\/kortleksbolaget.se\/no\/produkt\/black-roses-casino-v4-limited-edition\/#primaryimage","url":"https:\/\/kortleksbolaget.se\/wp-content\/uploads\/black-roses-casino-v4.jpg","contentUrl":"https:\/\/kortleksbolaget.se\/wp-content\/uploads\/black-roses-casino-v4.jpg","width":464,"height":696},{"@type":"BreadcrumbList","@id":"https:\/\/kortleksbolaget.se\/no\/produkt\/black-roses-casino-v4-limited-edition\/#breadcrumb","itemListElement":[{"@type":"ListItem","position":1,"name":"Hem","item":"https:\/\/kortleksbolaget.se\/no\/"},{"@type":"ListItem","position":2,"name":"Alle Kortstokker","item":"https:\/\/kortleksbolaget.se\/no\/alla-produkter\/"},{"@type":"ListItem","position":3,"name":"Black Roses Casino V4 Limited Edition"}]},{"@type":"WebSite","@id":"https:\/\/kortleksbolaget.se\/no\/#website","url":"https:\/\/kortleksbolaget.se\/no\/","name":"Kortleksbolaget","description":"Kortlekar p\u00e5 n\u00e4tet","publisher":{"@id":"https:\/\/kortleksbolaget.se\/no\/#organization"},"potentialAction":[{"@type":"SearchAction","target":{"@type":"EntryPoint","urlTemplate":"https:\/\/kortleksbolaget.se\/no\/?s={search_term_string}"},"query-input":{"@type":"PropertyValueSpecification","valueRequired":true,"valueName":"search_term_string"}}],"inLanguage":"nb-NO"},{"@type":"Organization","@id":"https:\/\/kortleksbolaget.se\/no\/#organization","name":"Kortleksbolaget","url":"https:\/\/kortleksbolaget.se\/no\/","logo":{"@type":"ImageObject","inLanguage":"nb-NO","@id":"https:\/\/kortleksbolaget.se\/no\/#\/schema\/logo\/image\/","url":"https:\/\/kortleksbolaget.se\/wp-content\/uploads\/kortleksbolaget_logo-svart.png","contentUrl":"https:\/\/kortleksbolaget.se\/wp-content\/uploads\/kortleksbolaget_logo-svart.png","width":1200,"height":296,"caption":"Kortleksbolaget"},"image":{"@id":"https:\/\/kortleksbolaget.se\/no\/#\/schema\/logo\/image\/"}}]}},"_links":{"self":[{"href":"https:\/\/kortleksbolaget.se\/no\/wp-json\/wp\/v2\/product\/151750","targetHints":{"allow":["GET"]}}],"collection":[{"href":"https:\/\/kortleksbolaget.se\/no\/wp-json\/wp\/v2\/product"}],"about":[{"href":"https:\/\/kortleksbolaget.se\/no\/wp-json\/wp\/v2\/types\/product"}],"wp:featuredmedia":[{"embeddable":true,"href":"https:\/\/kortleksbolaget.se\/no\/wp-json\/wp\/v2\/media\/151740"}],"wp:attachment":[{"href":"https:\/\/kortleksbolaget.se\/no\/wp-json\/wp\/v2\/media?parent=151750"}],"wp:term":[{"taxonomy":"product_brand","embeddable":true,"href":"https:\/\/kortleksbolaget.se\/no\/wp-json\/wp\/v2\/product_brand?post=151750"},{"taxonomy":"product_cat","embeddable":true,"href":"https:\/\/kortleksbolaget.se\/no\/wp-json\/wp\/v2\/product_cat?post=151750"},{"taxonomy":"product_tag","embeddable":true,"href":"https:\/\/kortleksbolaget.se\/no\/wp-json\/wp\/v2\/product_tag?post=151750"}],"curies":[{"name":"wp","href":"https:\/\/api.w.org\/{rel}","templated":true}]}}