{"id":152963,"date":"2025-07-04T14:00:28","date_gmt":"2025-07-04T12:00:28","guid":{"rendered":"https:\/\/kortleksbolaget.se\/produkt\/bicycle-laboratory-3000\/"},"modified":"2025-07-04T14:00:28","modified_gmt":"2025-07-04T12:00:28","slug":"bicycle-laboratory-3000","status":"publish","type":"product","link":"https:\/\/kortleksbolaget.se\/no\/produkt\/bicycle-laboratory-3000\/","title":{"rendered":"Bicycle Laboratory 3000"},"content":{"rendered":"","protected":false},"excerpt":{"rendered":"<div id=\"tw-target-text-container\" class=\"tw-ta-container tw-nfl\" tabindex=\"0\" role=\"text\">\n<p class=\"tw-data-text tw-text-large tw-ta\" dir=\"ltr\" data-placeholder=\"\u00d6vers\u00e4ttning\" data-ved=\"2ahUKEwi0s-jn5IKOAxW9LBAIHSkjHiUQ3ewLegQICRAV\" aria-label=\"\u00d6versatt text: Kliv in i Bicycle Laboratory 3000:s v\u00e4rld, en kortlek som verkar ha kommit direkt fr\u00e5n ett futuristiskt laboratorium. H\u00e4r har vetenskap och mystik sm\u00e4lt samman: symboler har muterat, och m\u00e4rkliga varelser fr\u00e5n det bortom verkar ha satt sina sp\u00e5r p\u00e5 varje kort. Men varifr\u00e5n kommer dessa varelser egentligen? Deras existens g\u00e5r tillbaka mycket l\u00e4ngre \u00e4n \u00e5r 3000... De s\u00e4gs vara resultatet av experiment som utf\u00f6rts i ett laboratorium som gl\u00f6mts bort i \u00e5rhundraden. Deras namn har g\u00e5tt f\u00f6rlorade, raderats fr\u00e5n register, som om de som skapade dem ville d\u00f6lja sin forskning. \u00c4nd\u00e5 finns det n\u00e5gra ledtr\u00e5dar kvar... Varje kort i denna kortlek inneh\u00e5ller rester av ett g\u00e5tfullt f\u00f6rflutet. Symboler, sp\u00e5r av experiment, avvikelser som bara de mest observanta kommer att m\u00e4rka. Vissa h\u00e4vdar till och med att denna kortlek aldrig var t\u00e4nkt att l\u00e4mna labbet... att den p\u00e5 n\u00e5got s\u00e4tt l\u00e4ckte fr\u00e5n en topphemlig forskningsanl\u00e4ggning. Bycycle Laboratory 3000 \u00e4r inte bara en kortlek. Det \u00e4r ett oavslutat experiment, ett fragment av ett st\u00f6rre mysterium... Kommer du att kunna avsl\u00f6ja dess hemligheter? Tryckt av USPCC Luftkuddefinish 2 identiska jokrar 1 tomt bildkort + 1 dubbel baksida\"><span class=\"Y2IQFc\" lang=\"sv\">Step into the world of <b>Bicycle Laboratory 3000, <\/b> a deck of cards that seems to have emerged straight from a futuristic laboratory. Here, science and mystery have merged: symbols have mutated, and strange creatures from beyond appear to have left their mark on every card.<\/p>\n<p>But where do these creatures really come from? Their existence dates back much further than the year 3000&#8230; They are said to be the result of <b>experiments conducted in a laboratory forgotten for centuries. <\/b> Their names have been lost to time, erased from records, as if those who created them wanted to conceal their research. Yet, some clues remain&#8230;<\/p>\n<p>Each card in this deck holds remnants of an enigmatic past. <b>Symbols, traces of experimentation, anomalies that only the most observant will notice. <\/b> Some even claim that this deck <b>was never meant to leave the lab&#8230; <\/b> that it somehow leaked from atop-secret research facility.<\/p>\n<p>The <b>Bicycle Laboratory 3000 <\/b> is not just a deck of cards. It is an <b>unfinished experiment, <\/b>a fragment of a greater mystery&#8230; <b>Will you be able to uncover its secrets? <\/b><\/span><\/p>\n<ul>\n<li>Printed by USPCC<\/li>\n<li>Air cushion finish<\/li>\n<li>2 identical Jokers<\/li>\n<li>1 blank face card + 1 double backer<\/li>\n<\/ul>\n<p id=\"tw-target-text\" class=\"tw-data-text tw-text-large tw-ta\" dir=\"ltr\" data-placeholder=\"\u00d6vers\u00e4ttning\" data-ved=\"2ahUKEwi0s-jn5IKOAxW9LBAIHSkjHiUQ3ewLegQICRAV\" aria-label=\"\u00d6versatt text: Kliv in i Bicycle Laboratory 3000:s v\u00e4rld, en kortlek som verkar ha kommit direkt fr\u00e5n ett futuristiskt laboratorium. H\u00e4r har vetenskap och mystik sm\u00e4lt samman: symboler har muterat, och m\u00e4rkliga varelser fr\u00e5n det bortom verkar ha satt sina sp\u00e5r p\u00e5 varje kort. Men varifr\u00e5n kommer dessa varelser egentligen? Deras existens g\u00e5r tillbaka mycket l\u00e4ngre \u00e4n \u00e5r 3000... De s\u00e4gs vara resultatet av experiment som utf\u00f6rts i ett laboratorium som gl\u00f6mts bort i \u00e5rhundraden. Deras namn har g\u00e5tt f\u00f6rlorade, raderats fr\u00e5n register, som om de som skapade dem ville d\u00f6lja sin forskning. \u00c4nd\u00e5 finns det n\u00e5gra ledtr\u00e5dar kvar... Varje kort i denna kortlek inneh\u00e5ller rester av ett g\u00e5tfullt f\u00f6rflutet. Symboler, sp\u00e5r av experiment, avvikelser som bara de mest observanta kommer att m\u00e4rka. Vissa h\u00e4vdar till och med att denna kortlek aldrig var t\u00e4nkt att l\u00e4mna labbet... att den p\u00e5 n\u00e5got s\u00e4tt l\u00e4ckte fr\u00e5n en topphemlig forskningsanl\u00e4ggning. Bycycle Laboratory 3000 \u00e4r inte bara en kortlek. Det \u00e4r ett oavslutat experiment, ett fragment av ett st\u00f6rre mysterium... Kommer du att kunna avsl\u00f6ja dess hemligheter? Tryckt av USPCC Luftkuddefinish 2 identiska jokrar 1 tomt bildkort + 1 dubbel baksida\"><span class=\"Y2IQFc\" lang=\"sv\">\u00a0<\/span><\/p>\n<\/div>\n<div id=\"tw-target-rmn-container\" class=\"tw-target-rmn tw-ta-container tw-nfl\" tabindex=\"0\" role=\"text\">\n<pre id=\"tw-target-rmn\" class=\"tw-data-placeholder tw-text-small tw-ta\" dir=\"ltr\" data-placeholder=\"\"><\/pre>\n<\/div>\n<p> [&#8230;]<\/p>\n<p><a class=\"btn btn-secondary understrap-read-more-link\" href=\"https:\/\/kortleksbolaget.se\/no\/produkt\/bicycle-laboratory-3000\/\">Les mer&#8230;<span class=\"screen-reader-text\"> from Bicycle Laboratory 3000<\/span><\/a><\/p>\n","protected":false},"featured_media":152953,"template":"","meta":{"_acf_changed":false},"product_brand":[],"product_cat":[232],"product_tag":[],"class_list":{"0":"post-152963","1":"product","2":"type-product","3":"status-publish","4":"has-post-thumbnail","6":"varumarke-bicycle-no","7":"varumarke-uspcc-no","8":"product_cat-special-lyx-limited-no","10":"first","11":"instock","12":"taxable","13":"shipping-taxable","14":"purchasable","15":"product-type-simple"},"acf":[],"yoast_head":"<!-- This site is optimized with the Yoast SEO plugin v26.3 - https:\/\/yoast.com\/wordpress\/plugins\/seo\/ -->\n<title>Kortlek Bicycle Laboratory 3000 | Kortleksbolaget<\/title>\n<meta name=\"description\" content=\"K\u00f6p Bicycle Laboratory 3000. Snabba leveranser &amp; bra priser. Sveriges st\u00f6rsta sortiment av kortlekar p\u00e5 Kortleksbolaget!\" \/>\n<meta name=\"robots\" content=\"index, follow, max-snippet:-1, max-image-preview:large, max-video-preview:-1\" \/>\n<link rel=\"canonical\" href=\"https:\/\/kortleksbolaget.se\/no\/produkt\/bicycle-laboratory-3000\/\" \/>\n<meta property=\"og:locale\" content=\"nb_NO\" \/>\n<meta property=\"og:type\" content=\"article\" \/>\n<meta property=\"og:title\" content=\"Kortlek Bicycle Laboratory 3000 | Kortleksbolaget\" \/>\n<meta property=\"og:description\" content=\"K\u00f6p Bicycle Laboratory 3000. Snabba leveranser &amp; bra priser. Sveriges st\u00f6rsta sortiment av kortlekar p\u00e5 Kortleksbolaget!\" \/>\n<meta property=\"og:url\" content=\"https:\/\/kortleksbolaget.se\/no\/produkt\/bicycle-laboratory-3000\/\" \/>\n<meta property=\"og:site_name\" content=\"Kortleksbolaget\" \/>\n<meta property=\"og:image\" content=\"https:\/\/kortleksbolaget.se\/wp-content\/uploads\/bicycle-laboratory-3000.jpg\" \/>\n\t<meta property=\"og:image:width\" content=\"448\" \/>\n\t<meta property=\"og:image:height\" content=\"673\" \/>\n\t<meta property=\"og:image:type\" content=\"image\/jpeg\" \/>\n<meta name=\"twitter:card\" content=\"summary_large_image\" \/>\n<script type=\"application\/ld+json\" class=\"yoast-schema-graph\">{\"@context\":\"https:\/\/schema.org\",\"@graph\":[{\"@type\":\"WebPage\",\"@id\":\"https:\/\/kortleksbolaget.se\/no\/produkt\/bicycle-laboratory-3000\/\",\"url\":\"https:\/\/kortleksbolaget.se\/no\/produkt\/bicycle-laboratory-3000\/\",\"name\":\"Kortlek Bicycle Laboratory 3000 | Kortleksbolaget\",\"isPartOf\":{\"@id\":\"https:\/\/kortleksbolaget.se\/no\/#website\"},\"primaryImageOfPage\":{\"@id\":\"https:\/\/kortleksbolaget.se\/no\/produkt\/bicycle-laboratory-3000\/#primaryimage\"},\"image\":{\"@id\":\"https:\/\/kortleksbolaget.se\/no\/produkt\/bicycle-laboratory-3000\/#primaryimage\"},\"thumbnailUrl\":\"https:\/\/kortleksbolaget.se\/wp-content\/uploads\/bicycle-laboratory-3000.jpg\",\"datePublished\":\"2025-07-04T12:00:28+00:00\",\"description\":\"K\u00f6p Bicycle Laboratory 3000. Snabba leveranser & bra priser. Sveriges st\u00f6rsta sortiment av kortlekar p\u00e5 Kortleksbolaget!\",\"breadcrumb\":{\"@id\":\"https:\/\/kortleksbolaget.se\/no\/produkt\/bicycle-laboratory-3000\/#breadcrumb\"},\"inLanguage\":\"nb-NO\",\"potentialAction\":[{\"@type\":\"ReadAction\",\"target\":[\"https:\/\/kortleksbolaget.se\/no\/produkt\/bicycle-laboratory-3000\/\"]}]},{\"@type\":\"ImageObject\",\"inLanguage\":\"nb-NO\",\"@id\":\"https:\/\/kortleksbolaget.se\/no\/produkt\/bicycle-laboratory-3000\/#primaryimage\",\"url\":\"https:\/\/kortleksbolaget.se\/wp-content\/uploads\/bicycle-laboratory-3000.jpg\",\"contentUrl\":\"https:\/\/kortleksbolaget.se\/wp-content\/uploads\/bicycle-laboratory-3000.jpg\",\"width\":448,\"height\":673},{\"@type\":\"BreadcrumbList\",\"@id\":\"https:\/\/kortleksbolaget.se\/no\/produkt\/bicycle-laboratory-3000\/#breadcrumb\",\"itemListElement\":[{\"@type\":\"ListItem\",\"position\":1,\"name\":\"Hem\",\"item\":\"https:\/\/kortleksbolaget.se\/no\/\"},{\"@type\":\"ListItem\",\"position\":2,\"name\":\"Alle Kortstokker\",\"item\":\"https:\/\/kortleksbolaget.se\/no\/alla-produkter\/\"},{\"@type\":\"ListItem\",\"position\":3,\"name\":\"Bicycle Laboratory 3000\"}]},{\"@type\":\"WebSite\",\"@id\":\"https:\/\/kortleksbolaget.se\/no\/#website\",\"url\":\"https:\/\/kortleksbolaget.se\/no\/\",\"name\":\"Kortleksbolaget\",\"description\":\"Kortlekar p\u00e5 n\u00e4tet\",\"publisher\":{\"@id\":\"https:\/\/kortleksbolaget.se\/no\/#organization\"},\"potentialAction\":[{\"@type\":\"SearchAction\",\"target\":{\"@type\":\"EntryPoint\",\"urlTemplate\":\"https:\/\/kortleksbolaget.se\/no\/?s={search_term_string}\"},\"query-input\":{\"@type\":\"PropertyValueSpecification\",\"valueRequired\":true,\"valueName\":\"search_term_string\"}}],\"inLanguage\":\"nb-NO\"},{\"@type\":\"Organization\",\"@id\":\"https:\/\/kortleksbolaget.se\/no\/#organization\",\"name\":\"Kortleksbolaget\",\"url\":\"https:\/\/kortleksbolaget.se\/no\/\",\"logo\":{\"@type\":\"ImageObject\",\"inLanguage\":\"nb-NO\",\"@id\":\"https:\/\/kortleksbolaget.se\/no\/#\/schema\/logo\/image\/\",\"url\":\"https:\/\/kortleksbolaget.se\/wp-content\/uploads\/kortleksbolaget_logo-svart.png\",\"contentUrl\":\"https:\/\/kortleksbolaget.se\/wp-content\/uploads\/kortleksbolaget_logo-svart.png\",\"width\":1200,\"height\":296,\"caption\":\"Kortleksbolaget\"},\"image\":{\"@id\":\"https:\/\/kortleksbolaget.se\/no\/#\/schema\/logo\/image\/\"}}]}<\/script>\n<!-- \/ Yoast SEO plugin. -->","yoast_head_json":{"title":"Kortlek Bicycle Laboratory 3000 | Kortleksbolaget","description":"K\u00f6p Bicycle Laboratory 3000. Snabba leveranser & bra priser. Sveriges st\u00f6rsta sortiment av kortlekar p\u00e5 Kortleksbolaget!","robots":{"index":"index","follow":"follow","max-snippet":"max-snippet:-1","max-image-preview":"max-image-preview:large","max-video-preview":"max-video-preview:-1"},"canonical":"https:\/\/kortleksbolaget.se\/no\/produkt\/bicycle-laboratory-3000\/","og_locale":"nb_NO","og_type":"article","og_title":"Kortlek Bicycle Laboratory 3000 | Kortleksbolaget","og_description":"K\u00f6p Bicycle Laboratory 3000. Snabba leveranser & bra priser. Sveriges st\u00f6rsta sortiment av kortlekar p\u00e5 Kortleksbolaget!","og_url":"https:\/\/kortleksbolaget.se\/no\/produkt\/bicycle-laboratory-3000\/","og_site_name":"Kortleksbolaget","og_image":[{"width":448,"height":673,"url":"https:\/\/kortleksbolaget.se\/wp-content\/uploads\/bicycle-laboratory-3000.jpg","type":"image\/jpeg"}],"twitter_card":"summary_large_image","schema":{"@context":"https:\/\/schema.org","@graph":[{"@type":"WebPage","@id":"https:\/\/kortleksbolaget.se\/no\/produkt\/bicycle-laboratory-3000\/","url":"https:\/\/kortleksbolaget.se\/no\/produkt\/bicycle-laboratory-3000\/","name":"Kortlek Bicycle Laboratory 3000 | Kortleksbolaget","isPartOf":{"@id":"https:\/\/kortleksbolaget.se\/no\/#website"},"primaryImageOfPage":{"@id":"https:\/\/kortleksbolaget.se\/no\/produkt\/bicycle-laboratory-3000\/#primaryimage"},"image":{"@id":"https:\/\/kortleksbolaget.se\/no\/produkt\/bicycle-laboratory-3000\/#primaryimage"},"thumbnailUrl":"https:\/\/kortleksbolaget.se\/wp-content\/uploads\/bicycle-laboratory-3000.jpg","datePublished":"2025-07-04T12:00:28+00:00","description":"K\u00f6p Bicycle Laboratory 3000. Snabba leveranser & bra priser. Sveriges st\u00f6rsta sortiment av kortlekar p\u00e5 Kortleksbolaget!","breadcrumb":{"@id":"https:\/\/kortleksbolaget.se\/no\/produkt\/bicycle-laboratory-3000\/#breadcrumb"},"inLanguage":"nb-NO","potentialAction":[{"@type":"ReadAction","target":["https:\/\/kortleksbolaget.se\/no\/produkt\/bicycle-laboratory-3000\/"]}]},{"@type":"ImageObject","inLanguage":"nb-NO","@id":"https:\/\/kortleksbolaget.se\/no\/produkt\/bicycle-laboratory-3000\/#primaryimage","url":"https:\/\/kortleksbolaget.se\/wp-content\/uploads\/bicycle-laboratory-3000.jpg","contentUrl":"https:\/\/kortleksbolaget.se\/wp-content\/uploads\/bicycle-laboratory-3000.jpg","width":448,"height":673},{"@type":"BreadcrumbList","@id":"https:\/\/kortleksbolaget.se\/no\/produkt\/bicycle-laboratory-3000\/#breadcrumb","itemListElement":[{"@type":"ListItem","position":1,"name":"Hem","item":"https:\/\/kortleksbolaget.se\/no\/"},{"@type":"ListItem","position":2,"name":"Alle Kortstokker","item":"https:\/\/kortleksbolaget.se\/no\/alla-produkter\/"},{"@type":"ListItem","position":3,"name":"Bicycle Laboratory 3000"}]},{"@type":"WebSite","@id":"https:\/\/kortleksbolaget.se\/no\/#website","url":"https:\/\/kortleksbolaget.se\/no\/","name":"Kortleksbolaget","description":"Kortlekar p\u00e5 n\u00e4tet","publisher":{"@id":"https:\/\/kortleksbolaget.se\/no\/#organization"},"potentialAction":[{"@type":"SearchAction","target":{"@type":"EntryPoint","urlTemplate":"https:\/\/kortleksbolaget.se\/no\/?s={search_term_string}"},"query-input":{"@type":"PropertyValueSpecification","valueRequired":true,"valueName":"search_term_string"}}],"inLanguage":"nb-NO"},{"@type":"Organization","@id":"https:\/\/kortleksbolaget.se\/no\/#organization","name":"Kortleksbolaget","url":"https:\/\/kortleksbolaget.se\/no\/","logo":{"@type":"ImageObject","inLanguage":"nb-NO","@id":"https:\/\/kortleksbolaget.se\/no\/#\/schema\/logo\/image\/","url":"https:\/\/kortleksbolaget.se\/wp-content\/uploads\/kortleksbolaget_logo-svart.png","contentUrl":"https:\/\/kortleksbolaget.se\/wp-content\/uploads\/kortleksbolaget_logo-svart.png","width":1200,"height":296,"caption":"Kortleksbolaget"},"image":{"@id":"https:\/\/kortleksbolaget.se\/no\/#\/schema\/logo\/image\/"}}]}},"_links":{"self":[{"href":"https:\/\/kortleksbolaget.se\/no\/wp-json\/wp\/v2\/product\/152963","targetHints":{"allow":["GET"]}}],"collection":[{"href":"https:\/\/kortleksbolaget.se\/no\/wp-json\/wp\/v2\/product"}],"about":[{"href":"https:\/\/kortleksbolaget.se\/no\/wp-json\/wp\/v2\/types\/product"}],"wp:featuredmedia":[{"embeddable":true,"href":"https:\/\/kortleksbolaget.se\/no\/wp-json\/wp\/v2\/media\/152953"}],"wp:attachment":[{"href":"https:\/\/kortleksbolaget.se\/no\/wp-json\/wp\/v2\/media?parent=152963"}],"wp:term":[{"taxonomy":"product_brand","embeddable":true,"href":"https:\/\/kortleksbolaget.se\/no\/wp-json\/wp\/v2\/product_brand?post=152963"},{"taxonomy":"product_cat","embeddable":true,"href":"https:\/\/kortleksbolaget.se\/no\/wp-json\/wp\/v2\/product_cat?post=152963"},{"taxonomy":"product_tag","embeddable":true,"href":"https:\/\/kortleksbolaget.se\/no\/wp-json\/wp\/v2\/product_tag?post=152963"}],"curies":[{"name":"wp","href":"https:\/\/api.w.org\/{rel}","templated":true}]}}