{"id":154024,"date":"2025-08-19T14:10:27","date_gmt":"2025-08-19T12:10:27","guid":{"rendered":"https:\/\/kortleksbolaget.se\/produkt\/egypt-mythology-premium-edition-ruby\/"},"modified":"2025-08-19T14:10:27","modified_gmt":"2025-08-19T12:10:27","slug":"egypt-mythology-premium-edition-ruby","status":"publish","type":"product","link":"https:\/\/kortleksbolaget.se\/no\/produkt\/egypt-mythology-premium-edition-ruby\/","title":{"rendered":"Egypt Mythology Premium Edition Ruby"},"content":{"rendered":"","protected":false},"excerpt":{"rendered":"<div id=\"tw-target-text-container\" class=\"tw-ta-container tw-nfl\" tabindex=\"0\" role=\"text\">\n<p>Discover the magic of ancient Egypt with this extraordinary deck designed by F.C. Designs and printed by King star.<\/p>\n<p>Fascinate yourself with its stunning illustrations of the most important Egyptian Gods, with and stunning embossing on the tucks and luxury golf foil finished.<\/p>\n<p>R\u00e1, Horus, Seth, Isis, Osiris, Bastet, Sekhmet, Toth and many other Egyptian Gods are depicted in the traditional way, as imagined by the ancient Egyptians. This deck shows a total fidelity and respect to the gods and traditions of ancient Egypt as no other deck of this theme has ever shown.<\/p>\n<p>All the cards of the premium deck will have a beautiful gold foil frame that will give them a touch of distinction that few decks currently offer in the market. This frame will be on all the cards of the deck, not only on the court cards, but also on the number cards, aces and jokers.<\/p>\n<p>Manufactured by King Star. Their extremely high-quality materials and solid finishes are well known by the great experts in luxury and fantasy playing cards.<\/p>\n<p id=\"tw-target-text\" class=\"tw-data-text tw-text-large tw-ta\" dir=\"ltr\" data-placeholder=\"\u00d6vers\u00e4ttning\" data-ved=\"2ahUKEwjRjuvPyfOOAxUDUlUIHcGwMAwQ3ewLegQIAhAU\" aria-label=\"\u00d6versatt text: Uppt\u00e4ck magin i det forntida Egypten med denna extraordin\u00e4ra kortlek designad av F.C. Designs och tryckt av King Star. Fascinera dig sj\u00e4lv med dess fantastiska illustrationer av de viktigaste egyptiska gudarna, med fantastisk pr\u00e4gling p\u00e5 vecken och lyxig golffoliefinish. R\u00e1, Horus, Seth, Isis, Osiris, Bastet, Sekhmet, Toth och m\u00e5nga andra egyptiska gudar avbildas p\u00e5 traditionellt s\u00e4tt, s\u00e5 som de forntida egyptierna f\u00f6rest\u00e4llde sig dem. Denna kortlek visar en total trohet och respekt f\u00f6r gudarna och traditionerna i det forntida Egypten som ingen annan kortlek med detta tema n\u00e5gonsin har visat. Alla kort i premiumleken kommer att ha en vacker guldfolieram som ger dem en touch av distinktitet som f\u00e5 kortlekar f\u00f6r n\u00e4rvarande erbjuder p\u00e5 marknaden. Denna ram kommer att finnas p\u00e5 alla kort i leken, inte bara p\u00e5 hovkorten, utan \u00e4ven p\u00e5 nummerkorten, ess och jokrar. Tillverkad av King Star. Deras extremt h\u00f6gkvalitativa material och solida finish \u00e4r v\u00e4lk\u00e4nda bland de stora experterna p\u00e5 lyx- och fantasykort.\"><span class=\"Y2IQFc\" lang=\"sv\">\u00a0<\/span><\/p>\n<\/div>\n<div id=\"tw-target-rmn-container\" class=\"tw-target-rmn tw-ta-container tw-nfl\" tabindex=\"0\" role=\"text\">\n<pre id=\"tw-target-rmn\" class=\"tw-data-placeholder tw-text-small tw-ta\" dir=\"ltr\" data-placeholder=\"\"><\/pre>\n<\/div>\n<p> [&#8230;]<\/p>\n<p><a class=\"btn btn-secondary understrap-read-more-link\" href=\"https:\/\/kortleksbolaget.se\/no\/produkt\/egypt-mythology-premium-edition-ruby\/\">Les mer&#8230;<span class=\"screen-reader-text\"> from Egypt Mythology Premium Edition Ruby<\/span><\/a><\/p>\n","protected":false},"featured_media":154015,"template":"","meta":{"_acf_changed":false},"product_brand":[],"product_cat":[232],"product_tag":[],"class_list":{"0":"post-154024","1":"product","2":"type-product","3":"status-publish","4":"has-post-thumbnail","6":"product_cat-special-lyx-limited-no","8":"first","9":"instock","10":"taxable","11":"shipping-taxable","12":"purchasable","13":"product-type-simple"},"acf":[],"yoast_head":"<!-- This site is optimized with the Yoast SEO plugin v26.3 - https:\/\/yoast.com\/wordpress\/plugins\/seo\/ -->\n<title>Kortlek Egypt Mythology Premium Edition Ruby | Kortleksbolaget<\/title>\n<meta name=\"description\" content=\"K\u00f6p Egypt Mythology Premium Edition Ruby. Snabba leveranser &amp; bra priser. Sveriges st\u00f6rsta sortiment av kortlekar p\u00e5 Kortleksbolaget!\" \/>\n<meta name=\"robots\" content=\"index, follow, max-snippet:-1, max-image-preview:large, max-video-preview:-1\" \/>\n<link rel=\"canonical\" href=\"https:\/\/kortleksbolaget.se\/no\/produkt\/egypt-mythology-premium-edition-ruby\/\" \/>\n<meta property=\"og:locale\" content=\"nb_NO\" \/>\n<meta property=\"og:type\" content=\"article\" \/>\n<meta property=\"og:title\" content=\"Kortlek Egypt Mythology Premium Edition Ruby | Kortleksbolaget\" \/>\n<meta property=\"og:description\" content=\"K\u00f6p Egypt Mythology Premium Edition Ruby. Snabba leveranser &amp; bra priser. Sveriges st\u00f6rsta sortiment av kortlekar p\u00e5 Kortleksbolaget!\" \/>\n<meta property=\"og:url\" content=\"https:\/\/kortleksbolaget.se\/no\/produkt\/egypt-mythology-premium-edition-ruby\/\" \/>\n<meta property=\"og:site_name\" content=\"Kortleksbolaget\" \/>\n<meta property=\"og:image\" content=\"https:\/\/kortleksbolaget.se\/wp-content\/uploads\/egypt-mythology-.jpg\" \/>\n\t<meta property=\"og:image:width\" content=\"442\" \/>\n\t<meta property=\"og:image:height\" content=\"664\" \/>\n\t<meta property=\"og:image:type\" content=\"image\/jpeg\" \/>\n<meta name=\"twitter:card\" content=\"summary_large_image\" \/>\n<script type=\"application\/ld+json\" class=\"yoast-schema-graph\">{\"@context\":\"https:\/\/schema.org\",\"@graph\":[{\"@type\":\"WebPage\",\"@id\":\"https:\/\/kortleksbolaget.se\/no\/produkt\/egypt-mythology-premium-edition-ruby\/\",\"url\":\"https:\/\/kortleksbolaget.se\/no\/produkt\/egypt-mythology-premium-edition-ruby\/\",\"name\":\"Kortlek Egypt Mythology Premium Edition Ruby | Kortleksbolaget\",\"isPartOf\":{\"@id\":\"https:\/\/kortleksbolaget.se\/no\/#website\"},\"primaryImageOfPage\":{\"@id\":\"https:\/\/kortleksbolaget.se\/no\/produkt\/egypt-mythology-premium-edition-ruby\/#primaryimage\"},\"image\":{\"@id\":\"https:\/\/kortleksbolaget.se\/no\/produkt\/egypt-mythology-premium-edition-ruby\/#primaryimage\"},\"thumbnailUrl\":\"https:\/\/kortleksbolaget.se\/wp-content\/uploads\/egypt-mythology-.jpg\",\"datePublished\":\"2025-08-19T12:10:27+00:00\",\"description\":\"K\u00f6p Egypt Mythology Premium Edition Ruby. Snabba leveranser & bra priser. Sveriges st\u00f6rsta sortiment av kortlekar p\u00e5 Kortleksbolaget!\",\"breadcrumb\":{\"@id\":\"https:\/\/kortleksbolaget.se\/no\/produkt\/egypt-mythology-premium-edition-ruby\/#breadcrumb\"},\"inLanguage\":\"nb-NO\",\"potentialAction\":[{\"@type\":\"ReadAction\",\"target\":[\"https:\/\/kortleksbolaget.se\/no\/produkt\/egypt-mythology-premium-edition-ruby\/\"]}]},{\"@type\":\"ImageObject\",\"inLanguage\":\"nb-NO\",\"@id\":\"https:\/\/kortleksbolaget.se\/no\/produkt\/egypt-mythology-premium-edition-ruby\/#primaryimage\",\"url\":\"https:\/\/kortleksbolaget.se\/wp-content\/uploads\/egypt-mythology-.jpg\",\"contentUrl\":\"https:\/\/kortleksbolaget.se\/wp-content\/uploads\/egypt-mythology-.jpg\",\"width\":442,\"height\":664},{\"@type\":\"BreadcrumbList\",\"@id\":\"https:\/\/kortleksbolaget.se\/no\/produkt\/egypt-mythology-premium-edition-ruby\/#breadcrumb\",\"itemListElement\":[{\"@type\":\"ListItem\",\"position\":1,\"name\":\"Hem\",\"item\":\"https:\/\/kortleksbolaget.se\/no\/\"},{\"@type\":\"ListItem\",\"position\":2,\"name\":\"Alle Kortstokker\",\"item\":\"https:\/\/kortleksbolaget.se\/no\/alla-produkter\/\"},{\"@type\":\"ListItem\",\"position\":3,\"name\":\"Egypt Mythology Premium Edition Ruby\"}]},{\"@type\":\"WebSite\",\"@id\":\"https:\/\/kortleksbolaget.se\/no\/#website\",\"url\":\"https:\/\/kortleksbolaget.se\/no\/\",\"name\":\"Kortleksbolaget\",\"description\":\"Kortlekar p\u00e5 n\u00e4tet\",\"publisher\":{\"@id\":\"https:\/\/kortleksbolaget.se\/no\/#organization\"},\"potentialAction\":[{\"@type\":\"SearchAction\",\"target\":{\"@type\":\"EntryPoint\",\"urlTemplate\":\"https:\/\/kortleksbolaget.se\/no\/?s={search_term_string}\"},\"query-input\":{\"@type\":\"PropertyValueSpecification\",\"valueRequired\":true,\"valueName\":\"search_term_string\"}}],\"inLanguage\":\"nb-NO\"},{\"@type\":\"Organization\",\"@id\":\"https:\/\/kortleksbolaget.se\/no\/#organization\",\"name\":\"Kortleksbolaget\",\"url\":\"https:\/\/kortleksbolaget.se\/no\/\",\"logo\":{\"@type\":\"ImageObject\",\"inLanguage\":\"nb-NO\",\"@id\":\"https:\/\/kortleksbolaget.se\/no\/#\/schema\/logo\/image\/\",\"url\":\"https:\/\/kortleksbolaget.se\/wp-content\/uploads\/kortleksbolaget_logo-svart.png\",\"contentUrl\":\"https:\/\/kortleksbolaget.se\/wp-content\/uploads\/kortleksbolaget_logo-svart.png\",\"width\":1200,\"height\":296,\"caption\":\"Kortleksbolaget\"},\"image\":{\"@id\":\"https:\/\/kortleksbolaget.se\/no\/#\/schema\/logo\/image\/\"}}]}<\/script>\n<!-- \/ Yoast SEO plugin. -->","yoast_head_json":{"title":"Kortlek Egypt Mythology Premium Edition Ruby | Kortleksbolaget","description":"K\u00f6p Egypt Mythology Premium Edition Ruby. Snabba leveranser & bra priser. Sveriges st\u00f6rsta sortiment av kortlekar p\u00e5 Kortleksbolaget!","robots":{"index":"index","follow":"follow","max-snippet":"max-snippet:-1","max-image-preview":"max-image-preview:large","max-video-preview":"max-video-preview:-1"},"canonical":"https:\/\/kortleksbolaget.se\/no\/produkt\/egypt-mythology-premium-edition-ruby\/","og_locale":"nb_NO","og_type":"article","og_title":"Kortlek Egypt Mythology Premium Edition Ruby | Kortleksbolaget","og_description":"K\u00f6p Egypt Mythology Premium Edition Ruby. Snabba leveranser & bra priser. Sveriges st\u00f6rsta sortiment av kortlekar p\u00e5 Kortleksbolaget!","og_url":"https:\/\/kortleksbolaget.se\/no\/produkt\/egypt-mythology-premium-edition-ruby\/","og_site_name":"Kortleksbolaget","og_image":[{"width":442,"height":664,"url":"https:\/\/kortleksbolaget.se\/wp-content\/uploads\/egypt-mythology-.jpg","type":"image\/jpeg"}],"twitter_card":"summary_large_image","schema":{"@context":"https:\/\/schema.org","@graph":[{"@type":"WebPage","@id":"https:\/\/kortleksbolaget.se\/no\/produkt\/egypt-mythology-premium-edition-ruby\/","url":"https:\/\/kortleksbolaget.se\/no\/produkt\/egypt-mythology-premium-edition-ruby\/","name":"Kortlek Egypt Mythology Premium Edition Ruby | Kortleksbolaget","isPartOf":{"@id":"https:\/\/kortleksbolaget.se\/no\/#website"},"primaryImageOfPage":{"@id":"https:\/\/kortleksbolaget.se\/no\/produkt\/egypt-mythology-premium-edition-ruby\/#primaryimage"},"image":{"@id":"https:\/\/kortleksbolaget.se\/no\/produkt\/egypt-mythology-premium-edition-ruby\/#primaryimage"},"thumbnailUrl":"https:\/\/kortleksbolaget.se\/wp-content\/uploads\/egypt-mythology-.jpg","datePublished":"2025-08-19T12:10:27+00:00","description":"K\u00f6p Egypt Mythology Premium Edition Ruby. Snabba leveranser & bra priser. Sveriges st\u00f6rsta sortiment av kortlekar p\u00e5 Kortleksbolaget!","breadcrumb":{"@id":"https:\/\/kortleksbolaget.se\/no\/produkt\/egypt-mythology-premium-edition-ruby\/#breadcrumb"},"inLanguage":"nb-NO","potentialAction":[{"@type":"ReadAction","target":["https:\/\/kortleksbolaget.se\/no\/produkt\/egypt-mythology-premium-edition-ruby\/"]}]},{"@type":"ImageObject","inLanguage":"nb-NO","@id":"https:\/\/kortleksbolaget.se\/no\/produkt\/egypt-mythology-premium-edition-ruby\/#primaryimage","url":"https:\/\/kortleksbolaget.se\/wp-content\/uploads\/egypt-mythology-.jpg","contentUrl":"https:\/\/kortleksbolaget.se\/wp-content\/uploads\/egypt-mythology-.jpg","width":442,"height":664},{"@type":"BreadcrumbList","@id":"https:\/\/kortleksbolaget.se\/no\/produkt\/egypt-mythology-premium-edition-ruby\/#breadcrumb","itemListElement":[{"@type":"ListItem","position":1,"name":"Hem","item":"https:\/\/kortleksbolaget.se\/no\/"},{"@type":"ListItem","position":2,"name":"Alle Kortstokker","item":"https:\/\/kortleksbolaget.se\/no\/alla-produkter\/"},{"@type":"ListItem","position":3,"name":"Egypt Mythology Premium Edition Ruby"}]},{"@type":"WebSite","@id":"https:\/\/kortleksbolaget.se\/no\/#website","url":"https:\/\/kortleksbolaget.se\/no\/","name":"Kortleksbolaget","description":"Kortlekar p\u00e5 n\u00e4tet","publisher":{"@id":"https:\/\/kortleksbolaget.se\/no\/#organization"},"potentialAction":[{"@type":"SearchAction","target":{"@type":"EntryPoint","urlTemplate":"https:\/\/kortleksbolaget.se\/no\/?s={search_term_string}"},"query-input":{"@type":"PropertyValueSpecification","valueRequired":true,"valueName":"search_term_string"}}],"inLanguage":"nb-NO"},{"@type":"Organization","@id":"https:\/\/kortleksbolaget.se\/no\/#organization","name":"Kortleksbolaget","url":"https:\/\/kortleksbolaget.se\/no\/","logo":{"@type":"ImageObject","inLanguage":"nb-NO","@id":"https:\/\/kortleksbolaget.se\/no\/#\/schema\/logo\/image\/","url":"https:\/\/kortleksbolaget.se\/wp-content\/uploads\/kortleksbolaget_logo-svart.png","contentUrl":"https:\/\/kortleksbolaget.se\/wp-content\/uploads\/kortleksbolaget_logo-svart.png","width":1200,"height":296,"caption":"Kortleksbolaget"},"image":{"@id":"https:\/\/kortleksbolaget.se\/no\/#\/schema\/logo\/image\/"}}]}},"_links":{"self":[{"href":"https:\/\/kortleksbolaget.se\/no\/wp-json\/wp\/v2\/product\/154024","targetHints":{"allow":["GET"]}}],"collection":[{"href":"https:\/\/kortleksbolaget.se\/no\/wp-json\/wp\/v2\/product"}],"about":[{"href":"https:\/\/kortleksbolaget.se\/no\/wp-json\/wp\/v2\/types\/product"}],"wp:featuredmedia":[{"embeddable":true,"href":"https:\/\/kortleksbolaget.se\/no\/wp-json\/wp\/v2\/media\/154015"}],"wp:attachment":[{"href":"https:\/\/kortleksbolaget.se\/no\/wp-json\/wp\/v2\/media?parent=154024"}],"wp:term":[{"taxonomy":"product_brand","embeddable":true,"href":"https:\/\/kortleksbolaget.se\/no\/wp-json\/wp\/v2\/product_brand?post=154024"},{"taxonomy":"product_cat","embeddable":true,"href":"https:\/\/kortleksbolaget.se\/no\/wp-json\/wp\/v2\/product_cat?post=154024"},{"taxonomy":"product_tag","embeddable":true,"href":"https:\/\/kortleksbolaget.se\/no\/wp-json\/wp\/v2\/product_tag?post=154024"}],"curies":[{"name":"wp","href":"https:\/\/api.w.org\/{rel}","templated":true}]}}