{"id":155207,"date":"2025-10-23T22:48:42","date_gmt":"2025-10-23T20:48:42","guid":{"rendered":"https:\/\/kortleksbolaget.se\/produkt\/good-pals-king-logo-limited-edition\/"},"modified":"2025-10-23T22:48:42","modified_gmt":"2025-10-23T20:48:42","slug":"good-pals-king-logo-limited-edition","status":"publish","type":"product","link":"https:\/\/kortleksbolaget.se\/no\/produkt\/good-pals-king-logo-limited-edition\/","title":{"rendered":"Good Pals King Logo Limited Edition"},"content":{"rendered":"","protected":false},"excerpt":{"rendered":"<div id=\"tw-target-text-container\" class=\"tw-ta-container tw-nfl\" tabindex=\"0\" role=\"text\">\n<p>Limited &amp; Numbered Edition of 375.<\/p>\n<p>Introducing the third unique release from Good Pals! Good Pals Logo Playing Cards follows on from our previous releases (Chancers &amp; Halloween Tales) with a classical approach to playing cards suitable for game play and magic whilst also keeping that Good Pals vibe throughout.<\/p>\n<p>The King Logo edition features the same playing cards on the faces as the Red Logo deck, however we decided to create a new tuck + back design. We don\u2019t often opt for black and white decks, but this design just feels clean!<\/p>\n<p>This deck offers a minimal aesthetic whilst keeping a rugged Good Pals feel. The court cards feature flesh-faced characters for the first time (as seen below). However, Good Pals is known for their skeletal characters, so the diamonds + spades feature skeletal variants of the hearts and clubs respectively.<\/p>\n<p>The number cards are classic in appearance but tweaked to feel more like a Good Pals design. All four aces in the deck are enlarged, however our ace of spades takes center stage.<\/p>\n<p>We believe these logo decks strike the perfect balance between Good Pals branding, traditional card design, practicality and collectibility.<\/p>\n<p>The logo decks are a staple within the Good Pals collection and are designed to be an every day carry or even a workers deck.<\/p>\n<p>Deck Specs:<\/p>\n<p>Printed by WJPC on cardistry stock &amp; butter finish.<br \/>\nMatte tuck box<br \/>\nLimited Edition print run of 375 with each deck featuring a unique numbered seal<\/p>\n<p id=\"tw-target-text\" class=\"tw-data-text tw-text-large tw-ta\" dir=\"ltr\" tabindex=\"-1\" role=\"text\" data-placeholder=\"\u00d6vers\u00e4ttning\" data-ved=\"2ahUKEwiFsIHBnoiQAxXqSPEDHfFPAFsQ3ewLegQIChAU\" aria-label=\"\u00d6versatt text: Begr\u00e4nsad och numrerad upplaga p\u00e5 375. Vi presenterar den tredje unika utg\u00e5van fr\u00e5n Good Pals! Good Pals Logo Playing Cards f\u00f6ljer p\u00e5 v\u00e5ra tidigare utg\u00e5vor (Chancers och Halloween Tales) med en klassisk syn p\u00e5 spelkort som \u00e4r l\u00e4mpliga f\u00f6r spel och magi, samtidigt som de beh\u00e5ller Good Pals-k\u00e4nslan rakt igenom. King Logo-utg\u00e5van har samma spelkort p\u00e5 framsidan som Red Logo-leken, men vi best\u00e4mde oss f\u00f6r att skapa en ny design med instoppning och baksida. Vi v\u00e4ljer inte ofta svartvita lekar, men den h\u00e4r designen k\u00e4nns helt enkelt ren! Denna lek erbjuder en minimalistisk estetik samtidigt som den beh\u00e5ller en robust Good Pals-k\u00e4nsla. Hovkorten har karakt\u00e4rer med k\u00f6ttansikten f\u00f6r f\u00f6rsta g\u00e5ngen (som ses nedan). Good Pals \u00e4r dock k\u00e4nt f\u00f6r sina skelettkarakt\u00e4rer, s\u00e5 ruter + spader har skelettvarianter av hj\u00e4rter respektive kl\u00f6ver. Siffrorna \u00e4r klassiska till utseendet men justerade f\u00f6r att k\u00e4nnas mer som en Good Pals-design. Alla fyra ess i leken \u00e4r f\u00f6rstorade, men v\u00e5rt spader ess st\u00e5r i centrum. Vi anser att dessa logotypkortlekar har den perfekta balansen mellan Good Pals varum\u00e4rke, traditionell kortdesign, praktisk anv\u00e4ndning och samlarv\u00e4nlighet. Logotypkortlekar \u00e4r en viktig del av Good Pals-kollektionen och \u00e4r utformade f\u00f6r att kunna b\u00e4ras med sig vardags eller till och med f\u00f6r arbetskortlekar.\"><span class=\"Y2IQFc\" lang=\"sv\">\u00a0<\/span><\/p>\n<\/div>\n<div id=\"tw-target-rmn-container\" class=\"tw-target-rmn tw-ta-container tw-nfl\" tabindex=\"-1\" role=\"text\">\n<pre id=\"tw-target-rmn\" class=\"tw-data-placeholder tw-text-small tw-ta\" dir=\"ltr\" tabindex=\"-1\" role=\"text\" data-placeholder=\"\"><\/pre>\n<\/div>\n<p> [&#8230;]<\/p>\n<p><a class=\"btn btn-secondary understrap-read-more-link\" href=\"https:\/\/kortleksbolaget.se\/no\/produkt\/good-pals-king-logo-limited-edition\/\">Les mer&#8230;<span class=\"screen-reader-text\"> from Good Pals King Logo Limited Edition<\/span><\/a><\/p>\n","protected":false},"featured_media":155198,"template":"","meta":{"_acf_changed":false},"product_brand":[],"product_cat":[232],"product_tag":[],"class_list":{"0":"post-155207","1":"product","2":"type-product","3":"status-publish","4":"has-post-thumbnail","6":"product_cat-special-lyx-limited-no","8":"first","9":"outofstock","10":"taxable","11":"shipping-taxable","12":"purchasable","13":"product-type-simple"},"acf":[],"yoast_head":"<!-- This site is optimized with the Yoast SEO plugin v26.3 - https:\/\/yoast.com\/wordpress\/plugins\/seo\/ -->\n<title>Kortlek Good Pals King Logo Limited Edition | Kortleksbolaget<\/title>\n<meta name=\"description\" content=\"K\u00f6p Good Pals King Logo Limited Edition. Snabba leveranser &amp; bra priser. Sveriges st\u00f6rsta sortiment av kortlekar p\u00e5 Kortleksbolaget!\" \/>\n<meta name=\"robots\" content=\"index, follow, max-snippet:-1, max-image-preview:large, max-video-preview:-1\" \/>\n<link rel=\"canonical\" href=\"https:\/\/kortleksbolaget.se\/no\/produkt\/good-pals-king-logo-limited-edition\/\" \/>\n<meta property=\"og:locale\" content=\"nb_NO\" \/>\n<meta property=\"og:type\" content=\"article\" \/>\n<meta property=\"og:title\" content=\"Kortlek Good Pals King Logo Limited Edition | Kortleksbolaget\" \/>\n<meta property=\"og:description\" content=\"K\u00f6p Good Pals King Logo Limited Edition. Snabba leveranser &amp; bra priser. Sveriges st\u00f6rsta sortiment av kortlekar p\u00e5 Kortleksbolaget!\" \/>\n<meta property=\"og:url\" content=\"https:\/\/kortleksbolaget.se\/no\/produkt\/good-pals-king-logo-limited-edition\/\" \/>\n<meta property=\"og:site_name\" content=\"Kortleksbolaget\" \/>\n<meta property=\"og:image\" content=\"https:\/\/kortleksbolaget.se\/wp-content\/uploads\/good-pals-playing-cards.jpg\" \/>\n\t<meta property=\"og:image:width\" content=\"467\" \/>\n\t<meta property=\"og:image:height\" content=\"701\" \/>\n\t<meta property=\"og:image:type\" content=\"image\/jpeg\" \/>\n<meta name=\"twitter:card\" content=\"summary_large_image\" \/>\n<script type=\"application\/ld+json\" class=\"yoast-schema-graph\">{\"@context\":\"https:\/\/schema.org\",\"@graph\":[{\"@type\":\"WebPage\",\"@id\":\"https:\/\/kortleksbolaget.se\/no\/produkt\/good-pals-king-logo-limited-edition\/\",\"url\":\"https:\/\/kortleksbolaget.se\/no\/produkt\/good-pals-king-logo-limited-edition\/\",\"name\":\"Kortlek Good Pals King Logo Limited Edition | Kortleksbolaget\",\"isPartOf\":{\"@id\":\"https:\/\/kortleksbolaget.se\/no\/#website\"},\"primaryImageOfPage\":{\"@id\":\"https:\/\/kortleksbolaget.se\/no\/produkt\/good-pals-king-logo-limited-edition\/#primaryimage\"},\"image\":{\"@id\":\"https:\/\/kortleksbolaget.se\/no\/produkt\/good-pals-king-logo-limited-edition\/#primaryimage\"},\"thumbnailUrl\":\"https:\/\/kortleksbolaget.se\/wp-content\/uploads\/good-pals-playing-cards.jpg\",\"datePublished\":\"2025-10-23T20:48:42+00:00\",\"description\":\"K\u00f6p Good Pals King Logo Limited Edition. Snabba leveranser & bra priser. Sveriges st\u00f6rsta sortiment av kortlekar p\u00e5 Kortleksbolaget!\",\"breadcrumb\":{\"@id\":\"https:\/\/kortleksbolaget.se\/no\/produkt\/good-pals-king-logo-limited-edition\/#breadcrumb\"},\"inLanguage\":\"nb-NO\",\"potentialAction\":[{\"@type\":\"ReadAction\",\"target\":[\"https:\/\/kortleksbolaget.se\/no\/produkt\/good-pals-king-logo-limited-edition\/\"]}]},{\"@type\":\"ImageObject\",\"inLanguage\":\"nb-NO\",\"@id\":\"https:\/\/kortleksbolaget.se\/no\/produkt\/good-pals-king-logo-limited-edition\/#primaryimage\",\"url\":\"https:\/\/kortleksbolaget.se\/wp-content\/uploads\/good-pals-playing-cards.jpg\",\"contentUrl\":\"https:\/\/kortleksbolaget.se\/wp-content\/uploads\/good-pals-playing-cards.jpg\",\"width\":467,\"height\":701},{\"@type\":\"BreadcrumbList\",\"@id\":\"https:\/\/kortleksbolaget.se\/no\/produkt\/good-pals-king-logo-limited-edition\/#breadcrumb\",\"itemListElement\":[{\"@type\":\"ListItem\",\"position\":1,\"name\":\"Hem\",\"item\":\"https:\/\/kortleksbolaget.se\/no\/\"},{\"@type\":\"ListItem\",\"position\":2,\"name\":\"Alle Kortstokker\",\"item\":\"https:\/\/kortleksbolaget.se\/no\/alla-produkter\/\"},{\"@type\":\"ListItem\",\"position\":3,\"name\":\"Good Pals King Logo Limited Edition\"}]},{\"@type\":\"WebSite\",\"@id\":\"https:\/\/kortleksbolaget.se\/no\/#website\",\"url\":\"https:\/\/kortleksbolaget.se\/no\/\",\"name\":\"Kortleksbolaget\",\"description\":\"Kortlekar p\u00e5 n\u00e4tet\",\"publisher\":{\"@id\":\"https:\/\/kortleksbolaget.se\/no\/#organization\"},\"potentialAction\":[{\"@type\":\"SearchAction\",\"target\":{\"@type\":\"EntryPoint\",\"urlTemplate\":\"https:\/\/kortleksbolaget.se\/no\/?s={search_term_string}\"},\"query-input\":{\"@type\":\"PropertyValueSpecification\",\"valueRequired\":true,\"valueName\":\"search_term_string\"}}],\"inLanguage\":\"nb-NO\"},{\"@type\":\"Organization\",\"@id\":\"https:\/\/kortleksbolaget.se\/no\/#organization\",\"name\":\"Kortleksbolaget\",\"url\":\"https:\/\/kortleksbolaget.se\/no\/\",\"logo\":{\"@type\":\"ImageObject\",\"inLanguage\":\"nb-NO\",\"@id\":\"https:\/\/kortleksbolaget.se\/no\/#\/schema\/logo\/image\/\",\"url\":\"https:\/\/kortleksbolaget.se\/wp-content\/uploads\/kortleksbolaget_logo-svart.png\",\"contentUrl\":\"https:\/\/kortleksbolaget.se\/wp-content\/uploads\/kortleksbolaget_logo-svart.png\",\"width\":1200,\"height\":296,\"caption\":\"Kortleksbolaget\"},\"image\":{\"@id\":\"https:\/\/kortleksbolaget.se\/no\/#\/schema\/logo\/image\/\"}}]}<\/script>\n<!-- \/ Yoast SEO plugin. -->","yoast_head_json":{"title":"Kortlek Good Pals King Logo Limited Edition | Kortleksbolaget","description":"K\u00f6p Good Pals King Logo Limited Edition. Snabba leveranser & bra priser. Sveriges st\u00f6rsta sortiment av kortlekar p\u00e5 Kortleksbolaget!","robots":{"index":"index","follow":"follow","max-snippet":"max-snippet:-1","max-image-preview":"max-image-preview:large","max-video-preview":"max-video-preview:-1"},"canonical":"https:\/\/kortleksbolaget.se\/no\/produkt\/good-pals-king-logo-limited-edition\/","og_locale":"nb_NO","og_type":"article","og_title":"Kortlek Good Pals King Logo Limited Edition | Kortleksbolaget","og_description":"K\u00f6p Good Pals King Logo Limited Edition. Snabba leveranser & bra priser. Sveriges st\u00f6rsta sortiment av kortlekar p\u00e5 Kortleksbolaget!","og_url":"https:\/\/kortleksbolaget.se\/no\/produkt\/good-pals-king-logo-limited-edition\/","og_site_name":"Kortleksbolaget","og_image":[{"width":467,"height":701,"url":"https:\/\/kortleksbolaget.se\/wp-content\/uploads\/good-pals-playing-cards.jpg","type":"image\/jpeg"}],"twitter_card":"summary_large_image","schema":{"@context":"https:\/\/schema.org","@graph":[{"@type":"WebPage","@id":"https:\/\/kortleksbolaget.se\/no\/produkt\/good-pals-king-logo-limited-edition\/","url":"https:\/\/kortleksbolaget.se\/no\/produkt\/good-pals-king-logo-limited-edition\/","name":"Kortlek Good Pals King Logo Limited Edition | Kortleksbolaget","isPartOf":{"@id":"https:\/\/kortleksbolaget.se\/no\/#website"},"primaryImageOfPage":{"@id":"https:\/\/kortleksbolaget.se\/no\/produkt\/good-pals-king-logo-limited-edition\/#primaryimage"},"image":{"@id":"https:\/\/kortleksbolaget.se\/no\/produkt\/good-pals-king-logo-limited-edition\/#primaryimage"},"thumbnailUrl":"https:\/\/kortleksbolaget.se\/wp-content\/uploads\/good-pals-playing-cards.jpg","datePublished":"2025-10-23T20:48:42+00:00","description":"K\u00f6p Good Pals King Logo Limited Edition. Snabba leveranser & bra priser. Sveriges st\u00f6rsta sortiment av kortlekar p\u00e5 Kortleksbolaget!","breadcrumb":{"@id":"https:\/\/kortleksbolaget.se\/no\/produkt\/good-pals-king-logo-limited-edition\/#breadcrumb"},"inLanguage":"nb-NO","potentialAction":[{"@type":"ReadAction","target":["https:\/\/kortleksbolaget.se\/no\/produkt\/good-pals-king-logo-limited-edition\/"]}]},{"@type":"ImageObject","inLanguage":"nb-NO","@id":"https:\/\/kortleksbolaget.se\/no\/produkt\/good-pals-king-logo-limited-edition\/#primaryimage","url":"https:\/\/kortleksbolaget.se\/wp-content\/uploads\/good-pals-playing-cards.jpg","contentUrl":"https:\/\/kortleksbolaget.se\/wp-content\/uploads\/good-pals-playing-cards.jpg","width":467,"height":701},{"@type":"BreadcrumbList","@id":"https:\/\/kortleksbolaget.se\/no\/produkt\/good-pals-king-logo-limited-edition\/#breadcrumb","itemListElement":[{"@type":"ListItem","position":1,"name":"Hem","item":"https:\/\/kortleksbolaget.se\/no\/"},{"@type":"ListItem","position":2,"name":"Alle Kortstokker","item":"https:\/\/kortleksbolaget.se\/no\/alla-produkter\/"},{"@type":"ListItem","position":3,"name":"Good Pals King Logo Limited Edition"}]},{"@type":"WebSite","@id":"https:\/\/kortleksbolaget.se\/no\/#website","url":"https:\/\/kortleksbolaget.se\/no\/","name":"Kortleksbolaget","description":"Kortlekar p\u00e5 n\u00e4tet","publisher":{"@id":"https:\/\/kortleksbolaget.se\/no\/#organization"},"potentialAction":[{"@type":"SearchAction","target":{"@type":"EntryPoint","urlTemplate":"https:\/\/kortleksbolaget.se\/no\/?s={search_term_string}"},"query-input":{"@type":"PropertyValueSpecification","valueRequired":true,"valueName":"search_term_string"}}],"inLanguage":"nb-NO"},{"@type":"Organization","@id":"https:\/\/kortleksbolaget.se\/no\/#organization","name":"Kortleksbolaget","url":"https:\/\/kortleksbolaget.se\/no\/","logo":{"@type":"ImageObject","inLanguage":"nb-NO","@id":"https:\/\/kortleksbolaget.se\/no\/#\/schema\/logo\/image\/","url":"https:\/\/kortleksbolaget.se\/wp-content\/uploads\/kortleksbolaget_logo-svart.png","contentUrl":"https:\/\/kortleksbolaget.se\/wp-content\/uploads\/kortleksbolaget_logo-svart.png","width":1200,"height":296,"caption":"Kortleksbolaget"},"image":{"@id":"https:\/\/kortleksbolaget.se\/no\/#\/schema\/logo\/image\/"}}]}},"_links":{"self":[{"href":"https:\/\/kortleksbolaget.se\/no\/wp-json\/wp\/v2\/product\/155207","targetHints":{"allow":["GET"]}}],"collection":[{"href":"https:\/\/kortleksbolaget.se\/no\/wp-json\/wp\/v2\/product"}],"about":[{"href":"https:\/\/kortleksbolaget.se\/no\/wp-json\/wp\/v2\/types\/product"}],"wp:featuredmedia":[{"embeddable":true,"href":"https:\/\/kortleksbolaget.se\/no\/wp-json\/wp\/v2\/media\/155198"}],"wp:attachment":[{"href":"https:\/\/kortleksbolaget.se\/no\/wp-json\/wp\/v2\/media?parent=155207"}],"wp:term":[{"taxonomy":"product_brand","embeddable":true,"href":"https:\/\/kortleksbolaget.se\/no\/wp-json\/wp\/v2\/product_brand?post=155207"},{"taxonomy":"product_cat","embeddable":true,"href":"https:\/\/kortleksbolaget.se\/no\/wp-json\/wp\/v2\/product_cat?post=155207"},{"taxonomy":"product_tag","embeddable":true,"href":"https:\/\/kortleksbolaget.se\/no\/wp-json\/wp\/v2\/product_tag?post=155207"}],"curies":[{"name":"wp","href":"https:\/\/api.w.org\/{rel}","templated":true}]}}