{"id":156963,"date":"2026-01-07T19:15:22","date_gmt":"2026-01-07T18:15:22","guid":{"rendered":"https:\/\/kortleksbolaget.se\/produkt\/tally-ho-140th-anniversary-metalluxe-limited-edition\/"},"modified":"2026-01-18T16:10:24","modified_gmt":"2026-01-18T15:10:24","slug":"tally-ho-140th-anniversary-metalluxe-limited-edition","status":"publish","type":"product","link":"https:\/\/kortleksbolaget.se\/no\/produkt\/tally-ho-140th-anniversary-metalluxe-limited-edition\/","title":{"rendered":"Tally Ho 140th Anniversary Metalluxe Limited Edition"},"content":{"rendered":"","protected":false},"excerpt":{"rendered":"<div id=\"tw-target-text-container\" class=\"tw-ta-container tw-nfl\" tabindex=\"0\" role=\"text\">\n<p id=\"tw-target-text\" class=\"tw-data-text tw-text-large tw-ta\" dir=\"ltr\" tabindex=\"-1\" role=\"text\" data-placeholder=\"\u00d6vers\u00e4ttning\" data-ved=\"2ahUKEwjy3_2R18eRAxV4OBAIHcQgLDIQ3ewLegQIDBAV\" aria-label=\"\u00d6versatt text: Fira \u00f6ver ett sekel av korttillverkning med Tally-Hos 140-\u00e5rsjubileumsspelkort, en fantastisk hyllning till ett av de mest ikoniska varum\u00e4rkena i spelkortshistorien. Sedan starten 1885 har Tally-Ho varit synonymt med premiumkvalitet, smidig hantering och tidl\u00f6s design, vilket g\u00f6r det till en favorit bland kortspelsentusiaster, magiker och samlare v\u00e4rlden \u00f6ver. Denna kortlek i begr\u00e4nsad upplaga har lyxiga Gold Metalluxe\u00ae-foliedetaljer p\u00e5 varje kort, vilket skapar en bl\u00e4ndande visuell upplevelse samtidigt som den bibeh\u00e5ller den \u00f6verl\u00e4gsna prestanda som Tally-Ho \u00e4r k\u00e4nt f\u00f6r. Den invecklade designen \u00e5terspeglar varum\u00e4rkets anrika arv och blandar klassisk elegans med modern innovation f\u00f6r en kortlek som \u00e4r lika funktionell som den \u00e4r samlarobjekt. Tryckta p\u00e5 premiumkartong med den signatur Linoid-finishen, ger dessa kort exceptionell h\u00e5llbarhet och enkel blandning \u2013 perfekt f\u00f6r pokerkv\u00e4llar, magiska trick och kortspelsframtr\u00e4danden. Oavsett om du ut\u00f6kar din spelkortsamling eller letar efter en unik present, \u00e4r denna jubileumsutg\u00e5va ett m\u00e5ste.\"><span class=\"Y2IQFc\" lang=\"sv\">Celebrate over a century of card-making excellence with the <b>Tally-Ho 140th Anniversary Playing Cards<\/b>, a stunning tribute to one of the most iconic brands in playing card history. Since its founding in 1885, Tally-Ho has been synonymous with premium quality, smooth handling, and timeless design, making it a favorite among card game enthusiasts, magicians, and collectors worldwide.<\/p>\n<p>This limited-edition deck features luxurious Gold Metalluxe\u00ae foil detailing on every card, creating a dazzling visual experience while maintaining the superior performance Tally-Ho is known for. The intricate design reflects the brand&#8217;s storied heritage, blending classic elegance with modern innovation for a deck that is as functional as it is collectible.<\/p>\n<p>Printed on premium card stock with the signature Linoid finish, these cards deliver exceptional durability and effortless shuffling-perfect for poker nights, sleight-of-hand magic tricks, and cardistry performances. Whether you&#8217;re expanding your playing card collection or searching for a unique gift, this anniversary edition is a must-have. <\/span><\/p>\n<\/div>\n<div id=\"tw-target-rmn-container\" class=\"tw-target-rmn tw-ta-container tw-nfl\" tabindex=\"-1\" role=\"text\">\n<p id=\"tw-target-rmn\" class=\"tw-data-placeholder tw-text-small tw-ta\" dir=\"ltr\" tabindex=\"-1\" role=\"text\">\n<\/div>\n<p> [&#8230;]<\/p>\n<p><a class=\"btn btn-secondary understrap-read-more-link\" href=\"https:\/\/kortleksbolaget.se\/no\/produkt\/tally-ho-140th-anniversary-metalluxe-limited-edition\/\">Les mer&#8230;<span class=\"screen-reader-text\"> from Tally Ho 140th Anniversary Metalluxe Limited Edition<\/span><\/a><\/p>\n","protected":false},"featured_media":156954,"template":"","meta":{"_acf_changed":false},"product_brand":[],"product_cat":[232],"product_tag":[],"class_list":{"0":"post-156963","1":"product","2":"type-product","3":"status-publish","4":"has-post-thumbnail","6":"varumarke-uspcc-no","7":"product_cat-special-lyx-limited-no","9":"first","10":"instock","11":"taxable","12":"shipping-taxable","13":"purchasable","14":"product-type-simple"},"acf":[],"yoast_head":"<!-- This site is optimized with the Yoast SEO plugin v26.3 - https:\/\/yoast.com\/wordpress\/plugins\/seo\/ -->\n<title>Kortlek Tally Ho 140th Anniversary Metalluxe Limited Edition | Kortleksbolaget<\/title>\n<meta name=\"description\" content=\"K\u00f6p Tally Ho 140th Anniversary Metalluxe Limited Edition. Snabba leveranser &amp; bra priser. Sveriges st\u00f6rsta sortiment av kortlekar p\u00e5 Kortleksbolaget!\" \/>\n<meta name=\"robots\" content=\"index, follow, max-snippet:-1, max-image-preview:large, max-video-preview:-1\" \/>\n<link rel=\"canonical\" href=\"https:\/\/kortleksbolaget.se\/no\/produkt\/tally-ho-140th-anniversary-metalluxe-limited-edition\/\" \/>\n<meta property=\"og:locale\" content=\"nb_NO\" \/>\n<meta property=\"og:type\" content=\"article\" \/>\n<meta property=\"og:title\" content=\"Kortlek Tally Ho 140th Anniversary Metalluxe Limited Edition | Kortleksbolaget\" \/>\n<meta property=\"og:description\" content=\"K\u00f6p Tally Ho 140th Anniversary Metalluxe Limited Edition. Snabba leveranser &amp; bra priser. Sveriges st\u00f6rsta sortiment av kortlekar p\u00e5 Kortleksbolaget!\" \/>\n<meta property=\"og:url\" content=\"https:\/\/kortleksbolaget.se\/no\/produkt\/tally-ho-140th-anniversary-metalluxe-limited-edition\/\" \/>\n<meta property=\"og:site_name\" content=\"Kortleksbolaget\" \/>\n<meta property=\"article:modified_time\" content=\"2026-01-18T15:10:24+00:00\" \/>\n<meta property=\"og:image\" content=\"https:\/\/kortleksbolaget.se\/wp-content\/uploads\/tally-ho-140-anniversary.jpg\" \/>\n\t<meta property=\"og:image:width\" content=\"443\" \/>\n\t<meta property=\"og:image:height\" content=\"665\" \/>\n\t<meta property=\"og:image:type\" content=\"image\/jpeg\" \/>\n<meta name=\"twitter:card\" content=\"summary_large_image\" \/>\n<script type=\"application\/ld+json\" class=\"yoast-schema-graph\">{\"@context\":\"https:\/\/schema.org\",\"@graph\":[{\"@type\":\"WebPage\",\"@id\":\"https:\/\/kortleksbolaget.se\/no\/produkt\/tally-ho-140th-anniversary-metalluxe-limited-edition\/\",\"url\":\"https:\/\/kortleksbolaget.se\/no\/produkt\/tally-ho-140th-anniversary-metalluxe-limited-edition\/\",\"name\":\"Kortlek Tally Ho 140th Anniversary Metalluxe Limited Edition | Kortleksbolaget\",\"isPartOf\":{\"@id\":\"https:\/\/kortleksbolaget.se\/no\/#website\"},\"primaryImageOfPage\":{\"@id\":\"https:\/\/kortleksbolaget.se\/no\/produkt\/tally-ho-140th-anniversary-metalluxe-limited-edition\/#primaryimage\"},\"image\":{\"@id\":\"https:\/\/kortleksbolaget.se\/no\/produkt\/tally-ho-140th-anniversary-metalluxe-limited-edition\/#primaryimage\"},\"thumbnailUrl\":\"https:\/\/kortleksbolaget.se\/wp-content\/uploads\/tally-ho-140-anniversary.jpg\",\"datePublished\":\"2026-01-07T18:15:22+00:00\",\"dateModified\":\"2026-01-18T15:10:24+00:00\",\"description\":\"K\u00f6p Tally Ho 140th Anniversary Metalluxe Limited Edition. Snabba leveranser & bra priser. Sveriges st\u00f6rsta sortiment av kortlekar p\u00e5 Kortleksbolaget!\",\"breadcrumb\":{\"@id\":\"https:\/\/kortleksbolaget.se\/no\/produkt\/tally-ho-140th-anniversary-metalluxe-limited-edition\/#breadcrumb\"},\"inLanguage\":\"nb-NO\",\"potentialAction\":[{\"@type\":\"ReadAction\",\"target\":[\"https:\/\/kortleksbolaget.se\/no\/produkt\/tally-ho-140th-anniversary-metalluxe-limited-edition\/\"]}]},{\"@type\":\"ImageObject\",\"inLanguage\":\"nb-NO\",\"@id\":\"https:\/\/kortleksbolaget.se\/no\/produkt\/tally-ho-140th-anniversary-metalluxe-limited-edition\/#primaryimage\",\"url\":\"https:\/\/kortleksbolaget.se\/wp-content\/uploads\/tally-ho-140-anniversary.jpg\",\"contentUrl\":\"https:\/\/kortleksbolaget.se\/wp-content\/uploads\/tally-ho-140-anniversary.jpg\",\"width\":443,\"height\":665},{\"@type\":\"BreadcrumbList\",\"@id\":\"https:\/\/kortleksbolaget.se\/no\/produkt\/tally-ho-140th-anniversary-metalluxe-limited-edition\/#breadcrumb\",\"itemListElement\":[{\"@type\":\"ListItem\",\"position\":1,\"name\":\"Hem\",\"item\":\"https:\/\/kortleksbolaget.se\/no\/\"},{\"@type\":\"ListItem\",\"position\":2,\"name\":\"Alle Kortstokker\",\"item\":\"https:\/\/kortleksbolaget.se\/no\/alla-produkter\/\"},{\"@type\":\"ListItem\",\"position\":3,\"name\":\"Tally Ho 140th Anniversary Metalluxe Limited Edition\"}]},{\"@type\":\"WebSite\",\"@id\":\"https:\/\/kortleksbolaget.se\/no\/#website\",\"url\":\"https:\/\/kortleksbolaget.se\/no\/\",\"name\":\"Kortleksbolaget\",\"description\":\"Kortlekar p\u00e5 n\u00e4tet\",\"publisher\":{\"@id\":\"https:\/\/kortleksbolaget.se\/no\/#organization\"},\"potentialAction\":[{\"@type\":\"SearchAction\",\"target\":{\"@type\":\"EntryPoint\",\"urlTemplate\":\"https:\/\/kortleksbolaget.se\/no\/?s={search_term_string}\"},\"query-input\":{\"@type\":\"PropertyValueSpecification\",\"valueRequired\":true,\"valueName\":\"search_term_string\"}}],\"inLanguage\":\"nb-NO\"},{\"@type\":\"Organization\",\"@id\":\"https:\/\/kortleksbolaget.se\/no\/#organization\",\"name\":\"Kortleksbolaget\",\"url\":\"https:\/\/kortleksbolaget.se\/no\/\",\"logo\":{\"@type\":\"ImageObject\",\"inLanguage\":\"nb-NO\",\"@id\":\"https:\/\/kortleksbolaget.se\/no\/#\/schema\/logo\/image\/\",\"url\":\"https:\/\/kortleksbolaget.se\/wp-content\/uploads\/kortleksbolaget_logo-svart.png\",\"contentUrl\":\"https:\/\/kortleksbolaget.se\/wp-content\/uploads\/kortleksbolaget_logo-svart.png\",\"width\":1200,\"height\":296,\"caption\":\"Kortleksbolaget\"},\"image\":{\"@id\":\"https:\/\/kortleksbolaget.se\/no\/#\/schema\/logo\/image\/\"}}]}<\/script>\n<!-- \/ Yoast SEO plugin. -->","yoast_head_json":{"title":"Kortlek Tally Ho 140th Anniversary Metalluxe Limited Edition | Kortleksbolaget","description":"K\u00f6p Tally Ho 140th Anniversary Metalluxe Limited Edition. Snabba leveranser & bra priser. Sveriges st\u00f6rsta sortiment av kortlekar p\u00e5 Kortleksbolaget!","robots":{"index":"index","follow":"follow","max-snippet":"max-snippet:-1","max-image-preview":"max-image-preview:large","max-video-preview":"max-video-preview:-1"},"canonical":"https:\/\/kortleksbolaget.se\/no\/produkt\/tally-ho-140th-anniversary-metalluxe-limited-edition\/","og_locale":"nb_NO","og_type":"article","og_title":"Kortlek Tally Ho 140th Anniversary Metalluxe Limited Edition | Kortleksbolaget","og_description":"K\u00f6p Tally Ho 140th Anniversary Metalluxe Limited Edition. Snabba leveranser & bra priser. Sveriges st\u00f6rsta sortiment av kortlekar p\u00e5 Kortleksbolaget!","og_url":"https:\/\/kortleksbolaget.se\/no\/produkt\/tally-ho-140th-anniversary-metalluxe-limited-edition\/","og_site_name":"Kortleksbolaget","article_modified_time":"2026-01-18T15:10:24+00:00","og_image":[{"width":443,"height":665,"url":"https:\/\/kortleksbolaget.se\/wp-content\/uploads\/tally-ho-140-anniversary.jpg","type":"image\/jpeg"}],"twitter_card":"summary_large_image","schema":{"@context":"https:\/\/schema.org","@graph":[{"@type":"WebPage","@id":"https:\/\/kortleksbolaget.se\/no\/produkt\/tally-ho-140th-anniversary-metalluxe-limited-edition\/","url":"https:\/\/kortleksbolaget.se\/no\/produkt\/tally-ho-140th-anniversary-metalluxe-limited-edition\/","name":"Kortlek Tally Ho 140th Anniversary Metalluxe Limited Edition | Kortleksbolaget","isPartOf":{"@id":"https:\/\/kortleksbolaget.se\/no\/#website"},"primaryImageOfPage":{"@id":"https:\/\/kortleksbolaget.se\/no\/produkt\/tally-ho-140th-anniversary-metalluxe-limited-edition\/#primaryimage"},"image":{"@id":"https:\/\/kortleksbolaget.se\/no\/produkt\/tally-ho-140th-anniversary-metalluxe-limited-edition\/#primaryimage"},"thumbnailUrl":"https:\/\/kortleksbolaget.se\/wp-content\/uploads\/tally-ho-140-anniversary.jpg","datePublished":"2026-01-07T18:15:22+00:00","dateModified":"2026-01-18T15:10:24+00:00","description":"K\u00f6p Tally Ho 140th Anniversary Metalluxe Limited Edition. Snabba leveranser & bra priser. Sveriges st\u00f6rsta sortiment av kortlekar p\u00e5 Kortleksbolaget!","breadcrumb":{"@id":"https:\/\/kortleksbolaget.se\/no\/produkt\/tally-ho-140th-anniversary-metalluxe-limited-edition\/#breadcrumb"},"inLanguage":"nb-NO","potentialAction":[{"@type":"ReadAction","target":["https:\/\/kortleksbolaget.se\/no\/produkt\/tally-ho-140th-anniversary-metalluxe-limited-edition\/"]}]},{"@type":"ImageObject","inLanguage":"nb-NO","@id":"https:\/\/kortleksbolaget.se\/no\/produkt\/tally-ho-140th-anniversary-metalluxe-limited-edition\/#primaryimage","url":"https:\/\/kortleksbolaget.se\/wp-content\/uploads\/tally-ho-140-anniversary.jpg","contentUrl":"https:\/\/kortleksbolaget.se\/wp-content\/uploads\/tally-ho-140-anniversary.jpg","width":443,"height":665},{"@type":"BreadcrumbList","@id":"https:\/\/kortleksbolaget.se\/no\/produkt\/tally-ho-140th-anniversary-metalluxe-limited-edition\/#breadcrumb","itemListElement":[{"@type":"ListItem","position":1,"name":"Hem","item":"https:\/\/kortleksbolaget.se\/no\/"},{"@type":"ListItem","position":2,"name":"Alle Kortstokker","item":"https:\/\/kortleksbolaget.se\/no\/alla-produkter\/"},{"@type":"ListItem","position":3,"name":"Tally Ho 140th Anniversary Metalluxe Limited Edition"}]},{"@type":"WebSite","@id":"https:\/\/kortleksbolaget.se\/no\/#website","url":"https:\/\/kortleksbolaget.se\/no\/","name":"Kortleksbolaget","description":"Kortlekar p\u00e5 n\u00e4tet","publisher":{"@id":"https:\/\/kortleksbolaget.se\/no\/#organization"},"potentialAction":[{"@type":"SearchAction","target":{"@type":"EntryPoint","urlTemplate":"https:\/\/kortleksbolaget.se\/no\/?s={search_term_string}"},"query-input":{"@type":"PropertyValueSpecification","valueRequired":true,"valueName":"search_term_string"}}],"inLanguage":"nb-NO"},{"@type":"Organization","@id":"https:\/\/kortleksbolaget.se\/no\/#organization","name":"Kortleksbolaget","url":"https:\/\/kortleksbolaget.se\/no\/","logo":{"@type":"ImageObject","inLanguage":"nb-NO","@id":"https:\/\/kortleksbolaget.se\/no\/#\/schema\/logo\/image\/","url":"https:\/\/kortleksbolaget.se\/wp-content\/uploads\/kortleksbolaget_logo-svart.png","contentUrl":"https:\/\/kortleksbolaget.se\/wp-content\/uploads\/kortleksbolaget_logo-svart.png","width":1200,"height":296,"caption":"Kortleksbolaget"},"image":{"@id":"https:\/\/kortleksbolaget.se\/no\/#\/schema\/logo\/image\/"}}]}},"_links":{"self":[{"href":"https:\/\/kortleksbolaget.se\/no\/wp-json\/wp\/v2\/product\/156963","targetHints":{"allow":["GET"]}}],"collection":[{"href":"https:\/\/kortleksbolaget.se\/no\/wp-json\/wp\/v2\/product"}],"about":[{"href":"https:\/\/kortleksbolaget.se\/no\/wp-json\/wp\/v2\/types\/product"}],"wp:featuredmedia":[{"embeddable":true,"href":"https:\/\/kortleksbolaget.se\/no\/wp-json\/wp\/v2\/media\/156954"}],"wp:attachment":[{"href":"https:\/\/kortleksbolaget.se\/no\/wp-json\/wp\/v2\/media?parent=156963"}],"wp:term":[{"taxonomy":"product_brand","embeddable":true,"href":"https:\/\/kortleksbolaget.se\/no\/wp-json\/wp\/v2\/product_brand?post=156963"},{"taxonomy":"product_cat","embeddable":true,"href":"https:\/\/kortleksbolaget.se\/no\/wp-json\/wp\/v2\/product_cat?post=156963"},{"taxonomy":"product_tag","embeddable":true,"href":"https:\/\/kortleksbolaget.se\/no\/wp-json\/wp\/v2\/product_tag?post=156963"}],"curies":[{"name":"wp","href":"https:\/\/api.w.org\/{rel}","templated":true}]}}